{"id":14517,"date":"2021-09-07T11:30:07","date_gmt":"2021-09-07T11:30:07","guid":{"rendered":"https:\/\/tu11.fi\/taekwondo\/?page_id=14517"},"modified":"2025-02-24T07:01:19","modified_gmt":"2025-02-24T07:01:19","slug":"schutzpakete","status":"publish","type":"page","link":"http:\/\/tu11.fi\/taekwondo\/de\/suojapaketit\/","title":{"rendered":"Schutzpakete"},"content":{"rendered":"<h3><span style=\"color: #000000;\"><a id=\"paketit\"><\/a>SCHUTZPAKETE<\/span><\/h3>\n<p>Taekwondourheljat und Pro Dobok Finland bieten Schutzpakete f\u00fcr Enthusiasten zu einem reduzierten Preis an. F\u00fcllen Sie dieses Formular aus und Sie erhalten Ihre Ausr\u00fcstung direkt von der Theke als fertiges Paket! Selbstverst\u00e4ndlich k\u00f6nnen Sie die Schutzvorrichtungen austauschen, wenn die Gr\u00f6\u00dfe nicht passt.<\/p>\n<h4>Basis-Bastlerschutzpaket \u2013 45 \u20ac<\/h4>\n<ul>\n<li>Geeignet f\u00fcr Enthusiasten, die Folgegruppen besuchen<\/li>\n<li>Paket beinhaltet <strong>Armsch\u00fctzer<\/strong> Und <strong>Schienbeinschoner<\/strong><\/li>\n<li>Durch die Bestellung eines Pakets <strong>Sie sparen 11 \u20ac!<\/strong><\/li>\n<\/ul>\n<h4>Schutzpaket f\u00fcr einen aktiven Enthusiasten \u2013 109 \u20ac<\/h4>\n<ul>\n<li>Geeignet f\u00fcr Amateure in fortgeschrittenen Gruppen, Amateurspiele und Hallenwettbewerbe<\/li>\n<li>Paket beinhaltet <strong>Armsch\u00fctzer, Schienbeinsch\u00fctzer, Zahnsch\u00fctzer, Untersch\u00fctzer<\/strong> Und<strong> passender Helm<\/strong><\/li>\n<li>Indem Sie jetzt ein Paket bestellen <strong>Sie sparen 26 \u20ac!<\/strong><\/li>\n<\/ul>\n<h4>Leistungssportler-Schutzpaket \u2013 180 \u20ac<\/h4>\n<ul>\n<li>Geeignet f\u00fcr diejenigen, die an Wettkampftrainings und Wettk\u00e4mpfen teilnehmen oder dies anstreben<\/li>\n<li>Paket beinhaltet <strong>Armsch\u00fctzer, Schienbeinsch\u00fctzer, Zahnsch\u00fctzer, Untersch\u00fctzer<\/strong>, <strong>Matchhelm, Matchhandschuhe <\/strong>Und <strong>R\u00fcstung<\/strong><\/li>\n<li>Indem Sie jetzt ein Paket bestellen <strong>Sie sparen 39 \u20ac!<\/strong><\/li>\n<\/ul>\n<h4>Ger\u00e4tegr\u00f6\u00dfe<\/h4>\n<p>Die Richtgr\u00f6\u00dfen der Schutzvorrichtungen finden Sie in der folgenden Tabelle. Bei falscher Gr\u00f6\u00dfe tauschen wir die Protektoren aus, sofern Sie keine Protektoren verwendet haben. Die Tabelle zeigt die Gr\u00f6\u00dfe der Protektoren XS-XL und die K\u00f6rpergr\u00f6\u00dfe des Enthusiasten. Runden Sie die L\u00e4nge auf.<\/p>\n<table class=\"aligncenter\" style=\"width: 100%; border-style: solid; border-color: #000000;\" border=\"3 px\" cellpadding=\"1 px\">\n<tbody>\n<tr>\n<td style=\"width: 20%;\"><strong>XS<\/strong><\/td>\n<td style=\"width: 20%;\"><strong>S<\/strong><\/td>\n<td style=\"width: 20%;\"><strong>M<\/strong><\/td>\n<td style=\"width: 20%;\"><strong>L<\/strong><\/td>\n<td style=\"width: 20%;\"><strong>XL<\/strong><\/td>\n<\/tr>\n<tr>\n<td style=\"width: 20%;\">Unter 140 cm<\/td>\n<td style=\"width: 20%;\">140-160cm<\/td>\n<td style=\"width: 20%;\">160-180cm<\/td>\n<td style=\"width: 20%;\">180-190cm<\/td>\n<td style=\"width: 20%;\">\u00dcber 190 cm<\/td>\n<\/tr>\n<\/tbody>\n<\/table>\n<h3><a id=\"tilaus\"><\/a>Tilaa Pro Dobokin sivuilta<\/h3>\n<p><a href=\"http:\/\/www.prodobok.fi\">www.prodobok.fi<\/a><\/p>\n<p>Kun saat suojapaketin noutop\u00f6yd\u00e4lt\u00e4, tarkista, ett\u00e4 suojat ovat sopivan kokoiset! Jos koko on v\u00e4\u00e4r\u00e4 vaihdamme suojat, mik\u00e4li et ole k\u00e4ytt\u00e4nyt suojia.<\/p>\n<p>Geben Sie die korrekte E-Mail-Adresse ein, da Sie die Rechnung an die von Ihnen eingegebene E-Mail-Adresse erhalten.<\/p>","protected":false},"excerpt":{"rendered":"<p>SCHUTZPAKETE Taekwondourheljat und Pro Dobok Finnland bieten Enthusiasten Schutzpakete zu einem reduzierten Preis an. F\u00fcllen Sie dieses Formular aus und Sie erhalten Ihre Ausr\u00fcstung direkt von der Theke als fertiges Paket! Selbstverst\u00e4ndlich k\u00f6nnen Sie die Schutzvorrichtungen austauschen, wenn die Gr\u00f6\u00dfe nicht passt. Basis-Schutzpaket f\u00fcr Enthusiasten \u2013 45 \u20ac. Geeignet f\u00fcr Enthusiasten, die fortgeschrittene Gruppen besuchen. Das Paket beinhaltet Arm- und Schienbeinsch\u00fctzer. Durch die Bestellung des Pakets sparen Sie 11 \u20ac! Schutzpaket f\u00fcr einen aktiven Enthusiasten \u2013 109 \u20ac Geeignet f\u00fcr fortgeschrittene Gruppen, Amateurspiele...<\/p>","protected":false},"author":2,"featured_media":13033,"parent":0,"menu_order":0,"comment_status":"closed","ping_status":"closed","template":"templates\/template-cover.php","meta":{"footnotes":""},"class_list":["post-14517","page","type-page","status-publish","has-post-thumbnail","hentry"],"yoast_head":"<!-- This site is optimized with the Yoast SEO plugin v27.2 - https:\/\/yoast.com\/product\/yoast-seo-wordpress\/ -->\n<title>Suojapaketit - Taekwondourheilijat 2011 | Taekwondoa parhaassa seurassa | Helsinki | Espoo | Vantaa<\/title>\n<meta name=\"description\" content=\"TU11 tarjoaa innostavan ymp\u00e4rist\u00f6n harjoitella taekwondoa kaikenik\u00e4isille ja -tasoisille, aloittelijoista huippu-urheilijoihin. Valmennus on systemaattista ja valmentajat maamme parhaimmistoa. Aloita taekwondo nyt!\" \/>\n<meta name=\"robots\" content=\"index, follow, max-snippet:-1, max-image-preview:large, max-video-preview:-1\" \/>\n<link rel=\"canonical\" href=\"https:\/\/tu11.fi\/taekwondo\/de\/schutzpakete\/\" \/>\n<script type=\"application\/ld+json\" class=\"yoast-schema-graph\">{\"@context\":\"https:\/\/schema.org\",\"@graph\":[]}<\/script>\n<!-- \/ Yoast SEO plugin. -->","yoast_head_json":{"title":"Suojapaketit - Taekwondourheilijat 2011 | Taekwondoa parhaassa seurassa | Helsinki | Espoo | Vantaa","description":"TU11 bietet eine inspirierende Umgebung zum \u00dcben von Taekwondo f\u00fcr alle Altersgruppen und Leistungsniveaus, vom Anf\u00e4nger bis zum Spitzensportler. Das Training ist systematisch und die Trainer sind die besten unseres Landes. Beginnen Sie jetzt mit Taekwondo!","robots":{"index":"index","follow":"follow","max-snippet":"max-snippet:-1","max-image-preview":"max-image-preview:large","max-video-preview":"max-video-preview:-1"},"canonical":"https:\/\/tu11.fi\/taekwondo\/de\/schutzpakete\/","schema":{"@context":"https:\/\/schema.org","@graph":[]}},"amp_enabled":true,"head":{"html":["<meta name=\"wpsso-begin\" content=\"wpsso structured data begin\"\/>\n","<!-- generator:1 --><meta name=\"generator\" content=\"WPSSO Core 21.12.0\/L*\"\/>\n","<!-- generator:2 --><meta name=\"generator\" content=\"WPSSO RAR 3.3.0\/S\"\/>\n","<!-- generator:3 --><meta name=\"generator\" content=\"WPSSO REST 3.3.0\/S\"\/>\n","<!-- generator:4 --><meta name=\"generator\" content=\"WPSSO BC 5.5.0\/S\"\/>\n","<!-- generator:5 --><meta name=\"generator\" content=\"WPSSO FAQ 7.1.0\/S\"\/>\n","<!-- generator:6 --><meta name=\"generator\" content=\"WPSSO OPM 5.1.0\/S\"\/>\n","<!-- generator:7 --><meta name=\"generator\" content=\"WPSSO SSM 3.4.0\/S\"\/>\n","<!-- generator:8 --><meta name=\"generator\" content=\"WPSSO TIE 4.1.0\/S\"\/>\n","<!-- generator:9 --><meta name=\"generator\" content=\"WPSSO UM 7.3.0\/S\"\/>\n","<!-- generator:10 --><meta name=\"generator\" content=\"WPSSO UL 4.3.0\/S\"\/>\n","<link rel=\"shortlink\" href=\"http:\/\/tu11.fi\/taekwondo\/de\/?p=14517\"\/>\n","<meta property=\"fb:app_id\" content=\"966242223397117\"\/>\n","<meta property=\"og:type\" content=\"website\"\/>\n","<meta property=\"og:url\" content=\"http:\/\/tu11.fi\/taekwondo\/de\/suojapaketit\/\"\/>\n","<meta property=\"og:locale\" content=\"de_DE\"\/>\n","<meta property=\"og:site_name\" content=\"Taekwondourheilijat 2011 | Taekwondoa parhaassa seurassa | Helsinki | Espoo | Vantaa\"\/>\n","<meta property=\"og:title\" content=\"Suojapaketit  &ndash; Taekwondourheilijat 2011 | Taekwondoa parhaassa...\"\/>\n","<meta property=\"og:description\" content=\"TU11 tarjoaa innostavan ymp&auml;rist&ouml;n harjoitella taekwondoa kaikenik&auml;isille ja -tasoisille, aloittelijoista huippu-urheilijoihin. Valmennus on systemaattista ja valmentajat maamme parhaimmistoa. Aloita taekwondo nyt!\"\/>\n","<meta property=\"og:updated_time\" content=\"2025-02-24T07:01:19+00:00\"\/>\n","<!-- og:image:1 --><meta property=\"og:image\" content=\"http:\/\/tu11.fi\/taekwondo\/wp-content\/uploads\/2020\/08\/Taekwondourheilijat_2011_001_TU11-scaled-1200x630-cropped.jpg\"\/>\n","<!-- og:image:1 --><meta property=\"og:image:width\" content=\"1200\"\/>\n","<!-- og:image:1 --><meta property=\"og:image:height\" content=\"630\"\/>\n","<meta name=\"twitter:domain\" content=\"tu11.fi\"\/>\n","<meta name=\"twitter:site\" content=\"@taekwondourh\"\/>\n","<meta name=\"twitter:title\" content=\"Suojapaketit  &ndash; Taekwondourheilijat 2011 | Taekwondoa parhaassa...\"\/>\n","<meta name=\"twitter:description\" content=\"TU11 tarjoaa innostavan ymp&auml;rist&ouml;n harjoitella taekwondoa kaikenik&auml;isille ja -tasoisille, aloittelijoista huippu-urheilijoihin. Valmennus on systemaattista ja valmentajat maamme parhaimmistoa...\"\/>\n","<meta name=\"twitter:card\" content=\"summary_large_image\"\/>\n","<meta name=\"twitter:image\" content=\"http:\/\/tu11.fi\/taekwondo\/wp-content\/uploads\/2020\/08\/Taekwondourheilijat_2011_001_TU11-scaled-1200x630-cropped.jpg?p=14517\"\/>\n","<meta name=\"thumbnail\" content=\"http:\/\/tu11.fi\/taekwondo\/wp-content\/uploads\/2020\/08\/Taekwondourheilijat_2011_001_TU11-scaled-1200x630-cropped.jpg\"\/>\n","<script type=\"application\/ld+json\" id=\"wpsso-schema-graph\">{\n    \"@context\": \"https:\/\/schema.org\",\n    \"@graph\": [\n        {\n            \"@id\": \"#sso\/knowledge-graph\/sports-team\/14517\",\n            \"@context\": \"https:\/\/schema.org\",\n            \"@type\": \"SportsTeam\",\n            \"mainEntityOfPage\": \"http:\/\/tu11.fi\/taekwondo\/de\/suojapaketit\/\",\n            \"url\": \"http:\/\/tu11.fi\/taekwondo\/de\/suojapaketit\/\",\n            \"sameAs\": [\n                \"http:\/\/tu11.fi\/taekwondo\/de\/?p=14517\"\n            ],\n            \"name\": \"Suojapaketit  &ndash; Taekwondourheilijat 2011 | Taekwondoa parhaassa...\",\n            \"alternateName\": \"Suojapaketit  &ndash; Taekwondourheilijat 2011 | Taekwondoa parhaassa seurassa | Helsinki | Espoo | Vantaa\",\n            \"description\": \"TU11 tarjoaa innostavan ymp&auml;rist&ouml;n harjoitella taekwondoa kaikenik&auml;isille ja -tasoisille, aloittelijoista huippu-urheilijoihin. Valmennus on systemaattista ja valmentajat maamme parhaimmistoa. Aloita taekwondo nyt!\",\n            \"image\": [\n                {\n                    \"@id\": \"http:\/\/tu11.fi\/taekwondo\/wp-content\/uploads\/2020\/08\/Taekwondourheilijat_2011_001_TU11-scaled-1200x1200-cropped.jpg#sso\/image-object\"\n                },\n                {\n                    \"@id\": \"http:\/\/tu11.fi\/taekwondo\/wp-content\/uploads\/2020\/08\/Taekwondourheilijat_2011_001_TU11-scaled-1200x900-cropped.jpg#sso\/image-object\"\n                },\n                {\n                    \"@id\": \"http:\/\/tu11.fi\/taekwondo\/wp-content\/uploads\/2020\/08\/Taekwondourheilijat_2011_001_TU11-scaled-1200x675-cropped.jpg#sso\/image-object\"\n                }\n            ]\n        },\n        {\n            \"@id\": \"http:\/\/tu11.fi\/taekwondo\/wp-content\/uploads\/2020\/08\/Taekwondourheilijat_2011_001_TU11-scaled-1200x1200-cropped.jpg#sso\/image-object\",\n            \"@context\": \"https:\/\/schema.org\",\n            \"@type\": \"ImageObject\",\n            \"url\": \"http:\/\/tu11.fi\/taekwondo\/wp-content\/uploads\/2020\/08\/Taekwondourheilijat_2011_001_TU11-scaled-1200x1200-cropped.jpg\",\n            \"identifier\": \"13033-wpsso-schema-1x1\",\n            \"name\": \"Taekwondourheilijat_2011_001_TU11  &ndash; Taekwondourheilijat 2011 |...\",\n            \"alternateName\": \"Taekwondourheilijat_2011_001_TU11  &ndash; Taekwondourheilijat 2011 | Taekwondoa parhaassa seurassa | Helsinki |...\",\n            \"description\": \"No Description.\",\n            \"encodingFormat\": \"image\/jpeg\",\n            \"uploadDate\": \"2020-08-25T09:53:32+00:00\",\n            \"width\": [\n                {\n                    \"@id\": \"#sso\/qv-width-px-1200\"\n                }\n            ],\n            \"height\": [\n                {\n                    \"@id\": \"#sso\/qv-height-px-1200\"\n                }\n            ]\n        },\n        {\n            \"@id\": \"#sso\/qv-width-px-1200\",\n            \"@context\": \"https:\/\/schema.org\",\n            \"@type\": \"QuantitativeValue\",\n            \"name\": \"Width\",\n            \"unitText\": \"px\",\n            \"unitCode\": \"E37\",\n            \"value\": \"1200\"\n        },\n        {\n            \"@id\": \"#sso\/qv-height-px-1200\",\n            \"@context\": \"https:\/\/schema.org\",\n            \"@type\": \"QuantitativeValue\",\n            \"name\": \"Height\",\n            \"unitText\": \"px\",\n            \"unitCode\": \"E37\",\n            \"value\": \"1200\"\n        },\n        {\n            \"@id\": \"http:\/\/tu11.fi\/taekwondo\/wp-content\/uploads\/2020\/08\/Taekwondourheilijat_2011_001_TU11-scaled-1200x900-cropped.jpg#sso\/image-object\",\n            \"@context\": \"https:\/\/schema.org\",\n            \"@type\": \"ImageObject\",\n            \"url\": \"http:\/\/tu11.fi\/taekwondo\/wp-content\/uploads\/2020\/08\/Taekwondourheilijat_2011_001_TU11-scaled-1200x900-cropped.jpg\",\n            \"identifier\": \"13033-wpsso-schema-4x3\",\n            \"name\": \"Taekwondourheilijat_2011_001_TU11  &ndash; Taekwondourheilijat 2011 |...\",\n            \"alternateName\": \"Taekwondourheilijat_2011_001_TU11  &ndash; Taekwondourheilijat 2011 | Taekwondoa parhaassa seurassa | Helsinki |...\",\n            \"description\": \"No Description.\",\n            \"encodingFormat\": \"image\/jpeg\",\n            \"uploadDate\": \"2020-08-25T09:53:32+00:00\",\n            \"width\": [\n                {\n                    \"@id\": \"#sso\/qv-width-px-1200\"\n                }\n            ],\n            \"height\": [\n                {\n                    \"@id\": \"#sso\/qv-height-px-900\"\n                }\n            ]\n        },\n        {\n            \"@id\": \"#sso\/qv-height-px-900\",\n            \"@context\": \"https:\/\/schema.org\",\n            \"@type\": \"QuantitativeValue\",\n            \"name\": \"Height\",\n            \"unitText\": \"px\",\n            \"unitCode\": \"E37\",\n            \"value\": \"900\"\n        },\n        {\n            \"@id\": \"http:\/\/tu11.fi\/taekwondo\/wp-content\/uploads\/2020\/08\/Taekwondourheilijat_2011_001_TU11-scaled-1200x675-cropped.jpg#sso\/image-object\",\n            \"@context\": \"https:\/\/schema.org\",\n            \"@type\": \"ImageObject\",\n            \"url\": \"http:\/\/tu11.fi\/taekwondo\/wp-content\/uploads\/2020\/08\/Taekwondourheilijat_2011_001_TU11-scaled-1200x675-cropped.jpg\",\n            \"identifier\": \"13033-wpsso-schema-16x9\",\n            \"name\": \"Taekwondourheilijat_2011_001_TU11  &ndash; Taekwondourheilijat 2011 |...\",\n            \"alternateName\": \"Taekwondourheilijat_2011_001_TU11  &ndash; Taekwondourheilijat 2011 | Taekwondoa parhaassa seurassa | Helsinki |...\",\n            \"description\": \"No Description.\",\n            \"encodingFormat\": \"image\/jpeg\",\n            \"uploadDate\": \"2020-08-25T09:53:32+00:00\",\n            \"width\": [\n                {\n                    \"@id\": \"#sso\/qv-width-px-1200\"\n                }\n            ],\n            \"height\": [\n                {\n                    \"@id\": \"#sso\/qv-height-px-675\"\n                }\n            ]\n        },\n        {\n            \"@id\": \"#sso\/qv-height-px-675\",\n            \"@context\": \"https:\/\/schema.org\",\n            \"@type\": \"QuantitativeValue\",\n            \"name\": \"Height\",\n            \"unitText\": \"px\",\n            \"unitCode\": \"E37\",\n            \"value\": \"675\"\n        },\n        {\n            \"@id\": \"\/suojapaketit\/#sso\/breadcrumb-list\/14517\",\n            \"@context\": \"https:\/\/schema.org\",\n            \"@type\": \"BreadcrumbList\",\n            \"url\": \"http:\/\/tu11.fi\/taekwondo\/de\/suojapaketit\/\",\n            \"itemListElement\": [\n                {\n                    \"@context\": \"https:\/\/schema.org\",\n                    \"@type\": \"ListItem\",\n                    \"position\": 1,\n                    \"name\": \"Home\",\n                    \"item\": \"http:\/\/tu11.fi\/taekwondo\/de\/\"\n                },\n                {\n                    \"@context\": \"https:\/\/schema.org\",\n                    \"@type\": \"ListItem\",\n                    \"position\": 2,\n                    \"name\": \"Blog\",\n                    \"item\": \"http:\/\/tu11.fi\/taekwondo\/\"\n                },\n                {\n                    \"@context\": \"https:\/\/schema.org\",\n                    \"@type\": \"ListItem\",\n                    \"position\": 3,\n                    \"name\": \"Suojapaketit   Taekwondourheilijat 2011 | Taekwondoa parhaassa...\",\n                    \"item\": \"http:\/\/tu11.fi\/taekwondo\/de\/suojapaketit\/\"\n                }\n            ]\n        }\n    ]\n}<\/script>\n","<meta name=\"wpsso-end\" content=\"wpsso structured data end\"\/>\n","<meta name=\"wpsso-cached\" content=\"no cache for tu11.fi\/taekwondo\"\/>\n"],"json":[{"@context":"https:\/\/schema.org","@graph":[{"@id":"#sso\/knowledge-graph\/sports-team\/14517","@context":"https:\/\/schema.org","@type":"SportsTeam","mainEntityOfPage":"http:\/\/tu11.fi\/taekwondo\/de\/suojapaketit\/","url":"http:\/\/tu11.fi\/taekwondo\/de\/suojapaketit\/","sameAs":["http:\/\/tu11.fi\/taekwondo\/de\/?p=14517"],"name":"Suojapaketit  &ndash; Taekwondourheilijat 2011 | Taekwondoa parhaassa...","alternateName":"Suojapaketit  &ndash; Taekwondourheilijat 2011 | Taekwondoa parhaassa seurassa | Helsinki | Espoo | Vantaa","description":"TU11 tarjoaa innostavan ymp&auml;rist&ouml;n harjoitella taekwondoa kaikenik&auml;isille ja -tasoisille, aloittelijoista huippu-urheilijoihin. Valmennus on systemaattista ja valmentajat maamme parhaimmistoa. Aloita taekwondo nyt!","image":[{"@id":"http:\/\/tu11.fi\/taekwondo\/wp-content\/uploads\/2020\/08\/Taekwondourheilijat_2011_001_TU11-scaled-1200x1200-cropped.jpg#sso\/image-object"},{"@id":"http:\/\/tu11.fi\/taekwondo\/wp-content\/uploads\/2020\/08\/Taekwondourheilijat_2011_001_TU11-scaled-1200x900-cropped.jpg#sso\/image-object"},{"@id":"http:\/\/tu11.fi\/taekwondo\/wp-content\/uploads\/2020\/08\/Taekwondourheilijat_2011_001_TU11-scaled-1200x675-cropped.jpg#sso\/image-object"}]},{"@id":"http:\/\/tu11.fi\/taekwondo\/wp-content\/uploads\/2020\/08\/Taekwondourheilijat_2011_001_TU11-scaled-1200x1200-cropped.jpg#sso\/image-object","@context":"https:\/\/schema.org","@type":"ImageObject","url":"http:\/\/tu11.fi\/taekwondo\/wp-content\/uploads\/2020\/08\/Taekwondourheilijat_2011_001_TU11-scaled-1200x1200-cropped.jpg","identifier":"13033-wpsso-schema-1x1","name":"Taekwondourheilijat_2011_001_TU11  &ndash; Taekwondourheilijat 2011 |...","alternateName":"Taekwondourheilijat_2011_001_TU11  &ndash; Taekwondourheilijat 2011 | Taekwondoa parhaassa seurassa | Helsinki |...","description":"No Description.","encodingFormat":"image\/jpeg","uploadDate":"2020-08-25T09:53:32+00:00","width":[{"@id":"#sso\/qv-width-px-1200"}],"height":[{"@id":"#sso\/qv-height-px-1200"}]},{"@id":"#sso\/qv-width-px-1200","@context":"https:\/\/schema.org","@type":"QuantitativeValue","name":"Width","unitText":"px","unitCode":"E37","value":"1200"},{"@id":"#sso\/qv-height-px-1200","@context":"https:\/\/schema.org","@type":"QuantitativeValue","name":"Height","unitText":"px","unitCode":"E37","value":"1200"},{"@id":"http:\/\/tu11.fi\/taekwondo\/wp-content\/uploads\/2020\/08\/Taekwondourheilijat_2011_001_TU11-scaled-1200x900-cropped.jpg#sso\/image-object","@context":"https:\/\/schema.org","@type":"ImageObject","url":"http:\/\/tu11.fi\/taekwondo\/wp-content\/uploads\/2020\/08\/Taekwondourheilijat_2011_001_TU11-scaled-1200x900-cropped.jpg","identifier":"13033-wpsso-schema-4x3","name":"Taekwondourheilijat_2011_001_TU11  &ndash; Taekwondourheilijat 2011 |...","alternateName":"Taekwondourheilijat_2011_001_TU11  &ndash; Taekwondourheilijat 2011 | Taekwondoa parhaassa seurassa | Helsinki |...","description":"No Description.","encodingFormat":"image\/jpeg","uploadDate":"2020-08-25T09:53:32+00:00","width":[{"@id":"#sso\/qv-width-px-1200"}],"height":[{"@id":"#sso\/qv-height-px-900"}]},{"@id":"#sso\/qv-height-px-900","@context":"https:\/\/schema.org","@type":"QuantitativeValue","name":"Height","unitText":"px","unitCode":"E37","value":"900"},{"@id":"http:\/\/tu11.fi\/taekwondo\/wp-content\/uploads\/2020\/08\/Taekwondourheilijat_2011_001_TU11-scaled-1200x675-cropped.jpg#sso\/image-object","@context":"https:\/\/schema.org","@type":"ImageObject","url":"http:\/\/tu11.fi\/taekwondo\/wp-content\/uploads\/2020\/08\/Taekwondourheilijat_2011_001_TU11-scaled-1200x675-cropped.jpg","identifier":"13033-wpsso-schema-16x9","name":"Taekwondourheilijat_2011_001_TU11  &ndash; Taekwondourheilijat 2011 |...","alternateName":"Taekwondourheilijat_2011_001_TU11  &ndash; Taekwondourheilijat 2011 | Taekwondoa parhaassa seurassa | Helsinki |...","description":"No Description.","encodingFormat":"image\/jpeg","uploadDate":"2020-08-25T09:53:32+00:00","width":[{"@id":"#sso\/qv-width-px-1200"}],"height":[{"@id":"#sso\/qv-height-px-675"}]},{"@id":"#sso\/qv-height-px-675","@context":"https:\/\/schema.org","@type":"QuantitativeValue","name":"Height","unitText":"px","unitCode":"E37","value":"675"},{"@id":"\/suojapaketit\/#sso\/breadcrumb-list\/14517","@context":"https:\/\/schema.org","@type":"BreadcrumbList","url":"http:\/\/tu11.fi\/taekwondo\/de\/suojapaketit\/","itemListElement":[{"@context":"https:\/\/schema.org","@type":"ListItem","position":1,"name":"Home","item":"http:\/\/tu11.fi\/taekwondo\/de\/"},{"@context":"https:\/\/schema.org","@type":"ListItem","position":2,"name":"Blog","item":"http:\/\/tu11.fi\/taekwondo\/"},{"@context":"https:\/\/schema.org","@type":"ListItem","position":3,"name":"Suojapaketit   Taekwondourheilijat 2011 | Taekwondoa parhaassa...","item":"http:\/\/tu11.fi\/taekwondo\/de\/suojapaketit\/"}]}]}],"parts":[["meta","name","generator","content","WPSSO Core 21.12.0\/L*","generator:1"],["meta","name","generator","content","WPSSO RAR 3.3.0\/S","generator:2"],["meta","name","generator","content","WPSSO REST 3.3.0\/S","generator:3"],["meta","name","generator","content","WPSSO BC 5.5.0\/S","generator:4"],["meta","name","generator","content","WPSSO FAQ 7.1.0\/S","generator:5"],["meta","name","generator","content","WPSSO OPM 5.1.0\/S","generator:6"],["meta","name","generator","content","WPSSO SSM 3.4.0\/S","generator:7"],["meta","name","generator","content","WPSSO TIE 4.1.0\/S","generator:8"],["meta","name","generator","content","WPSSO UM 7.3.0\/S","generator:9"],["meta","name","generator","content","WPSSO UL 4.3.0\/S","generator:10"],["link","rel","shortlink","href","http:\/\/tu11.fi\/taekwondo\/de\/?p=14517",""],["meta","property","fb:app_id","content","966242223397117",""],["meta","property","og:time","content","2026-04-12T04:59:12+00:00",""],["meta","property","og:type","content","website",""],["meta","property","og:url","content","http:\/\/tu11.fi\/taekwondo\/de\/suojapaketit\/",""],["meta","property","og:locale","content","de_DE",""],["meta","property","og:site_name","content","Taekwondourheilijat 2011 | Taekwondoa parhaassa seurassa | Helsinki | Espoo | Vantaa",""],["meta","property","og:title","content","Suojapaketit  &ndash; Taekwondourheilijat 2011 | Taekwondoa parhaassa...",""],["meta","property","og:description","content","TU11 tarjoaa innostavan ymp&auml;rist&ouml;n harjoitella taekwondoa kaikenik&auml;isille ja -tasoisille, aloittelijoista huippu-urheilijoihin. Valmennus on systemaattista ja valmentajat maamme parhaimmistoa. Aloita taekwondo nyt!",""],["meta","property","og:updated_time","content","2025-02-24T07:01:19+00:00",""],["meta","property","og:image:url","content","http:\/\/tu11.fi\/taekwondo\/wp-content\/uploads\/2020\/08\/Taekwondourheilijat_2011_001_TU11-scaled-1200x630-cropped.jpg","og:image:1"],["meta","property","og:image","content","http:\/\/tu11.fi\/taekwondo\/wp-content\/uploads\/2020\/08\/Taekwondourheilijat_2011_001_TU11-scaled-1200x630-cropped.jpg","og:image:1"],["meta","property","og:image:width","content","1200","og:image:1"],["meta","property","og:image:height","content","630","og:image:1"],["meta","property","og:image:cropped","content","true","og:image:1"],["meta","property","og:image:id","content","13033","og:image:1"],["meta","property","og:image:size_name","content","wpsso-opengraph","og:image:1"],["meta","name","schema:language","content","de_DE",""],["meta","name","schema:type:id","content","sports.team",""],["meta","name","schema:type:url","content","https:\/\/schema.org\/SportsTeam",""],["meta","name","schema:type:context","content","https:\/\/schema.org",""],["meta","name","schema:type:name","content","SportsTeam",""],["meta","name","schema:type:path","content","schema.org\/SportsTeam",""],["meta","property","article:author:name","content","Sampo Pajulampi",""],["meta","property","article:reading_mins","content","1",""],["meta","name","twitter:domain","content","tu11.fi",""],["meta","name","twitter:site","content","@taekwondourh",""],["meta","name","twitter:title","content","Suojapaketit  &ndash; Taekwondourheilijat 2011 | Taekwondoa parhaassa...",""],["meta","name","twitter:description","content","TU11 tarjoaa innostavan ymp&auml;rist&ouml;n harjoitella taekwondoa kaikenik&auml;isille ja -tasoisille, aloittelijoista huippu-urheilijoihin. Valmennus on systemaattista ja valmentajat maamme parhaimmistoa...",""],["meta","name","twitter:card","content","summary_large_image",""],["meta","name","twitter:image","content","http:\/\/tu11.fi\/taekwondo\/wp-content\/uploads\/2020\/08\/Taekwondourheilijat_2011_001_TU11-scaled-1200x630-cropped.jpg?p=14517",""],["meta","name","thumbnail","content","http:\/\/tu11.fi\/taekwondo\/wp-content\/uploads\/2020\/08\/Taekwondourheilijat_2011_001_TU11-scaled-1200x630-cropped.jpg",""]]},"_links":{"self":[{"href":"http:\/\/tu11.fi\/taekwondo\/de\/wp-json\/wp\/v2\/pages\/14517","targetHints":{"allow":["GET"]}}],"collection":[{"href":"http:\/\/tu11.fi\/taekwondo\/de\/wp-json\/wp\/v2\/pages"}],"about":[{"href":"http:\/\/tu11.fi\/taekwondo\/de\/wp-json\/wp\/v2\/types\/page"}],"author":[{"embeddable":true,"href":"http:\/\/tu11.fi\/taekwondo\/de\/wp-json\/wp\/v2\/users\/2"}],"replies":[{"embeddable":true,"href":"http:\/\/tu11.fi\/taekwondo\/de\/wp-json\/wp\/v2\/comments?post=14517"}],"version-history":[{"count":2,"href":"http:\/\/tu11.fi\/taekwondo\/de\/wp-json\/wp\/v2\/pages\/14517\/revisions"}],"predecessor-version":[{"id":49543,"href":"http:\/\/tu11.fi\/taekwondo\/de\/wp-json\/wp\/v2\/pages\/14517\/revisions\/49543"}],"wp:featuredmedia":[{"embeddable":true,"href":"http:\/\/tu11.fi\/taekwondo\/de\/wp-json\/wp\/v2\/media\/13033"}],"wp:attachment":[{"href":"http:\/\/tu11.fi\/taekwondo\/de\/wp-json\/wp\/v2\/media?parent=14517"}],"curies":[{"name":"wp","href":"https:\/\/api.w.org\/{rel}","templated":true}]}}