{"id":15571,"date":"2022-02-20T06:21:56","date_gmt":"2022-02-20T06:21:56","guid":{"rendered":"https:\/\/tu11.fi\/taekwondo\/?page_id=15571"},"modified":"2022-02-20T06:21:59","modified_gmt":"2022-02-20T06:21:59","slug":"ozel-dersler","status":"publish","type":"page","link":"http:\/\/tu11.fi\/taekwondo\/tr\/yksityistunnit\/","title":{"rendered":"\u00d6zel dersler"},"content":{"rendered":"<p>\u00d6zel derste merakl\u0131 ve antren\u00f6r tek bir alan\u0131n antrenman\u0131na yak\u0131ndan odaklan\u0131r ve merakl\u0131, performans\u0131na ili\u015fkin an\u0131nda ve s\u00fcrekli geri bildirim al\u0131r. Bu nedenle sadece bir saat i\u00e7inde \u00f6nemli ilerleme kaydediyoruz. \u0130ki merakl\u0131ya ve daha fazla merakl\u0131ya y\u00f6nelik \u00f6zel dersler de d\u00fczenlenmektedir.<\/p>\n\n\n\n<p><strong>\u00d6zel derste:<\/strong><\/p>\n\n\n\n<ul class=\"wp-block-list\"><li>Tam olarak geli\u015ftirmek istedi\u011finiz alanda pratik yapabilirsiniz. \u00d6rne\u011fin:<ul><li>Ma\u00e7 tekni\u011fi&nbsp;<\/li><li>Yeni bir hareket aral\u0131\u011f\u0131 veya hareket aral\u0131\u011f\u0131n\u0131n iyile\u015ftirilmesi<\/li><li>Temel teknik ve ad\u0131mlar<\/li><li>Kendini savunma ve ad\u0131m d\u00f6v\u00fc\u015fleri<\/li><li>Kemer s\u0131nav\u0131na haz\u0131rl\u0131k<\/li><li>Fiziksel e\u011fitim&nbsp;<\/li><li>A\u011f\u0131rl\u0131k \u00e7al\u0131\u015fmas\u0131<\/li><\/ul><\/li><li>Performans\u0131n\u0131z hakk\u0131nda an\u0131nda ve s\u00fcrekli geri bildirim alacaks\u0131n\u0131z&nbsp;<\/li><li>Kendi program\u0131n\u0131za g\u00f6re esnek bir saat ayarlayabilirsiniz<\/li><\/ul>\n\n\n\n<h3 class=\"wp-block-heading\" id=\"nain-varaat-yksityistunnin\">\u00d6zel derse bu \u015fekilde rezervasyon yapt\u0131r\u0131rs\u0131n\u0131z<\/h3>\n\n\n\n<p>eposta g\u00f6nder <a href=\"mailto:info@tu11.fi.main.hoste.fi\" target=\"_blank\" rel=\"noreferrer noopener\">info@tu11.fi.main.hoste.fi<\/a> ve randevu al\u0131n. Ayn\u0131 zamanda hangi konuda \u00e7al\u0131\u015fmak istedi\u011finizi bize s\u00f6yleyin, biz de ona g\u00f6re ko\u00e7 ayarlayal\u0131m. Ayr\u0131ca do\u011frudan spor salonundaki e\u011fitmenlerden ders rezervasyonu yapt\u0131rabilirsiniz. Yar\u0131\u015f ekibi \u00fcyeleri bir saatlik rezervasyon yapmak i\u00e7in Slack&#039;i kullanabilir.\u00a0<\/p>\n\n\n\n<p>Ayr\u0131nt\u0131lar konusunda yine de ko\u00e7la anla\u015fabilirsiniz. Faturay\u0131 bundan bir saat sonra g\u00f6nderece\u011fiz. Kemer testleri i\u00e7in e\u011fitim notu al\u0131n.&nbsp;<\/p>\n\n\n\n<p><a href=\"https:\/\/tu11.fi\/taekwondo\/tr\/fiyat-listesi\/\" target=\"_blank\" rel=\"noreferrer noopener\">Fiyat listesine bak\u0131n &gt;&gt;<\/a><\/p>","protected":false},"excerpt":{"rendered":"<p>Tekvando sporcular\u0131, temel egzersizler ve ek egzersizlerin yan\u0131 s\u0131ra, sporun baz\u0131 y\u00f6nlerinde becerilerini derinle\u015ftirmek isteyen merakl\u0131lara \u00f6zel dersler de sunmaktad\u0131r. <\/p>","protected":false},"author":2,"featured_media":13044,"parent":0,"menu_order":0,"comment_status":"closed","ping_status":"closed","template":"templates\/template-cover.php","meta":{"footnotes":""},"class_list":["post-15571","page","type-page","status-publish","has-post-thumbnail","hentry"],"yoast_head":"<!-- This site is optimized with the Yoast SEO plugin v27.2 - https:\/\/yoast.com\/product\/yoast-seo-wordpress\/ -->\n<title>Yksityistunnit - Taekwondourheilijat 2011 | Taekwondoa parhaassa seurassa | Helsinki | Espoo | Vantaa<\/title>\n<meta name=\"description\" content=\"TU11 tarjoaa innostavan ymp\u00e4rist\u00f6n harjoitella taekwondoa kaikenik\u00e4isille ja -tasoisille, aloittelijoista huippu-urheilijoihin. Valmennus on systemaattista ja valmentajat maamme parhaimmistoa. Aloita taekwondo nyt!\" \/>\n<meta name=\"robots\" content=\"index, follow, max-snippet:-1, max-image-preview:large, max-video-preview:-1\" \/>\n<link rel=\"canonical\" href=\"https:\/\/tu11.fi\/taekwondo\/tr\/ozel-dersler\/\" \/>\n<script type=\"application\/ld+json\" class=\"yoast-schema-graph\">{\"@context\":\"https:\/\/schema.org\",\"@graph\":[]}<\/script>\n<!-- \/ Yoast SEO plugin. -->","yoast_head_json":{"title":"Yksityistunnit - Taekwondourheilijat 2011 | Taekwondoa parhaassa seurassa | Helsinki | Espoo | Vantaa","description":"TU11, yeni ba\u015flayanlardan elit sporculara kadar her ya\u015ftan ve seviyeden taekwondo prati\u011fi yapmak i\u00e7in ilham verici bir ortam sunuyor. E\u011fitimler sistemli ve antren\u00f6rler \u00fclkemizin en iyileri. \u015eimdi tekvandoya ba\u015flay\u0131n!","robots":{"index":"index","follow":"follow","max-snippet":"max-snippet:-1","max-image-preview":"max-image-preview:large","max-video-preview":"max-video-preview:-1"},"canonical":"https:\/\/tu11.fi\/taekwondo\/tr\/ozel-dersler\/","schema":{"@context":"https:\/\/schema.org","@graph":[]}},"amp_enabled":true,"head":{"html":["<meta name=\"wpsso-begin\" content=\"wpsso structured data begin\"\/>\n","<!-- generator:1 --><meta name=\"generator\" content=\"WPSSO Core 21.12.0\/L*\"\/>\n","<!-- generator:2 --><meta name=\"generator\" content=\"WPSSO RAR 3.3.0\/S\"\/>\n","<!-- generator:3 --><meta name=\"generator\" content=\"WPSSO REST 3.3.0\/S\"\/>\n","<!-- generator:4 --><meta name=\"generator\" content=\"WPSSO BC 5.5.0\/S\"\/>\n","<!-- generator:5 --><meta name=\"generator\" content=\"WPSSO FAQ 7.1.0\/S\"\/>\n","<!-- generator:6 --><meta name=\"generator\" content=\"WPSSO OPM 5.1.0\/S\"\/>\n","<!-- generator:7 --><meta name=\"generator\" content=\"WPSSO SSM 3.4.0\/S\"\/>\n","<!-- generator:8 --><meta name=\"generator\" content=\"WPSSO TIE 4.1.0\/S\"\/>\n","<!-- generator:9 --><meta name=\"generator\" content=\"WPSSO UM 7.3.0\/S\"\/>\n","<!-- generator:10 --><meta name=\"generator\" content=\"WPSSO UL 4.3.0\/S\"\/>\n","<link rel=\"shortlink\" href=\"http:\/\/tu11.fi\/taekwondo\/tr\/?p=15571\"\/>\n","<meta property=\"fb:app_id\" content=\"966242223397117\"\/>\n","<meta property=\"og:type\" content=\"website\"\/>\n","<meta property=\"og:url\" content=\"http:\/\/tu11.fi\/taekwondo\/tr\/yksityistunnit\/\"\/>\n","<meta property=\"og:locale\" content=\"tr_TR\"\/>\n","<meta property=\"og:site_name\" content=\"Taekwondourheilijat 2011 | Taekwondoa parhaassa seurassa | Helsinki | Espoo | Vantaa\"\/>\n","<meta property=\"og:title\" content=\"Yksityistunnit  &ndash; Taekwondourheilijat 2011 | Taekwondoa parhaassa...\"\/>\n","<meta property=\"og:description\" content=\"TU11 tarjoaa innostavan ymp&auml;rist&ouml;n harjoitella taekwondoa kaikenik&auml;isille ja -tasoisille, aloittelijoista huippu-urheilijoihin. Valmennus on systemaattista ja valmentajat maamme parhaimmistoa. Aloita taekwondo nyt!\"\/>\n","<meta property=\"og:updated_time\" content=\"2022-02-20T06:21:59+00:00\"\/>\n","<!-- og:image:1 --><meta property=\"og:image\" content=\"http:\/\/tu11.fi\/taekwondo\/wp-content\/uploads\/2020\/08\/Taekwondourheilijat_2011_012_TU11-scaled-1200x630-cropped.jpg\"\/>\n","<!-- og:image:1 --><meta property=\"og:image:width\" content=\"1200\"\/>\n","<!-- og:image:1 --><meta property=\"og:image:height\" content=\"630\"\/>\n","<meta name=\"twitter:domain\" content=\"tu11.fi\"\/>\n","<meta name=\"twitter:site\" content=\"@taekwondourh\"\/>\n","<meta name=\"twitter:title\" content=\"Yksityistunnit  &ndash; Taekwondourheilijat 2011 | Taekwondoa parhaassa...\"\/>\n","<meta name=\"twitter:description\" content=\"TU11 tarjoaa innostavan ymp&auml;rist&ouml;n harjoitella taekwondoa kaikenik&auml;isille ja -tasoisille, aloittelijoista huippu-urheilijoihin. Valmennus on systemaattista ja valmentajat maamme parhaimmistoa...\"\/>\n","<meta name=\"twitter:card\" content=\"summary_large_image\"\/>\n","<meta name=\"twitter:image\" content=\"http:\/\/tu11.fi\/taekwondo\/wp-content\/uploads\/2020\/08\/Taekwondourheilijat_2011_012_TU11-scaled-1200x630-cropped.jpg?p=15571\"\/>\n","<meta name=\"thumbnail\" content=\"http:\/\/tu11.fi\/taekwondo\/wp-content\/uploads\/2020\/08\/Taekwondourheilijat_2011_012_TU11-scaled-1200x630-cropped.jpg\"\/>\n","<script type=\"application\/ld+json\" id=\"wpsso-schema-graph\">{\n    \"@context\": \"https:\/\/schema.org\",\n    \"@graph\": [\n        {\n            \"@id\": \"#sso\/knowledge-graph\/sports-team\/15571\",\n            \"@context\": \"https:\/\/schema.org\",\n            \"@type\": \"SportsTeam\",\n            \"mainEntityOfPage\": \"http:\/\/tu11.fi\/taekwondo\/tr\/yksityistunnit\/\",\n            \"url\": \"http:\/\/tu11.fi\/taekwondo\/tr\/yksityistunnit\/\",\n            \"sameAs\": [\n                \"http:\/\/tu11.fi\/taekwondo\/tr\/?p=15571\"\n            ],\n            \"name\": \"Yksityistunnit  &ndash; Taekwondourheilijat 2011 | Taekwondoa parhaassa...\",\n            \"alternateName\": \"Yksityistunnit  &ndash; Taekwondourheilijat 2011 | Taekwondoa parhaassa seurassa | Helsinki | Espoo | Vantaa\",\n            \"description\": \"TU11 tarjoaa innostavan ymp&auml;rist&ouml;n harjoitella taekwondoa kaikenik&auml;isille ja -tasoisille, aloittelijoista huippu-urheilijoihin. Valmennus on systemaattista ja valmentajat maamme parhaimmistoa. Aloita taekwondo nyt!\",\n            \"image\": [\n                {\n                    \"@id\": \"http:\/\/tu11.fi\/taekwondo\/wp-content\/uploads\/2020\/08\/Taekwondourheilijat_2011_012_TU11-scaled-1200x1200-cropped.jpg#sso\/image-object\"\n                },\n                {\n                    \"@id\": \"http:\/\/tu11.fi\/taekwondo\/wp-content\/uploads\/2020\/08\/Taekwondourheilijat_2011_012_TU11-scaled-1200x900-cropped.jpg#sso\/image-object\"\n                },\n                {\n                    \"@id\": \"http:\/\/tu11.fi\/taekwondo\/wp-content\/uploads\/2020\/08\/Taekwondourheilijat_2011_012_TU11-scaled-1200x675-cropped.jpg#sso\/image-object\"\n                }\n            ]\n        },\n        {\n            \"@id\": \"http:\/\/tu11.fi\/taekwondo\/wp-content\/uploads\/2020\/08\/Taekwondourheilijat_2011_012_TU11-scaled-1200x1200-cropped.jpg#sso\/image-object\",\n            \"@context\": \"https:\/\/schema.org\",\n            \"@type\": \"ImageObject\",\n            \"url\": \"http:\/\/tu11.fi\/taekwondo\/wp-content\/uploads\/2020\/08\/Taekwondourheilijat_2011_012_TU11-scaled-1200x1200-cropped.jpg\",\n            \"identifier\": \"13044-wpsso-schema-1x1\",\n            \"name\": \"Taekwondourheilijat_2011_012_TU11  &ndash; Taekwondourheilijat 2011 |...\",\n            \"alternateName\": \"Taekwondourheilijat_2011_012_TU11  &ndash; Taekwondourheilijat 2011 | Taekwondoa parhaassa seurassa | Helsinki |...\",\n            \"description\": \"No Description.\",\n            \"encodingFormat\": \"image\/jpeg\",\n            \"uploadDate\": \"2020-08-25T10:11:45+00:00\",\n            \"width\": [\n                {\n                    \"@id\": \"#sso\/qv-width-px-1200\"\n                }\n            ],\n            \"height\": [\n                {\n                    \"@id\": \"#sso\/qv-height-px-1200\"\n                }\n            ]\n        },\n        {\n            \"@id\": \"#sso\/qv-width-px-1200\",\n            \"@context\": \"https:\/\/schema.org\",\n            \"@type\": \"QuantitativeValue\",\n            \"name\": \"Width\",\n            \"unitText\": \"px\",\n            \"unitCode\": \"E37\",\n            \"value\": \"1200\"\n        },\n        {\n            \"@id\": \"#sso\/qv-height-px-1200\",\n            \"@context\": \"https:\/\/schema.org\",\n            \"@type\": \"QuantitativeValue\",\n            \"name\": \"Height\",\n            \"unitText\": \"px\",\n            \"unitCode\": \"E37\",\n            \"value\": \"1200\"\n        },\n        {\n            \"@id\": \"http:\/\/tu11.fi\/taekwondo\/wp-content\/uploads\/2020\/08\/Taekwondourheilijat_2011_012_TU11-scaled-1200x900-cropped.jpg#sso\/image-object\",\n            \"@context\": \"https:\/\/schema.org\",\n            \"@type\": \"ImageObject\",\n            \"url\": \"http:\/\/tu11.fi\/taekwondo\/wp-content\/uploads\/2020\/08\/Taekwondourheilijat_2011_012_TU11-scaled-1200x900-cropped.jpg\",\n            \"identifier\": \"13044-wpsso-schema-4x3\",\n            \"name\": \"Taekwondourheilijat_2011_012_TU11  &ndash; Taekwondourheilijat 2011 |...\",\n            \"alternateName\": \"Taekwondourheilijat_2011_012_TU11  &ndash; Taekwondourheilijat 2011 | Taekwondoa parhaassa seurassa | Helsinki |...\",\n            \"description\": \"No Description.\",\n            \"encodingFormat\": \"image\/jpeg\",\n            \"uploadDate\": \"2020-08-25T10:11:45+00:00\",\n            \"width\": [\n                {\n                    \"@id\": \"#sso\/qv-width-px-1200\"\n                }\n            ],\n            \"height\": [\n                {\n                    \"@id\": \"#sso\/qv-height-px-900\"\n                }\n            ]\n        },\n        {\n            \"@id\": \"#sso\/qv-height-px-900\",\n            \"@context\": \"https:\/\/schema.org\",\n            \"@type\": \"QuantitativeValue\",\n            \"name\": \"Height\",\n            \"unitText\": \"px\",\n            \"unitCode\": \"E37\",\n            \"value\": \"900\"\n        },\n        {\n            \"@id\": \"http:\/\/tu11.fi\/taekwondo\/wp-content\/uploads\/2020\/08\/Taekwondourheilijat_2011_012_TU11-scaled-1200x675-cropped.jpg#sso\/image-object\",\n            \"@context\": \"https:\/\/schema.org\",\n            \"@type\": \"ImageObject\",\n            \"url\": \"http:\/\/tu11.fi\/taekwondo\/wp-content\/uploads\/2020\/08\/Taekwondourheilijat_2011_012_TU11-scaled-1200x675-cropped.jpg\",\n            \"identifier\": \"13044-wpsso-schema-16x9\",\n            \"name\": \"Taekwondourheilijat_2011_012_TU11  &ndash; Taekwondourheilijat 2011 |...\",\n            \"alternateName\": \"Taekwondourheilijat_2011_012_TU11  &ndash; Taekwondourheilijat 2011 | Taekwondoa parhaassa seurassa | Helsinki |...\",\n            \"description\": \"No Description.\",\n            \"encodingFormat\": \"image\/jpeg\",\n            \"uploadDate\": \"2020-08-25T10:11:45+00:00\",\n            \"width\": [\n                {\n                    \"@id\": \"#sso\/qv-width-px-1200\"\n                }\n            ],\n            \"height\": [\n                {\n                    \"@id\": \"#sso\/qv-height-px-675\"\n                }\n            ]\n        },\n        {\n            \"@id\": \"#sso\/qv-height-px-675\",\n            \"@context\": \"https:\/\/schema.org\",\n            \"@type\": \"QuantitativeValue\",\n            \"name\": \"Height\",\n            \"unitText\": \"px\",\n            \"unitCode\": \"E37\",\n            \"value\": \"675\"\n        },\n        {\n            \"@id\": \"\/yksityistunnit\/#sso\/breadcrumb-list\/15571\",\n            \"@context\": \"https:\/\/schema.org\",\n            \"@type\": \"BreadcrumbList\",\n            \"url\": \"http:\/\/tu11.fi\/taekwondo\/tr\/yksityistunnit\/\",\n            \"itemListElement\": [\n                {\n                    \"@context\": \"https:\/\/schema.org\",\n                    \"@type\": \"ListItem\",\n                    \"position\": 1,\n                    \"name\": \"Home\",\n                    \"item\": \"http:\/\/tu11.fi\/taekwondo\/tr\/\"\n                },\n                {\n                    \"@context\": \"https:\/\/schema.org\",\n                    \"@type\": \"ListItem\",\n                    \"position\": 2,\n                    \"name\": \"Blog\",\n                    \"item\": \"http:\/\/tu11.fi\/taekwondo\/\"\n                },\n                {\n                    \"@context\": \"https:\/\/schema.org\",\n                    \"@type\": \"ListItem\",\n                    \"position\": 3,\n                    \"name\": \"Yksityistunnit   Taekwondourheilijat 2011 | Taekwondoa parhaassa...\",\n                    \"item\": \"http:\/\/tu11.fi\/taekwondo\/tr\/yksityistunnit\/\"\n                }\n            ]\n        }\n    ]\n}<\/script>\n","<meta name=\"wpsso-end\" content=\"wpsso structured data end\"\/>\n","<meta name=\"wpsso-cached\" content=\"no cache for tu11.fi\/taekwondo\"\/>\n"],"json":[{"@context":"https:\/\/schema.org","@graph":[{"@id":"#sso\/knowledge-graph\/sports-team\/15571","@context":"https:\/\/schema.org","@type":"SportsTeam","mainEntityOfPage":"http:\/\/tu11.fi\/taekwondo\/tr\/yksityistunnit\/","url":"http:\/\/tu11.fi\/taekwondo\/tr\/yksityistunnit\/","sameAs":["http:\/\/tu11.fi\/taekwondo\/tr\/?p=15571"],"name":"Yksityistunnit  &ndash; Taekwondourheilijat 2011 | Taekwondoa parhaassa...","alternateName":"Yksityistunnit  &ndash; Taekwondourheilijat 2011 | Taekwondoa parhaassa seurassa | Helsinki | Espoo | Vantaa","description":"TU11 tarjoaa innostavan ymp&auml;rist&ouml;n harjoitella taekwondoa kaikenik&auml;isille ja -tasoisille, aloittelijoista huippu-urheilijoihin. Valmennus on systemaattista ja valmentajat maamme parhaimmistoa. Aloita taekwondo nyt!","image":[{"@id":"http:\/\/tu11.fi\/taekwondo\/wp-content\/uploads\/2020\/08\/Taekwondourheilijat_2011_012_TU11-scaled-1200x1200-cropped.jpg#sso\/image-object"},{"@id":"http:\/\/tu11.fi\/taekwondo\/wp-content\/uploads\/2020\/08\/Taekwondourheilijat_2011_012_TU11-scaled-1200x900-cropped.jpg#sso\/image-object"},{"@id":"http:\/\/tu11.fi\/taekwondo\/wp-content\/uploads\/2020\/08\/Taekwondourheilijat_2011_012_TU11-scaled-1200x675-cropped.jpg#sso\/image-object"}]},{"@id":"http:\/\/tu11.fi\/taekwondo\/wp-content\/uploads\/2020\/08\/Taekwondourheilijat_2011_012_TU11-scaled-1200x1200-cropped.jpg#sso\/image-object","@context":"https:\/\/schema.org","@type":"ImageObject","url":"http:\/\/tu11.fi\/taekwondo\/wp-content\/uploads\/2020\/08\/Taekwondourheilijat_2011_012_TU11-scaled-1200x1200-cropped.jpg","identifier":"13044-wpsso-schema-1x1","name":"Taekwondourheilijat_2011_012_TU11  &ndash; Taekwondourheilijat 2011 |...","alternateName":"Taekwondourheilijat_2011_012_TU11  &ndash; Taekwondourheilijat 2011 | Taekwondoa parhaassa seurassa | Helsinki |...","description":"No Description.","encodingFormat":"image\/jpeg","uploadDate":"2020-08-25T10:11:45+00:00","width":[{"@id":"#sso\/qv-width-px-1200"}],"height":[{"@id":"#sso\/qv-height-px-1200"}]},{"@id":"#sso\/qv-width-px-1200","@context":"https:\/\/schema.org","@type":"QuantitativeValue","name":"Width","unitText":"px","unitCode":"E37","value":"1200"},{"@id":"#sso\/qv-height-px-1200","@context":"https:\/\/schema.org","@type":"QuantitativeValue","name":"Height","unitText":"px","unitCode":"E37","value":"1200"},{"@id":"http:\/\/tu11.fi\/taekwondo\/wp-content\/uploads\/2020\/08\/Taekwondourheilijat_2011_012_TU11-scaled-1200x900-cropped.jpg#sso\/image-object","@context":"https:\/\/schema.org","@type":"ImageObject","url":"http:\/\/tu11.fi\/taekwondo\/wp-content\/uploads\/2020\/08\/Taekwondourheilijat_2011_012_TU11-scaled-1200x900-cropped.jpg","identifier":"13044-wpsso-schema-4x3","name":"Taekwondourheilijat_2011_012_TU11  &ndash; Taekwondourheilijat 2011 |...","alternateName":"Taekwondourheilijat_2011_012_TU11  &ndash; Taekwondourheilijat 2011 | Taekwondoa parhaassa seurassa | Helsinki |...","description":"No Description.","encodingFormat":"image\/jpeg","uploadDate":"2020-08-25T10:11:45+00:00","width":[{"@id":"#sso\/qv-width-px-1200"}],"height":[{"@id":"#sso\/qv-height-px-900"}]},{"@id":"#sso\/qv-height-px-900","@context":"https:\/\/schema.org","@type":"QuantitativeValue","name":"Height","unitText":"px","unitCode":"E37","value":"900"},{"@id":"http:\/\/tu11.fi\/taekwondo\/wp-content\/uploads\/2020\/08\/Taekwondourheilijat_2011_012_TU11-scaled-1200x675-cropped.jpg#sso\/image-object","@context":"https:\/\/schema.org","@type":"ImageObject","url":"http:\/\/tu11.fi\/taekwondo\/wp-content\/uploads\/2020\/08\/Taekwondourheilijat_2011_012_TU11-scaled-1200x675-cropped.jpg","identifier":"13044-wpsso-schema-16x9","name":"Taekwondourheilijat_2011_012_TU11  &ndash; Taekwondourheilijat 2011 |...","alternateName":"Taekwondourheilijat_2011_012_TU11  &ndash; Taekwondourheilijat 2011 | Taekwondoa parhaassa seurassa | Helsinki |...","description":"No Description.","encodingFormat":"image\/jpeg","uploadDate":"2020-08-25T10:11:45+00:00","width":[{"@id":"#sso\/qv-width-px-1200"}],"height":[{"@id":"#sso\/qv-height-px-675"}]},{"@id":"#sso\/qv-height-px-675","@context":"https:\/\/schema.org","@type":"QuantitativeValue","name":"Height","unitText":"px","unitCode":"E37","value":"675"},{"@id":"\/yksityistunnit\/#sso\/breadcrumb-list\/15571","@context":"https:\/\/schema.org","@type":"BreadcrumbList","url":"http:\/\/tu11.fi\/taekwondo\/tr\/yksityistunnit\/","itemListElement":[{"@context":"https:\/\/schema.org","@type":"ListItem","position":1,"name":"Home","item":"http:\/\/tu11.fi\/taekwondo\/tr\/"},{"@context":"https:\/\/schema.org","@type":"ListItem","position":2,"name":"Blog","item":"http:\/\/tu11.fi\/taekwondo\/"},{"@context":"https:\/\/schema.org","@type":"ListItem","position":3,"name":"Yksityistunnit   Taekwondourheilijat 2011 | Taekwondoa parhaassa...","item":"http:\/\/tu11.fi\/taekwondo\/tr\/yksityistunnit\/"}]}]}],"parts":[["meta","name","generator","content","WPSSO Core 21.12.0\/L*","generator:1"],["meta","name","generator","content","WPSSO RAR 3.3.0\/S","generator:2"],["meta","name","generator","content","WPSSO REST 3.3.0\/S","generator:3"],["meta","name","generator","content","WPSSO BC 5.5.0\/S","generator:4"],["meta","name","generator","content","WPSSO FAQ 7.1.0\/S","generator:5"],["meta","name","generator","content","WPSSO OPM 5.1.0\/S","generator:6"],["meta","name","generator","content","WPSSO SSM 3.4.0\/S","generator:7"],["meta","name","generator","content","WPSSO TIE 4.1.0\/S","generator:8"],["meta","name","generator","content","WPSSO UM 7.3.0\/S","generator:9"],["meta","name","generator","content","WPSSO UL 4.3.0\/S","generator:10"],["link","rel","shortlink","href","http:\/\/tu11.fi\/taekwondo\/tr\/?p=15571",""],["meta","property","fb:app_id","content","966242223397117",""],["meta","property","og:time","content","2026-04-22T03:42:53+00:00",""],["meta","property","og:type","content","website",""],["meta","property","og:url","content","http:\/\/tu11.fi\/taekwondo\/tr\/yksityistunnit\/",""],["meta","property","og:locale","content","tr_TR",""],["meta","property","og:site_name","content","Taekwondourheilijat 2011 | Taekwondoa parhaassa seurassa | Helsinki | Espoo | Vantaa",""],["meta","property","og:title","content","Yksityistunnit  &ndash; Taekwondourheilijat 2011 | Taekwondoa parhaassa...",""],["meta","property","og:description","content","TU11 tarjoaa innostavan ymp&auml;rist&ouml;n harjoitella taekwondoa kaikenik&auml;isille ja -tasoisille, aloittelijoista huippu-urheilijoihin. Valmennus on systemaattista ja valmentajat maamme parhaimmistoa. Aloita taekwondo nyt!",""],["meta","property","og:updated_time","content","2022-02-20T06:21:59+00:00",""],["meta","property","og:image:url","content","http:\/\/tu11.fi\/taekwondo\/wp-content\/uploads\/2020\/08\/Taekwondourheilijat_2011_012_TU11-scaled-1200x630-cropped.jpg","og:image:1"],["meta","property","og:image","content","http:\/\/tu11.fi\/taekwondo\/wp-content\/uploads\/2020\/08\/Taekwondourheilijat_2011_012_TU11-scaled-1200x630-cropped.jpg","og:image:1"],["meta","property","og:image:width","content","1200","og:image:1"],["meta","property","og:image:height","content","630","og:image:1"],["meta","property","og:image:cropped","content","true","og:image:1"],["meta","property","og:image:id","content","13044","og:image:1"],["meta","property","og:image:size_name","content","wpsso-opengraph","og:image:1"],["meta","name","schema:language","content","tr_TR",""],["meta","name","schema:type:id","content","sports.team",""],["meta","name","schema:type:url","content","https:\/\/schema.org\/SportsTeam",""],["meta","name","schema:type:context","content","https:\/\/schema.org",""],["meta","name","schema:type:name","content","SportsTeam",""],["meta","name","schema:type:path","content","schema.org\/SportsTeam",""],["meta","property","article:author:name","content","Sampo Pajulampi",""],["meta","property","article:reading_mins","content","1",""],["meta","name","twitter:domain","content","tu11.fi",""],["meta","name","twitter:site","content","@taekwondourh",""],["meta","name","twitter:title","content","Yksityistunnit  &ndash; Taekwondourheilijat 2011 | Taekwondoa parhaassa...",""],["meta","name","twitter:description","content","TU11 tarjoaa innostavan ymp&auml;rist&ouml;n harjoitella taekwondoa kaikenik&auml;isille ja -tasoisille, aloittelijoista huippu-urheilijoihin. Valmennus on systemaattista ja valmentajat maamme parhaimmistoa...",""],["meta","name","twitter:card","content","summary_large_image",""],["meta","name","twitter:image","content","http:\/\/tu11.fi\/taekwondo\/wp-content\/uploads\/2020\/08\/Taekwondourheilijat_2011_012_TU11-scaled-1200x630-cropped.jpg?p=15571",""],["meta","name","thumbnail","content","http:\/\/tu11.fi\/taekwondo\/wp-content\/uploads\/2020\/08\/Taekwondourheilijat_2011_012_TU11-scaled-1200x630-cropped.jpg",""]]},"_links":{"self":[{"href":"http:\/\/tu11.fi\/taekwondo\/tr\/wp-json\/wp\/v2\/pages\/15571","targetHints":{"allow":["GET"]}}],"collection":[{"href":"http:\/\/tu11.fi\/taekwondo\/tr\/wp-json\/wp\/v2\/pages"}],"about":[{"href":"http:\/\/tu11.fi\/taekwondo\/tr\/wp-json\/wp\/v2\/types\/page"}],"author":[{"embeddable":true,"href":"http:\/\/tu11.fi\/taekwondo\/tr\/wp-json\/wp\/v2\/users\/2"}],"replies":[{"embeddable":true,"href":"http:\/\/tu11.fi\/taekwondo\/tr\/wp-json\/wp\/v2\/comments?post=15571"}],"version-history":[{"count":0,"href":"http:\/\/tu11.fi\/taekwondo\/tr\/wp-json\/wp\/v2\/pages\/15571\/revisions"}],"wp:featuredmedia":[{"embeddable":true,"href":"http:\/\/tu11.fi\/taekwondo\/tr\/wp-json\/wp\/v2\/media\/13044"}],"wp:attachment":[{"href":"http:\/\/tu11.fi\/taekwondo\/tr\/wp-json\/wp\/v2\/media?parent=15571"}],"curies":[{"name":"wp","href":"https:\/\/api.w.org\/{rel}","templated":true}]}}