{"id":10807,"date":"2020-02-12T15:06:14","date_gmt":"2020-02-12T15:06:14","guid":{"rendered":"https:\/\/tu11.fi\/taekwondo\/?page_id=10807"},"modified":"2025-12-12T06:53:40","modified_gmt":"2025-12-12T06:53:40","slug":"miten_kilpailuihin","status":"publish","type":"page","link":"http:\/\/tu11.fi\/taekwondo\/miten_kilpailuihin\/","title":{"rendered":"Miten osallistun kilpailuihin ja mit\u00e4 tarvitaan?"},"content":{"rendered":"<h4>Perusasiat<\/h4>\n<ul>\n<li>Kilpaharjoittelusta ja\u00a0 sen aloittamisesta voit lukea valmennusblogista: <a href=\"https:\/\/tu11.fi\/taekwondo\/2020\/09\/kilpailijan-polun-ensiaskeleet-taekwondourheilijoissa\/\">Kilpailijan polun ensiaskeleet Taekwondourheilijoissa<\/a><\/li>\n<li>Kaikissa kilpailuissa sarjat on jaettu i\u00e4n, koon ja taitotason mukaan. Vastustajasi ovat siis samalla viivalla kuin sin\u00e4, joten t\u00e4ss\u00e4 suhteessa kisoihin osallistumista ei kannata j\u00e4nnitt\u00e4\u00e4.<\/li>\n<li>Kilpailut maksavat noin 35\u20ac tapahtumasta riippuen, ja seura laskuttaa ne j\u00e4lkeenp\u00e4in osallistujilta.<\/li>\n<li>Kisoihin ilmoittaudut l\u00e4hett\u00e4m\u00e4ll\u00e4 s\u00e4hk\u00f6postia <a href=\"mailto:info@tu11.fi\" data-wplink-edit=\"true\">info@ttu11.fi<\/a> tai omalle valmentajallesi treenien yhteydess\u00e4. Alle 18-vuotiailla tulee olla vanhempien suostumus kisaamiseen. Ilmoittautumisten m\u00e4\u00e4r\u00e4p\u00e4iv\u00e4 on aina noin viikko ennen kisoja, joten ilmoittauduthan ajoissa.<\/li>\n<li>Kaikissa kilpailuissa tarvitset Suomen taekwondoliiton lisenssin, jonka voit k\u00e4yd\u00e4 tilaamassa liiton sivuilta. My\u00f6s vakuutus on oltava. Jos oma vakuutuksesi ei kata taekwondokisaamista, voi lisenssin oston yhteydess\u00e4 tilata my\u00f6s vakuutuksen.<\/li>\n<li>Ottelukilpailuissa tarvitset omat suojat (Kyp\u00e4r\u00e4, hammassuojat, otteluhanskat, k\u00e4sivarsisuojat, s\u00e4\u00e4risuojat, alasuojat sek\u00e4 elektroniset jalkap\u00f6yt\u00e4suojat). Osan suojista voit lainata seuralta tarvittaessa.<\/li>\n<li>Kilpailuissa on aina mukana valmentaja\/valmentajia, jotka kertovat mit\u00e4 kisoissa tapahtuu ja opastavat kisap\u00e4iv\u00e4n aikana.<\/li>\n<\/ul>\n<h4>Miten hankin suojat?<\/h4>\n<p>Suojat takaavat turvallisen treenaamisen ja kilpailemisen. Taekwondovarusteisiin kuuluu puvun lis\u00e4ksi otteluharjoittelussa tarvittavat suojat. Harjoittelemme kaikissa ryhmiss\u00e4 ottelutekniikoita parin kanssa v\u00e4hint\u00e4\u00e4n kerran kuukaudessa ja jatkoryhmist\u00e4 eteenp\u00e4in useamminkin. Hyv\u00e4t suojat takaavat turvallisen harjoittelun. Suojia saa aina lainaksi seuralta, mutta suosittelemme vahvasti omien ostamista. N\u00e4in koko on taatusti oikea eik\u00e4 tarvitse pel\u00e4t\u00e4 edellisten treenien hikiyll\u00e4tyksi\u00e4. Lainasuojat ovat my\u00f6s olleet vuosia k\u00e4yt\u00f6ss\u00e4 eiv\u00e4tk\u00e4 en\u00e4\u00e4 uuden veroisia. Salin varustekauppa <a href=\"http:\/\/www.prodobok.fi\">Pro Dobok Finland<\/a> tarjoaa harrastajille suojapaketit alennettuun hintaan.<\/p>\n<p>Tilauslomakkeen saat lomaketelineest\u00e4. Palauta lomake tiskille niin toimitamme sinulle suojat suoraan treeneihin!<\/p>\n<h5>Perusharrastajan suojapaketti \u2013 45\u20ac<\/h5>\n<p>Sopii perusryhmiss\u00e4 k\u00e4yville harrastajille<br \/>\nPaketti sis\u00e4lt\u00e4\u00e4 k\u00e4sivarsisuojat ja s\u00e4\u00e4risuojat.<\/p>\n<h5>Aktiiviharrastajan suojapaketti \u2013 109\u20ac<\/h5>\n<p>Sopii harrastajaottelussa ja salikisoissa k\u00e4yville harrastajille<br \/>\nPaketti sis\u00e4lt\u00e4\u00e4 k\u00e4sivarsisuojat, s\u00e4\u00e4risuojat, hammassuojat, alasuojat ja ottelukyp\u00e4r\u00e4n.<\/p>\n<h5>Kilpaurheilijan suojapaketti \u2013 180\u20ac<\/h5>\n<p>Sopii kilpatreeneiss\u00e4 ja kilpailuissa k\u00e4yville tai niihin t\u00e4ht\u00e4\u00e4ville harrastajille Paketti sis\u00e4lt\u00e4\u00e4 k\u00e4sivarsisuojat, s\u00e4\u00e4risuojat, hammassuojat, alasuojat, ottelukyp\u00e4r\u00e4n, otteluhanskat ja panssarin.<\/p>\n<p>Kilpailuissa tarvitaan lis\u00e4ksi elektroniset jalkap\u00f6yt\u00e4suojat, joiden myymiseen Pro Dobok Finlandilla ei ole lisenssi\u00e4.<\/p>\n","protected":false},"excerpt":{"rendered":"<p>Perusasiat Kilpaharjoittelusta ja\u00a0 sen aloittamisesta voit lukea valmennusblogista: Kilpailijan polun ensiaskeleet Taekwondourheilijoissa Kaikissa kilpailuissa sarjat on jaettu i\u00e4n, koon ja taitotason mukaan. Vastustajasi ovat siis samalla viivalla kuin sin\u00e4, joten t\u00e4ss\u00e4 suhteessa kisoihin osallistumista ei kannata j\u00e4nnitt\u00e4\u00e4. Kilpailut maksavat noin 35\u20ac tapahtumasta riippuen, ja seura laskuttaa ne j\u00e4lkeenp\u00e4in osallistujilta. Kisoihin ilmoittaudut l\u00e4hett\u00e4m\u00e4ll\u00e4 s\u00e4hk\u00f6postia info@ttu11.fi tai&hellip;<\/p>\n","protected":false},"author":2,"featured_media":7626,"parent":0,"menu_order":0,"comment_status":"closed","ping_status":"closed","template":"templates\/template-cover.php","meta":{"footnotes":""},"class_list":["post-10807","page","type-page","status-publish","has-post-thumbnail","hentry"],"yoast_head":"<!-- This site is optimized with the Yoast SEO plugin v27.2 - https:\/\/yoast.com\/product\/yoast-seo-wordpress\/ -->\n<title>Miten osallistun kilpailuihin ja mit\u00e4 tarvitaan? - Taekwondourheilijat 2011 | Taekwondoa parhaassa seurassa | Helsinki | Espoo | Vantaa<\/title>\n<meta name=\"description\" content=\"TU11 tarjoaa innostavan ymp\u00e4rist\u00f6n harjoitella taekwondoa kaikenik\u00e4isille ja -tasoisille, aloittelijoista huippu-urheilijoihin. Valmennus on systemaattista ja valmentajat maamme parhaimmistoa. Aloita taekwondo nyt!\" \/>\n<meta name=\"robots\" content=\"index, follow, max-snippet:-1, max-image-preview:large, max-video-preview:-1\" \/>\n<link rel=\"canonical\" href=\"https:\/\/tu11.fi\/taekwondo\/miten_kilpailuihin\/\" \/>\n<script type=\"application\/ld+json\" class=\"yoast-schema-graph\">{\"@context\":\"https:\/\/schema.org\",\"@graph\":[]}<\/script>\n<!-- \/ Yoast SEO plugin. -->","yoast_head_json":{"title":"Miten osallistun kilpailuihin ja mit\u00e4 tarvitaan? - Taekwondourheilijat 2011 | Taekwondoa parhaassa seurassa | Helsinki | Espoo | Vantaa","description":"TU11 tarjoaa innostavan ymp\u00e4rist\u00f6n harjoitella taekwondoa kaikenik\u00e4isille ja -tasoisille, aloittelijoista huippu-urheilijoihin. Valmennus on systemaattista ja valmentajat maamme parhaimmistoa. Aloita taekwondo nyt!","robots":{"index":"index","follow":"follow","max-snippet":"max-snippet:-1","max-image-preview":"max-image-preview:large","max-video-preview":"max-video-preview:-1"},"canonical":"https:\/\/tu11.fi\/taekwondo\/miten_kilpailuihin\/","schema":{"@context":"https:\/\/schema.org","@graph":[]}},"amp_enabled":true,"head":{"html":["<meta name=\"wpsso-begin\" content=\"wpsso structured data begin\"\/>\n","<!-- generator:1 --><meta name=\"generator\" content=\"WPSSO Core 21.12.0\/L*\"\/>\n","<!-- generator:2 --><meta name=\"generator\" content=\"WPSSO RAR 3.3.0\/S\"\/>\n","<!-- generator:3 --><meta name=\"generator\" content=\"WPSSO REST 3.3.0\/S\"\/>\n","<!-- generator:4 --><meta name=\"generator\" content=\"WPSSO BC 5.5.0\/S\"\/>\n","<!-- generator:5 --><meta name=\"generator\" content=\"WPSSO FAQ 7.1.0\/S\"\/>\n","<!-- generator:6 --><meta name=\"generator\" content=\"WPSSO OPM 5.1.0\/S\"\/>\n","<!-- generator:7 --><meta name=\"generator\" content=\"WPSSO SSM 3.4.0\/S\"\/>\n","<!-- generator:8 --><meta name=\"generator\" content=\"WPSSO TIE 4.1.0\/S\"\/>\n","<!-- generator:9 --><meta name=\"generator\" content=\"WPSSO UM 7.3.0\/S\"\/>\n","<!-- generator:10 --><meta name=\"generator\" content=\"WPSSO UL 4.3.0\/S\"\/>\n","<link rel=\"shortlink\" href=\"http:\/\/tu11.fi\/taekwondo\/?p=10807\"\/>\n","<meta property=\"fb:app_id\" content=\"966242223397117\"\/>\n","<meta property=\"og:type\" content=\"website\"\/>\n","<meta property=\"og:url\" content=\"http:\/\/tu11.fi\/taekwondo\/miten_kilpailuihin\/\"\/>\n","<meta property=\"og:locale\" content=\"fi_FI\"\/>\n","<meta property=\"og:site_name\" content=\"Taekwondourheilijat 2011 | Taekwondoa parhaassa seurassa | Helsinki | Espoo | Vantaa\"\/>\n","<meta property=\"og:title\" content=\"Miten osallistun kilpailuihin ja mit&auml; tarvitaan?  &ndash;...\"\/>\n","<meta property=\"og:description\" content=\"TU11 tarjoaa innostavan ymp&auml;rist&ouml;n harjoitella taekwondoa kaikenik&auml;isille ja -tasoisille, aloittelijoista huippu-urheilijoihin. Valmennus on systemaattista ja valmentajat maamme parhaimmistoa. Aloita taekwondo nyt!\"\/>\n","<meta property=\"og:updated_time\" content=\"2025-12-12T06:53:40+00:00\"\/>\n","<!-- og:image:1 --><meta property=\"og:image\" content=\"http:\/\/tu11.fi\/taekwondo\/wp-content\/uploads\/2018\/03\/28025215929_0c3ec4cc10_o-1200x630-cropped.jpg\"\/>\n","<!-- og:image:1 --><meta property=\"og:image:width\" content=\"1200\"\/>\n","<!-- og:image:1 --><meta property=\"og:image:height\" content=\"630\"\/>\n","<meta name=\"twitter:domain\" content=\"tu11.fi\"\/>\n","<meta name=\"twitter:site\" content=\"@taekwondourh\"\/>\n","<meta name=\"twitter:title\" content=\"Miten osallistun kilpailuihin ja mit&auml; tarvitaan?  &ndash;...\"\/>\n","<meta name=\"twitter:description\" content=\"TU11 tarjoaa innostavan ymp&auml;rist&ouml;n harjoitella taekwondoa kaikenik&auml;isille ja -tasoisille, aloittelijoista huippu-urheilijoihin. Valmennus on systemaattista ja valmentajat maamme parhaimmistoa...\"\/>\n","<meta name=\"twitter:card\" content=\"summary_large_image\"\/>\n","<meta name=\"twitter:image\" content=\"http:\/\/tu11.fi\/taekwondo\/wp-content\/uploads\/2018\/03\/28025215929_0c3ec4cc10_o-1200x630-cropped.jpg?p=10807\"\/>\n","<meta name=\"thumbnail\" content=\"http:\/\/tu11.fi\/taekwondo\/wp-content\/uploads\/2018\/03\/28025215929_0c3ec4cc10_o-1200x630-cropped.jpg\"\/>\n","<script type=\"application\/ld+json\" id=\"wpsso-schema-graph\">{\n    \"@context\": \"https:\/\/schema.org\",\n    \"@graph\": [\n        {\n            \"@id\": \"#sso\/knowledge-graph\/sports-team\/10807\",\n            \"@context\": \"https:\/\/schema.org\",\n            \"@type\": \"SportsTeam\",\n            \"mainEntityOfPage\": \"http:\/\/tu11.fi\/taekwondo\/miten_kilpailuihin\/\",\n            \"url\": \"http:\/\/tu11.fi\/taekwondo\/miten_kilpailuihin\/\",\n            \"sameAs\": [\n                \"http:\/\/tu11.fi\/taekwondo\/?p=10807\"\n            ],\n            \"name\": \"Miten osallistun kilpailuihin ja mit&auml; tarvitaan?  &ndash;...\",\n            \"alternateName\": \"Miten osallistun kilpailuihin ja mit&auml; tarvitaan?  &ndash; Taekwondourheilijat 2011 | Taekwondoa parhaassa...\",\n            \"description\": \"TU11 tarjoaa innostavan ymp&auml;rist&ouml;n harjoitella taekwondoa kaikenik&auml;isille ja -tasoisille, aloittelijoista huippu-urheilijoihin. Valmennus on systemaattista ja valmentajat maamme parhaimmistoa. Aloita taekwondo nyt!\",\n            \"image\": [\n                {\n                    \"@id\": \"\/wp-content\/uploads\/2018\/03\/28025215929_0c3ec4cc10_o-1200x1200-cropped.jpg#sso\/image-object\"\n                },\n                {\n                    \"@id\": \"\/wp-content\/uploads\/2018\/03\/28025215929_0c3ec4cc10_o-1200x900-cropped.jpg#sso\/image-object\"\n                },\n                {\n                    \"@id\": \"\/wp-content\/uploads\/2018\/03\/28025215929_0c3ec4cc10_o-1200x675-cropped.jpg#sso\/image-object\"\n                }\n            ]\n        },\n        {\n            \"@id\": \"\/wp-content\/uploads\/2018\/03\/28025215929_0c3ec4cc10_o-1200x1200-cropped.jpg#sso\/image-object\",\n            \"@context\": \"https:\/\/schema.org\",\n            \"@type\": \"ImageObject\",\n            \"url\": \"http:\/\/tu11.fi\/taekwondo\/wp-content\/uploads\/2018\/03\/28025215929_0c3ec4cc10_o-1200x1200-cropped.jpg\",\n            \"identifier\": \"7626-wpsso-schema-1x1\",\n            \"name\": \"28025215929_0c3ec4cc10_o  &ndash; Taekwondourheilijat 2011 | Taekwondoa...\",\n            \"alternateName\": \"28025215929_0c3ec4cc10_o  &ndash; Taekwondourheilijat 2011 | Taekwondoa parhaassa seurassa | Helsinki | Espoo |...\",\n            \"description\": \"No Description.\",\n            \"encodingFormat\": \"image\/jpeg\",\n            \"uploadDate\": \"2018-03-31T08:27:58+00:00\",\n            \"width\": [\n                {\n                    \"@id\": \"#sso\/qv-width-px-1200\"\n                }\n            ],\n            \"height\": [\n                {\n                    \"@id\": \"#sso\/qv-height-px-1200\"\n                }\n            ]\n        },\n        {\n            \"@id\": \"#sso\/qv-width-px-1200\",\n            \"@context\": \"https:\/\/schema.org\",\n            \"@type\": \"QuantitativeValue\",\n            \"name\": \"Width\",\n            \"unitText\": \"px\",\n            \"unitCode\": \"E37\",\n            \"value\": \"1200\"\n        },\n        {\n            \"@id\": \"#sso\/qv-height-px-1200\",\n            \"@context\": \"https:\/\/schema.org\",\n            \"@type\": \"QuantitativeValue\",\n            \"name\": \"Height\",\n            \"unitText\": \"px\",\n            \"unitCode\": \"E37\",\n            \"value\": \"1200\"\n        },\n        {\n            \"@id\": \"\/wp-content\/uploads\/2018\/03\/28025215929_0c3ec4cc10_o-1200x900-cropped.jpg#sso\/image-object\",\n            \"@context\": \"https:\/\/schema.org\",\n            \"@type\": \"ImageObject\",\n            \"url\": \"http:\/\/tu11.fi\/taekwondo\/wp-content\/uploads\/2018\/03\/28025215929_0c3ec4cc10_o-1200x900-cropped.jpg\",\n            \"identifier\": \"7626-wpsso-schema-4x3\",\n            \"name\": \"28025215929_0c3ec4cc10_o  &ndash; Taekwondourheilijat 2011 | Taekwondoa...\",\n            \"alternateName\": \"28025215929_0c3ec4cc10_o  &ndash; Taekwondourheilijat 2011 | Taekwondoa parhaassa seurassa | Helsinki | Espoo |...\",\n            \"description\": \"No Description.\",\n            \"encodingFormat\": \"image\/jpeg\",\n            \"uploadDate\": \"2018-03-31T08:27:58+00:00\",\n            \"width\": [\n                {\n                    \"@id\": \"#sso\/qv-width-px-1200\"\n                }\n            ],\n            \"height\": [\n                {\n                    \"@id\": \"#sso\/qv-height-px-900\"\n                }\n            ]\n        },\n        {\n            \"@id\": \"#sso\/qv-height-px-900\",\n            \"@context\": \"https:\/\/schema.org\",\n            \"@type\": \"QuantitativeValue\",\n            \"name\": \"Height\",\n            \"unitText\": \"px\",\n            \"unitCode\": \"E37\",\n            \"value\": \"900\"\n        },\n        {\n            \"@id\": \"\/wp-content\/uploads\/2018\/03\/28025215929_0c3ec4cc10_o-1200x675-cropped.jpg#sso\/image-object\",\n            \"@context\": \"https:\/\/schema.org\",\n            \"@type\": \"ImageObject\",\n            \"url\": \"http:\/\/tu11.fi\/taekwondo\/wp-content\/uploads\/2018\/03\/28025215929_0c3ec4cc10_o-1200x675-cropped.jpg\",\n            \"identifier\": \"7626-wpsso-schema-16x9\",\n            \"name\": \"28025215929_0c3ec4cc10_o  &ndash; Taekwondourheilijat 2011 | Taekwondoa...\",\n            \"alternateName\": \"28025215929_0c3ec4cc10_o  &ndash; Taekwondourheilijat 2011 | Taekwondoa parhaassa seurassa | Helsinki | Espoo |...\",\n            \"description\": \"No Description.\",\n            \"encodingFormat\": \"image\/jpeg\",\n            \"uploadDate\": \"2018-03-31T08:27:58+00:00\",\n            \"width\": [\n                {\n                    \"@id\": \"#sso\/qv-width-px-1200\"\n                }\n            ],\n            \"height\": [\n                {\n                    \"@id\": \"#sso\/qv-height-px-675\"\n                }\n            ]\n        },\n        {\n            \"@id\": \"#sso\/qv-height-px-675\",\n            \"@context\": \"https:\/\/schema.org\",\n            \"@type\": \"QuantitativeValue\",\n            \"name\": \"Height\",\n            \"unitText\": \"px\",\n            \"unitCode\": \"E37\",\n            \"value\": \"675\"\n        },\n        {\n            \"@id\": \"\/miten_kilpailuihin\/#sso\/breadcrumb-list\/10807\",\n            \"@context\": \"https:\/\/schema.org\",\n            \"@type\": \"BreadcrumbList\",\n            \"url\": \"http:\/\/tu11.fi\/taekwondo\/miten_kilpailuihin\/\",\n            \"itemListElement\": [\n                {\n                    \"@context\": \"https:\/\/schema.org\",\n                    \"@type\": \"ListItem\",\n                    \"position\": 1,\n                    \"name\": \"Home\",\n                    \"item\": \"http:\/\/tu11.fi\/taekwondo\/\"\n                },\n                {\n                    \"@context\": \"https:\/\/schema.org\",\n                    \"@type\": \"ListItem\",\n                    \"position\": 2,\n                    \"name\": \"Miten osallistun kilpailuihin ja mit&auml; tarvitaan?...\",\n                    \"item\": \"http:\/\/tu11.fi\/taekwondo\/miten_kilpailuihin\/\"\n                }\n            ]\n        }\n    ]\n}<\/script>\n","<meta name=\"wpsso-end\" content=\"wpsso structured data end\"\/>\n","<meta name=\"wpsso-cached\" content=\"no cache for tu11.fi\/taekwondo\"\/>\n"],"json":[{"@context":"https:\/\/schema.org","@graph":[{"@id":"#sso\/knowledge-graph\/sports-team\/10807","@context":"https:\/\/schema.org","@type":"SportsTeam","mainEntityOfPage":"http:\/\/tu11.fi\/taekwondo\/miten_kilpailuihin\/","url":"http:\/\/tu11.fi\/taekwondo\/miten_kilpailuihin\/","sameAs":["http:\/\/tu11.fi\/taekwondo\/?p=10807"],"name":"Miten osallistun kilpailuihin ja mit&auml; tarvitaan?  &ndash;...","alternateName":"Miten osallistun kilpailuihin ja mit&auml; tarvitaan?  &ndash; Taekwondourheilijat 2011 | Taekwondoa parhaassa...","description":"TU11 tarjoaa innostavan ymp&auml;rist&ouml;n harjoitella taekwondoa kaikenik&auml;isille ja -tasoisille, aloittelijoista huippu-urheilijoihin. Valmennus on systemaattista ja valmentajat maamme parhaimmistoa. Aloita taekwondo nyt!","image":[{"@id":"\/wp-content\/uploads\/2018\/03\/28025215929_0c3ec4cc10_o-1200x1200-cropped.jpg#sso\/image-object"},{"@id":"\/wp-content\/uploads\/2018\/03\/28025215929_0c3ec4cc10_o-1200x900-cropped.jpg#sso\/image-object"},{"@id":"\/wp-content\/uploads\/2018\/03\/28025215929_0c3ec4cc10_o-1200x675-cropped.jpg#sso\/image-object"}]},{"@id":"\/wp-content\/uploads\/2018\/03\/28025215929_0c3ec4cc10_o-1200x1200-cropped.jpg#sso\/image-object","@context":"https:\/\/schema.org","@type":"ImageObject","url":"http:\/\/tu11.fi\/taekwondo\/wp-content\/uploads\/2018\/03\/28025215929_0c3ec4cc10_o-1200x1200-cropped.jpg","identifier":"7626-wpsso-schema-1x1","name":"28025215929_0c3ec4cc10_o  &ndash; Taekwondourheilijat 2011 | Taekwondoa...","alternateName":"28025215929_0c3ec4cc10_o  &ndash; Taekwondourheilijat 2011 | Taekwondoa parhaassa seurassa | Helsinki | Espoo |...","description":"No Description.","encodingFormat":"image\/jpeg","uploadDate":"2018-03-31T08:27:58+00:00","width":[{"@id":"#sso\/qv-width-px-1200"}],"height":[{"@id":"#sso\/qv-height-px-1200"}]},{"@id":"#sso\/qv-width-px-1200","@context":"https:\/\/schema.org","@type":"QuantitativeValue","name":"Width","unitText":"px","unitCode":"E37","value":"1200"},{"@id":"#sso\/qv-height-px-1200","@context":"https:\/\/schema.org","@type":"QuantitativeValue","name":"Height","unitText":"px","unitCode":"E37","value":"1200"},{"@id":"\/wp-content\/uploads\/2018\/03\/28025215929_0c3ec4cc10_o-1200x900-cropped.jpg#sso\/image-object","@context":"https:\/\/schema.org","@type":"ImageObject","url":"http:\/\/tu11.fi\/taekwondo\/wp-content\/uploads\/2018\/03\/28025215929_0c3ec4cc10_o-1200x900-cropped.jpg","identifier":"7626-wpsso-schema-4x3","name":"28025215929_0c3ec4cc10_o  &ndash; Taekwondourheilijat 2011 | Taekwondoa...","alternateName":"28025215929_0c3ec4cc10_o  &ndash; Taekwondourheilijat 2011 | Taekwondoa parhaassa seurassa | Helsinki | Espoo |...","description":"No Description.","encodingFormat":"image\/jpeg","uploadDate":"2018-03-31T08:27:58+00:00","width":[{"@id":"#sso\/qv-width-px-1200"}],"height":[{"@id":"#sso\/qv-height-px-900"}]},{"@id":"#sso\/qv-height-px-900","@context":"https:\/\/schema.org","@type":"QuantitativeValue","name":"Height","unitText":"px","unitCode":"E37","value":"900"},{"@id":"\/wp-content\/uploads\/2018\/03\/28025215929_0c3ec4cc10_o-1200x675-cropped.jpg#sso\/image-object","@context":"https:\/\/schema.org","@type":"ImageObject","url":"http:\/\/tu11.fi\/taekwondo\/wp-content\/uploads\/2018\/03\/28025215929_0c3ec4cc10_o-1200x675-cropped.jpg","identifier":"7626-wpsso-schema-16x9","name":"28025215929_0c3ec4cc10_o  &ndash; Taekwondourheilijat 2011 | Taekwondoa...","alternateName":"28025215929_0c3ec4cc10_o  &ndash; Taekwondourheilijat 2011 | Taekwondoa parhaassa seurassa | Helsinki | Espoo |...","description":"No Description.","encodingFormat":"image\/jpeg","uploadDate":"2018-03-31T08:27:58+00:00","width":[{"@id":"#sso\/qv-width-px-1200"}],"height":[{"@id":"#sso\/qv-height-px-675"}]},{"@id":"#sso\/qv-height-px-675","@context":"https:\/\/schema.org","@type":"QuantitativeValue","name":"Height","unitText":"px","unitCode":"E37","value":"675"},{"@id":"\/miten_kilpailuihin\/#sso\/breadcrumb-list\/10807","@context":"https:\/\/schema.org","@type":"BreadcrumbList","url":"http:\/\/tu11.fi\/taekwondo\/miten_kilpailuihin\/","itemListElement":[{"@context":"https:\/\/schema.org","@type":"ListItem","position":1,"name":"Home","item":"http:\/\/tu11.fi\/taekwondo\/"},{"@context":"https:\/\/schema.org","@type":"ListItem","position":2,"name":"Miten osallistun kilpailuihin ja mit&auml; tarvitaan?...","item":"http:\/\/tu11.fi\/taekwondo\/miten_kilpailuihin\/"}]}]}],"parts":[["meta","name","generator","content","WPSSO Core 21.12.0\/L*","generator:1"],["meta","name","generator","content","WPSSO RAR 3.3.0\/S","generator:2"],["meta","name","generator","content","WPSSO REST 3.3.0\/S","generator:3"],["meta","name","generator","content","WPSSO BC 5.5.0\/S","generator:4"],["meta","name","generator","content","WPSSO FAQ 7.1.0\/S","generator:5"],["meta","name","generator","content","WPSSO OPM 5.1.0\/S","generator:6"],["meta","name","generator","content","WPSSO SSM 3.4.0\/S","generator:7"],["meta","name","generator","content","WPSSO TIE 4.1.0\/S","generator:8"],["meta","name","generator","content","WPSSO UM 7.3.0\/S","generator:9"],["meta","name","generator","content","WPSSO UL 4.3.0\/S","generator:10"],["link","rel","shortlink","href","http:\/\/tu11.fi\/taekwondo\/?p=10807",""],["meta","property","fb:app_id","content","966242223397117",""],["meta","property","og:time","content","2026-04-15T00:06:01+00:00",""],["meta","property","og:type","content","website",""],["meta","property","og:url","content","http:\/\/tu11.fi\/taekwondo\/miten_kilpailuihin\/",""],["meta","property","og:locale","content","fi_FI",""],["meta","property","og:site_name","content","Taekwondourheilijat 2011 | Taekwondoa parhaassa seurassa | Helsinki | Espoo | Vantaa",""],["meta","property","og:title","content","Miten osallistun kilpailuihin ja mit&auml; tarvitaan?  &ndash;...",""],["meta","property","og:description","content","TU11 tarjoaa innostavan ymp&auml;rist&ouml;n harjoitella taekwondoa kaikenik&auml;isille ja -tasoisille, aloittelijoista huippu-urheilijoihin. Valmennus on systemaattista ja valmentajat maamme parhaimmistoa. Aloita taekwondo nyt!",""],["meta","property","og:updated_time","content","2025-12-12T06:53:40+00:00",""],["meta","property","og:image:url","content","http:\/\/tu11.fi\/taekwondo\/wp-content\/uploads\/2018\/03\/28025215929_0c3ec4cc10_o-1200x630-cropped.jpg","og:image:1"],["meta","property","og:image","content","http:\/\/tu11.fi\/taekwondo\/wp-content\/uploads\/2018\/03\/28025215929_0c3ec4cc10_o-1200x630-cropped.jpg","og:image:1"],["meta","property","og:image:width","content","1200","og:image:1"],["meta","property","og:image:height","content","630","og:image:1"],["meta","property","og:image:cropped","content","true","og:image:1"],["meta","property","og:image:id","content","7626","og:image:1"],["meta","property","og:image:size_name","content","wpsso-opengraph","og:image:1"],["meta","name","schema:language","content","fi",""],["meta","name","schema:type:id","content","sports.team",""],["meta","name","schema:type:url","content","https:\/\/schema.org\/SportsTeam",""],["meta","name","schema:type:context","content","https:\/\/schema.org",""],["meta","name","schema:type:name","content","SportsTeam",""],["meta","name","schema:type:path","content","schema.org\/SportsTeam",""],["meta","property","article:author:name","content","Sampo Pajulampi",""],["meta","property","article:reading_mins","content","2",""],["meta","name","twitter:domain","content","tu11.fi",""],["meta","name","twitter:site","content","@taekwondourh",""],["meta","name","twitter:title","content","Miten osallistun kilpailuihin ja mit&auml; tarvitaan?  &ndash;...",""],["meta","name","twitter:description","content","TU11 tarjoaa innostavan ymp&auml;rist&ouml;n harjoitella taekwondoa kaikenik&auml;isille ja -tasoisille, aloittelijoista huippu-urheilijoihin. Valmennus on systemaattista ja valmentajat maamme parhaimmistoa...",""],["meta","name","twitter:card","content","summary_large_image",""],["meta","name","twitter:image","content","http:\/\/tu11.fi\/taekwondo\/wp-content\/uploads\/2018\/03\/28025215929_0c3ec4cc10_o-1200x630-cropped.jpg?p=10807",""],["meta","name","thumbnail","content","http:\/\/tu11.fi\/taekwondo\/wp-content\/uploads\/2018\/03\/28025215929_0c3ec4cc10_o-1200x630-cropped.jpg",""]]},"_links":{"self":[{"href":"http:\/\/tu11.fi\/taekwondo\/wp-json\/wp\/v2\/pages\/10807","targetHints":{"allow":["GET"]}}],"collection":[{"href":"http:\/\/tu11.fi\/taekwondo\/wp-json\/wp\/v2\/pages"}],"about":[{"href":"http:\/\/tu11.fi\/taekwondo\/wp-json\/wp\/v2\/types\/page"}],"author":[{"embeddable":true,"href":"http:\/\/tu11.fi\/taekwondo\/wp-json\/wp\/v2\/users\/2"}],"replies":[{"embeddable":true,"href":"http:\/\/tu11.fi\/taekwondo\/wp-json\/wp\/v2\/comments?post=10807"}],"version-history":[{"count":2,"href":"http:\/\/tu11.fi\/taekwondo\/wp-json\/wp\/v2\/pages\/10807\/revisions"}],"predecessor-version":[{"id":50676,"href":"http:\/\/tu11.fi\/taekwondo\/wp-json\/wp\/v2\/pages\/10807\/revisions\/50676"}],"wp:featuredmedia":[{"embeddable":true,"href":"http:\/\/tu11.fi\/taekwondo\/wp-json\/wp\/v2\/media\/7626"}],"wp:attachment":[{"href":"http:\/\/tu11.fi\/taekwondo\/wp-json\/wp\/v2\/media?parent=10807"}],"curies":[{"name":"wp","href":"https:\/\/api.w.org\/{rel}","templated":true}]}}