{"id":11622,"date":"2020-04-16T18:57:24","date_gmt":"2020-04-16T18:57:24","guid":{"rendered":"https:\/\/tu11.fi\/taekwondo\/?page_id=11622"},"modified":"2025-12-18T08:57:37","modified_gmt":"2025-12-18T08:57:37","slug":"fuhrungsteam","status":"publish","type":"page","link":"https:\/\/tu11.fi\/taekwondo\/de\/johtoryhma\/","title":{"rendered":"Clubmanagement"},"content":{"rendered":"<p>TU11 on yhteis\u00f6, jossa jokainen on t\u00e4rke\u00e4, jossa jokainen voi kokea itsens\u00e4 merkitykselliseksi ja toimia yhteis\u00f6n hyv\u00e4ksi omien halujensa ja kykyjens\u00e4 mukaan. Hallitus vastaa kuitenkin viime k\u00e4dess\u00e4 koko toiminnasta.<b><br \/><br \/><\/b><\/p>\n<h5>Puheenjohtaja<\/h5>\n<p><em>Petteri Kauppinen<\/em><\/p>\n<p><a href=\"mailto:petteri@tu11.fi\">petteri@tu11.fi<\/a><\/p>\n<h5>Varapuheenjohtaja<\/h5>\n<p><em>Teemu Heino<\/em><br \/><a href=\"mailto:teemu@tu11.fi\">teemu@tu11.fi<\/a><\/p>\n<h5>Rahastonhoitaja<\/h5>\n<p><em>Juho Kostiainen<\/em> (puheoikeus hallituksen kokouksissa)<br \/><a href=\"mailto:juho@tu11.fi\">juho@tu11.fi<\/a><\/p>\n<h5><strong>Gesch\u00e4ftsf\u00fchrender Direktor<\/strong><\/h5>\n<p><em>Sampo Pajulampi<\/em> (hallituksen sihteeri, ei \u00e4\u00e4nestysoikeutta)<br \/>0405683470<br \/><a href=\"mailto:sampo@tu11.fi\">sampo@tu11.fi<\/a><\/p>\n<h5>Hallituksen j\u00e4senet<\/h5>\n<p><em>Raitasalo-Kirschbaum<\/em><br \/><em>Tomi Aho<\/em><br \/><em>Eddie Quinones<\/em><br \/><br \/><\/p>","protected":false},"excerpt":{"rendered":"<p>TU11 on yhteis\u00f6, jossa jokainen on t\u00e4rke\u00e4, jossa jokainen voi kokea itsens\u00e4 merkitykselliseksi ja toimia yhteis\u00f6n hyv\u00e4ksi omien halujensa ja kykyjens\u00e4 mukaan. Hallitus vastaa kuitenkin viime k\u00e4dess\u00e4 koko toiminnasta. Puheenjohtaja Petteri Kauppinen petteri@tu11.fi Varapuheenjohtaja Teemu Heinoteemu@tu11.fi Rahastonhoitaja Juho Kostiainen (puheoikeus hallituksen kokouksissa)juho@tu11.fi Toiminnanjohtaja Sampo Pajulampi (hallituksen sihteeri, ei \u00e4\u00e4nestysoikeutta)0405683470sampo@tu11.fi Hallituksen j\u00e4senet Kirsimarja RaitasaloTomi AhoEddie Quinones<\/p>","protected":false},"author":2,"featured_media":1925,"parent":0,"menu_order":0,"comment_status":"closed","ping_status":"closed","template":"templates\/template-cover.php","meta":{"footnotes":""},"class_list":["post-11622","page","type-page","status-publish","has-post-thumbnail","hentry"],"yoast_head":"<!-- This site is optimized with the Yoast SEO plugin v27.2 - https:\/\/yoast.com\/product\/yoast-seo-wordpress\/ -->\n<title>Seurajohto - Taekwondourheilijat 2011 | Taekwondoa parhaassa seurassa | Helsinki | Espoo | Vantaa<\/title>\n<meta name=\"description\" content=\"Taekwondourheilijoiden johtoryhm\u00e4 vastaa koko toiminnan ohjaamisesta.\" \/>\n<meta name=\"robots\" content=\"index, follow, max-snippet:-1, max-image-preview:large, max-video-preview:-1\" \/>\n<link rel=\"canonical\" href=\"https:\/\/tu11.fi\/taekwondo\/de\/fuhrungsteam\/\" \/>\n<script type=\"application\/ld+json\" class=\"yoast-schema-graph\">{\"@context\":\"https:\/\/schema.org\",\"@graph\":[]}<\/script>\n<!-- \/ Yoast SEO plugin. -->","yoast_head_json":{"title":"Seurajohto - Taekwondourheilijat 2011 | Taekwondoa parhaassa seurassa | Helsinki | Espoo | Vantaa","description":"Das Managementteam der Taekwondo-Athleten ist f\u00fcr die Leitung der gesamten Aktivit\u00e4t verantwortlich.","robots":{"index":"index","follow":"follow","max-snippet":"max-snippet:-1","max-image-preview":"max-image-preview:large","max-video-preview":"max-video-preview:-1"},"canonical":"https:\/\/tu11.fi\/taekwondo\/de\/fuhrungsteam\/","schema":{"@context":"https:\/\/schema.org","@graph":[]}},"amp_enabled":true,"head":{"html":["<meta name=\"wpsso-begin\" content=\"wpsso structured data begin\"\/>\n","<!-- generator:1 --><meta name=\"generator\" content=\"WPSSO Core 21.12.0\/L*\"\/>\n","<!-- generator:2 --><meta name=\"generator\" content=\"WPSSO RAR 3.3.0\/S\"\/>\n","<!-- generator:3 --><meta name=\"generator\" content=\"WPSSO REST 3.3.0\/S\"\/>\n","<!-- generator:4 --><meta name=\"generator\" content=\"WPSSO BC 5.5.0\/S\"\/>\n","<!-- generator:5 --><meta name=\"generator\" content=\"WPSSO FAQ 7.1.0\/S\"\/>\n","<!-- generator:6 --><meta name=\"generator\" content=\"WPSSO OPM 5.1.0\/S\"\/>\n","<!-- generator:7 --><meta name=\"generator\" content=\"WPSSO SSM 3.4.0\/S\"\/>\n","<!-- generator:8 --><meta name=\"generator\" content=\"WPSSO TIE 4.1.0\/S\"\/>\n","<!-- generator:9 --><meta name=\"generator\" content=\"WPSSO UM 7.3.0\/S\"\/>\n","<!-- generator:10 --><meta name=\"generator\" content=\"WPSSO UL 4.3.0\/S\"\/>\n","<link rel=\"shortlink\" href=\"https:\/\/tu11.fi\/taekwondo\/de\/?p=11622\"\/>\n","<meta property=\"fb:app_id\" content=\"966242223397117\"\/>\n","<meta property=\"og:type\" content=\"website\"\/>\n","<meta property=\"og:url\" content=\"https:\/\/tu11.fi\/taekwondo\/de\/johtoryhma\/\"\/>\n","<meta property=\"og:locale\" content=\"de_DE\"\/>\n","<meta property=\"og:site_name\" content=\"Taekwondourheilijat 2011 | Taekwondoa parhaassa seurassa | Helsinki | Espoo | Vantaa\"\/>\n","<meta property=\"og:title\" content=\"Seurajohto  &ndash; Taekwondourheilijat 2011 | Taekwondoa parhaassa...\"\/>\n","<meta property=\"og:description\" content=\"Taekwondourheilijoiden johtoryhm&auml; vastaa koko toiminnan ohjaamisesta.\"\/>\n","<meta property=\"og:updated_time\" content=\"2025-12-18T08:57:37+00:00\"\/>\n","<!-- og:image:1 --><meta property=\"og:image\" content=\"https:\/\/tu11.fi\/taekwondo\/wp-content\/uploads\/2012\/10\/0611201110701-1200x630-cropped.jpg\"\/>\n","<!-- og:image:1 --><meta property=\"og:image:width\" content=\"1200\"\/>\n","<!-- og:image:1 --><meta property=\"og:image:height\" content=\"630\"\/>\n","<meta name=\"twitter:domain\" content=\"tu11.fi\"\/>\n","<meta name=\"twitter:site\" content=\"@taekwondourh\"\/>\n","<meta name=\"twitter:title\" content=\"Seurajohto  &ndash; Taekwondourheilijat 2011 | Taekwondoa parhaassa...\"\/>\n","<meta name=\"twitter:description\" content=\"Taekwondourheilijoiden johtoryhm&auml; vastaa koko toiminnan ohjaamisesta.\"\/>\n","<meta name=\"twitter:card\" content=\"summary_large_image\"\/>\n","<meta name=\"twitter:image\" content=\"https:\/\/tu11.fi\/taekwondo\/wp-content\/uploads\/2012\/10\/0611201110701-1200x630-cropped.jpg?p=11622\"\/>\n","<meta name=\"thumbnail\" content=\"https:\/\/tu11.fi\/taekwondo\/wp-content\/uploads\/2012\/10\/0611201110701-1200x630-cropped.jpg\"\/>\n","<script type=\"application\/ld+json\" id=\"wpsso-schema-graph\">{\n    \"@context\": \"https:\/\/schema.org\",\n    \"@graph\": [\n        {\n            \"@id\": \"#sso\/knowledge-graph\/sports-team\/11622\",\n            \"@context\": \"https:\/\/schema.org\",\n            \"@type\": \"SportsTeam\",\n            \"mainEntityOfPage\": \"https:\/\/tu11.fi\/taekwondo\/de\/johtoryhma\/\",\n            \"url\": \"https:\/\/tu11.fi\/taekwondo\/de\/johtoryhma\/\",\n            \"sameAs\": [\n                \"https:\/\/tu11.fi\/taekwondo\/de\/?p=11622\"\n            ],\n            \"name\": \"Seurajohto  &ndash; Taekwondourheilijat 2011 | Taekwondoa parhaassa...\",\n            \"alternateName\": \"Seurajohto  &ndash; Taekwondourheilijat 2011 | Taekwondoa parhaassa seurassa | Helsinki | Espoo | Vantaa\",\n            \"description\": \"Taekwondourheilijoiden johtoryhm&auml; vastaa koko toiminnan ohjaamisesta.\",\n            \"image\": [\n                {\n                    \"@id\": \"https:\/\/tu11.fi\/taekwondo\/wp-content\/uploads\/2012\/10\/0611201110701-1200x1200-cropped.jpg#sso\/image-object\"\n                },\n                {\n                    \"@id\": \"https:\/\/tu11.fi\/taekwondo\/wp-content\/uploads\/2012\/10\/0611201110701-1200x900-cropped.jpg#sso\/image-object\"\n                },\n                {\n                    \"@id\": \"https:\/\/tu11.fi\/taekwondo\/wp-content\/uploads\/2012\/10\/0611201110701-1200x675-cropped.jpg#sso\/image-object\"\n                }\n            ]\n        },\n        {\n            \"@id\": \"https:\/\/tu11.fi\/taekwondo\/wp-content\/uploads\/2012\/10\/0611201110701-1200x1200-cropped.jpg#sso\/image-object\",\n            \"@context\": \"https:\/\/schema.org\",\n            \"@type\": \"ImageObject\",\n            \"url\": \"https:\/\/tu11.fi\/taekwondo\/wp-content\/uploads\/2012\/10\/0611201110701-1200x1200-cropped.jpg\",\n            \"identifier\": \"1925-wpsso-schema-1x1\",\n            \"name\": \"Taekwondourhelijat 2011 SM-kisat, Olympia kampailu  &ndash;...\",\n            \"alternateName\": \"Taekwondourhelijat 2011 SM-kisat, Olympia kampailu  &ndash; Taekwondourheilijat 2011 | Taekwondoa parhaassa...\",\n            \"caption\": \"Taekwondourheilijoita SM-kisamitalit kaulassa\",\n            \"description\": \"Taekwondourheilijoita SM-kisamitalit kaulassa\",\n            \"encodingFormat\": \"image\/jpeg\",\n            \"uploadDate\": \"2012-10-10T17:10:09+00:00\",\n            \"width\": [\n                {\n                    \"@id\": \"#sso\/qv-width-px-1200\"\n                }\n            ],\n            \"height\": [\n                {\n                    \"@id\": \"#sso\/qv-height-px-1200\"\n                }\n            ]\n        },\n        {\n            \"@id\": \"#sso\/qv-width-px-1200\",\n            \"@context\": \"https:\/\/schema.org\",\n            \"@type\": \"QuantitativeValue\",\n            \"name\": \"Width\",\n            \"unitText\": \"px\",\n            \"unitCode\": \"E37\",\n            \"value\": \"1200\"\n        },\n        {\n            \"@id\": \"#sso\/qv-height-px-1200\",\n            \"@context\": \"https:\/\/schema.org\",\n            \"@type\": \"QuantitativeValue\",\n            \"name\": \"Height\",\n            \"unitText\": \"px\",\n            \"unitCode\": \"E37\",\n            \"value\": \"1200\"\n        },\n        {\n            \"@id\": \"https:\/\/tu11.fi\/taekwondo\/wp-content\/uploads\/2012\/10\/0611201110701-1200x900-cropped.jpg#sso\/image-object\",\n            \"@context\": \"https:\/\/schema.org\",\n            \"@type\": \"ImageObject\",\n            \"url\": \"https:\/\/tu11.fi\/taekwondo\/wp-content\/uploads\/2012\/10\/0611201110701-1200x900-cropped.jpg\",\n            \"identifier\": \"1925-wpsso-schema-4x3\",\n            \"name\": \"Taekwondourhelijat 2011 SM-kisat, Olympia kampailu  &ndash;...\",\n            \"alternateName\": \"Taekwondourhelijat 2011 SM-kisat, Olympia kampailu  &ndash; Taekwondourheilijat 2011 | Taekwondoa parhaassa...\",\n            \"caption\": \"Taekwondourheilijoita SM-kisamitalit kaulassa\",\n            \"description\": \"Taekwondourheilijoita SM-kisamitalit kaulassa\",\n            \"encodingFormat\": \"image\/jpeg\",\n            \"uploadDate\": \"2012-10-10T17:10:09+00:00\",\n            \"width\": [\n                {\n                    \"@id\": \"#sso\/qv-width-px-1200\"\n                }\n            ],\n            \"height\": [\n                {\n                    \"@id\": \"#sso\/qv-height-px-900\"\n                }\n            ]\n        },\n        {\n            \"@id\": \"#sso\/qv-height-px-900\",\n            \"@context\": \"https:\/\/schema.org\",\n            \"@type\": \"QuantitativeValue\",\n            \"name\": \"Height\",\n            \"unitText\": \"px\",\n            \"unitCode\": \"E37\",\n            \"value\": \"900\"\n        },\n        {\n            \"@id\": \"https:\/\/tu11.fi\/taekwondo\/wp-content\/uploads\/2012\/10\/0611201110701-1200x675-cropped.jpg#sso\/image-object\",\n            \"@context\": \"https:\/\/schema.org\",\n            \"@type\": \"ImageObject\",\n            \"url\": \"https:\/\/tu11.fi\/taekwondo\/wp-content\/uploads\/2012\/10\/0611201110701-1200x675-cropped.jpg\",\n            \"identifier\": \"1925-wpsso-schema-16x9\",\n            \"name\": \"Taekwondourhelijat 2011 SM-kisat, Olympia kampailu  &ndash;...\",\n            \"alternateName\": \"Taekwondourhelijat 2011 SM-kisat, Olympia kampailu  &ndash; Taekwondourheilijat 2011 | Taekwondoa parhaassa...\",\n            \"caption\": \"Taekwondourheilijoita SM-kisamitalit kaulassa\",\n            \"description\": \"Taekwondourheilijoita SM-kisamitalit kaulassa\",\n            \"encodingFormat\": \"image\/jpeg\",\n            \"uploadDate\": \"2012-10-10T17:10:09+00:00\",\n            \"width\": [\n                {\n                    \"@id\": \"#sso\/qv-width-px-1200\"\n                }\n            ],\n            \"height\": [\n                {\n                    \"@id\": \"#sso\/qv-height-px-675\"\n                }\n            ]\n        },\n        {\n            \"@id\": \"#sso\/qv-height-px-675\",\n            \"@context\": \"https:\/\/schema.org\",\n            \"@type\": \"QuantitativeValue\",\n            \"name\": \"Height\",\n            \"unitText\": \"px\",\n            \"unitCode\": \"E37\",\n            \"value\": \"675\"\n        },\n        {\n            \"@id\": \"\/johtoryhma\/#sso\/breadcrumb-list\/11622\",\n            \"@context\": \"https:\/\/schema.org\",\n            \"@type\": \"BreadcrumbList\",\n            \"url\": \"https:\/\/tu11.fi\/taekwondo\/de\/johtoryhma\/\",\n            \"itemListElement\": [\n                {\n                    \"@context\": \"https:\/\/schema.org\",\n                    \"@type\": \"ListItem\",\n                    \"position\": 1,\n                    \"name\": \"Home\",\n                    \"item\": \"https:\/\/tu11.fi\/taekwondo\/de\/\"\n                },\n                {\n                    \"@context\": \"https:\/\/schema.org\",\n                    \"@type\": \"ListItem\",\n                    \"position\": 2,\n                    \"name\": \"Blog\",\n                    \"item\": \"https:\/\/tu11.fi\/taekwondo\/\"\n                },\n                {\n                    \"@context\": \"https:\/\/schema.org\",\n                    \"@type\": \"ListItem\",\n                    \"position\": 3,\n                    \"name\": \"Seurajohto   Taekwondourheilijat 2011 | Taekwondoa parhaassa...\",\n                    \"item\": \"https:\/\/tu11.fi\/taekwondo\/de\/johtoryhma\/\"\n                }\n            ]\n        }\n    ]\n}<\/script>\n","<meta name=\"wpsso-end\" content=\"wpsso structured data end\"\/>\n","<meta name=\"wpsso-cached\" content=\"no cache for tu11.fi\/taekwondo\"\/>\n"],"json":[{"@context":"https:\/\/schema.org","@graph":[{"@id":"#sso\/knowledge-graph\/sports-team\/11622","@context":"https:\/\/schema.org","@type":"SportsTeam","mainEntityOfPage":"https:\/\/tu11.fi\/taekwondo\/de\/johtoryhma\/","url":"https:\/\/tu11.fi\/taekwondo\/de\/johtoryhma\/","sameAs":["https:\/\/tu11.fi\/taekwondo\/de\/?p=11622"],"name":"Seurajohto  &ndash; Taekwondourheilijat 2011 | Taekwondoa parhaassa...","alternateName":"Seurajohto  &ndash; Taekwondourheilijat 2011 | Taekwondoa parhaassa seurassa | Helsinki | Espoo | Vantaa","description":"Taekwondourheilijoiden johtoryhm&auml; vastaa koko toiminnan ohjaamisesta.","image":[{"@id":"https:\/\/tu11.fi\/taekwondo\/wp-content\/uploads\/2012\/10\/0611201110701-1200x1200-cropped.jpg#sso\/image-object"},{"@id":"https:\/\/tu11.fi\/taekwondo\/wp-content\/uploads\/2012\/10\/0611201110701-1200x900-cropped.jpg#sso\/image-object"},{"@id":"https:\/\/tu11.fi\/taekwondo\/wp-content\/uploads\/2012\/10\/0611201110701-1200x675-cropped.jpg#sso\/image-object"}]},{"@id":"https:\/\/tu11.fi\/taekwondo\/wp-content\/uploads\/2012\/10\/0611201110701-1200x1200-cropped.jpg#sso\/image-object","@context":"https:\/\/schema.org","@type":"ImageObject","url":"https:\/\/tu11.fi\/taekwondo\/wp-content\/uploads\/2012\/10\/0611201110701-1200x1200-cropped.jpg","identifier":"1925-wpsso-schema-1x1","name":"Taekwondourhelijat 2011 SM-kisat, Olympia kampailu  &ndash;...","alternateName":"Taekwondourhelijat 2011 SM-kisat, Olympia kampailu  &ndash; Taekwondourheilijat 2011 | Taekwondoa parhaassa...","caption":"Taekwondourheilijoita SM-kisamitalit kaulassa","description":"Taekwondourheilijoita SM-kisamitalit kaulassa","encodingFormat":"image\/jpeg","uploadDate":"2012-10-10T17:10:09+00:00","width":[{"@id":"#sso\/qv-width-px-1200"}],"height":[{"@id":"#sso\/qv-height-px-1200"}]},{"@id":"#sso\/qv-width-px-1200","@context":"https:\/\/schema.org","@type":"QuantitativeValue","name":"Width","unitText":"px","unitCode":"E37","value":"1200"},{"@id":"#sso\/qv-height-px-1200","@context":"https:\/\/schema.org","@type":"QuantitativeValue","name":"Height","unitText":"px","unitCode":"E37","value":"1200"},{"@id":"https:\/\/tu11.fi\/taekwondo\/wp-content\/uploads\/2012\/10\/0611201110701-1200x900-cropped.jpg#sso\/image-object","@context":"https:\/\/schema.org","@type":"ImageObject","url":"https:\/\/tu11.fi\/taekwondo\/wp-content\/uploads\/2012\/10\/0611201110701-1200x900-cropped.jpg","identifier":"1925-wpsso-schema-4x3","name":"Taekwondourhelijat 2011 SM-kisat, Olympia kampailu  &ndash;...","alternateName":"Taekwondourhelijat 2011 SM-kisat, Olympia kampailu  &ndash; Taekwondourheilijat 2011 | Taekwondoa parhaassa...","caption":"Taekwondourheilijoita SM-kisamitalit kaulassa","description":"Taekwondourheilijoita SM-kisamitalit kaulassa","encodingFormat":"image\/jpeg","uploadDate":"2012-10-10T17:10:09+00:00","width":[{"@id":"#sso\/qv-width-px-1200"}],"height":[{"@id":"#sso\/qv-height-px-900"}]},{"@id":"#sso\/qv-height-px-900","@context":"https:\/\/schema.org","@type":"QuantitativeValue","name":"Height","unitText":"px","unitCode":"E37","value":"900"},{"@id":"https:\/\/tu11.fi\/taekwondo\/wp-content\/uploads\/2012\/10\/0611201110701-1200x675-cropped.jpg#sso\/image-object","@context":"https:\/\/schema.org","@type":"ImageObject","url":"https:\/\/tu11.fi\/taekwondo\/wp-content\/uploads\/2012\/10\/0611201110701-1200x675-cropped.jpg","identifier":"1925-wpsso-schema-16x9","name":"Taekwondourhelijat 2011 SM-kisat, Olympia kampailu  &ndash;...","alternateName":"Taekwondourhelijat 2011 SM-kisat, Olympia kampailu  &ndash; Taekwondourheilijat 2011 | Taekwondoa parhaassa...","caption":"Taekwondourheilijoita SM-kisamitalit kaulassa","description":"Taekwondourheilijoita SM-kisamitalit kaulassa","encodingFormat":"image\/jpeg","uploadDate":"2012-10-10T17:10:09+00:00","width":[{"@id":"#sso\/qv-width-px-1200"}],"height":[{"@id":"#sso\/qv-height-px-675"}]},{"@id":"#sso\/qv-height-px-675","@context":"https:\/\/schema.org","@type":"QuantitativeValue","name":"Height","unitText":"px","unitCode":"E37","value":"675"},{"@id":"\/johtoryhma\/#sso\/breadcrumb-list\/11622","@context":"https:\/\/schema.org","@type":"BreadcrumbList","url":"https:\/\/tu11.fi\/taekwondo\/de\/johtoryhma\/","itemListElement":[{"@context":"https:\/\/schema.org","@type":"ListItem","position":1,"name":"Home","item":"https:\/\/tu11.fi\/taekwondo\/de\/"},{"@context":"https:\/\/schema.org","@type":"ListItem","position":2,"name":"Blog","item":"https:\/\/tu11.fi\/taekwondo\/"},{"@context":"https:\/\/schema.org","@type":"ListItem","position":3,"name":"Seurajohto   Taekwondourheilijat 2011 | Taekwondoa parhaassa...","item":"https:\/\/tu11.fi\/taekwondo\/de\/johtoryhma\/"}]}]}],"parts":[["meta","name","generator","content","WPSSO Core 21.12.0\/L*","generator:1"],["meta","name","generator","content","WPSSO RAR 3.3.0\/S","generator:2"],["meta","name","generator","content","WPSSO REST 3.3.0\/S","generator:3"],["meta","name","generator","content","WPSSO BC 5.5.0\/S","generator:4"],["meta","name","generator","content","WPSSO FAQ 7.1.0\/S","generator:5"],["meta","name","generator","content","WPSSO OPM 5.1.0\/S","generator:6"],["meta","name","generator","content","WPSSO SSM 3.4.0\/S","generator:7"],["meta","name","generator","content","WPSSO TIE 4.1.0\/S","generator:8"],["meta","name","generator","content","WPSSO UM 7.3.0\/S","generator:9"],["meta","name","generator","content","WPSSO UL 4.3.0\/S","generator:10"],["link","rel","shortlink","href","https:\/\/tu11.fi\/taekwondo\/de\/?p=11622",""],["meta","property","fb:app_id","content","966242223397117",""],["meta","property","og:time","content","2026-04-04T03:41:24+00:00",""],["meta","property","og:type","content","website",""],["meta","property","og:url","content","https:\/\/tu11.fi\/taekwondo\/de\/johtoryhma\/",""],["meta","property","og:locale","content","de_DE",""],["meta","property","og:site_name","content","Taekwondourheilijat 2011 | Taekwondoa parhaassa seurassa | Helsinki | Espoo | Vantaa",""],["meta","property","og:title","content","Seurajohto  &ndash; Taekwondourheilijat 2011 | Taekwondoa parhaassa...",""],["meta","property","og:description","content","Taekwondourheilijoiden johtoryhm&auml; vastaa koko toiminnan ohjaamisesta.",""],["meta","property","og:updated_time","content","2025-12-18T08:57:37+00:00",""],["meta","property","og:image:secure_url","content","https:\/\/tu11.fi\/taekwondo\/wp-content\/uploads\/2012\/10\/0611201110701-1200x630-cropped.jpg","og:image:1"],["meta","property","og:image:url","content","https:\/\/tu11.fi\/taekwondo\/wp-content\/uploads\/2012\/10\/0611201110701-1200x630-cropped.jpg","og:image:1"],["meta","property","og:image","content","https:\/\/tu11.fi\/taekwondo\/wp-content\/uploads\/2012\/10\/0611201110701-1200x630-cropped.jpg","og:image:1"],["meta","property","og:image:width","content","1200","og:image:1"],["meta","property","og:image:height","content","630","og:image:1"],["meta","property","og:image:cropped","content","true","og:image:1"],["meta","property","og:image:id","content","1925","og:image:1"],["meta","property","og:image:size_name","content","wpsso-opengraph","og:image:1"],["meta","name","schema:language","content","de_DE",""],["meta","name","schema:type:id","content","sports.team",""],["meta","name","schema:type:url","content","https:\/\/schema.org\/SportsTeam",""],["meta","name","schema:type:context","content","https:\/\/schema.org",""],["meta","name","schema:type:name","content","SportsTeam",""],["meta","name","schema:type:path","content","schema.org\/SportsTeam",""],["meta","property","article:author:name","content","Sampo Pajulampi",""],["meta","property","article:reading_mins","content","0",""],["meta","name","twitter:domain","content","tu11.fi",""],["meta","name","twitter:site","content","@taekwondourh",""],["meta","name","twitter:title","content","Seurajohto  &ndash; Taekwondourheilijat 2011 | Taekwondoa parhaassa...",""],["meta","name","twitter:description","content","Taekwondourheilijoiden johtoryhm&auml; vastaa koko toiminnan ohjaamisesta.",""],["meta","name","twitter:card","content","summary_large_image",""],["meta","name","twitter:image","content","https:\/\/tu11.fi\/taekwondo\/wp-content\/uploads\/2012\/10\/0611201110701-1200x630-cropped.jpg?p=11622",""],["meta","name","thumbnail","content","https:\/\/tu11.fi\/taekwondo\/wp-content\/uploads\/2012\/10\/0611201110701-1200x630-cropped.jpg",""]]},"_links":{"self":[{"href":"https:\/\/tu11.fi\/taekwondo\/de\/wp-json\/wp\/v2\/pages\/11622","targetHints":{"allow":["GET"]}}],"collection":[{"href":"https:\/\/tu11.fi\/taekwondo\/de\/wp-json\/wp\/v2\/pages"}],"about":[{"href":"https:\/\/tu11.fi\/taekwondo\/de\/wp-json\/wp\/v2\/types\/page"}],"author":[{"embeddable":true,"href":"https:\/\/tu11.fi\/taekwondo\/de\/wp-json\/wp\/v2\/users\/2"}],"replies":[{"embeddable":true,"href":"https:\/\/tu11.fi\/taekwondo\/de\/wp-json\/wp\/v2\/comments?post=11622"}],"version-history":[{"count":2,"href":"https:\/\/tu11.fi\/taekwondo\/de\/wp-json\/wp\/v2\/pages\/11622\/revisions"}],"predecessor-version":[{"id":50750,"href":"https:\/\/tu11.fi\/taekwondo\/de\/wp-json\/wp\/v2\/pages\/11622\/revisions\/50750"}],"wp:featuredmedia":[{"embeddable":true,"href":"https:\/\/tu11.fi\/taekwondo\/de\/wp-json\/wp\/v2\/media\/1925"}],"wp:attachment":[{"href":"https:\/\/tu11.fi\/taekwondo\/de\/wp-json\/wp\/v2\/media?parent=11622"}],"curies":[{"name":"wp","href":"https:\/\/api.w.org\/{rel}","templated":true}]}}