{"id":12923,"date":"2020-08-24T11:24:34","date_gmt":"2020-08-24T11:24:34","guid":{"rendered":"https:\/\/tu11.fi\/taekwondo\/?page_id=12923"},"modified":"2025-12-12T14:22:59","modified_gmt":"2025-12-12T14:22:59","slug":"finnair","status":"publish","type":"page","link":"https:\/\/tu11.fi\/taekwondo\/de\/finnair\/","title":{"rendered":"FINNAIR"},"content":{"rendered":"<p>Harjoitukset maanantaisin 17.00-18.00. Tsekkaa uutisista mahdolliset poikkeukset tai tilaa <a href=\"https:\/\/chat.whatsapp.com\/K1xQE5S1VJeBanfdRDPk8V\">WhatsApp-ilmoitukset t\u00e4st\u00e4 &gt;&gt;<\/a><br \/><br \/>Harjoitus on ilmainen. Jos haluat tukea seuraamme, maksa valitsemasi summa Mobile Paylla numeroon 49230 ja merkitse viestiin Finnair. K\u00e4yt\u00e4mme rahat tukirahastomme kautta v\u00e4h\u00e4varaisten perheiden harrastuksen tukemiseen.\u00a0<\/p>\n<p>Jos haluat tukea <a href=\"https:\/\/tu11.fi\/taekwondo\/de\/finanzielle-unterstutzung\/\">Hannin pukurahastoa<\/a>, maksa Mobile Paylla numeroon 49230 30 euroa per lahjoitettava puku ja merkitse viestiin Finnair \/ Hanni. Pro Dobok Finland antaa ilmaisen puvun jokaista lahjoitettua pukua kohti.\u00a0<\/p>\n<p><strong>Wenn Finnair Ihr Arbeitgeber ist, bieten wir Ihnen und Ihren Familienmitgliedern einen Rabatt von 20% f\u00fcr Taekwondo-Athleten und <a href=\"https:\/\/www.punttisali.com\/\">Punttisali.com<\/a> Dienstleistungen.<\/strong><\/p>\n<h4>Tuemme hakijoita tasapuolisesti<\/h4>\n<p>Tuesta p\u00e4\u00e4tt\u00e4\u00e4\u00a0 toiminnanjohtaja ja p\u00e4\u00e4t\u00f6kset tarkastaa hallitus seuran eettisten periaatteiden pohjalta. Lue lis\u00e4\u00e4 toimintaperiaatteistamme: <a href=\"https:\/\/tu11.fi\/taekwondo\/de\/eettinen-ohje\/\">https:\/\/tu11.fi\/taekwondo\/eettinen-ohje\/<\/a><\/p>\n<p>Jos tuessa on jotain erityist\u00e4 harkintaa vaativaa, hallitus p\u00e4\u00e4tt\u00e4\u00e4 asiasta. Hallitus voi p\u00e4\u00e4tt\u00e4\u00e4 maksaa tukea koko laskun summalle tai antaa tukea muillekin kuin\u00a0 tuen ehdoissa mainituille ryhmille, jos muita hakijoita ei ole tai siihen on erityisen painava syy.<\/p>\n<p>Tuki v\u00e4hennet\u00e4\u00e4n laskutettavasta summasta ja asiakas saa uden laskun, jonka tiedoilla se tulee maksaa. Hannin Pukurahaston osalta harrastaja saa uuden puvun n\u00e4ytt\u00e4m\u00e4ll\u00e4 p\u00e4\u00e4t\u00f6ksen Pro Dobok Finlandin palvelupisteell\u00e4.<\/p>\n<p>Emme pyyd\u00e4 yksityiskohtaisia tietoja.<\/p>\n<p>Kaikki tiedot h\u00e4vitet\u00e4\u00e4n hakemuksen hyv\u00e4ksymisen j\u00e4lkeen. Jaetut tuet kirjataan tietokantaan. Lahjoittajien tiedot s\u00e4ilytet\u00e4\u00e4n tilitiedoissa ja kirjanpidossamme. Lue lis\u00e4\u00e4 tietojen k\u00e4sittelyst\u00e4:\u00a0 <a href=\"http:\/\/www.tu11.fi.fi\/taekwondo\/gdpr\/\">http:\/\/www.tu11.fi.fi\/taekwondo\/gdpr\/<\/a> ja tilitietojen osalta: <a href=\"https:\/\/www.op.fi\/tietosuoja\">Tietosuoja OP:ssa<\/a>\u00a0<\/p>\n<p>Mik\u00e4li tukimaksetaan MobilePayll\u00e4, lahjoittajien tiedot s\u00e4ilytet\u00e4\u00e4n MobilePayn ehtojen mukaisesti MobilePayn j\u00e4rjestelm\u00e4ss\u00e4. Lue lis\u00e4\u00e4: <a href=\"https:\/\/vippsmobilepay.com\/en-FI\/data-processing-agreement\">MobilePayn tietojen k\u00e4sittelysopimus<\/a><\/p>\n<p>Lahjoitetuista varoista ja niiden k\u00e4yt\u00f6st\u00e4 tehd\u00e4\u00e4n erillinen t\u00e4ysin anonymisoitu kirjanpito, joka on yhdistyksen j\u00e4senten saatavilla pyynn\u00f6st\u00e4.<\/p>","protected":false},"excerpt":{"rendered":"<p>Wenn Finnair Ihr Arbeitgeber ist, bieten wir Ihnen und Ihren Familienmitgliedern dennoch einen Rabatt von 20% auf die Dienste von Taekwondo-Athleten und Punttisali.com. <\/p>","protected":false},"author":15,"featured_media":12834,"parent":0,"menu_order":0,"comment_status":"closed","ping_status":"closed","template":"templates\/template-cover.php","meta":{"footnotes":""},"class_list":["post-12923","page","type-page","status-publish","has-post-thumbnail","hentry"],"yoast_head":"<!-- This site is optimized with the Yoast SEO plugin v27.2 - https:\/\/yoast.com\/product\/yoast-seo-wordpress\/ -->\n<title>FINNAIR - Taekwondourheilijat 2011 | Taekwondoa parhaassa seurassa | Helsinki | Espoo | Vantaa<\/title>\n<meta name=\"description\" content=\"TU11 tarjoaa innostavan ymp\u00e4rist\u00f6n harjoitella taekwondoa kaikenik\u00e4isille ja -tasoisille, aloittelijoista huippu-urheilijoihin. Valmennus on systemaattista ja valmentajat maamme parhaimmistoa. Aloita taekwondo nyt!\" \/>\n<meta name=\"robots\" content=\"index, follow, max-snippet:-1, max-image-preview:large, max-video-preview:-1\" \/>\n<link rel=\"canonical\" href=\"http:\/\/tu11.fi\/taekwondo\/de\/finnair\/\" \/>\n<script type=\"application\/ld+json\" class=\"yoast-schema-graph\">{\"@context\":\"https:\/\/schema.org\",\"@graph\":[]}<\/script>\n<!-- \/ Yoast SEO plugin. -->","yoast_head_json":{"title":"FINNAIR - Taekwondourheilijat 2011 | Taekwondoa parhaassa seurassa | Helsinki | Espoo | Vantaa","description":"TU11 bietet eine inspirierende Umgebung zum \u00dcben von Taekwondo f\u00fcr alle Altersgruppen und Leistungsniveaus, vom Anf\u00e4nger bis zum Spitzensportler. Das Training ist systematisch und die Trainer sind die besten unseres Landes. Beginnen Sie jetzt mit Taekwondo!","robots":{"index":"index","follow":"follow","max-snippet":"max-snippet:-1","max-image-preview":"max-image-preview:large","max-video-preview":"max-video-preview:-1"},"canonical":"http:\/\/tu11.fi\/taekwondo\/de\/finnair\/","schema":{"@context":"https:\/\/schema.org","@graph":[]}},"amp_enabled":true,"head":{"html":["<meta name=\"wpsso-begin\" content=\"wpsso structured data begin\"\/>\n","<!-- generator:1 --><meta name=\"generator\" content=\"WPSSO Core 21.12.0\/L*\"\/>\n","<!-- generator:2 --><meta name=\"generator\" content=\"WPSSO RAR 3.3.0\/S\"\/>\n","<!-- generator:3 --><meta name=\"generator\" content=\"WPSSO REST 3.3.0\/S\"\/>\n","<!-- generator:4 --><meta name=\"generator\" content=\"WPSSO BC 5.5.0\/S\"\/>\n","<!-- generator:5 --><meta name=\"generator\" content=\"WPSSO FAQ 7.1.0\/S\"\/>\n","<!-- generator:6 --><meta name=\"generator\" content=\"WPSSO OPM 5.1.0\/S\"\/>\n","<!-- generator:7 --><meta name=\"generator\" content=\"WPSSO SSM 3.4.0\/S\"\/>\n","<!-- generator:8 --><meta name=\"generator\" content=\"WPSSO TIE 4.1.0\/S\"\/>\n","<!-- generator:9 --><meta name=\"generator\" content=\"WPSSO UM 7.3.0\/S\"\/>\n","<!-- generator:10 --><meta name=\"generator\" content=\"WPSSO UL 4.3.0\/S\"\/>\n","<link rel=\"shortlink\" href=\"https:\/\/tu11.fi\/taekwondo\/de\/?p=12923\"\/>\n","<meta property=\"fb:app_id\" content=\"966242223397117\"\/>\n","<meta property=\"og:type\" content=\"website\"\/>\n","<meta property=\"og:url\" content=\"https:\/\/tu11.fi\/taekwondo\/de\/finnair\/\"\/>\n","<meta property=\"og:locale\" content=\"de_DE\"\/>\n","<meta property=\"og:site_name\" content=\"Taekwondourheilijat 2011 | Taekwondoa parhaassa seurassa | Helsinki | Espoo | Vantaa\"\/>\n","<meta property=\"og:title\" content=\"FINNAIR  &ndash; Taekwondourheilijat 2011 | Taekwondoa parhaassa...\"\/>\n","<meta property=\"og:description\" content=\"TU11 tarjoaa innostavan ymp&auml;rist&ouml;n harjoitella taekwondoa kaikenik&auml;isille ja -tasoisille, aloittelijoista huippu-urheilijoihin. Valmennus on systemaattista ja valmentajat maamme parhaimmistoa. Aloita taekwondo nyt!\"\/>\n","<meta property=\"og:updated_time\" content=\"2025-12-12T14:22:59+00:00\"\/>\n","<!-- og:image:1 --><meta property=\"og:image\" content=\"https:\/\/tu11.fi\/taekwondo\/wp-content\/uploads\/2020\/08\/TU11_petri_aho_2-scaled-1200x630-cropped.jpg\"\/>\n","<!-- og:image:1 --><meta property=\"og:image:width\" content=\"1200\"\/>\n","<!-- og:image:1 --><meta property=\"og:image:height\" content=\"630\"\/>\n","<!-- og:image:1 --><meta property=\"og:image:alt\" content=\"Taekwondourheilijat 2011 - Taekwondoa parhaassa seurassa!\"\/>\n","<meta name=\"twitter:domain\" content=\"tu11.fi\"\/>\n","<meta name=\"twitter:site\" content=\"@taekwondourh\"\/>\n","<meta name=\"twitter:title\" content=\"FINNAIR  &ndash; Taekwondourheilijat 2011 | Taekwondoa parhaassa...\"\/>\n","<meta name=\"twitter:description\" content=\"TU11 tarjoaa innostavan ymp&auml;rist&ouml;n harjoitella taekwondoa kaikenik&auml;isille ja -tasoisille, aloittelijoista huippu-urheilijoihin. Valmennus on systemaattista ja valmentajat maamme parhaimmistoa...\"\/>\n","<meta name=\"twitter:card\" content=\"summary_large_image\"\/>\n","<meta name=\"twitter:image\" content=\"https:\/\/tu11.fi\/taekwondo\/wp-content\/uploads\/2020\/08\/TU11_petri_aho_2-scaled-1200x630-cropped.jpg?p=12923\"\/>\n","<meta name=\"twitter:image:alt\" content=\"Taekwondourheilijat 2011 - Taekwondoa parhaassa seurassa!\"\/>\n","<meta name=\"thumbnail\" content=\"https:\/\/tu11.fi\/taekwondo\/wp-content\/uploads\/2020\/08\/TU11_petri_aho_2-scaled-1200x630-cropped.jpg\"\/>\n","<script type=\"application\/ld+json\" id=\"wpsso-schema-graph\">{\n    \"@context\": \"https:\/\/schema.org\",\n    \"@graph\": [\n        {\n            \"@id\": \"#sso\/knowledge-graph\/sports-team\/12923\",\n            \"@context\": \"https:\/\/schema.org\",\n            \"@type\": \"SportsTeam\",\n            \"mainEntityOfPage\": \"https:\/\/tu11.fi\/taekwondo\/de\/finnair\/\",\n            \"url\": \"https:\/\/tu11.fi\/taekwondo\/de\/finnair\/\",\n            \"sameAs\": [\n                \"https:\/\/tu11.fi\/taekwondo\/de\/?p=12923\"\n            ],\n            \"name\": \"FINNAIR  &ndash; Taekwondourheilijat 2011 | Taekwondoa parhaassa...\",\n            \"alternateName\": \"FINNAIR  &ndash; Taekwondourheilijat 2011 | Taekwondoa parhaassa seurassa | Helsinki | Espoo | Vantaa\",\n            \"description\": \"TU11 tarjoaa innostavan ymp&auml;rist&ouml;n harjoitella taekwondoa kaikenik&auml;isille ja -tasoisille, aloittelijoista huippu-urheilijoihin. Valmennus on systemaattista ja valmentajat maamme parhaimmistoa. Aloita taekwondo nyt!\",\n            \"image\": [\n                {\n                    \"@id\": \"https:\/\/tu11.fi\/taekwondo\/wp-content\/uploads\/2020\/08\/TU11_petri_aho_2-scaled-1200x1200-cropped.jpg#sso\/image-object\"\n                },\n                {\n                    \"@id\": \"https:\/\/tu11.fi\/taekwondo\/wp-content\/uploads\/2020\/08\/TU11_petri_aho_2-scaled-1200x900-cropped.jpg#sso\/image-object\"\n                },\n                {\n                    \"@id\": \"https:\/\/tu11.fi\/taekwondo\/wp-content\/uploads\/2020\/08\/TU11_petri_aho_2-scaled-1200x675-cropped.jpg#sso\/image-object\"\n                }\n            ]\n        },\n        {\n            \"@id\": \"https:\/\/tu11.fi\/taekwondo\/wp-content\/uploads\/2020\/08\/TU11_petri_aho_2-scaled-1200x1200-cropped.jpg#sso\/image-object\",\n            \"@context\": \"https:\/\/schema.org\",\n            \"@type\": \"ImageObject\",\n            \"url\": \"https:\/\/tu11.fi\/taekwondo\/wp-content\/uploads\/2020\/08\/TU11_petri_aho_2-scaled-1200x1200-cropped.jpg\",\n            \"identifier\": \"12834-wpsso-schema-1x1\",\n            \"name\": \"TU11_petri_aho_2  &ndash; Taekwondourheilijat 2011 | Taekwondoa...\",\n            \"alternateName\": \"TU11_petri_aho_2  &ndash; Taekwondourheilijat 2011 | Taekwondoa parhaassa seurassa | Helsinki | Espoo | Vantaa\",\n            \"alternativeHeadline\": \"Taekwondourheilijat 2011 - Taekwondoa parhaassa seurassa!\",\n            \"description\": \"Taekwondourheilijat 2011 - Taekwondoa parhaassa seurassa!\",\n            \"encodingFormat\": \"image\/jpeg\",\n            \"uploadDate\": \"2020-08-06T18:53:44+00:00\",\n            \"width\": [\n                {\n                    \"@id\": \"#sso\/qv-width-px-1200\"\n                }\n            ],\n            \"height\": [\n                {\n                    \"@id\": \"#sso\/qv-height-px-1200\"\n                }\n            ]\n        },\n        {\n            \"@id\": \"#sso\/qv-width-px-1200\",\n            \"@context\": \"https:\/\/schema.org\",\n            \"@type\": \"QuantitativeValue\",\n            \"name\": \"Width\",\n            \"unitText\": \"px\",\n            \"unitCode\": \"E37\",\n            \"value\": \"1200\"\n        },\n        {\n            \"@id\": \"#sso\/qv-height-px-1200\",\n            \"@context\": \"https:\/\/schema.org\",\n            \"@type\": \"QuantitativeValue\",\n            \"name\": \"Height\",\n            \"unitText\": \"px\",\n            \"unitCode\": \"E37\",\n            \"value\": \"1200\"\n        },\n        {\n            \"@id\": \"https:\/\/tu11.fi\/taekwondo\/wp-content\/uploads\/2020\/08\/TU11_petri_aho_2-scaled-1200x900-cropped.jpg#sso\/image-object\",\n            \"@context\": \"https:\/\/schema.org\",\n            \"@type\": \"ImageObject\",\n            \"url\": \"https:\/\/tu11.fi\/taekwondo\/wp-content\/uploads\/2020\/08\/TU11_petri_aho_2-scaled-1200x900-cropped.jpg\",\n            \"identifier\": \"12834-wpsso-schema-4x3\",\n            \"name\": \"TU11_petri_aho_2  &ndash; Taekwondourheilijat 2011 | Taekwondoa...\",\n            \"alternateName\": \"TU11_petri_aho_2  &ndash; Taekwondourheilijat 2011 | Taekwondoa parhaassa seurassa | Helsinki | Espoo | Vantaa\",\n            \"alternativeHeadline\": \"Taekwondourheilijat 2011 - Taekwondoa parhaassa seurassa!\",\n            \"description\": \"Taekwondourheilijat 2011 - Taekwondoa parhaassa seurassa!\",\n            \"encodingFormat\": \"image\/jpeg\",\n            \"uploadDate\": \"2020-08-06T18:53:44+00:00\",\n            \"width\": [\n                {\n                    \"@id\": \"#sso\/qv-width-px-1200\"\n                }\n            ],\n            \"height\": [\n                {\n                    \"@id\": \"#sso\/qv-height-px-900\"\n                }\n            ]\n        },\n        {\n            \"@id\": \"#sso\/qv-height-px-900\",\n            \"@context\": \"https:\/\/schema.org\",\n            \"@type\": \"QuantitativeValue\",\n            \"name\": \"Height\",\n            \"unitText\": \"px\",\n            \"unitCode\": \"E37\",\n            \"value\": \"900\"\n        },\n        {\n            \"@id\": \"https:\/\/tu11.fi\/taekwondo\/wp-content\/uploads\/2020\/08\/TU11_petri_aho_2-scaled-1200x675-cropped.jpg#sso\/image-object\",\n            \"@context\": \"https:\/\/schema.org\",\n            \"@type\": \"ImageObject\",\n            \"url\": \"https:\/\/tu11.fi\/taekwondo\/wp-content\/uploads\/2020\/08\/TU11_petri_aho_2-scaled-1200x675-cropped.jpg\",\n            \"identifier\": \"12834-wpsso-schema-16x9\",\n            \"name\": \"TU11_petri_aho_2  &ndash; Taekwondourheilijat 2011 | Taekwondoa...\",\n            \"alternateName\": \"TU11_petri_aho_2  &ndash; Taekwondourheilijat 2011 | Taekwondoa parhaassa seurassa | Helsinki | Espoo | Vantaa\",\n            \"alternativeHeadline\": \"Taekwondourheilijat 2011 - Taekwondoa parhaassa seurassa!\",\n            \"description\": \"Taekwondourheilijat 2011 - Taekwondoa parhaassa seurassa!\",\n            \"encodingFormat\": \"image\/jpeg\",\n            \"uploadDate\": \"2020-08-06T18:53:44+00:00\",\n            \"width\": [\n                {\n                    \"@id\": \"#sso\/qv-width-px-1200\"\n                }\n            ],\n            \"height\": [\n                {\n                    \"@id\": \"#sso\/qv-height-px-675\"\n                }\n            ]\n        },\n        {\n            \"@id\": \"#sso\/qv-height-px-675\",\n            \"@context\": \"https:\/\/schema.org\",\n            \"@type\": \"QuantitativeValue\",\n            \"name\": \"Height\",\n            \"unitText\": \"px\",\n            \"unitCode\": \"E37\",\n            \"value\": \"675\"\n        },\n        {\n            \"@id\": \"\/finnair\/#sso\/breadcrumb-list\/12923\",\n            \"@context\": \"https:\/\/schema.org\",\n            \"@type\": \"BreadcrumbList\",\n            \"url\": \"https:\/\/tu11.fi\/taekwondo\/de\/finnair\/\",\n            \"itemListElement\": [\n                {\n                    \"@context\": \"https:\/\/schema.org\",\n                    \"@type\": \"ListItem\",\n                    \"position\": 1,\n                    \"name\": \"Home\",\n                    \"item\": \"https:\/\/tu11.fi\/taekwondo\/de\/\"\n                },\n                {\n                    \"@context\": \"https:\/\/schema.org\",\n                    \"@type\": \"ListItem\",\n                    \"position\": 2,\n                    \"name\": \"Blog\",\n                    \"item\": \"https:\/\/tu11.fi\/taekwondo\/\"\n                },\n                {\n                    \"@context\": \"https:\/\/schema.org\",\n                    \"@type\": \"ListItem\",\n                    \"position\": 3,\n                    \"name\": \"FINNAIR   Taekwondourheilijat 2011 | Taekwondoa parhaassa seurassa...\",\n                    \"item\": \"https:\/\/tu11.fi\/taekwondo\/de\/finnair\/\"\n                }\n            ]\n        }\n    ]\n}<\/script>\n","<meta name=\"wpsso-end\" content=\"wpsso structured data end\"\/>\n","<meta name=\"wpsso-cached\" content=\"no cache for tu11.fi\/taekwondo\"\/>\n"],"json":[{"@context":"https:\/\/schema.org","@graph":[{"@id":"#sso\/knowledge-graph\/sports-team\/12923","@context":"https:\/\/schema.org","@type":"SportsTeam","mainEntityOfPage":"https:\/\/tu11.fi\/taekwondo\/de\/finnair\/","url":"https:\/\/tu11.fi\/taekwondo\/de\/finnair\/","sameAs":["https:\/\/tu11.fi\/taekwondo\/de\/?p=12923"],"name":"FINNAIR  &ndash; Taekwondourheilijat 2011 | Taekwondoa parhaassa...","alternateName":"FINNAIR  &ndash; Taekwondourheilijat 2011 | Taekwondoa parhaassa seurassa | Helsinki | Espoo | Vantaa","description":"TU11 tarjoaa innostavan ymp&auml;rist&ouml;n harjoitella taekwondoa kaikenik&auml;isille ja -tasoisille, aloittelijoista huippu-urheilijoihin. Valmennus on systemaattista ja valmentajat maamme parhaimmistoa. Aloita taekwondo nyt!","image":[{"@id":"https:\/\/tu11.fi\/taekwondo\/wp-content\/uploads\/2020\/08\/TU11_petri_aho_2-scaled-1200x1200-cropped.jpg#sso\/image-object"},{"@id":"https:\/\/tu11.fi\/taekwondo\/wp-content\/uploads\/2020\/08\/TU11_petri_aho_2-scaled-1200x900-cropped.jpg#sso\/image-object"},{"@id":"https:\/\/tu11.fi\/taekwondo\/wp-content\/uploads\/2020\/08\/TU11_petri_aho_2-scaled-1200x675-cropped.jpg#sso\/image-object"}]},{"@id":"https:\/\/tu11.fi\/taekwondo\/wp-content\/uploads\/2020\/08\/TU11_petri_aho_2-scaled-1200x1200-cropped.jpg#sso\/image-object","@context":"https:\/\/schema.org","@type":"ImageObject","url":"https:\/\/tu11.fi\/taekwondo\/wp-content\/uploads\/2020\/08\/TU11_petri_aho_2-scaled-1200x1200-cropped.jpg","identifier":"12834-wpsso-schema-1x1","name":"TU11_petri_aho_2  &ndash; Taekwondourheilijat 2011 | Taekwondoa...","alternateName":"TU11_petri_aho_2  &ndash; Taekwondourheilijat 2011 | Taekwondoa parhaassa seurassa | Helsinki | Espoo | Vantaa","alternativeHeadline":"Taekwondourheilijat 2011 - Taekwondoa parhaassa seurassa!","description":"Taekwondourheilijat 2011 - Taekwondoa parhaassa seurassa!","encodingFormat":"image\/jpeg","uploadDate":"2020-08-06T18:53:44+00:00","width":[{"@id":"#sso\/qv-width-px-1200"}],"height":[{"@id":"#sso\/qv-height-px-1200"}]},{"@id":"#sso\/qv-width-px-1200","@context":"https:\/\/schema.org","@type":"QuantitativeValue","name":"Width","unitText":"px","unitCode":"E37","value":"1200"},{"@id":"#sso\/qv-height-px-1200","@context":"https:\/\/schema.org","@type":"QuantitativeValue","name":"Height","unitText":"px","unitCode":"E37","value":"1200"},{"@id":"https:\/\/tu11.fi\/taekwondo\/wp-content\/uploads\/2020\/08\/TU11_petri_aho_2-scaled-1200x900-cropped.jpg#sso\/image-object","@context":"https:\/\/schema.org","@type":"ImageObject","url":"https:\/\/tu11.fi\/taekwondo\/wp-content\/uploads\/2020\/08\/TU11_petri_aho_2-scaled-1200x900-cropped.jpg","identifier":"12834-wpsso-schema-4x3","name":"TU11_petri_aho_2  &ndash; Taekwondourheilijat 2011 | Taekwondoa...","alternateName":"TU11_petri_aho_2  &ndash; Taekwondourheilijat 2011 | Taekwondoa parhaassa seurassa | Helsinki | Espoo | Vantaa","alternativeHeadline":"Taekwondourheilijat 2011 - Taekwondoa parhaassa seurassa!","description":"Taekwondourheilijat 2011 - Taekwondoa parhaassa seurassa!","encodingFormat":"image\/jpeg","uploadDate":"2020-08-06T18:53:44+00:00","width":[{"@id":"#sso\/qv-width-px-1200"}],"height":[{"@id":"#sso\/qv-height-px-900"}]},{"@id":"#sso\/qv-height-px-900","@context":"https:\/\/schema.org","@type":"QuantitativeValue","name":"Height","unitText":"px","unitCode":"E37","value":"900"},{"@id":"https:\/\/tu11.fi\/taekwondo\/wp-content\/uploads\/2020\/08\/TU11_petri_aho_2-scaled-1200x675-cropped.jpg#sso\/image-object","@context":"https:\/\/schema.org","@type":"ImageObject","url":"https:\/\/tu11.fi\/taekwondo\/wp-content\/uploads\/2020\/08\/TU11_petri_aho_2-scaled-1200x675-cropped.jpg","identifier":"12834-wpsso-schema-16x9","name":"TU11_petri_aho_2  &ndash; Taekwondourheilijat 2011 | Taekwondoa...","alternateName":"TU11_petri_aho_2  &ndash; Taekwondourheilijat 2011 | Taekwondoa parhaassa seurassa | Helsinki | Espoo | Vantaa","alternativeHeadline":"Taekwondourheilijat 2011 - Taekwondoa parhaassa seurassa!","description":"Taekwondourheilijat 2011 - Taekwondoa parhaassa seurassa!","encodingFormat":"image\/jpeg","uploadDate":"2020-08-06T18:53:44+00:00","width":[{"@id":"#sso\/qv-width-px-1200"}],"height":[{"@id":"#sso\/qv-height-px-675"}]},{"@id":"#sso\/qv-height-px-675","@context":"https:\/\/schema.org","@type":"QuantitativeValue","name":"Height","unitText":"px","unitCode":"E37","value":"675"},{"@id":"\/finnair\/#sso\/breadcrumb-list\/12923","@context":"https:\/\/schema.org","@type":"BreadcrumbList","url":"https:\/\/tu11.fi\/taekwondo\/de\/finnair\/","itemListElement":[{"@context":"https:\/\/schema.org","@type":"ListItem","position":1,"name":"Home","item":"https:\/\/tu11.fi\/taekwondo\/de\/"},{"@context":"https:\/\/schema.org","@type":"ListItem","position":2,"name":"Blog","item":"https:\/\/tu11.fi\/taekwondo\/"},{"@context":"https:\/\/schema.org","@type":"ListItem","position":3,"name":"FINNAIR   Taekwondourheilijat 2011 | Taekwondoa parhaassa seurassa...","item":"https:\/\/tu11.fi\/taekwondo\/de\/finnair\/"}]}]}],"parts":[["meta","name","generator","content","WPSSO Core 21.12.0\/L*","generator:1"],["meta","name","generator","content","WPSSO RAR 3.3.0\/S","generator:2"],["meta","name","generator","content","WPSSO REST 3.3.0\/S","generator:3"],["meta","name","generator","content","WPSSO BC 5.5.0\/S","generator:4"],["meta","name","generator","content","WPSSO FAQ 7.1.0\/S","generator:5"],["meta","name","generator","content","WPSSO OPM 5.1.0\/S","generator:6"],["meta","name","generator","content","WPSSO SSM 3.4.0\/S","generator:7"],["meta","name","generator","content","WPSSO TIE 4.1.0\/S","generator:8"],["meta","name","generator","content","WPSSO UM 7.3.0\/S","generator:9"],["meta","name","generator","content","WPSSO UL 4.3.0\/S","generator:10"],["link","rel","shortlink","href","https:\/\/tu11.fi\/taekwondo\/de\/?p=12923",""],["meta","property","fb:app_id","content","966242223397117",""],["meta","property","og:time","content","2026-04-04T00:03:40+00:00",""],["meta","property","og:type","content","website",""],["meta","property","og:url","content","https:\/\/tu11.fi\/taekwondo\/de\/finnair\/",""],["meta","property","og:locale","content","de_DE",""],["meta","property","og:site_name","content","Taekwondourheilijat 2011 | Taekwondoa parhaassa seurassa | Helsinki | Espoo | Vantaa",""],["meta","property","og:title","content","FINNAIR  &ndash; Taekwondourheilijat 2011 | Taekwondoa parhaassa...",""],["meta","property","og:description","content","TU11 tarjoaa innostavan ymp&auml;rist&ouml;n harjoitella taekwondoa kaikenik&auml;isille ja -tasoisille, aloittelijoista huippu-urheilijoihin. Valmennus on systemaattista ja valmentajat maamme parhaimmistoa. Aloita taekwondo nyt!",""],["meta","property","og:updated_time","content","2025-12-12T14:22:59+00:00",""],["meta","property","og:image:secure_url","content","https:\/\/tu11.fi\/taekwondo\/wp-content\/uploads\/2020\/08\/TU11_petri_aho_2-scaled-1200x630-cropped.jpg","og:image:1"],["meta","property","og:image:url","content","https:\/\/tu11.fi\/taekwondo\/wp-content\/uploads\/2020\/08\/TU11_petri_aho_2-scaled-1200x630-cropped.jpg","og:image:1"],["meta","property","og:image","content","https:\/\/tu11.fi\/taekwondo\/wp-content\/uploads\/2020\/08\/TU11_petri_aho_2-scaled-1200x630-cropped.jpg","og:image:1"],["meta","property","og:image:width","content","1200","og:image:1"],["meta","property","og:image:height","content","630","og:image:1"],["meta","property","og:image:cropped","content","true","og:image:1"],["meta","property","og:image:id","content","12834","og:image:1"],["meta","property","og:image:alt","content","Taekwondourheilijat 2011 - Taekwondoa parhaassa seurassa!","og:image:1"],["meta","property","og:image:size_name","content","wpsso-opengraph","og:image:1"],["meta","name","schema:language","content","de_DE",""],["meta","name","schema:type:id","content","sports.team",""],["meta","name","schema:type:url","content","https:\/\/schema.org\/SportsTeam",""],["meta","name","schema:type:context","content","https:\/\/schema.org",""],["meta","name","schema:type:name","content","SportsTeam",""],["meta","name","schema:type:path","content","schema.org\/SportsTeam",""],["meta","property","article:author:name","content","Taekwondourheilijat 2011",""],["meta","property","article:reading_mins","content","1",""],["meta","name","twitter:domain","content","tu11.fi",""],["meta","name","twitter:site","content","@taekwondourh",""],["meta","name","twitter:title","content","FINNAIR  &ndash; Taekwondourheilijat 2011 | Taekwondoa parhaassa...",""],["meta","name","twitter:description","content","TU11 tarjoaa innostavan ymp&auml;rist&ouml;n harjoitella taekwondoa kaikenik&auml;isille ja -tasoisille, aloittelijoista huippu-urheilijoihin. Valmennus on systemaattista ja valmentajat maamme parhaimmistoa...",""],["meta","name","twitter:card","content","summary_large_image",""],["meta","name","twitter:image","content","https:\/\/tu11.fi\/taekwondo\/wp-content\/uploads\/2020\/08\/TU11_petri_aho_2-scaled-1200x630-cropped.jpg?p=12923",""],["meta","name","twitter:image:alt","content","Taekwondourheilijat 2011 - Taekwondoa parhaassa seurassa!",""],["meta","name","thumbnail","content","https:\/\/tu11.fi\/taekwondo\/wp-content\/uploads\/2020\/08\/TU11_petri_aho_2-scaled-1200x630-cropped.jpg",""]]},"_links":{"self":[{"href":"https:\/\/tu11.fi\/taekwondo\/de\/wp-json\/wp\/v2\/pages\/12923","targetHints":{"allow":["GET"]}}],"collection":[{"href":"https:\/\/tu11.fi\/taekwondo\/de\/wp-json\/wp\/v2\/pages"}],"about":[{"href":"https:\/\/tu11.fi\/taekwondo\/de\/wp-json\/wp\/v2\/types\/page"}],"author":[{"embeddable":true,"href":"https:\/\/tu11.fi\/taekwondo\/de\/wp-json\/wp\/v2\/users\/15"}],"replies":[{"embeddable":true,"href":"https:\/\/tu11.fi\/taekwondo\/de\/wp-json\/wp\/v2\/comments?post=12923"}],"version-history":[{"count":4,"href":"https:\/\/tu11.fi\/taekwondo\/de\/wp-json\/wp\/v2\/pages\/12923\/revisions"}],"predecessor-version":[{"id":50725,"href":"https:\/\/tu11.fi\/taekwondo\/de\/wp-json\/wp\/v2\/pages\/12923\/revisions\/50725"}],"wp:featuredmedia":[{"embeddable":true,"href":"https:\/\/tu11.fi\/taekwondo\/de\/wp-json\/wp\/v2\/media\/12834"}],"wp:attachment":[{"href":"https:\/\/tu11.fi\/taekwondo\/de\/wp-json\/wp\/v2\/media?parent=12923"}],"curies":[{"name":"wp","href":"https:\/\/api.w.org\/{rel}","templated":true}]}}