{"id":15513,"date":"2022-02-18T09:24:06","date_gmt":"2022-02-18T09:24:06","guid":{"rendered":"https:\/\/tu11.fi\/taekwondo\/?page_id=15513"},"modified":"2022-02-18T10:10:02","modified_gmt":"2022-02-18T10:10:02","slug":"wascherei-service","status":"publish","type":"page","link":"https:\/\/tu11.fi\/taekwondo\/de\/pyykkipalvelu\/","title":{"rendered":"W\u00e4scheservice 15\/Monat"},"content":{"rendered":"<p>Waschen Sie Ihren Anzug und andere Trainingsausr\u00fcstung bei uns! Machen Sie einen Deal, lassen Sie Ihre schmutzige Kleidung im Korb und reinigen Sie sie zweimal pro Woche an der Garderobe. Waschen Sie Ihren Dobok, Ihren waschbaren Schutz und zum Beispiel Ihre Latzkleidung!<\/p>\n<p>Wenn Sie den Service er\u00f6ffnet haben, erhalten Sie einen regul\u00e4ren Namensaufkleber, den Sie auf die Waschetiketten Ihrer Ausr\u00fcstung kleben, damit Sie ihn in der Garderobe wiederfinden. Legen Sie die Kleidung, die in einem W\u00e4schesack gewaschen werden muss, in W\u00e4sches\u00e4cke.<br \/><br \/>Farbige Kleidung wird mit einem 30\u00b0C-Programm gewaschen, wei\u00dfe (z. B. Doboks) mit einem 40\u00b0C-Programm. Die W\u00e4sche wird am Dienstag bis 21:00 Uhr (Donnerstag fertig 17:00 Uhr) und am Donnerstag bis 21:00 Uhr (Montag fertig 17:00 Uhr) abgegeben.<\/p>\n<p>Er\u00f6ffnungsgeb\u00fchr 20 \u20ac<br \/>Monatliche Geb\u00fchr bei einem 6-Monats-Vertrag 15 \u20ac\/Monat (90 \u20ac\/6 Monate)<br \/>Monatliche Geb\u00fchr bei Monatsvertrag 20\u20ac\/Monat<br \/>Wenn Sie einen Kleiderschrank haben und W\u00e4sche in Ihrem Schrank haben m\u00f6chten +2\u20ac\/Monat, <a href=\"https:\/\/tu11.fi\/taekwondo\/de\/eigener-kleiderschrank\/\">Holen Sie sich Ihr eigenes Schlie\u00dffach f\u00fcr 7 \u20ac\/Monat<\/a><\/p>\n<p>Bestellen Sie den Service an der Theke oder <a href=\"mailto:info@tu11.fi.main.hoste.fi\">info@tu11.fi.main.hoste.fi<\/a><\/p>","protected":false},"excerpt":{"rendered":"<p>Foto: https:\/\/unsplash.com\/@enginakyurt<\/p>","protected":false},"author":2,"featured_media":15514,"parent":0,"menu_order":0,"comment_status":"closed","ping_status":"closed","template":"templates\/template-cover.php","meta":{"footnotes":""},"class_list":["post-15513","page","type-page","status-publish","has-post-thumbnail","hentry"],"yoast_head":"<!-- This site is optimized with the Yoast SEO plugin v27.2 - https:\/\/yoast.com\/product\/yoast-seo-wordpress\/ -->\n<title>Pyykkipalvelu 15\/kk - Taekwondourheilijat 2011 | Taekwondoa parhaassa seurassa | Helsinki | Espoo | Vantaa<\/title>\n<meta name=\"description\" content=\"TU11 tarjoaa innostavan ymp\u00e4rist\u00f6n harjoitella taekwondoa kaikenik\u00e4isille ja -tasoisille, aloittelijoista huippu-urheilijoihin. Valmennus on systemaattista ja valmentajat maamme parhaimmistoa. Aloita taekwondo nyt!\" \/>\n<meta name=\"robots\" content=\"index, follow, max-snippet:-1, max-image-preview:large, max-video-preview:-1\" \/>\n<link rel=\"canonical\" href=\"https:\/\/tu11.fi\/taekwondo\/de\/wascherei-service\/\" \/>\n<script type=\"application\/ld+json\" class=\"yoast-schema-graph\">{\"@context\":\"https:\/\/schema.org\",\"@graph\":[]}<\/script>\n<!-- \/ Yoast SEO plugin. -->","yoast_head_json":{"title":"Pyykkipalvelu 15\/kk - Taekwondourheilijat 2011 | Taekwondoa parhaassa seurassa | Helsinki | Espoo | Vantaa","description":"TU11 bietet eine inspirierende Umgebung zum \u00dcben von Taekwondo f\u00fcr alle Altersgruppen und Leistungsniveaus, vom Anf\u00e4nger bis zum Spitzensportler. Das Training ist systematisch und die Trainer sind die besten unseres Landes. Beginnen Sie jetzt mit Taekwondo!","robots":{"index":"index","follow":"follow","max-snippet":"max-snippet:-1","max-image-preview":"max-image-preview:large","max-video-preview":"max-video-preview:-1"},"canonical":"https:\/\/tu11.fi\/taekwondo\/de\/wascherei-service\/","schema":{"@context":"https:\/\/schema.org","@graph":[]}},"amp_enabled":true,"head":{"html":["<meta name=\"wpsso-begin\" content=\"wpsso structured data begin\"\/>\n","<!-- generator:1 --><meta name=\"generator\" content=\"WPSSO Core 21.12.0\/L*\"\/>\n","<!-- generator:2 --><meta name=\"generator\" content=\"WPSSO RAR 3.3.0\/S\"\/>\n","<!-- generator:3 --><meta name=\"generator\" content=\"WPSSO REST 3.3.0\/S\"\/>\n","<!-- generator:4 --><meta name=\"generator\" content=\"WPSSO BC 5.5.0\/S\"\/>\n","<!-- generator:5 --><meta name=\"generator\" content=\"WPSSO FAQ 7.1.0\/S\"\/>\n","<!-- generator:6 --><meta name=\"generator\" content=\"WPSSO OPM 5.1.0\/S\"\/>\n","<!-- generator:7 --><meta name=\"generator\" content=\"WPSSO SSM 3.4.0\/S\"\/>\n","<!-- generator:8 --><meta name=\"generator\" content=\"WPSSO TIE 4.1.0\/S\"\/>\n","<!-- generator:9 --><meta name=\"generator\" content=\"WPSSO UM 7.3.0\/S\"\/>\n","<!-- generator:10 --><meta name=\"generator\" content=\"WPSSO UL 4.3.0\/S\"\/>\n","<link rel=\"shortlink\" href=\"https:\/\/tu11.fi\/taekwondo\/de\/?p=15513\"\/>\n","<meta property=\"fb:app_id\" content=\"966242223397117\"\/>\n","<meta property=\"og:type\" content=\"website\"\/>\n","<meta property=\"og:url\" content=\"https:\/\/tu11.fi\/taekwondo\/de\/pyykkipalvelu\/\"\/>\n","<meta property=\"og:locale\" content=\"de_DE\"\/>\n","<meta property=\"og:site_name\" content=\"Taekwondourheilijat 2011 | Taekwondoa parhaassa seurassa | Helsinki | Espoo | Vantaa\"\/>\n","<meta property=\"og:title\" content=\"Pyykkipalvelu 15\/kk  &ndash; Taekwondourheilijat 2011 | Taekwondoa...\"\/>\n","<meta property=\"og:description\" content=\"TU11 tarjoaa innostavan ymp&auml;rist&ouml;n harjoitella taekwondoa kaikenik&auml;isille ja -tasoisille, aloittelijoista huippu-urheilijoihin. Valmennus on systemaattista ja valmentajat maamme parhaimmistoa. Aloita taekwondo nyt!\"\/>\n","<meta property=\"og:updated_time\" content=\"2022-02-18T10:10:02+00:00\"\/>\n","<!-- og:image:1 --><meta property=\"og:image\" content=\"https:\/\/tu11.fi\/taekwondo\/wp-content\/uploads\/2022\/02\/engin-akyurt-yCYVV8-kQNM-unsplash-scaled-1200x630-cropped.jpg\"\/>\n","<!-- og:image:1 --><meta property=\"og:image:width\" content=\"1200\"\/>\n","<!-- og:image:1 --><meta property=\"og:image:height\" content=\"630\"\/>\n","<meta name=\"twitter:domain\" content=\"tu11.fi\"\/>\n","<meta name=\"twitter:site\" content=\"@taekwondourh\"\/>\n","<meta name=\"twitter:title\" content=\"Pyykkipalvelu 15\/kk  &ndash; Taekwondourheilijat 2011 | Taekwondoa...\"\/>\n","<meta name=\"twitter:description\" content=\"TU11 tarjoaa innostavan ymp&auml;rist&ouml;n harjoitella taekwondoa kaikenik&auml;isille ja -tasoisille, aloittelijoista huippu-urheilijoihin. Valmennus on systemaattista ja valmentajat maamme parhaimmistoa...\"\/>\n","<meta name=\"twitter:card\" content=\"summary_large_image\"\/>\n","<meta name=\"twitter:image\" content=\"https:\/\/tu11.fi\/taekwondo\/wp-content\/uploads\/2022\/02\/engin-akyurt-yCYVV8-kQNM-unsplash-scaled-1200x630-cropped.jpg?p=15513\"\/>\n","<meta name=\"thumbnail\" content=\"https:\/\/tu11.fi\/taekwondo\/wp-content\/uploads\/2022\/02\/engin-akyurt-yCYVV8-kQNM-unsplash-scaled-1200x630-cropped.jpg\"\/>\n","<script type=\"application\/ld+json\" id=\"wpsso-schema-graph\">{\n    \"@context\": \"https:\/\/schema.org\",\n    \"@graph\": [\n        {\n            \"@id\": \"#sso\/knowledge-graph\/sports-team\/15513\",\n            \"@context\": \"https:\/\/schema.org\",\n            \"@type\": \"SportsTeam\",\n            \"mainEntityOfPage\": \"https:\/\/tu11.fi\/taekwondo\/de\/pyykkipalvelu\/\",\n            \"url\": \"https:\/\/tu11.fi\/taekwondo\/de\/pyykkipalvelu\/\",\n            \"sameAs\": [\n                \"https:\/\/tu11.fi\/taekwondo\/de\/?p=15513\"\n            ],\n            \"name\": \"Pyykkipalvelu 15\/kk  &ndash; Taekwondourheilijat 2011 | Taekwondoa...\",\n            \"alternateName\": \"Pyykkipalvelu 15\/kk  &ndash; Taekwondourheilijat 2011 | Taekwondoa parhaassa seurassa | Helsinki | Espoo | Vantaa\",\n            \"description\": \"TU11 tarjoaa innostavan ymp&auml;rist&ouml;n harjoitella taekwondoa kaikenik&auml;isille ja -tasoisille, aloittelijoista huippu-urheilijoihin. Valmennus on systemaattista ja valmentajat maamme parhaimmistoa. Aloita taekwondo nyt!\",\n            \"image\": [\n                {\n                    \"@id\": \"https:\/\/tu11.fi\/taekwondo\/wp-content\/uploads\/2022\/02\/engin-akyurt-yCYVV8-kQNM-unsplash-scaled-1200x1200-cropped.jpg#sso\/image-object\"\n                },\n                {\n                    \"@id\": \"https:\/\/tu11.fi\/taekwondo\/wp-content\/uploads\/2022\/02\/engin-akyurt-yCYVV8-kQNM-unsplash-scaled-1200x900-cropped.jpg#sso\/image-object\"\n                },\n                {\n                    \"@id\": \"https:\/\/tu11.fi\/taekwondo\/wp-content\/uploads\/2022\/02\/engin-akyurt-yCYVV8-kQNM-unsplash-scaled-1200x675-cropped.jpg#sso\/image-object\"\n                }\n            ]\n        },\n        {\n            \"@id\": \"https:\/\/tu11.fi\/taekwondo\/wp-content\/uploads\/2022\/02\/engin-akyurt-yCYVV8-kQNM-unsplash-scaled-1200x1200-cropped.jpg#sso\/image-object\",\n            \"@context\": \"https:\/\/schema.org\",\n            \"@type\": \"ImageObject\",\n            \"url\": \"https:\/\/tu11.fi\/taekwondo\/wp-content\/uploads\/2022\/02\/engin-akyurt-yCYVV8-kQNM-unsplash-scaled-1200x1200-cropped.jpg\",\n            \"identifier\": \"15514-wpsso-schema-1x1\",\n            \"name\": \"engin-akyurt-yCYVV8-kQNM-unsplash  &ndash; Taekwondourheilijat 2011 |...\",\n            \"alternateName\": \"engin-akyurt-yCYVV8-kQNM-unsplash  &ndash; Taekwondourheilijat 2011 | Taekwondoa parhaassa seurassa | Helsinki |...\",\n            \"description\": \"No Description.\",\n            \"encodingFormat\": \"image\/jpeg\",\n            \"uploadDate\": \"2022-02-18T07:50:55+00:00\",\n            \"width\": [\n                {\n                    \"@id\": \"#sso\/qv-width-px-1200\"\n                }\n            ],\n            \"height\": [\n                {\n                    \"@id\": \"#sso\/qv-height-px-1200\"\n                }\n            ]\n        },\n        {\n            \"@id\": \"#sso\/qv-width-px-1200\",\n            \"@context\": \"https:\/\/schema.org\",\n            \"@type\": \"QuantitativeValue\",\n            \"name\": \"Width\",\n            \"unitText\": \"px\",\n            \"unitCode\": \"E37\",\n            \"value\": \"1200\"\n        },\n        {\n            \"@id\": \"#sso\/qv-height-px-1200\",\n            \"@context\": \"https:\/\/schema.org\",\n            \"@type\": \"QuantitativeValue\",\n            \"name\": \"Height\",\n            \"unitText\": \"px\",\n            \"unitCode\": \"E37\",\n            \"value\": \"1200\"\n        },\n        {\n            \"@id\": \"https:\/\/tu11.fi\/taekwondo\/wp-content\/uploads\/2022\/02\/engin-akyurt-yCYVV8-kQNM-unsplash-scaled-1200x900-cropped.jpg#sso\/image-object\",\n            \"@context\": \"https:\/\/schema.org\",\n            \"@type\": \"ImageObject\",\n            \"url\": \"https:\/\/tu11.fi\/taekwondo\/wp-content\/uploads\/2022\/02\/engin-akyurt-yCYVV8-kQNM-unsplash-scaled-1200x900-cropped.jpg\",\n            \"identifier\": \"15514-wpsso-schema-4x3\",\n            \"name\": \"engin-akyurt-yCYVV8-kQNM-unsplash  &ndash; Taekwondourheilijat 2011 |...\",\n            \"alternateName\": \"engin-akyurt-yCYVV8-kQNM-unsplash  &ndash; Taekwondourheilijat 2011 | Taekwondoa parhaassa seurassa | Helsinki |...\",\n            \"description\": \"No Description.\",\n            \"encodingFormat\": \"image\/jpeg\",\n            \"uploadDate\": \"2022-02-18T07:50:55+00:00\",\n            \"width\": [\n                {\n                    \"@id\": \"#sso\/qv-width-px-1200\"\n                }\n            ],\n            \"height\": [\n                {\n                    \"@id\": \"#sso\/qv-height-px-900\"\n                }\n            ]\n        },\n        {\n            \"@id\": \"#sso\/qv-height-px-900\",\n            \"@context\": \"https:\/\/schema.org\",\n            \"@type\": \"QuantitativeValue\",\n            \"name\": \"Height\",\n            \"unitText\": \"px\",\n            \"unitCode\": \"E37\",\n            \"value\": \"900\"\n        },\n        {\n            \"@id\": \"https:\/\/tu11.fi\/taekwondo\/wp-content\/uploads\/2022\/02\/engin-akyurt-yCYVV8-kQNM-unsplash-scaled-1200x675-cropped.jpg#sso\/image-object\",\n            \"@context\": \"https:\/\/schema.org\",\n            \"@type\": \"ImageObject\",\n            \"url\": \"https:\/\/tu11.fi\/taekwondo\/wp-content\/uploads\/2022\/02\/engin-akyurt-yCYVV8-kQNM-unsplash-scaled-1200x675-cropped.jpg\",\n            \"identifier\": \"15514-wpsso-schema-16x9\",\n            \"name\": \"engin-akyurt-yCYVV8-kQNM-unsplash  &ndash; Taekwondourheilijat 2011 |...\",\n            \"alternateName\": \"engin-akyurt-yCYVV8-kQNM-unsplash  &ndash; Taekwondourheilijat 2011 | Taekwondoa parhaassa seurassa | Helsinki |...\",\n            \"description\": \"No Description.\",\n            \"encodingFormat\": \"image\/jpeg\",\n            \"uploadDate\": \"2022-02-18T07:50:55+00:00\",\n            \"width\": [\n                {\n                    \"@id\": \"#sso\/qv-width-px-1200\"\n                }\n            ],\n            \"height\": [\n                {\n                    \"@id\": \"#sso\/qv-height-px-675\"\n                }\n            ]\n        },\n        {\n            \"@id\": \"#sso\/qv-height-px-675\",\n            \"@context\": \"https:\/\/schema.org\",\n            \"@type\": \"QuantitativeValue\",\n            \"name\": \"Height\",\n            \"unitText\": \"px\",\n            \"unitCode\": \"E37\",\n            \"value\": \"675\"\n        },\n        {\n            \"@id\": \"\/pyykkipalvelu\/#sso\/breadcrumb-list\/15513\",\n            \"@context\": \"https:\/\/schema.org\",\n            \"@type\": \"BreadcrumbList\",\n            \"url\": \"https:\/\/tu11.fi\/taekwondo\/de\/pyykkipalvelu\/\",\n            \"itemListElement\": [\n                {\n                    \"@context\": \"https:\/\/schema.org\",\n                    \"@type\": \"ListItem\",\n                    \"position\": 1,\n                    \"name\": \"Home\",\n                    \"item\": \"https:\/\/tu11.fi\/taekwondo\/de\/\"\n                },\n                {\n                    \"@context\": \"https:\/\/schema.org\",\n                    \"@type\": \"ListItem\",\n                    \"position\": 2,\n                    \"name\": \"Blog\",\n                    \"item\": \"https:\/\/tu11.fi\/taekwondo\/\"\n                },\n                {\n                    \"@context\": \"https:\/\/schema.org\",\n                    \"@type\": \"ListItem\",\n                    \"position\": 3,\n                    \"name\": \"Pyykkipalvelu 15\/kk   Taekwondourheilijat 2011 | Taekwondoa...\",\n                    \"item\": \"https:\/\/tu11.fi\/taekwondo\/de\/pyykkipalvelu\/\"\n                }\n            ]\n        }\n    ]\n}<\/script>\n","<meta name=\"wpsso-end\" content=\"wpsso structured data end\"\/>\n","<meta name=\"wpsso-cached\" content=\"no cache for tu11.fi\/taekwondo\"\/>\n"],"json":[{"@context":"https:\/\/schema.org","@graph":[{"@id":"#sso\/knowledge-graph\/sports-team\/15513","@context":"https:\/\/schema.org","@type":"SportsTeam","mainEntityOfPage":"https:\/\/tu11.fi\/taekwondo\/de\/pyykkipalvelu\/","url":"https:\/\/tu11.fi\/taekwondo\/de\/pyykkipalvelu\/","sameAs":["https:\/\/tu11.fi\/taekwondo\/de\/?p=15513"],"name":"Pyykkipalvelu 15\/kk  &ndash; Taekwondourheilijat 2011 | Taekwondoa...","alternateName":"Pyykkipalvelu 15\/kk  &ndash; Taekwondourheilijat 2011 | Taekwondoa parhaassa seurassa | Helsinki | Espoo | Vantaa","description":"TU11 tarjoaa innostavan ymp&auml;rist&ouml;n harjoitella taekwondoa kaikenik&auml;isille ja -tasoisille, aloittelijoista huippu-urheilijoihin. Valmennus on systemaattista ja valmentajat maamme parhaimmistoa. Aloita taekwondo nyt!","image":[{"@id":"https:\/\/tu11.fi\/taekwondo\/wp-content\/uploads\/2022\/02\/engin-akyurt-yCYVV8-kQNM-unsplash-scaled-1200x1200-cropped.jpg#sso\/image-object"},{"@id":"https:\/\/tu11.fi\/taekwondo\/wp-content\/uploads\/2022\/02\/engin-akyurt-yCYVV8-kQNM-unsplash-scaled-1200x900-cropped.jpg#sso\/image-object"},{"@id":"https:\/\/tu11.fi\/taekwondo\/wp-content\/uploads\/2022\/02\/engin-akyurt-yCYVV8-kQNM-unsplash-scaled-1200x675-cropped.jpg#sso\/image-object"}]},{"@id":"https:\/\/tu11.fi\/taekwondo\/wp-content\/uploads\/2022\/02\/engin-akyurt-yCYVV8-kQNM-unsplash-scaled-1200x1200-cropped.jpg#sso\/image-object","@context":"https:\/\/schema.org","@type":"ImageObject","url":"https:\/\/tu11.fi\/taekwondo\/wp-content\/uploads\/2022\/02\/engin-akyurt-yCYVV8-kQNM-unsplash-scaled-1200x1200-cropped.jpg","identifier":"15514-wpsso-schema-1x1","name":"engin-akyurt-yCYVV8-kQNM-unsplash  &ndash; Taekwondourheilijat 2011 |...","alternateName":"engin-akyurt-yCYVV8-kQNM-unsplash  &ndash; Taekwondourheilijat 2011 | Taekwondoa parhaassa seurassa | Helsinki |...","description":"No Description.","encodingFormat":"image\/jpeg","uploadDate":"2022-02-18T07:50:55+00:00","width":[{"@id":"#sso\/qv-width-px-1200"}],"height":[{"@id":"#sso\/qv-height-px-1200"}]},{"@id":"#sso\/qv-width-px-1200","@context":"https:\/\/schema.org","@type":"QuantitativeValue","name":"Width","unitText":"px","unitCode":"E37","value":"1200"},{"@id":"#sso\/qv-height-px-1200","@context":"https:\/\/schema.org","@type":"QuantitativeValue","name":"Height","unitText":"px","unitCode":"E37","value":"1200"},{"@id":"https:\/\/tu11.fi\/taekwondo\/wp-content\/uploads\/2022\/02\/engin-akyurt-yCYVV8-kQNM-unsplash-scaled-1200x900-cropped.jpg#sso\/image-object","@context":"https:\/\/schema.org","@type":"ImageObject","url":"https:\/\/tu11.fi\/taekwondo\/wp-content\/uploads\/2022\/02\/engin-akyurt-yCYVV8-kQNM-unsplash-scaled-1200x900-cropped.jpg","identifier":"15514-wpsso-schema-4x3","name":"engin-akyurt-yCYVV8-kQNM-unsplash  &ndash; Taekwondourheilijat 2011 |...","alternateName":"engin-akyurt-yCYVV8-kQNM-unsplash  &ndash; Taekwondourheilijat 2011 | Taekwondoa parhaassa seurassa | Helsinki |...","description":"No Description.","encodingFormat":"image\/jpeg","uploadDate":"2022-02-18T07:50:55+00:00","width":[{"@id":"#sso\/qv-width-px-1200"}],"height":[{"@id":"#sso\/qv-height-px-900"}]},{"@id":"#sso\/qv-height-px-900","@context":"https:\/\/schema.org","@type":"QuantitativeValue","name":"Height","unitText":"px","unitCode":"E37","value":"900"},{"@id":"https:\/\/tu11.fi\/taekwondo\/wp-content\/uploads\/2022\/02\/engin-akyurt-yCYVV8-kQNM-unsplash-scaled-1200x675-cropped.jpg#sso\/image-object","@context":"https:\/\/schema.org","@type":"ImageObject","url":"https:\/\/tu11.fi\/taekwondo\/wp-content\/uploads\/2022\/02\/engin-akyurt-yCYVV8-kQNM-unsplash-scaled-1200x675-cropped.jpg","identifier":"15514-wpsso-schema-16x9","name":"engin-akyurt-yCYVV8-kQNM-unsplash  &ndash; Taekwondourheilijat 2011 |...","alternateName":"engin-akyurt-yCYVV8-kQNM-unsplash  &ndash; Taekwondourheilijat 2011 | Taekwondoa parhaassa seurassa | Helsinki |...","description":"No Description.","encodingFormat":"image\/jpeg","uploadDate":"2022-02-18T07:50:55+00:00","width":[{"@id":"#sso\/qv-width-px-1200"}],"height":[{"@id":"#sso\/qv-height-px-675"}]},{"@id":"#sso\/qv-height-px-675","@context":"https:\/\/schema.org","@type":"QuantitativeValue","name":"Height","unitText":"px","unitCode":"E37","value":"675"},{"@id":"\/pyykkipalvelu\/#sso\/breadcrumb-list\/15513","@context":"https:\/\/schema.org","@type":"BreadcrumbList","url":"https:\/\/tu11.fi\/taekwondo\/de\/pyykkipalvelu\/","itemListElement":[{"@context":"https:\/\/schema.org","@type":"ListItem","position":1,"name":"Home","item":"https:\/\/tu11.fi\/taekwondo\/de\/"},{"@context":"https:\/\/schema.org","@type":"ListItem","position":2,"name":"Blog","item":"https:\/\/tu11.fi\/taekwondo\/"},{"@context":"https:\/\/schema.org","@type":"ListItem","position":3,"name":"Pyykkipalvelu 15\/kk   Taekwondourheilijat 2011 | Taekwondoa...","item":"https:\/\/tu11.fi\/taekwondo\/de\/pyykkipalvelu\/"}]}]}],"parts":[["meta","name","generator","content","WPSSO Core 21.12.0\/L*","generator:1"],["meta","name","generator","content","WPSSO RAR 3.3.0\/S","generator:2"],["meta","name","generator","content","WPSSO REST 3.3.0\/S","generator:3"],["meta","name","generator","content","WPSSO BC 5.5.0\/S","generator:4"],["meta","name","generator","content","WPSSO FAQ 7.1.0\/S","generator:5"],["meta","name","generator","content","WPSSO OPM 5.1.0\/S","generator:6"],["meta","name","generator","content","WPSSO SSM 3.4.0\/S","generator:7"],["meta","name","generator","content","WPSSO TIE 4.1.0\/S","generator:8"],["meta","name","generator","content","WPSSO UM 7.3.0\/S","generator:9"],["meta","name","generator","content","WPSSO UL 4.3.0\/S","generator:10"],["link","rel","shortlink","href","https:\/\/tu11.fi\/taekwondo\/de\/?p=15513",""],["meta","property","fb:app_id","content","966242223397117",""],["meta","property","og:time","content","2026-04-19T17:35:58+00:00",""],["meta","property","og:type","content","website",""],["meta","property","og:url","content","https:\/\/tu11.fi\/taekwondo\/de\/pyykkipalvelu\/",""],["meta","property","og:locale","content","de_DE",""],["meta","property","og:site_name","content","Taekwondourheilijat 2011 | Taekwondoa parhaassa seurassa | Helsinki | Espoo | Vantaa",""],["meta","property","og:title","content","Pyykkipalvelu 15\/kk  &ndash; Taekwondourheilijat 2011 | Taekwondoa...",""],["meta","property","og:description","content","TU11 tarjoaa innostavan ymp&auml;rist&ouml;n harjoitella taekwondoa kaikenik&auml;isille ja -tasoisille, aloittelijoista huippu-urheilijoihin. Valmennus on systemaattista ja valmentajat maamme parhaimmistoa. Aloita taekwondo nyt!",""],["meta","property","og:updated_time","content","2022-02-18T10:10:02+00:00",""],["meta","property","og:image:secure_url","content","https:\/\/tu11.fi\/taekwondo\/wp-content\/uploads\/2022\/02\/engin-akyurt-yCYVV8-kQNM-unsplash-scaled-1200x630-cropped.jpg","og:image:1"],["meta","property","og:image:url","content","https:\/\/tu11.fi\/taekwondo\/wp-content\/uploads\/2022\/02\/engin-akyurt-yCYVV8-kQNM-unsplash-scaled-1200x630-cropped.jpg","og:image:1"],["meta","property","og:image","content","https:\/\/tu11.fi\/taekwondo\/wp-content\/uploads\/2022\/02\/engin-akyurt-yCYVV8-kQNM-unsplash-scaled-1200x630-cropped.jpg","og:image:1"],["meta","property","og:image:width","content","1200","og:image:1"],["meta","property","og:image:height","content","630","og:image:1"],["meta","property","og:image:cropped","content","true","og:image:1"],["meta","property","og:image:id","content","15514","og:image:1"],["meta","property","og:image:size_name","content","wpsso-opengraph","og:image:1"],["meta","name","schema:language","content","de_DE",""],["meta","name","schema:type:id","content","sports.team",""],["meta","name","schema:type:url","content","https:\/\/schema.org\/SportsTeam",""],["meta","name","schema:type:context","content","https:\/\/schema.org",""],["meta","name","schema:type:name","content","SportsTeam",""],["meta","name","schema:type:path","content","schema.org\/SportsTeam",""],["meta","property","article:author:name","content","Sampo Pajulampi",""],["meta","property","article:reading_mins","content","1",""],["meta","name","twitter:domain","content","tu11.fi",""],["meta","name","twitter:site","content","@taekwondourh",""],["meta","name","twitter:title","content","Pyykkipalvelu 15\/kk  &ndash; Taekwondourheilijat 2011 | Taekwondoa...",""],["meta","name","twitter:description","content","TU11 tarjoaa innostavan ymp&auml;rist&ouml;n harjoitella taekwondoa kaikenik&auml;isille ja -tasoisille, aloittelijoista huippu-urheilijoihin. Valmennus on systemaattista ja valmentajat maamme parhaimmistoa...",""],["meta","name","twitter:card","content","summary_large_image",""],["meta","name","twitter:image","content","https:\/\/tu11.fi\/taekwondo\/wp-content\/uploads\/2022\/02\/engin-akyurt-yCYVV8-kQNM-unsplash-scaled-1200x630-cropped.jpg?p=15513",""],["meta","name","thumbnail","content","https:\/\/tu11.fi\/taekwondo\/wp-content\/uploads\/2022\/02\/engin-akyurt-yCYVV8-kQNM-unsplash-scaled-1200x630-cropped.jpg",""]]},"_links":{"self":[{"href":"https:\/\/tu11.fi\/taekwondo\/de\/wp-json\/wp\/v2\/pages\/15513","targetHints":{"allow":["GET"]}}],"collection":[{"href":"https:\/\/tu11.fi\/taekwondo\/de\/wp-json\/wp\/v2\/pages"}],"about":[{"href":"https:\/\/tu11.fi\/taekwondo\/de\/wp-json\/wp\/v2\/types\/page"}],"author":[{"embeddable":true,"href":"https:\/\/tu11.fi\/taekwondo\/de\/wp-json\/wp\/v2\/users\/2"}],"replies":[{"embeddable":true,"href":"https:\/\/tu11.fi\/taekwondo\/de\/wp-json\/wp\/v2\/comments?post=15513"}],"version-history":[{"count":0,"href":"https:\/\/tu11.fi\/taekwondo\/de\/wp-json\/wp\/v2\/pages\/15513\/revisions"}],"wp:featuredmedia":[{"embeddable":true,"href":"https:\/\/tu11.fi\/taekwondo\/de\/wp-json\/wp\/v2\/media\/15514"}],"wp:attachment":[{"href":"https:\/\/tu11.fi\/taekwondo\/de\/wp-json\/wp\/v2\/media?parent=15513"}],"curies":[{"name":"wp","href":"https:\/\/api.w.org\/{rel}","templated":true}]}}