{"id":10807,"date":"2020-02-12T15:06:14","date_gmt":"2020-02-12T15:06:14","guid":{"rendered":"https:\/\/tu11.fi\/taekwondo\/?page_id=10807"},"modified":"2025-12-12T06:53:40","modified_gmt":"2025-12-12T06:53:40","slug":"how-to_competitions","status":"publish","type":"page","link":"https:\/\/tu11.fi\/taekwondo\/en\/miten_kilpailuihin\/","title":{"rendered":"How do I participate in competitions and what is required?"},"content":{"rendered":"<h4>Basics<\/h4>\n<ul>\n<li>You can read about competition training and how to start it in the coaching blog: <a href=\"https:\/\/tu11.fi\/taekwondo\/en\/2020\/09\/competitors-path-first-steps-in-taekwondo-athletes\/\">The first steps of the competitor&#039;s path in Taekwondo athletes<\/a><\/li>\n<li>In all competitions, the series are divided according to age, size and skill level. Your opponents are therefore on the same line as you, so in this regard, participating in the games should not be stressful.<\/li>\n<li>The competitions cost around \u20ac35, depending on the event, and the club will invoice the participants afterwards.<\/li>\n<li>You register for the competition by sending an email <a href=\"mailto:info@tu11.fi\" data-wplink-edit=\"true\">info@ttu11.fi<\/a> or to your own coach during training. Those under 18 must have parental consent to compete. The registration deadline is always about a week before the games, so please register in time.<\/li>\n<li>In all competitions, you need a license from the Finnish Taekwondo Association, which you can order from the association&#039;s website. You must also have insurance. If your own insurance does not cover taekwondo competition, you can also order insurance when buying a license.<\/li>\n<li>In matches, you need your own protection (Helmet, mouth guards, match gloves, arm guards, shin guards, lower guards and electronic foot guards). You can borrow some of the covers from the club if necessary.<\/li>\n<li>There is always a coach\/coaches in the competitions who tell you what happens in the competitions and guide you during the competition day.<\/li>\n<\/ul>\n<h4>How do I get protection?<\/h4>\n<p>The guards guarantee safe training and competition. In addition to the suit, taekwondo equipment includes the protections needed for match training. In all groups, we practice match techniques with a couple at least once a month, and from further groups onward, more often. Good protections guarantee safe training. You can always borrow pads from the club, but we strongly recommend buying your own. This way, the size is guaranteed to be correct and you don&#039;t have to be afraid of sweaty surprises from previous workouts. The loan protections have also been in use for years and are no longer like new. Gym equipment shop <a href=\"http:\/\/www.prodobok.fi\">Pro Dobok Finland<\/a> offers protection packages for enthusiasts at a reduced price.<\/p>\n<p>You can get the order form from the form holder. Return the form to the counter and we will deliver the protection directly to your training!<\/p>\n<h5>Basic hobbyist protection package \u2013 \u20ac45<\/h5>\n<p>Suitable for enthusiasts who attend basic groups<br \/>\nThe package includes arm guards and shin guards.<\/p>\n<h5>Protection package for an active enthusiast \u2013 \u20ac109<\/h5>\n<p>Suitable for amateurs participating in amateur matches and indoor competitions<br \/>\nThe package includes arm guards, shin guards, tooth guards, lower guards and a match helmet.<\/p>\n<h5>Competitive athlete&#039;s protection package \u2013 \u20ac180<\/h5>\n<p>Suitable for those who attend or aim for competition training and competitions. The package includes arm guards, shin guards, tooth guards, lower guards, a match helmet, match gloves and armour.<\/p>\n<p>Competitions also require electronic foot protectors, which Pro Dobok Finland does not have a license to sell.<\/p>","protected":false},"excerpt":{"rendered":"<p>Perusasiat Kilpaharjoittelusta ja\u00a0 sen aloittamisesta voit lukea valmennusblogista: Kilpailijan polun ensiaskeleet Taekwondourheilijoissa Kaikissa kilpailuissa sarjat on jaettu i\u00e4n, koon ja taitotason mukaan. Vastustajasi ovat siis samalla viivalla kuin sin\u00e4, joten t\u00e4ss\u00e4 suhteessa kisoihin osallistumista ei kannata j\u00e4nnitt\u00e4\u00e4. Kilpailut maksavat noin 35\u20ac tapahtumasta riippuen, ja seura laskuttaa ne j\u00e4lkeenp\u00e4in osallistujilta. Kisoihin ilmoittaudut l\u00e4hett\u00e4m\u00e4ll\u00e4 s\u00e4hk\u00f6postia info@ttu11.fi tai&hellip;<\/p>","protected":false},"author":2,"featured_media":7626,"parent":0,"menu_order":0,"comment_status":"closed","ping_status":"closed","template":"templates\/template-cover.php","meta":{"footnotes":""},"class_list":["post-10807","page","type-page","status-publish","has-post-thumbnail","hentry"],"yoast_head":"<!-- This site is optimized with the Yoast SEO plugin v27.2 - https:\/\/yoast.com\/product\/yoast-seo-wordpress\/ -->\n<title>Miten osallistun kilpailuihin ja mit\u00e4 tarvitaan? - Taekwondourheilijat 2011 | Taekwondoa parhaassa seurassa | Helsinki | Espoo | Vantaa<\/title>\n<meta name=\"description\" content=\"TU11 tarjoaa innostavan ymp\u00e4rist\u00f6n harjoitella taekwondoa kaikenik\u00e4isille ja -tasoisille, aloittelijoista huippu-urheilijoihin. Valmennus on systemaattista ja valmentajat maamme parhaimmistoa. Aloita taekwondo nyt!\" \/>\n<meta name=\"robots\" content=\"index, follow, max-snippet:-1, max-image-preview:large, max-video-preview:-1\" \/>\n<link rel=\"canonical\" href=\"https:\/\/tu11.fi\/taekwondo\/en\/how-to_competitions\/\" \/>\n<script type=\"application\/ld+json\" class=\"yoast-schema-graph\">{\"@context\":\"https:\/\/schema.org\",\"@graph\":[]}<\/script>\n<!-- \/ Yoast SEO plugin. -->","yoast_head_json":{"title":"Miten osallistun kilpailuihin ja mit\u00e4 tarvitaan? - Taekwondourheilijat 2011 | Taekwondoa parhaassa seurassa | Helsinki | Espoo | Vantaa","description":"TU11 offers an inspiring environment to practice taekwondo for all ages and levels, from beginners to elite athletes. The training is systematic and the coaches are the best in our country. Start taekwondo now!","robots":{"index":"index","follow":"follow","max-snippet":"max-snippet:-1","max-image-preview":"max-image-preview:large","max-video-preview":"max-video-preview:-1"},"canonical":"https:\/\/tu11.fi\/taekwondo\/en\/how-to_competitions\/","schema":{"@context":"https:\/\/schema.org","@graph":[]}},"amp_enabled":true,"head":{"html":["<meta name=\"wpsso-begin\" content=\"wpsso structured data begin\"\/>\n","<!-- generator:1 --><meta name=\"generator\" content=\"WPSSO Core 21.12.0\/L*\"\/>\n","<!-- generator:2 --><meta name=\"generator\" content=\"WPSSO RAR 3.3.0\/S\"\/>\n","<!-- generator:3 --><meta name=\"generator\" content=\"WPSSO REST 3.3.0\/S\"\/>\n","<!-- generator:4 --><meta name=\"generator\" content=\"WPSSO BC 5.5.0\/S\"\/>\n","<!-- generator:5 --><meta name=\"generator\" content=\"WPSSO FAQ 7.1.0\/S\"\/>\n","<!-- generator:6 --><meta name=\"generator\" content=\"WPSSO OPM 5.1.0\/S\"\/>\n","<!-- generator:7 --><meta name=\"generator\" content=\"WPSSO SSM 3.4.0\/S\"\/>\n","<!-- generator:8 --><meta name=\"generator\" content=\"WPSSO TIE 4.1.0\/S\"\/>\n","<!-- generator:9 --><meta name=\"generator\" content=\"WPSSO UM 7.3.0\/S\"\/>\n","<!-- generator:10 --><meta name=\"generator\" content=\"WPSSO UL 4.3.0\/S\"\/>\n","<link rel=\"shortlink\" href=\"https:\/\/tu11.fi\/taekwondo\/en\/?p=10807\"\/>\n","<meta property=\"fb:app_id\" content=\"966242223397117\"\/>\n","<meta property=\"og:type\" content=\"website\"\/>\n","<meta property=\"og:url\" content=\"https:\/\/tu11.fi\/taekwondo\/en\/miten_kilpailuihin\/\"\/>\n","<meta property=\"og:locale\" content=\"en_US\"\/>\n","<meta property=\"og:site_name\" content=\"Taekwondourheilijat 2011 | Taekwondoa parhaassa seurassa | Helsinki | Espoo | Vantaa\"\/>\n","<meta property=\"og:title\" content=\"Miten osallistun kilpailuihin ja mit&auml; tarvitaan?  &ndash;...\"\/>\n","<meta property=\"og:description\" content=\"TU11 tarjoaa innostavan ymp&auml;rist&ouml;n harjoitella taekwondoa kaikenik&auml;isille ja -tasoisille, aloittelijoista huippu-urheilijoihin. Valmennus on systemaattista ja valmentajat maamme parhaimmistoa. Aloita taekwondo nyt!\"\/>\n","<meta property=\"og:updated_time\" content=\"2025-12-12T06:53:40+00:00\"\/>\n","<!-- og:image:1 --><meta property=\"og:image\" content=\"https:\/\/tu11.fi\/taekwondo\/wp-content\/uploads\/2018\/03\/28025215929_0c3ec4cc10_o-1200x630-cropped.jpg\"\/>\n","<!-- og:image:1 --><meta property=\"og:image:width\" content=\"1200\"\/>\n","<!-- og:image:1 --><meta property=\"og:image:height\" content=\"630\"\/>\n","<meta name=\"twitter:domain\" content=\"tu11.fi\"\/>\n","<meta name=\"twitter:site\" content=\"@taekwondourh\"\/>\n","<meta name=\"twitter:title\" content=\"Miten osallistun kilpailuihin ja mit&auml; tarvitaan?  &ndash;...\"\/>\n","<meta name=\"twitter:description\" content=\"TU11 tarjoaa innostavan ymp&auml;rist&ouml;n harjoitella taekwondoa kaikenik&auml;isille ja -tasoisille, aloittelijoista huippu-urheilijoihin. Valmennus on systemaattista ja valmentajat maamme parhaimmistoa...\"\/>\n","<meta name=\"twitter:card\" content=\"summary_large_image\"\/>\n","<meta name=\"twitter:image\" content=\"https:\/\/tu11.fi\/taekwondo\/wp-content\/uploads\/2018\/03\/28025215929_0c3ec4cc10_o-1200x630-cropped.jpg?p=10807\"\/>\n","<meta name=\"thumbnail\" content=\"https:\/\/tu11.fi\/taekwondo\/wp-content\/uploads\/2018\/03\/28025215929_0c3ec4cc10_o-1200x630-cropped.jpg\"\/>\n","<script type=\"application\/ld+json\" id=\"wpsso-schema-graph\">{\n    \"@context\": \"https:\/\/schema.org\",\n    \"@graph\": [\n        {\n            \"@id\": \"#sso\/knowledge-graph\/sports-team\/10807\",\n            \"@context\": \"https:\/\/schema.org\",\n            \"@type\": \"SportsTeam\",\n            \"mainEntityOfPage\": \"https:\/\/tu11.fi\/taekwondo\/en\/miten_kilpailuihin\/\",\n            \"url\": \"https:\/\/tu11.fi\/taekwondo\/en\/miten_kilpailuihin\/\",\n            \"sameAs\": [\n                \"https:\/\/tu11.fi\/taekwondo\/en\/?p=10807\"\n            ],\n            \"name\": \"Miten osallistun kilpailuihin ja mit&auml; tarvitaan?  &ndash;...\",\n            \"alternateName\": \"Miten osallistun kilpailuihin ja mit&auml; tarvitaan?  &ndash; Taekwondourheilijat 2011 | Taekwondoa parhaassa...\",\n            \"description\": \"TU11 tarjoaa innostavan ymp&auml;rist&ouml;n harjoitella taekwondoa kaikenik&auml;isille ja -tasoisille, aloittelijoista huippu-urheilijoihin. Valmennus on systemaattista ja valmentajat maamme parhaimmistoa. Aloita taekwondo nyt!\",\n            \"image\": [\n                {\n                    \"@id\": \"https:\/\/tu11.fi\/taekwondo\/wp-content\/uploads\/2018\/03\/28025215929_0c3ec4cc10_o-1200x1200-cropped.jpg#sso\/image-object\"\n                },\n                {\n                    \"@id\": \"https:\/\/tu11.fi\/taekwondo\/wp-content\/uploads\/2018\/03\/28025215929_0c3ec4cc10_o-1200x900-cropped.jpg#sso\/image-object\"\n                },\n                {\n                    \"@id\": \"https:\/\/tu11.fi\/taekwondo\/wp-content\/uploads\/2018\/03\/28025215929_0c3ec4cc10_o-1200x675-cropped.jpg#sso\/image-object\"\n                }\n            ]\n        },\n        {\n            \"@id\": \"https:\/\/tu11.fi\/taekwondo\/wp-content\/uploads\/2018\/03\/28025215929_0c3ec4cc10_o-1200x1200-cropped.jpg#sso\/image-object\",\n            \"@context\": \"https:\/\/schema.org\",\n            \"@type\": \"ImageObject\",\n            \"url\": \"https:\/\/tu11.fi\/taekwondo\/wp-content\/uploads\/2018\/03\/28025215929_0c3ec4cc10_o-1200x1200-cropped.jpg\",\n            \"identifier\": \"7626-wpsso-schema-1x1\",\n            \"name\": \"28025215929_0c3ec4cc10_o  &ndash; Taekwondourheilijat 2011 | Taekwondoa...\",\n            \"alternateName\": \"28025215929_0c3ec4cc10_o  &ndash; Taekwondourheilijat 2011 | Taekwondoa parhaassa seurassa | Helsinki | Espoo |...\",\n            \"description\": \"No Description.\",\n            \"encodingFormat\": \"image\/jpeg\",\n            \"uploadDate\": \"2018-03-31T08:27:58+00:00\",\n            \"width\": [\n                {\n                    \"@id\": \"#sso\/qv-width-px-1200\"\n                }\n            ],\n            \"height\": [\n                {\n                    \"@id\": \"#sso\/qv-height-px-1200\"\n                }\n            ]\n        },\n        {\n            \"@id\": \"#sso\/qv-width-px-1200\",\n            \"@context\": \"https:\/\/schema.org\",\n            \"@type\": \"QuantitativeValue\",\n            \"name\": \"Width\",\n            \"unitText\": \"px\",\n            \"unitCode\": \"E37\",\n            \"value\": \"1200\"\n        },\n        {\n            \"@id\": \"#sso\/qv-height-px-1200\",\n            \"@context\": \"https:\/\/schema.org\",\n            \"@type\": \"QuantitativeValue\",\n            \"name\": \"Height\",\n            \"unitText\": \"px\",\n            \"unitCode\": \"E37\",\n            \"value\": \"1200\"\n        },\n        {\n            \"@id\": \"https:\/\/tu11.fi\/taekwondo\/wp-content\/uploads\/2018\/03\/28025215929_0c3ec4cc10_o-1200x900-cropped.jpg#sso\/image-object\",\n            \"@context\": \"https:\/\/schema.org\",\n            \"@type\": \"ImageObject\",\n            \"url\": \"https:\/\/tu11.fi\/taekwondo\/wp-content\/uploads\/2018\/03\/28025215929_0c3ec4cc10_o-1200x900-cropped.jpg\",\n            \"identifier\": \"7626-wpsso-schema-4x3\",\n            \"name\": \"28025215929_0c3ec4cc10_o  &ndash; Taekwondourheilijat 2011 | Taekwondoa...\",\n            \"alternateName\": \"28025215929_0c3ec4cc10_o  &ndash; Taekwondourheilijat 2011 | Taekwondoa parhaassa seurassa | Helsinki | Espoo |...\",\n            \"description\": \"No Description.\",\n            \"encodingFormat\": \"image\/jpeg\",\n            \"uploadDate\": \"2018-03-31T08:27:58+00:00\",\n            \"width\": [\n                {\n                    \"@id\": \"#sso\/qv-width-px-1200\"\n                }\n            ],\n            \"height\": [\n                {\n                    \"@id\": \"#sso\/qv-height-px-900\"\n                }\n            ]\n        },\n        {\n            \"@id\": \"#sso\/qv-height-px-900\",\n            \"@context\": \"https:\/\/schema.org\",\n            \"@type\": \"QuantitativeValue\",\n            \"name\": \"Height\",\n            \"unitText\": \"px\",\n            \"unitCode\": \"E37\",\n            \"value\": \"900\"\n        },\n        {\n            \"@id\": \"https:\/\/tu11.fi\/taekwondo\/wp-content\/uploads\/2018\/03\/28025215929_0c3ec4cc10_o-1200x675-cropped.jpg#sso\/image-object\",\n            \"@context\": \"https:\/\/schema.org\",\n            \"@type\": \"ImageObject\",\n            \"url\": \"https:\/\/tu11.fi\/taekwondo\/wp-content\/uploads\/2018\/03\/28025215929_0c3ec4cc10_o-1200x675-cropped.jpg\",\n            \"identifier\": \"7626-wpsso-schema-16x9\",\n            \"name\": \"28025215929_0c3ec4cc10_o  &ndash; Taekwondourheilijat 2011 | Taekwondoa...\",\n            \"alternateName\": \"28025215929_0c3ec4cc10_o  &ndash; Taekwondourheilijat 2011 | Taekwondoa parhaassa seurassa | Helsinki | Espoo |...\",\n            \"description\": \"No Description.\",\n            \"encodingFormat\": \"image\/jpeg\",\n            \"uploadDate\": \"2018-03-31T08:27:58+00:00\",\n            \"width\": [\n                {\n                    \"@id\": \"#sso\/qv-width-px-1200\"\n                }\n            ],\n            \"height\": [\n                {\n                    \"@id\": \"#sso\/qv-height-px-675\"\n                }\n            ]\n        },\n        {\n            \"@id\": \"#sso\/qv-height-px-675\",\n            \"@context\": \"https:\/\/schema.org\",\n            \"@type\": \"QuantitativeValue\",\n            \"name\": \"Height\",\n            \"unitText\": \"px\",\n            \"unitCode\": \"E37\",\n            \"value\": \"675\"\n        },\n        {\n            \"@id\": \"\/miten_kilpailuihin\/#sso\/breadcrumb-list\/10807\",\n            \"@context\": \"https:\/\/schema.org\",\n            \"@type\": \"BreadcrumbList\",\n            \"url\": \"https:\/\/tu11.fi\/taekwondo\/en\/miten_kilpailuihin\/\",\n            \"itemListElement\": [\n                {\n                    \"@context\": \"https:\/\/schema.org\",\n                    \"@type\": \"ListItem\",\n                    \"position\": 1,\n                    \"name\": \"Home\",\n                    \"item\": \"https:\/\/tu11.fi\/taekwondo\/en\/\"\n                },\n                {\n                    \"@context\": \"https:\/\/schema.org\",\n                    \"@type\": \"ListItem\",\n                    \"position\": 2,\n                    \"name\": \"Blog\",\n                    \"item\": \"https:\/\/tu11.fi\/taekwondo\/\"\n                },\n                {\n                    \"@context\": \"https:\/\/schema.org\",\n                    \"@type\": \"ListItem\",\n                    \"position\": 3,\n                    \"name\": \"Miten osallistun kilpailuihin ja mit&auml; tarvitaan?...\",\n                    \"item\": \"https:\/\/tu11.fi\/taekwondo\/en\/miten_kilpailuihin\/\"\n                }\n            ]\n        }\n    ]\n}<\/script>\n","<meta name=\"wpsso-end\" content=\"wpsso structured data end\"\/>\n","<meta name=\"wpsso-cached\" content=\"no cache for tu11.fi\/taekwondo\"\/>\n"],"json":[{"@context":"https:\/\/schema.org","@graph":[{"@id":"#sso\/knowledge-graph\/sports-team\/10807","@context":"https:\/\/schema.org","@type":"SportsTeam","mainEntityOfPage":"https:\/\/tu11.fi\/taekwondo\/en\/miten_kilpailuihin\/","url":"https:\/\/tu11.fi\/taekwondo\/en\/miten_kilpailuihin\/","sameAs":["https:\/\/tu11.fi\/taekwondo\/en\/?p=10807"],"name":"Miten osallistun kilpailuihin ja mit&auml; tarvitaan?  &ndash;...","alternateName":"Miten osallistun kilpailuihin ja mit&auml; tarvitaan?  &ndash; Taekwondourheilijat 2011 | Taekwondoa parhaassa...","description":"TU11 tarjoaa innostavan ymp&auml;rist&ouml;n harjoitella taekwondoa kaikenik&auml;isille ja -tasoisille, aloittelijoista huippu-urheilijoihin. Valmennus on systemaattista ja valmentajat maamme parhaimmistoa. Aloita taekwondo nyt!","image":[{"@id":"https:\/\/tu11.fi\/taekwondo\/wp-content\/uploads\/2018\/03\/28025215929_0c3ec4cc10_o-1200x1200-cropped.jpg#sso\/image-object"},{"@id":"https:\/\/tu11.fi\/taekwondo\/wp-content\/uploads\/2018\/03\/28025215929_0c3ec4cc10_o-1200x900-cropped.jpg#sso\/image-object"},{"@id":"https:\/\/tu11.fi\/taekwondo\/wp-content\/uploads\/2018\/03\/28025215929_0c3ec4cc10_o-1200x675-cropped.jpg#sso\/image-object"}]},{"@id":"https:\/\/tu11.fi\/taekwondo\/wp-content\/uploads\/2018\/03\/28025215929_0c3ec4cc10_o-1200x1200-cropped.jpg#sso\/image-object","@context":"https:\/\/schema.org","@type":"ImageObject","url":"https:\/\/tu11.fi\/taekwondo\/wp-content\/uploads\/2018\/03\/28025215929_0c3ec4cc10_o-1200x1200-cropped.jpg","identifier":"7626-wpsso-schema-1x1","name":"28025215929_0c3ec4cc10_o  &ndash; Taekwondourheilijat 2011 | Taekwondoa...","alternateName":"28025215929_0c3ec4cc10_o  &ndash; Taekwondourheilijat 2011 | Taekwondoa parhaassa seurassa | Helsinki | Espoo |...","description":"No Description.","encodingFormat":"image\/jpeg","uploadDate":"2018-03-31T08:27:58+00:00","width":[{"@id":"#sso\/qv-width-px-1200"}],"height":[{"@id":"#sso\/qv-height-px-1200"}]},{"@id":"#sso\/qv-width-px-1200","@context":"https:\/\/schema.org","@type":"QuantitativeValue","name":"Width","unitText":"px","unitCode":"E37","value":"1200"},{"@id":"#sso\/qv-height-px-1200","@context":"https:\/\/schema.org","@type":"QuantitativeValue","name":"Height","unitText":"px","unitCode":"E37","value":"1200"},{"@id":"https:\/\/tu11.fi\/taekwondo\/wp-content\/uploads\/2018\/03\/28025215929_0c3ec4cc10_o-1200x900-cropped.jpg#sso\/image-object","@context":"https:\/\/schema.org","@type":"ImageObject","url":"https:\/\/tu11.fi\/taekwondo\/wp-content\/uploads\/2018\/03\/28025215929_0c3ec4cc10_o-1200x900-cropped.jpg","identifier":"7626-wpsso-schema-4x3","name":"28025215929_0c3ec4cc10_o  &ndash; Taekwondourheilijat 2011 | Taekwondoa...","alternateName":"28025215929_0c3ec4cc10_o  &ndash; Taekwondourheilijat 2011 | Taekwondoa parhaassa seurassa | Helsinki | Espoo |...","description":"No Description.","encodingFormat":"image\/jpeg","uploadDate":"2018-03-31T08:27:58+00:00","width":[{"@id":"#sso\/qv-width-px-1200"}],"height":[{"@id":"#sso\/qv-height-px-900"}]},{"@id":"#sso\/qv-height-px-900","@context":"https:\/\/schema.org","@type":"QuantitativeValue","name":"Height","unitText":"px","unitCode":"E37","value":"900"},{"@id":"https:\/\/tu11.fi\/taekwondo\/wp-content\/uploads\/2018\/03\/28025215929_0c3ec4cc10_o-1200x675-cropped.jpg#sso\/image-object","@context":"https:\/\/schema.org","@type":"ImageObject","url":"https:\/\/tu11.fi\/taekwondo\/wp-content\/uploads\/2018\/03\/28025215929_0c3ec4cc10_o-1200x675-cropped.jpg","identifier":"7626-wpsso-schema-16x9","name":"28025215929_0c3ec4cc10_o  &ndash; Taekwondourheilijat 2011 | Taekwondoa...","alternateName":"28025215929_0c3ec4cc10_o  &ndash; Taekwondourheilijat 2011 | Taekwondoa parhaassa seurassa | Helsinki | Espoo |...","description":"No Description.","encodingFormat":"image\/jpeg","uploadDate":"2018-03-31T08:27:58+00:00","width":[{"@id":"#sso\/qv-width-px-1200"}],"height":[{"@id":"#sso\/qv-height-px-675"}]},{"@id":"#sso\/qv-height-px-675","@context":"https:\/\/schema.org","@type":"QuantitativeValue","name":"Height","unitText":"px","unitCode":"E37","value":"675"},{"@id":"\/miten_kilpailuihin\/#sso\/breadcrumb-list\/10807","@context":"https:\/\/schema.org","@type":"BreadcrumbList","url":"https:\/\/tu11.fi\/taekwondo\/en\/miten_kilpailuihin\/","itemListElement":[{"@context":"https:\/\/schema.org","@type":"ListItem","position":1,"name":"Home","item":"https:\/\/tu11.fi\/taekwondo\/en\/"},{"@context":"https:\/\/schema.org","@type":"ListItem","position":2,"name":"Blog","item":"https:\/\/tu11.fi\/taekwondo\/"},{"@context":"https:\/\/schema.org","@type":"ListItem","position":3,"name":"Miten osallistun kilpailuihin ja mit&auml; tarvitaan?...","item":"https:\/\/tu11.fi\/taekwondo\/en\/miten_kilpailuihin\/"}]}]}],"parts":[["meta","name","generator","content","WPSSO Core 21.12.0\/L*","generator:1"],["meta","name","generator","content","WPSSO RAR 3.3.0\/S","generator:2"],["meta","name","generator","content","WPSSO REST 3.3.0\/S","generator:3"],["meta","name","generator","content","WPSSO BC 5.5.0\/S","generator:4"],["meta","name","generator","content","WPSSO FAQ 7.1.0\/S","generator:5"],["meta","name","generator","content","WPSSO OPM 5.1.0\/S","generator:6"],["meta","name","generator","content","WPSSO SSM 3.4.0\/S","generator:7"],["meta","name","generator","content","WPSSO TIE 4.1.0\/S","generator:8"],["meta","name","generator","content","WPSSO UM 7.3.0\/S","generator:9"],["meta","name","generator","content","WPSSO UL 4.3.0\/S","generator:10"],["link","rel","shortlink","href","https:\/\/tu11.fi\/taekwondo\/en\/?p=10807",""],["meta","property","fb:app_id","content","966242223397117",""],["meta","property","og:time","content","2026-04-15T03:45:40+00:00",""],["meta","property","og:type","content","website",""],["meta","property","og:url","content","https:\/\/tu11.fi\/taekwondo\/en\/miten_kilpailuihin\/",""],["meta","property","og:locale","content","en_US",""],["meta","property","og:site_name","content","Taekwondourheilijat 2011 | Taekwondoa parhaassa seurassa | Helsinki | Espoo | Vantaa",""],["meta","property","og:title","content","Miten osallistun kilpailuihin ja mit&auml; tarvitaan?  &ndash;...",""],["meta","property","og:description","content","TU11 tarjoaa innostavan ymp&auml;rist&ouml;n harjoitella taekwondoa kaikenik&auml;isille ja -tasoisille, aloittelijoista huippu-urheilijoihin. Valmennus on systemaattista ja valmentajat maamme parhaimmistoa. Aloita taekwondo nyt!",""],["meta","property","og:updated_time","content","2025-12-12T06:53:40+00:00",""],["meta","property","og:image:secure_url","content","https:\/\/tu11.fi\/taekwondo\/wp-content\/uploads\/2018\/03\/28025215929_0c3ec4cc10_o-1200x630-cropped.jpg","og:image:1"],["meta","property","og:image:url","content","https:\/\/tu11.fi\/taekwondo\/wp-content\/uploads\/2018\/03\/28025215929_0c3ec4cc10_o-1200x630-cropped.jpg","og:image:1"],["meta","property","og:image","content","https:\/\/tu11.fi\/taekwondo\/wp-content\/uploads\/2018\/03\/28025215929_0c3ec4cc10_o-1200x630-cropped.jpg","og:image:1"],["meta","property","og:image:width","content","1200","og:image:1"],["meta","property","og:image:height","content","630","og:image:1"],["meta","property","og:image:cropped","content","true","og:image:1"],["meta","property","og:image:id","content","7626","og:image:1"],["meta","property","og:image:size_name","content","wpsso-opengraph","og:image:1"],["meta","name","schema:language","content","en_US",""],["meta","name","schema:type:id","content","sports.team",""],["meta","name","schema:type:url","content","https:\/\/schema.org\/SportsTeam",""],["meta","name","schema:type:context","content","https:\/\/schema.org",""],["meta","name","schema:type:name","content","SportsTeam",""],["meta","name","schema:type:path","content","schema.org\/SportsTeam",""],["meta","property","article:author:name","content","Sampo Pajulampi",""],["meta","property","article:reading_mins","content","2",""],["meta","name","twitter:domain","content","tu11.fi",""],["meta","name","twitter:site","content","@taekwondourh",""],["meta","name","twitter:title","content","Miten osallistun kilpailuihin ja mit&auml; tarvitaan?  &ndash;...",""],["meta","name","twitter:description","content","TU11 tarjoaa innostavan ymp&auml;rist&ouml;n harjoitella taekwondoa kaikenik&auml;isille ja -tasoisille, aloittelijoista huippu-urheilijoihin. Valmennus on systemaattista ja valmentajat maamme parhaimmistoa...",""],["meta","name","twitter:card","content","summary_large_image",""],["meta","name","twitter:image","content","https:\/\/tu11.fi\/taekwondo\/wp-content\/uploads\/2018\/03\/28025215929_0c3ec4cc10_o-1200x630-cropped.jpg?p=10807",""],["meta","name","thumbnail","content","https:\/\/tu11.fi\/taekwondo\/wp-content\/uploads\/2018\/03\/28025215929_0c3ec4cc10_o-1200x630-cropped.jpg",""]]},"_links":{"self":[{"href":"https:\/\/tu11.fi\/taekwondo\/en\/wp-json\/wp\/v2\/pages\/10807","targetHints":{"allow":["GET"]}}],"collection":[{"href":"https:\/\/tu11.fi\/taekwondo\/en\/wp-json\/wp\/v2\/pages"}],"about":[{"href":"https:\/\/tu11.fi\/taekwondo\/en\/wp-json\/wp\/v2\/types\/page"}],"author":[{"embeddable":true,"href":"https:\/\/tu11.fi\/taekwondo\/en\/wp-json\/wp\/v2\/users\/2"}],"replies":[{"embeddable":true,"href":"https:\/\/tu11.fi\/taekwondo\/en\/wp-json\/wp\/v2\/comments?post=10807"}],"version-history":[{"count":2,"href":"https:\/\/tu11.fi\/taekwondo\/en\/wp-json\/wp\/v2\/pages\/10807\/revisions"}],"predecessor-version":[{"id":50676,"href":"https:\/\/tu11.fi\/taekwondo\/en\/wp-json\/wp\/v2\/pages\/10807\/revisions\/50676"}],"wp:featuredmedia":[{"embeddable":true,"href":"https:\/\/tu11.fi\/taekwondo\/en\/wp-json\/wp\/v2\/media\/7626"}],"wp:attachment":[{"href":"https:\/\/tu11.fi\/taekwondo\/en\/wp-json\/wp\/v2\/media?parent=10807"}],"curies":[{"name":"wp","href":"https:\/\/api.w.org\/{rel}","templated":true}]}}