{"id":11484,"date":"2020-04-10T06:28:54","date_gmt":"2020-04-10T06:28:54","guid":{"rendered":"https:\/\/tu11.fi\/taekwondo\/?page_id=11484"},"modified":"2025-05-09T22:01:42","modified_gmt":"2025-05-09T22:01:42","slug":"live","status":"publish","type":"page","link":"https:\/\/tu11.fi\/taekwondo\/en\/live\/","title":{"rendered":"Live!"},"content":{"rendered":"<p>T\u00e4\u00e4lt\u00e4 l\u00f6yd\u00e4t uudet ja vanhat livet. Yhteisty\u00f6ss\u00e4<a href=\"https:\/\/solidsport.com\/\" target=\"_blank\" rel=\"noopener\"> Solidsport<\/a>.<\/p>\n<p>Huomaa, ett\u00e4 striimit ovat maksullisia. Koko viikonlopun Prodobok Cup -paketti maksaa 5 \u20ac. Voit katsella striimi\u00e4 liven\u00e4 sek\u00e4 palata otteluihin my\u00f6hemmin. Ostamalla striimin tuet seuraamme!<br><br>Lataa sovellus <a href=\"https:\/\/apps.apple.com\/fi\/app\/solidsport\/id1447255322\">App Store<\/a> or <a href=\"https:\/\/play.google.com\/store\/apps\/details?id=com.solidsport.SolidSportApp\">Google Play -sovelluskaupasta.<\/a><\/p>\n\n\n\n<iframe loading=\"lazy\" src=\"https:\/\/solidsport.com\/tu11\/widgets\/grid?limit=50&#038;minWidth=500&#038;color=ffffff&#038;textColor=333333\" frameborder=\"0\" height=\"800\" width=\"600\" scrolling=\"auto\"><\/iframe>\n\n\n\n<p><a href=\"https:\/\/tu11.fi\/taekwondo\/en\/prodobok-cup-2025\/#listat\">Pro Dobok Cup -listat l\u00f6ytyv\u00e4t t\u00e4\u00e4lt\u00e4 &gt;&gt;<\/a><\/p>\n\n\n\n<p>Huomatkaa muuttunut aikataulu:<\/p>\n<h5>Lauantai 10.5.2025\u00a0<\/h5>\n<p>Tarkistuspunnitukseen arvotut julkaistaan 6.00 (<a href=\"https:\/\/tu11.fi\/taekwondo\/en\/news-3\/\">sivuston uutiset<\/a> and <a href=\"https:\/\/chat.whatsapp.com\/GSdqE1DjanyDXVTuSJuDeV\">&#8221;STKDL ottelukilpailut&#8221;\u00a0 -WhatsApp-kanava<\/a>)\u00a0<\/p>\n<p>Tuomarikokous <del>08.15\u201308.30<\/del> 9.15-9.30<\/p>\n<p>Tarkistuspunnitus arvotuille <del>8.00\u20138.30<\/del> 9.00\u20139.30<\/p>\n<p>Joukkueenjohtajien kokous <del>08.45\u20139.00<\/del>\u00a0 \u00a009.45\u201310.00\u00a0\u00a0<\/p>\n<p>Matches <del>09.00\u201318.00<\/del> 10.00\u201316.00 D1, C1, B1, R1<\/p>\n<p>Punnitus E, D2, C2, B2, H <del>18.00\u201319.00<\/del> 15.00\u201316.00<\/p>\n<p>\u00a0<\/p>\n<h5>Sunnuntai 8.3.2025\u00a0<\/h5>\n<p>Tuomarikokous <del>08.15\u201308.30<\/del> 09.15\u201309.30<\/p>\n<p>Joukkueenjohtajien kokous <del>08.45\u201309.00<\/del>\u00a0 09.45\u201310.00<\/p>\n<p>Matches <del>09.00\u201318.00<\/del> 10.00\u201316.00 E, D2, C2, B2, H, S\u00a0\u00a0\u00a0<\/p>\n<h5>\u00a0<\/h5>","protected":false},"excerpt":{"rendered":"<p>T\u00e4\u00e4lt\u00e4 l\u00f6yd\u00e4t uudet ja vanhat livet. Yhteisty\u00f6ss\u00e4 Solidsport. Huomaa, ett\u00e4 striimit ovat maksullisia. Koko viikonlopun Prodobok Cup -paketti maksaa 5 \u20ac. Voit katsella striimi\u00e4 liven\u00e4 sek\u00e4 palata otteluihin my\u00f6hemmin. Ostamalla striimin tuet seuraamme! Lataa sovellus App Store tai Google Play -sovelluskaupasta. Pro Dobok Cup -listat l\u00f6ytyv\u00e4t t\u00e4\u00e4lt\u00e4 &gt;&gt; Huomatkaa muuttunut aikataulu: Lauantai 10.5.2025\u00a0 Tarkistuspunnitukseen arvotut&hellip;<\/p>","protected":false},"author":2,"featured_media":18421,"parent":0,"menu_order":0,"comment_status":"closed","ping_status":"closed","template":"templates\/template-cover.php","meta":{"footnotes":""},"class_list":["post-11484","page","type-page","status-publish","has-post-thumbnail","hentry"],"yoast_head":"<!-- This site is optimized with the Yoast SEO plugin v27.2 - https:\/\/yoast.com\/product\/yoast-seo-wordpress\/ -->\n<title>Live! - Taekwondourheilijat 2011 | Taekwondoa parhaassa seurassa | Helsinki | Espoo | Vantaa<\/title>\n<meta name=\"description\" content=\"Taekwondourheilijoiden livetreenit kaikille taekwondon harrastajille!\" \/>\n<meta name=\"robots\" content=\"index, follow, max-snippet:-1, max-image-preview:large, max-video-preview:-1\" \/>\n<link rel=\"canonical\" href=\"https:\/\/tu11.fi\/taekwondo\/en\/live\/\" \/>\n<script type=\"application\/ld+json\" class=\"yoast-schema-graph\">{\"@context\":\"https:\/\/schema.org\",\"@graph\":[]}<\/script>\n<!-- \/ Yoast SEO plugin. -->","yoast_head_json":{"title":"Live! - Taekwondourheilijat 2011 | Taekwondoa parhaassa seurassa | Helsinki | Espoo | Vantaa","description":"Live training of taekwondo athletes for all taekwondo enthusiasts!","robots":{"index":"index","follow":"follow","max-snippet":"max-snippet:-1","max-image-preview":"max-image-preview:large","max-video-preview":"max-video-preview:-1"},"canonical":"https:\/\/tu11.fi\/taekwondo\/en\/live\/","schema":{"@context":"https:\/\/schema.org","@graph":[]}},"amp_enabled":true,"head":{"html":["<meta name=\"wpsso-begin\" content=\"wpsso structured data begin\"\/>\n","<!-- generator:1 --><meta name=\"generator\" content=\"WPSSO Core 21.12.0\/L*\"\/>\n","<!-- generator:2 --><meta name=\"generator\" content=\"WPSSO RAR 3.3.0\/S\"\/>\n","<!-- generator:3 --><meta name=\"generator\" content=\"WPSSO REST 3.3.0\/S\"\/>\n","<!-- generator:4 --><meta name=\"generator\" content=\"WPSSO BC 5.5.0\/S\"\/>\n","<!-- generator:5 --><meta name=\"generator\" content=\"WPSSO FAQ 7.1.0\/S\"\/>\n","<!-- generator:6 --><meta name=\"generator\" content=\"WPSSO OPM 5.1.0\/S\"\/>\n","<!-- generator:7 --><meta name=\"generator\" content=\"WPSSO SSM 3.4.0\/S\"\/>\n","<!-- generator:8 --><meta name=\"generator\" content=\"WPSSO TIE 4.1.0\/S\"\/>\n","<!-- generator:9 --><meta name=\"generator\" content=\"WPSSO UM 7.3.0\/S\"\/>\n","<!-- generator:10 --><meta name=\"generator\" content=\"WPSSO UL 4.3.0\/S\"\/>\n","<link rel=\"shortlink\" href=\"https:\/\/tu11.fi\/taekwondo\/en\/?p=11484\"\/>\n","<meta property=\"fb:app_id\" content=\"966242223397117\"\/>\n","<meta property=\"og:type\" content=\"website\"\/>\n","<meta property=\"og:url\" content=\"https:\/\/tu11.fi\/taekwondo\/en\/live\/\"\/>\n","<meta property=\"og:locale\" content=\"en_US\"\/>\n","<meta property=\"og:site_name\" content=\"Taekwondourheilijat 2011 | Taekwondoa parhaassa seurassa | Helsinki | Espoo | Vantaa\"\/>\n","<meta property=\"og:title\" content=\"Live!  &ndash; Taekwondourheilijat 2011 | Taekwondoa parhaassa seurassa...\"\/>\n","<meta property=\"og:description\" content=\"Taekwondourheilijoiden livetreenit kaikille taekwondon harrastajille!\"\/>\n","<meta property=\"og:updated_time\" content=\"2025-05-09T22:01:42+00:00\"\/>\n","<!-- og:image:1 --><meta property=\"og:image\" content=\"https:\/\/tu11.fi\/taekwondo\/wp-content\/uploads\/2022\/11\/IMG_2505-1-scaled-1200x630-cropped.jpg\"\/>\n","<!-- og:image:1 --><meta property=\"og:image:width\" content=\"1200\"\/>\n","<!-- og:image:1 --><meta property=\"og:image:height\" content=\"630\"\/>\n","<meta name=\"twitter:domain\" content=\"tu11.fi\"\/>\n","<meta name=\"twitter:site\" content=\"@taekwondourh\"\/>\n","<meta name=\"twitter:title\" content=\"Live!  &ndash; Taekwondourheilijat 2011 | Taekwondoa parhaassa seurassa...\"\/>\n","<meta name=\"twitter:description\" content=\"Taekwondourheilijoiden livetreenit kaikille taekwondon harrastajille!\"\/>\n","<meta name=\"twitter:card\" content=\"summary_large_image\"\/>\n","<meta name=\"twitter:image\" content=\"https:\/\/tu11.fi\/taekwondo\/wp-content\/uploads\/2022\/11\/IMG_2505-1-scaled-1200x630-cropped.jpg?p=11484\"\/>\n","<meta name=\"thumbnail\" content=\"https:\/\/tu11.fi\/taekwondo\/wp-content\/uploads\/2022\/11\/IMG_2505-1-scaled-1200x630-cropped.jpg\"\/>\n","<script type=\"application\/ld+json\" id=\"wpsso-schema-graph\">{\n    \"@context\": \"https:\/\/schema.org\",\n    \"@graph\": [\n        {\n            \"@id\": \"#sso\/knowledge-graph\/sports-team\/11484\",\n            \"@context\": \"https:\/\/schema.org\",\n            \"@type\": \"SportsTeam\",\n            \"mainEntityOfPage\": \"https:\/\/tu11.fi\/taekwondo\/en\/live\/\",\n            \"url\": \"https:\/\/tu11.fi\/taekwondo\/en\/live\/\",\n            \"sameAs\": [\n                \"https:\/\/tu11.fi\/taekwondo\/en\/?p=11484\"\n            ],\n            \"name\": \"Live!  &ndash; Taekwondourheilijat 2011 | Taekwondoa parhaassa seurassa...\",\n            \"alternateName\": \"Live!  &ndash; Taekwondourheilijat 2011 | Taekwondoa parhaassa seurassa | Helsinki | Espoo | Vantaa\",\n            \"description\": \"Taekwondourheilijoiden livetreenit kaikille taekwondon harrastajille!\",\n            \"image\": [\n                {\n                    \"@id\": \"https:\/\/tu11.fi\/taekwondo\/wp-content\/uploads\/2022\/11\/IMG_2505-1-scaled-1200x1200-cropped.jpg#sso\/image-object\"\n                },\n                {\n                    \"@id\": \"https:\/\/tu11.fi\/taekwondo\/wp-content\/uploads\/2022\/11\/IMG_2505-1-scaled-1200x900-cropped.jpg#sso\/image-object\"\n                },\n                {\n                    \"@id\": \"https:\/\/tu11.fi\/taekwondo\/wp-content\/uploads\/2022\/11\/IMG_2505-1-scaled-1200x675-cropped.jpg#sso\/image-object\"\n                }\n            ]\n        },\n        {\n            \"@id\": \"https:\/\/tu11.fi\/taekwondo\/wp-content\/uploads\/2022\/11\/IMG_2505-1-scaled-1200x1200-cropped.jpg#sso\/image-object\",\n            \"@context\": \"https:\/\/schema.org\",\n            \"@type\": \"ImageObject\",\n            \"url\": \"https:\/\/tu11.fi\/taekwondo\/wp-content\/uploads\/2022\/11\/IMG_2505-1-scaled-1200x1200-cropped.jpg\",\n            \"identifier\": \"18421-wpsso-schema-1x1\",\n            \"name\": \"IMG_2505 (1)  &ndash; Taekwondourheilijat 2011 | Taekwondoa parhaassa...\",\n            \"alternateName\": \"IMG_2505 (1)  &ndash; Taekwondourheilijat 2011 | Taekwondoa parhaassa seurassa | Helsinki | Espoo | Vantaa\",\n            \"description\": \"No Description.\",\n            \"encodingFormat\": \"image\/jpeg\",\n            \"uploadDate\": \"2022-11-10T08:08:16+00:00\",\n            \"width\": [\n                {\n                    \"@id\": \"#sso\/qv-width-px-1200\"\n                }\n            ],\n            \"height\": [\n                {\n                    \"@id\": \"#sso\/qv-height-px-1200\"\n                }\n            ]\n        },\n        {\n            \"@id\": \"#sso\/qv-width-px-1200\",\n            \"@context\": \"https:\/\/schema.org\",\n            \"@type\": \"QuantitativeValue\",\n            \"name\": \"Width\",\n            \"unitText\": \"px\",\n            \"unitCode\": \"E37\",\n            \"value\": \"1200\"\n        },\n        {\n            \"@id\": \"#sso\/qv-height-px-1200\",\n            \"@context\": \"https:\/\/schema.org\",\n            \"@type\": \"QuantitativeValue\",\n            \"name\": \"Height\",\n            \"unitText\": \"px\",\n            \"unitCode\": \"E37\",\n            \"value\": \"1200\"\n        },\n        {\n            \"@id\": \"https:\/\/tu11.fi\/taekwondo\/wp-content\/uploads\/2022\/11\/IMG_2505-1-scaled-1200x900-cropped.jpg#sso\/image-object\",\n            \"@context\": \"https:\/\/schema.org\",\n            \"@type\": \"ImageObject\",\n            \"url\": \"https:\/\/tu11.fi\/taekwondo\/wp-content\/uploads\/2022\/11\/IMG_2505-1-scaled-1200x900-cropped.jpg\",\n            \"identifier\": \"18421-wpsso-schema-4x3\",\n            \"name\": \"IMG_2505 (1)  &ndash; Taekwondourheilijat 2011 | Taekwondoa parhaassa...\",\n            \"alternateName\": \"IMG_2505 (1)  &ndash; Taekwondourheilijat 2011 | Taekwondoa parhaassa seurassa | Helsinki | Espoo | Vantaa\",\n            \"description\": \"No Description.\",\n            \"encodingFormat\": \"image\/jpeg\",\n            \"uploadDate\": \"2022-11-10T08:08:16+00:00\",\n            \"width\": [\n                {\n                    \"@id\": \"#sso\/qv-width-px-1200\"\n                }\n            ],\n            \"height\": [\n                {\n                    \"@id\": \"#sso\/qv-height-px-900\"\n                }\n            ]\n        },\n        {\n            \"@id\": \"#sso\/qv-height-px-900\",\n            \"@context\": \"https:\/\/schema.org\",\n            \"@type\": \"QuantitativeValue\",\n            \"name\": \"Height\",\n            \"unitText\": \"px\",\n            \"unitCode\": \"E37\",\n            \"value\": \"900\"\n        },\n        {\n            \"@id\": \"https:\/\/tu11.fi\/taekwondo\/wp-content\/uploads\/2022\/11\/IMG_2505-1-scaled-1200x675-cropped.jpg#sso\/image-object\",\n            \"@context\": \"https:\/\/schema.org\",\n            \"@type\": \"ImageObject\",\n            \"url\": \"https:\/\/tu11.fi\/taekwondo\/wp-content\/uploads\/2022\/11\/IMG_2505-1-scaled-1200x675-cropped.jpg\",\n            \"identifier\": \"18421-wpsso-schema-16x9\",\n            \"name\": \"IMG_2505 (1)  &ndash; Taekwondourheilijat 2011 | Taekwondoa parhaassa...\",\n            \"alternateName\": \"IMG_2505 (1)  &ndash; Taekwondourheilijat 2011 | Taekwondoa parhaassa seurassa | Helsinki | Espoo | Vantaa\",\n            \"description\": \"No Description.\",\n            \"encodingFormat\": \"image\/jpeg\",\n            \"uploadDate\": \"2022-11-10T08:08:16+00:00\",\n            \"width\": [\n                {\n                    \"@id\": \"#sso\/qv-width-px-1200\"\n                }\n            ],\n            \"height\": [\n                {\n                    \"@id\": \"#sso\/qv-height-px-675\"\n                }\n            ]\n        },\n        {\n            \"@id\": \"#sso\/qv-height-px-675\",\n            \"@context\": \"https:\/\/schema.org\",\n            \"@type\": \"QuantitativeValue\",\n            \"name\": \"Height\",\n            \"unitText\": \"px\",\n            \"unitCode\": \"E37\",\n            \"value\": \"675\"\n        },\n        {\n            \"@id\": \"\/live\/#sso\/breadcrumb-list\/11484\",\n            \"@context\": \"https:\/\/schema.org\",\n            \"@type\": \"BreadcrumbList\",\n            \"url\": \"https:\/\/tu11.fi\/taekwondo\/en\/live\/\",\n            \"itemListElement\": [\n                {\n                    \"@context\": \"https:\/\/schema.org\",\n                    \"@type\": \"ListItem\",\n                    \"position\": 1,\n                    \"name\": \"Home\",\n                    \"item\": \"https:\/\/tu11.fi\/taekwondo\/en\/\"\n                },\n                {\n                    \"@context\": \"https:\/\/schema.org\",\n                    \"@type\": \"ListItem\",\n                    \"position\": 2,\n                    \"name\": \"Blog\",\n                    \"item\": \"https:\/\/tu11.fi\/taekwondo\/\"\n                },\n                {\n                    \"@context\": \"https:\/\/schema.org\",\n                    \"@type\": \"ListItem\",\n                    \"position\": 3,\n                    \"name\": \"Live!   Taekwondourheilijat 2011 | Taekwondoa parhaassa seurassa |...\",\n                    \"item\": \"https:\/\/tu11.fi\/taekwondo\/en\/live\/\"\n                }\n            ]\n        }\n    ]\n}<\/script>\n","<meta name=\"wpsso-end\" content=\"wpsso structured data end\"\/>\n","<meta name=\"wpsso-cached\" content=\"no cache for tu11.fi\/taekwondo\"\/>\n"],"json":[{"@context":"https:\/\/schema.org","@graph":[{"@id":"#sso\/knowledge-graph\/sports-team\/11484","@context":"https:\/\/schema.org","@type":"SportsTeam","mainEntityOfPage":"https:\/\/tu11.fi\/taekwondo\/en\/live\/","url":"https:\/\/tu11.fi\/taekwondo\/en\/live\/","sameAs":["https:\/\/tu11.fi\/taekwondo\/en\/?p=11484"],"name":"Live!  &ndash; Taekwondourheilijat 2011 | Taekwondoa parhaassa seurassa...","alternateName":"Live!  &ndash; Taekwondourheilijat 2011 | Taekwondoa parhaassa seurassa | Helsinki | Espoo | Vantaa","description":"Taekwondourheilijoiden livetreenit kaikille taekwondon harrastajille!","image":[{"@id":"https:\/\/tu11.fi\/taekwondo\/wp-content\/uploads\/2022\/11\/IMG_2505-1-scaled-1200x1200-cropped.jpg#sso\/image-object"},{"@id":"https:\/\/tu11.fi\/taekwondo\/wp-content\/uploads\/2022\/11\/IMG_2505-1-scaled-1200x900-cropped.jpg#sso\/image-object"},{"@id":"https:\/\/tu11.fi\/taekwondo\/wp-content\/uploads\/2022\/11\/IMG_2505-1-scaled-1200x675-cropped.jpg#sso\/image-object"}]},{"@id":"https:\/\/tu11.fi\/taekwondo\/wp-content\/uploads\/2022\/11\/IMG_2505-1-scaled-1200x1200-cropped.jpg#sso\/image-object","@context":"https:\/\/schema.org","@type":"ImageObject","url":"https:\/\/tu11.fi\/taekwondo\/wp-content\/uploads\/2022\/11\/IMG_2505-1-scaled-1200x1200-cropped.jpg","identifier":"18421-wpsso-schema-1x1","name":"IMG_2505 (1)  &ndash; Taekwondourheilijat 2011 | Taekwondoa parhaassa...","alternateName":"IMG_2505 (1)  &ndash; Taekwondourheilijat 2011 | Taekwondoa parhaassa seurassa | Helsinki | Espoo | Vantaa","description":"No Description.","encodingFormat":"image\/jpeg","uploadDate":"2022-11-10T08:08:16+00:00","width":[{"@id":"#sso\/qv-width-px-1200"}],"height":[{"@id":"#sso\/qv-height-px-1200"}]},{"@id":"#sso\/qv-width-px-1200","@context":"https:\/\/schema.org","@type":"QuantitativeValue","name":"Width","unitText":"px","unitCode":"E37","value":"1200"},{"@id":"#sso\/qv-height-px-1200","@context":"https:\/\/schema.org","@type":"QuantitativeValue","name":"Height","unitText":"px","unitCode":"E37","value":"1200"},{"@id":"https:\/\/tu11.fi\/taekwondo\/wp-content\/uploads\/2022\/11\/IMG_2505-1-scaled-1200x900-cropped.jpg#sso\/image-object","@context":"https:\/\/schema.org","@type":"ImageObject","url":"https:\/\/tu11.fi\/taekwondo\/wp-content\/uploads\/2022\/11\/IMG_2505-1-scaled-1200x900-cropped.jpg","identifier":"18421-wpsso-schema-4x3","name":"IMG_2505 (1)  &ndash; Taekwondourheilijat 2011 | Taekwondoa parhaassa...","alternateName":"IMG_2505 (1)  &ndash; Taekwondourheilijat 2011 | Taekwondoa parhaassa seurassa | Helsinki | Espoo | Vantaa","description":"No Description.","encodingFormat":"image\/jpeg","uploadDate":"2022-11-10T08:08:16+00:00","width":[{"@id":"#sso\/qv-width-px-1200"}],"height":[{"@id":"#sso\/qv-height-px-900"}]},{"@id":"#sso\/qv-height-px-900","@context":"https:\/\/schema.org","@type":"QuantitativeValue","name":"Height","unitText":"px","unitCode":"E37","value":"900"},{"@id":"https:\/\/tu11.fi\/taekwondo\/wp-content\/uploads\/2022\/11\/IMG_2505-1-scaled-1200x675-cropped.jpg#sso\/image-object","@context":"https:\/\/schema.org","@type":"ImageObject","url":"https:\/\/tu11.fi\/taekwondo\/wp-content\/uploads\/2022\/11\/IMG_2505-1-scaled-1200x675-cropped.jpg","identifier":"18421-wpsso-schema-16x9","name":"IMG_2505 (1)  &ndash; Taekwondourheilijat 2011 | Taekwondoa parhaassa...","alternateName":"IMG_2505 (1)  &ndash; Taekwondourheilijat 2011 | Taekwondoa parhaassa seurassa | Helsinki | Espoo | Vantaa","description":"No Description.","encodingFormat":"image\/jpeg","uploadDate":"2022-11-10T08:08:16+00:00","width":[{"@id":"#sso\/qv-width-px-1200"}],"height":[{"@id":"#sso\/qv-height-px-675"}]},{"@id":"#sso\/qv-height-px-675","@context":"https:\/\/schema.org","@type":"QuantitativeValue","name":"Height","unitText":"px","unitCode":"E37","value":"675"},{"@id":"\/live\/#sso\/breadcrumb-list\/11484","@context":"https:\/\/schema.org","@type":"BreadcrumbList","url":"https:\/\/tu11.fi\/taekwondo\/en\/live\/","itemListElement":[{"@context":"https:\/\/schema.org","@type":"ListItem","position":1,"name":"Home","item":"https:\/\/tu11.fi\/taekwondo\/en\/"},{"@context":"https:\/\/schema.org","@type":"ListItem","position":2,"name":"Blog","item":"https:\/\/tu11.fi\/taekwondo\/"},{"@context":"https:\/\/schema.org","@type":"ListItem","position":3,"name":"Live!   Taekwondourheilijat 2011 | Taekwondoa parhaassa seurassa |...","item":"https:\/\/tu11.fi\/taekwondo\/en\/live\/"}]}]}],"parts":[["meta","name","generator","content","WPSSO Core 21.12.0\/L*","generator:1"],["meta","name","generator","content","WPSSO RAR 3.3.0\/S","generator:2"],["meta","name","generator","content","WPSSO REST 3.3.0\/S","generator:3"],["meta","name","generator","content","WPSSO BC 5.5.0\/S","generator:4"],["meta","name","generator","content","WPSSO FAQ 7.1.0\/S","generator:5"],["meta","name","generator","content","WPSSO OPM 5.1.0\/S","generator:6"],["meta","name","generator","content","WPSSO SSM 3.4.0\/S","generator:7"],["meta","name","generator","content","WPSSO TIE 4.1.0\/S","generator:8"],["meta","name","generator","content","WPSSO UM 7.3.0\/S","generator:9"],["meta","name","generator","content","WPSSO UL 4.3.0\/S","generator:10"],["link","rel","shortlink","href","https:\/\/tu11.fi\/taekwondo\/en\/?p=11484",""],["meta","property","fb:app_id","content","966242223397117",""],["meta","property","og:time","content","2026-04-04T17:34:01+00:00",""],["meta","property","og:type","content","website",""],["meta","property","og:url","content","https:\/\/tu11.fi\/taekwondo\/en\/live\/",""],["meta","property","og:locale","content","en_US",""],["meta","property","og:site_name","content","Taekwondourheilijat 2011 | Taekwondoa parhaassa seurassa | Helsinki | Espoo | Vantaa",""],["meta","property","og:title","content","Live!  &ndash; Taekwondourheilijat 2011 | Taekwondoa parhaassa seurassa...",""],["meta","property","og:description","content","Taekwondourheilijoiden livetreenit kaikille taekwondon harrastajille!",""],["meta","property","og:updated_time","content","2025-05-09T22:01:42+00:00",""],["meta","property","og:image:secure_url","content","https:\/\/tu11.fi\/taekwondo\/wp-content\/uploads\/2022\/11\/IMG_2505-1-scaled-1200x630-cropped.jpg","og:image:1"],["meta","property","og:image:url","content","https:\/\/tu11.fi\/taekwondo\/wp-content\/uploads\/2022\/11\/IMG_2505-1-scaled-1200x630-cropped.jpg","og:image:1"],["meta","property","og:image","content","https:\/\/tu11.fi\/taekwondo\/wp-content\/uploads\/2022\/11\/IMG_2505-1-scaled-1200x630-cropped.jpg","og:image:1"],["meta","property","og:image:width","content","1200","og:image:1"],["meta","property","og:image:height","content","630","og:image:1"],["meta","property","og:image:cropped","content","true","og:image:1"],["meta","property","og:image:id","content","18421","og:image:1"],["meta","property","og:image:size_name","content","wpsso-opengraph","og:image:1"],["meta","name","schema:language","content","en_US",""],["meta","name","schema:type:id","content","sports.team",""],["meta","name","schema:type:url","content","https:\/\/schema.org\/SportsTeam",""],["meta","name","schema:type:context","content","https:\/\/schema.org",""],["meta","name","schema:type:name","content","SportsTeam",""],["meta","name","schema:type:path","content","schema.org\/SportsTeam",""],["meta","property","article:author:name","content","Sampo Pajulampi",""],["meta","property","article:reading_mins","content","0",""],["meta","name","twitter:domain","content","tu11.fi",""],["meta","name","twitter:site","content","@taekwondourh",""],["meta","name","twitter:title","content","Live!  &ndash; Taekwondourheilijat 2011 | Taekwondoa parhaassa seurassa...",""],["meta","name","twitter:description","content","Taekwondourheilijoiden livetreenit kaikille taekwondon harrastajille!",""],["meta","name","twitter:card","content","summary_large_image",""],["meta","name","twitter:image","content","https:\/\/tu11.fi\/taekwondo\/wp-content\/uploads\/2022\/11\/IMG_2505-1-scaled-1200x630-cropped.jpg?p=11484",""],["meta","name","thumbnail","content","https:\/\/tu11.fi\/taekwondo\/wp-content\/uploads\/2022\/11\/IMG_2505-1-scaled-1200x630-cropped.jpg",""]]},"_links":{"self":[{"href":"https:\/\/tu11.fi\/taekwondo\/en\/wp-json\/wp\/v2\/pages\/11484","targetHints":{"allow":["GET"]}}],"collection":[{"href":"https:\/\/tu11.fi\/taekwondo\/en\/wp-json\/wp\/v2\/pages"}],"about":[{"href":"https:\/\/tu11.fi\/taekwondo\/en\/wp-json\/wp\/v2\/types\/page"}],"author":[{"embeddable":true,"href":"https:\/\/tu11.fi\/taekwondo\/en\/wp-json\/wp\/v2\/users\/2"}],"replies":[{"embeddable":true,"href":"https:\/\/tu11.fi\/taekwondo\/en\/wp-json\/wp\/v2\/comments?post=11484"}],"version-history":[{"count":15,"href":"https:\/\/tu11.fi\/taekwondo\/en\/wp-json\/wp\/v2\/pages\/11484\/revisions"}],"predecessor-version":[{"id":50014,"href":"https:\/\/tu11.fi\/taekwondo\/en\/wp-json\/wp\/v2\/pages\/11484\/revisions\/50014"}],"wp:featuredmedia":[{"embeddable":true,"href":"https:\/\/tu11.fi\/taekwondo\/en\/wp-json\/wp\/v2\/media\/18421"}],"wp:attachment":[{"href":"https:\/\/tu11.fi\/taekwondo\/en\/wp-json\/wp\/v2\/media?parent=11484"}],"curies":[{"name":"wp","href":"https:\/\/api.w.org\/{rel}","templated":true}]}}