{"id":13630,"date":"2021-01-15T08:21:47","date_gmt":"2021-01-15T08:21:47","guid":{"rendered":"https:\/\/tu11.fi\/taekwondo\/?page_id=13630"},"modified":"2022-07-26T07:23:32","modified_gmt":"2022-07-26T07:23:32","slug":"gdpr","status":"publish","type":"page","link":"https:\/\/tu11.fi\/taekwondo\/en\/gdpr\/","title":{"rendered":"GDPR"},"content":{"rendered":"<p>This is Taekwondo athletes 2011 Ry. register and data protection statement in accordance with the Personal Data Act (Sections 10 and 24) and the EU General Data Protection Regulation (GDPR). Prepared on 1 January 2020. Latest change 14.1.2021.<br \/>\u00a0<br \/>1. Registrar<br \/>Taekwondo athletes 2011<br \/>Ristipellontie 14, FI-00390 Helsinki<\/p>\n<p>\u00a0<br \/>2. The contact person responsible for the register<br \/>Pauli Raivio, pauli@tu11.fi.main.hoste.fi, 045 1827 290<\/p>\n<p>\u00a0<br \/>3. Register name<br \/>Newsletter subscriber register, Whatsapp newsletter user register, customer service contact information register, customer register<\/p>\n<p>4. Legal basis and purpose of personal data processing<br \/>According to the EU General Data Protection Regulation, the legal basis for processing personal data is - the person&#039;s consent<br \/>The purpose of processing personal data is to communicate with customers. The information is not used for automated decision-making or profiling.\u00a0<br \/>\u00a0<br \/>5. Data content of the register<br \/>Information to be recorded in the register is: person&#039;s name, contact information (phone number and\/or email address).<br \/>\u00a0<br \/>6. Regular sources of information<br \/>The information to be saved in the register is obtained from the customer, e.g. from messages sent via www forms and\/or by e-mail.<br \/>\u00a0<br \/>7. Regular transfers of data and transfer of data outside the EU or EEA<br \/>Information is not regularly disclosed to other parties. Information can be published to the extent agreed with the customer.<br \/>\u00a0<br \/>8. Principles of registry protection<br \/>Care is taken when processing the register and the information processed with the help of information systems is properly protected. When registry data is stored on Internet servers, the physical and digital data security of their hardware is taken care of accordingly. The registrar ensures that stored data as well as server access rights and other data critical to the security of personal data are handled confidentially and only by those employees whose job description it is.<br \/>\u00a0<br \/>9. Right of inspection and right to demand correction of information<br \/>Every person in the register has the right to check their information stored in the register and demand the correction of any incorrect information or the completion of incomplete information. If a person wants to check the information stored about him or demand correction, the request must be sent in writing to the controller. If necessary, the registrar may ask the requester to prove his identity. The controller responds to the customer within the time stipulated in the EU data protection regulation (generally within a month).<br \/>\u00a0<br \/>10. Other rights related to the processing of personal data<br \/>Rekisteriss\u00e4 olevalla henkil\u00f6ll\u00e4 on oikeus pyyt\u00e4\u00e4 h\u00e4nt\u00e4 koskevien henkil\u00f6tietojen poistamiseen rekisterist\u00e4 (&#8221;oikeus tulla unohdetuksi&#8221;). Niin ik\u00e4\u00e4n rekister\u00f6idyill\u00e4 on muut\u00a0EU:n yleisen tietosuoja-asetuksen mukaiset oikeudet\u00a0kuten henkil\u00f6tietojen k\u00e4sittelyn rajoittaminen tietyiss\u00e4 tilanteissa. Pyynn\u00f6t tulee\u00a0l\u00e4hett\u00e4\u00e4 kirjallisesti\u00a0rekisterinpit\u00e4j\u00e4lle. Rekisterinpit\u00e4j\u00e4 voi pyyt\u00e4\u00e4 tarvittaessa pyynn\u00f6n esitt\u00e4j\u00e4\u00e4 todistamaan henkil\u00f6llisyytens\u00e4. Rekisterinpit\u00e4j\u00e4 vastaa asiakkaalle EU:n tietosuoja-asetuksessa s\u00e4\u00e4detyss\u00e4 ajassa (p\u00e4\u00e4s\u00e4\u00e4nt\u00f6isesti kuukauden kuluessa).<\/p>","protected":false},"excerpt":{"rendered":"<p>This is Taekwondo athletes 2011 Ry. register and data protection statement according to the Personal Data Act (Sections 10 and 24) and the EU General Data Protection Regulation (GDPR). Prepared on 1 January 2020. Latest change 14.1.2021. 1. Registry holderTaekwondo athletes 2011 Ristipellontie 14, FI-00390 Helsinki 2. Contact person responsible for the registry Pauli Raivio, pauli@tu11.fi.main.hoste.fi, 045 1827 290 3. Name of the registry Newsletter subscriber registry, Whatsapp newsletter user registry, customer service contact information registry, customer registry 4. Legal basis and the purpose of the processing of personal data of the EU...<\/p>","protected":false},"author":2,"featured_media":13040,"parent":0,"menu_order":0,"comment_status":"closed","ping_status":"closed","template":"templates\/template-cover.php","meta":{"footnotes":""},"class_list":["post-13630","page","type-page","status-publish","has-post-thumbnail","hentry"],"yoast_head":"<!-- This site is optimized with the Yoast SEO plugin v27.2 - https:\/\/yoast.com\/product\/yoast-seo-wordpress\/ -->\n<title>GDPR - Taekwondourheilijat 2011 | Taekwondoa parhaassa seurassa | Helsinki | Espoo | Vantaa<\/title>\n<meta name=\"description\" content=\"TU11 tarjoaa innostavan ymp\u00e4rist\u00f6n harjoitella taekwondoa kaikenik\u00e4isille ja -tasoisille, aloittelijoista huippu-urheilijoihin. Valmennus on systemaattista ja valmentajat maamme parhaimmistoa. Aloita taekwondo nyt!\" \/>\n<meta name=\"robots\" content=\"index, follow, max-snippet:-1, max-image-preview:large, max-video-preview:-1\" \/>\n<link rel=\"canonical\" href=\"https:\/\/tu11.fi\/taekwondo\/en\/gdpr\/\" \/>\n<script type=\"application\/ld+json\" class=\"yoast-schema-graph\">{\"@context\":\"https:\/\/schema.org\",\"@graph\":[]}<\/script>\n<!-- \/ Yoast SEO plugin. -->","yoast_head_json":{"title":"GDPR - Taekwondo athletes 2011 | Taekwondo in the best company | Helsinki | Espoo | Vantaa","description":"TU11 offers an inspiring environment to practice taekwondo for all ages and levels, from beginners to elite athletes. The training is systematic and the coaches are the best in our country. Start taekwondo now!","robots":{"index":"index","follow":"follow","max-snippet":"max-snippet:-1","max-image-preview":"max-image-preview:large","max-video-preview":"max-video-preview:-1"},"canonical":"https:\/\/tu11.fi\/taekwondo\/en\/gdpr\/","schema":{"@context":"https:\/\/schema.org","@graph":[]}},"amp_enabled":true,"head":{"html":["<meta name=\"wpsso-begin\" content=\"wpsso structured data begin\"\/>\n","<!-- generator:1 --><meta name=\"generator\" content=\"WPSSO Core 21.12.0\/L*\"\/>\n","<!-- generator:2 --><meta name=\"generator\" content=\"WPSSO RAR 3.3.0\/S\"\/>\n","<!-- generator:3 --><meta name=\"generator\" content=\"WPSSO REST 3.3.0\/S\"\/>\n","<!-- generator:4 --><meta name=\"generator\" content=\"WPSSO BC 5.5.0\/S\"\/>\n","<!-- generator:5 --><meta name=\"generator\" content=\"WPSSO FAQ 7.1.0\/S\"\/>\n","<!-- generator:6 --><meta name=\"generator\" content=\"WPSSO OPM 5.1.0\/S\"\/>\n","<!-- generator:7 --><meta name=\"generator\" content=\"WPSSO SSM 3.4.0\/S\"\/>\n","<!-- generator:8 --><meta name=\"generator\" content=\"WPSSO TIE 4.1.0\/S\"\/>\n","<!-- generator:9 --><meta name=\"generator\" content=\"WPSSO UM 7.3.0\/S\"\/>\n","<!-- generator:10 --><meta name=\"generator\" content=\"WPSSO UL 4.3.0\/S\"\/>\n","<link rel=\"shortlink\" href=\"https:\/\/tu11.fi\/taekwondo\/en\/?p=13630\"\/>\n","<meta property=\"fb:app_id\" content=\"966242223397117\"\/>\n","<meta property=\"og:type\" content=\"website\"\/>\n","<meta property=\"og:url\" content=\"https:\/\/tu11.fi\/taekwondo\/en\/gdpr\/\"\/>\n","<meta property=\"og:locale\" content=\"en_US\"\/>\n","<meta property=\"og:site_name\" content=\"Taekwondourheilijat 2011 | Taekwondoa parhaassa seurassa | Helsinki | Espoo | Vantaa\"\/>\n","<meta property=\"og:title\" content=\"GDPR  &ndash; Taekwondourheilijat 2011 | Taekwondoa parhaassa seurassa |...\"\/>\n","<meta property=\"og:description\" content=\"TU11 tarjoaa innostavan ymp&auml;rist&ouml;n harjoitella taekwondoa kaikenik&auml;isille ja -tasoisille, aloittelijoista huippu-urheilijoihin. Valmennus on systemaattista ja valmentajat maamme parhaimmistoa. Aloita taekwondo nyt!\"\/>\n","<meta property=\"og:updated_time\" content=\"2022-07-26T07:23:32+00:00\"\/>\n","<!-- og:image:1 --><meta property=\"og:image\" content=\"https:\/\/tu11.fi\/taekwondo\/wp-content\/uploads\/2020\/08\/Taekwondourheilijat_2011_008_TU11-scaled-1200x630-cropped.jpg\"\/>\n","<!-- og:image:1 --><meta property=\"og:image:width\" content=\"1200\"\/>\n","<!-- og:image:1 --><meta property=\"og:image:height\" content=\"630\"\/>\n","<meta name=\"twitter:domain\" content=\"tu11.fi\"\/>\n","<meta name=\"twitter:site\" content=\"@taekwondourh\"\/>\n","<meta name=\"twitter:title\" content=\"GDPR  &ndash; Taekwondourheilijat 2011 | Taekwondoa parhaassa seurassa |...\"\/>\n","<meta name=\"twitter:description\" content=\"TU11 tarjoaa innostavan ymp&auml;rist&ouml;n harjoitella taekwondoa kaikenik&auml;isille ja -tasoisille, aloittelijoista huippu-urheilijoihin. Valmennus on systemaattista ja valmentajat maamme parhaimmistoa...\"\/>\n","<meta name=\"twitter:card\" content=\"summary_large_image\"\/>\n","<meta name=\"twitter:image\" content=\"https:\/\/tu11.fi\/taekwondo\/wp-content\/uploads\/2020\/08\/Taekwondourheilijat_2011_008_TU11-scaled-1200x630-cropped.jpg?p=13630\"\/>\n","<meta name=\"thumbnail\" content=\"https:\/\/tu11.fi\/taekwondo\/wp-content\/uploads\/2020\/08\/Taekwondourheilijat_2011_008_TU11-scaled-1200x630-cropped.jpg\"\/>\n","<script type=\"application\/ld+json\" id=\"wpsso-schema-graph\">{\n    \"@context\": \"https:\/\/schema.org\",\n    \"@graph\": [\n        {\n            \"@id\": \"#sso\/knowledge-graph\/sports-team\/13630\",\n            \"@context\": \"https:\/\/schema.org\",\n            \"@type\": \"SportsTeam\",\n            \"mainEntityOfPage\": \"https:\/\/tu11.fi\/taekwondo\/en\/gdpr\/\",\n            \"url\": \"https:\/\/tu11.fi\/taekwondo\/en\/gdpr\/\",\n            \"sameAs\": [\n                \"https:\/\/tu11.fi\/taekwondo\/en\/?p=13630\"\n            ],\n            \"name\": \"GDPR  &ndash; Taekwondourheilijat 2011 | Taekwondoa parhaassa seurassa |...\",\n            \"alternateName\": \"GDPR  &ndash; Taekwondourheilijat 2011 | Taekwondoa parhaassa seurassa | Helsinki | Espoo | Vantaa\",\n            \"description\": \"TU11 tarjoaa innostavan ymp&auml;rist&ouml;n harjoitella taekwondoa kaikenik&auml;isille ja -tasoisille, aloittelijoista huippu-urheilijoihin. Valmennus on systemaattista ja valmentajat maamme parhaimmistoa. Aloita taekwondo nyt!\",\n            \"image\": [\n                {\n                    \"@id\": \"https:\/\/tu11.fi\/taekwondo\/wp-content\/uploads\/2020\/08\/Taekwondourheilijat_2011_008_TU11-scaled-1200x1200-cropped.jpg#sso\/image-object\"\n                },\n                {\n                    \"@id\": \"https:\/\/tu11.fi\/taekwondo\/wp-content\/uploads\/2020\/08\/Taekwondourheilijat_2011_008_TU11-scaled-1200x900-cropped.jpg#sso\/image-object\"\n                },\n                {\n                    \"@id\": \"https:\/\/tu11.fi\/taekwondo\/wp-content\/uploads\/2020\/08\/Taekwondourheilijat_2011_008_TU11-scaled-1200x675-cropped.jpg#sso\/image-object\"\n                }\n            ]\n        },\n        {\n            \"@id\": \"https:\/\/tu11.fi\/taekwondo\/wp-content\/uploads\/2020\/08\/Taekwondourheilijat_2011_008_TU11-scaled-1200x1200-cropped.jpg#sso\/image-object\",\n            \"@context\": \"https:\/\/schema.org\",\n            \"@type\": \"ImageObject\",\n            \"url\": \"https:\/\/tu11.fi\/taekwondo\/wp-content\/uploads\/2020\/08\/Taekwondourheilijat_2011_008_TU11-scaled-1200x1200-cropped.jpg\",\n            \"identifier\": \"13040-wpsso-schema-1x1\",\n            \"name\": \"Taekwondourheilijat_2011_008_TU11  &ndash; Taekwondourheilijat 2011 |...\",\n            \"alternateName\": \"Taekwondourheilijat_2011_008_TU11  &ndash; Taekwondourheilijat 2011 | Taekwondoa parhaassa seurassa | Helsinki |...\",\n            \"description\": \"No Description.\",\n            \"encodingFormat\": \"image\/jpeg\",\n            \"uploadDate\": \"2020-08-25T10:05:09+00:00\",\n            \"width\": [\n                {\n                    \"@id\": \"#sso\/qv-width-px-1200\"\n                }\n            ],\n            \"height\": [\n                {\n                    \"@id\": \"#sso\/qv-height-px-1200\"\n                }\n            ]\n        },\n        {\n            \"@id\": \"#sso\/qv-width-px-1200\",\n            \"@context\": \"https:\/\/schema.org\",\n            \"@type\": \"QuantitativeValue\",\n            \"name\": \"Width\",\n            \"unitText\": \"px\",\n            \"unitCode\": \"E37\",\n            \"value\": \"1200\"\n        },\n        {\n            \"@id\": \"#sso\/qv-height-px-1200\",\n            \"@context\": \"https:\/\/schema.org\",\n            \"@type\": \"QuantitativeValue\",\n            \"name\": \"Height\",\n            \"unitText\": \"px\",\n            \"unitCode\": \"E37\",\n            \"value\": \"1200\"\n        },\n        {\n            \"@id\": \"https:\/\/tu11.fi\/taekwondo\/wp-content\/uploads\/2020\/08\/Taekwondourheilijat_2011_008_TU11-scaled-1200x900-cropped.jpg#sso\/image-object\",\n            \"@context\": \"https:\/\/schema.org\",\n            \"@type\": \"ImageObject\",\n            \"url\": \"https:\/\/tu11.fi\/taekwondo\/wp-content\/uploads\/2020\/08\/Taekwondourheilijat_2011_008_TU11-scaled-1200x900-cropped.jpg\",\n            \"identifier\": \"13040-wpsso-schema-4x3\",\n            \"name\": \"Taekwondourheilijat_2011_008_TU11  &ndash; Taekwondourheilijat 2011 |...\",\n            \"alternateName\": \"Taekwondourheilijat_2011_008_TU11  &ndash; Taekwondourheilijat 2011 | Taekwondoa parhaassa seurassa | Helsinki |...\",\n            \"description\": \"No Description.\",\n            \"encodingFormat\": \"image\/jpeg\",\n            \"uploadDate\": \"2020-08-25T10:05:09+00:00\",\n            \"width\": [\n                {\n                    \"@id\": \"#sso\/qv-width-px-1200\"\n                }\n            ],\n            \"height\": [\n                {\n                    \"@id\": \"#sso\/qv-height-px-900\"\n                }\n            ]\n        },\n        {\n            \"@id\": \"#sso\/qv-height-px-900\",\n            \"@context\": \"https:\/\/schema.org\",\n            \"@type\": \"QuantitativeValue\",\n            \"name\": \"Height\",\n            \"unitText\": \"px\",\n            \"unitCode\": \"E37\",\n            \"value\": \"900\"\n        },\n        {\n            \"@id\": \"https:\/\/tu11.fi\/taekwondo\/wp-content\/uploads\/2020\/08\/Taekwondourheilijat_2011_008_TU11-scaled-1200x675-cropped.jpg#sso\/image-object\",\n            \"@context\": \"https:\/\/schema.org\",\n            \"@type\": \"ImageObject\",\n            \"url\": \"https:\/\/tu11.fi\/taekwondo\/wp-content\/uploads\/2020\/08\/Taekwondourheilijat_2011_008_TU11-scaled-1200x675-cropped.jpg\",\n            \"identifier\": \"13040-wpsso-schema-16x9\",\n            \"name\": \"Taekwondourheilijat_2011_008_TU11  &ndash; Taekwondourheilijat 2011 |...\",\n            \"alternateName\": \"Taekwondourheilijat_2011_008_TU11  &ndash; Taekwondourheilijat 2011 | Taekwondoa parhaassa seurassa | Helsinki |...\",\n            \"description\": \"No Description.\",\n            \"encodingFormat\": \"image\/jpeg\",\n            \"uploadDate\": \"2020-08-25T10:05:09+00:00\",\n            \"width\": [\n                {\n                    \"@id\": \"#sso\/qv-width-px-1200\"\n                }\n            ],\n            \"height\": [\n                {\n                    \"@id\": \"#sso\/qv-height-px-675\"\n                }\n            ]\n        },\n        {\n            \"@id\": \"#sso\/qv-height-px-675\",\n            \"@context\": \"https:\/\/schema.org\",\n            \"@type\": \"QuantitativeValue\",\n            \"name\": \"Height\",\n            \"unitText\": \"px\",\n            \"unitCode\": \"E37\",\n            \"value\": \"675\"\n        },\n        {\n            \"@id\": \"\/gdpr\/#sso\/breadcrumb-list\/13630\",\n            \"@context\": \"https:\/\/schema.org\",\n            \"@type\": \"BreadcrumbList\",\n            \"url\": \"https:\/\/tu11.fi\/taekwondo\/en\/gdpr\/\",\n            \"itemListElement\": [\n                {\n                    \"@context\": \"https:\/\/schema.org\",\n                    \"@type\": \"ListItem\",\n                    \"position\": 1,\n                    \"name\": \"Home\",\n                    \"item\": \"https:\/\/tu11.fi\/taekwondo\/en\/\"\n                },\n                {\n                    \"@context\": \"https:\/\/schema.org\",\n                    \"@type\": \"ListItem\",\n                    \"position\": 2,\n                    \"name\": \"Blog\",\n                    \"item\": \"https:\/\/tu11.fi\/taekwondo\/\"\n                },\n                {\n                    \"@context\": \"https:\/\/schema.org\",\n                    \"@type\": \"ListItem\",\n                    \"position\": 3,\n                    \"name\": \"GDPR   Taekwondourheilijat 2011 | Taekwondoa parhaassa seurassa |...\",\n                    \"item\": \"https:\/\/tu11.fi\/taekwondo\/en\/gdpr\/\"\n                }\n            ]\n        }\n    ]\n}<\/script>\n","<meta name=\"wpsso-end\" content=\"wpsso structured data end\"\/>\n","<meta name=\"wpsso-cached\" content=\"no cache for tu11.fi\/taekwondo\"\/>\n"],"json":[{"@context":"https:\/\/schema.org","@graph":[{"@id":"#sso\/knowledge-graph\/sports-team\/13630","@context":"https:\/\/schema.org","@type":"SportsTeam","mainEntityOfPage":"https:\/\/tu11.fi\/taekwondo\/en\/gdpr\/","url":"https:\/\/tu11.fi\/taekwondo\/en\/gdpr\/","sameAs":["https:\/\/tu11.fi\/taekwondo\/en\/?p=13630"],"name":"GDPR  &ndash; Taekwondourheilijat 2011 | Taekwondoa parhaassa seurassa |...","alternateName":"GDPR  &ndash; Taekwondourheilijat 2011 | Taekwondoa parhaassa seurassa | Helsinki | Espoo | Vantaa","description":"TU11 tarjoaa innostavan ymp&auml;rist&ouml;n harjoitella taekwondoa kaikenik&auml;isille ja -tasoisille, aloittelijoista huippu-urheilijoihin. Valmennus on systemaattista ja valmentajat maamme parhaimmistoa. Aloita taekwondo nyt!","image":[{"@id":"https:\/\/tu11.fi\/taekwondo\/wp-content\/uploads\/2020\/08\/Taekwondourheilijat_2011_008_TU11-scaled-1200x1200-cropped.jpg#sso\/image-object"},{"@id":"https:\/\/tu11.fi\/taekwondo\/wp-content\/uploads\/2020\/08\/Taekwondourheilijat_2011_008_TU11-scaled-1200x900-cropped.jpg#sso\/image-object"},{"@id":"https:\/\/tu11.fi\/taekwondo\/wp-content\/uploads\/2020\/08\/Taekwondourheilijat_2011_008_TU11-scaled-1200x675-cropped.jpg#sso\/image-object"}]},{"@id":"https:\/\/tu11.fi\/taekwondo\/wp-content\/uploads\/2020\/08\/Taekwondourheilijat_2011_008_TU11-scaled-1200x1200-cropped.jpg#sso\/image-object","@context":"https:\/\/schema.org","@type":"ImageObject","url":"https:\/\/tu11.fi\/taekwondo\/wp-content\/uploads\/2020\/08\/Taekwondourheilijat_2011_008_TU11-scaled-1200x1200-cropped.jpg","identifier":"13040-wpsso-schema-1x1","name":"Taekwondourheilijat_2011_008_TU11  &ndash; Taekwondourheilijat 2011 |...","alternateName":"Taekwondourheilijat_2011_008_TU11  &ndash; Taekwondourheilijat 2011 | Taekwondoa parhaassa seurassa | Helsinki |...","description":"No Description.","encodingFormat":"image\/jpeg","uploadDate":"2020-08-25T10:05:09+00:00","width":[{"@id":"#sso\/qv-width-px-1200"}],"height":[{"@id":"#sso\/qv-height-px-1200"}]},{"@id":"#sso\/qv-width-px-1200","@context":"https:\/\/schema.org","@type":"QuantitativeValue","name":"Width","unitText":"px","unitCode":"E37","value":"1200"},{"@id":"#sso\/qv-height-px-1200","@context":"https:\/\/schema.org","@type":"QuantitativeValue","name":"Height","unitText":"px","unitCode":"E37","value":"1200"},{"@id":"https:\/\/tu11.fi\/taekwondo\/wp-content\/uploads\/2020\/08\/Taekwondourheilijat_2011_008_TU11-scaled-1200x900-cropped.jpg#sso\/image-object","@context":"https:\/\/schema.org","@type":"ImageObject","url":"https:\/\/tu11.fi\/taekwondo\/wp-content\/uploads\/2020\/08\/Taekwondourheilijat_2011_008_TU11-scaled-1200x900-cropped.jpg","identifier":"13040-wpsso-schema-4x3","name":"Taekwondourheilijat_2011_008_TU11  &ndash; Taekwondourheilijat 2011 |...","alternateName":"Taekwondourheilijat_2011_008_TU11  &ndash; Taekwondourheilijat 2011 | Taekwondoa parhaassa seurassa | Helsinki |...","description":"No Description.","encodingFormat":"image\/jpeg","uploadDate":"2020-08-25T10:05:09+00:00","width":[{"@id":"#sso\/qv-width-px-1200"}],"height":[{"@id":"#sso\/qv-height-px-900"}]},{"@id":"#sso\/qv-height-px-900","@context":"https:\/\/schema.org","@type":"QuantitativeValue","name":"Height","unitText":"px","unitCode":"E37","value":"900"},{"@id":"https:\/\/tu11.fi\/taekwondo\/wp-content\/uploads\/2020\/08\/Taekwondourheilijat_2011_008_TU11-scaled-1200x675-cropped.jpg#sso\/image-object","@context":"https:\/\/schema.org","@type":"ImageObject","url":"https:\/\/tu11.fi\/taekwondo\/wp-content\/uploads\/2020\/08\/Taekwondourheilijat_2011_008_TU11-scaled-1200x675-cropped.jpg","identifier":"13040-wpsso-schema-16x9","name":"Taekwondourheilijat_2011_008_TU11  &ndash; Taekwondourheilijat 2011 |...","alternateName":"Taekwondourheilijat_2011_008_TU11  &ndash; Taekwondourheilijat 2011 | Taekwondoa parhaassa seurassa | Helsinki |...","description":"No Description.","encodingFormat":"image\/jpeg","uploadDate":"2020-08-25T10:05:09+00:00","width":[{"@id":"#sso\/qv-width-px-1200"}],"height":[{"@id":"#sso\/qv-height-px-675"}]},{"@id":"#sso\/qv-height-px-675","@context":"https:\/\/schema.org","@type":"QuantitativeValue","name":"Height","unitText":"px","unitCode":"E37","value":"675"},{"@id":"\/gdpr\/#sso\/breadcrumb-list\/13630","@context":"https:\/\/schema.org","@type":"BreadcrumbList","url":"https:\/\/tu11.fi\/taekwondo\/en\/gdpr\/","itemListElement":[{"@context":"https:\/\/schema.org","@type":"ListItem","position":1,"name":"Home","item":"https:\/\/tu11.fi\/taekwondo\/en\/"},{"@context":"https:\/\/schema.org","@type":"ListItem","position":2,"name":"Blog","item":"https:\/\/tu11.fi\/taekwondo\/"},{"@context":"https:\/\/schema.org","@type":"ListItem","position":3,"name":"GDPR   Taekwondourheilijat 2011 | Taekwondoa parhaassa seurassa |...","item":"https:\/\/tu11.fi\/taekwondo\/en\/gdpr\/"}]}]}],"parts":[["meta","name","generator","content","WPSSO Core 21.12.0\/L*","generator:1"],["meta","name","generator","content","WPSSO RAR 3.3.0\/S","generator:2"],["meta","name","generator","content","WPSSO REST 3.3.0\/S","generator:3"],["meta","name","generator","content","WPSSO BC 5.5.0\/S","generator:4"],["meta","name","generator","content","WPSSO FAQ 7.1.0\/S","generator:5"],["meta","name","generator","content","WPSSO OPM 5.1.0\/S","generator:6"],["meta","name","generator","content","WPSSO SSM 3.4.0\/S","generator:7"],["meta","name","generator","content","WPSSO TIE 4.1.0\/S","generator:8"],["meta","name","generator","content","WPSSO UM 7.3.0\/S","generator:9"],["meta","name","generator","content","WPSSO UL 4.3.0\/S","generator:10"],["link","rel","shortlink","href","https:\/\/tu11.fi\/taekwondo\/en\/?p=13630",""],["meta","property","fb:app_id","content","966242223397117",""],["meta","property","og:time","content","2026-04-12T06:50:27+00:00",""],["meta","property","og:type","content","website",""],["meta","property","og:url","content","https:\/\/tu11.fi\/taekwondo\/en\/gdpr\/",""],["meta","property","og:locale","content","en_US",""],["meta","property","og:site_name","content","Taekwondourheilijat 2011 | Taekwondoa parhaassa seurassa | Helsinki | Espoo | Vantaa",""],["meta","property","og:title","content","GDPR  &ndash; Taekwondourheilijat 2011 | Taekwondoa parhaassa seurassa |...",""],["meta","property","og:description","content","TU11 tarjoaa innostavan ymp&auml;rist&ouml;n harjoitella taekwondoa kaikenik&auml;isille ja -tasoisille, aloittelijoista huippu-urheilijoihin. Valmennus on systemaattista ja valmentajat maamme parhaimmistoa. Aloita taekwondo nyt!",""],["meta","property","og:updated_time","content","2022-07-26T07:23:32+00:00",""],["meta","property","og:image:secure_url","content","https:\/\/tu11.fi\/taekwondo\/wp-content\/uploads\/2020\/08\/Taekwondourheilijat_2011_008_TU11-scaled-1200x630-cropped.jpg","og:image:1"],["meta","property","og:image:url","content","https:\/\/tu11.fi\/taekwondo\/wp-content\/uploads\/2020\/08\/Taekwondourheilijat_2011_008_TU11-scaled-1200x630-cropped.jpg","og:image:1"],["meta","property","og:image","content","https:\/\/tu11.fi\/taekwondo\/wp-content\/uploads\/2020\/08\/Taekwondourheilijat_2011_008_TU11-scaled-1200x630-cropped.jpg","og:image:1"],["meta","property","og:image:width","content","1200","og:image:1"],["meta","property","og:image:height","content","630","og:image:1"],["meta","property","og:image:cropped","content","true","og:image:1"],["meta","property","og:image:id","content","13040","og:image:1"],["meta","property","og:image:size_name","content","wpsso-opengraph","og:image:1"],["meta","name","schema:language","content","en_US",""],["meta","name","schema:type:id","content","sports.team",""],["meta","name","schema:type:url","content","https:\/\/schema.org\/SportsTeam",""],["meta","name","schema:type:context","content","https:\/\/schema.org",""],["meta","name","schema:type:name","content","SportsTeam",""],["meta","name","schema:type:path","content","schema.org\/SportsTeam",""],["meta","property","article:author:name","content","Sampo Pajulampi",""],["meta","property","article:reading_mins","content","2",""],["meta","name","twitter:domain","content","tu11.fi",""],["meta","name","twitter:site","content","@taekwondourh",""],["meta","name","twitter:title","content","GDPR  &ndash; Taekwondourheilijat 2011 | Taekwondoa parhaassa seurassa |...",""],["meta","name","twitter:description","content","TU11 tarjoaa innostavan ymp&auml;rist&ouml;n harjoitella taekwondoa kaikenik&auml;isille ja -tasoisille, aloittelijoista huippu-urheilijoihin. Valmennus on systemaattista ja valmentajat maamme parhaimmistoa...",""],["meta","name","twitter:card","content","summary_large_image",""],["meta","name","twitter:image","content","https:\/\/tu11.fi\/taekwondo\/wp-content\/uploads\/2020\/08\/Taekwondourheilijat_2011_008_TU11-scaled-1200x630-cropped.jpg?p=13630",""],["meta","name","thumbnail","content","https:\/\/tu11.fi\/taekwondo\/wp-content\/uploads\/2020\/08\/Taekwondourheilijat_2011_008_TU11-scaled-1200x630-cropped.jpg",""]]},"_links":{"self":[{"href":"https:\/\/tu11.fi\/taekwondo\/en\/wp-json\/wp\/v2\/pages\/13630","targetHints":{"allow":["GET"]}}],"collection":[{"href":"https:\/\/tu11.fi\/taekwondo\/en\/wp-json\/wp\/v2\/pages"}],"about":[{"href":"https:\/\/tu11.fi\/taekwondo\/en\/wp-json\/wp\/v2\/types\/page"}],"author":[{"embeddable":true,"href":"https:\/\/tu11.fi\/taekwondo\/en\/wp-json\/wp\/v2\/users\/2"}],"replies":[{"embeddable":true,"href":"https:\/\/tu11.fi\/taekwondo\/en\/wp-json\/wp\/v2\/comments?post=13630"}],"version-history":[{"count":0,"href":"https:\/\/tu11.fi\/taekwondo\/en\/wp-json\/wp\/v2\/pages\/13630\/revisions"}],"wp:featuredmedia":[{"embeddable":true,"href":"https:\/\/tu11.fi\/taekwondo\/en\/wp-json\/wp\/v2\/media\/13040"}],"wp:attachment":[{"href":"https:\/\/tu11.fi\/taekwondo\/en\/wp-json\/wp\/v2\/media?parent=13630"}],"curies":[{"name":"wp","href":"https:\/\/api.w.org\/{rel}","templated":true}]}}