{"id":15513,"date":"2022-02-18T09:24:06","date_gmt":"2022-02-18T09:24:06","guid":{"rendered":"https:\/\/tu11.fi\/taekwondo\/?page_id=15513"},"modified":"2022-02-18T10:10:02","modified_gmt":"2022-02-18T10:10:02","slug":"laundry-service","status":"publish","type":"page","link":"https:\/\/tu11.fi\/taekwondo\/en\/pyykkipalvelu\/","title":{"rendered":"Laundry service 15\/month"},"content":{"rendered":"<p>Wash your suit and other training gear with us! Make a deal, leave your dirty clothes in the basket and get them clean twice a week in the coat rack. Wash your dobok, your washable protection and, for example, your bib clothes!<\/p>\n<p>When you have opened the service, you will receive a regular name sticker that you put on the washing tags of your equipment, so you can find yours in the coat rack. Put the clothes that need to be washed in a laundry bag into laundry bags.<br \/><br \/>Colored clothes are washed with a 30\u00b0C program and white ones (such as doboks) with a 40\u00b0C program. Laundry is left by 21:00 on Tuesday (finished Thursday 17:00) and on Thursday by 21:00 (finished Mon 17:00).<\/p>\n<p>Opening fee \u20ac20<br \/>Monthly fee with a 6-month contract \u20ac15\/month (\u20ac90\/6 months)<br \/>Monthly fee with monthly contract 20\u20ac\/month<br \/>If you have a closet and want laundry in your closet +2\u20ac\/month, <a href=\"https:\/\/tu11.fi\/taekwondo\/en\/own-closet\/\">get your own locker \u20ac7\/month<\/a><\/p>\n<p>Order the service at the counter or <a href=\"mailto:info@tu11.fi.main.hoste.fi\">info@tu11.fi.main.hoste.fi<\/a><\/p>","protected":false},"excerpt":{"rendered":"<p>Photo: https:\/\/unsplash.com\/@enginakyurt<\/p>","protected":false},"author":2,"featured_media":15514,"parent":0,"menu_order":0,"comment_status":"closed","ping_status":"closed","template":"templates\/template-cover.php","meta":{"footnotes":""},"class_list":["post-15513","page","type-page","status-publish","has-post-thumbnail","hentry"],"yoast_head":"<!-- This site is optimized with the Yoast SEO plugin v27.2 - https:\/\/yoast.com\/product\/yoast-seo-wordpress\/ -->\n<title>Pyykkipalvelu 15\/kk - Taekwondourheilijat 2011 | Taekwondoa parhaassa seurassa | Helsinki | Espoo | Vantaa<\/title>\n<meta name=\"description\" content=\"TU11 tarjoaa innostavan ymp\u00e4rist\u00f6n harjoitella taekwondoa kaikenik\u00e4isille ja -tasoisille, aloittelijoista huippu-urheilijoihin. Valmennus on systemaattista ja valmentajat maamme parhaimmistoa. Aloita taekwondo nyt!\" \/>\n<meta name=\"robots\" content=\"index, follow, max-snippet:-1, max-image-preview:large, max-video-preview:-1\" \/>\n<link rel=\"canonical\" href=\"http:\/\/tu11.fi\/taekwondo\/en\/laundry-service\/\" \/>\n<script type=\"application\/ld+json\" class=\"yoast-schema-graph\">{\"@context\":\"https:\/\/schema.org\",\"@graph\":[]}<\/script>\n<!-- \/ Yoast SEO plugin. -->","yoast_head_json":{"title":"Pyykkipalvelu 15\/kk - Taekwondourheilijat 2011 | Taekwondoa parhaassa seurassa | Helsinki | Espoo | Vantaa","description":"TU11 offers an inspiring environment to practice taekwondo for all ages and levels, from beginners to elite athletes. The training is systematic and the coaches are the best in our country. Start taekwondo now!","robots":{"index":"index","follow":"follow","max-snippet":"max-snippet:-1","max-image-preview":"max-image-preview:large","max-video-preview":"max-video-preview:-1"},"canonical":"http:\/\/tu11.fi\/taekwondo\/en\/laundry-service\/","schema":{"@context":"https:\/\/schema.org","@graph":[]}},"amp_enabled":true,"head":{"html":["<meta name=\"wpsso-begin\" content=\"wpsso structured data begin\"\/>\n","<!-- generator:1 --><meta name=\"generator\" content=\"WPSSO Core 21.12.0\/L*\"\/>\n","<!-- generator:2 --><meta name=\"generator\" content=\"WPSSO RAR 3.3.0\/S\"\/>\n","<!-- generator:3 --><meta name=\"generator\" content=\"WPSSO REST 3.3.0\/S\"\/>\n","<!-- generator:4 --><meta name=\"generator\" content=\"WPSSO BC 5.5.0\/S\"\/>\n","<!-- generator:5 --><meta name=\"generator\" content=\"WPSSO FAQ 7.1.0\/S\"\/>\n","<!-- generator:6 --><meta name=\"generator\" content=\"WPSSO OPM 5.1.0\/S\"\/>\n","<!-- generator:7 --><meta name=\"generator\" content=\"WPSSO SSM 3.4.0\/S\"\/>\n","<!-- generator:8 --><meta name=\"generator\" content=\"WPSSO TIE 4.1.0\/S\"\/>\n","<!-- generator:9 --><meta name=\"generator\" content=\"WPSSO UM 7.3.0\/S\"\/>\n","<!-- generator:10 --><meta name=\"generator\" content=\"WPSSO UL 4.3.0\/S\"\/>\n","<link rel=\"shortlink\" href=\"https:\/\/tu11.fi\/taekwondo\/en\/?p=15513\"\/>\n","<meta property=\"fb:app_id\" content=\"966242223397117\"\/>\n","<meta property=\"og:type\" content=\"website\"\/>\n","<meta property=\"og:url\" content=\"https:\/\/tu11.fi\/taekwondo\/en\/pyykkipalvelu\/\"\/>\n","<meta property=\"og:locale\" content=\"en_US\"\/>\n","<meta property=\"og:site_name\" content=\"Taekwondourheilijat 2011 | Taekwondoa parhaassa seurassa | Helsinki | Espoo | Vantaa\"\/>\n","<meta property=\"og:title\" content=\"Pyykkipalvelu 15\/kk  &ndash; Taekwondourheilijat 2011 | Taekwondoa...\"\/>\n","<meta property=\"og:description\" content=\"TU11 tarjoaa innostavan ymp&auml;rist&ouml;n harjoitella taekwondoa kaikenik&auml;isille ja -tasoisille, aloittelijoista huippu-urheilijoihin. Valmennus on systemaattista ja valmentajat maamme parhaimmistoa. Aloita taekwondo nyt!\"\/>\n","<meta property=\"og:updated_time\" content=\"2022-02-18T10:10:02+00:00\"\/>\n","<!-- og:image:1 --><meta property=\"og:image\" content=\"https:\/\/tu11.fi\/taekwondo\/wp-content\/uploads\/2022\/02\/engin-akyurt-yCYVV8-kQNM-unsplash-scaled-1200x630-cropped.jpg\"\/>\n","<!-- og:image:1 --><meta property=\"og:image:width\" content=\"1200\"\/>\n","<!-- og:image:1 --><meta property=\"og:image:height\" content=\"630\"\/>\n","<meta name=\"twitter:domain\" content=\"tu11.fi\"\/>\n","<meta name=\"twitter:site\" content=\"@taekwondourh\"\/>\n","<meta name=\"twitter:title\" content=\"Pyykkipalvelu 15\/kk  &ndash; Taekwondourheilijat 2011 | Taekwondoa...\"\/>\n","<meta name=\"twitter:description\" content=\"TU11 tarjoaa innostavan ymp&auml;rist&ouml;n harjoitella taekwondoa kaikenik&auml;isille ja -tasoisille, aloittelijoista huippu-urheilijoihin. Valmennus on systemaattista ja valmentajat maamme parhaimmistoa...\"\/>\n","<meta name=\"twitter:card\" content=\"summary_large_image\"\/>\n","<meta name=\"twitter:image\" content=\"https:\/\/tu11.fi\/taekwondo\/wp-content\/uploads\/2022\/02\/engin-akyurt-yCYVV8-kQNM-unsplash-scaled-1200x630-cropped.jpg?p=15513\"\/>\n","<meta name=\"thumbnail\" content=\"https:\/\/tu11.fi\/taekwondo\/wp-content\/uploads\/2022\/02\/engin-akyurt-yCYVV8-kQNM-unsplash-scaled-1200x630-cropped.jpg\"\/>\n","<script type=\"application\/ld+json\" id=\"wpsso-schema-graph\">{\n    \"@context\": \"https:\/\/schema.org\",\n    \"@graph\": [\n        {\n            \"@id\": \"#sso\/knowledge-graph\/sports-team\/15513\",\n            \"@context\": \"https:\/\/schema.org\",\n            \"@type\": \"SportsTeam\",\n            \"mainEntityOfPage\": \"https:\/\/tu11.fi\/taekwondo\/en\/pyykkipalvelu\/\",\n            \"url\": \"https:\/\/tu11.fi\/taekwondo\/en\/pyykkipalvelu\/\",\n            \"sameAs\": [\n                \"https:\/\/tu11.fi\/taekwondo\/en\/?p=15513\"\n            ],\n            \"name\": \"Pyykkipalvelu 15\/kk  &ndash; Taekwondourheilijat 2011 | Taekwondoa...\",\n            \"alternateName\": \"Pyykkipalvelu 15\/kk  &ndash; Taekwondourheilijat 2011 | Taekwondoa parhaassa seurassa | Helsinki | Espoo | Vantaa\",\n            \"description\": \"TU11 tarjoaa innostavan ymp&auml;rist&ouml;n harjoitella taekwondoa kaikenik&auml;isille ja -tasoisille, aloittelijoista huippu-urheilijoihin. Valmennus on systemaattista ja valmentajat maamme parhaimmistoa. Aloita taekwondo nyt!\",\n            \"image\": [\n                {\n                    \"@id\": \"https:\/\/tu11.fi\/taekwondo\/wp-content\/uploads\/2022\/02\/engin-akyurt-yCYVV8-kQNM-unsplash-scaled-1200x1200-cropped.jpg#sso\/image-object\"\n                },\n                {\n                    \"@id\": \"https:\/\/tu11.fi\/taekwondo\/wp-content\/uploads\/2022\/02\/engin-akyurt-yCYVV8-kQNM-unsplash-scaled-1200x900-cropped.jpg#sso\/image-object\"\n                },\n                {\n                    \"@id\": \"https:\/\/tu11.fi\/taekwondo\/wp-content\/uploads\/2022\/02\/engin-akyurt-yCYVV8-kQNM-unsplash-scaled-1200x675-cropped.jpg#sso\/image-object\"\n                }\n            ]\n        },\n        {\n            \"@id\": \"https:\/\/tu11.fi\/taekwondo\/wp-content\/uploads\/2022\/02\/engin-akyurt-yCYVV8-kQNM-unsplash-scaled-1200x1200-cropped.jpg#sso\/image-object\",\n            \"@context\": \"https:\/\/schema.org\",\n            \"@type\": \"ImageObject\",\n            \"url\": \"https:\/\/tu11.fi\/taekwondo\/wp-content\/uploads\/2022\/02\/engin-akyurt-yCYVV8-kQNM-unsplash-scaled-1200x1200-cropped.jpg\",\n            \"identifier\": \"15514-wpsso-schema-1x1\",\n            \"name\": \"engin-akyurt-yCYVV8-kQNM-unsplash  &ndash; Taekwondourheilijat 2011 |...\",\n            \"alternateName\": \"engin-akyurt-yCYVV8-kQNM-unsplash  &ndash; Taekwondourheilijat 2011 | Taekwondoa parhaassa seurassa | Helsinki |...\",\n            \"description\": \"No Description.\",\n            \"encodingFormat\": \"image\/jpeg\",\n            \"uploadDate\": \"2022-02-18T07:50:55+00:00\",\n            \"width\": [\n                {\n                    \"@id\": \"#sso\/qv-width-px-1200\"\n                }\n            ],\n            \"height\": [\n                {\n                    \"@id\": \"#sso\/qv-height-px-1200\"\n                }\n            ]\n        },\n        {\n            \"@id\": \"#sso\/qv-width-px-1200\",\n            \"@context\": \"https:\/\/schema.org\",\n            \"@type\": \"QuantitativeValue\",\n            \"name\": \"Width\",\n            \"unitText\": \"px\",\n            \"unitCode\": \"E37\",\n            \"value\": \"1200\"\n        },\n        {\n            \"@id\": \"#sso\/qv-height-px-1200\",\n            \"@context\": \"https:\/\/schema.org\",\n            \"@type\": \"QuantitativeValue\",\n            \"name\": \"Height\",\n            \"unitText\": \"px\",\n            \"unitCode\": \"E37\",\n            \"value\": \"1200\"\n        },\n        {\n            \"@id\": \"https:\/\/tu11.fi\/taekwondo\/wp-content\/uploads\/2022\/02\/engin-akyurt-yCYVV8-kQNM-unsplash-scaled-1200x900-cropped.jpg#sso\/image-object\",\n            \"@context\": \"https:\/\/schema.org\",\n            \"@type\": \"ImageObject\",\n            \"url\": \"https:\/\/tu11.fi\/taekwondo\/wp-content\/uploads\/2022\/02\/engin-akyurt-yCYVV8-kQNM-unsplash-scaled-1200x900-cropped.jpg\",\n            \"identifier\": \"15514-wpsso-schema-4x3\",\n            \"name\": \"engin-akyurt-yCYVV8-kQNM-unsplash  &ndash; Taekwondourheilijat 2011 |...\",\n            \"alternateName\": \"engin-akyurt-yCYVV8-kQNM-unsplash  &ndash; Taekwondourheilijat 2011 | Taekwondoa parhaassa seurassa | Helsinki |...\",\n            \"description\": \"No Description.\",\n            \"encodingFormat\": \"image\/jpeg\",\n            \"uploadDate\": \"2022-02-18T07:50:55+00:00\",\n            \"width\": [\n                {\n                    \"@id\": \"#sso\/qv-width-px-1200\"\n                }\n            ],\n            \"height\": [\n                {\n                    \"@id\": \"#sso\/qv-height-px-900\"\n                }\n            ]\n        },\n        {\n            \"@id\": \"#sso\/qv-height-px-900\",\n            \"@context\": \"https:\/\/schema.org\",\n            \"@type\": \"QuantitativeValue\",\n            \"name\": \"Height\",\n            \"unitText\": \"px\",\n            \"unitCode\": \"E37\",\n            \"value\": \"900\"\n        },\n        {\n            \"@id\": \"https:\/\/tu11.fi\/taekwondo\/wp-content\/uploads\/2022\/02\/engin-akyurt-yCYVV8-kQNM-unsplash-scaled-1200x675-cropped.jpg#sso\/image-object\",\n            \"@context\": \"https:\/\/schema.org\",\n            \"@type\": \"ImageObject\",\n            \"url\": \"https:\/\/tu11.fi\/taekwondo\/wp-content\/uploads\/2022\/02\/engin-akyurt-yCYVV8-kQNM-unsplash-scaled-1200x675-cropped.jpg\",\n            \"identifier\": \"15514-wpsso-schema-16x9\",\n            \"name\": \"engin-akyurt-yCYVV8-kQNM-unsplash  &ndash; Taekwondourheilijat 2011 |...\",\n            \"alternateName\": \"engin-akyurt-yCYVV8-kQNM-unsplash  &ndash; Taekwondourheilijat 2011 | Taekwondoa parhaassa seurassa | Helsinki |...\",\n            \"description\": \"No Description.\",\n            \"encodingFormat\": \"image\/jpeg\",\n            \"uploadDate\": \"2022-02-18T07:50:55+00:00\",\n            \"width\": [\n                {\n                    \"@id\": \"#sso\/qv-width-px-1200\"\n                }\n            ],\n            \"height\": [\n                {\n                    \"@id\": \"#sso\/qv-height-px-675\"\n                }\n            ]\n        },\n        {\n            \"@id\": \"#sso\/qv-height-px-675\",\n            \"@context\": \"https:\/\/schema.org\",\n            \"@type\": \"QuantitativeValue\",\n            \"name\": \"Height\",\n            \"unitText\": \"px\",\n            \"unitCode\": \"E37\",\n            \"value\": \"675\"\n        },\n        {\n            \"@id\": \"\/pyykkipalvelu\/#sso\/breadcrumb-list\/15513\",\n            \"@context\": \"https:\/\/schema.org\",\n            \"@type\": \"BreadcrumbList\",\n            \"url\": \"https:\/\/tu11.fi\/taekwondo\/en\/pyykkipalvelu\/\",\n            \"itemListElement\": [\n                {\n                    \"@context\": \"https:\/\/schema.org\",\n                    \"@type\": \"ListItem\",\n                    \"position\": 1,\n                    \"name\": \"Home\",\n                    \"item\": \"https:\/\/tu11.fi\/taekwondo\/en\/\"\n                },\n                {\n                    \"@context\": \"https:\/\/schema.org\",\n                    \"@type\": \"ListItem\",\n                    \"position\": 2,\n                    \"name\": \"Blog\",\n                    \"item\": \"https:\/\/tu11.fi\/taekwondo\/\"\n                },\n                {\n                    \"@context\": \"https:\/\/schema.org\",\n                    \"@type\": \"ListItem\",\n                    \"position\": 3,\n                    \"name\": \"Pyykkipalvelu 15\/kk   Taekwondourheilijat 2011 | Taekwondoa...\",\n                    \"item\": \"https:\/\/tu11.fi\/taekwondo\/en\/pyykkipalvelu\/\"\n                }\n            ]\n        }\n    ]\n}<\/script>\n","<meta name=\"wpsso-end\" content=\"wpsso structured data end\"\/>\n","<meta name=\"wpsso-cached\" content=\"no cache for tu11.fi\/taekwondo\"\/>\n"],"json":[{"@context":"https:\/\/schema.org","@graph":[{"@id":"#sso\/knowledge-graph\/sports-team\/15513","@context":"https:\/\/schema.org","@type":"SportsTeam","mainEntityOfPage":"https:\/\/tu11.fi\/taekwondo\/en\/pyykkipalvelu\/","url":"https:\/\/tu11.fi\/taekwondo\/en\/pyykkipalvelu\/","sameAs":["https:\/\/tu11.fi\/taekwondo\/en\/?p=15513"],"name":"Pyykkipalvelu 15\/kk  &ndash; Taekwondourheilijat 2011 | Taekwondoa...","alternateName":"Pyykkipalvelu 15\/kk  &ndash; Taekwondourheilijat 2011 | Taekwondoa parhaassa seurassa | Helsinki | Espoo | Vantaa","description":"TU11 tarjoaa innostavan ymp&auml;rist&ouml;n harjoitella taekwondoa kaikenik&auml;isille ja -tasoisille, aloittelijoista huippu-urheilijoihin. Valmennus on systemaattista ja valmentajat maamme parhaimmistoa. Aloita taekwondo nyt!","image":[{"@id":"https:\/\/tu11.fi\/taekwondo\/wp-content\/uploads\/2022\/02\/engin-akyurt-yCYVV8-kQNM-unsplash-scaled-1200x1200-cropped.jpg#sso\/image-object"},{"@id":"https:\/\/tu11.fi\/taekwondo\/wp-content\/uploads\/2022\/02\/engin-akyurt-yCYVV8-kQNM-unsplash-scaled-1200x900-cropped.jpg#sso\/image-object"},{"@id":"https:\/\/tu11.fi\/taekwondo\/wp-content\/uploads\/2022\/02\/engin-akyurt-yCYVV8-kQNM-unsplash-scaled-1200x675-cropped.jpg#sso\/image-object"}]},{"@id":"https:\/\/tu11.fi\/taekwondo\/wp-content\/uploads\/2022\/02\/engin-akyurt-yCYVV8-kQNM-unsplash-scaled-1200x1200-cropped.jpg#sso\/image-object","@context":"https:\/\/schema.org","@type":"ImageObject","url":"https:\/\/tu11.fi\/taekwondo\/wp-content\/uploads\/2022\/02\/engin-akyurt-yCYVV8-kQNM-unsplash-scaled-1200x1200-cropped.jpg","identifier":"15514-wpsso-schema-1x1","name":"engin-akyurt-yCYVV8-kQNM-unsplash  &ndash; Taekwondourheilijat 2011 |...","alternateName":"engin-akyurt-yCYVV8-kQNM-unsplash  &ndash; Taekwondourheilijat 2011 | Taekwondoa parhaassa seurassa | Helsinki |...","description":"No Description.","encodingFormat":"image\/jpeg","uploadDate":"2022-02-18T07:50:55+00:00","width":[{"@id":"#sso\/qv-width-px-1200"}],"height":[{"@id":"#sso\/qv-height-px-1200"}]},{"@id":"#sso\/qv-width-px-1200","@context":"https:\/\/schema.org","@type":"QuantitativeValue","name":"Width","unitText":"px","unitCode":"E37","value":"1200"},{"@id":"#sso\/qv-height-px-1200","@context":"https:\/\/schema.org","@type":"QuantitativeValue","name":"Height","unitText":"px","unitCode":"E37","value":"1200"},{"@id":"https:\/\/tu11.fi\/taekwondo\/wp-content\/uploads\/2022\/02\/engin-akyurt-yCYVV8-kQNM-unsplash-scaled-1200x900-cropped.jpg#sso\/image-object","@context":"https:\/\/schema.org","@type":"ImageObject","url":"https:\/\/tu11.fi\/taekwondo\/wp-content\/uploads\/2022\/02\/engin-akyurt-yCYVV8-kQNM-unsplash-scaled-1200x900-cropped.jpg","identifier":"15514-wpsso-schema-4x3","name":"engin-akyurt-yCYVV8-kQNM-unsplash  &ndash; Taekwondourheilijat 2011 |...","alternateName":"engin-akyurt-yCYVV8-kQNM-unsplash  &ndash; Taekwondourheilijat 2011 | Taekwondoa parhaassa seurassa | Helsinki |...","description":"No Description.","encodingFormat":"image\/jpeg","uploadDate":"2022-02-18T07:50:55+00:00","width":[{"@id":"#sso\/qv-width-px-1200"}],"height":[{"@id":"#sso\/qv-height-px-900"}]},{"@id":"#sso\/qv-height-px-900","@context":"https:\/\/schema.org","@type":"QuantitativeValue","name":"Height","unitText":"px","unitCode":"E37","value":"900"},{"@id":"https:\/\/tu11.fi\/taekwondo\/wp-content\/uploads\/2022\/02\/engin-akyurt-yCYVV8-kQNM-unsplash-scaled-1200x675-cropped.jpg#sso\/image-object","@context":"https:\/\/schema.org","@type":"ImageObject","url":"https:\/\/tu11.fi\/taekwondo\/wp-content\/uploads\/2022\/02\/engin-akyurt-yCYVV8-kQNM-unsplash-scaled-1200x675-cropped.jpg","identifier":"15514-wpsso-schema-16x9","name":"engin-akyurt-yCYVV8-kQNM-unsplash  &ndash; Taekwondourheilijat 2011 |...","alternateName":"engin-akyurt-yCYVV8-kQNM-unsplash  &ndash; Taekwondourheilijat 2011 | Taekwondoa parhaassa seurassa | Helsinki |...","description":"No Description.","encodingFormat":"image\/jpeg","uploadDate":"2022-02-18T07:50:55+00:00","width":[{"@id":"#sso\/qv-width-px-1200"}],"height":[{"@id":"#sso\/qv-height-px-675"}]},{"@id":"#sso\/qv-height-px-675","@context":"https:\/\/schema.org","@type":"QuantitativeValue","name":"Height","unitText":"px","unitCode":"E37","value":"675"},{"@id":"\/pyykkipalvelu\/#sso\/breadcrumb-list\/15513","@context":"https:\/\/schema.org","@type":"BreadcrumbList","url":"https:\/\/tu11.fi\/taekwondo\/en\/pyykkipalvelu\/","itemListElement":[{"@context":"https:\/\/schema.org","@type":"ListItem","position":1,"name":"Home","item":"https:\/\/tu11.fi\/taekwondo\/en\/"},{"@context":"https:\/\/schema.org","@type":"ListItem","position":2,"name":"Blog","item":"https:\/\/tu11.fi\/taekwondo\/"},{"@context":"https:\/\/schema.org","@type":"ListItem","position":3,"name":"Pyykkipalvelu 15\/kk   Taekwondourheilijat 2011 | Taekwondoa...","item":"https:\/\/tu11.fi\/taekwondo\/en\/pyykkipalvelu\/"}]}]}],"parts":[["meta","name","generator","content","WPSSO Core 21.12.0\/L*","generator:1"],["meta","name","generator","content","WPSSO RAR 3.3.0\/S","generator:2"],["meta","name","generator","content","WPSSO REST 3.3.0\/S","generator:3"],["meta","name","generator","content","WPSSO BC 5.5.0\/S","generator:4"],["meta","name","generator","content","WPSSO FAQ 7.1.0\/S","generator:5"],["meta","name","generator","content","WPSSO OPM 5.1.0\/S","generator:6"],["meta","name","generator","content","WPSSO SSM 3.4.0\/S","generator:7"],["meta","name","generator","content","WPSSO TIE 4.1.0\/S","generator:8"],["meta","name","generator","content","WPSSO UM 7.3.0\/S","generator:9"],["meta","name","generator","content","WPSSO UL 4.3.0\/S","generator:10"],["link","rel","shortlink","href","https:\/\/tu11.fi\/taekwondo\/en\/?p=15513",""],["meta","property","fb:app_id","content","966242223397117",""],["meta","property","og:time","content","2026-04-25T06:24:54+00:00",""],["meta","property","og:type","content","website",""],["meta","property","og:url","content","https:\/\/tu11.fi\/taekwondo\/en\/pyykkipalvelu\/",""],["meta","property","og:locale","content","en_US",""],["meta","property","og:site_name","content","Taekwondourheilijat 2011 | Taekwondoa parhaassa seurassa | Helsinki | Espoo | Vantaa",""],["meta","property","og:title","content","Pyykkipalvelu 15\/kk  &ndash; Taekwondourheilijat 2011 | Taekwondoa...",""],["meta","property","og:description","content","TU11 tarjoaa innostavan ymp&auml;rist&ouml;n harjoitella taekwondoa kaikenik&auml;isille ja -tasoisille, aloittelijoista huippu-urheilijoihin. Valmennus on systemaattista ja valmentajat maamme parhaimmistoa. Aloita taekwondo nyt!",""],["meta","property","og:updated_time","content","2022-02-18T10:10:02+00:00",""],["meta","property","og:image:secure_url","content","https:\/\/tu11.fi\/taekwondo\/wp-content\/uploads\/2022\/02\/engin-akyurt-yCYVV8-kQNM-unsplash-scaled-1200x630-cropped.jpg","og:image:1"],["meta","property","og:image:url","content","https:\/\/tu11.fi\/taekwondo\/wp-content\/uploads\/2022\/02\/engin-akyurt-yCYVV8-kQNM-unsplash-scaled-1200x630-cropped.jpg","og:image:1"],["meta","property","og:image","content","https:\/\/tu11.fi\/taekwondo\/wp-content\/uploads\/2022\/02\/engin-akyurt-yCYVV8-kQNM-unsplash-scaled-1200x630-cropped.jpg","og:image:1"],["meta","property","og:image:width","content","1200","og:image:1"],["meta","property","og:image:height","content","630","og:image:1"],["meta","property","og:image:cropped","content","true","og:image:1"],["meta","property","og:image:id","content","15514","og:image:1"],["meta","property","og:image:size_name","content","wpsso-opengraph","og:image:1"],["meta","name","schema:language","content","en_US",""],["meta","name","schema:type:id","content","sports.team",""],["meta","name","schema:type:url","content","https:\/\/schema.org\/SportsTeam",""],["meta","name","schema:type:context","content","https:\/\/schema.org",""],["meta","name","schema:type:name","content","SportsTeam",""],["meta","name","schema:type:path","content","schema.org\/SportsTeam",""],["meta","property","article:author:name","content","Sampo Pajulampi",""],["meta","property","article:reading_mins","content","1",""],["meta","name","twitter:domain","content","tu11.fi",""],["meta","name","twitter:site","content","@taekwondourh",""],["meta","name","twitter:title","content","Pyykkipalvelu 15\/kk  &ndash; Taekwondourheilijat 2011 | Taekwondoa...",""],["meta","name","twitter:description","content","TU11 tarjoaa innostavan ymp&auml;rist&ouml;n harjoitella taekwondoa kaikenik&auml;isille ja -tasoisille, aloittelijoista huippu-urheilijoihin. Valmennus on systemaattista ja valmentajat maamme parhaimmistoa...",""],["meta","name","twitter:card","content","summary_large_image",""],["meta","name","twitter:image","content","https:\/\/tu11.fi\/taekwondo\/wp-content\/uploads\/2022\/02\/engin-akyurt-yCYVV8-kQNM-unsplash-scaled-1200x630-cropped.jpg?p=15513",""],["meta","name","thumbnail","content","https:\/\/tu11.fi\/taekwondo\/wp-content\/uploads\/2022\/02\/engin-akyurt-yCYVV8-kQNM-unsplash-scaled-1200x630-cropped.jpg",""]]},"_links":{"self":[{"href":"https:\/\/tu11.fi\/taekwondo\/en\/wp-json\/wp\/v2\/pages\/15513","targetHints":{"allow":["GET"]}}],"collection":[{"href":"https:\/\/tu11.fi\/taekwondo\/en\/wp-json\/wp\/v2\/pages"}],"about":[{"href":"https:\/\/tu11.fi\/taekwondo\/en\/wp-json\/wp\/v2\/types\/page"}],"author":[{"embeddable":true,"href":"https:\/\/tu11.fi\/taekwondo\/en\/wp-json\/wp\/v2\/users\/2"}],"replies":[{"embeddable":true,"href":"https:\/\/tu11.fi\/taekwondo\/en\/wp-json\/wp\/v2\/comments?post=15513"}],"version-history":[{"count":0,"href":"https:\/\/tu11.fi\/taekwondo\/en\/wp-json\/wp\/v2\/pages\/15513\/revisions"}],"wp:featuredmedia":[{"embeddable":true,"href":"https:\/\/tu11.fi\/taekwondo\/en\/wp-json\/wp\/v2\/media\/15514"}],"wp:attachment":[{"href":"https:\/\/tu11.fi\/taekwondo\/en\/wp-json\/wp\/v2\/media?parent=15513"}],"curies":[{"name":"wp","href":"https:\/\/api.w.org\/{rel}","templated":true}]}}