{"id":6988,"date":"2017-07-29T12:39:45","date_gmt":"2017-07-29T12:39:45","guid":{"rendered":"http:\/\/tu11.fi.srv.hoste.fi\/taekwondo\/?page_id=6988"},"modified":"2020-05-16T10:45:49","modified_gmt":"2020-05-16T10:45:49","slug":"training-materials","status":"publish","type":"page","link":"https:\/\/tu11.fi\/taekwondo\/en\/harjoittelumateriaalit\/","title":{"rendered":"Treatment path"},"content":{"rendered":"<h5><span style=\"color: #000000;\">Treatment path<\/span><\/h5>\n<p><span style=\"color: #000000;\">Pohjola Hospital offers Taekwondo athletes a treatment path that allows you to get treatment as quickly as possible!<\/span><\/p>\n<p><img decoding=\"async\" class=\"alignnone size-full wp-image-12340\" src=\"https:\/\/tu11.fi\/taekwondo\/wp-content\/uploads\/2020\/05\/TU11_hoitopolku_Pohjola-Sairaala_Helsinki.png\" alt=\"\" width=\"2000\" height=\"1986\" data-wp-pid=\"12340\" srcset=\"https:\/\/tu11.fi\/taekwondo\/wp-content\/uploads\/2020\/05\/TU11_hoitopolku_Pohjola-Sairaala_Helsinki.png 2000w, https:\/\/tu11.fi\/taekwondo\/wp-content\/uploads\/2020\/05\/TU11_hoitopolku_Pohjola-Sairaala_Helsinki-300x298.png 300w, https:\/\/tu11.fi\/taekwondo\/wp-content\/uploads\/2020\/05\/TU11_hoitopolku_Pohjola-Sairaala_Helsinki-1024x1017.png 1024w, https:\/\/tu11.fi\/taekwondo\/wp-content\/uploads\/2020\/05\/TU11_hoitopolku_Pohjola-Sairaala_Helsinki-150x149.png 150w, https:\/\/tu11.fi\/taekwondo\/wp-content\/uploads\/2020\/05\/TU11_hoitopolku_Pohjola-Sairaala_Helsinki-768x763.png 768w, https:\/\/tu11.fi\/taekwondo\/wp-content\/uploads\/2020\/05\/TU11_hoitopolku_Pohjola-Sairaala_Helsinki-1536x1525.png 1536w, https:\/\/tu11.fi\/taekwondo\/wp-content\/uploads\/2020\/05\/TU11_hoitopolku_Pohjola-Sairaala_Helsinki-1200x1192.png 1200w, https:\/\/tu11.fi\/taekwondo\/wp-content\/uploads\/2020\/05\/TU11_hoitopolku_Pohjola-Sairaala_Helsinki-1980x1966.png 1980w, https:\/\/tu11.fi\/taekwondo\/wp-content\/uploads\/2020\/05\/TU11_hoitopolku_Pohjola-Sairaala_Helsinki-96x96.png 96w\" sizes=\"(max-width: 2000px) 100vw, 2000px\" \/><\/p>\n<p style=\"text-align: center;\"><a href=\"https:\/\/www.pohjolasairaala.fi\" target=\"_blank\" rel=\"noopener noreferrer\"><img decoding=\"async\" class=\"alignnone size-full wp-image-9634\" src=\"https:\/\/tu11.fi\/taekwondo\/wp-content\/uploads\/2019\/05\/Pohjola-Sairaala_logo_cmyk_harmaa_vasen.jpg\" alt=\"\" width=\"500\" height=\"108\" data-wp-pid=\"9634\" srcset=\"https:\/\/tu11.fi\/taekwondo\/wp-content\/uploads\/2019\/05\/Pohjola-Sairaala_logo_cmyk_harmaa_vasen.jpg 500w, https:\/\/tu11.fi\/taekwondo\/wp-content\/uploads\/2019\/05\/Pohjola-Sairaala_logo_cmyk_harmaa_vasen-300x65.jpg 300w, https:\/\/tu11.fi\/taekwondo\/wp-content\/uploads\/2019\/05\/Pohjola-Sairaala_logo_cmyk_harmaa_vasen-150x32.jpg 150w\" sizes=\"(max-width: 500px) 100vw, 500px\" \/><\/a><\/p>","protected":false},"excerpt":{"rendered":"<p>Treatment path Pohjola Hospital offers Taekwondo athletes a treatment path that allows you to get treatment as quickly as possible!<\/p>","protected":false},"author":7,"featured_media":3443,"parent":0,"menu_order":0,"comment_status":"closed","ping_status":"closed","template":"templates\/template-cover.php","meta":{"footnotes":""},"class_list":["post-6988","page","type-page","status-publish","has-post-thumbnail","hentry"],"yoast_head":"<!-- This site is optimized with the Yoast SEO plugin v27.2 - https:\/\/yoast.com\/product\/yoast-seo-wordpress\/ -->\n<title>Hoitopolku - Taekwondourheilijat 2011 | Taekwondoa parhaassa seurassa | Helsinki | Espoo | Vantaa<\/title>\n<meta name=\"description\" content=\"TU11 tarjoaa innostavan ymp\u00e4rist\u00f6n harjoitella taekwondoa kaikenik\u00e4isille ja -tasoisille, aloittelijoista huippu-urheilijoihin. Valmennus on systemaattista ja valmentajat maamme parhaimmistoa. Aloita taekwondo nyt!\" \/>\n<meta name=\"robots\" content=\"index, follow, max-snippet:-1, max-image-preview:large, max-video-preview:-1\" \/>\n<link rel=\"canonical\" href=\"https:\/\/tu11.fi\/taekwondo\/en\/training-materials\/\" \/>\n<script type=\"application\/ld+json\" class=\"yoast-schema-graph\">{\"@context\":\"https:\/\/schema.org\",\"@graph\":[]}<\/script>\n<!-- \/ Yoast SEO plugin. -->","yoast_head_json":{"title":"Hoitopolku - Taekwondourheilijat 2011 | Taekwondoa parhaassa seurassa | Helsinki | Espoo | Vantaa","description":"TU11 offers an inspiring environment to practice taekwondo for all ages and levels, from beginners to elite athletes. The training is systematic and the coaches are the best in our country. Start taekwondo now!","robots":{"index":"index","follow":"follow","max-snippet":"max-snippet:-1","max-image-preview":"max-image-preview:large","max-video-preview":"max-video-preview:-1"},"canonical":"https:\/\/tu11.fi\/taekwondo\/en\/training-materials\/","schema":{"@context":"https:\/\/schema.org","@graph":[]}},"amp_enabled":true,"head":{"html":["<meta name=\"wpsso-begin\" content=\"wpsso structured data begin\"\/>\n","<!-- generator:1 --><meta name=\"generator\" content=\"WPSSO Core 21.12.0\/L*\"\/>\n","<!-- generator:2 --><meta name=\"generator\" content=\"WPSSO RAR 3.3.0\/S\"\/>\n","<!-- generator:3 --><meta name=\"generator\" content=\"WPSSO REST 3.3.0\/S\"\/>\n","<!-- generator:4 --><meta name=\"generator\" content=\"WPSSO BC 5.5.0\/S\"\/>\n","<!-- generator:5 --><meta name=\"generator\" content=\"WPSSO FAQ 7.1.0\/S\"\/>\n","<!-- generator:6 --><meta name=\"generator\" content=\"WPSSO OPM 5.1.0\/S\"\/>\n","<!-- generator:7 --><meta name=\"generator\" content=\"WPSSO SSM 3.4.0\/S\"\/>\n","<!-- generator:8 --><meta name=\"generator\" content=\"WPSSO TIE 4.1.0\/S\"\/>\n","<!-- generator:9 --><meta name=\"generator\" content=\"WPSSO UM 7.3.0\/S\"\/>\n","<!-- generator:10 --><meta name=\"generator\" content=\"WPSSO UL 4.3.0\/S\"\/>\n","<link rel=\"shortlink\" href=\"https:\/\/tu11.fi\/taekwondo\/en\/?p=6988\"\/>\n","<meta property=\"fb:app_id\" content=\"966242223397117\"\/>\n","<meta property=\"og:type\" content=\"article\"\/>\n","<meta property=\"og:url\" content=\"https:\/\/tu11.fi\/taekwondo\/en\/harjoittelumateriaalit\/\"\/>\n","<meta property=\"og:locale\" content=\"en_US\"\/>\n","<meta property=\"og:site_name\" content=\"Taekwondourheilijat 2011 | Taekwondoa parhaassa seurassa | Helsinki | Espoo | Vantaa\"\/>\n","<meta property=\"og:title\" content=\"Hoitopolku  &ndash; Taekwondourheilijat 2011 | Taekwondoa parhaassa...\"\/>\n","<meta property=\"og:description\" content=\"TU11 tarjoaa innostavan ymp&auml;rist&ouml;n harjoitella taekwondoa kaikenik&auml;isille ja -tasoisille, aloittelijoista huippu-urheilijoihin. Valmennus on systemaattista ja valmentajat maamme parhaimmistoa. Aloita taekwondo nyt!\"\/>\n","<meta property=\"og:updated_time\" content=\"2020-05-16T10:45:49+00:00\"\/>\n","<!-- og:image:1 --><meta property=\"og:image\" content=\"https:\/\/tu11.fi\/taekwondo\/wp-content\/uploads\/2013\/08\/bannerista_kuvaksi-1200x630-cropped.jpg\"\/>\n","<!-- og:image:1 --><meta property=\"og:image:width\" content=\"1200\"\/>\n","<!-- og:image:1 --><meta property=\"og:image:height\" content=\"630\"\/>\n","<!-- og:image:1 --><meta property=\"og:image:alt\" content=\"Aloita taekwondo!\"\/>\n","<meta property=\"article:section\" content=\"Sport\"\/>\n","<meta property=\"article:publisher\" content=\"https:\/\/www.facebook.com\/TU11\"\/>\n","<meta property=\"article:published_time\" content=\"2017-07-29T12:39:45+00:00\"\/>\n","<meta property=\"article:modified_time\" content=\"2020-05-16T10:45:49+00:00\"\/>\n","<meta name=\"twitter:domain\" content=\"tu11.fi\"\/>\n","<meta name=\"twitter:site\" content=\"@taekwondourh\"\/>\n","<meta name=\"twitter:title\" content=\"Hoitopolku  &ndash; Taekwondourheilijat 2011 | Taekwondoa parhaassa...\"\/>\n","<meta name=\"twitter:description\" content=\"TU11 tarjoaa innostavan ymp&auml;rist&ouml;n harjoitella taekwondoa kaikenik&auml;isille ja -tasoisille, aloittelijoista huippu-urheilijoihin. Valmennus on systemaattista ja valmentajat maamme parhaimmistoa...\"\/>\n","<meta name=\"twitter:card\" content=\"summary_large_image\"\/>\n","<meta name=\"twitter:image\" content=\"https:\/\/tu11.fi\/taekwondo\/wp-content\/uploads\/2020\/05\/TU11_hoitopolku_Pohjola-Sairaala_Helsinki-1200x630-cropped.png?p=6988\"\/>\n","<meta name=\"twitter:label1\" content=\"Written by\"\/>\n","<meta name=\"twitter:data1\" content=\"Pauli Raivio\"\/>\n","<meta name=\"author\" content=\"Pauli Raivio\"\/>\n","<meta name=\"thumbnail\" content=\"https:\/\/tu11.fi\/taekwondo\/wp-content\/uploads\/2013\/08\/bannerista_kuvaksi-1200x630-cropped.jpg\"\/>\n","<script type=\"application\/ld+json\" id=\"wpsso-schema-graph\">{\n    \"@context\": \"https:\/\/schema.org\",\n    \"@graph\": [\n        {\n            \"@id\": \"#sso\/knowledge-graph\/sports-team\/6988\",\n            \"@context\": \"https:\/\/schema.org\",\n            \"@type\": \"SportsTeam\",\n            \"mainEntityOfPage\": \"https:\/\/tu11.fi\/taekwondo\/en\/harjoittelumateriaalit\/\",\n            \"url\": \"https:\/\/tu11.fi\/taekwondo\/en\/harjoittelumateriaalit\/\",\n            \"sameAs\": [\n                \"https:\/\/tu11.fi\/taekwondo\/en\/?p=6988\"\n            ],\n            \"name\": \"Hoitopolku  &ndash; Taekwondourheilijat 2011 | Taekwondoa parhaassa...\",\n            \"alternateName\": \"Hoitopolku  &ndash; Taekwondourheilijat 2011 | Taekwondoa parhaassa seurassa | Helsinki | Espoo | Vantaa\",\n            \"description\": \"TU11 tarjoaa innostavan ymp&auml;rist&ouml;n harjoitella taekwondoa kaikenik&auml;isille ja -tasoisille, aloittelijoista huippu-urheilijoihin. Valmennus on systemaattista ja valmentajat maamme parhaimmistoa. Aloita taekwondo nyt!\",\n            \"image\": [\n                {\n                    \"@id\": \"https:\/\/tu11.fi\/taekwondo\/wp-content\/uploads\/2020\/05\/TU11_hoitopolku_Pohjola-Sairaala_Helsinki-1200x1200-cropped.png#sso\/image-object\"\n                },\n                {\n                    \"@id\": \"https:\/\/tu11.fi\/taekwondo\/wp-content\/uploads\/2020\/05\/TU11_hoitopolku_Pohjola-Sairaala_Helsinki-1200x900-cropped.png#sso\/image-object\"\n                },\n                {\n                    \"@id\": \"https:\/\/tu11.fi\/taekwondo\/wp-content\/uploads\/2020\/05\/TU11_hoitopolku_Pohjola-Sairaala_Helsinki-1200x675-cropped.png#sso\/image-object\"\n                }\n            ]\n        },\n        {\n            \"@id\": \"https:\/\/tu11.fi\/taekwondo\/wp-content\/uploads\/2020\/05\/TU11_hoitopolku_Pohjola-Sairaala_Helsinki-1200x1200-cropped.png#sso\/image-object\",\n            \"@context\": \"https:\/\/schema.org\",\n            \"@type\": \"ImageObject\",\n            \"url\": \"https:\/\/tu11.fi\/taekwondo\/wp-content\/uploads\/2020\/05\/TU11_hoitopolku_Pohjola-Sairaala_Helsinki-1200x1200-cropped.png\",\n            \"identifier\": \"12340-wpsso-schema-1x1\",\n            \"name\": \"TU11_hoitopolku_Pohjola Sairaala_Helsinki  &ndash; Taekwondourheilijat...\",\n            \"alternateName\": \"TU11_hoitopolku_Pohjola Sairaala_Helsinki  &ndash; Taekwondourheilijat 2011 | Taekwondoa parhaassa seurassa |...\",\n            \"description\": \"No Description.\",\n            \"encodingFormat\": \"image\/png\",\n            \"uploadDate\": \"2020-05-16T10:43:51+00:00\",\n            \"width\": [\n                {\n                    \"@id\": \"#sso\/qv-width-px-1200\"\n                }\n            ],\n            \"height\": [\n                {\n                    \"@id\": \"#sso\/qv-height-px-1200\"\n                }\n            ]\n        },\n        {\n            \"@id\": \"#sso\/qv-width-px-1200\",\n            \"@context\": \"https:\/\/schema.org\",\n            \"@type\": \"QuantitativeValue\",\n            \"name\": \"Width\",\n            \"unitText\": \"px\",\n            \"unitCode\": \"E37\",\n            \"value\": \"1200\"\n        },\n        {\n            \"@id\": \"#sso\/qv-height-px-1200\",\n            \"@context\": \"https:\/\/schema.org\",\n            \"@type\": \"QuantitativeValue\",\n            \"name\": \"Height\",\n            \"unitText\": \"px\",\n            \"unitCode\": \"E37\",\n            \"value\": \"1200\"\n        },\n        {\n            \"@id\": \"https:\/\/tu11.fi\/taekwondo\/wp-content\/uploads\/2020\/05\/TU11_hoitopolku_Pohjola-Sairaala_Helsinki-1200x900-cropped.png#sso\/image-object\",\n            \"@context\": \"https:\/\/schema.org\",\n            \"@type\": \"ImageObject\",\n            \"url\": \"https:\/\/tu11.fi\/taekwondo\/wp-content\/uploads\/2020\/05\/TU11_hoitopolku_Pohjola-Sairaala_Helsinki-1200x900-cropped.png\",\n            \"identifier\": \"12340-wpsso-schema-4x3\",\n            \"name\": \"TU11_hoitopolku_Pohjola Sairaala_Helsinki  &ndash; Taekwondourheilijat...\",\n            \"alternateName\": \"TU11_hoitopolku_Pohjola Sairaala_Helsinki  &ndash; Taekwondourheilijat 2011 | Taekwondoa parhaassa seurassa |...\",\n            \"description\": \"No Description.\",\n            \"encodingFormat\": \"image\/png\",\n            \"uploadDate\": \"2020-05-16T10:43:51+00:00\",\n            \"width\": [\n                {\n                    \"@id\": \"#sso\/qv-width-px-1200\"\n                }\n            ],\n            \"height\": [\n                {\n                    \"@id\": \"#sso\/qv-height-px-900\"\n                }\n            ]\n        },\n        {\n            \"@id\": \"#sso\/qv-height-px-900\",\n            \"@context\": \"https:\/\/schema.org\",\n            \"@type\": \"QuantitativeValue\",\n            \"name\": \"Height\",\n            \"unitText\": \"px\",\n            \"unitCode\": \"E37\",\n            \"value\": \"900\"\n        },\n        {\n            \"@id\": \"https:\/\/tu11.fi\/taekwondo\/wp-content\/uploads\/2020\/05\/TU11_hoitopolku_Pohjola-Sairaala_Helsinki-1200x675-cropped.png#sso\/image-object\",\n            \"@context\": \"https:\/\/schema.org\",\n            \"@type\": \"ImageObject\",\n            \"url\": \"https:\/\/tu11.fi\/taekwondo\/wp-content\/uploads\/2020\/05\/TU11_hoitopolku_Pohjola-Sairaala_Helsinki-1200x675-cropped.png\",\n            \"identifier\": \"12340-wpsso-schema-16x9\",\n            \"name\": \"TU11_hoitopolku_Pohjola Sairaala_Helsinki  &ndash; Taekwondourheilijat...\",\n            \"alternateName\": \"TU11_hoitopolku_Pohjola Sairaala_Helsinki  &ndash; Taekwondourheilijat 2011 | Taekwondoa parhaassa seurassa |...\",\n            \"description\": \"No Description.\",\n            \"encodingFormat\": \"image\/png\",\n            \"uploadDate\": \"2020-05-16T10:43:51+00:00\",\n            \"width\": [\n                {\n                    \"@id\": \"#sso\/qv-width-px-1200\"\n                }\n            ],\n            \"height\": [\n                {\n                    \"@id\": \"#sso\/qv-height-px-675\"\n                }\n            ]\n        },\n        {\n            \"@id\": \"#sso\/qv-height-px-675\",\n            \"@context\": \"https:\/\/schema.org\",\n            \"@type\": \"QuantitativeValue\",\n            \"name\": \"Height\",\n            \"unitText\": \"px\",\n            \"unitCode\": \"E37\",\n            \"value\": \"675\"\n        },\n        {\n            \"@id\": \"\/harjoittelumateriaalit\/#sso\/breadcrumb-list\/6988\",\n            \"@context\": \"https:\/\/schema.org\",\n            \"@type\": \"BreadcrumbList\",\n            \"url\": \"https:\/\/tu11.fi\/taekwondo\/en\/harjoittelumateriaalit\/\",\n            \"itemListElement\": [\n                {\n                    \"@context\": \"https:\/\/schema.org\",\n                    \"@type\": \"ListItem\",\n                    \"position\": 1,\n                    \"name\": \"Home\",\n                    \"item\": \"https:\/\/tu11.fi\/taekwondo\/en\/\"\n                },\n                {\n                    \"@context\": \"https:\/\/schema.org\",\n                    \"@type\": \"ListItem\",\n                    \"position\": 2,\n                    \"name\": \"Blog\",\n                    \"item\": \"https:\/\/tu11.fi\/taekwondo\/\"\n                },\n                {\n                    \"@context\": \"https:\/\/schema.org\",\n                    \"@type\": \"ListItem\",\n                    \"position\": 3,\n                    \"name\": \"Hoitopolku   Taekwondourheilijat 2011 | Taekwondoa parhaassa...\",\n                    \"item\": \"https:\/\/tu11.fi\/taekwondo\/en\/harjoittelumateriaalit\/\"\n                }\n            ]\n        }\n    ]\n}<\/script>\n","<meta name=\"wpsso-end\" content=\"wpsso structured data end\"\/>\n","<meta name=\"wpsso-cached\" content=\"no cache for tu11.fi\/taekwondo\"\/>\n"],"json":[{"@context":"https:\/\/schema.org","@graph":[{"@id":"#sso\/knowledge-graph\/sports-team\/6988","@context":"https:\/\/schema.org","@type":"SportsTeam","mainEntityOfPage":"https:\/\/tu11.fi\/taekwondo\/en\/harjoittelumateriaalit\/","url":"https:\/\/tu11.fi\/taekwondo\/en\/harjoittelumateriaalit\/","sameAs":["https:\/\/tu11.fi\/taekwondo\/en\/?p=6988"],"name":"Hoitopolku  &ndash; Taekwondourheilijat 2011 | Taekwondoa parhaassa...","alternateName":"Hoitopolku  &ndash; Taekwondourheilijat 2011 | Taekwondoa parhaassa seurassa | Helsinki | Espoo | Vantaa","description":"TU11 tarjoaa innostavan ymp&auml;rist&ouml;n harjoitella taekwondoa kaikenik&auml;isille ja -tasoisille, aloittelijoista huippu-urheilijoihin. Valmennus on systemaattista ja valmentajat maamme parhaimmistoa. Aloita taekwondo nyt!","image":[{"@id":"https:\/\/tu11.fi\/taekwondo\/wp-content\/uploads\/2020\/05\/TU11_hoitopolku_Pohjola-Sairaala_Helsinki-1200x1200-cropped.png#sso\/image-object"},{"@id":"https:\/\/tu11.fi\/taekwondo\/wp-content\/uploads\/2020\/05\/TU11_hoitopolku_Pohjola-Sairaala_Helsinki-1200x900-cropped.png#sso\/image-object"},{"@id":"https:\/\/tu11.fi\/taekwondo\/wp-content\/uploads\/2020\/05\/TU11_hoitopolku_Pohjola-Sairaala_Helsinki-1200x675-cropped.png#sso\/image-object"}]},{"@id":"https:\/\/tu11.fi\/taekwondo\/wp-content\/uploads\/2020\/05\/TU11_hoitopolku_Pohjola-Sairaala_Helsinki-1200x1200-cropped.png#sso\/image-object","@context":"https:\/\/schema.org","@type":"ImageObject","url":"https:\/\/tu11.fi\/taekwondo\/wp-content\/uploads\/2020\/05\/TU11_hoitopolku_Pohjola-Sairaala_Helsinki-1200x1200-cropped.png","identifier":"12340-wpsso-schema-1x1","name":"TU11_hoitopolku_Pohjola Sairaala_Helsinki  &ndash; Taekwondourheilijat...","alternateName":"TU11_hoitopolku_Pohjola Sairaala_Helsinki  &ndash; Taekwondourheilijat 2011 | Taekwondoa parhaassa seurassa |...","description":"No Description.","encodingFormat":"image\/png","uploadDate":"2020-05-16T10:43:51+00:00","width":[{"@id":"#sso\/qv-width-px-1200"}],"height":[{"@id":"#sso\/qv-height-px-1200"}]},{"@id":"#sso\/qv-width-px-1200","@context":"https:\/\/schema.org","@type":"QuantitativeValue","name":"Width","unitText":"px","unitCode":"E37","value":"1200"},{"@id":"#sso\/qv-height-px-1200","@context":"https:\/\/schema.org","@type":"QuantitativeValue","name":"Height","unitText":"px","unitCode":"E37","value":"1200"},{"@id":"https:\/\/tu11.fi\/taekwondo\/wp-content\/uploads\/2020\/05\/TU11_hoitopolku_Pohjola-Sairaala_Helsinki-1200x900-cropped.png#sso\/image-object","@context":"https:\/\/schema.org","@type":"ImageObject","url":"https:\/\/tu11.fi\/taekwondo\/wp-content\/uploads\/2020\/05\/TU11_hoitopolku_Pohjola-Sairaala_Helsinki-1200x900-cropped.png","identifier":"12340-wpsso-schema-4x3","name":"TU11_hoitopolku_Pohjola Sairaala_Helsinki  &ndash; Taekwondourheilijat...","alternateName":"TU11_hoitopolku_Pohjola Sairaala_Helsinki  &ndash; Taekwondourheilijat 2011 | Taekwondoa parhaassa seurassa |...","description":"No Description.","encodingFormat":"image\/png","uploadDate":"2020-05-16T10:43:51+00:00","width":[{"@id":"#sso\/qv-width-px-1200"}],"height":[{"@id":"#sso\/qv-height-px-900"}]},{"@id":"#sso\/qv-height-px-900","@context":"https:\/\/schema.org","@type":"QuantitativeValue","name":"Height","unitText":"px","unitCode":"E37","value":"900"},{"@id":"https:\/\/tu11.fi\/taekwondo\/wp-content\/uploads\/2020\/05\/TU11_hoitopolku_Pohjola-Sairaala_Helsinki-1200x675-cropped.png#sso\/image-object","@context":"https:\/\/schema.org","@type":"ImageObject","url":"https:\/\/tu11.fi\/taekwondo\/wp-content\/uploads\/2020\/05\/TU11_hoitopolku_Pohjola-Sairaala_Helsinki-1200x675-cropped.png","identifier":"12340-wpsso-schema-16x9","name":"TU11_hoitopolku_Pohjola Sairaala_Helsinki  &ndash; Taekwondourheilijat...","alternateName":"TU11_hoitopolku_Pohjola Sairaala_Helsinki  &ndash; Taekwondourheilijat 2011 | Taekwondoa parhaassa seurassa |...","description":"No Description.","encodingFormat":"image\/png","uploadDate":"2020-05-16T10:43:51+00:00","width":[{"@id":"#sso\/qv-width-px-1200"}],"height":[{"@id":"#sso\/qv-height-px-675"}]},{"@id":"#sso\/qv-height-px-675","@context":"https:\/\/schema.org","@type":"QuantitativeValue","name":"Height","unitText":"px","unitCode":"E37","value":"675"},{"@id":"\/harjoittelumateriaalit\/#sso\/breadcrumb-list\/6988","@context":"https:\/\/schema.org","@type":"BreadcrumbList","url":"https:\/\/tu11.fi\/taekwondo\/en\/harjoittelumateriaalit\/","itemListElement":[{"@context":"https:\/\/schema.org","@type":"ListItem","position":1,"name":"Home","item":"https:\/\/tu11.fi\/taekwondo\/en\/"},{"@context":"https:\/\/schema.org","@type":"ListItem","position":2,"name":"Blog","item":"https:\/\/tu11.fi\/taekwondo\/"},{"@context":"https:\/\/schema.org","@type":"ListItem","position":3,"name":"Hoitopolku   Taekwondourheilijat 2011 | Taekwondoa parhaassa...","item":"https:\/\/tu11.fi\/taekwondo\/en\/harjoittelumateriaalit\/"}]}]}],"parts":[["meta","name","generator","content","WPSSO Core 21.12.0\/L*","generator:1"],["meta","name","generator","content","WPSSO RAR 3.3.0\/S","generator:2"],["meta","name","generator","content","WPSSO REST 3.3.0\/S","generator:3"],["meta","name","generator","content","WPSSO BC 5.5.0\/S","generator:4"],["meta","name","generator","content","WPSSO FAQ 7.1.0\/S","generator:5"],["meta","name","generator","content","WPSSO OPM 5.1.0\/S","generator:6"],["meta","name","generator","content","WPSSO SSM 3.4.0\/S","generator:7"],["meta","name","generator","content","WPSSO TIE 4.1.0\/S","generator:8"],["meta","name","generator","content","WPSSO UM 7.3.0\/S","generator:9"],["meta","name","generator","content","WPSSO UL 4.3.0\/S","generator:10"],["link","rel","shortlink","href","https:\/\/tu11.fi\/taekwondo\/en\/?p=6988",""],["meta","property","fb:app_id","content","966242223397117",""],["meta","property","og:time","content","2026-04-04T05:57:34+00:00",""],["meta","property","og:type","content","article",""],["meta","property","og:url","content","https:\/\/tu11.fi\/taekwondo\/en\/harjoittelumateriaalit\/",""],["meta","property","og:locale","content","en_US",""],["meta","property","og:site_name","content","Taekwondourheilijat 2011 | Taekwondoa parhaassa seurassa | Helsinki | Espoo | Vantaa",""],["meta","property","og:title","content","Hoitopolku  &ndash; Taekwondourheilijat 2011 | Taekwondoa parhaassa...",""],["meta","property","og:description","content","TU11 tarjoaa innostavan ymp&auml;rist&ouml;n harjoitella taekwondoa kaikenik&auml;isille ja -tasoisille, aloittelijoista huippu-urheilijoihin. Valmennus on systemaattista ja valmentajat maamme parhaimmistoa. Aloita taekwondo nyt!",""],["meta","property","og:updated_time","content","2020-05-16T10:45:49+00:00",""],["meta","property","og:image:secure_url","content","https:\/\/tu11.fi\/taekwondo\/wp-content\/uploads\/2013\/08\/bannerista_kuvaksi-1200x630-cropped.jpg","og:image:1"],["meta","property","og:image:url","content","https:\/\/tu11.fi\/taekwondo\/wp-content\/uploads\/2013\/08\/bannerista_kuvaksi-1200x630-cropped.jpg","og:image:1"],["meta","property","og:image","content","https:\/\/tu11.fi\/taekwondo\/wp-content\/uploads\/2013\/08\/bannerista_kuvaksi-1200x630-cropped.jpg","og:image:1"],["meta","property","og:image:width","content","1200","og:image:1"],["meta","property","og:image:height","content","630","og:image:1"],["meta","property","og:image:cropped","content","true","og:image:1"],["meta","property","og:image:id","content","3443","og:image:1"],["meta","property","og:image:alt","content","Aloita taekwondo!","og:image:1"],["meta","property","og:image:size_name","content","wpsso-opengraph","og:image:1"],["meta","name","schema:language","content","en_US",""],["meta","name","schema:type:id","content","sports.team",""],["meta","name","schema:type:url","content","https:\/\/schema.org\/SportsTeam",""],["meta","name","schema:type:context","content","https:\/\/schema.org",""],["meta","name","schema:type:name","content","SportsTeam",""],["meta","name","schema:type:path","content","schema.org\/SportsTeam",""],["meta","property","article:section","content","Sport",""],["meta","property","article:author:name","content","Pauli Raivio",""],["meta","property","article:publisher","content","https:\/\/www.facebook.com\/TU11",""],["meta","property","article:published_time","content","2017-07-29T12:39:45+00:00",""],["meta","property","article:modified_time","content","2020-05-16T10:45:49+00:00",""],["meta","property","article:reading_mins","content","0",""],["meta","name","twitter:domain","content","tu11.fi",""],["meta","name","twitter:site","content","@taekwondourh",""],["meta","name","twitter:title","content","Hoitopolku  &ndash; Taekwondourheilijat 2011 | Taekwondoa parhaassa...",""],["meta","name","twitter:description","content","TU11 tarjoaa innostavan ymp&auml;rist&ouml;n harjoitella taekwondoa kaikenik&auml;isille ja -tasoisille, aloittelijoista huippu-urheilijoihin. Valmennus on systemaattista ja valmentajat maamme parhaimmistoa...",""],["meta","name","twitter:card","content","summary_large_image",""],["meta","name","twitter:image","content","https:\/\/tu11.fi\/taekwondo\/wp-content\/uploads\/2020\/05\/TU11_hoitopolku_Pohjola-Sairaala_Helsinki-1200x630-cropped.png?p=6988",""],["meta","name","twitter:label1","content","Written by",""],["meta","name","twitter:data1","content","Pauli Raivio",""],["meta","name","author","content","Pauli Raivio",""],["meta","name","thumbnail","content","https:\/\/tu11.fi\/taekwondo\/wp-content\/uploads\/2013\/08\/bannerista_kuvaksi-1200x630-cropped.jpg",""]]},"_links":{"self":[{"href":"https:\/\/tu11.fi\/taekwondo\/en\/wp-json\/wp\/v2\/pages\/6988","targetHints":{"allow":["GET"]}}],"collection":[{"href":"https:\/\/tu11.fi\/taekwondo\/en\/wp-json\/wp\/v2\/pages"}],"about":[{"href":"https:\/\/tu11.fi\/taekwondo\/en\/wp-json\/wp\/v2\/types\/page"}],"author":[{"embeddable":true,"href":"https:\/\/tu11.fi\/taekwondo\/en\/wp-json\/wp\/v2\/users\/7"}],"replies":[{"embeddable":true,"href":"https:\/\/tu11.fi\/taekwondo\/en\/wp-json\/wp\/v2\/comments?post=6988"}],"version-history":[{"count":0,"href":"https:\/\/tu11.fi\/taekwondo\/en\/wp-json\/wp\/v2\/pages\/6988\/revisions"}],"wp:featuredmedia":[{"embeddable":true,"href":"https:\/\/tu11.fi\/taekwondo\/en\/wp-json\/wp\/v2\/media\/3443"}],"wp:attachment":[{"href":"https:\/\/tu11.fi\/taekwondo\/en\/wp-json\/wp\/v2\/media?parent=6988"}],"curies":[{"name":"wp","href":"https:\/\/api.w.org\/{rel}","templated":true}]}}