{"id":15513,"date":"2022-02-18T09:24:06","date_gmt":"2022-02-18T09:24:06","guid":{"rendered":"https:\/\/tu11.fi\/taekwondo\/?page_id=15513"},"modified":"2022-02-18T10:10:02","modified_gmt":"2022-02-18T10:10:02","slug":"servicio-de-lavanderia","status":"publish","type":"page","link":"https:\/\/tu11.fi\/taekwondo\/es\/pyykkipalvelu\/","title":{"rendered":"Servicio de lavander\u00eda 15\/mes"},"content":{"rendered":"<p>\u00a1Lava tu traje y otros equipos de entrenamiento con nosotros! Haz un trato, deja la ropa sucia en el cesto y l\u00edmpiala dos veces por semana en el perchero. \u00a1Lava tu dobok, tu protecci\u00f3n lavable y, por ejemplo, tu ropa con peto!<\/p>\n<p>Cuando hayas abierto el servicio, recibir\u00e1s una habitual pegatina con tu nombre que colocar\u00e1s en las etiquetas de lavado de tu equipo, para que puedas encontrar el tuyo en el perchero. Coloque la ropa que necesita lavarse en una bolsa de lavander\u00eda en bolsas de lavander\u00eda.<br \/><br \/>La ropa de color se lava con un programa de 30\u00b0C y la ropa blanca (como los doboks) con un programa de 40\u00b0C. La lavander\u00eda se deja a las 21:00 el martes (termina el jueves a las 17:00) y el jueves a las 21:00 (termina el lunes a las 17:00).<\/p>\n<p>Tarifa de apertura 20\u20ac<br \/>Cuota mensual con contrato de 6 meses 15\u20ac\/mes (90\u20ac\/6 meses)<br \/>Cuota mensual con contrato mensual 20\u20ac\/mes<br \/>Si tienes armario y quieres lavander\u00eda en tu armario +2\u20ac\/mes, <a href=\"https:\/\/tu11.fi\/taekwondo\/es\/propio-armario\/\">consigue tu propia taquilla 7\u20ac\/mes<\/a><\/p>\n<p>Solicite el servicio en el mostrador o <a href=\"mailto:info@tu11.fi.main.hoste.fi\">info@tu11.fi.main.hoste.fi<\/a><\/p>","protected":false},"excerpt":{"rendered":"<p>Foto: https:\/\/unsplash.com\/@enginakyurt<\/p>","protected":false},"author":2,"featured_media":15514,"parent":0,"menu_order":0,"comment_status":"closed","ping_status":"closed","template":"templates\/template-cover.php","meta":{"footnotes":""},"class_list":["post-15513","page","type-page","status-publish","has-post-thumbnail","hentry"],"yoast_head":"<!-- This site is optimized with the Yoast SEO plugin v27.2 - https:\/\/yoast.com\/product\/yoast-seo-wordpress\/ -->\n<title>Pyykkipalvelu 15\/kk - Taekwondourheilijat 2011 | Taekwondoa parhaassa seurassa | Helsinki | Espoo | Vantaa<\/title>\n<meta name=\"description\" content=\"TU11 tarjoaa innostavan ymp\u00e4rist\u00f6n harjoitella taekwondoa kaikenik\u00e4isille ja -tasoisille, aloittelijoista huippu-urheilijoihin. Valmennus on systemaattista ja valmentajat maamme parhaimmistoa. Aloita taekwondo nyt!\" \/>\n<meta name=\"robots\" content=\"index, follow, max-snippet:-1, max-image-preview:large, max-video-preview:-1\" \/>\n<link rel=\"canonical\" href=\"https:\/\/tu11.fi\/taekwondo\/es\/servicio-de-lavanderia\/\" \/>\n<script type=\"application\/ld+json\" class=\"yoast-schema-graph\">{\"@context\":\"https:\/\/schema.org\",\"@graph\":[]}<\/script>\n<!-- \/ Yoast SEO plugin. -->","yoast_head_json":{"title":"Pyykkipalvelu 15\/kk - Taekwondourheilijat 2011 | Taekwondoa parhaassa seurassa | Helsinki | Espoo | Vantaa","description":"TU11 ofrece un ambiente inspirador para practicar taekwondo para todas las edades y niveles, desde principiantes hasta atletas de \u00e9lite. La formaci\u00f3n es sistem\u00e1tica y los entrenadores son los mejores de nuestro pa\u00eds. \u00a1Empieza a taekwondo ahora!","robots":{"index":"index","follow":"follow","max-snippet":"max-snippet:-1","max-image-preview":"max-image-preview:large","max-video-preview":"max-video-preview:-1"},"canonical":"https:\/\/tu11.fi\/taekwondo\/es\/servicio-de-lavanderia\/","schema":{"@context":"https:\/\/schema.org","@graph":[]}},"amp_enabled":true,"head":{"html":["<meta name=\"wpsso-begin\" content=\"wpsso structured data begin\"\/>\n","<!-- generator:1 --><meta name=\"generator\" content=\"WPSSO Core 21.12.0\/L*\"\/>\n","<!-- generator:2 --><meta name=\"generator\" content=\"WPSSO RAR 3.3.0\/S\"\/>\n","<!-- generator:3 --><meta name=\"generator\" content=\"WPSSO REST 3.3.0\/S\"\/>\n","<!-- generator:4 --><meta name=\"generator\" content=\"WPSSO BC 5.5.0\/S\"\/>\n","<!-- generator:5 --><meta name=\"generator\" content=\"WPSSO FAQ 7.1.0\/S\"\/>\n","<!-- generator:6 --><meta name=\"generator\" content=\"WPSSO OPM 5.1.0\/S\"\/>\n","<!-- generator:7 --><meta name=\"generator\" content=\"WPSSO SSM 3.4.0\/S\"\/>\n","<!-- generator:8 --><meta name=\"generator\" content=\"WPSSO TIE 4.1.0\/S\"\/>\n","<!-- generator:9 --><meta name=\"generator\" content=\"WPSSO UM 7.3.0\/S\"\/>\n","<!-- generator:10 --><meta name=\"generator\" content=\"WPSSO UL 4.3.0\/S\"\/>\n","<link rel=\"shortlink\" href=\"https:\/\/tu11.fi\/taekwondo\/es\/?p=15513\"\/>\n","<meta property=\"fb:app_id\" content=\"966242223397117\"\/>\n","<meta property=\"og:type\" content=\"website\"\/>\n","<meta property=\"og:url\" content=\"https:\/\/tu11.fi\/taekwondo\/es\/pyykkipalvelu\/\"\/>\n","<meta property=\"og:locale\" content=\"es_ES\"\/>\n","<meta property=\"og:site_name\" content=\"Taekwondourheilijat 2011 | Taekwondoa parhaassa seurassa | Helsinki | Espoo | Vantaa\"\/>\n","<meta property=\"og:title\" content=\"Pyykkipalvelu 15\/kk  &ndash; Taekwondourheilijat 2011 | Taekwondoa...\"\/>\n","<meta property=\"og:description\" content=\"TU11 tarjoaa innostavan ymp&auml;rist&ouml;n harjoitella taekwondoa kaikenik&auml;isille ja -tasoisille, aloittelijoista huippu-urheilijoihin. Valmennus on systemaattista ja valmentajat maamme parhaimmistoa. Aloita taekwondo nyt!\"\/>\n","<meta property=\"og:updated_time\" content=\"2022-02-18T10:10:02+00:00\"\/>\n","<!-- og:image:1 --><meta property=\"og:image\" content=\"https:\/\/tu11.fi\/taekwondo\/wp-content\/uploads\/2022\/02\/engin-akyurt-yCYVV8-kQNM-unsplash-scaled-1200x630-cropped.jpg\"\/>\n","<!-- og:image:1 --><meta property=\"og:image:width\" content=\"1200\"\/>\n","<!-- og:image:1 --><meta property=\"og:image:height\" content=\"630\"\/>\n","<meta name=\"twitter:domain\" content=\"tu11.fi\"\/>\n","<meta name=\"twitter:site\" content=\"@taekwondourh\"\/>\n","<meta name=\"twitter:title\" content=\"Pyykkipalvelu 15\/kk  &ndash; Taekwondourheilijat 2011 | Taekwondoa...\"\/>\n","<meta name=\"twitter:description\" content=\"TU11 tarjoaa innostavan ymp&auml;rist&ouml;n harjoitella taekwondoa kaikenik&auml;isille ja -tasoisille, aloittelijoista huippu-urheilijoihin. Valmennus on systemaattista ja valmentajat maamme parhaimmistoa...\"\/>\n","<meta name=\"twitter:card\" content=\"summary_large_image\"\/>\n","<meta name=\"twitter:image\" content=\"https:\/\/tu11.fi\/taekwondo\/wp-content\/uploads\/2022\/02\/engin-akyurt-yCYVV8-kQNM-unsplash-scaled-1200x630-cropped.jpg?p=15513\"\/>\n","<meta name=\"thumbnail\" content=\"https:\/\/tu11.fi\/taekwondo\/wp-content\/uploads\/2022\/02\/engin-akyurt-yCYVV8-kQNM-unsplash-scaled-1200x630-cropped.jpg\"\/>\n","<script type=\"application\/ld+json\" id=\"wpsso-schema-graph\">{\n    \"@context\": \"https:\/\/schema.org\",\n    \"@graph\": [\n        {\n            \"@id\": \"#sso\/knowledge-graph\/sports-team\/15513\",\n            \"@context\": \"https:\/\/schema.org\",\n            \"@type\": \"SportsTeam\",\n            \"mainEntityOfPage\": \"https:\/\/tu11.fi\/taekwondo\/es\/pyykkipalvelu\/\",\n            \"url\": \"https:\/\/tu11.fi\/taekwondo\/es\/pyykkipalvelu\/\",\n            \"sameAs\": [\n                \"https:\/\/tu11.fi\/taekwondo\/es\/?p=15513\"\n            ],\n            \"name\": \"Pyykkipalvelu 15\/kk  &ndash; Taekwondourheilijat 2011 | Taekwondoa...\",\n            \"alternateName\": \"Pyykkipalvelu 15\/kk  &ndash; Taekwondourheilijat 2011 | Taekwondoa parhaassa seurassa | Helsinki | Espoo | Vantaa\",\n            \"description\": \"TU11 tarjoaa innostavan ymp&auml;rist&ouml;n harjoitella taekwondoa kaikenik&auml;isille ja -tasoisille, aloittelijoista huippu-urheilijoihin. Valmennus on systemaattista ja valmentajat maamme parhaimmistoa. Aloita taekwondo nyt!\",\n            \"image\": [\n                {\n                    \"@id\": \"https:\/\/tu11.fi\/taekwondo\/wp-content\/uploads\/2022\/02\/engin-akyurt-yCYVV8-kQNM-unsplash-scaled-1200x1200-cropped.jpg#sso\/image-object\"\n                },\n                {\n                    \"@id\": \"https:\/\/tu11.fi\/taekwondo\/wp-content\/uploads\/2022\/02\/engin-akyurt-yCYVV8-kQNM-unsplash-scaled-1200x900-cropped.jpg#sso\/image-object\"\n                },\n                {\n                    \"@id\": \"https:\/\/tu11.fi\/taekwondo\/wp-content\/uploads\/2022\/02\/engin-akyurt-yCYVV8-kQNM-unsplash-scaled-1200x675-cropped.jpg#sso\/image-object\"\n                }\n            ]\n        },\n        {\n            \"@id\": \"https:\/\/tu11.fi\/taekwondo\/wp-content\/uploads\/2022\/02\/engin-akyurt-yCYVV8-kQNM-unsplash-scaled-1200x1200-cropped.jpg#sso\/image-object\",\n            \"@context\": \"https:\/\/schema.org\",\n            \"@type\": \"ImageObject\",\n            \"url\": \"https:\/\/tu11.fi\/taekwondo\/wp-content\/uploads\/2022\/02\/engin-akyurt-yCYVV8-kQNM-unsplash-scaled-1200x1200-cropped.jpg\",\n            \"identifier\": \"15514-wpsso-schema-1x1\",\n            \"name\": \"engin-akyurt-yCYVV8-kQNM-unsplash  &ndash; Taekwondourheilijat 2011 |...\",\n            \"alternateName\": \"engin-akyurt-yCYVV8-kQNM-unsplash  &ndash; Taekwondourheilijat 2011 | Taekwondoa parhaassa seurassa | Helsinki |...\",\n            \"description\": \"Sin descripci&oacute;n.\",\n            \"encodingFormat\": \"image\/jpeg\",\n            \"uploadDate\": \"2022-02-18T07:50:55+00:00\",\n            \"width\": [\n                {\n                    \"@id\": \"#sso\/qv-width-px-1200\"\n                }\n            ],\n            \"height\": [\n                {\n                    \"@id\": \"#sso\/qv-height-px-1200\"\n                }\n            ]\n        },\n        {\n            \"@id\": \"#sso\/qv-width-px-1200\",\n            \"@context\": \"https:\/\/schema.org\",\n            \"@type\": \"QuantitativeValue\",\n            \"name\": \"Width\",\n            \"unitText\": \"px\",\n            \"unitCode\": \"E37\",\n            \"value\": \"1200\"\n        },\n        {\n            \"@id\": \"#sso\/qv-height-px-1200\",\n            \"@context\": \"https:\/\/schema.org\",\n            \"@type\": \"QuantitativeValue\",\n            \"name\": \"Height\",\n            \"unitText\": \"px\",\n            \"unitCode\": \"E37\",\n            \"value\": \"1200\"\n        },\n        {\n            \"@id\": \"https:\/\/tu11.fi\/taekwondo\/wp-content\/uploads\/2022\/02\/engin-akyurt-yCYVV8-kQNM-unsplash-scaled-1200x900-cropped.jpg#sso\/image-object\",\n            \"@context\": \"https:\/\/schema.org\",\n            \"@type\": \"ImageObject\",\n            \"url\": \"https:\/\/tu11.fi\/taekwondo\/wp-content\/uploads\/2022\/02\/engin-akyurt-yCYVV8-kQNM-unsplash-scaled-1200x900-cropped.jpg\",\n            \"identifier\": \"15514-wpsso-schema-4x3\",\n            \"name\": \"engin-akyurt-yCYVV8-kQNM-unsplash  &ndash; Taekwondourheilijat 2011 |...\",\n            \"alternateName\": \"engin-akyurt-yCYVV8-kQNM-unsplash  &ndash; Taekwondourheilijat 2011 | Taekwondoa parhaassa seurassa | Helsinki |...\",\n            \"description\": \"Sin descripci&oacute;n.\",\n            \"encodingFormat\": \"image\/jpeg\",\n            \"uploadDate\": \"2022-02-18T07:50:55+00:00\",\n            \"width\": [\n                {\n                    \"@id\": \"#sso\/qv-width-px-1200\"\n                }\n            ],\n            \"height\": [\n                {\n                    \"@id\": \"#sso\/qv-height-px-900\"\n                }\n            ]\n        },\n        {\n            \"@id\": \"#sso\/qv-height-px-900\",\n            \"@context\": \"https:\/\/schema.org\",\n            \"@type\": \"QuantitativeValue\",\n            \"name\": \"Height\",\n            \"unitText\": \"px\",\n            \"unitCode\": \"E37\",\n            \"value\": \"900\"\n        },\n        {\n            \"@id\": \"https:\/\/tu11.fi\/taekwondo\/wp-content\/uploads\/2022\/02\/engin-akyurt-yCYVV8-kQNM-unsplash-scaled-1200x675-cropped.jpg#sso\/image-object\",\n            \"@context\": \"https:\/\/schema.org\",\n            \"@type\": \"ImageObject\",\n            \"url\": \"https:\/\/tu11.fi\/taekwondo\/wp-content\/uploads\/2022\/02\/engin-akyurt-yCYVV8-kQNM-unsplash-scaled-1200x675-cropped.jpg\",\n            \"identifier\": \"15514-wpsso-schema-16x9\",\n            \"name\": \"engin-akyurt-yCYVV8-kQNM-unsplash  &ndash; Taekwondourheilijat 2011 |...\",\n            \"alternateName\": \"engin-akyurt-yCYVV8-kQNM-unsplash  &ndash; Taekwondourheilijat 2011 | Taekwondoa parhaassa seurassa | Helsinki |...\",\n            \"description\": \"Sin descripci&oacute;n.\",\n            \"encodingFormat\": \"image\/jpeg\",\n            \"uploadDate\": \"2022-02-18T07:50:55+00:00\",\n            \"width\": [\n                {\n                    \"@id\": \"#sso\/qv-width-px-1200\"\n                }\n            ],\n            \"height\": [\n                {\n                    \"@id\": \"#sso\/qv-height-px-675\"\n                }\n            ]\n        },\n        {\n            \"@id\": \"#sso\/qv-height-px-675\",\n            \"@context\": \"https:\/\/schema.org\",\n            \"@type\": \"QuantitativeValue\",\n            \"name\": \"Height\",\n            \"unitText\": \"px\",\n            \"unitCode\": \"E37\",\n            \"value\": \"675\"\n        },\n        {\n            \"@id\": \"\/pyykkipalvelu\/#sso\/breadcrumb-list\/15513\",\n            \"@context\": \"https:\/\/schema.org\",\n            \"@type\": \"BreadcrumbList\",\n            \"url\": \"https:\/\/tu11.fi\/taekwondo\/es\/pyykkipalvelu\/\",\n            \"itemListElement\": [\n                {\n                    \"@context\": \"https:\/\/schema.org\",\n                    \"@type\": \"ListItem\",\n                    \"position\": 1,\n                    \"name\": \"Home\",\n                    \"item\": \"https:\/\/tu11.fi\/taekwondo\/es\/\"\n                },\n                {\n                    \"@context\": \"https:\/\/schema.org\",\n                    \"@type\": \"ListItem\",\n                    \"position\": 2,\n                    \"name\": \"Blog\",\n                    \"item\": \"https:\/\/tu11.fi\/taekwondo\/\"\n                },\n                {\n                    \"@context\": \"https:\/\/schema.org\",\n                    \"@type\": \"ListItem\",\n                    \"position\": 3,\n                    \"name\": \"Pyykkipalvelu 15\/kk   Taekwondourheilijat 2011 | Taekwondoa...\",\n                    \"item\": \"https:\/\/tu11.fi\/taekwondo\/es\/pyykkipalvelu\/\"\n                }\n            ]\n        }\n    ]\n}<\/script>\n","<meta name=\"wpsso-end\" content=\"wpsso structured data end\"\/>\n","<meta name=\"wpsso-cached\" content=\"no cache for tu11.fi\/taekwondo\"\/>\n"],"json":[{"@context":"https:\/\/schema.org","@graph":[{"@id":"#sso\/knowledge-graph\/sports-team\/15513","@context":"https:\/\/schema.org","@type":"SportsTeam","mainEntityOfPage":"https:\/\/tu11.fi\/taekwondo\/es\/pyykkipalvelu\/","url":"https:\/\/tu11.fi\/taekwondo\/es\/pyykkipalvelu\/","sameAs":["https:\/\/tu11.fi\/taekwondo\/es\/?p=15513"],"name":"Pyykkipalvelu 15\/kk  &ndash; Taekwondourheilijat 2011 | Taekwondoa...","alternateName":"Pyykkipalvelu 15\/kk  &ndash; Taekwondourheilijat 2011 | Taekwondoa parhaassa seurassa | Helsinki | Espoo | Vantaa","description":"TU11 tarjoaa innostavan ymp&auml;rist&ouml;n harjoitella taekwondoa kaikenik&auml;isille ja -tasoisille, aloittelijoista huippu-urheilijoihin. Valmennus on systemaattista ja valmentajat maamme parhaimmistoa. Aloita taekwondo nyt!","image":[{"@id":"https:\/\/tu11.fi\/taekwondo\/wp-content\/uploads\/2022\/02\/engin-akyurt-yCYVV8-kQNM-unsplash-scaled-1200x1200-cropped.jpg#sso\/image-object"},{"@id":"https:\/\/tu11.fi\/taekwondo\/wp-content\/uploads\/2022\/02\/engin-akyurt-yCYVV8-kQNM-unsplash-scaled-1200x900-cropped.jpg#sso\/image-object"},{"@id":"https:\/\/tu11.fi\/taekwondo\/wp-content\/uploads\/2022\/02\/engin-akyurt-yCYVV8-kQNM-unsplash-scaled-1200x675-cropped.jpg#sso\/image-object"}]},{"@id":"https:\/\/tu11.fi\/taekwondo\/wp-content\/uploads\/2022\/02\/engin-akyurt-yCYVV8-kQNM-unsplash-scaled-1200x1200-cropped.jpg#sso\/image-object","@context":"https:\/\/schema.org","@type":"ImageObject","url":"https:\/\/tu11.fi\/taekwondo\/wp-content\/uploads\/2022\/02\/engin-akyurt-yCYVV8-kQNM-unsplash-scaled-1200x1200-cropped.jpg","identifier":"15514-wpsso-schema-1x1","name":"engin-akyurt-yCYVV8-kQNM-unsplash  &ndash; Taekwondourheilijat 2011 |...","alternateName":"engin-akyurt-yCYVV8-kQNM-unsplash  &ndash; Taekwondourheilijat 2011 | Taekwondoa parhaassa seurassa | Helsinki |...","description":"Sin descripci&oacute;n.","encodingFormat":"image\/jpeg","uploadDate":"2022-02-18T07:50:55+00:00","width":[{"@id":"#sso\/qv-width-px-1200"}],"height":[{"@id":"#sso\/qv-height-px-1200"}]},{"@id":"#sso\/qv-width-px-1200","@context":"https:\/\/schema.org","@type":"QuantitativeValue","name":"Width","unitText":"px","unitCode":"E37","value":"1200"},{"@id":"#sso\/qv-height-px-1200","@context":"https:\/\/schema.org","@type":"QuantitativeValue","name":"Height","unitText":"px","unitCode":"E37","value":"1200"},{"@id":"https:\/\/tu11.fi\/taekwondo\/wp-content\/uploads\/2022\/02\/engin-akyurt-yCYVV8-kQNM-unsplash-scaled-1200x900-cropped.jpg#sso\/image-object","@context":"https:\/\/schema.org","@type":"ImageObject","url":"https:\/\/tu11.fi\/taekwondo\/wp-content\/uploads\/2022\/02\/engin-akyurt-yCYVV8-kQNM-unsplash-scaled-1200x900-cropped.jpg","identifier":"15514-wpsso-schema-4x3","name":"engin-akyurt-yCYVV8-kQNM-unsplash  &ndash; Taekwondourheilijat 2011 |...","alternateName":"engin-akyurt-yCYVV8-kQNM-unsplash  &ndash; Taekwondourheilijat 2011 | Taekwondoa parhaassa seurassa | Helsinki |...","description":"Sin descripci&oacute;n.","encodingFormat":"image\/jpeg","uploadDate":"2022-02-18T07:50:55+00:00","width":[{"@id":"#sso\/qv-width-px-1200"}],"height":[{"@id":"#sso\/qv-height-px-900"}]},{"@id":"#sso\/qv-height-px-900","@context":"https:\/\/schema.org","@type":"QuantitativeValue","name":"Height","unitText":"px","unitCode":"E37","value":"900"},{"@id":"https:\/\/tu11.fi\/taekwondo\/wp-content\/uploads\/2022\/02\/engin-akyurt-yCYVV8-kQNM-unsplash-scaled-1200x675-cropped.jpg#sso\/image-object","@context":"https:\/\/schema.org","@type":"ImageObject","url":"https:\/\/tu11.fi\/taekwondo\/wp-content\/uploads\/2022\/02\/engin-akyurt-yCYVV8-kQNM-unsplash-scaled-1200x675-cropped.jpg","identifier":"15514-wpsso-schema-16x9","name":"engin-akyurt-yCYVV8-kQNM-unsplash  &ndash; Taekwondourheilijat 2011 |...","alternateName":"engin-akyurt-yCYVV8-kQNM-unsplash  &ndash; Taekwondourheilijat 2011 | Taekwondoa parhaassa seurassa | Helsinki |...","description":"Sin descripci&oacute;n.","encodingFormat":"image\/jpeg","uploadDate":"2022-02-18T07:50:55+00:00","width":[{"@id":"#sso\/qv-width-px-1200"}],"height":[{"@id":"#sso\/qv-height-px-675"}]},{"@id":"#sso\/qv-height-px-675","@context":"https:\/\/schema.org","@type":"QuantitativeValue","name":"Height","unitText":"px","unitCode":"E37","value":"675"},{"@id":"\/pyykkipalvelu\/#sso\/breadcrumb-list\/15513","@context":"https:\/\/schema.org","@type":"BreadcrumbList","url":"https:\/\/tu11.fi\/taekwondo\/es\/pyykkipalvelu\/","itemListElement":[{"@context":"https:\/\/schema.org","@type":"ListItem","position":1,"name":"Home","item":"https:\/\/tu11.fi\/taekwondo\/es\/"},{"@context":"https:\/\/schema.org","@type":"ListItem","position":2,"name":"Blog","item":"https:\/\/tu11.fi\/taekwondo\/"},{"@context":"https:\/\/schema.org","@type":"ListItem","position":3,"name":"Pyykkipalvelu 15\/kk   Taekwondourheilijat 2011 | Taekwondoa...","item":"https:\/\/tu11.fi\/taekwondo\/es\/pyykkipalvelu\/"}]}]}],"parts":[["meta","name","generator","content","WPSSO Core 21.12.0\/L*","generator:1"],["meta","name","generator","content","WPSSO RAR 3.3.0\/S","generator:2"],["meta","name","generator","content","WPSSO REST 3.3.0\/S","generator:3"],["meta","name","generator","content","WPSSO BC 5.5.0\/S","generator:4"],["meta","name","generator","content","WPSSO FAQ 7.1.0\/S","generator:5"],["meta","name","generator","content","WPSSO OPM 5.1.0\/S","generator:6"],["meta","name","generator","content","WPSSO SSM 3.4.0\/S","generator:7"],["meta","name","generator","content","WPSSO TIE 4.1.0\/S","generator:8"],["meta","name","generator","content","WPSSO UM 7.3.0\/S","generator:9"],["meta","name","generator","content","WPSSO UL 4.3.0\/S","generator:10"],["link","rel","shortlink","href","https:\/\/tu11.fi\/taekwondo\/es\/?p=15513",""],["meta","property","fb:app_id","content","966242223397117",""],["meta","property","og:time","content","2026-04-19T19:24:01+00:00",""],["meta","property","og:type","content","website",""],["meta","property","og:url","content","https:\/\/tu11.fi\/taekwondo\/es\/pyykkipalvelu\/",""],["meta","property","og:locale","content","es_ES",""],["meta","property","og:site_name","content","Taekwondourheilijat 2011 | Taekwondoa parhaassa seurassa | Helsinki | Espoo | Vantaa",""],["meta","property","og:title","content","Pyykkipalvelu 15\/kk  &ndash; Taekwondourheilijat 2011 | Taekwondoa...",""],["meta","property","og:description","content","TU11 tarjoaa innostavan ymp&auml;rist&ouml;n harjoitella taekwondoa kaikenik&auml;isille ja -tasoisille, aloittelijoista huippu-urheilijoihin. Valmennus on systemaattista ja valmentajat maamme parhaimmistoa. Aloita taekwondo nyt!",""],["meta","property","og:updated_time","content","2022-02-18T10:10:02+00:00",""],["meta","property","og:image:secure_url","content","https:\/\/tu11.fi\/taekwondo\/wp-content\/uploads\/2022\/02\/engin-akyurt-yCYVV8-kQNM-unsplash-scaled-1200x630-cropped.jpg","og:image:1"],["meta","property","og:image:url","content","https:\/\/tu11.fi\/taekwondo\/wp-content\/uploads\/2022\/02\/engin-akyurt-yCYVV8-kQNM-unsplash-scaled-1200x630-cropped.jpg","og:image:1"],["meta","property","og:image","content","https:\/\/tu11.fi\/taekwondo\/wp-content\/uploads\/2022\/02\/engin-akyurt-yCYVV8-kQNM-unsplash-scaled-1200x630-cropped.jpg","og:image:1"],["meta","property","og:image:width","content","1200","og:image:1"],["meta","property","og:image:height","content","630","og:image:1"],["meta","property","og:image:cropped","content","true","og:image:1"],["meta","property","og:image:id","content","15514","og:image:1"],["meta","property","og:image:size_name","content","wpsso-opengraph","og:image:1"],["meta","name","schema:language","content","es_ES",""],["meta","name","schema:type:id","content","sports.team",""],["meta","name","schema:type:url","content","https:\/\/schema.org\/SportsTeam",""],["meta","name","schema:type:context","content","https:\/\/schema.org",""],["meta","name","schema:type:name","content","SportsTeam",""],["meta","name","schema:type:path","content","schema.org\/SportsTeam",""],["meta","property","article:author:name","content","Sampo Pajulampi",""],["meta","property","article:reading_mins","content","1",""],["meta","name","twitter:domain","content","tu11.fi",""],["meta","name","twitter:site","content","@taekwondourh",""],["meta","name","twitter:title","content","Pyykkipalvelu 15\/kk  &ndash; Taekwondourheilijat 2011 | Taekwondoa...",""],["meta","name","twitter:description","content","TU11 tarjoaa innostavan ymp&auml;rist&ouml;n harjoitella taekwondoa kaikenik&auml;isille ja -tasoisille, aloittelijoista huippu-urheilijoihin. Valmennus on systemaattista ja valmentajat maamme parhaimmistoa...",""],["meta","name","twitter:card","content","summary_large_image",""],["meta","name","twitter:image","content","https:\/\/tu11.fi\/taekwondo\/wp-content\/uploads\/2022\/02\/engin-akyurt-yCYVV8-kQNM-unsplash-scaled-1200x630-cropped.jpg?p=15513",""],["meta","name","thumbnail","content","https:\/\/tu11.fi\/taekwondo\/wp-content\/uploads\/2022\/02\/engin-akyurt-yCYVV8-kQNM-unsplash-scaled-1200x630-cropped.jpg",""]]},"_links":{"self":[{"href":"https:\/\/tu11.fi\/taekwondo\/es\/wp-json\/wp\/v2\/pages\/15513","targetHints":{"allow":["GET"]}}],"collection":[{"href":"https:\/\/tu11.fi\/taekwondo\/es\/wp-json\/wp\/v2\/pages"}],"about":[{"href":"https:\/\/tu11.fi\/taekwondo\/es\/wp-json\/wp\/v2\/types\/page"}],"author":[{"embeddable":true,"href":"https:\/\/tu11.fi\/taekwondo\/es\/wp-json\/wp\/v2\/users\/2"}],"replies":[{"embeddable":true,"href":"https:\/\/tu11.fi\/taekwondo\/es\/wp-json\/wp\/v2\/comments?post=15513"}],"version-history":[{"count":0,"href":"https:\/\/tu11.fi\/taekwondo\/es\/wp-json\/wp\/v2\/pages\/15513\/revisions"}],"wp:featuredmedia":[{"embeddable":true,"href":"https:\/\/tu11.fi\/taekwondo\/es\/wp-json\/wp\/v2\/media\/15514"}],"wp:attachment":[{"href":"https:\/\/tu11.fi\/taekwondo\/es\/wp-json\/wp\/v2\/media?parent=15513"}],"curies":[{"name":"wp","href":"https:\/\/api.w.org\/{rel}","templated":true}]}}