{"id":15568,"date":"2022-02-20T06:23:41","date_gmt":"2022-02-20T06:23:41","guid":{"rendered":"https:\/\/tu11.fi\/taekwondo\/?page_id=15568"},"modified":"2022-02-20T07:43:53","modified_gmt":"2022-02-20T07:43:53","slug":"servicios-adicionales","status":"publish","type":"page","link":"https:\/\/tu11.fi\/taekwondo\/es\/lisapalvelut\/","title":{"rendered":"Servicios adicionales"},"content":{"rendered":"<h4><a href=\"https:\/\/tu11.fi\/taekwondo\/es\/lecciones-privadas\/\" target=\"_blank\" rel=\"noopener\">Lecciones privadas<\/a><\/h4>\n<p>Adem\u00e1s de ejercicios b\u00e1sicos y adicionales, Taekwondourheilijat ofrece lecciones privadas para entusiastas que quieran profundizar sus habilidades en un \u00e1rea particular del deporte.<\/p>\n<h4><a href=\"https:\/\/tu11.fi\/taekwondo\/es\/2022\/02\/clase-maestra\/\" target=\"_blank\" rel=\"noopener\">Clase maestra<\/a><\/h4>\n<p>Ahora puedes conseguir que Teemu Heino (6.\u00ba dan), Petteri Kauppinen (5.\u00ba dan), Juho Kostiainen (3.\u00ba dan) o Pauli Raivio (5.\u00ba dan) te ayuden en tu esfuerzo por alcanzar tus objetivos. Ya sea una prueba de cintur\u00f3n, competiciones, desarrollar cualidades f\u00edsicas o aprender algo nuevo, obtendr\u00e1s el mejor apoyo posible para tus esfuerzos. Tambi\u00e9n puedes formar un grupo peque\u00f1o con un objetivo com\u00fan.<\/p>\n<h4 style=\"text-align: left;\"><span class=\"s1\"><a href=\"https:\/\/tu11.fi\/taekwondo\/es\/servicio-de-lavanderia\/\">Servicio de lavander\u00eda<\/a><strong><a href=\"https:\/\/tu11.fi\/taekwondo\/es\/servicio-de-lavanderia\/\"> 15\u20ac\/mes<\/a> <\/strong><\/span><\/h4>\n<p style=\"text-align: left;\"><span class=\"s1\">Contrato de 6 meses total 90\u20ac, contrato continuo de 1 mes 20\u20ac\/mes, comisi\u00f3n de apertura 20\u20ac,\u00a0<\/span><\/p>\n<h4 style=\"text-align: left;\"><span class=\"s1\"><a href=\"https:\/\/tu11.fi\/taekwondo\/es\/propio-armario\/\" target=\"_blank\" rel=\"noopener\">Alquiler de armarios para uso propio<\/a><strong><a href=\"https:\/\/tu11.fi\/taekwondo\/es\/propio-armario\/\" target=\"_blank\" rel=\"noopener\"> 7\u20ac\/mes<\/a> <\/strong><\/span><\/h4>\n<p style=\"text-align: left;\"><span class=\"s1\">Un contrato de 6 meses asciende a 42\u20ac<\/span><\/p>\n<h4 style=\"text-align: left;\"><a href=\"https:\/\/tu11.fi\/taekwondo\/es\/sala\/\" target=\"_blank\" rel=\"noopener\"><span class=\"s1\">Alquiler de sal\u00f3n para uso propio <strong>25\u20ac<\/strong><\/span><\/a><\/h4>\n<p style=\"text-align: left;\"><span class=\"s1\">Sin un contrato en curso v\u00e1lido <strong>+35\u20ac<\/strong><\/span><\/p>\n<h4 class=\"p1\" style=\"text-align: left;\"><a href=\"https:\/\/tu11.fi\/taekwondo\/es\/synttarit\/\"><span class=\"s1\">cumplea\u00f1os de taekwondo <\/span><strong><span class=\"s1\">150\u20ac<\/span><\/strong><\/a><\/h4>\n<p class=\"p1\" style=\"text-align: left;\"><span class=\"s1\">Sin un contrato en curso v\u00e1lido <strong>+50\u20ac<\/strong><\/span><\/p>\n<h4 class=\"p1\" style=\"text-align: left;\"><a href=\"https:\/\/tu11.fi\/taekwondo\/es\/tomar-contacto\/\" target=\"_blank\" rel=\"noopener\"><span class=\"s1\">Orientaci\u00f3n de taekwondo para un grupo. <\/span><strong><span class=\"s1\">\u00a1Pregunta el precio!<\/span><\/strong><\/a><\/h4>\n<h4 class=\"p1\" style=\"text-align: left;\"><a href=\"https:\/\/tu11.fi\/taekwondo\/es\/tomar-contacto\/\"><span class=\"s1\">demostraci\u00f3n de taekwondo <\/span><\/a><strong><span class=\"s1\"><a href=\"https:\/\/tu11.fi\/taekwondo\/es\/tomar-contacto\/\">\u00a1Pregunta el precio!<\/a> <\/span><\/strong><\/h4>\n<p class=\"p1\" style=\"text-align: left;\"><span class=\"s1\">\u00a1Planificamos el espect\u00e1culo seg\u00fan tus necesidades!<\/span><\/p>\n<h4><a href=\"https:\/\/tu11.fi\/taekwondo\/es\/lista-de-precios\/lista-de-precios-de-equipos\/\" target=\"_blank\" rel=\"noopener\">Equipo del gimnasio<\/a><\/h4>\n<p>El equipamiento para los atletas de taekwondo lo suministra Prodobok Finland Oy, que opera en instalaciones comunes con los atletas de taekwondo. En el gimnasio encontrar\u00e1s todo el equipamiento y herramientas que necesitas para entrenar.<\/p>","protected":false},"excerpt":{"rendered":"<p>En nuestro gimnasio encontrar\u00e1s muchos servicios adicionales que te har\u00e1n la vida m\u00e1s f\u00e1cil y te har\u00e1n m\u00e1s c\u00f3modo el entrenamiento.<\/p>","protected":false},"author":2,"featured_media":15552,"parent":0,"menu_order":0,"comment_status":"closed","ping_status":"closed","template":"templates\/template-cover.php","meta":{"footnotes":""},"class_list":["post-15568","page","type-page","status-publish","has-post-thumbnail","hentry"],"yoast_head":"<!-- This site is optimized with the Yoast SEO plugin v27.2 - https:\/\/yoast.com\/product\/yoast-seo-wordpress\/ -->\n<title>Lis\u00e4palvelut - Taekwondourheilijat 2011 | Taekwondoa parhaassa seurassa | Helsinki | Espoo | Vantaa<\/title>\n<meta name=\"description\" content=\"TU11 tarjoaa innostavan ymp\u00e4rist\u00f6n harjoitella taekwondoa kaikenik\u00e4isille ja -tasoisille, aloittelijoista huippu-urheilijoihin. Valmennus on systemaattista ja valmentajat maamme parhaimmistoa. Aloita taekwondo nyt!\" \/>\n<meta name=\"robots\" content=\"index, follow, max-snippet:-1, max-image-preview:large, max-video-preview:-1\" \/>\n<link rel=\"canonical\" href=\"https:\/\/tu11.fi\/taekwondo\/es\/servicios-adicionales\/\" \/>\n<script type=\"application\/ld+json\" class=\"yoast-schema-graph\">{\"@context\":\"https:\/\/schema.org\",\"@graph\":[]}<\/script>\n<!-- \/ Yoast SEO plugin. -->","yoast_head_json":{"title":"Lis\u00e4palvelut - Taekwondourheilijat 2011 | Taekwondoa parhaassa seurassa | Helsinki | Espoo | Vantaa","description":"TU11 ofrece un ambiente inspirador para practicar taekwondo para todas las edades y niveles, desde principiantes hasta atletas de \u00e9lite. La formaci\u00f3n es sistem\u00e1tica y los entrenadores son los mejores de nuestro pa\u00eds. \u00a1Empieza a taekwondo ahora!","robots":{"index":"index","follow":"follow","max-snippet":"max-snippet:-1","max-image-preview":"max-image-preview:large","max-video-preview":"max-video-preview:-1"},"canonical":"https:\/\/tu11.fi\/taekwondo\/es\/servicios-adicionales\/","schema":{"@context":"https:\/\/schema.org","@graph":[]}},"amp_enabled":true,"head":{"html":["<meta name=\"wpsso-begin\" content=\"wpsso structured data begin\"\/>\n","<!-- generator:1 --><meta name=\"generator\" content=\"WPSSO Core 21.12.0\/L*\"\/>\n","<!-- generator:2 --><meta name=\"generator\" content=\"WPSSO RAR 3.3.0\/S\"\/>\n","<!-- generator:3 --><meta name=\"generator\" content=\"WPSSO REST 3.3.0\/S\"\/>\n","<!-- generator:4 --><meta name=\"generator\" content=\"WPSSO BC 5.5.0\/S\"\/>\n","<!-- generator:5 --><meta name=\"generator\" content=\"WPSSO FAQ 7.1.0\/S\"\/>\n","<!-- generator:6 --><meta name=\"generator\" content=\"WPSSO OPM 5.1.0\/S\"\/>\n","<!-- generator:7 --><meta name=\"generator\" content=\"WPSSO SSM 3.4.0\/S\"\/>\n","<!-- generator:8 --><meta name=\"generator\" content=\"WPSSO TIE 4.1.0\/S\"\/>\n","<!-- generator:9 --><meta name=\"generator\" content=\"WPSSO UM 7.3.0\/S\"\/>\n","<!-- generator:10 --><meta name=\"generator\" content=\"WPSSO UL 4.3.0\/S\"\/>\n","<link rel=\"shortlink\" href=\"https:\/\/tu11.fi\/taekwondo\/es\/?p=15568\"\/>\n","<meta property=\"fb:app_id\" content=\"966242223397117\"\/>\n","<meta property=\"og:type\" content=\"website\"\/>\n","<meta property=\"og:url\" content=\"https:\/\/tu11.fi\/taekwondo\/es\/lisapalvelut\/\"\/>\n","<meta property=\"og:locale\" content=\"es_ES\"\/>\n","<meta property=\"og:site_name\" content=\"Taekwondourheilijat 2011 | Taekwondoa parhaassa seurassa | Helsinki | Espoo | Vantaa\"\/>\n","<meta property=\"og:title\" content=\"Lis&auml;palvelut  &ndash; Taekwondourheilijat 2011 | Taekwondoa parhaassa...\"\/>\n","<meta property=\"og:description\" content=\"TU11 tarjoaa innostavan ymp&auml;rist&ouml;n harjoitella taekwondoa kaikenik&auml;isille ja -tasoisille, aloittelijoista huippu-urheilijoihin. Valmennus on systemaattista ja valmentajat maamme parhaimmistoa. Aloita taekwondo nyt!\"\/>\n","<meta property=\"og:updated_time\" content=\"2022-02-20T07:43:53+00:00\"\/>\n","<!-- og:image:1 --><meta property=\"og:image\" content=\"https:\/\/tu11.fi\/taekwondo\/wp-content\/uploads\/2022\/02\/20220219_125558-scaled-1200x630-cropped.jpg\"\/>\n","<!-- og:image:1 --><meta property=\"og:image:width\" content=\"1200\"\/>\n","<!-- og:image:1 --><meta property=\"og:image:height\" content=\"630\"\/>\n","<meta name=\"twitter:domain\" content=\"tu11.fi\"\/>\n","<meta name=\"twitter:site\" content=\"@taekwondourh\"\/>\n","<meta name=\"twitter:title\" content=\"Lis&auml;palvelut  &ndash; Taekwondourheilijat 2011 | Taekwondoa parhaassa...\"\/>\n","<meta name=\"twitter:description\" content=\"TU11 tarjoaa innostavan ymp&auml;rist&ouml;n harjoitella taekwondoa kaikenik&auml;isille ja -tasoisille, aloittelijoista huippu-urheilijoihin. Valmennus on systemaattista ja valmentajat maamme parhaimmistoa...\"\/>\n","<meta name=\"twitter:card\" content=\"summary_large_image\"\/>\n","<meta name=\"twitter:image\" content=\"https:\/\/tu11.fi\/taekwondo\/wp-content\/uploads\/2022\/02\/20220219_125558-scaled-1200x630-cropped.jpg?p=15568\"\/>\n","<meta name=\"thumbnail\" content=\"https:\/\/tu11.fi\/taekwondo\/wp-content\/uploads\/2022\/02\/20220219_125558-scaled-1200x630-cropped.jpg\"\/>\n","<script type=\"application\/ld+json\" id=\"wpsso-schema-graph\">{\n    \"@context\": \"https:\/\/schema.org\",\n    \"@graph\": [\n        {\n            \"@id\": \"#sso\/knowledge-graph\/sports-team\/15568\",\n            \"@context\": \"https:\/\/schema.org\",\n            \"@type\": \"SportsTeam\",\n            \"mainEntityOfPage\": \"https:\/\/tu11.fi\/taekwondo\/es\/lisapalvelut\/\",\n            \"url\": \"https:\/\/tu11.fi\/taekwondo\/es\/lisapalvelut\/\",\n            \"sameAs\": [\n                \"https:\/\/tu11.fi\/taekwondo\/es\/?p=15568\"\n            ],\n            \"name\": \"Lis&auml;palvelut  &ndash; Taekwondourheilijat 2011 | Taekwondoa parhaassa...\",\n            \"alternateName\": \"Lis&auml;palvelut  &ndash; Taekwondourheilijat 2011 | Taekwondoa parhaassa seurassa | Helsinki | Espoo | Vantaa\",\n            \"description\": \"TU11 tarjoaa innostavan ymp&auml;rist&ouml;n harjoitella taekwondoa kaikenik&auml;isille ja -tasoisille, aloittelijoista huippu-urheilijoihin. Valmennus on systemaattista ja valmentajat maamme parhaimmistoa. Aloita taekwondo nyt!\",\n            \"image\": [\n                {\n                    \"@id\": \"https:\/\/tu11.fi\/taekwondo\/wp-content\/uploads\/2022\/02\/20220219_125558-scaled-1200x1200-cropped.jpg#sso\/image-object\"\n                },\n                {\n                    \"@id\": \"https:\/\/tu11.fi\/taekwondo\/wp-content\/uploads\/2022\/02\/20220219_125558-scaled-1200x900-cropped.jpg#sso\/image-object\"\n                },\n                {\n                    \"@id\": \"https:\/\/tu11.fi\/taekwondo\/wp-content\/uploads\/2022\/02\/20220219_125558-scaled-1200x675-cropped.jpg#sso\/image-object\"\n                }\n            ]\n        },\n        {\n            \"@id\": \"https:\/\/tu11.fi\/taekwondo\/wp-content\/uploads\/2022\/02\/20220219_125558-scaled-1200x1200-cropped.jpg#sso\/image-object\",\n            \"@context\": \"https:\/\/schema.org\",\n            \"@type\": \"ImageObject\",\n            \"url\": \"https:\/\/tu11.fi\/taekwondo\/wp-content\/uploads\/2022\/02\/20220219_125558-scaled-1200x1200-cropped.jpg\",\n            \"identifier\": \"15552-wpsso-schema-1x1\",\n            \"name\": \"20220219_125558  &ndash; Taekwondourheilijat 2011 | Taekwondoa parhaassa...\",\n            \"alternateName\": \"20220219_125558  &ndash; Taekwondourheilijat 2011 | Taekwondoa parhaassa seurassa | Helsinki | Espoo | Vantaa\",\n            \"description\": \"Sin descripci&oacute;n.\",\n            \"encodingFormat\": \"image\/jpeg\",\n            \"uploadDate\": \"2022-02-19T13:49:07+00:00\",\n            \"width\": [\n                {\n                    \"@id\": \"#sso\/qv-width-px-1200\"\n                }\n            ],\n            \"height\": [\n                {\n                    \"@id\": \"#sso\/qv-height-px-1200\"\n                }\n            ]\n        },\n        {\n            \"@id\": \"#sso\/qv-width-px-1200\",\n            \"@context\": \"https:\/\/schema.org\",\n            \"@type\": \"QuantitativeValue\",\n            \"name\": \"Width\",\n            \"unitText\": \"px\",\n            \"unitCode\": \"E37\",\n            \"value\": \"1200\"\n        },\n        {\n            \"@id\": \"#sso\/qv-height-px-1200\",\n            \"@context\": \"https:\/\/schema.org\",\n            \"@type\": \"QuantitativeValue\",\n            \"name\": \"Height\",\n            \"unitText\": \"px\",\n            \"unitCode\": \"E37\",\n            \"value\": \"1200\"\n        },\n        {\n            \"@id\": \"https:\/\/tu11.fi\/taekwondo\/wp-content\/uploads\/2022\/02\/20220219_125558-scaled-1200x900-cropped.jpg#sso\/image-object\",\n            \"@context\": \"https:\/\/schema.org\",\n            \"@type\": \"ImageObject\",\n            \"url\": \"https:\/\/tu11.fi\/taekwondo\/wp-content\/uploads\/2022\/02\/20220219_125558-scaled-1200x900-cropped.jpg\",\n            \"identifier\": \"15552-wpsso-schema-4x3\",\n            \"name\": \"20220219_125558  &ndash; Taekwondourheilijat 2011 | Taekwondoa parhaassa...\",\n            \"alternateName\": \"20220219_125558  &ndash; Taekwondourheilijat 2011 | Taekwondoa parhaassa seurassa | Helsinki | Espoo | Vantaa\",\n            \"description\": \"Sin descripci&oacute;n.\",\n            \"encodingFormat\": \"image\/jpeg\",\n            \"uploadDate\": \"2022-02-19T13:49:07+00:00\",\n            \"width\": [\n                {\n                    \"@id\": \"#sso\/qv-width-px-1200\"\n                }\n            ],\n            \"height\": [\n                {\n                    \"@id\": \"#sso\/qv-height-px-900\"\n                }\n            ]\n        },\n        {\n            \"@id\": \"#sso\/qv-height-px-900\",\n            \"@context\": \"https:\/\/schema.org\",\n            \"@type\": \"QuantitativeValue\",\n            \"name\": \"Height\",\n            \"unitText\": \"px\",\n            \"unitCode\": \"E37\",\n            \"value\": \"900\"\n        },\n        {\n            \"@id\": \"https:\/\/tu11.fi\/taekwondo\/wp-content\/uploads\/2022\/02\/20220219_125558-scaled-1200x675-cropped.jpg#sso\/image-object\",\n            \"@context\": \"https:\/\/schema.org\",\n            \"@type\": \"ImageObject\",\n            \"url\": \"https:\/\/tu11.fi\/taekwondo\/wp-content\/uploads\/2022\/02\/20220219_125558-scaled-1200x675-cropped.jpg\",\n            \"identifier\": \"15552-wpsso-schema-16x9\",\n            \"name\": \"20220219_125558  &ndash; Taekwondourheilijat 2011 | Taekwondoa parhaassa...\",\n            \"alternateName\": \"20220219_125558  &ndash; Taekwondourheilijat 2011 | Taekwondoa parhaassa seurassa | Helsinki | Espoo | Vantaa\",\n            \"description\": \"Sin descripci&oacute;n.\",\n            \"encodingFormat\": \"image\/jpeg\",\n            \"uploadDate\": \"2022-02-19T13:49:07+00:00\",\n            \"width\": [\n                {\n                    \"@id\": \"#sso\/qv-width-px-1200\"\n                }\n            ],\n            \"height\": [\n                {\n                    \"@id\": \"#sso\/qv-height-px-675\"\n                }\n            ]\n        },\n        {\n            \"@id\": \"#sso\/qv-height-px-675\",\n            \"@context\": \"https:\/\/schema.org\",\n            \"@type\": \"QuantitativeValue\",\n            \"name\": \"Height\",\n            \"unitText\": \"px\",\n            \"unitCode\": \"E37\",\n            \"value\": \"675\"\n        },\n        {\n            \"@id\": \"\/lisapalvelut\/#sso\/breadcrumb-list\/15568\",\n            \"@context\": \"https:\/\/schema.org\",\n            \"@type\": \"BreadcrumbList\",\n            \"url\": \"https:\/\/tu11.fi\/taekwondo\/es\/lisapalvelut\/\",\n            \"itemListElement\": [\n                {\n                    \"@context\": \"https:\/\/schema.org\",\n                    \"@type\": \"ListItem\",\n                    \"position\": 1,\n                    \"name\": \"Home\",\n                    \"item\": \"https:\/\/tu11.fi\/taekwondo\/es\/\"\n                },\n                {\n                    \"@context\": \"https:\/\/schema.org\",\n                    \"@type\": \"ListItem\",\n                    \"position\": 2,\n                    \"name\": \"Blog\",\n                    \"item\": \"https:\/\/tu11.fi\/taekwondo\/\"\n                },\n                {\n                    \"@context\": \"https:\/\/schema.org\",\n                    \"@type\": \"ListItem\",\n                    \"position\": 3,\n                    \"name\": \"Lis&auml;palvelut   Taekwondourheilijat 2011 | Taekwondoa parhaassa...\",\n                    \"item\": \"https:\/\/tu11.fi\/taekwondo\/es\/lisapalvelut\/\"\n                }\n            ]\n        }\n    ]\n}<\/script>\n","<meta name=\"wpsso-end\" content=\"wpsso structured data end\"\/>\n","<meta name=\"wpsso-cached\" content=\"no cache for tu11.fi\/taekwondo\"\/>\n"],"json":[{"@context":"https:\/\/schema.org","@graph":[{"@id":"#sso\/knowledge-graph\/sports-team\/15568","@context":"https:\/\/schema.org","@type":"SportsTeam","mainEntityOfPage":"https:\/\/tu11.fi\/taekwondo\/es\/lisapalvelut\/","url":"https:\/\/tu11.fi\/taekwondo\/es\/lisapalvelut\/","sameAs":["https:\/\/tu11.fi\/taekwondo\/es\/?p=15568"],"name":"Lis&auml;palvelut  &ndash; Taekwondourheilijat 2011 | Taekwondoa parhaassa...","alternateName":"Lis&auml;palvelut  &ndash; Taekwondourheilijat 2011 | Taekwondoa parhaassa seurassa | Helsinki | Espoo | Vantaa","description":"TU11 tarjoaa innostavan ymp&auml;rist&ouml;n harjoitella taekwondoa kaikenik&auml;isille ja -tasoisille, aloittelijoista huippu-urheilijoihin. Valmennus on systemaattista ja valmentajat maamme parhaimmistoa. Aloita taekwondo nyt!","image":[{"@id":"https:\/\/tu11.fi\/taekwondo\/wp-content\/uploads\/2022\/02\/20220219_125558-scaled-1200x1200-cropped.jpg#sso\/image-object"},{"@id":"https:\/\/tu11.fi\/taekwondo\/wp-content\/uploads\/2022\/02\/20220219_125558-scaled-1200x900-cropped.jpg#sso\/image-object"},{"@id":"https:\/\/tu11.fi\/taekwondo\/wp-content\/uploads\/2022\/02\/20220219_125558-scaled-1200x675-cropped.jpg#sso\/image-object"}]},{"@id":"https:\/\/tu11.fi\/taekwondo\/wp-content\/uploads\/2022\/02\/20220219_125558-scaled-1200x1200-cropped.jpg#sso\/image-object","@context":"https:\/\/schema.org","@type":"ImageObject","url":"https:\/\/tu11.fi\/taekwondo\/wp-content\/uploads\/2022\/02\/20220219_125558-scaled-1200x1200-cropped.jpg","identifier":"15552-wpsso-schema-1x1","name":"20220219_125558  &ndash; Taekwondourheilijat 2011 | Taekwondoa parhaassa...","alternateName":"20220219_125558  &ndash; Taekwondourheilijat 2011 | Taekwondoa parhaassa seurassa | Helsinki | Espoo | Vantaa","description":"Sin descripci&oacute;n.","encodingFormat":"image\/jpeg","uploadDate":"2022-02-19T13:49:07+00:00","width":[{"@id":"#sso\/qv-width-px-1200"}],"height":[{"@id":"#sso\/qv-height-px-1200"}]},{"@id":"#sso\/qv-width-px-1200","@context":"https:\/\/schema.org","@type":"QuantitativeValue","name":"Width","unitText":"px","unitCode":"E37","value":"1200"},{"@id":"#sso\/qv-height-px-1200","@context":"https:\/\/schema.org","@type":"QuantitativeValue","name":"Height","unitText":"px","unitCode":"E37","value":"1200"},{"@id":"https:\/\/tu11.fi\/taekwondo\/wp-content\/uploads\/2022\/02\/20220219_125558-scaled-1200x900-cropped.jpg#sso\/image-object","@context":"https:\/\/schema.org","@type":"ImageObject","url":"https:\/\/tu11.fi\/taekwondo\/wp-content\/uploads\/2022\/02\/20220219_125558-scaled-1200x900-cropped.jpg","identifier":"15552-wpsso-schema-4x3","name":"20220219_125558  &ndash; Taekwondourheilijat 2011 | Taekwondoa parhaassa...","alternateName":"20220219_125558  &ndash; Taekwondourheilijat 2011 | Taekwondoa parhaassa seurassa | Helsinki | Espoo | Vantaa","description":"Sin descripci&oacute;n.","encodingFormat":"image\/jpeg","uploadDate":"2022-02-19T13:49:07+00:00","width":[{"@id":"#sso\/qv-width-px-1200"}],"height":[{"@id":"#sso\/qv-height-px-900"}]},{"@id":"#sso\/qv-height-px-900","@context":"https:\/\/schema.org","@type":"QuantitativeValue","name":"Height","unitText":"px","unitCode":"E37","value":"900"},{"@id":"https:\/\/tu11.fi\/taekwondo\/wp-content\/uploads\/2022\/02\/20220219_125558-scaled-1200x675-cropped.jpg#sso\/image-object","@context":"https:\/\/schema.org","@type":"ImageObject","url":"https:\/\/tu11.fi\/taekwondo\/wp-content\/uploads\/2022\/02\/20220219_125558-scaled-1200x675-cropped.jpg","identifier":"15552-wpsso-schema-16x9","name":"20220219_125558  &ndash; Taekwondourheilijat 2011 | Taekwondoa parhaassa...","alternateName":"20220219_125558  &ndash; Taekwondourheilijat 2011 | Taekwondoa parhaassa seurassa | Helsinki | Espoo | Vantaa","description":"Sin descripci&oacute;n.","encodingFormat":"image\/jpeg","uploadDate":"2022-02-19T13:49:07+00:00","width":[{"@id":"#sso\/qv-width-px-1200"}],"height":[{"@id":"#sso\/qv-height-px-675"}]},{"@id":"#sso\/qv-height-px-675","@context":"https:\/\/schema.org","@type":"QuantitativeValue","name":"Height","unitText":"px","unitCode":"E37","value":"675"},{"@id":"\/lisapalvelut\/#sso\/breadcrumb-list\/15568","@context":"https:\/\/schema.org","@type":"BreadcrumbList","url":"https:\/\/tu11.fi\/taekwondo\/es\/lisapalvelut\/","itemListElement":[{"@context":"https:\/\/schema.org","@type":"ListItem","position":1,"name":"Home","item":"https:\/\/tu11.fi\/taekwondo\/es\/"},{"@context":"https:\/\/schema.org","@type":"ListItem","position":2,"name":"Blog","item":"https:\/\/tu11.fi\/taekwondo\/"},{"@context":"https:\/\/schema.org","@type":"ListItem","position":3,"name":"Lis&auml;palvelut   Taekwondourheilijat 2011 | Taekwondoa parhaassa...","item":"https:\/\/tu11.fi\/taekwondo\/es\/lisapalvelut\/"}]}]}],"parts":[["meta","name","generator","content","WPSSO Core 21.12.0\/L*","generator:1"],["meta","name","generator","content","WPSSO RAR 3.3.0\/S","generator:2"],["meta","name","generator","content","WPSSO REST 3.3.0\/S","generator:3"],["meta","name","generator","content","WPSSO BC 5.5.0\/S","generator:4"],["meta","name","generator","content","WPSSO FAQ 7.1.0\/S","generator:5"],["meta","name","generator","content","WPSSO OPM 5.1.0\/S","generator:6"],["meta","name","generator","content","WPSSO SSM 3.4.0\/S","generator:7"],["meta","name","generator","content","WPSSO TIE 4.1.0\/S","generator:8"],["meta","name","generator","content","WPSSO UM 7.3.0\/S","generator:9"],["meta","name","generator","content","WPSSO UL 4.3.0\/S","generator:10"],["link","rel","shortlink","href","https:\/\/tu11.fi\/taekwondo\/es\/?p=15568",""],["meta","property","fb:app_id","content","966242223397117",""],["meta","property","og:time","content","2026-04-21T08:02:35+00:00",""],["meta","property","og:type","content","website",""],["meta","property","og:url","content","https:\/\/tu11.fi\/taekwondo\/es\/lisapalvelut\/",""],["meta","property","og:locale","content","es_ES",""],["meta","property","og:site_name","content","Taekwondourheilijat 2011 | Taekwondoa parhaassa seurassa | Helsinki | Espoo | Vantaa",""],["meta","property","og:title","content","Lis&auml;palvelut  &ndash; Taekwondourheilijat 2011 | Taekwondoa parhaassa...",""],["meta","property","og:description","content","TU11 tarjoaa innostavan ymp&auml;rist&ouml;n harjoitella taekwondoa kaikenik&auml;isille ja -tasoisille, aloittelijoista huippu-urheilijoihin. Valmennus on systemaattista ja valmentajat maamme parhaimmistoa. Aloita taekwondo nyt!",""],["meta","property","og:updated_time","content","2022-02-20T07:43:53+00:00",""],["meta","property","og:image:secure_url","content","https:\/\/tu11.fi\/taekwondo\/wp-content\/uploads\/2022\/02\/20220219_125558-scaled-1200x630-cropped.jpg","og:image:1"],["meta","property","og:image:url","content","https:\/\/tu11.fi\/taekwondo\/wp-content\/uploads\/2022\/02\/20220219_125558-scaled-1200x630-cropped.jpg","og:image:1"],["meta","property","og:image","content","https:\/\/tu11.fi\/taekwondo\/wp-content\/uploads\/2022\/02\/20220219_125558-scaled-1200x630-cropped.jpg","og:image:1"],["meta","property","og:image:width","content","1200","og:image:1"],["meta","property","og:image:height","content","630","og:image:1"],["meta","property","og:image:cropped","content","true","og:image:1"],["meta","property","og:image:id","content","15552","og:image:1"],["meta","property","og:image:size_name","content","wpsso-opengraph","og:image:1"],["meta","name","schema:language","content","es_ES",""],["meta","name","schema:type:id","content","sports.team",""],["meta","name","schema:type:url","content","https:\/\/schema.org\/SportsTeam",""],["meta","name","schema:type:context","content","https:\/\/schema.org",""],["meta","name","schema:type:name","content","SportsTeam",""],["meta","name","schema:type:path","content","schema.org\/SportsTeam",""],["meta","property","article:author:name","content","Sampo Pajulampi",""],["meta","property","article:reading_mins","content","1",""],["meta","name","twitter:domain","content","tu11.fi",""],["meta","name","twitter:site","content","@taekwondourh",""],["meta","name","twitter:title","content","Lis&auml;palvelut  &ndash; Taekwondourheilijat 2011 | Taekwondoa parhaassa...",""],["meta","name","twitter:description","content","TU11 tarjoaa innostavan ymp&auml;rist&ouml;n harjoitella taekwondoa kaikenik&auml;isille ja -tasoisille, aloittelijoista huippu-urheilijoihin. Valmennus on systemaattista ja valmentajat maamme parhaimmistoa...",""],["meta","name","twitter:card","content","summary_large_image",""],["meta","name","twitter:image","content","https:\/\/tu11.fi\/taekwondo\/wp-content\/uploads\/2022\/02\/20220219_125558-scaled-1200x630-cropped.jpg?p=15568",""],["meta","name","thumbnail","content","https:\/\/tu11.fi\/taekwondo\/wp-content\/uploads\/2022\/02\/20220219_125558-scaled-1200x630-cropped.jpg",""]]},"_links":{"self":[{"href":"https:\/\/tu11.fi\/taekwondo\/es\/wp-json\/wp\/v2\/pages\/15568","targetHints":{"allow":["GET"]}}],"collection":[{"href":"https:\/\/tu11.fi\/taekwondo\/es\/wp-json\/wp\/v2\/pages"}],"about":[{"href":"https:\/\/tu11.fi\/taekwondo\/es\/wp-json\/wp\/v2\/types\/page"}],"author":[{"embeddable":true,"href":"https:\/\/tu11.fi\/taekwondo\/es\/wp-json\/wp\/v2\/users\/2"}],"replies":[{"embeddable":true,"href":"https:\/\/tu11.fi\/taekwondo\/es\/wp-json\/wp\/v2\/comments?post=15568"}],"version-history":[{"count":0,"href":"https:\/\/tu11.fi\/taekwondo\/es\/wp-json\/wp\/v2\/pages\/15568\/revisions"}],"wp:featuredmedia":[{"embeddable":true,"href":"https:\/\/tu11.fi\/taekwondo\/es\/wp-json\/wp\/v2\/media\/15552"}],"wp:attachment":[{"href":"https:\/\/tu11.fi\/taekwondo\/es\/wp-json\/wp\/v2\/media?parent=15568"}],"curies":[{"name":"wp","href":"https:\/\/api.w.org\/{rel}","templated":true}]}}