{"id":9107,"date":"2019-01-26T08:16:58","date_gmt":"2019-01-26T08:16:58","guid":{"rendered":"http:\/\/tu11.fi.srv.hoste.fi\/taekwondo\/?page_id=9107"},"modified":"2026-02-03T21:58:02","modified_gmt":"2026-02-03T21:58:02","slug":"tomar-contacto","status":"publish","type":"page","link":"https:\/\/tu11.fi\/taekwondo\/es\/ota-yhteytta\/","title":{"rendered":"tomar contacto"},"content":{"rendered":"<p>Envianos un email:<strong><span style=\"color: #000000;\">\u00a0<a style=\"color: #000000;\" href=\"mailto:info@tu11.fi\">info@tu11.fi<\/a><\/span><\/strong><\/p>\n<p>Ll\u00e1menos: <strong>0451 827290<\/strong> (11.00-17.00)<\/p>\n<p>K\u00e4y paikan p\u00e4\u00e4ll\u00e4 (p\u00e4ivystys ma-pe 17.00-19.00) tai l\u00e4het\u00e4 perinteist\u00e4 postia: <strong>Ristipellontie 14, FI-00390 Helsinki<\/strong><\/p>\n<h4 style=\"text-align: left;\"><strong>\u00a1Mandanos un mensaje!<\/strong><\/h4>\n<p style=\"text-align: left;\"><strong>\n<div class=\"wpcf7 no-js\" id=\"wpcf7-f7864-o1\" lang=\"fi\" dir=\"ltr\" data-wpcf7-id=\"7864\">\n<div class=\"screen-reader-response\"><p role=\"status\" aria-live=\"polite\" aria-atomic=\"true\"><\/p> <ul><\/ul><\/div>\n<form action=\"\/taekwondo\/es\/wp-json\/wp\/v2\/pages\/9107#wpcf7-f7864-o1\" method=\"post\" class=\"wpcf7-form init\" aria-label=\"Formulario de contacto\" novalidate=\"novalidate\" data-status=\"init\" data-trp-original-action=\"\/taekwondo\/es\/wp-json\/wp\/v2\/pages\/9107#wpcf7-f7864-o1\">\n<fieldset class=\"hidden-fields-container\"><input type=\"hidden\" name=\"_wpcf7\" value=\"7864\" \/><input type=\"hidden\" name=\"_wpcf7_version\" value=\"6.1.5\" \/><input type=\"hidden\" name=\"_wpcf7_locale\" value=\"fi\" \/><input type=\"hidden\" name=\"_wpcf7_unit_tag\" value=\"wpcf7-f7864-o1\" \/><input type=\"hidden\" name=\"_wpcf7_container_post\" value=\"0\" \/><input type=\"hidden\" name=\"_wpcf7_posted_data_hash\" value=\"\" \/><input type=\"hidden\" name=\"_wpcf7_recaptcha_response\" value=\"\" \/>\n<\/fieldset>\n<p><label> Tu Email (requerido)<br \/>\n<span class=\"wpcf7-form-control-wrap\" data-name=\"your-email\"><input size=\"40\" maxlength=\"400\" class=\"wpcf7-form-control wpcf7-email wpcf7-validates-as-required wpcf7-text wpcf7-validates-as-email\" required aria-invalid=\"false\" value=\"\" type=\"email\" name=\"your-email\" \/><\/span> <\/label>\n<\/p>\n<p><label> Mensaje<br \/>\n<span class=\"wpcf7-form-control-wrap\" data-name=\"your-message\"><textarea cols=\"40\" rows=\"10\" maxlength=\"2000\" class=\"wpcf7-form-control wpcf7-textarea\" aria-invalid=\"false\" name=\"your-message\"><\/textarea><\/span> <\/label>\n<\/p>\n<p>Al enviar el formulario, acepto que mis datos ser\u00e1n almacenados en el sistema de atenci\u00f3n al cliente y\/o registro de clientes y ser\u00e1n utilizados para la comunicaci\u00f3n y gesti\u00f3n de mi relaci\u00f3n como cliente conmigo. M\u00e1s informaci\u00f3n en https:\/\/tu11.fi\/taekwondo\/gdpr\/\n<\/p>\n<p><input class=\"wpcf7-form-control wpcf7-submit has-spinner\" type=\"submit\" value=\"enviar\" \/>\n<\/p><div class=\"wpcf7-response-output\" aria-hidden=\"true\"><\/div>\n<input type=\"hidden\" name=\"trp-form-language\" value=\"es\"\/><\/form>\n<\/div>\n<br \/><\/strong><\/p>\n<h4>Suscr\u00edbase a nuestro bolet\u00edn<\/h4>\n<p style=\"text-align: left;\"><a href=\"https:\/\/chat.whatsapp.com\/K1xQE5S1VJeBanfdRDPk8V\"><img decoding=\"async\" class=\"alignnone\" src=\"https:\/\/tu11.fi\/taekwondo\/wp-content\/uploads\/2020\/08\/480px-WhatsApp_logo-color-vertical.svg_.png\" alt=\"WhatsApp\" width=\"70\" height=\"70\" \/><\/a> <a href=\"https:\/\/chat.whatsapp.com\/K1xQE5S1VJeBanfdRDPk8V\">Tilaa uusimmat tiedotteet WhatsAppiin.<\/a><\/p>\n<h5>Enviar una factura electr\u00f3nica:<\/h5>\n<p>Verkkolaskutusosoite: 003725691207 <br \/>Corredor: OKOYFIHH <br \/>OVT ID: 003714583593001<\/p>\n<h5>Env\u00ede la factura por correo electr\u00f3nico:<\/h5>\n<p><a href=\"mailto:laskut@tu11.fi\">laskut@tu11.fi<\/a><\/p>\n<h5>Env\u00ede una factura en papel:<\/h5>\n<p>Evite enviar facturas en papel<\/p>\n<p><strong>Atletas de taekwondo 2011 Ry.<\/strong><br \/>Rispellottie 14<br \/>00390 Helsinki<br \/>Finlandia<\/p>","protected":false},"excerpt":{"rendered":"<p>L\u00e4het\u00e4 meille s\u00e4hk\u00f6postia:\u00a0info@tu11.fi Soita meille: 0451 827290 (11.00-17.00) K\u00e4y paikan p\u00e4\u00e4ll\u00e4 (p\u00e4ivystys ma-pe 17.00-19.00) tai l\u00e4het\u00e4 perinteist\u00e4 postia: Ristipellontie 14, FI-00390 Helsinki L\u00e4het\u00e4 meille viesti! Tilaa tiedotteemme Tilaa uusimmat tiedotteet WhatsAppiin. L\u00e4het\u00e4 verkkolasku: Verkkolaskutusosoite: 003725691207 V\u00e4litt\u00e4j\u00e4: OKOYFIHH OVT-tunnus: 003714583593001 L\u00e4het\u00e4 lasku s\u00e4hk\u00f6postitse: laskut@tu11.fi L\u00e4het\u00e4 paperilasku: V\u00e4lt\u00e4 paperilaskujen l\u00e4hett\u00e4mist\u00e4! Taekwondourheilijat 2011 Ry.Ristipellontie 1400390 HelsinkiFinland<\/p>","protected":false},"author":2,"featured_media":9409,"parent":0,"menu_order":0,"comment_status":"closed","ping_status":"closed","template":"templates\/template-cover.php","meta":{"footnotes":""},"class_list":["post-9107","page","type-page","status-publish","has-post-thumbnail","hentry"],"yoast_head":"<!-- This site is optimized with the Yoast SEO plugin v27.2 - https:\/\/yoast.com\/product\/yoast-seo-wordpress\/ -->\n<title>Ota yhteytt\u00e4 - Taekwondourheilijat 2011 | Taekwondoa parhaassa seurassa | Helsinki | Espoo | Vantaa<\/title>\n<meta name=\"description\" content=\"Ota yhteytt\u00e4! L\u00e4het\u00e4 meille s\u00e4hk\u00f6postia:\u00a0info@taekwondourheilijat.fi Soita meille:\u00a00451827290 K\u00e4y itse tai l\u00e4het\u00e4 postia:\u00a0Ristipellontie 1 A, FI-00390 Helsinki\" \/>\n<meta name=\"robots\" content=\"index, follow, max-snippet:-1, max-image-preview:large, max-video-preview:-1\" \/>\n<link rel=\"canonical\" href=\"http:\/\/tu11.fi\/taekwondo\/es\/tomar-contacto\/\" \/>\n<script type=\"application\/ld+json\" class=\"yoast-schema-graph\">{\"@context\":\"https:\/\/schema.org\",\"@graph\":[]}<\/script>\n<!-- \/ Yoast SEO plugin. -->","yoast_head_json":{"title":"Ota yhteytt\u00e4 - Taekwondourheilijat 2011 | Taekwondoa parhaassa seurassa | Helsinki | Espoo | Vantaa","description":"\u00a1Toma contacto! Env\u00edenos un correo electr\u00f3nico: info@taekwondourheilijat.fi Ll\u00e1menos: 0451827290 Vis\u00edtenos en persona o env\u00ede un correo electr\u00f3nico: Ristipellontie 1 A, FI-00390 Helsinki","robots":{"index":"index","follow":"follow","max-snippet":"max-snippet:-1","max-image-preview":"max-image-preview:large","max-video-preview":"max-video-preview:-1"},"canonical":"http:\/\/tu11.fi\/taekwondo\/es\/tomar-contacto\/","schema":{"@context":"https:\/\/schema.org","@graph":[]}},"amp_enabled":true,"head":{"html":["<meta name=\"wpsso-begin\" content=\"wpsso structured data begin\"\/>\n","<!-- generator:1 --><meta name=\"generator\" content=\"WPSSO Core 21.12.0\/L*\"\/>\n","<!-- generator:2 --><meta name=\"generator\" content=\"WPSSO RAR 3.3.0\/S\"\/>\n","<!-- generator:3 --><meta name=\"generator\" content=\"WPSSO REST 3.3.0\/S\"\/>\n","<!-- generator:4 --><meta name=\"generator\" content=\"WPSSO BC 5.5.0\/S\"\/>\n","<!-- generator:5 --><meta name=\"generator\" content=\"WPSSO FAQ 7.1.0\/S\"\/>\n","<!-- generator:6 --><meta name=\"generator\" content=\"WPSSO OPM 5.1.0\/S\"\/>\n","<!-- generator:7 --><meta name=\"generator\" content=\"WPSSO SSM 3.4.0\/S\"\/>\n","<!-- generator:8 --><meta name=\"generator\" content=\"WPSSO TIE 4.1.0\/S\"\/>\n","<!-- generator:9 --><meta name=\"generator\" content=\"WPSSO UM 7.3.0\/S\"\/>\n","<!-- generator:10 --><meta name=\"generator\" content=\"WPSSO UL 4.3.0\/S\"\/>\n","<link rel=\"shortlink\" href=\"https:\/\/tu11.fi\/taekwondo\/es\/?p=9107\"\/>\n","<meta property=\"fb:app_id\" content=\"966242223397117\"\/>\n","<meta property=\"og:type\" content=\"website\"\/>\n","<meta property=\"og:url\" content=\"https:\/\/tu11.fi\/taekwondo\/es\/ota-yhteytta\/\"\/>\n","<meta property=\"og:locale\" content=\"es_ES\"\/>\n","<meta property=\"og:site_name\" content=\"Taekwondourheilijat 2011 | Taekwondoa parhaassa seurassa | Helsinki | Espoo | Vantaa\"\/>\n","<meta property=\"og:title\" content=\"Ota yhteytt&auml;  &ndash; Taekwondourheilijat 2011 | Taekwondoa parhaassa...\"\/>\n","<meta property=\"og:description\" content=\"Ota yhteytt&auml;! L&auml;het&auml; meille s&auml;hk&ouml;postia: info@taekwondourheilijat.fi Soita meille: 0451827290 K&auml;y itse tai l&auml;het&auml; postia: Ristipellontie 1 A, FI-00390 Helsinki\"\/>\n","<meta property=\"og:updated_time\" content=\"2026-02-03T21:58:02+00:00\"\/>\n","<!-- og:image:1 --><meta property=\"og:image\" content=\"https:\/\/tu11.fi\/taekwondo\/wp-content\/uploads\/2019\/02\/39803800731_f21525f68f_o_pt-1200x630-cropped.jpg\"\/>\n","<!-- og:image:1 --><meta property=\"og:image:width\" content=\"1200\"\/>\n","<!-- og:image:1 --><meta property=\"og:image:height\" content=\"630\"\/>\n","<meta name=\"twitter:domain\" content=\"tu11.fi\"\/>\n","<meta name=\"twitter:site\" content=\"@taekwondourh\"\/>\n","<meta name=\"twitter:title\" content=\"Ota yhteytt&auml;  &ndash; Taekwondourheilijat 2011 | Taekwondoa parhaassa...\"\/>\n","<meta name=\"twitter:description\" content=\"Ota yhteytt&auml;! L&auml;het&auml; meille s&auml;hk&ouml;postia: info@taekwondourheilijat.fi Soita meille: 0451827290 K&auml;y itse tai l&auml;het&auml; postia: Ristipellontie 1 A, FI-00390 Helsinki\"\/>\n","<meta name=\"twitter:card\" content=\"summary_large_image\"\/>\n","<meta name=\"twitter:image\" content=\"https:\/\/tu11.fi\/taekwondo\/wp-content\/uploads\/2019\/02\/39803800731_f21525f68f_o_pt-1200x630-cropped.jpg?p=9107\"\/>\n","<meta name=\"thumbnail\" content=\"https:\/\/tu11.fi\/taekwondo\/wp-content\/uploads\/2019\/02\/39803800731_f21525f68f_o_pt-1200x630-cropped.jpg\"\/>\n","<script type=\"application\/ld+json\" id=\"wpsso-schema-graph\">{\n    \"@context\": \"https:\/\/schema.org\",\n    \"@graph\": [\n        {\n            \"@id\": \"#sso\/knowledge-graph\/sports-team\/9107\",\n            \"@context\": \"https:\/\/schema.org\",\n            \"@type\": \"SportsTeam\",\n            \"mainEntityOfPage\": \"https:\/\/tu11.fi\/taekwondo\/es\/ota-yhteytta\/\",\n            \"url\": \"https:\/\/tu11.fi\/taekwondo\/es\/ota-yhteytta\/\",\n            \"sameAs\": [\n                \"https:\/\/tu11.fi\/taekwondo\/es\/?p=9107\"\n            ],\n            \"name\": \"Ota yhteytt&auml;  &ndash; Taekwondourheilijat 2011 | Taekwondoa parhaassa...\",\n            \"alternateName\": \"Ota yhteytt&auml;  &ndash; Taekwondourheilijat 2011 | Taekwondoa parhaassa seurassa | Helsinki | Espoo | Vantaa\",\n            \"description\": \"Ota yhteytt&auml;! L&auml;het&auml; meille s&auml;hk&ouml;postia: info@taekwondourheilijat.fi Soita meille: 0451827290 K&auml;y itse tai l&auml;het&auml; postia: Ristipellontie 1 A, FI-00390 Helsinki\",\n            \"image\": [\n                {\n                    \"@id\": \"https:\/\/tu11.fi\/taekwondo\/wp-content\/uploads\/2019\/02\/39803800731_f21525f68f_o_pt-1200x1200-cropped.jpg#sso\/image-object\"\n                },\n                {\n                    \"@id\": \"https:\/\/tu11.fi\/taekwondo\/wp-content\/uploads\/2019\/02\/39803800731_f21525f68f_o_pt-1200x900-cropped.jpg#sso\/image-object\"\n                },\n                {\n                    \"@id\": \"https:\/\/tu11.fi\/taekwondo\/wp-content\/uploads\/2019\/02\/39803800731_f21525f68f_o_pt-1200x675-cropped.jpg#sso\/image-object\"\n                }\n            ]\n        },\n        {\n            \"@id\": \"https:\/\/tu11.fi\/taekwondo\/wp-content\/uploads\/2019\/02\/39803800731_f21525f68f_o_pt-1200x1200-cropped.jpg#sso\/image-object\",\n            \"@context\": \"https:\/\/schema.org\",\n            \"@type\": \"ImageObject\",\n            \"url\": \"https:\/\/tu11.fi\/taekwondo\/wp-content\/uploads\/2019\/02\/39803800731_f21525f68f_o_pt-1200x1200-cropped.jpg\",\n            \"identifier\": \"9409-wpsso-schema-1x1\",\n            \"name\": \"39803800731_f21525f68f_o_pt  &ndash; Taekwondourheilijat 2011 |...\",\n            \"alternateName\": \"39803800731_f21525f68f_o_pt  &ndash; Taekwondourheilijat 2011 | Taekwondoa parhaassa seurassa | Helsinki | Espoo...\",\n            \"description\": \"Sin descripci&oacute;n.\",\n            \"encodingFormat\": \"image\/jpeg\",\n            \"uploadDate\": \"2019-02-24T16:21:04+00:00\",\n            \"width\": [\n                {\n                    \"@id\": \"#sso\/qv-width-px-1200\"\n                }\n            ],\n            \"height\": [\n                {\n                    \"@id\": \"#sso\/qv-height-px-1200\"\n                }\n            ]\n        },\n        {\n            \"@id\": \"#sso\/qv-width-px-1200\",\n            \"@context\": \"https:\/\/schema.org\",\n            \"@type\": \"QuantitativeValue\",\n            \"name\": \"Width\",\n            \"unitText\": \"px\",\n            \"unitCode\": \"E37\",\n            \"value\": \"1200\"\n        },\n        {\n            \"@id\": \"#sso\/qv-height-px-1200\",\n            \"@context\": \"https:\/\/schema.org\",\n            \"@type\": \"QuantitativeValue\",\n            \"name\": \"Height\",\n            \"unitText\": \"px\",\n            \"unitCode\": \"E37\",\n            \"value\": \"1200\"\n        },\n        {\n            \"@id\": \"https:\/\/tu11.fi\/taekwondo\/wp-content\/uploads\/2019\/02\/39803800731_f21525f68f_o_pt-1200x900-cropped.jpg#sso\/image-object\",\n            \"@context\": \"https:\/\/schema.org\",\n            \"@type\": \"ImageObject\",\n            \"url\": \"https:\/\/tu11.fi\/taekwondo\/wp-content\/uploads\/2019\/02\/39803800731_f21525f68f_o_pt-1200x900-cropped.jpg\",\n            \"identifier\": \"9409-wpsso-schema-4x3\",\n            \"name\": \"39803800731_f21525f68f_o_pt  &ndash; Taekwondourheilijat 2011 |...\",\n            \"alternateName\": \"39803800731_f21525f68f_o_pt  &ndash; Taekwondourheilijat 2011 | Taekwondoa parhaassa seurassa | Helsinki | Espoo...\",\n            \"description\": \"Sin descripci&oacute;n.\",\n            \"encodingFormat\": \"image\/jpeg\",\n            \"uploadDate\": \"2019-02-24T16:21:04+00:00\",\n            \"width\": [\n                {\n                    \"@id\": \"#sso\/qv-width-px-1200\"\n                }\n            ],\n            \"height\": [\n                {\n                    \"@id\": \"#sso\/qv-height-px-900\"\n                }\n            ]\n        },\n        {\n            \"@id\": \"#sso\/qv-height-px-900\",\n            \"@context\": \"https:\/\/schema.org\",\n            \"@type\": \"QuantitativeValue\",\n            \"name\": \"Height\",\n            \"unitText\": \"px\",\n            \"unitCode\": \"E37\",\n            \"value\": \"900\"\n        },\n        {\n            \"@id\": \"https:\/\/tu11.fi\/taekwondo\/wp-content\/uploads\/2019\/02\/39803800731_f21525f68f_o_pt-1200x675-cropped.jpg#sso\/image-object\",\n            \"@context\": \"https:\/\/schema.org\",\n            \"@type\": \"ImageObject\",\n            \"url\": \"https:\/\/tu11.fi\/taekwondo\/wp-content\/uploads\/2019\/02\/39803800731_f21525f68f_o_pt-1200x675-cropped.jpg\",\n            \"identifier\": \"9409-wpsso-schema-16x9\",\n            \"name\": \"39803800731_f21525f68f_o_pt  &ndash; Taekwondourheilijat 2011 |...\",\n            \"alternateName\": \"39803800731_f21525f68f_o_pt  &ndash; Taekwondourheilijat 2011 | Taekwondoa parhaassa seurassa | Helsinki | Espoo...\",\n            \"description\": \"Sin descripci&oacute;n.\",\n            \"encodingFormat\": \"image\/jpeg\",\n            \"uploadDate\": \"2019-02-24T16:21:04+00:00\",\n            \"width\": [\n                {\n                    \"@id\": \"#sso\/qv-width-px-1200\"\n                }\n            ],\n            \"height\": [\n                {\n                    \"@id\": \"#sso\/qv-height-px-675\"\n                }\n            ]\n        },\n        {\n            \"@id\": \"#sso\/qv-height-px-675\",\n            \"@context\": \"https:\/\/schema.org\",\n            \"@type\": \"QuantitativeValue\",\n            \"name\": \"Height\",\n            \"unitText\": \"px\",\n            \"unitCode\": \"E37\",\n            \"value\": \"675\"\n        },\n        {\n            \"@id\": \"\/ota-yhteytta\/#sso\/breadcrumb-list\/9107\",\n            \"@context\": \"https:\/\/schema.org\",\n            \"@type\": \"BreadcrumbList\",\n            \"url\": \"https:\/\/tu11.fi\/taekwondo\/es\/ota-yhteytta\/\",\n            \"itemListElement\": [\n                {\n                    \"@context\": \"https:\/\/schema.org\",\n                    \"@type\": \"ListItem\",\n                    \"position\": 1,\n                    \"name\": \"Home\",\n                    \"item\": \"https:\/\/tu11.fi\/taekwondo\/es\/\"\n                },\n                {\n                    \"@context\": \"https:\/\/schema.org\",\n                    \"@type\": \"ListItem\",\n                    \"position\": 2,\n                    \"name\": \"Blog\",\n                    \"item\": \"https:\/\/tu11.fi\/taekwondo\/\"\n                },\n                {\n                    \"@context\": \"https:\/\/schema.org\",\n                    \"@type\": \"ListItem\",\n                    \"position\": 3,\n                    \"name\": \"Ota yhteytt&auml;   Taekwondourheilijat 2011 | Taekwondoa parhaassa...\",\n                    \"item\": \"https:\/\/tu11.fi\/taekwondo\/es\/ota-yhteytta\/\"\n                }\n            ]\n        }\n    ]\n}<\/script>\n","<meta name=\"wpsso-end\" content=\"wpsso structured data end\"\/>\n","<meta name=\"wpsso-cached\" content=\"no cache for tu11.fi\/taekwondo\"\/>\n"],"json":[{"@context":"https:\/\/schema.org","@graph":[{"@id":"#sso\/knowledge-graph\/sports-team\/9107","@context":"https:\/\/schema.org","@type":"SportsTeam","mainEntityOfPage":"https:\/\/tu11.fi\/taekwondo\/es\/ota-yhteytta\/","url":"https:\/\/tu11.fi\/taekwondo\/es\/ota-yhteytta\/","sameAs":["https:\/\/tu11.fi\/taekwondo\/es\/?p=9107"],"name":"Ota yhteytt&auml;  &ndash; Taekwondourheilijat 2011 | Taekwondoa parhaassa...","alternateName":"Ota yhteytt&auml;  &ndash; Taekwondourheilijat 2011 | Taekwondoa parhaassa seurassa | Helsinki | Espoo | Vantaa","description":"Ota yhteytt&auml;! L&auml;het&auml; meille s&auml;hk&ouml;postia: info@taekwondourheilijat.fi Soita meille: 0451827290 K&auml;y itse tai l&auml;het&auml; postia: Ristipellontie 1 A, FI-00390 Helsinki","image":[{"@id":"https:\/\/tu11.fi\/taekwondo\/wp-content\/uploads\/2019\/02\/39803800731_f21525f68f_o_pt-1200x1200-cropped.jpg#sso\/image-object"},{"@id":"https:\/\/tu11.fi\/taekwondo\/wp-content\/uploads\/2019\/02\/39803800731_f21525f68f_o_pt-1200x900-cropped.jpg#sso\/image-object"},{"@id":"https:\/\/tu11.fi\/taekwondo\/wp-content\/uploads\/2019\/02\/39803800731_f21525f68f_o_pt-1200x675-cropped.jpg#sso\/image-object"}]},{"@id":"https:\/\/tu11.fi\/taekwondo\/wp-content\/uploads\/2019\/02\/39803800731_f21525f68f_o_pt-1200x1200-cropped.jpg#sso\/image-object","@context":"https:\/\/schema.org","@type":"ImageObject","url":"https:\/\/tu11.fi\/taekwondo\/wp-content\/uploads\/2019\/02\/39803800731_f21525f68f_o_pt-1200x1200-cropped.jpg","identifier":"9409-wpsso-schema-1x1","name":"39803800731_f21525f68f_o_pt  &ndash; Taekwondourheilijat 2011 |...","alternateName":"39803800731_f21525f68f_o_pt  &ndash; Taekwondourheilijat 2011 | Taekwondoa parhaassa seurassa | Helsinki | Espoo...","description":"Sin descripci&oacute;n.","encodingFormat":"image\/jpeg","uploadDate":"2019-02-24T16:21:04+00:00","width":[{"@id":"#sso\/qv-width-px-1200"}],"height":[{"@id":"#sso\/qv-height-px-1200"}]},{"@id":"#sso\/qv-width-px-1200","@context":"https:\/\/schema.org","@type":"QuantitativeValue","name":"Width","unitText":"px","unitCode":"E37","value":"1200"},{"@id":"#sso\/qv-height-px-1200","@context":"https:\/\/schema.org","@type":"QuantitativeValue","name":"Height","unitText":"px","unitCode":"E37","value":"1200"},{"@id":"https:\/\/tu11.fi\/taekwondo\/wp-content\/uploads\/2019\/02\/39803800731_f21525f68f_o_pt-1200x900-cropped.jpg#sso\/image-object","@context":"https:\/\/schema.org","@type":"ImageObject","url":"https:\/\/tu11.fi\/taekwondo\/wp-content\/uploads\/2019\/02\/39803800731_f21525f68f_o_pt-1200x900-cropped.jpg","identifier":"9409-wpsso-schema-4x3","name":"39803800731_f21525f68f_o_pt  &ndash; Taekwondourheilijat 2011 |...","alternateName":"39803800731_f21525f68f_o_pt  &ndash; Taekwondourheilijat 2011 | Taekwondoa parhaassa seurassa | Helsinki | Espoo...","description":"Sin descripci&oacute;n.","encodingFormat":"image\/jpeg","uploadDate":"2019-02-24T16:21:04+00:00","width":[{"@id":"#sso\/qv-width-px-1200"}],"height":[{"@id":"#sso\/qv-height-px-900"}]},{"@id":"#sso\/qv-height-px-900","@context":"https:\/\/schema.org","@type":"QuantitativeValue","name":"Height","unitText":"px","unitCode":"E37","value":"900"},{"@id":"https:\/\/tu11.fi\/taekwondo\/wp-content\/uploads\/2019\/02\/39803800731_f21525f68f_o_pt-1200x675-cropped.jpg#sso\/image-object","@context":"https:\/\/schema.org","@type":"ImageObject","url":"https:\/\/tu11.fi\/taekwondo\/wp-content\/uploads\/2019\/02\/39803800731_f21525f68f_o_pt-1200x675-cropped.jpg","identifier":"9409-wpsso-schema-16x9","name":"39803800731_f21525f68f_o_pt  &ndash; Taekwondourheilijat 2011 |...","alternateName":"39803800731_f21525f68f_o_pt  &ndash; Taekwondourheilijat 2011 | Taekwondoa parhaassa seurassa | Helsinki | Espoo...","description":"Sin descripci&oacute;n.","encodingFormat":"image\/jpeg","uploadDate":"2019-02-24T16:21:04+00:00","width":[{"@id":"#sso\/qv-width-px-1200"}],"height":[{"@id":"#sso\/qv-height-px-675"}]},{"@id":"#sso\/qv-height-px-675","@context":"https:\/\/schema.org","@type":"QuantitativeValue","name":"Height","unitText":"px","unitCode":"E37","value":"675"},{"@id":"\/ota-yhteytta\/#sso\/breadcrumb-list\/9107","@context":"https:\/\/schema.org","@type":"BreadcrumbList","url":"https:\/\/tu11.fi\/taekwondo\/es\/ota-yhteytta\/","itemListElement":[{"@context":"https:\/\/schema.org","@type":"ListItem","position":1,"name":"Home","item":"https:\/\/tu11.fi\/taekwondo\/es\/"},{"@context":"https:\/\/schema.org","@type":"ListItem","position":2,"name":"Blog","item":"https:\/\/tu11.fi\/taekwondo\/"},{"@context":"https:\/\/schema.org","@type":"ListItem","position":3,"name":"Ota yhteytt&auml;   Taekwondourheilijat 2011 | Taekwondoa parhaassa...","item":"https:\/\/tu11.fi\/taekwondo\/es\/ota-yhteytta\/"}]}]}],"parts":[["meta","name","generator","content","WPSSO Core 21.12.0\/L*","generator:1"],["meta","name","generator","content","WPSSO RAR 3.3.0\/S","generator:2"],["meta","name","generator","content","WPSSO REST 3.3.0\/S","generator:3"],["meta","name","generator","content","WPSSO BC 5.5.0\/S","generator:4"],["meta","name","generator","content","WPSSO FAQ 7.1.0\/S","generator:5"],["meta","name","generator","content","WPSSO OPM 5.1.0\/S","generator:6"],["meta","name","generator","content","WPSSO SSM 3.4.0\/S","generator:7"],["meta","name","generator","content","WPSSO TIE 4.1.0\/S","generator:8"],["meta","name","generator","content","WPSSO UM 7.3.0\/S","generator:9"],["meta","name","generator","content","WPSSO UL 4.3.0\/S","generator:10"],["link","rel","shortlink","href","https:\/\/tu11.fi\/taekwondo\/es\/?p=9107",""],["meta","property","fb:app_id","content","966242223397117",""],["meta","property","og:time","content","2026-04-07T15:55:19+00:00",""],["meta","property","og:type","content","website",""],["meta","property","og:url","content","https:\/\/tu11.fi\/taekwondo\/es\/ota-yhteytta\/",""],["meta","property","og:locale","content","es_ES",""],["meta","property","og:site_name","content","Taekwondourheilijat 2011 | Taekwondoa parhaassa seurassa | Helsinki | Espoo | Vantaa",""],["meta","property","og:title","content","Ota yhteytt&auml;  &ndash; Taekwondourheilijat 2011 | Taekwondoa parhaassa...",""],["meta","property","og:description","content","Ota yhteytt&auml;! L&auml;het&auml; meille s&auml;hk&ouml;postia: info@taekwondourheilijat.fi Soita meille: 0451827290 K&auml;y itse tai l&auml;het&auml; postia: Ristipellontie 1 A, FI-00390 Helsinki",""],["meta","property","og:updated_time","content","2026-02-03T21:58:02+00:00",""],["meta","property","og:image:secure_url","content","https:\/\/tu11.fi\/taekwondo\/wp-content\/uploads\/2019\/02\/39803800731_f21525f68f_o_pt-1200x630-cropped.jpg","og:image:1"],["meta","property","og:image:url","content","https:\/\/tu11.fi\/taekwondo\/wp-content\/uploads\/2019\/02\/39803800731_f21525f68f_o_pt-1200x630-cropped.jpg","og:image:1"],["meta","property","og:image","content","https:\/\/tu11.fi\/taekwondo\/wp-content\/uploads\/2019\/02\/39803800731_f21525f68f_o_pt-1200x630-cropped.jpg","og:image:1"],["meta","property","og:image:width","content","1200","og:image:1"],["meta","property","og:image:height","content","630","og:image:1"],["meta","property","og:image:cropped","content","true","og:image:1"],["meta","property","og:image:id","content","9409","og:image:1"],["meta","property","og:image:size_name","content","wpsso-opengraph","og:image:1"],["meta","name","schema:language","content","es_ES",""],["meta","name","schema:type:id","content","sports.team",""],["meta","name","schema:type:url","content","https:\/\/schema.org\/SportsTeam",""],["meta","name","schema:type:context","content","https:\/\/schema.org",""],["meta","name","schema:type:name","content","SportsTeam",""],["meta","name","schema:type:path","content","schema.org\/SportsTeam",""],["meta","property","article:author:name","content","Sampo Pajulampi",""],["meta","property","article:reading_mins","content","0",""],["meta","name","twitter:domain","content","tu11.fi",""],["meta","name","twitter:site","content","@taekwondourh",""],["meta","name","twitter:title","content","Ota yhteytt&auml;  &ndash; Taekwondourheilijat 2011 | Taekwondoa parhaassa...",""],["meta","name","twitter:description","content","Ota yhteytt&auml;! L&auml;het&auml; meille s&auml;hk&ouml;postia: info@taekwondourheilijat.fi Soita meille: 0451827290 K&auml;y itse tai l&auml;het&auml; postia: Ristipellontie 1 A, FI-00390 Helsinki",""],["meta","name","twitter:card","content","summary_large_image",""],["meta","name","twitter:image","content","https:\/\/tu11.fi\/taekwondo\/wp-content\/uploads\/2019\/02\/39803800731_f21525f68f_o_pt-1200x630-cropped.jpg?p=9107",""],["meta","name","thumbnail","content","https:\/\/tu11.fi\/taekwondo\/wp-content\/uploads\/2019\/02\/39803800731_f21525f68f_o_pt-1200x630-cropped.jpg",""]]},"_links":{"self":[{"href":"https:\/\/tu11.fi\/taekwondo\/es\/wp-json\/wp\/v2\/pages\/9107","targetHints":{"allow":["GET"]}}],"collection":[{"href":"https:\/\/tu11.fi\/taekwondo\/es\/wp-json\/wp\/v2\/pages"}],"about":[{"href":"https:\/\/tu11.fi\/taekwondo\/es\/wp-json\/wp\/v2\/types\/page"}],"author":[{"embeddable":true,"href":"https:\/\/tu11.fi\/taekwondo\/es\/wp-json\/wp\/v2\/users\/2"}],"replies":[{"embeddable":true,"href":"https:\/\/tu11.fi\/taekwondo\/es\/wp-json\/wp\/v2\/comments?post=9107"}],"version-history":[{"count":6,"href":"https:\/\/tu11.fi\/taekwondo\/es\/wp-json\/wp\/v2\/pages\/9107\/revisions"}],"predecessor-version":[{"id":51015,"href":"https:\/\/tu11.fi\/taekwondo\/es\/wp-json\/wp\/v2\/pages\/9107\/revisions\/51015"}],"wp:featuredmedia":[{"embeddable":true,"href":"https:\/\/tu11.fi\/taekwondo\/es\/wp-json\/wp\/v2\/media\/9409"}],"wp:attachment":[{"href":"https:\/\/tu11.fi\/taekwondo\/es\/wp-json\/wp\/v2\/media?parent=9107"}],"curies":[{"name":"wp","href":"https:\/\/api.w.org\/{rel}","templated":true}]}}