{"id":10807,"date":"2020-02-12T15:06:14","date_gmt":"2020-02-12T15:06:14","guid":{"rendered":"https:\/\/tu11.fi\/taekwondo\/?page_id=10807"},"modified":"2025-12-12T06:53:40","modified_gmt":"2025-12-12T06:53:40","slug":"kuidas_voistlusi","status":"publish","type":"page","link":"https:\/\/tu11.fi\/taekwondo\/et\/miten_kilpailuihin\/","title":{"rendered":"Kuidas v\u00f5istlustel osaleda ja mida on vaja?"},"content":{"rendered":"<h4>P\u00f5hit\u00f5ed<\/h4>\n<ul>\n<li>V\u00f5istlustreeningutest ja selle alustamisest saad lugeda treeneriblogist: <a href=\"https:\/\/tu11.fi\/taekwondo\/et\/2020\/09\/voistleja-tee-esimesed-sammud-taekwondo-sportlastes\/\">V\u00f5istleja tee esimesed sammud Taekwondo sportlastes<\/a><\/li>\n<li>K\u00f5ikidel v\u00f5istlustel on sarjad jagatud vanuse, suuruse ja oskustaseme j\u00e4rgi. Sinu vastased on seega sinuga samal joonel, nii et selles osas ei tohiks m\u00e4ngudes osalemine stressi tekitada.<\/li>\n<li>V\u00f5istlused maksavad olenevalt \u00fcritusest umbes 35\u20ac ja klubi esitab osalejatele p\u00e4rast arve.<\/li>\n<li>V\u00f5istlusele registreerute saates meili <a href=\"mailto:info@tu11.fi\" data-wplink-edit=\"true\">info@ttu11.fi<\/a> v\u00f5i treeningu ajal enda treenerile. Alla 18-aastastel peab v\u00f5istlemiseks olema vanema n\u00f5usolek. Registreerimise t\u00e4htaeg on alati umbes n\u00e4dal enne m\u00e4nge, seega palume end aegsasti registreerida.<\/li>\n<li>K\u00f5ikidel v\u00f5istlustel on vaja Soome Taekwondo Liidu litsentsi, mille saad tellida liidu kodulehelt. Sul peab olema ka kindlustus. Kui teie enda kindlustus taekwondo v\u00f5istlust ei kata, saate kindlustuse tellida ka litsentsi ostes.<\/li>\n<li>Mat\u0161ides on vaja enda kaitset (kiiver, suukaitsmed, tikukindad, k\u00e4e-, s\u00e4\u00e4re-, alumised ja elektroonilised jalakaitsmed). Vajadusel saab osa katteid klubist laenutada.<\/li>\n<li>V\u00f5istlustel on alati treener\/treenerid, kes r\u00e4\u00e4givad, mis v\u00f5istlustel toimub ja juhendavad sind v\u00f5istlusp\u00e4eval.<\/li>\n<\/ul>\n<h4>Kuidas ma saan kaitset?<\/h4>\n<p>Valvurid tagavad turvalise treeningu ja v\u00f5istluse. Taekwondo varustuses on lisaks \u00fclikonnale ka mat\u0161itreeninguteks vajalikud kaitsed. K\u00f5ikides r\u00fchmades harjutame paarilisega mat\u0161itehnikat v\u00e4hemalt kord kuus, edasi r\u00fchmades aga sagedamini. Hea kaitse tagab turvalise treeningu. Klubist saab alati laenata padjakesi, kuid soovitame tungivalt ise osta. Nii on suurus garanteeritult \u00f5ige ja ei pea kartma higiseid \u00fcllatusi eelmistest treeningutest. Laenukaitsed on samuti kasutusel olnud aastaid ega ole enam nagu uued. J\u00f5usaalitarvete pood <a href=\"http:\/\/www.prodobok.fi\">Pro Dobok Soome<\/a> pakub huvilistele soodushinnaga kaitsepakette.<\/p>\n<p>Tellimislehe saate vormihoidjalt. Tagasta vorm letti ja toome kaitse otse Su koolitusele!<\/p>\n<h5>Harrastaja kaitse p\u00f5hipakett \u2013 45 \u20ac<\/h5>\n<p>Sobib p\u00f5hir\u00fchmades k\u00e4ivale harrastajale<br \/>\nPakett sisaldab k\u00e4e- ja s\u00e4\u00e4rekaitsmeid.<\/p>\n<h5>Kaitsepakett aktiivsele harrastajale \u2013 109 \u20ac<\/h5>\n<p>Sobib harrastajatele, kes osalevad amat\u00f6\u00f6rmat\u0161idel ja sisev\u00f5istlustel<br \/>\nPakett sisaldab k\u00e4ekaitseid, s\u00e4\u00e4rekaitsmeid, hambakaitsmeid, alumisi kaitsmeid ja tikukiivrit.<\/p>\n<h5>V\u00f5istlussportlase kaitsepakett \u2013 180 \u20ac<\/h5>\n<p>Sobib neile, kes k\u00e4ivad v\u00f5i sihivad v\u00f5istlustreeningut ja v\u00f5istlusi.Paketis on k\u00e4e-, s\u00e4\u00e4re-, hamba-, alakaitsmed, mat\u0161ikiiver, tikukindad ja soomus.<\/p>\n<p>V\u00f5istlustel on vaja ka elektroonilisi jalakaitsmeid, mille m\u00fc\u00fcgiluba Pro Dobok Finlandil ei ole.<\/p>","protected":false},"excerpt":{"rendered":"<p>Perusasiat Kilpaharjoittelusta ja\u00a0 sen aloittamisesta voit lukea valmennusblogista: Kilpailijan polun ensiaskeleet Taekwondourheilijoissa Kaikissa kilpailuissa sarjat on jaettu i\u00e4n, koon ja taitotason mukaan. Vastustajasi ovat siis samalla viivalla kuin sin\u00e4, joten t\u00e4ss\u00e4 suhteessa kisoihin osallistumista ei kannata j\u00e4nnitt\u00e4\u00e4. Kilpailut maksavat noin 35\u20ac tapahtumasta riippuen, ja seura laskuttaa ne j\u00e4lkeenp\u00e4in osallistujilta. Kisoihin ilmoittaudut l\u00e4hett\u00e4m\u00e4ll\u00e4 s\u00e4hk\u00f6postia info@ttu11.fi tai&hellip;<\/p>","protected":false},"author":2,"featured_media":7626,"parent":0,"menu_order":0,"comment_status":"closed","ping_status":"closed","template":"templates\/template-cover.php","meta":{"footnotes":""},"class_list":["post-10807","page","type-page","status-publish","has-post-thumbnail","hentry"],"yoast_head":"<!-- This site is optimized with the Yoast SEO plugin v27.2 - https:\/\/yoast.com\/product\/yoast-seo-wordpress\/ -->\n<title>Miten osallistun kilpailuihin ja mit\u00e4 tarvitaan? - Taekwondourheilijat 2011 | Taekwondoa parhaassa seurassa | Helsinki | Espoo | Vantaa<\/title>\n<meta name=\"description\" content=\"TU11 tarjoaa innostavan ymp\u00e4rist\u00f6n harjoitella taekwondoa kaikenik\u00e4isille ja -tasoisille, aloittelijoista huippu-urheilijoihin. Valmennus on systemaattista ja valmentajat maamme parhaimmistoa. Aloita taekwondo nyt!\" \/>\n<meta name=\"robots\" content=\"index, follow, max-snippet:-1, max-image-preview:large, max-video-preview:-1\" \/>\n<link rel=\"canonical\" href=\"http:\/\/tu11.fi\/taekwondo\/et\/kuidas_voistlusi\/\" \/>\n<script type=\"application\/ld+json\" class=\"yoast-schema-graph\">{\"@context\":\"https:\/\/schema.org\",\"@graph\":[]}<\/script>\n<!-- \/ Yoast SEO plugin. -->","yoast_head_json":{"title":"Miten osallistun kilpailuihin ja mit\u00e4 tarvitaan? - Taekwondourheilijat 2011 | Taekwondoa parhaassa seurassa | Helsinki | Espoo | Vantaa","description":"TU11 pakub inspireerivat keskkonda taekwondo harjutamiseks igas vanuses ja tasemel, algajatest tippsportlasteni. Treeningud on s\u00fcsteemsed ja treenerid on meie riigi parimad. Alusta taekwondoga kohe!","robots":{"index":"index","follow":"follow","max-snippet":"max-snippet:-1","max-image-preview":"max-image-preview:large","max-video-preview":"max-video-preview:-1"},"canonical":"http:\/\/tu11.fi\/taekwondo\/et\/kuidas_voistlusi\/","schema":{"@context":"https:\/\/schema.org","@graph":[]}},"amp_enabled":true,"head":{"html":["<meta name=\"wpsso-begin\" content=\"wpsso structured data begin\"\/>\n","<!-- generator:1 --><meta name=\"generator\" content=\"WPSSO Core 21.12.0\/L*\"\/>\n","<!-- generator:2 --><meta name=\"generator\" content=\"WPSSO RAR 3.3.0\/S\"\/>\n","<!-- generator:3 --><meta name=\"generator\" content=\"WPSSO REST 3.3.0\/S\"\/>\n","<!-- generator:4 --><meta name=\"generator\" content=\"WPSSO BC 5.5.0\/S\"\/>\n","<!-- generator:5 --><meta name=\"generator\" content=\"WPSSO FAQ 7.1.0\/S\"\/>\n","<!-- generator:6 --><meta name=\"generator\" content=\"WPSSO OPM 5.1.0\/S\"\/>\n","<!-- generator:7 --><meta name=\"generator\" content=\"WPSSO SSM 3.4.0\/S\"\/>\n","<!-- generator:8 --><meta name=\"generator\" content=\"WPSSO TIE 4.1.0\/S\"\/>\n","<!-- generator:9 --><meta name=\"generator\" content=\"WPSSO UM 7.3.0\/S\"\/>\n","<!-- generator:10 --><meta name=\"generator\" content=\"WPSSO UL 4.3.0\/S\"\/>\n","<link rel=\"shortlink\" href=\"https:\/\/tu11.fi\/taekwondo\/et\/?p=10807\"\/>\n","<meta property=\"fb:app_id\" content=\"966242223397117\"\/>\n","<meta property=\"og:type\" content=\"website\"\/>\n","<meta property=\"og:url\" content=\"https:\/\/tu11.fi\/taekwondo\/et\/miten_kilpailuihin\/\"\/>\n","<meta property=\"og:locale\" content=\"en_US\"\/>\n","<meta property=\"og:site_name\" content=\"Taekwondourheilijat 2011 | Taekwondoa parhaassa seurassa | Helsinki | Espoo | Vantaa\"\/>\n","<meta property=\"og:title\" content=\"Miten osallistun kilpailuihin ja mit&auml; tarvitaan?  &ndash;...\"\/>\n","<meta property=\"og:description\" content=\"TU11 tarjoaa innostavan ymp&auml;rist&ouml;n harjoitella taekwondoa kaikenik&auml;isille ja -tasoisille, aloittelijoista huippu-urheilijoihin. Valmennus on systemaattista ja valmentajat maamme parhaimmistoa. Aloita taekwondo nyt!\"\/>\n","<meta property=\"og:updated_time\" content=\"2025-12-12T06:53:40+00:00\"\/>\n","<!-- og:image:1 --><meta property=\"og:image\" content=\"https:\/\/tu11.fi\/taekwondo\/wp-content\/uploads\/2018\/03\/28025215929_0c3ec4cc10_o-1200x630-cropped.jpg\"\/>\n","<!-- og:image:1 --><meta property=\"og:image:width\" content=\"1200\"\/>\n","<!-- og:image:1 --><meta property=\"og:image:height\" content=\"630\"\/>\n","<meta name=\"twitter:domain\" content=\"tu11.fi\"\/>\n","<meta name=\"twitter:site\" content=\"@taekwondourh\"\/>\n","<meta name=\"twitter:title\" content=\"Miten osallistun kilpailuihin ja mit&auml; tarvitaan?  &ndash;...\"\/>\n","<meta name=\"twitter:description\" content=\"TU11 tarjoaa innostavan ymp&auml;rist&ouml;n harjoitella taekwondoa kaikenik&auml;isille ja -tasoisille, aloittelijoista huippu-urheilijoihin. Valmennus on systemaattista ja valmentajat maamme parhaimmistoa...\"\/>\n","<meta name=\"twitter:card\" content=\"summary_large_image\"\/>\n","<meta name=\"twitter:image\" content=\"https:\/\/tu11.fi\/taekwondo\/wp-content\/uploads\/2018\/03\/28025215929_0c3ec4cc10_o-1200x630-cropped.jpg?p=10807\"\/>\n","<meta name=\"thumbnail\" content=\"https:\/\/tu11.fi\/taekwondo\/wp-content\/uploads\/2018\/03\/28025215929_0c3ec4cc10_o-1200x630-cropped.jpg\"\/>\n","<script type=\"application\/ld+json\" id=\"wpsso-schema-graph\">{\n    \"@context\": \"https:\/\/schema.org\",\n    \"@graph\": [\n        {\n            \"@id\": \"#sso\/knowledge-graph\/sports-team\/10807\",\n            \"@context\": \"https:\/\/schema.org\",\n            \"@type\": \"SportsTeam\",\n            \"mainEntityOfPage\": \"https:\/\/tu11.fi\/taekwondo\/et\/miten_kilpailuihin\/\",\n            \"url\": \"https:\/\/tu11.fi\/taekwondo\/et\/miten_kilpailuihin\/\",\n            \"sameAs\": [\n                \"https:\/\/tu11.fi\/taekwondo\/et\/?p=10807\"\n            ],\n            \"name\": \"Miten osallistun kilpailuihin ja mit&auml; tarvitaan?  &ndash;...\",\n            \"alternateName\": \"Miten osallistun kilpailuihin ja mit&auml; tarvitaan?  &ndash; Taekwondourheilijat 2011 | Taekwondoa parhaassa...\",\n            \"description\": \"TU11 tarjoaa innostavan ymp&auml;rist&ouml;n harjoitella taekwondoa kaikenik&auml;isille ja -tasoisille, aloittelijoista huippu-urheilijoihin. Valmennus on systemaattista ja valmentajat maamme parhaimmistoa. Aloita taekwondo nyt!\",\n            \"image\": [\n                {\n                    \"@id\": \"https:\/\/tu11.fi\/taekwondo\/wp-content\/uploads\/2018\/03\/28025215929_0c3ec4cc10_o-1200x1200-cropped.jpg#sso\/image-object\"\n                },\n                {\n                    \"@id\": \"https:\/\/tu11.fi\/taekwondo\/wp-content\/uploads\/2018\/03\/28025215929_0c3ec4cc10_o-1200x900-cropped.jpg#sso\/image-object\"\n                },\n                {\n                    \"@id\": \"https:\/\/tu11.fi\/taekwondo\/wp-content\/uploads\/2018\/03\/28025215929_0c3ec4cc10_o-1200x675-cropped.jpg#sso\/image-object\"\n                }\n            ]\n        },\n        {\n            \"@id\": \"https:\/\/tu11.fi\/taekwondo\/wp-content\/uploads\/2018\/03\/28025215929_0c3ec4cc10_o-1200x1200-cropped.jpg#sso\/image-object\",\n            \"@context\": \"https:\/\/schema.org\",\n            \"@type\": \"ImageObject\",\n            \"url\": \"https:\/\/tu11.fi\/taekwondo\/wp-content\/uploads\/2018\/03\/28025215929_0c3ec4cc10_o-1200x1200-cropped.jpg\",\n            \"identifier\": \"7626-wpsso-schema-1x1\",\n            \"name\": \"28025215929_0c3ec4cc10_o  &ndash; Taekwondourheilijat 2011 | Taekwondoa...\",\n            \"alternateName\": \"28025215929_0c3ec4cc10_o  &ndash; Taekwondourheilijat 2011 | Taekwondoa parhaassa seurassa | Helsinki | Espoo |...\",\n            \"description\": \"No Description.\",\n            \"encodingFormat\": \"image\/jpeg\",\n            \"uploadDate\": \"2018-03-31T08:27:58+00:00\",\n            \"width\": [\n                {\n                    \"@id\": \"#sso\/qv-width-px-1200\"\n                }\n            ],\n            \"height\": [\n                {\n                    \"@id\": \"#sso\/qv-height-px-1200\"\n                }\n            ]\n        },\n        {\n            \"@id\": \"#sso\/qv-width-px-1200\",\n            \"@context\": \"https:\/\/schema.org\",\n            \"@type\": \"QuantitativeValue\",\n            \"name\": \"Width\",\n            \"unitText\": \"px\",\n            \"unitCode\": \"E37\",\n            \"value\": \"1200\"\n        },\n        {\n            \"@id\": \"#sso\/qv-height-px-1200\",\n            \"@context\": \"https:\/\/schema.org\",\n            \"@type\": \"QuantitativeValue\",\n            \"name\": \"Height\",\n            \"unitText\": \"px\",\n            \"unitCode\": \"E37\",\n            \"value\": \"1200\"\n        },\n        {\n            \"@id\": \"https:\/\/tu11.fi\/taekwondo\/wp-content\/uploads\/2018\/03\/28025215929_0c3ec4cc10_o-1200x900-cropped.jpg#sso\/image-object\",\n            \"@context\": \"https:\/\/schema.org\",\n            \"@type\": \"ImageObject\",\n            \"url\": \"https:\/\/tu11.fi\/taekwondo\/wp-content\/uploads\/2018\/03\/28025215929_0c3ec4cc10_o-1200x900-cropped.jpg\",\n            \"identifier\": \"7626-wpsso-schema-4x3\",\n            \"name\": \"28025215929_0c3ec4cc10_o  &ndash; Taekwondourheilijat 2011 | Taekwondoa...\",\n            \"alternateName\": \"28025215929_0c3ec4cc10_o  &ndash; Taekwondourheilijat 2011 | Taekwondoa parhaassa seurassa | Helsinki | Espoo |...\",\n            \"description\": \"No Description.\",\n            \"encodingFormat\": \"image\/jpeg\",\n            \"uploadDate\": \"2018-03-31T08:27:58+00:00\",\n            \"width\": [\n                {\n                    \"@id\": \"#sso\/qv-width-px-1200\"\n                }\n            ],\n            \"height\": [\n                {\n                    \"@id\": \"#sso\/qv-height-px-900\"\n                }\n            ]\n        },\n        {\n            \"@id\": \"#sso\/qv-height-px-900\",\n            \"@context\": \"https:\/\/schema.org\",\n            \"@type\": \"QuantitativeValue\",\n            \"name\": \"Height\",\n            \"unitText\": \"px\",\n            \"unitCode\": \"E37\",\n            \"value\": \"900\"\n        },\n        {\n            \"@id\": \"https:\/\/tu11.fi\/taekwondo\/wp-content\/uploads\/2018\/03\/28025215929_0c3ec4cc10_o-1200x675-cropped.jpg#sso\/image-object\",\n            \"@context\": \"https:\/\/schema.org\",\n            \"@type\": \"ImageObject\",\n            \"url\": \"https:\/\/tu11.fi\/taekwondo\/wp-content\/uploads\/2018\/03\/28025215929_0c3ec4cc10_o-1200x675-cropped.jpg\",\n            \"identifier\": \"7626-wpsso-schema-16x9\",\n            \"name\": \"28025215929_0c3ec4cc10_o  &ndash; Taekwondourheilijat 2011 | Taekwondoa...\",\n            \"alternateName\": \"28025215929_0c3ec4cc10_o  &ndash; Taekwondourheilijat 2011 | Taekwondoa parhaassa seurassa | Helsinki | Espoo |...\",\n            \"description\": \"No Description.\",\n            \"encodingFormat\": \"image\/jpeg\",\n            \"uploadDate\": \"2018-03-31T08:27:58+00:00\",\n            \"width\": [\n                {\n                    \"@id\": \"#sso\/qv-width-px-1200\"\n                }\n            ],\n            \"height\": [\n                {\n                    \"@id\": \"#sso\/qv-height-px-675\"\n                }\n            ]\n        },\n        {\n            \"@id\": \"#sso\/qv-height-px-675\",\n            \"@context\": \"https:\/\/schema.org\",\n            \"@type\": \"QuantitativeValue\",\n            \"name\": \"Height\",\n            \"unitText\": \"px\",\n            \"unitCode\": \"E37\",\n            \"value\": \"675\"\n        },\n        {\n            \"@id\": \"\/miten_kilpailuihin\/#sso\/breadcrumb-list\/10807\",\n            \"@context\": \"https:\/\/schema.org\",\n            \"@type\": \"BreadcrumbList\",\n            \"url\": \"https:\/\/tu11.fi\/taekwondo\/et\/miten_kilpailuihin\/\",\n            \"itemListElement\": [\n                {\n                    \"@context\": \"https:\/\/schema.org\",\n                    \"@type\": \"ListItem\",\n                    \"position\": 1,\n                    \"name\": \"Home\",\n                    \"item\": \"https:\/\/tu11.fi\/taekwondo\/et\/\"\n                },\n                {\n                    \"@context\": \"https:\/\/schema.org\",\n                    \"@type\": \"ListItem\",\n                    \"position\": 2,\n                    \"name\": \"Blog\",\n                    \"item\": \"https:\/\/tu11.fi\/taekwondo\/\"\n                },\n                {\n                    \"@context\": \"https:\/\/schema.org\",\n                    \"@type\": \"ListItem\",\n                    \"position\": 3,\n                    \"name\": \"Miten osallistun kilpailuihin ja mit&auml; tarvitaan?...\",\n                    \"item\": \"https:\/\/tu11.fi\/taekwondo\/et\/miten_kilpailuihin\/\"\n                }\n            ]\n        }\n    ]\n}<\/script>\n","<meta name=\"wpsso-end\" content=\"wpsso structured data end\"\/>\n","<meta name=\"wpsso-cached\" content=\"no cache for tu11.fi\/taekwondo\"\/>\n"],"json":[{"@context":"https:\/\/schema.org","@graph":[{"@id":"#sso\/knowledge-graph\/sports-team\/10807","@context":"https:\/\/schema.org","@type":"SportsTeam","mainEntityOfPage":"https:\/\/tu11.fi\/taekwondo\/et\/miten_kilpailuihin\/","url":"https:\/\/tu11.fi\/taekwondo\/et\/miten_kilpailuihin\/","sameAs":["https:\/\/tu11.fi\/taekwondo\/et\/?p=10807"],"name":"Miten osallistun kilpailuihin ja mit&auml; tarvitaan?  &ndash;...","alternateName":"Miten osallistun kilpailuihin ja mit&auml; tarvitaan?  &ndash; Taekwondourheilijat 2011 | Taekwondoa parhaassa...","description":"TU11 tarjoaa innostavan ymp&auml;rist&ouml;n harjoitella taekwondoa kaikenik&auml;isille ja -tasoisille, aloittelijoista huippu-urheilijoihin. Valmennus on systemaattista ja valmentajat maamme parhaimmistoa. Aloita taekwondo nyt!","image":[{"@id":"https:\/\/tu11.fi\/taekwondo\/wp-content\/uploads\/2018\/03\/28025215929_0c3ec4cc10_o-1200x1200-cropped.jpg#sso\/image-object"},{"@id":"https:\/\/tu11.fi\/taekwondo\/wp-content\/uploads\/2018\/03\/28025215929_0c3ec4cc10_o-1200x900-cropped.jpg#sso\/image-object"},{"@id":"https:\/\/tu11.fi\/taekwondo\/wp-content\/uploads\/2018\/03\/28025215929_0c3ec4cc10_o-1200x675-cropped.jpg#sso\/image-object"}]},{"@id":"https:\/\/tu11.fi\/taekwondo\/wp-content\/uploads\/2018\/03\/28025215929_0c3ec4cc10_o-1200x1200-cropped.jpg#sso\/image-object","@context":"https:\/\/schema.org","@type":"ImageObject","url":"https:\/\/tu11.fi\/taekwondo\/wp-content\/uploads\/2018\/03\/28025215929_0c3ec4cc10_o-1200x1200-cropped.jpg","identifier":"7626-wpsso-schema-1x1","name":"28025215929_0c3ec4cc10_o  &ndash; Taekwondourheilijat 2011 | Taekwondoa...","alternateName":"28025215929_0c3ec4cc10_o  &ndash; Taekwondourheilijat 2011 | Taekwondoa parhaassa seurassa | Helsinki | Espoo |...","description":"No Description.","encodingFormat":"image\/jpeg","uploadDate":"2018-03-31T08:27:58+00:00","width":[{"@id":"#sso\/qv-width-px-1200"}],"height":[{"@id":"#sso\/qv-height-px-1200"}]},{"@id":"#sso\/qv-width-px-1200","@context":"https:\/\/schema.org","@type":"QuantitativeValue","name":"Width","unitText":"px","unitCode":"E37","value":"1200"},{"@id":"#sso\/qv-height-px-1200","@context":"https:\/\/schema.org","@type":"QuantitativeValue","name":"Height","unitText":"px","unitCode":"E37","value":"1200"},{"@id":"https:\/\/tu11.fi\/taekwondo\/wp-content\/uploads\/2018\/03\/28025215929_0c3ec4cc10_o-1200x900-cropped.jpg#sso\/image-object","@context":"https:\/\/schema.org","@type":"ImageObject","url":"https:\/\/tu11.fi\/taekwondo\/wp-content\/uploads\/2018\/03\/28025215929_0c3ec4cc10_o-1200x900-cropped.jpg","identifier":"7626-wpsso-schema-4x3","name":"28025215929_0c3ec4cc10_o  &ndash; Taekwondourheilijat 2011 | Taekwondoa...","alternateName":"28025215929_0c3ec4cc10_o  &ndash; Taekwondourheilijat 2011 | Taekwondoa parhaassa seurassa | Helsinki | Espoo |...","description":"No Description.","encodingFormat":"image\/jpeg","uploadDate":"2018-03-31T08:27:58+00:00","width":[{"@id":"#sso\/qv-width-px-1200"}],"height":[{"@id":"#sso\/qv-height-px-900"}]},{"@id":"#sso\/qv-height-px-900","@context":"https:\/\/schema.org","@type":"QuantitativeValue","name":"Height","unitText":"px","unitCode":"E37","value":"900"},{"@id":"https:\/\/tu11.fi\/taekwondo\/wp-content\/uploads\/2018\/03\/28025215929_0c3ec4cc10_o-1200x675-cropped.jpg#sso\/image-object","@context":"https:\/\/schema.org","@type":"ImageObject","url":"https:\/\/tu11.fi\/taekwondo\/wp-content\/uploads\/2018\/03\/28025215929_0c3ec4cc10_o-1200x675-cropped.jpg","identifier":"7626-wpsso-schema-16x9","name":"28025215929_0c3ec4cc10_o  &ndash; Taekwondourheilijat 2011 | Taekwondoa...","alternateName":"28025215929_0c3ec4cc10_o  &ndash; Taekwondourheilijat 2011 | Taekwondoa parhaassa seurassa | Helsinki | Espoo |...","description":"No Description.","encodingFormat":"image\/jpeg","uploadDate":"2018-03-31T08:27:58+00:00","width":[{"@id":"#sso\/qv-width-px-1200"}],"height":[{"@id":"#sso\/qv-height-px-675"}]},{"@id":"#sso\/qv-height-px-675","@context":"https:\/\/schema.org","@type":"QuantitativeValue","name":"Height","unitText":"px","unitCode":"E37","value":"675"},{"@id":"\/miten_kilpailuihin\/#sso\/breadcrumb-list\/10807","@context":"https:\/\/schema.org","@type":"BreadcrumbList","url":"https:\/\/tu11.fi\/taekwondo\/et\/miten_kilpailuihin\/","itemListElement":[{"@context":"https:\/\/schema.org","@type":"ListItem","position":1,"name":"Home","item":"https:\/\/tu11.fi\/taekwondo\/et\/"},{"@context":"https:\/\/schema.org","@type":"ListItem","position":2,"name":"Blog","item":"https:\/\/tu11.fi\/taekwondo\/"},{"@context":"https:\/\/schema.org","@type":"ListItem","position":3,"name":"Miten osallistun kilpailuihin ja mit&auml; tarvitaan?...","item":"https:\/\/tu11.fi\/taekwondo\/et\/miten_kilpailuihin\/"}]}]}],"parts":[["meta","name","generator","content","WPSSO Core 21.12.0\/L*","generator:1"],["meta","name","generator","content","WPSSO RAR 3.3.0\/S","generator:2"],["meta","name","generator","content","WPSSO REST 3.3.0\/S","generator:3"],["meta","name","generator","content","WPSSO BC 5.5.0\/S","generator:4"],["meta","name","generator","content","WPSSO FAQ 7.1.0\/S","generator:5"],["meta","name","generator","content","WPSSO OPM 5.1.0\/S","generator:6"],["meta","name","generator","content","WPSSO SSM 3.4.0\/S","generator:7"],["meta","name","generator","content","WPSSO TIE 4.1.0\/S","generator:8"],["meta","name","generator","content","WPSSO UM 7.3.0\/S","generator:9"],["meta","name","generator","content","WPSSO UL 4.3.0\/S","generator:10"],["link","rel","shortlink","href","https:\/\/tu11.fi\/taekwondo\/et\/?p=10807",""],["meta","property","fb:app_id","content","966242223397117",""],["meta","property","og:time","content","2026-04-17T09:22:17+00:00",""],["meta","property","og:type","content","website",""],["meta","property","og:url","content","https:\/\/tu11.fi\/taekwondo\/et\/miten_kilpailuihin\/",""],["meta","property","og:locale","content","en_US",""],["meta","property","og:site_name","content","Taekwondourheilijat 2011 | Taekwondoa parhaassa seurassa | Helsinki | Espoo | Vantaa",""],["meta","property","og:title","content","Miten osallistun kilpailuihin ja mit&auml; tarvitaan?  &ndash;...",""],["meta","property","og:description","content","TU11 tarjoaa innostavan ymp&auml;rist&ouml;n harjoitella taekwondoa kaikenik&auml;isille ja -tasoisille, aloittelijoista huippu-urheilijoihin. Valmennus on systemaattista ja valmentajat maamme parhaimmistoa. Aloita taekwondo nyt!",""],["meta","property","og:updated_time","content","2025-12-12T06:53:40+00:00",""],["meta","property","og:image:secure_url","content","https:\/\/tu11.fi\/taekwondo\/wp-content\/uploads\/2018\/03\/28025215929_0c3ec4cc10_o-1200x630-cropped.jpg","og:image:1"],["meta","property","og:image:url","content","https:\/\/tu11.fi\/taekwondo\/wp-content\/uploads\/2018\/03\/28025215929_0c3ec4cc10_o-1200x630-cropped.jpg","og:image:1"],["meta","property","og:image","content","https:\/\/tu11.fi\/taekwondo\/wp-content\/uploads\/2018\/03\/28025215929_0c3ec4cc10_o-1200x630-cropped.jpg","og:image:1"],["meta","property","og:image:width","content","1200","og:image:1"],["meta","property","og:image:height","content","630","og:image:1"],["meta","property","og:image:cropped","content","true","og:image:1"],["meta","property","og:image:id","content","7626","og:image:1"],["meta","property","og:image:size_name","content","wpsso-opengraph","og:image:1"],["meta","name","schema:language","content","et",""],["meta","name","schema:type:id","content","sports.team",""],["meta","name","schema:type:url","content","https:\/\/schema.org\/SportsTeam",""],["meta","name","schema:type:context","content","https:\/\/schema.org",""],["meta","name","schema:type:name","content","SportsTeam",""],["meta","name","schema:type:path","content","schema.org\/SportsTeam",""],["meta","property","article:author:name","content","Sampo Pajulampi",""],["meta","property","article:reading_mins","content","2",""],["meta","name","twitter:domain","content","tu11.fi",""],["meta","name","twitter:site","content","@taekwondourh",""],["meta","name","twitter:title","content","Miten osallistun kilpailuihin ja mit&auml; tarvitaan?  &ndash;...",""],["meta","name","twitter:description","content","TU11 tarjoaa innostavan ymp&auml;rist&ouml;n harjoitella taekwondoa kaikenik&auml;isille ja -tasoisille, aloittelijoista huippu-urheilijoihin. Valmennus on systemaattista ja valmentajat maamme parhaimmistoa...",""],["meta","name","twitter:card","content","summary_large_image",""],["meta","name","twitter:image","content","https:\/\/tu11.fi\/taekwondo\/wp-content\/uploads\/2018\/03\/28025215929_0c3ec4cc10_o-1200x630-cropped.jpg?p=10807",""],["meta","name","thumbnail","content","https:\/\/tu11.fi\/taekwondo\/wp-content\/uploads\/2018\/03\/28025215929_0c3ec4cc10_o-1200x630-cropped.jpg",""]]},"_links":{"self":[{"href":"https:\/\/tu11.fi\/taekwondo\/et\/wp-json\/wp\/v2\/pages\/10807","targetHints":{"allow":["GET"]}}],"collection":[{"href":"https:\/\/tu11.fi\/taekwondo\/et\/wp-json\/wp\/v2\/pages"}],"about":[{"href":"https:\/\/tu11.fi\/taekwondo\/et\/wp-json\/wp\/v2\/types\/page"}],"author":[{"embeddable":true,"href":"https:\/\/tu11.fi\/taekwondo\/et\/wp-json\/wp\/v2\/users\/2"}],"replies":[{"embeddable":true,"href":"https:\/\/tu11.fi\/taekwondo\/et\/wp-json\/wp\/v2\/comments?post=10807"}],"version-history":[{"count":2,"href":"https:\/\/tu11.fi\/taekwondo\/et\/wp-json\/wp\/v2\/pages\/10807\/revisions"}],"predecessor-version":[{"id":50676,"href":"https:\/\/tu11.fi\/taekwondo\/et\/wp-json\/wp\/v2\/pages\/10807\/revisions\/50676"}],"wp:featuredmedia":[{"embeddable":true,"href":"https:\/\/tu11.fi\/taekwondo\/et\/wp-json\/wp\/v2\/media\/7626"}],"wp:attachment":[{"href":"https:\/\/tu11.fi\/taekwondo\/et\/wp-json\/wp\/v2\/media?parent=10807"}],"curies":[{"name":"wp","href":"https:\/\/api.w.org\/{rel}","templated":true}]}}