{"id":13147,"date":"2020-09-10T06:38:41","date_gmt":"2020-09-10T06:38:41","guid":{"rendered":"https:\/\/tu11.fi\/taekwondo\/?page_id=13147"},"modified":"2024-04-16T11:34:41","modified_gmt":"2024-04-16T11:34:41","slug":"start-taekwondo-now_kooliopilased","status":"publish","type":"page","link":"https:\/\/tu11.fi\/taekwondo\/et\/aloita-taekwondo-nyt_koululaiset\/","title":{"rendered":"ALUSTA TAEKWONDO KOHE!"},"content":{"rendered":"<h3><a id=\"aloita\"><\/a>NII ALUSTATE\u00a0<\/h3>\n<h5>1. Vaata \u00fcle oma algajate grupi treeninguajad ja otsusta, kas alustad otse algajate grupis v\u00f5i osaled tasuta algkursusel.<\/h5>\n<h5><strong>Taekwondo sportlastel saab taekwondot proovida 2 n\u00e4dalat ilma kohustusteta!<br \/><br \/><\/strong><\/h5>\n<p><a href=\"https:\/\/tu11.fi\/taekwondo\/et\/tasuta-algkursused\/\">TASUTA ALUSKURSUSED &gt;&gt;<\/a><\/p>\n<p><a href=\"https:\/\/tu11.fi\/taekwondo\/et\/harjutusruhmad\/\">Element&quot;<\/a><\/p>\n<p><a href=\"https:\/\/tu11.fi\/taekwondo\/et\/harjutamise-ajad\/\">VAATA KOOLITUSKAVAA \u00bb<\/a><\/p>\n<p><a href=\"https:\/\/tu11.fi\/taekwondo\/et\/vota-uhendust\/\">V\u00d5TA \u00dcHENDUST&quot;<\/a><\/p>\n<h5>2. Paki trennikott ja suundu j\u00f5usaali<\/h5>\n<p>Taekwondoga alustamine on lihtne, piisab esimestele treeningutele ilmumisest. Paki kaasa siseharjutuseks sobivad riided ja joogipudel. Treening toimub paljajalu. Meie kontor on kergesti ligip\u00e4\u00e4setav aadressil Ristipellontie 14, 000390 Helsingi.<\/p>\n<p><a href=\"https:\/\/tu11.fi\/taekwondo\/et\/saal\/\">KUIDAS SINNA J\u00d5UDAN&gt;&gt;<\/a><\/p>\n<h5>3. Osale oma esimesel treeningul<\/h5>\n<p>J\u00f5usaali saabudes leiad tavaliselt m\u00f5ne meie instruktori teeninduslaua tagant. Kui instruktorid alles hakkavad harjutusi l\u00e4bi viima, minge julgelt kaugemale, juhendajad aitavad kohe, kui sobiv v\u00f5imalus tekib. Kui teie enda r\u00fchma tund algab, h\u00fcppa oma esimestele taekwondo harjutustele. Seoses esimese k\u00fclastusega saate t\u00e4itmiseks ka oma koolituslepingu ja algaja juhendi, mis v\u00f5tab kokku p\u00f5hiteabe ja koolituse alustamisega seotud praktilised asjad.\u00a0<\/p>\n<h5>4. Tutvuge spordiala ja treeningutega vabal ajal 2 n\u00e4dalat ilma kohustusteta!<\/h5>\n<p>P\u00e4rast esimesi harjutusi pole sa veel millelegi p\u00fchendunud. V\u00f5id j\u00e4rgmise kahe n\u00e4dala jooksul spordialaga tutvust teha ja m\u00f5elda, kas soovid hobiga j\u00e4tkata.<\/p>\n<p>Koolitustasu saate oma meilile kohe prooviperioodi alguses, kuid maksate selle alles siis, kui teate, et j\u00e4tkate hobiga. Arve makset\u00e4htaeg on \u00fchtlasi ka prooviperioodi viimane p\u00e4ev.<\/p>\n<p>Kas teil oli k\u00fcsimusi? Vaata l\u00e4hemalt allolevatelt linkidelt v\u00f5i <a href=\"https:\/\/tu11.fi\/taekwondo\/et\/vota-uhendust\/\">v\u00f5ta \u00fchendust,<\/a> meil on hea meel teile rohkem r\u00e4\u00e4kida. Alusta taekwondoga kohe!<\/p>\n<p><em><a id=\"voimassa\"><\/a>*Kood kehtib 2020. aasta l\u00f5puni.<\/em><\/p>\n<p><a href=\"https:\/\/tu11.fi\/taekwondo\/et\/tasuta-algkursused\/\" target=\"_blank\" rel=\"noreferrer noopener\"><strong>TASUTA ALGUSKURSUS LASTELE, T\u00c4ISKASVANUTELE JA NOORTELE! \u00bb<\/strong><\/a><\/p>\n<p><a href=\"https:\/\/tu11.fi\/taekwondo\/et\/kkk-kkk\/\">VAATA KORDUMA ESITATUD K\u00dcSIMUSID\u00bb<\/a><\/p>\n<p><a href=\"#taekwondo\">TUVI TAEKWONDO KUI SPORDI KOHTA \u00bb<\/a><\/p>\n<p><a href=\"https:\/\/tu11.fi\/taekwondo\/et\/vota-uhendust\/\">V\u00d5TA \u00dcHENDUST&quot;<\/a><\/p>\n<p><a href=\"https:\/\/tu11.fi\/taekwondo\/et\/#harrastus2\"><strong>TAEKWONDO KUI HOBI<\/strong><\/a><\/p>\n<p><a href=\"https:\/\/tu11.fi\/taekwondo\/et\/#urheilu2\"><strong>TAEKWONDO KUI V\u00d5ISTLUSPORT<\/strong><\/a><\/p>\n<p><a href=\"https:\/\/tu11.fi\/taekwondo\/et\/#seura2\"><strong>TU11 J\u00c4RGB<\/strong><\/a><\/p>\n<p><a href=\"#lapset\"><strong>TAEKWONDO LASTELE<\/strong><\/a><\/p>","protected":false},"excerpt":{"rendered":"<p><b>ALLOLEVA VORMI T\u00c4ITMISEL SAAD OMA ESIMESEL KOOLITUSPERIOODIL 10% SOODUSTUST! KUI TEIL JUBA KOOD ON, VAATA ALUSTAMISEKS JUHISED.<br \/>\n<a href=\"#koodi\">LOE ROHKEM ALL.<\/a><\/b><\/p>\n<p>Alustage ja alustage Taekwondoga kohe!<br \/>\nV\u00f5ite proovida 2 n\u00e4dalat ilma kohustusteta.<\/p>","protected":false},"author":2,"featured_media":12333,"parent":0,"menu_order":0,"comment_status":"closed","ping_status":"closed","template":"templates\/template-cover.php","meta":{"footnotes":""},"class_list":["post-13147","page","type-page","status-publish","has-post-thumbnail","hentry"],"yoast_head":"<!-- This site is optimized with the Yoast SEO plugin v27.2 - https:\/\/yoast.com\/product\/yoast-seo-wordpress\/ -->\n<title>ALOITA TAEKWONDO NYT! - Taekwondourheilijat 2011 | Taekwondoa parhaassa seurassa | Helsinki | Espoo | Vantaa<\/title>\n<meta name=\"description\" content=\"TU11 tarjoaa innostavan ymp\u00e4rist\u00f6n harjoitella taekwondoa kaikenik\u00e4isille ja -tasoisille, aloittelijoista huippu-urheilijoihin. Valmennus on systemaattista ja valmentajat maamme parhaimmistoa. Aloita taekwondo nyt!\" \/>\n<meta name=\"robots\" content=\"index, follow, max-snippet:-1, max-image-preview:large, max-video-preview:-1\" \/>\n<link rel=\"canonical\" href=\"https:\/\/tu11.fi\/taekwondo\/et\/start-taekwondo-now_kooliopilased\/\" \/>\n<script type=\"application\/ld+json\" class=\"yoast-schema-graph\">{\"@context\":\"https:\/\/schema.org\",\"@graph\":[]}<\/script>\n<!-- \/ Yoast SEO plugin. -->","yoast_head_json":{"title":"ALOITA TAEKWONDO NYT! - Taekwondourheilijat 2011 | Taekwondoa parhaassa seurassa | Helsinki | Espoo | Vantaa","description":"TU11 pakub inspireerivat keskkonda taekwondo harjutamiseks igas vanuses ja tasemel, algajatest tippsportlasteni. Treeningud on s\u00fcsteemsed ja treenerid on meie riigi parimad. Alusta taekwondoga kohe!","robots":{"index":"index","follow":"follow","max-snippet":"max-snippet:-1","max-image-preview":"max-image-preview:large","max-video-preview":"max-video-preview:-1"},"canonical":"https:\/\/tu11.fi\/taekwondo\/et\/start-taekwondo-now_kooliopilased\/","schema":{"@context":"https:\/\/schema.org","@graph":[]}},"amp_enabled":true,"head":{"html":["<meta name=\"wpsso-begin\" content=\"wpsso structured data begin\"\/>\n","<!-- generator:1 --><meta name=\"generator\" content=\"WPSSO Core 21.12.0\/L*\"\/>\n","<!-- generator:2 --><meta name=\"generator\" content=\"WPSSO RAR 3.3.0\/S\"\/>\n","<!-- generator:3 --><meta name=\"generator\" content=\"WPSSO REST 3.3.0\/S\"\/>\n","<!-- generator:4 --><meta name=\"generator\" content=\"WPSSO BC 5.5.0\/S\"\/>\n","<!-- generator:5 --><meta name=\"generator\" content=\"WPSSO FAQ 7.1.0\/S\"\/>\n","<!-- generator:6 --><meta name=\"generator\" content=\"WPSSO OPM 5.1.0\/S\"\/>\n","<!-- generator:7 --><meta name=\"generator\" content=\"WPSSO SSM 3.4.0\/S\"\/>\n","<!-- generator:8 --><meta name=\"generator\" content=\"WPSSO TIE 4.1.0\/S\"\/>\n","<!-- generator:9 --><meta name=\"generator\" content=\"WPSSO UM 7.3.0\/S\"\/>\n","<!-- generator:10 --><meta name=\"generator\" content=\"WPSSO UL 4.3.0\/S\"\/>\n","<link rel=\"shortlink\" href=\"https:\/\/tu11.fi\/taekwondo\/et\/?p=13147\"\/>\n","<meta property=\"fb:app_id\" content=\"966242223397117\"\/>\n","<meta property=\"og:type\" content=\"website\"\/>\n","<meta property=\"og:url\" content=\"https:\/\/tu11.fi\/taekwondo\/et\/aloita-taekwondo-nyt_koululaiset\/\"\/>\n","<meta property=\"og:locale\" content=\"en_US\"\/>\n","<meta property=\"og:site_name\" content=\"Taekwondourheilijat 2011 | Taekwondoa parhaassa seurassa | Helsinki | Espoo | Vantaa\"\/>\n","<meta property=\"og:title\" content=\"ALOITA TAEKWONDO NYT!  &ndash; Taekwondourheilijat 2011 | Taekwondoa...\"\/>\n","<meta property=\"og:description\" content=\"TU11 tarjoaa innostavan ymp&auml;rist&ouml;n harjoitella taekwondoa kaikenik&auml;isille ja -tasoisille, aloittelijoista huippu-urheilijoihin. Valmennus on systemaattista ja valmentajat maamme parhaimmistoa. Aloita taekwondo nyt!\"\/>\n","<meta property=\"og:updated_time\" content=\"2024-04-16T11:34:41+00:00\"\/>\n","<!-- og:image:1 --><meta property=\"og:image\" content=\"https:\/\/tu11.fi\/taekwondo\/wp-content\/uploads\/2020\/05\/Taekwondourheilijat_2011_022_TU11-scaled-1200x630-cropped.jpg\"\/>\n","<!-- og:image:1 --><meta property=\"og:image:width\" content=\"1200\"\/>\n","<!-- og:image:1 --><meta property=\"og:image:height\" content=\"630\"\/>\n","<meta name=\"twitter:domain\" content=\"tu11.fi\"\/>\n","<meta name=\"twitter:site\" content=\"@taekwondourh\"\/>\n","<meta name=\"twitter:title\" content=\"ALOITA TAEKWONDO NYT!  &ndash; Taekwondourheilijat 2011 | Taekwondoa...\"\/>\n","<meta name=\"twitter:description\" content=\"TU11 tarjoaa innostavan ymp&auml;rist&ouml;n harjoitella taekwondoa kaikenik&auml;isille ja -tasoisille, aloittelijoista huippu-urheilijoihin. Valmennus on systemaattista ja valmentajat maamme parhaimmistoa...\"\/>\n","<meta name=\"twitter:card\" content=\"summary_large_image\"\/>\n","<meta name=\"twitter:image\" content=\"https:\/\/tu11.fi\/taekwondo\/wp-content\/uploads\/2020\/05\/Taekwondourheilijat_2011_022_TU11-scaled-1200x630-cropped.jpg?p=13147\"\/>\n","<meta name=\"thumbnail\" content=\"https:\/\/tu11.fi\/taekwondo\/wp-content\/uploads\/2020\/05\/Taekwondourheilijat_2011_022_TU11-scaled-1200x630-cropped.jpg\"\/>\n","<script type=\"application\/ld+json\" id=\"wpsso-schema-graph\">{\n    \"@context\": \"https:\/\/schema.org\",\n    \"@graph\": [\n        {\n            \"@id\": \"#sso\/knowledge-graph\/sports-team\/13147\",\n            \"@context\": \"https:\/\/schema.org\",\n            \"@type\": \"SportsTeam\",\n            \"mainEntityOfPage\": \"https:\/\/tu11.fi\/taekwondo\/et\/aloita-taekwondo-nyt_koululaiset\/\",\n            \"url\": \"https:\/\/tu11.fi\/taekwondo\/et\/aloita-taekwondo-nyt_koululaiset\/\",\n            \"sameAs\": [\n                \"https:\/\/tu11.fi\/taekwondo\/et\/?p=13147\"\n            ],\n            \"name\": \"ALOITA TAEKWONDO NYT!  &ndash; Taekwondourheilijat 2011 | Taekwondoa...\",\n            \"alternateName\": \"ALOITA TAEKWONDO NYT!  &ndash; Taekwondourheilijat 2011 | Taekwondoa parhaassa seurassa | Helsinki | Espoo | Vantaa\",\n            \"description\": \"TU11 tarjoaa innostavan ymp&auml;rist&ouml;n harjoitella taekwondoa kaikenik&auml;isille ja -tasoisille, aloittelijoista huippu-urheilijoihin. Valmennus on systemaattista ja valmentajat maamme parhaimmistoa. Aloita taekwondo nyt!\",\n            \"image\": [\n                {\n                    \"@id\": \"https:\/\/tu11.fi\/taekwondo\/wp-content\/uploads\/2020\/05\/Taekwondourheilijat_2011_022_TU11-scaled-1200x1200-cropped.jpg#sso\/image-object\"\n                },\n                {\n                    \"@id\": \"https:\/\/tu11.fi\/taekwondo\/wp-content\/uploads\/2020\/05\/Taekwondourheilijat_2011_022_TU11-scaled-1200x900-cropped.jpg#sso\/image-object\"\n                },\n                {\n                    \"@id\": \"https:\/\/tu11.fi\/taekwondo\/wp-content\/uploads\/2020\/05\/Taekwondourheilijat_2011_022_TU11-scaled-1200x675-cropped.jpg#sso\/image-object\"\n                }\n            ]\n        },\n        {\n            \"@id\": \"https:\/\/tu11.fi\/taekwondo\/wp-content\/uploads\/2020\/05\/Taekwondourheilijat_2011_022_TU11-scaled-1200x1200-cropped.jpg#sso\/image-object\",\n            \"@context\": \"https:\/\/schema.org\",\n            \"@type\": \"ImageObject\",\n            \"url\": \"https:\/\/tu11.fi\/taekwondo\/wp-content\/uploads\/2020\/05\/Taekwondourheilijat_2011_022_TU11-scaled-1200x1200-cropped.jpg\",\n            \"identifier\": \"12333-wpsso-schema-1x1\",\n            \"name\": \"Taekwondourheilijat_2011_022_TU11  &ndash; Taekwondourheilijat 2011 |...\",\n            \"alternateName\": \"Taekwondourheilijat_2011_022_TU11  &ndash; Taekwondourheilijat 2011 | Taekwondoa parhaassa seurassa | Helsinki |...\",\n            \"description\": \"No Description.\",\n            \"encodingFormat\": \"image\/jpeg\",\n            \"uploadDate\": \"2020-05-16T10:18:26+00:00\",\n            \"width\": [\n                {\n                    \"@id\": \"#sso\/qv-width-px-1200\"\n                }\n            ],\n            \"height\": [\n                {\n                    \"@id\": \"#sso\/qv-height-px-1200\"\n                }\n            ]\n        },\n        {\n            \"@id\": \"#sso\/qv-width-px-1200\",\n            \"@context\": \"https:\/\/schema.org\",\n            \"@type\": \"QuantitativeValue\",\n            \"name\": \"Width\",\n            \"unitText\": \"px\",\n            \"unitCode\": \"E37\",\n            \"value\": \"1200\"\n        },\n        {\n            \"@id\": \"#sso\/qv-height-px-1200\",\n            \"@context\": \"https:\/\/schema.org\",\n            \"@type\": \"QuantitativeValue\",\n            \"name\": \"Height\",\n            \"unitText\": \"px\",\n            \"unitCode\": \"E37\",\n            \"value\": \"1200\"\n        },\n        {\n            \"@id\": \"https:\/\/tu11.fi\/taekwondo\/wp-content\/uploads\/2020\/05\/Taekwondourheilijat_2011_022_TU11-scaled-1200x900-cropped.jpg#sso\/image-object\",\n            \"@context\": \"https:\/\/schema.org\",\n            \"@type\": \"ImageObject\",\n            \"url\": \"https:\/\/tu11.fi\/taekwondo\/wp-content\/uploads\/2020\/05\/Taekwondourheilijat_2011_022_TU11-scaled-1200x900-cropped.jpg\",\n            \"identifier\": \"12333-wpsso-schema-4x3\",\n            \"name\": \"Taekwondourheilijat_2011_022_TU11  &ndash; Taekwondourheilijat 2011 |...\",\n            \"alternateName\": \"Taekwondourheilijat_2011_022_TU11  &ndash; Taekwondourheilijat 2011 | Taekwondoa parhaassa seurassa | Helsinki |...\",\n            \"description\": \"No Description.\",\n            \"encodingFormat\": \"image\/jpeg\",\n            \"uploadDate\": \"2020-05-16T10:18:26+00:00\",\n            \"width\": [\n                {\n                    \"@id\": \"#sso\/qv-width-px-1200\"\n                }\n            ],\n            \"height\": [\n                {\n                    \"@id\": \"#sso\/qv-height-px-900\"\n                }\n            ]\n        },\n        {\n            \"@id\": \"#sso\/qv-height-px-900\",\n            \"@context\": \"https:\/\/schema.org\",\n            \"@type\": \"QuantitativeValue\",\n            \"name\": \"Height\",\n            \"unitText\": \"px\",\n            \"unitCode\": \"E37\",\n            \"value\": \"900\"\n        },\n        {\n            \"@id\": \"https:\/\/tu11.fi\/taekwondo\/wp-content\/uploads\/2020\/05\/Taekwondourheilijat_2011_022_TU11-scaled-1200x675-cropped.jpg#sso\/image-object\",\n            \"@context\": \"https:\/\/schema.org\",\n            \"@type\": \"ImageObject\",\n            \"url\": \"https:\/\/tu11.fi\/taekwondo\/wp-content\/uploads\/2020\/05\/Taekwondourheilijat_2011_022_TU11-scaled-1200x675-cropped.jpg\",\n            \"identifier\": \"12333-wpsso-schema-16x9\",\n            \"name\": \"Taekwondourheilijat_2011_022_TU11  &ndash; Taekwondourheilijat 2011 |...\",\n            \"alternateName\": \"Taekwondourheilijat_2011_022_TU11  &ndash; Taekwondourheilijat 2011 | Taekwondoa parhaassa seurassa | Helsinki |...\",\n            \"description\": \"No Description.\",\n            \"encodingFormat\": \"image\/jpeg\",\n            \"uploadDate\": \"2020-05-16T10:18:26+00:00\",\n            \"width\": [\n                {\n                    \"@id\": \"#sso\/qv-width-px-1200\"\n                }\n            ],\n            \"height\": [\n                {\n                    \"@id\": \"#sso\/qv-height-px-675\"\n                }\n            ]\n        },\n        {\n            \"@id\": \"#sso\/qv-height-px-675\",\n            \"@context\": \"https:\/\/schema.org\",\n            \"@type\": \"QuantitativeValue\",\n            \"name\": \"Height\",\n            \"unitText\": \"px\",\n            \"unitCode\": \"E37\",\n            \"value\": \"675\"\n        },\n        {\n            \"@id\": \"\/aloita-taekwondo-nyt_koululaiset\/#sso\/breadcrumb-list\/13147\",\n            \"@context\": \"https:\/\/schema.org\",\n            \"@type\": \"BreadcrumbList\",\n            \"url\": \"https:\/\/tu11.fi\/taekwondo\/et\/aloita-taekwondo-nyt_koululaiset\/\",\n            \"itemListElement\": [\n                {\n                    \"@context\": \"https:\/\/schema.org\",\n                    \"@type\": \"ListItem\",\n                    \"position\": 1,\n                    \"name\": \"Home\",\n                    \"item\": \"https:\/\/tu11.fi\/taekwondo\/et\/\"\n                },\n                {\n                    \"@context\": \"https:\/\/schema.org\",\n                    \"@type\": \"ListItem\",\n                    \"position\": 2,\n                    \"name\": \"Blog\",\n                    \"item\": \"https:\/\/tu11.fi\/taekwondo\/\"\n                },\n                {\n                    \"@context\": \"https:\/\/schema.org\",\n                    \"@type\": \"ListItem\",\n                    \"position\": 3,\n                    \"name\": \"ALOITA TAEKWONDO NYT!   Taekwondourheilijat 2011 | Taekwondoa...\",\n                    \"item\": \"https:\/\/tu11.fi\/taekwondo\/et\/aloita-taekwondo-nyt_koululaiset\/\"\n                }\n            ]\n        }\n    ]\n}<\/script>\n","<meta name=\"wpsso-end\" content=\"wpsso structured data end\"\/>\n","<meta name=\"wpsso-cached\" content=\"no cache for tu11.fi\/taekwondo\"\/>\n"],"json":[{"@context":"https:\/\/schema.org","@graph":[{"@id":"#sso\/knowledge-graph\/sports-team\/13147","@context":"https:\/\/schema.org","@type":"SportsTeam","mainEntityOfPage":"https:\/\/tu11.fi\/taekwondo\/et\/aloita-taekwondo-nyt_koululaiset\/","url":"https:\/\/tu11.fi\/taekwondo\/et\/aloita-taekwondo-nyt_koululaiset\/","sameAs":["https:\/\/tu11.fi\/taekwondo\/et\/?p=13147"],"name":"ALOITA TAEKWONDO NYT!  &ndash; Taekwondourheilijat 2011 | Taekwondoa...","alternateName":"ALOITA TAEKWONDO NYT!  &ndash; Taekwondourheilijat 2011 | Taekwondoa parhaassa seurassa | Helsinki | Espoo | Vantaa","description":"TU11 tarjoaa innostavan ymp&auml;rist&ouml;n harjoitella taekwondoa kaikenik&auml;isille ja -tasoisille, aloittelijoista huippu-urheilijoihin. Valmennus on systemaattista ja valmentajat maamme parhaimmistoa. Aloita taekwondo nyt!","image":[{"@id":"https:\/\/tu11.fi\/taekwondo\/wp-content\/uploads\/2020\/05\/Taekwondourheilijat_2011_022_TU11-scaled-1200x1200-cropped.jpg#sso\/image-object"},{"@id":"https:\/\/tu11.fi\/taekwondo\/wp-content\/uploads\/2020\/05\/Taekwondourheilijat_2011_022_TU11-scaled-1200x900-cropped.jpg#sso\/image-object"},{"@id":"https:\/\/tu11.fi\/taekwondo\/wp-content\/uploads\/2020\/05\/Taekwondourheilijat_2011_022_TU11-scaled-1200x675-cropped.jpg#sso\/image-object"}]},{"@id":"https:\/\/tu11.fi\/taekwondo\/wp-content\/uploads\/2020\/05\/Taekwondourheilijat_2011_022_TU11-scaled-1200x1200-cropped.jpg#sso\/image-object","@context":"https:\/\/schema.org","@type":"ImageObject","url":"https:\/\/tu11.fi\/taekwondo\/wp-content\/uploads\/2020\/05\/Taekwondourheilijat_2011_022_TU11-scaled-1200x1200-cropped.jpg","identifier":"12333-wpsso-schema-1x1","name":"Taekwondourheilijat_2011_022_TU11  &ndash; Taekwondourheilijat 2011 |...","alternateName":"Taekwondourheilijat_2011_022_TU11  &ndash; Taekwondourheilijat 2011 | Taekwondoa parhaassa seurassa | Helsinki |...","description":"No Description.","encodingFormat":"image\/jpeg","uploadDate":"2020-05-16T10:18:26+00:00","width":[{"@id":"#sso\/qv-width-px-1200"}],"height":[{"@id":"#sso\/qv-height-px-1200"}]},{"@id":"#sso\/qv-width-px-1200","@context":"https:\/\/schema.org","@type":"QuantitativeValue","name":"Width","unitText":"px","unitCode":"E37","value":"1200"},{"@id":"#sso\/qv-height-px-1200","@context":"https:\/\/schema.org","@type":"QuantitativeValue","name":"Height","unitText":"px","unitCode":"E37","value":"1200"},{"@id":"https:\/\/tu11.fi\/taekwondo\/wp-content\/uploads\/2020\/05\/Taekwondourheilijat_2011_022_TU11-scaled-1200x900-cropped.jpg#sso\/image-object","@context":"https:\/\/schema.org","@type":"ImageObject","url":"https:\/\/tu11.fi\/taekwondo\/wp-content\/uploads\/2020\/05\/Taekwondourheilijat_2011_022_TU11-scaled-1200x900-cropped.jpg","identifier":"12333-wpsso-schema-4x3","name":"Taekwondourheilijat_2011_022_TU11  &ndash; Taekwondourheilijat 2011 |...","alternateName":"Taekwondourheilijat_2011_022_TU11  &ndash; Taekwondourheilijat 2011 | Taekwondoa parhaassa seurassa | Helsinki |...","description":"No Description.","encodingFormat":"image\/jpeg","uploadDate":"2020-05-16T10:18:26+00:00","width":[{"@id":"#sso\/qv-width-px-1200"}],"height":[{"@id":"#sso\/qv-height-px-900"}]},{"@id":"#sso\/qv-height-px-900","@context":"https:\/\/schema.org","@type":"QuantitativeValue","name":"Height","unitText":"px","unitCode":"E37","value":"900"},{"@id":"https:\/\/tu11.fi\/taekwondo\/wp-content\/uploads\/2020\/05\/Taekwondourheilijat_2011_022_TU11-scaled-1200x675-cropped.jpg#sso\/image-object","@context":"https:\/\/schema.org","@type":"ImageObject","url":"https:\/\/tu11.fi\/taekwondo\/wp-content\/uploads\/2020\/05\/Taekwondourheilijat_2011_022_TU11-scaled-1200x675-cropped.jpg","identifier":"12333-wpsso-schema-16x9","name":"Taekwondourheilijat_2011_022_TU11  &ndash; Taekwondourheilijat 2011 |...","alternateName":"Taekwondourheilijat_2011_022_TU11  &ndash; Taekwondourheilijat 2011 | Taekwondoa parhaassa seurassa | Helsinki |...","description":"No Description.","encodingFormat":"image\/jpeg","uploadDate":"2020-05-16T10:18:26+00:00","width":[{"@id":"#sso\/qv-width-px-1200"}],"height":[{"@id":"#sso\/qv-height-px-675"}]},{"@id":"#sso\/qv-height-px-675","@context":"https:\/\/schema.org","@type":"QuantitativeValue","name":"Height","unitText":"px","unitCode":"E37","value":"675"},{"@id":"\/aloita-taekwondo-nyt_koululaiset\/#sso\/breadcrumb-list\/13147","@context":"https:\/\/schema.org","@type":"BreadcrumbList","url":"https:\/\/tu11.fi\/taekwondo\/et\/aloita-taekwondo-nyt_koululaiset\/","itemListElement":[{"@context":"https:\/\/schema.org","@type":"ListItem","position":1,"name":"Home","item":"https:\/\/tu11.fi\/taekwondo\/et\/"},{"@context":"https:\/\/schema.org","@type":"ListItem","position":2,"name":"Blog","item":"https:\/\/tu11.fi\/taekwondo\/"},{"@context":"https:\/\/schema.org","@type":"ListItem","position":3,"name":"ALOITA TAEKWONDO NYT!   Taekwondourheilijat 2011 | Taekwondoa...","item":"https:\/\/tu11.fi\/taekwondo\/et\/aloita-taekwondo-nyt_koululaiset\/"}]}]}],"parts":[["meta","name","generator","content","WPSSO Core 21.12.0\/L*","generator:1"],["meta","name","generator","content","WPSSO RAR 3.3.0\/S","generator:2"],["meta","name","generator","content","WPSSO REST 3.3.0\/S","generator:3"],["meta","name","generator","content","WPSSO BC 5.5.0\/S","generator:4"],["meta","name","generator","content","WPSSO FAQ 7.1.0\/S","generator:5"],["meta","name","generator","content","WPSSO OPM 5.1.0\/S","generator:6"],["meta","name","generator","content","WPSSO SSM 3.4.0\/S","generator:7"],["meta","name","generator","content","WPSSO TIE 4.1.0\/S","generator:8"],["meta","name","generator","content","WPSSO UM 7.3.0\/S","generator:9"],["meta","name","generator","content","WPSSO UL 4.3.0\/S","generator:10"],["link","rel","shortlink","href","https:\/\/tu11.fi\/taekwondo\/et\/?p=13147",""],["meta","property","fb:app_id","content","966242223397117",""],["meta","property","og:time","content","2026-04-15T00:31:22+00:00",""],["meta","property","og:type","content","website",""],["meta","property","og:url","content","https:\/\/tu11.fi\/taekwondo\/et\/aloita-taekwondo-nyt_koululaiset\/",""],["meta","property","og:locale","content","en_US",""],["meta","property","og:site_name","content","Taekwondourheilijat 2011 | Taekwondoa parhaassa seurassa | Helsinki | Espoo | Vantaa",""],["meta","property","og:title","content","ALOITA TAEKWONDO NYT!  &ndash; Taekwondourheilijat 2011 | Taekwondoa...",""],["meta","property","og:description","content","TU11 tarjoaa innostavan ymp&auml;rist&ouml;n harjoitella taekwondoa kaikenik&auml;isille ja -tasoisille, aloittelijoista huippu-urheilijoihin. Valmennus on systemaattista ja valmentajat maamme parhaimmistoa. Aloita taekwondo nyt!",""],["meta","property","og:updated_time","content","2024-04-16T11:34:41+00:00",""],["meta","property","og:image:secure_url","content","https:\/\/tu11.fi\/taekwondo\/wp-content\/uploads\/2020\/05\/Taekwondourheilijat_2011_022_TU11-scaled-1200x630-cropped.jpg","og:image:1"],["meta","property","og:image:url","content","https:\/\/tu11.fi\/taekwondo\/wp-content\/uploads\/2020\/05\/Taekwondourheilijat_2011_022_TU11-scaled-1200x630-cropped.jpg","og:image:1"],["meta","property","og:image","content","https:\/\/tu11.fi\/taekwondo\/wp-content\/uploads\/2020\/05\/Taekwondourheilijat_2011_022_TU11-scaled-1200x630-cropped.jpg","og:image:1"],["meta","property","og:image:width","content","1200","og:image:1"],["meta","property","og:image:height","content","630","og:image:1"],["meta","property","og:image:cropped","content","true","og:image:1"],["meta","property","og:image:id","content","12333","og:image:1"],["meta","property","og:image:size_name","content","wpsso-opengraph","og:image:1"],["meta","name","schema:language","content","et",""],["meta","name","schema:type:id","content","sports.team",""],["meta","name","schema:type:url","content","https:\/\/schema.org\/SportsTeam",""],["meta","name","schema:type:context","content","https:\/\/schema.org",""],["meta","name","schema:type:name","content","SportsTeam",""],["meta","name","schema:type:path","content","schema.org\/SportsTeam",""],["meta","property","article:author:name","content","Sampo Pajulampi",""],["meta","property","article:reading_mins","content","1",""],["meta","name","twitter:domain","content","tu11.fi",""],["meta","name","twitter:site","content","@taekwondourh",""],["meta","name","twitter:title","content","ALOITA TAEKWONDO NYT!  &ndash; Taekwondourheilijat 2011 | Taekwondoa...",""],["meta","name","twitter:description","content","TU11 tarjoaa innostavan ymp&auml;rist&ouml;n harjoitella taekwondoa kaikenik&auml;isille ja -tasoisille, aloittelijoista huippu-urheilijoihin. Valmennus on systemaattista ja valmentajat maamme parhaimmistoa...",""],["meta","name","twitter:card","content","summary_large_image",""],["meta","name","twitter:image","content","https:\/\/tu11.fi\/taekwondo\/wp-content\/uploads\/2020\/05\/Taekwondourheilijat_2011_022_TU11-scaled-1200x630-cropped.jpg?p=13147",""],["meta","name","thumbnail","content","https:\/\/tu11.fi\/taekwondo\/wp-content\/uploads\/2020\/05\/Taekwondourheilijat_2011_022_TU11-scaled-1200x630-cropped.jpg",""]]},"_links":{"self":[{"href":"https:\/\/tu11.fi\/taekwondo\/et\/wp-json\/wp\/v2\/pages\/13147","targetHints":{"allow":["GET"]}}],"collection":[{"href":"https:\/\/tu11.fi\/taekwondo\/et\/wp-json\/wp\/v2\/pages"}],"about":[{"href":"https:\/\/tu11.fi\/taekwondo\/et\/wp-json\/wp\/v2\/types\/page"}],"author":[{"embeddable":true,"href":"https:\/\/tu11.fi\/taekwondo\/et\/wp-json\/wp\/v2\/users\/2"}],"replies":[{"embeddable":true,"href":"https:\/\/tu11.fi\/taekwondo\/et\/wp-json\/wp\/v2\/comments?post=13147"}],"version-history":[{"count":4,"href":"https:\/\/tu11.fi\/taekwondo\/et\/wp-json\/wp\/v2\/pages\/13147\/revisions"}],"predecessor-version":[{"id":50122,"href":"https:\/\/tu11.fi\/taekwondo\/et\/wp-json\/wp\/v2\/pages\/13147\/revisions\/50122"}],"wp:featuredmedia":[{"embeddable":true,"href":"https:\/\/tu11.fi\/taekwondo\/et\/wp-json\/wp\/v2\/media\/12333"}],"wp:attachment":[{"href":"https:\/\/tu11.fi\/taekwondo\/et\/wp-json\/wp\/v2\/media?parent=13147"}],"curies":[{"name":"wp","href":"https:\/\/api.w.org\/{rel}","templated":true}]}}