{"id":1536,"date":"2012-08-26T14:42:10","date_gmt":"2012-08-26T14:42:10","guid":{"rendered":"http:\/\/tu11.fi.srv.hoste.fi\/taekwondo\/?page_id=1536"},"modified":"2026-02-03T21:46:19","modified_gmt":"2026-02-03T21:46:19","slug":"vyoko-eksami-hinnakiri","status":"publish","type":"page","link":"https:\/\/tu11.fi\/taekwondo\/et\/hinnasto\/vyokoehinnasto\/","title":{"rendered":"Rihmatesti hinnakiri"},"content":{"rendered":"<h2>V\u00f6\u00f6 test on hinna sees<\/h2>\n<ul>\n<li>V\u00f6\u00f6 test<\/li>\n<li>V\u00f6\u00f6 jaoks uus v\u00f6\u00f6 v\u00f5i pael<\/li>\n<li>Henkil\u00f6kohtainen palaute vy\u00f6kokeesta ja kehityskohteista s\u00e4hk\u00f6postitse (sinisest\u00e4 vy\u00f6st\u00e4 yl\u00f6sp\u00e4in)<\/li>\n<li>Poom- tai dan-sertifikaatti (poom- ja dan-kokeissa)<\/li>\n<li>Varrukam\u00e4rk 3-6 aastastele<\/li>\n<\/ul>\n<p>3-6-vuotiaiden ryhmiss\u00e4 ei viel\u00e4 suoriteta v\u00e4riv\u00f6it\u00e4, vaan ensin suoritetaan &#8221;tiikeri&#8221;- ja &#8221;lohik\u00e4\u00e4rme&#8221;-hihamerkit, jonka j\u00e4lkeen valkoiseen vy\u00f6h\u00f6n ker\u00e4t\u00e4\u00e4n keltaisia nauhoja. Siirrytty\u00e4\u00e4n 7-9-vuotiaiden ryhm\u00e4\u00e4n harrastajat suorittavat keltaisen vy\u00f6n harjoiteltuaan ryhm\u00e4ss\u00e4 hetken aikaa.<\/p>\n<h2>V\u00f6\u00f6testi hinnakiri taekwondo sportlastele<\/h2>\n<p>10 tassi (4-6 aastat) 40 \u20ac<br \/>9 tassi (4-6 aastat) 40 \u20ac<br \/><span style=\"background-color: #ffff00;\">\u00a08 tassi (7-120 a) 40 \u20ac. \u00a0<br \/>\u00a07 tassi (7-120 a) 40 \u20ac\u00a0 <span style=\"background-color: #00ff00;\">\u00a0<\/span><br \/>\u00a07+ tassi (7-120 a) 40 \u20ac <span style=\"background-color: #00ff00;\">\u00a0<\/span> <span style=\"background-color: #00ff00;\">\u00a0<\/span><\/span><br \/><span style=\"background-color: #ffff00;\"><span style=\"background-color: #00ff00;\">\u00a06 tassi (7-120 a) 50 \u20ac. \u00a0<\/span><br \/><span style=\"background-color: #00ff00;\">\u00a05 tassi (7-120 a) 50 \u20ac\u00a0 <span style=\"background-color: #0000ff;\">\u00a0<\/span><\/span><br \/><span style=\"background-color: #00ff00;\">\u00a05+ tassi (7-120 a) 50 \u20ac <span style=\"background-color: #0000ff;\">\u00a0<\/span> <span style=\"background-color: #0000ff;\">\u00a0<br \/><span style=\"color: #ffffff;\">\u00a04 tassi (7-120 a) 60 \u20ac. \u00a0<\/span><br \/><span style=\"color: #ffffff;\">\u00a03 tassi (7-120 a) 60 \u20ac\u00a0 <span style=\"background-color: #ff0000;\">\u00a0<\/span><\/span><br \/><span style=\"color: #ffffff;\">\u00a03+ tassi (7-16 a) 60 \u20ac <span style=\"background-color: #ff0000;\">\u00a0<\/span> <span style=\"background-color: #ff0000;\">\u00a0<br \/>\u00a02 tassi (7-120 a) 70 \u20ac. \u00a0<br \/>\u00a01 tass (7-120 aastat) 70 \u20ac\u00a0 <span style=\"background-color: #000000;\">\u00a0<\/span><br \/>\u00a01+ tass (7-16 a) 70 \u20ac <span style=\"background-color: #000000;\">\u00a0<\/span> <span style=\"background-color: #000000;\">\u00a0<\/span><\/span><\/span><br \/><\/span><\/span><\/span><\/p>\n<p><span style=\"background-color: #ffff00;\"><span style=\"background-color: #00ff00;\"><span style=\"background-color: #0000ff;\"><span style=\"color: #ffffff;\"><span style=\"background-color: #ff0000;\"><span style=\"background-color: #000000;\">\u00a01. poom\/dan 170 \u20ac.\u00a0\u00a0<span style=\"color: #ffff00; background-color: #ffff00;\">\u00a0<span style=\"background-color: #000000; color: #000000;\">\u00a0<\/span><\/span><\/span><br \/><span style=\"background-color: #000000;\">\u00a02. buum\/dan 200\u20ac\u00a0<span style=\"color: #ffff00; background-color: #ffff00;\">\u00a0<span style=\"background-color: #000000; color: #000000;\">\u00a0<span style=\"color: #ffff00; background-color: #ffff00;\">\u00a0<span style=\"color: #000000; background-color: #000000;\">\u00a0<\/span><\/span><\/span><\/span><\/span><br \/><span style=\"background-color: #000000;\">3. buum\/dan 240\u20ac <\/span><span style=\"background-color: #000000;\">\u00a0<span style=\"background-color: #000000; color: #000000;\">\u00a0<span style=\"background-color: #ffff00; color: #ffff00;\">\u00a0<span style=\"background-color: #000000; color: #000000;\">\u00a0<span style=\"color: #ffff00; background-color: #ffff00;\">\u00a0<span style=\"color: #000000; background-color: #000000;\">\u00a0<\/span><\/span><\/span><\/span><\/span><\/span><\/span><\/span><\/span><\/span><\/span><\/p>","protected":false},"excerpt":{"rendered":"<p>Vy\u00f6kokeen hintaan sis\u00e4ltyy Vy\u00f6koetilaisuus Uusi vy\u00f6 tai nauha vy\u00f6h\u00f6n Henkil\u00f6kohtainen palaute vy\u00f6kokeesta ja kehityskohteista s\u00e4hk\u00f6postitse (sinisest\u00e4 vy\u00f6st\u00e4 yl\u00f6sp\u00e4in) Poom- tai dan-sertifikaatti (poom- ja dan-kokeissa) Hihamerkki 3-6-vuotiaille 3-6-vuotiaiden ryhmiss\u00e4 ei viel\u00e4 suoriteta v\u00e4riv\u00f6it\u00e4, vaan ensin suoritetaan &#8221;tiikeri&#8221;- ja &#8221;lohik\u00e4\u00e4rme&#8221;-hihamerkit, jonka j\u00e4lkeen valkoiseen vy\u00f6h\u00f6n ker\u00e4t\u00e4\u00e4n keltaisia nauhoja. Siirrytty\u00e4\u00e4n 7-9-vuotiaiden ryhm\u00e4\u00e4n harrastajat suorittavat keltaisen vy\u00f6n harjoiteltuaan ryhm\u00e4ss\u00e4 hetken&hellip;<\/p>","protected":false},"author":1,"featured_media":9678,"parent":109,"menu_order":0,"comment_status":"closed","ping_status":"open","template":"templates\/template-cover.php","meta":{"footnotes":""},"class_list":["post-1536","page","type-page","status-publish","has-post-thumbnail","hentry"],"yoast_head":"<!-- This site is optimized with the Yoast SEO plugin v27.2 - https:\/\/yoast.com\/product\/yoast-seo-wordpress\/ -->\n<title>Taekwondo - Vy\u00f6koehinnasto - Taekwondourheilijat 2011<\/title>\n<meta name=\"description\" content=\"Taekwondon vy\u00f6koehinnasto ja vy\u00f6j\u00e4rjestelm\u00e4 Taekwondourheilijoiden salilla Helsingin Konalassa. Katso t\u00e4st\u00e4!\" \/>\n<meta name=\"robots\" content=\"index, follow, max-snippet:-1, max-image-preview:large, max-video-preview:-1\" \/>\n<link rel=\"canonical\" href=\"http:\/\/tu11.fi\/taekwondo\/et\/hinnakiri\/vyoko-eksami-hinnakiri\/\" \/>\n<script type=\"application\/ld+json\" class=\"yoast-schema-graph\">{\"@context\":\"https:\/\/schema.org\",\"@graph\":[]}<\/script>\n<!-- \/ Yoast SEO plugin. -->","yoast_head_json":{"title":"Taekwondo - V\u00f6\u00f6testide hinnakiri - Taekwondo sportlased 2011. a","description":"Taekwondo v\u00f6\u00f6testi hinnakiri ja v\u00f6\u00f6s\u00fcsteem Helsingis Konalas Taekwondo sportlaste j\u00f5usaalis. Vaata siia!","robots":{"index":"index","follow":"follow","max-snippet":"max-snippet:-1","max-image-preview":"max-image-preview:large","max-video-preview":"max-video-preview:-1"},"canonical":"http:\/\/tu11.fi\/taekwondo\/et\/hinnakiri\/vyoko-eksami-hinnakiri\/","schema":{"@context":"https:\/\/schema.org","@graph":[]}},"amp_enabled":true,"head":{"html":["<meta name=\"wpsso-begin\" content=\"wpsso structured data begin\"\/>\n","<!-- generator:1 --><meta name=\"generator\" content=\"WPSSO Core 21.12.0\/L*\"\/>\n","<!-- generator:2 --><meta name=\"generator\" content=\"WPSSO RAR 3.3.0\/S\"\/>\n","<!-- generator:3 --><meta name=\"generator\" content=\"WPSSO REST 3.3.0\/S\"\/>\n","<!-- generator:4 --><meta name=\"generator\" content=\"WPSSO BC 5.5.0\/S\"\/>\n","<!-- generator:5 --><meta name=\"generator\" content=\"WPSSO FAQ 7.1.0\/S\"\/>\n","<!-- generator:6 --><meta name=\"generator\" content=\"WPSSO OPM 5.1.0\/S\"\/>\n","<!-- generator:7 --><meta name=\"generator\" content=\"WPSSO SSM 3.4.0\/S\"\/>\n","<!-- generator:8 --><meta name=\"generator\" content=\"WPSSO TIE 4.1.0\/S\"\/>\n","<!-- generator:9 --><meta name=\"generator\" content=\"WPSSO UM 7.3.0\/S\"\/>\n","<!-- generator:10 --><meta name=\"generator\" content=\"WPSSO UL 4.3.0\/S\"\/>\n","<link rel=\"shortlink\" href=\"https:\/\/tu11.fi\/taekwondo\/et\/?p=1536\"\/>\n","<meta property=\"fb:app_id\" content=\"966242223397117\"\/>\n","<meta property=\"og:type\" content=\"website\"\/>\n","<meta property=\"og:url\" content=\"https:\/\/tu11.fi\/taekwondo\/et\/hinnasto\/vyokoehinnasto\/\"\/>\n","<meta property=\"og:locale\" content=\"en_US\"\/>\n","<meta property=\"og:site_name\" content=\"Taekwondourheilijat 2011 | Taekwondoa parhaassa seurassa | Helsinki | Espoo | Vantaa\"\/>\n","<meta property=\"og:title\" content=\"Taekwondo - Vy&ouml;koehinnasto - Taekwondourheilijat 2011\"\/>\n","<meta property=\"og:description\" content=\"Taekwondon vy&ouml;koehinnasto ja vy&ouml;j&auml;rjestelm&auml; Taekwondourheilijoiden salilla Helsingin Konalassa. Katso t&auml;st&auml;!\"\/>\n","<meta property=\"og:updated_time\" content=\"2026-02-03T21:46:19+00:00\"\/>\n","<!-- og:image:1 --><meta property=\"og:image\" content=\"https:\/\/tu11.fi\/taekwondo\/wp-content\/uploads\/2019\/06\/20190615_085852-1200x630-cropped.jpg\"\/>\n","<!-- og:image:1 --><meta property=\"og:image:width\" content=\"1200\"\/>\n","<!-- og:image:1 --><meta property=\"og:image:height\" content=\"630\"\/>\n","<meta name=\"twitter:domain\" content=\"tu11.fi\"\/>\n","<meta name=\"twitter:site\" content=\"@taekwondourh\"\/>\n","<meta name=\"twitter:title\" content=\"Taekwondo - Vy&ouml;koehinnasto - Taekwondourheilijat 2011\"\/>\n","<meta name=\"twitter:description\" content=\"Taekwondon vy&ouml;koehinnasto ja vy&ouml;j&auml;rjestelm&auml; Taekwondourheilijoiden salilla Helsingin Konalassa. Katso t&auml;st&auml;!\"\/>\n","<meta name=\"twitter:card\" content=\"summary_large_image\"\/>\n","<meta name=\"twitter:image\" content=\"https:\/\/tu11.fi\/taekwondo\/wp-content\/uploads\/2019\/06\/20190615_085852-1200x630-cropped.jpg?p=1536\"\/>\n","<meta name=\"thumbnail\" content=\"https:\/\/tu11.fi\/taekwondo\/wp-content\/uploads\/2019\/06\/20190615_085852-1200x630-cropped.jpg\"\/>\n","<script type=\"application\/ld+json\" id=\"wpsso-schema-graph\">{\n    \"@context\": \"https:\/\/schema.org\",\n    \"@graph\": [\n        {\n            \"@id\": \"#sso\/knowledge-graph\/sports-team\/1536\",\n            \"@context\": \"https:\/\/schema.org\",\n            \"@type\": \"SportsTeam\",\n            \"mainEntityOfPage\": \"https:\/\/tu11.fi\/taekwondo\/et\/hinnasto\/vyokoehinnasto\/\",\n            \"url\": \"https:\/\/tu11.fi\/taekwondo\/et\/hinnasto\/vyokoehinnasto\/\",\n            \"sameAs\": [\n                \"https:\/\/tu11.fi\/taekwondo\/et\/?p=1536\"\n            ],\n            \"name\": \"Taekwondo - Vy&ouml;koehinnasto - Taekwondourheilijat 2011\",\n            \"description\": \"Taekwondon vy&ouml;koehinnasto ja vy&ouml;j&auml;rjestelm&auml; Taekwondourheilijoiden salilla Helsingin Konalassa. Katso t&auml;st&auml;!\",\n            \"image\": [\n                {\n                    \"@id\": \"https:\/\/tu11.fi\/taekwondo\/wp-content\/uploads\/2019\/06\/20190615_085852-1200x1200-cropped.jpg#sso\/image-object\"\n                },\n                {\n                    \"@id\": \"https:\/\/tu11.fi\/taekwondo\/wp-content\/uploads\/2019\/06\/20190615_085852-1200x900-cropped.jpg#sso\/image-object\"\n                },\n                {\n                    \"@id\": \"https:\/\/tu11.fi\/taekwondo\/wp-content\/uploads\/2019\/06\/20190615_085852-1200x675-cropped.jpg#sso\/image-object\"\n                }\n            ]\n        },\n        {\n            \"@id\": \"https:\/\/tu11.fi\/taekwondo\/wp-content\/uploads\/2019\/06\/20190615_085852-1200x1200-cropped.jpg#sso\/image-object\",\n            \"@context\": \"https:\/\/schema.org\",\n            \"@type\": \"ImageObject\",\n            \"url\": \"https:\/\/tu11.fi\/taekwondo\/wp-content\/uploads\/2019\/06\/20190615_085852-1200x1200-cropped.jpg\",\n            \"identifier\": \"9678-wpsso-schema-1x1\",\n            \"name\": \"20190615_085852  &ndash; Taekwondourheilijat 2011 | Taekwondoa parhaassa...\",\n            \"alternateName\": \"20190615_085852  &ndash; Taekwondourheilijat 2011 | Taekwondoa parhaassa seurassa | Helsinki | Espoo | Vantaa\",\n            \"description\": \"No Description.\",\n            \"encodingFormat\": \"image\/jpeg\",\n            \"uploadDate\": \"2019-06-16T07:22:49+00:00\",\n            \"width\": [\n                {\n                    \"@id\": \"#sso\/qv-width-px-1200\"\n                }\n            ],\n            \"height\": [\n                {\n                    \"@id\": \"#sso\/qv-height-px-1200\"\n                }\n            ]\n        },\n        {\n            \"@id\": \"#sso\/qv-width-px-1200\",\n            \"@context\": \"https:\/\/schema.org\",\n            \"@type\": \"QuantitativeValue\",\n            \"name\": \"Width\",\n            \"unitText\": \"px\",\n            \"unitCode\": \"E37\",\n            \"value\": \"1200\"\n        },\n        {\n            \"@id\": \"#sso\/qv-height-px-1200\",\n            \"@context\": \"https:\/\/schema.org\",\n            \"@type\": \"QuantitativeValue\",\n            \"name\": \"Height\",\n            \"unitText\": \"px\",\n            \"unitCode\": \"E37\",\n            \"value\": \"1200\"\n        },\n        {\n            \"@id\": \"https:\/\/tu11.fi\/taekwondo\/wp-content\/uploads\/2019\/06\/20190615_085852-1200x900-cropped.jpg#sso\/image-object\",\n            \"@context\": \"https:\/\/schema.org\",\n            \"@type\": \"ImageObject\",\n            \"url\": \"https:\/\/tu11.fi\/taekwondo\/wp-content\/uploads\/2019\/06\/20190615_085852-1200x900-cropped.jpg\",\n            \"identifier\": \"9678-wpsso-schema-4x3\",\n            \"name\": \"20190615_085852  &ndash; Taekwondourheilijat 2011 | Taekwondoa parhaassa...\",\n            \"alternateName\": \"20190615_085852  &ndash; Taekwondourheilijat 2011 | Taekwondoa parhaassa seurassa | Helsinki | Espoo | Vantaa\",\n            \"description\": \"No Description.\",\n            \"encodingFormat\": \"image\/jpeg\",\n            \"uploadDate\": \"2019-06-16T07:22:49+00:00\",\n            \"width\": [\n                {\n                    \"@id\": \"#sso\/qv-width-px-1200\"\n                }\n            ],\n            \"height\": [\n                {\n                    \"@id\": \"#sso\/qv-height-px-900\"\n                }\n            ]\n        },\n        {\n            \"@id\": \"#sso\/qv-height-px-900\",\n            \"@context\": \"https:\/\/schema.org\",\n            \"@type\": \"QuantitativeValue\",\n            \"name\": \"Height\",\n            \"unitText\": \"px\",\n            \"unitCode\": \"E37\",\n            \"value\": \"900\"\n        },\n        {\n            \"@id\": \"https:\/\/tu11.fi\/taekwondo\/wp-content\/uploads\/2019\/06\/20190615_085852-1200x675-cropped.jpg#sso\/image-object\",\n            \"@context\": \"https:\/\/schema.org\",\n            \"@type\": \"ImageObject\",\n            \"url\": \"https:\/\/tu11.fi\/taekwondo\/wp-content\/uploads\/2019\/06\/20190615_085852-1200x675-cropped.jpg\",\n            \"identifier\": \"9678-wpsso-schema-16x9\",\n            \"name\": \"20190615_085852  &ndash; Taekwondourheilijat 2011 | Taekwondoa parhaassa...\",\n            \"alternateName\": \"20190615_085852  &ndash; Taekwondourheilijat 2011 | Taekwondoa parhaassa seurassa | Helsinki | Espoo | Vantaa\",\n            \"description\": \"No Description.\",\n            \"encodingFormat\": \"image\/jpeg\",\n            \"uploadDate\": \"2019-06-16T07:22:49+00:00\",\n            \"width\": [\n                {\n                    \"@id\": \"#sso\/qv-width-px-1200\"\n                }\n            ],\n            \"height\": [\n                {\n                    \"@id\": \"#sso\/qv-height-px-675\"\n                }\n            ]\n        },\n        {\n            \"@id\": \"#sso\/qv-height-px-675\",\n            \"@context\": \"https:\/\/schema.org\",\n            \"@type\": \"QuantitativeValue\",\n            \"name\": \"Height\",\n            \"unitText\": \"px\",\n            \"unitCode\": \"E37\",\n            \"value\": \"675\"\n        },\n        {\n            \"@id\": \"\/hinnasto\/vyokoehinnasto\/#sso\/breadcrumb-list\/1536\",\n            \"@context\": \"https:\/\/schema.org\",\n            \"@type\": \"BreadcrumbList\",\n            \"url\": \"https:\/\/tu11.fi\/taekwondo\/et\/hinnasto\/vyokoehinnasto\/\",\n            \"itemListElement\": [\n                {\n                    \"@context\": \"https:\/\/schema.org\",\n                    \"@type\": \"ListItem\",\n                    \"position\": 1,\n                    \"name\": \"Home\",\n                    \"item\": \"https:\/\/tu11.fi\/taekwondo\/et\/\"\n                },\n                {\n                    \"@context\": \"https:\/\/schema.org\",\n                    \"@type\": \"ListItem\",\n                    \"position\": 2,\n                    \"name\": \"Blog\",\n                    \"item\": \"https:\/\/tu11.fi\/taekwondo\/\"\n                },\n                {\n                    \"@context\": \"https:\/\/schema.org\",\n                    \"@type\": \"ListItem\",\n                    \"position\": 3,\n                    \"name\": \"Taekwondo - Hinnasto - Taekwondourheilijat 2011\",\n                    \"item\": \"https:\/\/tu11.fi\/taekwondo\/et\/hinnasto\/\"\n                },\n                {\n                    \"@context\": \"https:\/\/schema.org\",\n                    \"@type\": \"ListItem\",\n                    \"position\": 4,\n                    \"name\": \"Taekwondo - Vy&ouml;koehinnasto - Taekwondourheilijat 2011\",\n                    \"item\": \"https:\/\/tu11.fi\/taekwondo\/et\/hinnasto\/vyokoehinnasto\/\"\n                }\n            ]\n        }\n    ]\n}<\/script>\n","<meta name=\"wpsso-end\" content=\"wpsso structured data end\"\/>\n","<meta name=\"wpsso-cached\" content=\"no cache for tu11.fi\/taekwondo\"\/>\n"],"json":[{"@context":"https:\/\/schema.org","@graph":[{"@id":"#sso\/knowledge-graph\/sports-team\/1536","@context":"https:\/\/schema.org","@type":"SportsTeam","mainEntityOfPage":"https:\/\/tu11.fi\/taekwondo\/et\/hinnasto\/vyokoehinnasto\/","url":"https:\/\/tu11.fi\/taekwondo\/et\/hinnasto\/vyokoehinnasto\/","sameAs":["https:\/\/tu11.fi\/taekwondo\/et\/?p=1536"],"name":"Taekwondo - Vy&ouml;koehinnasto - Taekwondourheilijat 2011","description":"Taekwondon vy&ouml;koehinnasto ja vy&ouml;j&auml;rjestelm&auml; Taekwondourheilijoiden salilla Helsingin Konalassa. Katso t&auml;st&auml;!","image":[{"@id":"https:\/\/tu11.fi\/taekwondo\/wp-content\/uploads\/2019\/06\/20190615_085852-1200x1200-cropped.jpg#sso\/image-object"},{"@id":"https:\/\/tu11.fi\/taekwondo\/wp-content\/uploads\/2019\/06\/20190615_085852-1200x900-cropped.jpg#sso\/image-object"},{"@id":"https:\/\/tu11.fi\/taekwondo\/wp-content\/uploads\/2019\/06\/20190615_085852-1200x675-cropped.jpg#sso\/image-object"}]},{"@id":"https:\/\/tu11.fi\/taekwondo\/wp-content\/uploads\/2019\/06\/20190615_085852-1200x1200-cropped.jpg#sso\/image-object","@context":"https:\/\/schema.org","@type":"ImageObject","url":"https:\/\/tu11.fi\/taekwondo\/wp-content\/uploads\/2019\/06\/20190615_085852-1200x1200-cropped.jpg","identifier":"9678-wpsso-schema-1x1","name":"20190615_085852  &ndash; Taekwondourheilijat 2011 | Taekwondoa parhaassa...","alternateName":"20190615_085852  &ndash; Taekwondourheilijat 2011 | Taekwondoa parhaassa seurassa | Helsinki | Espoo | Vantaa","description":"No Description.","encodingFormat":"image\/jpeg","uploadDate":"2019-06-16T07:22:49+00:00","width":[{"@id":"#sso\/qv-width-px-1200"}],"height":[{"@id":"#sso\/qv-height-px-1200"}]},{"@id":"#sso\/qv-width-px-1200","@context":"https:\/\/schema.org","@type":"QuantitativeValue","name":"Width","unitText":"px","unitCode":"E37","value":"1200"},{"@id":"#sso\/qv-height-px-1200","@context":"https:\/\/schema.org","@type":"QuantitativeValue","name":"Height","unitText":"px","unitCode":"E37","value":"1200"},{"@id":"https:\/\/tu11.fi\/taekwondo\/wp-content\/uploads\/2019\/06\/20190615_085852-1200x900-cropped.jpg#sso\/image-object","@context":"https:\/\/schema.org","@type":"ImageObject","url":"https:\/\/tu11.fi\/taekwondo\/wp-content\/uploads\/2019\/06\/20190615_085852-1200x900-cropped.jpg","identifier":"9678-wpsso-schema-4x3","name":"20190615_085852  &ndash; Taekwondourheilijat 2011 | Taekwondoa parhaassa...","alternateName":"20190615_085852  &ndash; Taekwondourheilijat 2011 | Taekwondoa parhaassa seurassa | Helsinki | Espoo | Vantaa","description":"No Description.","encodingFormat":"image\/jpeg","uploadDate":"2019-06-16T07:22:49+00:00","width":[{"@id":"#sso\/qv-width-px-1200"}],"height":[{"@id":"#sso\/qv-height-px-900"}]},{"@id":"#sso\/qv-height-px-900","@context":"https:\/\/schema.org","@type":"QuantitativeValue","name":"Height","unitText":"px","unitCode":"E37","value":"900"},{"@id":"https:\/\/tu11.fi\/taekwondo\/wp-content\/uploads\/2019\/06\/20190615_085852-1200x675-cropped.jpg#sso\/image-object","@context":"https:\/\/schema.org","@type":"ImageObject","url":"https:\/\/tu11.fi\/taekwondo\/wp-content\/uploads\/2019\/06\/20190615_085852-1200x675-cropped.jpg","identifier":"9678-wpsso-schema-16x9","name":"20190615_085852  &ndash; Taekwondourheilijat 2011 | Taekwondoa parhaassa...","alternateName":"20190615_085852  &ndash; Taekwondourheilijat 2011 | Taekwondoa parhaassa seurassa | Helsinki | Espoo | Vantaa","description":"No Description.","encodingFormat":"image\/jpeg","uploadDate":"2019-06-16T07:22:49+00:00","width":[{"@id":"#sso\/qv-width-px-1200"}],"height":[{"@id":"#sso\/qv-height-px-675"}]},{"@id":"#sso\/qv-height-px-675","@context":"https:\/\/schema.org","@type":"QuantitativeValue","name":"Height","unitText":"px","unitCode":"E37","value":"675"},{"@id":"\/hinnasto\/vyokoehinnasto\/#sso\/breadcrumb-list\/1536","@context":"https:\/\/schema.org","@type":"BreadcrumbList","url":"https:\/\/tu11.fi\/taekwondo\/et\/hinnasto\/vyokoehinnasto\/","itemListElement":[{"@context":"https:\/\/schema.org","@type":"ListItem","position":1,"name":"Home","item":"https:\/\/tu11.fi\/taekwondo\/et\/"},{"@context":"https:\/\/schema.org","@type":"ListItem","position":2,"name":"Blog","item":"https:\/\/tu11.fi\/taekwondo\/"},{"@context":"https:\/\/schema.org","@type":"ListItem","position":3,"name":"Taekwondo - Hinnasto - Taekwondourheilijat 2011","item":"https:\/\/tu11.fi\/taekwondo\/et\/hinnasto\/"},{"@context":"https:\/\/schema.org","@type":"ListItem","position":4,"name":"Taekwondo - Vy&ouml;koehinnasto - Taekwondourheilijat 2011","item":"https:\/\/tu11.fi\/taekwondo\/et\/hinnasto\/vyokoehinnasto\/"}]}]}],"parts":[["meta","name","generator","content","WPSSO Core 21.12.0\/L*","generator:1"],["meta","name","generator","content","WPSSO RAR 3.3.0\/S","generator:2"],["meta","name","generator","content","WPSSO REST 3.3.0\/S","generator:3"],["meta","name","generator","content","WPSSO BC 5.5.0\/S","generator:4"],["meta","name","generator","content","WPSSO FAQ 7.1.0\/S","generator:5"],["meta","name","generator","content","WPSSO OPM 5.1.0\/S","generator:6"],["meta","name","generator","content","WPSSO SSM 3.4.0\/S","generator:7"],["meta","name","generator","content","WPSSO TIE 4.1.0\/S","generator:8"],["meta","name","generator","content","WPSSO UM 7.3.0\/S","generator:9"],["meta","name","generator","content","WPSSO UL 4.3.0\/S","generator:10"],["link","rel","shortlink","href","https:\/\/tu11.fi\/taekwondo\/et\/?p=1536",""],["meta","property","fb:app_id","content","966242223397117",""],["meta","property","og:time","content","2026-04-04T03:40:44+00:00",""],["meta","property","og:type","content","website",""],["meta","property","og:url","content","https:\/\/tu11.fi\/taekwondo\/et\/hinnasto\/vyokoehinnasto\/",""],["meta","property","og:locale","content","en_US",""],["meta","property","og:site_name","content","Taekwondourheilijat 2011 | Taekwondoa parhaassa seurassa | Helsinki | Espoo | Vantaa",""],["meta","property","og:title","content","Taekwondo - Vy&ouml;koehinnasto - Taekwondourheilijat 2011",""],["meta","property","og:description","content","Taekwondon vy&ouml;koehinnasto ja vy&ouml;j&auml;rjestelm&auml; Taekwondourheilijoiden salilla Helsingin Konalassa. Katso t&auml;st&auml;!",""],["meta","property","og:updated_time","content","2026-02-03T21:46:19+00:00",""],["meta","property","og:image:secure_url","content","https:\/\/tu11.fi\/taekwondo\/wp-content\/uploads\/2019\/06\/20190615_085852-1200x630-cropped.jpg","og:image:1"],["meta","property","og:image:url","content","https:\/\/tu11.fi\/taekwondo\/wp-content\/uploads\/2019\/06\/20190615_085852-1200x630-cropped.jpg","og:image:1"],["meta","property","og:image","content","https:\/\/tu11.fi\/taekwondo\/wp-content\/uploads\/2019\/06\/20190615_085852-1200x630-cropped.jpg","og:image:1"],["meta","property","og:image:width","content","1200","og:image:1"],["meta","property","og:image:height","content","630","og:image:1"],["meta","property","og:image:cropped","content","true","og:image:1"],["meta","property","og:image:id","content","9678","og:image:1"],["meta","property","og:image:size_name","content","wpsso-opengraph","og:image:1"],["meta","name","schema:language","content","et",""],["meta","name","schema:type:id","content","sports.team",""],["meta","name","schema:type:url","content","https:\/\/schema.org\/SportsTeam",""],["meta","name","schema:type:context","content","https:\/\/schema.org",""],["meta","name","schema:type:name","content","SportsTeam",""],["meta","name","schema:type:path","content","schema.org\/SportsTeam",""],["meta","property","article:author:name","content","Teemu Heino",""],["meta","property","article:reading_mins","content","1",""],["meta","name","twitter:domain","content","tu11.fi",""],["meta","name","twitter:site","content","@taekwondourh",""],["meta","name","twitter:title","content","Taekwondo - Vy&ouml;koehinnasto - Taekwondourheilijat 2011",""],["meta","name","twitter:description","content","Taekwondon vy&ouml;koehinnasto ja vy&ouml;j&auml;rjestelm&auml; Taekwondourheilijoiden salilla Helsingin Konalassa. Katso t&auml;st&auml;!",""],["meta","name","twitter:card","content","summary_large_image",""],["meta","name","twitter:image","content","https:\/\/tu11.fi\/taekwondo\/wp-content\/uploads\/2019\/06\/20190615_085852-1200x630-cropped.jpg?p=1536",""],["meta","name","thumbnail","content","https:\/\/tu11.fi\/taekwondo\/wp-content\/uploads\/2019\/06\/20190615_085852-1200x630-cropped.jpg",""]]},"_links":{"self":[{"href":"https:\/\/tu11.fi\/taekwondo\/et\/wp-json\/wp\/v2\/pages\/1536","targetHints":{"allow":["GET"]}}],"collection":[{"href":"https:\/\/tu11.fi\/taekwondo\/et\/wp-json\/wp\/v2\/pages"}],"about":[{"href":"https:\/\/tu11.fi\/taekwondo\/et\/wp-json\/wp\/v2\/types\/page"}],"author":[{"embeddable":true,"href":"https:\/\/tu11.fi\/taekwondo\/et\/wp-json\/wp\/v2\/users\/1"}],"replies":[{"embeddable":true,"href":"https:\/\/tu11.fi\/taekwondo\/et\/wp-json\/wp\/v2\/comments?post=1536"}],"version-history":[{"count":1,"href":"https:\/\/tu11.fi\/taekwondo\/et\/wp-json\/wp\/v2\/pages\/1536\/revisions"}],"predecessor-version":[{"id":51013,"href":"https:\/\/tu11.fi\/taekwondo\/et\/wp-json\/wp\/v2\/pages\/1536\/revisions\/51013"}],"up":[{"embeddable":true,"href":"https:\/\/tu11.fi\/taekwondo\/et\/wp-json\/wp\/v2\/pages\/109"}],"wp:featuredmedia":[{"embeddable":true,"href":"https:\/\/tu11.fi\/taekwondo\/et\/wp-json\/wp\/v2\/media\/9678"}],"wp:attachment":[{"href":"https:\/\/tu11.fi\/taekwondo\/et\/wp-json\/wp\/v2\/media?parent=1536"}],"curies":[{"name":"wp","href":"https:\/\/api.w.org\/{rel}","templated":true}]}}