{"id":16301,"date":"2022-07-28T09:12:57","date_gmt":"2022-07-28T09:12:57","guid":{"rendered":"https:\/\/tu11.fi\/taekwondo\/?page_id=16301"},"modified":"2025-04-15T11:59:46","modified_gmt":"2025-04-15T11:59:46","slug":"ristipellontie-14-juhised-jalakaijatele-autojuhtidele-ja-jalgratturitele","status":"publish","type":"page","link":"https:\/\/tu11.fi\/taekwondo\/et\/ristipellontie-14-ohjeita-jalankulkijoille-autoilijoille-ja-pyorailijoille\/","title":{"rendered":"Ristipellontie 14, juhised jalak\u00e4ijatele, autojuhtidele ja jalgratturitele"},"content":{"rendered":"<p>Uue saali liikluskeskkond on pehmelt \u00f6eldes v\u00e4ljakutseid pakkuv. Siin on m\u00f5ned juhised neile, kes reisivad jalgsi, autoga v\u00f5i jalgrattaga. Eelk\u00f5ige autojuhid peavad neid juhiseid t\u00e4pselt j\u00e4rgima!<\/p>\n<h3>Uksed<\/h3>\n<p><img decoding=\"async\" src=\"http:\/\/tu11.fi\/taekwondo\/wp-content\/uploads\/2025\/04\/kartta_sisaan.png\" alt=\"\" \/><\/p>\n<p>Hoone Ristipellontie poolsest k\u00fcljest saavad l\u00e4bida vaid Punttisali.com kliendid, kellel on juba p\u00e4\u00e4s. Teised kasutavad hoone taga asuvaid uksi. Esimest ust kasutavad HAC ja teist TU11, Punttisalin.com ja riietusruumi kasutavad HAC sportlased.<\/p>\n<h3>Jalak\u00e4ija<\/h3>\n<p><img decoding=\"async\" src=\"https:\/\/tu11.fi\/taekwondo\/wp-content\/uploads\/2022\/07\/kavely.jpg\" \/><\/p>\n<p>Jalutusk\u00e4ik kulgeb \u00fcmber hoone vastup\u00e4eva. Olge ettevaatlik. Ristipellontie \u00fcletamine on eriti ohtlik, kuna puudub \u00fclek\u00e4igurada.<\/p>\n<h3>Maanteel<\/h3>\n<p>Autojuhtidel lasub eriline vastutus jalak\u00e4ijate ohutuse eest. J\u00e4rgi nii neid juhiseid kui ka Sulle suuliselt ja liiklusm\u00e4rkidega antud lisajuhiseid!<\/p>\n<h4>S\u00f5idumarsruudid<\/h4>\n<p><img decoding=\"async\" src=\"https:\/\/tu11.fi\/taekwondo\/wp-content\/uploads\/2022\/07\/ajoreitit.jpg\" alt=\"S\u00f5idumarsruudid TU11 HAC Punttisali.com\" width=\"1191\" height=\"842\" \/><\/p>\n<p>Reisimine \u00fcmber hoone toimub vastup\u00e4eva. P\u00f6\u00f6rake t\u00e4helepanu parkimiskohtadele ja parkimiskeelualadele.<\/p>\n<p>Sisenemiseks kasutatakse keskmist v\u00e4ravat ja v\u00e4ljumine toimub l\u00f5una- v\u00f5i p\u00f5hjav\u00e4ravast.<\/p>\n<h4>Parkimiskeelu alad<\/h4>\n<p><img decoding=\"async\" src=\"https:\/\/tu11.fi\/taekwondo\/wp-content\/uploads\/2022\/07\/pysakointikiellot.jpg\" alt=\"Parkimiskeelualad TU11 HAC PUNTTISALI.COM\" width=\"1191\" height=\"842\" \/><\/p>\n<p>Parkimine on lubatud ainult t\u00e4histatud kohtades. Kohad laadimissillal (m\u00e4rgitud oran\u017eiga) on reserveeritud transpordi- ja hooldusliikluseks.<\/p>\n<p>Hoone taga (punane ala) on parkimine rangelt keelatud.<\/p>\n<h4>Parkimiskohad<\/h4>\n<p><img decoding=\"async\" src=\"https:\/\/tu11.fi\/taekwondo\/wp-content\/uploads\/2022\/07\/parkkipaikat.jpg\" \/><\/p>\n<p>Vihre\u00e4ll\u00e4 merkityt paikat ovat HAC:n, TU11:n ja Punttisali.comin k\u00e4ytt\u00e4jien k\u00e4yt\u00f6ss\u00e4. K\u00e4yt\u00e4 vain merkittyj\u00e4 paikkoja. Kello 17.00 j\u00e4lkeen on my\u00f6s mahdollista k\u00e4ytt\u00e4\u00e4 Ristipellontie 16 parkkipaikkaa, josta on k\u00e4vely-yhteys Ristipellontie 14.<br \/><br \/>Kollasega t\u00e4histatud alasid kasutavad HAC, TU11 ja Punttisali.com kasutajad <strong>17.00-7.00.<\/strong> Kasutage ainult m\u00e4rgitud kohti.<\/p>\n<p>Ristipellontie vastask\u00fcljel on palju parkimist nii t\u00e4nava \u00e4\u00e4res kui ka parklates. Pange t\u00e4hele k\u00f5iki piiranguid!<\/p>\n<h3>Jalgrattaga<\/h3>\n<p><img decoding=\"async\" src=\"https:\/\/tu11.fi\/taekwondo\/wp-content\/uploads\/2022\/07\/pyorat.jpg\" alt=\"Jalgrattad TU11 HAC Punttisali.com\" width=\"1191\" height=\"842\" \/><\/p>\n<p>Jalgratastele on reserveeritud koht HACi ja TU11\/Punttisali.com uste vahelisel alal. Olge piirkonnas ringi liikudes ettevaatlik. \u00c4rge j\u00e4tke oma jalgratast teele.\u00a0<\/p>","protected":false},"excerpt":{"rendered":"<p>Uue saali liikluskeskkond on pehmelt \u00f6eldes v\u00e4ljakutseid pakkuv. Siin on m\u00f5ned juhised neile, kes reisivad jalgsi, auto v\u00f5i jalgrattaga. Eelk\u00f5ige autojuhid peavad neid juhiseid t\u00e4pselt j\u00e4rgima! Hoone Ristipellontie poolsest ustest p\u00e4\u00e4sevad sisse vaid Punttisali.com kliendid, kellel on juba juurdep\u00e4\u00e4susildid. Teised kasutavad hoone taga asuvaid uksi. Esimest ust kasutavad HAC ja teist kasutavad TU11, Punttisalin.com ja need HAC sportlased, kes...<\/p>","protected":false},"author":2,"featured_media":49820,"parent":0,"menu_order":0,"comment_status":"closed","ping_status":"closed","template":"templates\/template-cover.php","meta":{"footnotes":""},"class_list":["post-16301","page","type-page","status-publish","has-post-thumbnail","hentry"],"yoast_head":"<!-- This site is optimized with the Yoast SEO plugin v27.2 - https:\/\/yoast.com\/product\/yoast-seo-wordpress\/ -->\n<title>Ristipellontie 14, ohjeita jalankulkijoille, autoilijoille ja py\u00f6r\u00e4ilij\u00f6ille - Taekwondourheilijat 2011 | Taekwondoa parhaassa seurassa | Helsinki | Espoo | Vantaa<\/title>\n<meta name=\"description\" content=\"TU11 tarjoaa innostavan ymp\u00e4rist\u00f6n harjoitella taekwondoa kaikenik\u00e4isille ja -tasoisille, aloittelijoista huippu-urheilijoihin. Valmennus on systemaattista ja valmentajat maamme parhaimmistoa. Aloita taekwondo nyt!\" \/>\n<meta name=\"robots\" content=\"index, follow, max-snippet:-1, max-image-preview:large, max-video-preview:-1\" \/>\n<link rel=\"canonical\" href=\"https:\/\/tu11.fi\/taekwondo\/et\/ristipellontie-14-juhised-jalakaijatele-autojuhtidele-ja-jalgratturitele\/\" \/>\n<script type=\"application\/ld+json\" class=\"yoast-schema-graph\">{\"@context\":\"https:\/\/schema.org\",\"@graph\":[]}<\/script>\n<!-- \/ Yoast SEO plugin. -->","yoast_head_json":{"title":"Ristipellontie 14, ohjeita jalankulkijoille, autoilijoille ja py\u00f6r\u00e4ilij\u00f6ille - Taekwondourheilijat 2011 | Taekwondoa parhaassa seurassa | Helsinki | Espoo | Vantaa","description":"TU11 pakub inspireerivat keskkonda taekwondo harjutamiseks igas vanuses ja tasemel, algajatest tippsportlasteni. Treeningud on s\u00fcsteemsed ja treenerid on meie riigi parimad. Alusta taekwondoga kohe!","robots":{"index":"index","follow":"follow","max-snippet":"max-snippet:-1","max-image-preview":"max-image-preview:large","max-video-preview":"max-video-preview:-1"},"canonical":"https:\/\/tu11.fi\/taekwondo\/et\/ristipellontie-14-juhised-jalakaijatele-autojuhtidele-ja-jalgratturitele\/","schema":{"@context":"https:\/\/schema.org","@graph":[]}},"amp_enabled":true,"head":{"html":["<meta name=\"wpsso-begin\" content=\"wpsso structured data begin\"\/>\n","<!-- generator:1 --><meta name=\"generator\" content=\"WPSSO Core 21.12.0\/L*\"\/>\n","<!-- generator:2 --><meta name=\"generator\" content=\"WPSSO RAR 3.3.0\/S\"\/>\n","<!-- generator:3 --><meta name=\"generator\" content=\"WPSSO REST 3.3.0\/S\"\/>\n","<!-- generator:4 --><meta name=\"generator\" content=\"WPSSO BC 5.5.0\/S\"\/>\n","<!-- generator:5 --><meta name=\"generator\" content=\"WPSSO FAQ 7.1.0\/S\"\/>\n","<!-- generator:6 --><meta name=\"generator\" content=\"WPSSO OPM 5.1.0\/S\"\/>\n","<!-- generator:7 --><meta name=\"generator\" content=\"WPSSO SSM 3.4.0\/S\"\/>\n","<!-- generator:8 --><meta name=\"generator\" content=\"WPSSO TIE 4.1.0\/S\"\/>\n","<!-- generator:9 --><meta name=\"generator\" content=\"WPSSO UM 7.3.0\/S\"\/>\n","<!-- generator:10 --><meta name=\"generator\" content=\"WPSSO UL 4.3.0\/S\"\/>\n","<link rel=\"shortlink\" href=\"https:\/\/tu11.fi\/taekwondo\/et\/?p=16301\"\/>\n","<meta property=\"fb:app_id\" content=\"966242223397117\"\/>\n","<meta property=\"og:type\" content=\"website\"\/>\n","<meta property=\"og:url\" content=\"https:\/\/tu11.fi\/taekwondo\/et\/ristipellontie-14-ohjeita-jalankulkijoille-autoilijoille-ja-pyorailijoille\/\"\/>\n","<meta property=\"og:locale\" content=\"en_US\"\/>\n","<meta property=\"og:site_name\" content=\"Taekwondourheilijat 2011 | Taekwondoa parhaassa seurassa | Helsinki | Espoo | Vantaa\"\/>\n","<meta property=\"og:title\" content=\"Ristipellontie 14, ohjeita jalankulkijoille, autoilijoille ja...\"\/>\n","<meta property=\"og:description\" content=\"TU11 tarjoaa innostavan ymp&auml;rist&ouml;n harjoitella taekwondoa kaikenik&auml;isille ja -tasoisille, aloittelijoista huippu-urheilijoihin. Valmennus on systemaattista ja valmentajat maamme parhaimmistoa. Aloita taekwondo nyt!\"\/>\n","<meta property=\"og:updated_time\" content=\"2025-04-15T11:59:46+00:00\"\/>\n","<!-- og:image:1 --><meta property=\"og:image\" content=\"https:\/\/tu11.fi\/taekwondo\/wp-content\/uploads\/2025\/04\/kartta_sisaan-1200x630-cropped.png\"\/>\n","<!-- og:image:1 --><meta property=\"og:image:width\" content=\"1200\"\/>\n","<!-- og:image:1 --><meta property=\"og:image:height\" content=\"630\"\/>\n","<meta name=\"twitter:domain\" content=\"tu11.fi\"\/>\n","<meta name=\"twitter:site\" content=\"@taekwondourh\"\/>\n","<meta name=\"twitter:title\" content=\"Ristipellontie 14, ohjeita jalankulkijoille, autoilijoille ja...\"\/>\n","<meta name=\"twitter:description\" content=\"TU11 tarjoaa innostavan ymp&auml;rist&ouml;n harjoitella taekwondoa kaikenik&auml;isille ja -tasoisille, aloittelijoista huippu-urheilijoihin. Valmennus on systemaattista ja valmentajat maamme parhaimmistoa...\"\/>\n","<meta name=\"twitter:card\" content=\"summary_large_image\"\/>\n","<meta name=\"twitter:image\" content=\"https:\/\/tu11.fi\/taekwondo\/wp-content\/uploads\/2025\/04\/kartta_sisaan-1200x630-cropped.png?p=16301\"\/>\n","<meta name=\"thumbnail\" content=\"https:\/\/tu11.fi\/taekwondo\/wp-content\/uploads\/2025\/04\/kartta_sisaan-1200x630-cropped.png\"\/>\n","<script type=\"application\/ld+json\" id=\"wpsso-schema-graph\">{\n    \"@context\": \"https:\/\/schema.org\",\n    \"@graph\": [\n        {\n            \"@id\": \"#sso\/knowledge-graph\/sports-team\/16301\",\n            \"@context\": \"https:\/\/schema.org\",\n            \"@type\": \"SportsTeam\",\n            \"mainEntityOfPage\": \"https:\/\/tu11.fi\/taekwondo\/et\/ristipellontie-14-ohjeita-jalankulkijoille-autoilijoille-ja-pyorailijoille\/\",\n            \"url\": \"https:\/\/tu11.fi\/taekwondo\/et\/ristipellontie-14-ohjeita-jalankulkijoille-autoilijoille-ja-pyorailijoille\/\",\n            \"sameAs\": [\n                \"https:\/\/tu11.fi\/taekwondo\/et\/?p=16301\"\n            ],\n            \"name\": \"Ristipellontie 14, ohjeita jalankulkijoille, autoilijoille ja...\",\n            \"alternateName\": \"Ristipellontie 14, ohjeita jalankulkijoille, autoilijoille ja py&ouml;r&auml;ilij&ouml;ille  &ndash; Taekwondourheilijat 2011 |...\",\n            \"description\": \"TU11 tarjoaa innostavan ymp&auml;rist&ouml;n harjoitella taekwondoa kaikenik&auml;isille ja -tasoisille, aloittelijoista huippu-urheilijoihin. Valmennus on systemaattista ja valmentajat maamme parhaimmistoa. Aloita taekwondo nyt!\",\n            \"image\": [\n                {\n                    \"@id\": \"https:\/\/tu11.fi\/taekwondo\/wp-content\/uploads\/2023\/04\/petteri_tu11-kopio-5-1200x1200-cropped.jpg#sso\/image-object\"\n                },\n                {\n                    \"@id\": \"https:\/\/tu11.fi\/taekwondo\/wp-content\/uploads\/2025\/04\/kartta_sisaan-1200x900-cropped.png#sso\/image-object\"\n                },\n                {\n                    \"@id\": \"https:\/\/tu11.fi\/taekwondo\/wp-content\/uploads\/2025\/04\/kartta_sisaan-1200x675-cropped.png#sso\/image-object\"\n                }\n            ]\n        },\n        {\n            \"@id\": \"https:\/\/tu11.fi\/taekwondo\/wp-content\/uploads\/2023\/04\/petteri_tu11-kopio-5-1200x1200-cropped.jpg#sso\/image-object\",\n            \"@context\": \"https:\/\/schema.org\",\n            \"@type\": \"ImageObject\",\n            \"url\": \"https:\/\/tu11.fi\/taekwondo\/wp-content\/uploads\/2023\/04\/petteri_tu11-kopio-5-1200x1200-cropped.jpg\",\n            \"identifier\": \"14771-wpsso-schema-1x1\",\n            \"name\": \"petteri_tu11-kopio-5  &ndash; Taekwondourheilijat 2011 | Taekwondoa...\",\n            \"alternateName\": \"petteri_tu11-kopio-5  &ndash; Taekwondourheilijat 2011 | Taekwondoa parhaassa seurassa | Helsinki | Espoo | Vantaa\",\n            \"description\": \"No Description.\",\n            \"encodingFormat\": \"image\/jpeg\",\n            \"uploadDate\": \"2023-09-22T07:10:24+00:00\",\n            \"width\": [\n                {\n                    \"@id\": \"#sso\/qv-width-px-1200\"\n                }\n            ],\n            \"height\": [\n                {\n                    \"@id\": \"#sso\/qv-height-px-1200\"\n                }\n            ]\n        },\n        {\n            \"@id\": \"#sso\/qv-width-px-1200\",\n            \"@context\": \"https:\/\/schema.org\",\n            \"@type\": \"QuantitativeValue\",\n            \"name\": \"Width\",\n            \"unitText\": \"px\",\n            \"unitCode\": \"E37\",\n            \"value\": \"1200\"\n        },\n        {\n            \"@id\": \"#sso\/qv-height-px-1200\",\n            \"@context\": \"https:\/\/schema.org\",\n            \"@type\": \"QuantitativeValue\",\n            \"name\": \"Height\",\n            \"unitText\": \"px\",\n            \"unitCode\": \"E37\",\n            \"value\": \"1200\"\n        },\n        {\n            \"@id\": \"https:\/\/tu11.fi\/taekwondo\/wp-content\/uploads\/2025\/04\/kartta_sisaan-1200x900-cropped.png#sso\/image-object\",\n            \"@context\": \"https:\/\/schema.org\",\n            \"@type\": \"ImageObject\",\n            \"url\": \"https:\/\/tu11.fi\/taekwondo\/wp-content\/uploads\/2025\/04\/kartta_sisaan-1200x900-cropped.png\",\n            \"identifier\": \"49820-wpsso-schema-4x3\",\n            \"name\": \"kartta_sisaan  &ndash; Taekwondourheilijat 2011 | Taekwondoa parhaassa...\",\n            \"alternateName\": \"kartta_sisaan  &ndash; Taekwondourheilijat 2011 | Taekwondoa parhaassa seurassa | Helsinki | Espoo | Vantaa\",\n            \"description\": \"No Description.\",\n            \"encodingFormat\": \"image\/png\",\n            \"uploadDate\": \"2025-04-15T11:44:03+00:00\",\n            \"width\": [\n                {\n                    \"@id\": \"#sso\/qv-width-px-1200\"\n                }\n            ],\n            \"height\": [\n                {\n                    \"@id\": \"#sso\/qv-height-px-900\"\n                }\n            ]\n        },\n        {\n            \"@id\": \"#sso\/qv-height-px-900\",\n            \"@context\": \"https:\/\/schema.org\",\n            \"@type\": \"QuantitativeValue\",\n            \"name\": \"Height\",\n            \"unitText\": \"px\",\n            \"unitCode\": \"E37\",\n            \"value\": \"900\"\n        },\n        {\n            \"@id\": \"https:\/\/tu11.fi\/taekwondo\/wp-content\/uploads\/2025\/04\/kartta_sisaan-1200x675-cropped.png#sso\/image-object\",\n            \"@context\": \"https:\/\/schema.org\",\n            \"@type\": \"ImageObject\",\n            \"url\": \"https:\/\/tu11.fi\/taekwondo\/wp-content\/uploads\/2025\/04\/kartta_sisaan-1200x675-cropped.png\",\n            \"identifier\": \"49820-wpsso-schema-16x9\",\n            \"name\": \"kartta_sisaan  &ndash; Taekwondourheilijat 2011 | Taekwondoa parhaassa...\",\n            \"alternateName\": \"kartta_sisaan  &ndash; Taekwondourheilijat 2011 | Taekwondoa parhaassa seurassa | Helsinki | Espoo | Vantaa\",\n            \"description\": \"No Description.\",\n            \"encodingFormat\": \"image\/png\",\n            \"uploadDate\": \"2025-04-15T11:44:03+00:00\",\n            \"width\": [\n                {\n                    \"@id\": \"#sso\/qv-width-px-1200\"\n                }\n            ],\n            \"height\": [\n                {\n                    \"@id\": \"#sso\/qv-height-px-675\"\n                }\n            ]\n        },\n        {\n            \"@id\": \"#sso\/qv-height-px-675\",\n            \"@context\": \"https:\/\/schema.org\",\n            \"@type\": \"QuantitativeValue\",\n            \"name\": \"Height\",\n            \"unitText\": \"px\",\n            \"unitCode\": \"E37\",\n            \"value\": \"675\"\n        },\n        {\n            \"@id\": \"\/ristipellontie-14-ohjeita-jalankulkijoille-autoilijoille-ja-pyorailijoille\/#sso\/breadcrumb-list\/16301\",\n            \"@context\": \"https:\/\/schema.org\",\n            \"@type\": \"BreadcrumbList\",\n            \"url\": \"https:\/\/tu11.fi\/taekwondo\/et\/ristipellontie-14-ohjeita-jalankulkijoille-autoilijoille-ja-pyorailijoille\/\",\n            \"itemListElement\": [\n                {\n                    \"@context\": \"https:\/\/schema.org\",\n                    \"@type\": \"ListItem\",\n                    \"position\": 1,\n                    \"name\": \"Home\",\n                    \"item\": \"https:\/\/tu11.fi\/taekwondo\/et\/\"\n                },\n                {\n                    \"@context\": \"https:\/\/schema.org\",\n                    \"@type\": \"ListItem\",\n                    \"position\": 2,\n                    \"name\": \"Blog\",\n                    \"item\": \"https:\/\/tu11.fi\/taekwondo\/\"\n                },\n                {\n                    \"@context\": \"https:\/\/schema.org\",\n                    \"@type\": \"ListItem\",\n                    \"position\": 3,\n                    \"name\": \"Ristipellontie 14, ohjeita jalankulkijoille, autoilijoille ja...\",\n                    \"item\": \"https:\/\/tu11.fi\/taekwondo\/et\/ristipellontie-14-ohjeita-jalankulkijoille-autoilijoille-ja-pyorailijoille\/\"\n                }\n            ]\n        }\n    ]\n}<\/script>\n","<meta name=\"wpsso-end\" content=\"wpsso structured data end\"\/>\n","<meta name=\"wpsso-cached\" content=\"no cache for tu11.fi\/taekwondo\"\/>\n"],"json":[{"@context":"https:\/\/schema.org","@graph":[{"@id":"#sso\/knowledge-graph\/sports-team\/16301","@context":"https:\/\/schema.org","@type":"SportsTeam","mainEntityOfPage":"https:\/\/tu11.fi\/taekwondo\/et\/ristipellontie-14-ohjeita-jalankulkijoille-autoilijoille-ja-pyorailijoille\/","url":"https:\/\/tu11.fi\/taekwondo\/et\/ristipellontie-14-ohjeita-jalankulkijoille-autoilijoille-ja-pyorailijoille\/","sameAs":["https:\/\/tu11.fi\/taekwondo\/et\/?p=16301"],"name":"Ristipellontie 14, ohjeita jalankulkijoille, autoilijoille ja...","alternateName":"Ristipellontie 14, ohjeita jalankulkijoille, autoilijoille ja py&ouml;r&auml;ilij&ouml;ille  &ndash; Taekwondourheilijat 2011 |...","description":"TU11 tarjoaa innostavan ymp&auml;rist&ouml;n harjoitella taekwondoa kaikenik&auml;isille ja -tasoisille, aloittelijoista huippu-urheilijoihin. Valmennus on systemaattista ja valmentajat maamme parhaimmistoa. Aloita taekwondo nyt!","image":[{"@id":"https:\/\/tu11.fi\/taekwondo\/wp-content\/uploads\/2023\/04\/petteri_tu11-kopio-5-1200x1200-cropped.jpg#sso\/image-object"},{"@id":"https:\/\/tu11.fi\/taekwondo\/wp-content\/uploads\/2025\/04\/kartta_sisaan-1200x900-cropped.png#sso\/image-object"},{"@id":"https:\/\/tu11.fi\/taekwondo\/wp-content\/uploads\/2025\/04\/kartta_sisaan-1200x675-cropped.png#sso\/image-object"}]},{"@id":"https:\/\/tu11.fi\/taekwondo\/wp-content\/uploads\/2023\/04\/petteri_tu11-kopio-5-1200x1200-cropped.jpg#sso\/image-object","@context":"https:\/\/schema.org","@type":"ImageObject","url":"https:\/\/tu11.fi\/taekwondo\/wp-content\/uploads\/2023\/04\/petteri_tu11-kopio-5-1200x1200-cropped.jpg","identifier":"14771-wpsso-schema-1x1","name":"petteri_tu11-kopio-5  &ndash; Taekwondourheilijat 2011 | Taekwondoa...","alternateName":"petteri_tu11-kopio-5  &ndash; Taekwondourheilijat 2011 | Taekwondoa parhaassa seurassa | Helsinki | Espoo | Vantaa","description":"No Description.","encodingFormat":"image\/jpeg","uploadDate":"2023-09-22T07:10:24+00:00","width":[{"@id":"#sso\/qv-width-px-1200"}],"height":[{"@id":"#sso\/qv-height-px-1200"}]},{"@id":"#sso\/qv-width-px-1200","@context":"https:\/\/schema.org","@type":"QuantitativeValue","name":"Width","unitText":"px","unitCode":"E37","value":"1200"},{"@id":"#sso\/qv-height-px-1200","@context":"https:\/\/schema.org","@type":"QuantitativeValue","name":"Height","unitText":"px","unitCode":"E37","value":"1200"},{"@id":"https:\/\/tu11.fi\/taekwondo\/wp-content\/uploads\/2025\/04\/kartta_sisaan-1200x900-cropped.png#sso\/image-object","@context":"https:\/\/schema.org","@type":"ImageObject","url":"https:\/\/tu11.fi\/taekwondo\/wp-content\/uploads\/2025\/04\/kartta_sisaan-1200x900-cropped.png","identifier":"49820-wpsso-schema-4x3","name":"kartta_sisaan  &ndash; Taekwondourheilijat 2011 | Taekwondoa parhaassa...","alternateName":"kartta_sisaan  &ndash; Taekwondourheilijat 2011 | Taekwondoa parhaassa seurassa | Helsinki | Espoo | Vantaa","description":"No Description.","encodingFormat":"image\/png","uploadDate":"2025-04-15T11:44:03+00:00","width":[{"@id":"#sso\/qv-width-px-1200"}],"height":[{"@id":"#sso\/qv-height-px-900"}]},{"@id":"#sso\/qv-height-px-900","@context":"https:\/\/schema.org","@type":"QuantitativeValue","name":"Height","unitText":"px","unitCode":"E37","value":"900"},{"@id":"https:\/\/tu11.fi\/taekwondo\/wp-content\/uploads\/2025\/04\/kartta_sisaan-1200x675-cropped.png#sso\/image-object","@context":"https:\/\/schema.org","@type":"ImageObject","url":"https:\/\/tu11.fi\/taekwondo\/wp-content\/uploads\/2025\/04\/kartta_sisaan-1200x675-cropped.png","identifier":"49820-wpsso-schema-16x9","name":"kartta_sisaan  &ndash; Taekwondourheilijat 2011 | Taekwondoa parhaassa...","alternateName":"kartta_sisaan  &ndash; Taekwondourheilijat 2011 | Taekwondoa parhaassa seurassa | Helsinki | Espoo | Vantaa","description":"No Description.","encodingFormat":"image\/png","uploadDate":"2025-04-15T11:44:03+00:00","width":[{"@id":"#sso\/qv-width-px-1200"}],"height":[{"@id":"#sso\/qv-height-px-675"}]},{"@id":"#sso\/qv-height-px-675","@context":"https:\/\/schema.org","@type":"QuantitativeValue","name":"Height","unitText":"px","unitCode":"E37","value":"675"},{"@id":"\/ristipellontie-14-ohjeita-jalankulkijoille-autoilijoille-ja-pyorailijoille\/#sso\/breadcrumb-list\/16301","@context":"https:\/\/schema.org","@type":"BreadcrumbList","url":"https:\/\/tu11.fi\/taekwondo\/et\/ristipellontie-14-ohjeita-jalankulkijoille-autoilijoille-ja-pyorailijoille\/","itemListElement":[{"@context":"https:\/\/schema.org","@type":"ListItem","position":1,"name":"Home","item":"https:\/\/tu11.fi\/taekwondo\/et\/"},{"@context":"https:\/\/schema.org","@type":"ListItem","position":2,"name":"Blog","item":"https:\/\/tu11.fi\/taekwondo\/"},{"@context":"https:\/\/schema.org","@type":"ListItem","position":3,"name":"Ristipellontie 14, ohjeita jalankulkijoille, autoilijoille ja...","item":"https:\/\/tu11.fi\/taekwondo\/et\/ristipellontie-14-ohjeita-jalankulkijoille-autoilijoille-ja-pyorailijoille\/"}]}]}],"parts":[["meta","name","generator","content","WPSSO Core 21.12.0\/L*","generator:1"],["meta","name","generator","content","WPSSO RAR 3.3.0\/S","generator:2"],["meta","name","generator","content","WPSSO REST 3.3.0\/S","generator:3"],["meta","name","generator","content","WPSSO BC 5.5.0\/S","generator:4"],["meta","name","generator","content","WPSSO FAQ 7.1.0\/S","generator:5"],["meta","name","generator","content","WPSSO OPM 5.1.0\/S","generator:6"],["meta","name","generator","content","WPSSO SSM 3.4.0\/S","generator:7"],["meta","name","generator","content","WPSSO TIE 4.1.0\/S","generator:8"],["meta","name","generator","content","WPSSO UM 7.3.0\/S","generator:9"],["meta","name","generator","content","WPSSO UL 4.3.0\/S","generator:10"],["link","rel","shortlink","href","https:\/\/tu11.fi\/taekwondo\/et\/?p=16301",""],["meta","property","fb:app_id","content","966242223397117",""],["meta","property","og:time","content","2026-04-24T03:18:03+00:00",""],["meta","property","og:type","content","website",""],["meta","property","og:url","content","https:\/\/tu11.fi\/taekwondo\/et\/ristipellontie-14-ohjeita-jalankulkijoille-autoilijoille-ja-pyorailijoille\/",""],["meta","property","og:locale","content","en_US",""],["meta","property","og:site_name","content","Taekwondourheilijat 2011 | Taekwondoa parhaassa seurassa | Helsinki | Espoo | Vantaa",""],["meta","property","og:title","content","Ristipellontie 14, ohjeita jalankulkijoille, autoilijoille ja...",""],["meta","property","og:description","content","TU11 tarjoaa innostavan ymp&auml;rist&ouml;n harjoitella taekwondoa kaikenik&auml;isille ja -tasoisille, aloittelijoista huippu-urheilijoihin. Valmennus on systemaattista ja valmentajat maamme parhaimmistoa. Aloita taekwondo nyt!",""],["meta","property","og:updated_time","content","2025-04-15T11:59:46+00:00",""],["meta","property","og:image:secure_url","content","https:\/\/tu11.fi\/taekwondo\/wp-content\/uploads\/2025\/04\/kartta_sisaan-1200x630-cropped.png","og:image:1"],["meta","property","og:image:url","content","https:\/\/tu11.fi\/taekwondo\/wp-content\/uploads\/2025\/04\/kartta_sisaan-1200x630-cropped.png","og:image:1"],["meta","property","og:image","content","https:\/\/tu11.fi\/taekwondo\/wp-content\/uploads\/2025\/04\/kartta_sisaan-1200x630-cropped.png","og:image:1"],["meta","property","og:image:width","content","1200","og:image:1"],["meta","property","og:image:height","content","630","og:image:1"],["meta","property","og:image:cropped","content","true","og:image:1"],["meta","property","og:image:id","content","49820","og:image:1"],["meta","property","og:image:size_name","content","wpsso-opengraph","og:image:1"],["meta","name","schema:language","content","et",""],["meta","name","schema:type:id","content","sports.team",""],["meta","name","schema:type:url","content","https:\/\/schema.org\/SportsTeam",""],["meta","name","schema:type:context","content","https:\/\/schema.org",""],["meta","name","schema:type:name","content","SportsTeam",""],["meta","name","schema:type:path","content","schema.org\/SportsTeam",""],["meta","property","article:author:name","content","Sampo Pajulampi",""],["meta","property","article:reading_mins","content","1",""],["meta","name","twitter:domain","content","tu11.fi",""],["meta","name","twitter:site","content","@taekwondourh",""],["meta","name","twitter:title","content","Ristipellontie 14, ohjeita jalankulkijoille, autoilijoille ja...",""],["meta","name","twitter:description","content","TU11 tarjoaa innostavan ymp&auml;rist&ouml;n harjoitella taekwondoa kaikenik&auml;isille ja -tasoisille, aloittelijoista huippu-urheilijoihin. Valmennus on systemaattista ja valmentajat maamme parhaimmistoa...",""],["meta","name","twitter:card","content","summary_large_image",""],["meta","name","twitter:image","content","https:\/\/tu11.fi\/taekwondo\/wp-content\/uploads\/2025\/04\/kartta_sisaan-1200x630-cropped.png?p=16301",""],["meta","name","thumbnail","content","https:\/\/tu11.fi\/taekwondo\/wp-content\/uploads\/2025\/04\/kartta_sisaan-1200x630-cropped.png",""]]},"_links":{"self":[{"href":"https:\/\/tu11.fi\/taekwondo\/et\/wp-json\/wp\/v2\/pages\/16301","targetHints":{"allow":["GET"]}}],"collection":[{"href":"https:\/\/tu11.fi\/taekwondo\/et\/wp-json\/wp\/v2\/pages"}],"about":[{"href":"https:\/\/tu11.fi\/taekwondo\/et\/wp-json\/wp\/v2\/types\/page"}],"author":[{"embeddable":true,"href":"https:\/\/tu11.fi\/taekwondo\/et\/wp-json\/wp\/v2\/users\/2"}],"replies":[{"embeddable":true,"href":"https:\/\/tu11.fi\/taekwondo\/et\/wp-json\/wp\/v2\/comments?post=16301"}],"version-history":[{"count":2,"href":"https:\/\/tu11.fi\/taekwondo\/et\/wp-json\/wp\/v2\/pages\/16301\/revisions"}],"predecessor-version":[{"id":49823,"href":"https:\/\/tu11.fi\/taekwondo\/et\/wp-json\/wp\/v2\/pages\/16301\/revisions\/49823"}],"wp:featuredmedia":[{"embeddable":true,"href":"https:\/\/tu11.fi\/taekwondo\/et\/wp-json\/wp\/v2\/media\/49820"}],"wp:attachment":[{"href":"https:\/\/tu11.fi\/taekwondo\/et\/wp-json\/wp\/v2\/media?parent=16301"}],"curies":[{"name":"wp","href":"https:\/\/api.w.org\/{rel}","templated":true}]}}