{"id":13079,"date":"2020-09-01T09:28:17","date_gmt":"2020-09-01T09:28:17","guid":{"rendered":"https:\/\/tu11.fi\/taekwondo\/?page_id=13079"},"modified":"2020-09-16T18:47:05","modified_gmt":"2020-09-16T18:47:05","slug":"%ed%94%bc%eb%93%9c%eb%b0%b1-%ec%84%a4%eb%ac%b8%ec%a1%b0%ec%82%ac","status":"publish","type":"page","link":"https:\/\/tu11.fi\/taekwondo\/ko\/palautekysely\/","title":{"rendered":"\ud53c\ub4dc\ubc31 \uc124\ubb38\uc870\uc0ac"},"content":{"rendered":"<p style=\"text-align: center;\"><a href=\"https:\/\/forms.gle\/S4EapwpYbfsNwAuA9\" target=\"_blank\" rel=\"noopener noreferrer\">\uc5ec\uae30\uc5d0\uc11c \uc124\ubb38\uc870\uc0ac\uc5d0 \uc561\uc138\uc2a4\ud560 \uc218 \uc788\uc2b5\ub2c8\ub2e4. \/ \ub2f5\ubcc0\ud558\ub824\uba74 \uc5ec\uae30\ub97c \ud074\ub9ad\ud558\uc138\uc694 &gt;&gt;<\/a><\/p>\n<p><img decoding=\"async\" src=\"https:\/\/tu11.fi\/taekwondo\/wp-content\/uploads\/2020\/02\/Image-from-iOS-52.jpg\" alt=\"\" \/><\/p>","protected":false},"excerpt":{"rendered":"<p>\uc6b0\ub9ac \ud074\ub7fd \ud65c\ub3d9 \uac1c\ubc1c\uc5d0 \ucc38\uc5ec\ud558\uc138\uc694! \uc124\ubb38\uc870\uc0ac\uc5d0 \uc751\ub2f5\ud558\uc138\uc694. \ucd94\ucca8\uc5d0\ub3c4 \ucc38\uc5ec\ud558\uc2e4 \uc218 \uc788\uc2b5\ub2c8\ub2e4. 2020\ub144 9\uc6d4 \uc911\uc5d0 \ub2f5\ubcc0\uc744 \ub0a8\uaca8\uc8fc\uc138\uc694.<\/p>\n<p>\ud074\ub7fd\uc774 \ub354\uc6b1 \ubc1c\uc804\ud560 \uc218 \uc788\ub3c4\ub85d \ub3c4\uc640\uc8fc\uc138\uc694. \uc544\ub798 \uba87 \uac00\uc9c0 \uc9c8\ubb38\uc5d0 \ub2f5\ud574 \ubcf4\uc138\uc694. \uc6d0\ud558\uc2dc\uba74 \ub300\ud68c\uc5d0 \ucc38\uc5ec\ud558\uc5ec \uc0c8\ub85c\uc6b4 \ub3c4\ubcf5\uc744 \ud68d\ub4dd\ud558\uc2e4 \uc218 \uc788\uc2b5\ub2c8\ub2e4. 2020\ub144 9\uc6d4 \uc911\uc5d0 \ub2f5\ubcc0\uc744 \ub0a8\uaca8\uc8fc\uc138\uc694. <\/p>","protected":false},"author":2,"featured_media":13036,"parent":0,"menu_order":0,"comment_status":"closed","ping_status":"closed","template":"templates\/template-cover.php","meta":{"footnotes":""},"class_list":["post-13079","page","type-page","status-publish","has-post-thumbnail","hentry"],"yoast_head":"<!-- This site is optimized with the Yoast SEO plugin v27.2 - https:\/\/yoast.com\/product\/yoast-seo-wordpress\/ -->\n<title>Palautekysely - Taekwondourheilijat 2011 | Taekwondoa parhaassa seurassa | Helsinki | Espoo | Vantaa<\/title>\n<meta name=\"description\" content=\"TU11 tarjoaa innostavan ymp\u00e4rist\u00f6n harjoitella taekwondoa kaikenik\u00e4isille ja -tasoisille, aloittelijoista huippu-urheilijoihin. Valmennus on systemaattista ja valmentajat maamme parhaimmistoa. Aloita taekwondo nyt!\" \/>\n<meta name=\"robots\" content=\"index, follow, max-snippet:-1, max-image-preview:large, max-video-preview:-1\" \/>\n<link rel=\"canonical\" href=\"https:\/\/tu11.fi\/taekwondo\/ko\/\ud53c\ub4dc\ubc31-\uc124\ubb38\uc870\uc0ac\/\" \/>\n<script type=\"application\/ld+json\" class=\"yoast-schema-graph\">{\"@context\":\"https:\/\/schema.org\",\"@graph\":[]}<\/script>\n<!-- \/ Yoast SEO plugin. -->","yoast_head_json":{"title":"Palautekysely - Taekwondourheilijat 2011 | Taekwondoa parhaassa seurassa | Helsinki | Espoo | Vantaa","description":"TU11\uc740 \ucd08\ubcf4\uc790\ubd80\ud130 \uc5d8\ub9ac\ud2b8 \uc120\uc218\uae4c\uc9c0 \ubaa8\ub4e0 \uc5f0\ub839\uacfc \uc218\uc900\uc758 \ud0dc\uad8c\ub3c4\ub97c \uc5f0\uc2b5\ud560 \uc218 \uc788\ub294 \uc601\uac10\uc744 \uc8fc\ub294 \ud658\uacbd\uc744 \uc81c\uacf5\ud569\ub2c8\ub2e4. \ud6c8\ub828\uc740 \uccb4\uacc4\uc801\uc774\uba70 \ucf54\uce58\uc9c4\uc740 \uc6b0\ub9ac\ub098\ub77c \ucd5c\uace0 \uc218\uc900\uc774\ub2e4. \uc9c0\uae08\ubd80\ud130 \ud0dc\uad8c\ub3c4\ub97c \uc2dc\uc791\ud574 \ubcf4\uc138\uc694!","robots":{"index":"index","follow":"follow","max-snippet":"max-snippet:-1","max-image-preview":"max-image-preview:large","max-video-preview":"max-video-preview:-1"},"canonical":"https:\/\/tu11.fi\/taekwondo\/ko\/\ud53c\ub4dc\ubc31-\uc124\ubb38\uc870\uc0ac\/","schema":{"@context":"https:\/\/schema.org","@graph":[]}},"amp_enabled":false,"head":{"html":["<meta name=\"wpsso-begin\" content=\"wpsso structured data begin\"\/>\n","<!-- generator:1 --><meta name=\"generator\" content=\"WPSSO Core 21.12.0\/L*\"\/>\n","<!-- generator:2 --><meta name=\"generator\" content=\"WPSSO RAR 3.3.0\/S\"\/>\n","<!-- generator:3 --><meta name=\"generator\" content=\"WPSSO REST 3.3.0\/S\"\/>\n","<!-- generator:4 --><meta name=\"generator\" content=\"WPSSO BC 5.5.0\/S\"\/>\n","<!-- generator:5 --><meta name=\"generator\" content=\"WPSSO FAQ 7.1.0\/S\"\/>\n","<!-- generator:6 --><meta name=\"generator\" content=\"WPSSO OPM 5.1.0\/S\"\/>\n","<!-- generator:7 --><meta name=\"generator\" content=\"WPSSO SSM 3.4.0\/S\"\/>\n","<!-- generator:8 --><meta name=\"generator\" content=\"WPSSO TIE 4.1.0\/S\"\/>\n","<!-- generator:9 --><meta name=\"generator\" content=\"WPSSO UM 7.3.0\/S\"\/>\n","<!-- generator:10 --><meta name=\"generator\" content=\"WPSSO UL 4.3.0\/S\"\/>\n","<link rel=\"shortlink\" href=\"https:\/\/tu11.fi\/taekwondo\/ko\/?p=13079\"\/>\n","<meta property=\"fb:app_id\" content=\"966242223397117\"\/>\n","<meta property=\"og:type\" content=\"article\"\/>\n","<meta property=\"og:url\" content=\"https:\/\/tu11.fi\/taekwondo\/ko\/palautekysely\/\"\/>\n","<meta property=\"og:locale\" content=\"ko_KR\"\/>\n","<meta property=\"og:site_name\" content=\"Taekwondourheilijat 2011 | Taekwondoa parhaassa seurassa | Helsinki | Espoo | Vantaa\"\/>\n","<meta property=\"og:title\" content=\"Palautekysely  &ndash; Taekwondourheilijat 2011 | Taekwondoa parhaassa...\"\/>\n","<meta property=\"og:description\" content=\"TU11 tarjoaa innostavan ymp&auml;rist&ouml;n harjoitella taekwondoa kaikenik&auml;isille ja -tasoisille, aloittelijoista huippu-urheilijoihin. Valmennus on systemaattista ja valmentajat maamme parhaimmistoa. Aloita taekwondo nyt!\"\/>\n","<meta property=\"og:updated_time\" content=\"2020-09-16T18:47:05+00:00\"\/>\n","<!-- og:image:1 --><meta property=\"og:image\" content=\"https:\/\/tu11.fi\/taekwondo\/wp-content\/uploads\/2020\/08\/Taekwondourheilijat_2011_004_TU11-scaled-1200x630-cropped.jpg\"\/>\n","<!-- og:image:1 --><meta property=\"og:image:width\" content=\"1200\"\/>\n","<!-- og:image:1 --><meta property=\"og:image:height\" content=\"630\"\/>\n","<meta property=\"article:section\" content=\"Sport\"\/>\n","<meta property=\"article:publisher\" content=\"https:\/\/www.facebook.com\/TU11\"\/>\n","<meta property=\"article:published_time\" content=\"2020-09-01T09:28:17+00:00\"\/>\n","<meta property=\"article:modified_time\" content=\"2020-09-16T18:47:05+00:00\"\/>\n","<meta name=\"twitter:domain\" content=\"tu11.fi\"\/>\n","<meta name=\"twitter:site\" content=\"@taekwondourh\"\/>\n","<meta name=\"twitter:title\" content=\"Palautekysely  &ndash; Taekwondourheilijat 2011 | Taekwondoa parhaassa...\"\/>\n","<meta name=\"twitter:description\" content=\"TU11 tarjoaa innostavan ymp&auml;rist&ouml;n harjoitella taekwondoa kaikenik&auml;isille ja -tasoisille, aloittelijoista huippu-urheilijoihin. Valmennus on systemaattista ja valmentajat maamme parhaimmistoa...\"\/>\n","<meta name=\"twitter:card\" content=\"summary_large_image\"\/>\n","<meta name=\"twitter:image\" content=\"https:\/\/tu11.fi\/taekwondo\/wp-content\/uploads\/2020\/08\/Taekwondourheilijat_2011_004_TU11-scaled-1200x630-cropped.jpg?p=13079\"\/>\n","<meta name=\"twitter:label1\" content=\"Written by\"\/>\n","<meta name=\"twitter:data1\" content=\"Sampo Pajulampi\"\/>\n","<meta name=\"author\" content=\"Sampo Pajulampi\"\/>\n","<meta name=\"thumbnail\" content=\"https:\/\/tu11.fi\/taekwondo\/wp-content\/uploads\/2020\/08\/Taekwondourheilijat_2011_004_TU11-scaled-1200x630-cropped.jpg\"\/>\n","<script type=\"application\/ld+json\" id=\"wpsso-schema-graph\">{\n    \"@context\": \"https:\/\/schema.org\",\n    \"@graph\": [\n        {\n            \"@id\": \"#sso\/knowledge-graph\/sports-team\/13079\",\n            \"@context\": \"https:\/\/schema.org\",\n            \"@type\": \"SportsTeam\",\n            \"mainEntityOfPage\": \"https:\/\/tu11.fi\/taekwondo\/ko\/palautekysely\/\",\n            \"url\": \"https:\/\/tu11.fi\/taekwondo\/ko\/palautekysely\/\",\n            \"sameAs\": [\n                \"https:\/\/tu11.fi\/taekwondo\/ko\/?p=13079\"\n            ],\n            \"name\": \"Palautekysely  &ndash; Taekwondourheilijat 2011 | Taekwondoa parhaassa...\",\n            \"alternateName\": \"Palautekysely  &ndash; Taekwondourheilijat 2011 | Taekwondoa parhaassa seurassa | Helsinki | Espoo | Vantaa\",\n            \"description\": \"TU11 tarjoaa innostavan ymp&auml;rist&ouml;n harjoitella taekwondoa kaikenik&auml;isille ja -tasoisille, aloittelijoista huippu-urheilijoihin. Valmennus on systemaattista ja valmentajat maamme parhaimmistoa. Aloita taekwondo nyt!\",\n            \"image\": [\n                {\n                    \"@id\": \"https:\/\/tu11.fi\/taekwondo\/wp-content\/uploads\/2020\/08\/Taekwondourheilijat_2011_004_TU11-scaled-1200x1200-cropped.jpg#sso\/image-object\"\n                },\n                {\n                    \"@id\": \"https:\/\/tu11.fi\/taekwondo\/wp-content\/uploads\/2020\/08\/Taekwondourheilijat_2011_004_TU11-scaled-1200x900-cropped.jpg#sso\/image-object\"\n                },\n                {\n                    \"@id\": \"https:\/\/tu11.fi\/taekwondo\/wp-content\/uploads\/2020\/08\/Taekwondourheilijat_2011_004_TU11-scaled-1200x675-cropped.jpg#sso\/image-object\"\n                }\n            ]\n        },\n        {\n            \"@id\": \"https:\/\/tu11.fi\/taekwondo\/wp-content\/uploads\/2020\/08\/Taekwondourheilijat_2011_004_TU11-scaled-1200x1200-cropped.jpg#sso\/image-object\",\n            \"@context\": \"https:\/\/schema.org\",\n            \"@type\": \"ImageObject\",\n            \"url\": \"https:\/\/tu11.fi\/taekwondo\/wp-content\/uploads\/2020\/08\/Taekwondourheilijat_2011_004_TU11-scaled-1200x1200-cropped.jpg\",\n            \"identifier\": \"13036-wpsso-schema-1x1\",\n            \"name\": \"Taekwondourheilijat_2011_004_TU11  &ndash; Taekwondourheilijat 2011 |...\",\n            \"alternateName\": \"Taekwondourheilijat_2011_004_TU11  &ndash; Taekwondourheilijat 2011 | Taekwondoa parhaassa seurassa | Helsinki |...\",\n            \"description\": \"No Description.\",\n            \"encodingFormat\": \"image\/jpeg\",\n            \"uploadDate\": \"2020-08-25T09:58:30+00:00\",\n            \"width\": [\n                {\n                    \"@id\": \"#sso\/qv-width-px-1200\"\n                }\n            ],\n            \"height\": [\n                {\n                    \"@id\": \"#sso\/qv-height-px-1200\"\n                }\n            ]\n        },\n        {\n            \"@id\": \"#sso\/qv-width-px-1200\",\n            \"@context\": \"https:\/\/schema.org\",\n            \"@type\": \"QuantitativeValue\",\n            \"name\": \"Width\",\n            \"unitText\": \"px\",\n            \"unitCode\": \"E37\",\n            \"value\": \"1200\"\n        },\n        {\n            \"@id\": \"#sso\/qv-height-px-1200\",\n            \"@context\": \"https:\/\/schema.org\",\n            \"@type\": \"QuantitativeValue\",\n            \"name\": \"Height\",\n            \"unitText\": \"px\",\n            \"unitCode\": \"E37\",\n            \"value\": \"1200\"\n        },\n        {\n            \"@id\": \"https:\/\/tu11.fi\/taekwondo\/wp-content\/uploads\/2020\/08\/Taekwondourheilijat_2011_004_TU11-scaled-1200x900-cropped.jpg#sso\/image-object\",\n            \"@context\": \"https:\/\/schema.org\",\n            \"@type\": \"ImageObject\",\n            \"url\": \"https:\/\/tu11.fi\/taekwondo\/wp-content\/uploads\/2020\/08\/Taekwondourheilijat_2011_004_TU11-scaled-1200x900-cropped.jpg\",\n            \"identifier\": \"13036-wpsso-schema-4x3\",\n            \"name\": \"Taekwondourheilijat_2011_004_TU11  &ndash; Taekwondourheilijat 2011 |...\",\n            \"alternateName\": \"Taekwondourheilijat_2011_004_TU11  &ndash; Taekwondourheilijat 2011 | Taekwondoa parhaassa seurassa | Helsinki |...\",\n            \"description\": \"No Description.\",\n            \"encodingFormat\": \"image\/jpeg\",\n            \"uploadDate\": \"2020-08-25T09:58:30+00:00\",\n            \"width\": [\n                {\n                    \"@id\": \"#sso\/qv-width-px-1200\"\n                }\n            ],\n            \"height\": [\n                {\n                    \"@id\": \"#sso\/qv-height-px-900\"\n                }\n            ]\n        },\n        {\n            \"@id\": \"#sso\/qv-height-px-900\",\n            \"@context\": \"https:\/\/schema.org\",\n            \"@type\": \"QuantitativeValue\",\n            \"name\": \"Height\",\n            \"unitText\": \"px\",\n            \"unitCode\": \"E37\",\n            \"value\": \"900\"\n        },\n        {\n            \"@id\": \"https:\/\/tu11.fi\/taekwondo\/wp-content\/uploads\/2020\/08\/Taekwondourheilijat_2011_004_TU11-scaled-1200x675-cropped.jpg#sso\/image-object\",\n            \"@context\": \"https:\/\/schema.org\",\n            \"@type\": \"ImageObject\",\n            \"url\": \"https:\/\/tu11.fi\/taekwondo\/wp-content\/uploads\/2020\/08\/Taekwondourheilijat_2011_004_TU11-scaled-1200x675-cropped.jpg\",\n            \"identifier\": \"13036-wpsso-schema-16x9\",\n            \"name\": \"Taekwondourheilijat_2011_004_TU11  &ndash; Taekwondourheilijat 2011 |...\",\n            \"alternateName\": \"Taekwondourheilijat_2011_004_TU11  &ndash; Taekwondourheilijat 2011 | Taekwondoa parhaassa seurassa | Helsinki |...\",\n            \"description\": \"No Description.\",\n            \"encodingFormat\": \"image\/jpeg\",\n            \"uploadDate\": \"2020-08-25T09:58:30+00:00\",\n            \"width\": [\n                {\n                    \"@id\": \"#sso\/qv-width-px-1200\"\n                }\n            ],\n            \"height\": [\n                {\n                    \"@id\": \"#sso\/qv-height-px-675\"\n                }\n            ]\n        },\n        {\n            \"@id\": \"#sso\/qv-height-px-675\",\n            \"@context\": \"https:\/\/schema.org\",\n            \"@type\": \"QuantitativeValue\",\n            \"name\": \"Height\",\n            \"unitText\": \"px\",\n            \"unitCode\": \"E37\",\n            \"value\": \"675\"\n        },\n        {\n            \"@id\": \"\/palautekysely\/#sso\/breadcrumb-list\/13079\",\n            \"@context\": \"https:\/\/schema.org\",\n            \"@type\": \"BreadcrumbList\",\n            \"url\": \"https:\/\/tu11.fi\/taekwondo\/ko\/palautekysely\/\",\n            \"itemListElement\": [\n                {\n                    \"@context\": \"https:\/\/schema.org\",\n                    \"@type\": \"ListItem\",\n                    \"position\": 1,\n                    \"name\": \"Home\",\n                    \"item\": \"https:\/\/tu11.fi\/taekwondo\/ko\/\"\n                },\n                {\n                    \"@context\": \"https:\/\/schema.org\",\n                    \"@type\": \"ListItem\",\n                    \"position\": 2,\n                    \"name\": \"Blog\",\n                    \"item\": \"https:\/\/tu11.fi\/taekwondo\/\"\n                },\n                {\n                    \"@context\": \"https:\/\/schema.org\",\n                    \"@type\": \"ListItem\",\n                    \"position\": 3,\n                    \"name\": \"Palautekysely   Taekwondourheilijat 2011 | Taekwondoa parhaassa...\",\n                    \"item\": \"https:\/\/tu11.fi\/taekwondo\/ko\/palautekysely\/\"\n                }\n            ]\n        }\n    ]\n}<\/script>\n","<meta name=\"wpsso-end\" content=\"wpsso structured data end\"\/>\n","<meta name=\"wpsso-cached\" content=\"no cache for tu11.fi\/taekwondo\"\/>\n"],"json":[{"@context":"https:\/\/schema.org","@graph":[{"@id":"#sso\/knowledge-graph\/sports-team\/13079","@context":"https:\/\/schema.org","@type":"SportsTeam","mainEntityOfPage":"https:\/\/tu11.fi\/taekwondo\/ko\/palautekysely\/","url":"https:\/\/tu11.fi\/taekwondo\/ko\/palautekysely\/","sameAs":["https:\/\/tu11.fi\/taekwondo\/ko\/?p=13079"],"name":"Palautekysely  &ndash; Taekwondourheilijat 2011 | Taekwondoa parhaassa...","alternateName":"Palautekysely  &ndash; Taekwondourheilijat 2011 | Taekwondoa parhaassa seurassa | Helsinki | Espoo | Vantaa","description":"TU11 tarjoaa innostavan ymp&auml;rist&ouml;n harjoitella taekwondoa kaikenik&auml;isille ja -tasoisille, aloittelijoista huippu-urheilijoihin. Valmennus on systemaattista ja valmentajat maamme parhaimmistoa. Aloita taekwondo nyt!","image":[{"@id":"https:\/\/tu11.fi\/taekwondo\/wp-content\/uploads\/2020\/08\/Taekwondourheilijat_2011_004_TU11-scaled-1200x1200-cropped.jpg#sso\/image-object"},{"@id":"https:\/\/tu11.fi\/taekwondo\/wp-content\/uploads\/2020\/08\/Taekwondourheilijat_2011_004_TU11-scaled-1200x900-cropped.jpg#sso\/image-object"},{"@id":"https:\/\/tu11.fi\/taekwondo\/wp-content\/uploads\/2020\/08\/Taekwondourheilijat_2011_004_TU11-scaled-1200x675-cropped.jpg#sso\/image-object"}]},{"@id":"https:\/\/tu11.fi\/taekwondo\/wp-content\/uploads\/2020\/08\/Taekwondourheilijat_2011_004_TU11-scaled-1200x1200-cropped.jpg#sso\/image-object","@context":"https:\/\/schema.org","@type":"ImageObject","url":"https:\/\/tu11.fi\/taekwondo\/wp-content\/uploads\/2020\/08\/Taekwondourheilijat_2011_004_TU11-scaled-1200x1200-cropped.jpg","identifier":"13036-wpsso-schema-1x1","name":"Taekwondourheilijat_2011_004_TU11  &ndash; Taekwondourheilijat 2011 |...","alternateName":"Taekwondourheilijat_2011_004_TU11  &ndash; Taekwondourheilijat 2011 | Taekwondoa parhaassa seurassa | Helsinki |...","description":"No Description.","encodingFormat":"image\/jpeg","uploadDate":"2020-08-25T09:58:30+00:00","width":[{"@id":"#sso\/qv-width-px-1200"}],"height":[{"@id":"#sso\/qv-height-px-1200"}]},{"@id":"#sso\/qv-width-px-1200","@context":"https:\/\/schema.org","@type":"QuantitativeValue","name":"Width","unitText":"px","unitCode":"E37","value":"1200"},{"@id":"#sso\/qv-height-px-1200","@context":"https:\/\/schema.org","@type":"QuantitativeValue","name":"Height","unitText":"px","unitCode":"E37","value":"1200"},{"@id":"https:\/\/tu11.fi\/taekwondo\/wp-content\/uploads\/2020\/08\/Taekwondourheilijat_2011_004_TU11-scaled-1200x900-cropped.jpg#sso\/image-object","@context":"https:\/\/schema.org","@type":"ImageObject","url":"https:\/\/tu11.fi\/taekwondo\/wp-content\/uploads\/2020\/08\/Taekwondourheilijat_2011_004_TU11-scaled-1200x900-cropped.jpg","identifier":"13036-wpsso-schema-4x3","name":"Taekwondourheilijat_2011_004_TU11  &ndash; Taekwondourheilijat 2011 |...","alternateName":"Taekwondourheilijat_2011_004_TU11  &ndash; Taekwondourheilijat 2011 | Taekwondoa parhaassa seurassa | Helsinki |...","description":"No Description.","encodingFormat":"image\/jpeg","uploadDate":"2020-08-25T09:58:30+00:00","width":[{"@id":"#sso\/qv-width-px-1200"}],"height":[{"@id":"#sso\/qv-height-px-900"}]},{"@id":"#sso\/qv-height-px-900","@context":"https:\/\/schema.org","@type":"QuantitativeValue","name":"Height","unitText":"px","unitCode":"E37","value":"900"},{"@id":"https:\/\/tu11.fi\/taekwondo\/wp-content\/uploads\/2020\/08\/Taekwondourheilijat_2011_004_TU11-scaled-1200x675-cropped.jpg#sso\/image-object","@context":"https:\/\/schema.org","@type":"ImageObject","url":"https:\/\/tu11.fi\/taekwondo\/wp-content\/uploads\/2020\/08\/Taekwondourheilijat_2011_004_TU11-scaled-1200x675-cropped.jpg","identifier":"13036-wpsso-schema-16x9","name":"Taekwondourheilijat_2011_004_TU11  &ndash; Taekwondourheilijat 2011 |...","alternateName":"Taekwondourheilijat_2011_004_TU11  &ndash; Taekwondourheilijat 2011 | Taekwondoa parhaassa seurassa | Helsinki |...","description":"No Description.","encodingFormat":"image\/jpeg","uploadDate":"2020-08-25T09:58:30+00:00","width":[{"@id":"#sso\/qv-width-px-1200"}],"height":[{"@id":"#sso\/qv-height-px-675"}]},{"@id":"#sso\/qv-height-px-675","@context":"https:\/\/schema.org","@type":"QuantitativeValue","name":"Height","unitText":"px","unitCode":"E37","value":"675"},{"@id":"\/palautekysely\/#sso\/breadcrumb-list\/13079","@context":"https:\/\/schema.org","@type":"BreadcrumbList","url":"https:\/\/tu11.fi\/taekwondo\/ko\/palautekysely\/","itemListElement":[{"@context":"https:\/\/schema.org","@type":"ListItem","position":1,"name":"Home","item":"https:\/\/tu11.fi\/taekwondo\/ko\/"},{"@context":"https:\/\/schema.org","@type":"ListItem","position":2,"name":"Blog","item":"https:\/\/tu11.fi\/taekwondo\/"},{"@context":"https:\/\/schema.org","@type":"ListItem","position":3,"name":"Palautekysely   Taekwondourheilijat 2011 | Taekwondoa parhaassa...","item":"https:\/\/tu11.fi\/taekwondo\/ko\/palautekysely\/"}]}]}],"parts":[["meta","name","generator","content","WPSSO Core 21.12.0\/L*","generator:1"],["meta","name","generator","content","WPSSO RAR 3.3.0\/S","generator:2"],["meta","name","generator","content","WPSSO REST 3.3.0\/S","generator:3"],["meta","name","generator","content","WPSSO BC 5.5.0\/S","generator:4"],["meta","name","generator","content","WPSSO FAQ 7.1.0\/S","generator:5"],["meta","name","generator","content","WPSSO OPM 5.1.0\/S","generator:6"],["meta","name","generator","content","WPSSO SSM 3.4.0\/S","generator:7"],["meta","name","generator","content","WPSSO TIE 4.1.0\/S","generator:8"],["meta","name","generator","content","WPSSO UM 7.3.0\/S","generator:9"],["meta","name","generator","content","WPSSO UL 4.3.0\/S","generator:10"],["link","rel","shortlink","href","https:\/\/tu11.fi\/taekwondo\/ko\/?p=13079",""],["meta","property","fb:app_id","content","966242223397117",""],["meta","property","og:time","content","2026-04-10T22:44:58+00:00",""],["meta","property","og:type","content","article",""],["meta","property","og:url","content","https:\/\/tu11.fi\/taekwondo\/ko\/palautekysely\/",""],["meta","property","og:locale","content","ko_KR",""],["meta","property","og:site_name","content","Taekwondourheilijat 2011 | Taekwondoa parhaassa seurassa | Helsinki | Espoo | Vantaa",""],["meta","property","og:title","content","Palautekysely  &ndash; Taekwondourheilijat 2011 | Taekwondoa parhaassa...",""],["meta","property","og:description","content","TU11 tarjoaa innostavan ymp&auml;rist&ouml;n harjoitella taekwondoa kaikenik&auml;isille ja -tasoisille, aloittelijoista huippu-urheilijoihin. Valmennus on systemaattista ja valmentajat maamme parhaimmistoa. Aloita taekwondo nyt!",""],["meta","property","og:updated_time","content","2020-09-16T18:47:05+00:00",""],["meta","property","og:image:secure_url","content","https:\/\/tu11.fi\/taekwondo\/wp-content\/uploads\/2020\/08\/Taekwondourheilijat_2011_004_TU11-scaled-1200x630-cropped.jpg","og:image:1"],["meta","property","og:image:url","content","https:\/\/tu11.fi\/taekwondo\/wp-content\/uploads\/2020\/08\/Taekwondourheilijat_2011_004_TU11-scaled-1200x630-cropped.jpg","og:image:1"],["meta","property","og:image","content","https:\/\/tu11.fi\/taekwondo\/wp-content\/uploads\/2020\/08\/Taekwondourheilijat_2011_004_TU11-scaled-1200x630-cropped.jpg","og:image:1"],["meta","property","og:image:width","content","1200","og:image:1"],["meta","property","og:image:height","content","630","og:image:1"],["meta","property","og:image:cropped","content","true","og:image:1"],["meta","property","og:image:id","content","13036","og:image:1"],["meta","property","og:image:size_name","content","wpsso-opengraph","og:image:1"],["meta","name","schema:language","content","ko_KR",""],["meta","name","schema:type:id","content","sports.team",""],["meta","name","schema:type:url","content","https:\/\/schema.org\/SportsTeam",""],["meta","name","schema:type:context","content","https:\/\/schema.org",""],["meta","name","schema:type:name","content","SportsTeam",""],["meta","name","schema:type:path","content","schema.org\/SportsTeam",""],["meta","property","article:section","content","Sport",""],["meta","property","article:author:name","content","Sampo Pajulampi",""],["meta","property","article:publisher","content","https:\/\/www.facebook.com\/TU11",""],["meta","property","article:published_time","content","2020-09-01T09:28:17+00:00",""],["meta","property","article:modified_time","content","2020-09-16T18:47:05+00:00",""],["meta","property","article:reading_mins","content","0",""],["meta","name","twitter:domain","content","tu11.fi",""],["meta","name","twitter:site","content","@taekwondourh",""],["meta","name","twitter:title","content","Palautekysely  &ndash; Taekwondourheilijat 2011 | Taekwondoa parhaassa...",""],["meta","name","twitter:description","content","TU11 tarjoaa innostavan ymp&auml;rist&ouml;n harjoitella taekwondoa kaikenik&auml;isille ja -tasoisille, aloittelijoista huippu-urheilijoihin. Valmennus on systemaattista ja valmentajat maamme parhaimmistoa...",""],["meta","name","twitter:card","content","summary_large_image",""],["meta","name","twitter:image","content","https:\/\/tu11.fi\/taekwondo\/wp-content\/uploads\/2020\/08\/Taekwondourheilijat_2011_004_TU11-scaled-1200x630-cropped.jpg?p=13079",""],["meta","name","twitter:label1","content","Written by",""],["meta","name","twitter:data1","content","Sampo Pajulampi",""],["meta","name","author","content","Sampo Pajulampi",""],["meta","name","thumbnail","content","https:\/\/tu11.fi\/taekwondo\/wp-content\/uploads\/2020\/08\/Taekwondourheilijat_2011_004_TU11-scaled-1200x630-cropped.jpg",""]]},"_links":{"self":[{"href":"https:\/\/tu11.fi\/taekwondo\/ko\/wp-json\/wp\/v2\/pages\/13079","targetHints":{"allow":["GET"]}}],"collection":[{"href":"https:\/\/tu11.fi\/taekwondo\/ko\/wp-json\/wp\/v2\/pages"}],"about":[{"href":"https:\/\/tu11.fi\/taekwondo\/ko\/wp-json\/wp\/v2\/types\/page"}],"author":[{"embeddable":true,"href":"https:\/\/tu11.fi\/taekwondo\/ko\/wp-json\/wp\/v2\/users\/2"}],"replies":[{"embeddable":true,"href":"https:\/\/tu11.fi\/taekwondo\/ko\/wp-json\/wp\/v2\/comments?post=13079"}],"version-history":[{"count":0,"href":"https:\/\/tu11.fi\/taekwondo\/ko\/wp-json\/wp\/v2\/pages\/13079\/revisions"}],"wp:featuredmedia":[{"embeddable":true,"href":"https:\/\/tu11.fi\/taekwondo\/ko\/wp-json\/wp\/v2\/media\/13036"}],"wp:attachment":[{"href":"https:\/\/tu11.fi\/taekwondo\/ko\/wp-json\/wp\/v2\/media?parent=13079"}],"curies":[{"name":"wp","href":"https:\/\/api.w.org\/{rel}","templated":true}]}}