{"id":12923,"date":"2020-08-24T11:24:34","date_gmt":"2020-08-24T11:24:34","guid":{"rendered":"https:\/\/tu11.fi\/taekwondo\/?page_id=12923"},"modified":"2025-12-12T14:22:59","modified_gmt":"2025-12-12T14:22:59","slug":"finnar","status":"publish","type":"page","link":"https:\/\/tu11.fi\/taekwondo\/pt\/finnair\/","title":{"rendered":"FINNAIR"},"content":{"rendered":"<p>Harjoitukset maanantaisin 17.00-18.00. Tsekkaa uutisista mahdolliset poikkeukset tai tilaa <a href=\"https:\/\/chat.whatsapp.com\/K1xQE5S1VJeBanfdRDPk8V\">WhatsApp-ilmoitukset t\u00e4st\u00e4 &gt;&gt;<\/a><br \/><br \/>Harjoitus on ilmainen. Jos haluat tukea seuraamme, maksa valitsemasi summa Mobile Paylla numeroon 49230 ja merkitse viestiin Finnair. K\u00e4yt\u00e4mme rahat tukirahastomme kautta v\u00e4h\u00e4varaisten perheiden harrastuksen tukemiseen.\u00a0<\/p>\n<p>Jos haluat tukea <a href=\"https:\/\/tu11.fi\/taekwondo\/pt\/ajuda-financeira\/\">Hannin pukurahastoa<\/a>, maksa Mobile Paylla numeroon 49230 30 euroa per lahjoitettava puku ja merkitse viestiin Finnair \/ Hanni. Pro Dobok Finland antaa ilmaisen puvun jokaista lahjoitettua pukua kohti.\u00a0<\/p>\n<p><strong>Se a Finnair for seu empregador, oferecemos a voc\u00ea e aos seus familiares um desconto 20% para atletas de Taekwondo e <a href=\"https:\/\/www.punttisali.com\/\">Punttisali. com<\/a> Servi\u00e7os.<\/strong><\/p>\n<h4>Apoiamos os candidatos de forma igual<\/h4>\n<p>O apoio \u00e9 decidido pelo Diretor Executivo e as decis\u00f5es s\u00e3o revistas pelo Conselho de Administra\u00e7\u00e3o com base nos princ\u00edpios \u00e9ticos do clube. Leia mais sobre o nosso C\u00f3digo de Conduta: <a href=\"https:\/\/tu11.fi\/taekwondo\/pt\/eettinen-ohje\/\">https:\/\/tu11.fi\/taekwondo\/eettinen-ohje\/<\/a><\/p>\n<p>Se houver algo que exija uma considera\u00e7\u00e3o especial, o Conselho de Administra\u00e7\u00e3o decidir\u00e1. O Conselho de Administra\u00e7\u00e3o pode decidir pagar o montante total da fatura ou conceder um aux\u00edlio a grupos que n\u00e3o os mencionados nas condi\u00e7\u00f5es do aux\u00edlio, se n\u00e3o houver outros candidatos ou se existirem motivos particularmente graves para o fazer.<\/p>\n<p>O subs\u00eddio ser\u00e1 deduzido do montante a faturar e o cliente receber\u00e1 uma nova fatura com informa\u00e7\u00f5es sobre o modo de pagamento. No caso do Fundo para o Traje Hanni, o entusiasta receber\u00e1 um novo traje mediante a apresenta\u00e7\u00e3o da decis\u00e3o no ponto de atendimento Pro Dobok Finl\u00e2ndia.<\/p>\n<p>N\u00e3o pedimos informa\u00e7\u00f5es pormenorizadas.<\/p>\n<p>Todos os dados ser\u00e3o destru\u00eddos ap\u00f3s a aprova\u00e7\u00e3o da candidatura. A ajuda distribu\u00edda \u00e9 registada na base de dados. Os dados dos doadores s\u00e3o mantidos nas nossas contas e registos. Saiba mais sobre o tratamento de dados:\u00a0 <a href=\"http:\/\/www.tu11.fi.fi\/taekwondo\/gdpr\/\">http:\/\/www.tu11.fi.fi\/taekwondo\/gdpr\/<\/a> e informa\u00e7\u00f5es contabil\u00edsticas: <a href=\"https:\/\/www.op.fi\/tietosuoja\">Prote\u00e7\u00e3o de dados na OP<\/a>\u00a0<\/p>\n<p>Se o apoio for pago atrav\u00e9s do MobilePay, os dados dos dadores ser\u00e3o armazenados no sistema do MobilePay, de acordo com os termos e condi\u00e7\u00f5es do MobilePay. Ler mais: <a href=\"https:\/\/vippsmobilepay.com\/en-FI\/data-processing-agreement\">Acordo de processamento de dados MobilePay<\/a><\/p>\n<p>S\u00e3o mantidas contas separadas, totalmente an\u00f3nimas, dos fundos doados e da sua utiliza\u00e7\u00e3o, que s\u00e3o disponibilizadas aos membros da associa\u00e7\u00e3o mediante pedido.<\/p>","protected":false},"excerpt":{"rendered":"<p>Se a Finnair for seu empregador, ainda oferecemos a voc\u00ea e seus familiares um desconto 20% nos servi\u00e7os de atletas de Taekwondo e no Punttisali.com. <\/p>","protected":false},"author":15,"featured_media":12834,"parent":0,"menu_order":0,"comment_status":"closed","ping_status":"closed","template":"templates\/template-cover.php","meta":{"footnotes":""},"class_list":["post-12923","page","type-page","status-publish","has-post-thumbnail","hentry"],"yoast_head":"<!-- This site is optimized with the Yoast SEO plugin v27.2 - https:\/\/yoast.com\/product\/yoast-seo-wordpress\/ -->\n<title>FINNAIR - Taekwondourheilijat 2011 | Taekwondoa parhaassa seurassa | Helsinki | Espoo | Vantaa<\/title>\n<meta name=\"description\" content=\"TU11 tarjoaa innostavan ymp\u00e4rist\u00f6n harjoitella taekwondoa kaikenik\u00e4isille ja -tasoisille, aloittelijoista huippu-urheilijoihin. Valmennus on systemaattista ja valmentajat maamme parhaimmistoa. Aloita taekwondo nyt!\" \/>\n<meta name=\"robots\" content=\"index, follow, max-snippet:-1, max-image-preview:large, max-video-preview:-1\" \/>\n<link rel=\"canonical\" href=\"http:\/\/tu11.fi\/taekwondo\/pt\/finnar\/\" \/>\n<script type=\"application\/ld+json\" class=\"yoast-schema-graph\">{\"@context\":\"https:\/\/schema.org\",\"@graph\":[]}<\/script>\n<!-- \/ Yoast SEO plugin. -->","yoast_head_json":{"title":"FINNAIR - Taekwondourheilijat 2011 | Taekwondoa parhaassa seurassa | Helsinki | Espoo | Vantaa","description":"O TU11 oferece um ambiente inspirador para a pr\u00e1tica de taekwondo para todas as idades e n\u00edveis, desde iniciantes at\u00e9 atletas de elite. A forma\u00e7\u00e3o \u00e9 sistem\u00e1tica e os treinadores s\u00e3o os melhores do nosso pa\u00eds. Comece o taekwondo agora!","robots":{"index":"index","follow":"follow","max-snippet":"max-snippet:-1","max-image-preview":"max-image-preview:large","max-video-preview":"max-video-preview:-1"},"canonical":"http:\/\/tu11.fi\/taekwondo\/pt\/finnar\/","schema":{"@context":"https:\/\/schema.org","@graph":[]}},"amp_enabled":true,"head":{"html":["<meta name=\"wpsso-begin\" content=\"wpsso structured data begin\"\/>\n","<!-- generator:1 --><meta name=\"generator\" content=\"WPSSO Core 21.12.0\/L*\"\/>\n","<!-- generator:2 --><meta name=\"generator\" content=\"WPSSO RAR 3.3.0\/S\"\/>\n","<!-- generator:3 --><meta name=\"generator\" content=\"WPSSO REST 3.3.0\/S\"\/>\n","<!-- generator:4 --><meta name=\"generator\" content=\"WPSSO BC 5.5.0\/S\"\/>\n","<!-- generator:5 --><meta name=\"generator\" content=\"WPSSO FAQ 7.1.0\/S\"\/>\n","<!-- generator:6 --><meta name=\"generator\" content=\"WPSSO OPM 5.1.0\/S\"\/>\n","<!-- generator:7 --><meta name=\"generator\" content=\"WPSSO SSM 3.4.0\/S\"\/>\n","<!-- generator:8 --><meta name=\"generator\" content=\"WPSSO TIE 4.1.0\/S\"\/>\n","<!-- generator:9 --><meta name=\"generator\" content=\"WPSSO UM 7.3.0\/S\"\/>\n","<!-- generator:10 --><meta name=\"generator\" content=\"WPSSO UL 4.3.0\/S\"\/>\n","<link rel=\"shortlink\" href=\"https:\/\/tu11.fi\/taekwondo\/pt\/?p=12923\"\/>\n","<meta property=\"fb:app_id\" content=\"966242223397117\"\/>\n","<meta property=\"og:type\" content=\"website\"\/>\n","<meta property=\"og:url\" content=\"https:\/\/tu11.fi\/taekwondo\/pt\/finnair\/\"\/>\n","<meta property=\"og:locale\" content=\"pt_PT\"\/>\n","<meta property=\"og:site_name\" content=\"Taekwondourheilijat 2011 | Taekwondoa parhaassa seurassa | Helsinki | Espoo | Vantaa\"\/>\n","<meta property=\"og:title\" content=\"FINNAIR  &ndash; Taekwondourheilijat 2011 | Taekwondoa parhaassa...\"\/>\n","<meta property=\"og:description\" content=\"TU11 tarjoaa innostavan ymp&auml;rist&ouml;n harjoitella taekwondoa kaikenik&auml;isille ja -tasoisille, aloittelijoista huippu-urheilijoihin. Valmennus on systemaattista ja valmentajat maamme parhaimmistoa. Aloita taekwondo nyt!\"\/>\n","<meta property=\"og:updated_time\" content=\"2025-12-12T14:22:59+00:00\"\/>\n","<!-- og:image:1 --><meta property=\"og:image\" content=\"https:\/\/tu11.fi\/taekwondo\/wp-content\/uploads\/2020\/08\/TU11_petri_aho_2-scaled-1200x630-cropped.jpg\"\/>\n","<!-- og:image:1 --><meta property=\"og:image:width\" content=\"1200\"\/>\n","<!-- og:image:1 --><meta property=\"og:image:height\" content=\"630\"\/>\n","<!-- og:image:1 --><meta property=\"og:image:alt\" content=\"Taekwondourheilijat 2011 - Taekwondoa parhaassa seurassa!\"\/>\n","<meta name=\"twitter:domain\" content=\"tu11.fi\"\/>\n","<meta name=\"twitter:site\" content=\"@taekwondourh\"\/>\n","<meta name=\"twitter:title\" content=\"FINNAIR  &ndash; Taekwondourheilijat 2011 | Taekwondoa parhaassa...\"\/>\n","<meta name=\"twitter:description\" content=\"TU11 tarjoaa innostavan ymp&auml;rist&ouml;n harjoitella taekwondoa kaikenik&auml;isille ja -tasoisille, aloittelijoista huippu-urheilijoihin. Valmennus on systemaattista ja valmentajat maamme parhaimmistoa...\"\/>\n","<meta name=\"twitter:card\" content=\"summary_large_image\"\/>\n","<meta name=\"twitter:image\" content=\"https:\/\/tu11.fi\/taekwondo\/wp-content\/uploads\/2020\/08\/TU11_petri_aho_2-scaled-1200x630-cropped.jpg?p=12923\"\/>\n","<meta name=\"twitter:image:alt\" content=\"Taekwondourheilijat 2011 - Taekwondoa parhaassa seurassa!\"\/>\n","<meta name=\"thumbnail\" content=\"https:\/\/tu11.fi\/taekwondo\/wp-content\/uploads\/2020\/08\/TU11_petri_aho_2-scaled-1200x630-cropped.jpg\"\/>\n","<script type=\"application\/ld+json\" id=\"wpsso-schema-graph\">{\n    \"@context\": \"https:\/\/schema.org\",\n    \"@graph\": [\n        {\n            \"@id\": \"#sso\/knowledge-graph\/sports-team\/12923\",\n            \"@context\": \"https:\/\/schema.org\",\n            \"@type\": \"SportsTeam\",\n            \"mainEntityOfPage\": \"https:\/\/tu11.fi\/taekwondo\/pt\/finnair\/\",\n            \"url\": \"https:\/\/tu11.fi\/taekwondo\/pt\/finnair\/\",\n            \"sameAs\": [\n                \"https:\/\/tu11.fi\/taekwondo\/pt\/?p=12923\"\n            ],\n            \"name\": \"FINNAIR  &ndash; Taekwondourheilijat 2011 | Taekwondoa parhaassa...\",\n            \"alternateName\": \"FINNAIR  &ndash; Taekwondourheilijat 2011 | Taekwondoa parhaassa seurassa | Helsinki | Espoo | Vantaa\",\n            \"description\": \"TU11 tarjoaa innostavan ymp&auml;rist&ouml;n harjoitella taekwondoa kaikenik&auml;isille ja -tasoisille, aloittelijoista huippu-urheilijoihin. Valmennus on systemaattista ja valmentajat maamme parhaimmistoa. Aloita taekwondo nyt!\",\n            \"image\": [\n                {\n                    \"@id\": \"https:\/\/tu11.fi\/taekwondo\/wp-content\/uploads\/2020\/08\/TU11_petri_aho_2-scaled-1200x1200-cropped.jpg#sso\/image-object\"\n                },\n                {\n                    \"@id\": \"https:\/\/tu11.fi\/taekwondo\/wp-content\/uploads\/2020\/08\/TU11_petri_aho_2-scaled-1200x900-cropped.jpg#sso\/image-object\"\n                },\n                {\n                    \"@id\": \"https:\/\/tu11.fi\/taekwondo\/wp-content\/uploads\/2020\/08\/TU11_petri_aho_2-scaled-1200x675-cropped.jpg#sso\/image-object\"\n                }\n            ]\n        },\n        {\n            \"@id\": \"https:\/\/tu11.fi\/taekwondo\/wp-content\/uploads\/2020\/08\/TU11_petri_aho_2-scaled-1200x1200-cropped.jpg#sso\/image-object\",\n            \"@context\": \"https:\/\/schema.org\",\n            \"@type\": \"ImageObject\",\n            \"url\": \"https:\/\/tu11.fi\/taekwondo\/wp-content\/uploads\/2020\/08\/TU11_petri_aho_2-scaled-1200x1200-cropped.jpg\",\n            \"identifier\": \"12834-wpsso-schema-1x1\",\n            \"name\": \"TU11_petri_aho_2  &ndash; Taekwondourheilijat 2011 | Taekwondoa...\",\n            \"alternateName\": \"TU11_petri_aho_2  &ndash; Taekwondourheilijat 2011 | Taekwondoa parhaassa seurassa | Helsinki | Espoo | Vantaa\",\n            \"alternativeHeadline\": \"Taekwondourheilijat 2011 - Taekwondoa parhaassa seurassa!\",\n            \"description\": \"Taekwondourheilijat 2011 - Taekwondoa parhaassa seurassa!\",\n            \"encodingFormat\": \"image\/jpeg\",\n            \"uploadDate\": \"2020-08-06T18:53:44+00:00\",\n            \"width\": [\n                {\n                    \"@id\": \"#sso\/qv-width-px-1200\"\n                }\n            ],\n            \"height\": [\n                {\n                    \"@id\": \"#sso\/qv-height-px-1200\"\n                }\n            ]\n        },\n        {\n            \"@id\": \"#sso\/qv-width-px-1200\",\n            \"@context\": \"https:\/\/schema.org\",\n            \"@type\": \"QuantitativeValue\",\n            \"name\": \"Width\",\n            \"unitText\": \"px\",\n            \"unitCode\": \"E37\",\n            \"value\": \"1200\"\n        },\n        {\n            \"@id\": \"#sso\/qv-height-px-1200\",\n            \"@context\": \"https:\/\/schema.org\",\n            \"@type\": \"QuantitativeValue\",\n            \"name\": \"Height\",\n            \"unitText\": \"px\",\n            \"unitCode\": \"E37\",\n            \"value\": \"1200\"\n        },\n        {\n            \"@id\": \"https:\/\/tu11.fi\/taekwondo\/wp-content\/uploads\/2020\/08\/TU11_petri_aho_2-scaled-1200x900-cropped.jpg#sso\/image-object\",\n            \"@context\": \"https:\/\/schema.org\",\n            \"@type\": \"ImageObject\",\n            \"url\": \"https:\/\/tu11.fi\/taekwondo\/wp-content\/uploads\/2020\/08\/TU11_petri_aho_2-scaled-1200x900-cropped.jpg\",\n            \"identifier\": \"12834-wpsso-schema-4x3\",\n            \"name\": \"TU11_petri_aho_2  &ndash; Taekwondourheilijat 2011 | Taekwondoa...\",\n            \"alternateName\": \"TU11_petri_aho_2  &ndash; Taekwondourheilijat 2011 | Taekwondoa parhaassa seurassa | Helsinki | Espoo | Vantaa\",\n            \"alternativeHeadline\": \"Taekwondourheilijat 2011 - Taekwondoa parhaassa seurassa!\",\n            \"description\": \"Taekwondourheilijat 2011 - Taekwondoa parhaassa seurassa!\",\n            \"encodingFormat\": \"image\/jpeg\",\n            \"uploadDate\": \"2020-08-06T18:53:44+00:00\",\n            \"width\": [\n                {\n                    \"@id\": \"#sso\/qv-width-px-1200\"\n                }\n            ],\n            \"height\": [\n                {\n                    \"@id\": \"#sso\/qv-height-px-900\"\n                }\n            ]\n        },\n        {\n            \"@id\": \"#sso\/qv-height-px-900\",\n            \"@context\": \"https:\/\/schema.org\",\n            \"@type\": \"QuantitativeValue\",\n            \"name\": \"Height\",\n            \"unitText\": \"px\",\n            \"unitCode\": \"E37\",\n            \"value\": \"900\"\n        },\n        {\n            \"@id\": \"https:\/\/tu11.fi\/taekwondo\/wp-content\/uploads\/2020\/08\/TU11_petri_aho_2-scaled-1200x675-cropped.jpg#sso\/image-object\",\n            \"@context\": \"https:\/\/schema.org\",\n            \"@type\": \"ImageObject\",\n            \"url\": \"https:\/\/tu11.fi\/taekwondo\/wp-content\/uploads\/2020\/08\/TU11_petri_aho_2-scaled-1200x675-cropped.jpg\",\n            \"identifier\": \"12834-wpsso-schema-16x9\",\n            \"name\": \"TU11_petri_aho_2  &ndash; Taekwondourheilijat 2011 | Taekwondoa...\",\n            \"alternateName\": \"TU11_petri_aho_2  &ndash; Taekwondourheilijat 2011 | Taekwondoa parhaassa seurassa | Helsinki | Espoo | Vantaa\",\n            \"alternativeHeadline\": \"Taekwondourheilijat 2011 - Taekwondoa parhaassa seurassa!\",\n            \"description\": \"Taekwondourheilijat 2011 - Taekwondoa parhaassa seurassa!\",\n            \"encodingFormat\": \"image\/jpeg\",\n            \"uploadDate\": \"2020-08-06T18:53:44+00:00\",\n            \"width\": [\n                {\n                    \"@id\": \"#sso\/qv-width-px-1200\"\n                }\n            ],\n            \"height\": [\n                {\n                    \"@id\": \"#sso\/qv-height-px-675\"\n                }\n            ]\n        },\n        {\n            \"@id\": \"#sso\/qv-height-px-675\",\n            \"@context\": \"https:\/\/schema.org\",\n            \"@type\": \"QuantitativeValue\",\n            \"name\": \"Height\",\n            \"unitText\": \"px\",\n            \"unitCode\": \"E37\",\n            \"value\": \"675\"\n        },\n        {\n            \"@id\": \"\/finnair\/#sso\/breadcrumb-list\/12923\",\n            \"@context\": \"https:\/\/schema.org\",\n            \"@type\": \"BreadcrumbList\",\n            \"url\": \"https:\/\/tu11.fi\/taekwondo\/pt\/finnair\/\",\n            \"itemListElement\": [\n                {\n                    \"@context\": \"https:\/\/schema.org\",\n                    \"@type\": \"ListItem\",\n                    \"position\": 1,\n                    \"name\": \"Home\",\n                    \"item\": \"https:\/\/tu11.fi\/taekwondo\/pt\/\"\n                },\n                {\n                    \"@context\": \"https:\/\/schema.org\",\n                    \"@type\": \"ListItem\",\n                    \"position\": 2,\n                    \"name\": \"Blog\",\n                    \"item\": \"https:\/\/tu11.fi\/taekwondo\/\"\n                },\n                {\n                    \"@context\": \"https:\/\/schema.org\",\n                    \"@type\": \"ListItem\",\n                    \"position\": 3,\n                    \"name\": \"FINNAIR   Taekwondourheilijat 2011 | Taekwondoa parhaassa seurassa...\",\n                    \"item\": \"https:\/\/tu11.fi\/taekwondo\/pt\/finnair\/\"\n                }\n            ]\n        }\n    ]\n}<\/script>\n","<meta name=\"wpsso-end\" content=\"wpsso structured data end\"\/>\n","<meta name=\"wpsso-cached\" content=\"no cache for tu11.fi\/taekwondo\"\/>\n"],"json":[{"@context":"https:\/\/schema.org","@graph":[{"@id":"#sso\/knowledge-graph\/sports-team\/12923","@context":"https:\/\/schema.org","@type":"SportsTeam","mainEntityOfPage":"https:\/\/tu11.fi\/taekwondo\/pt\/finnair\/","url":"https:\/\/tu11.fi\/taekwondo\/pt\/finnair\/","sameAs":["https:\/\/tu11.fi\/taekwondo\/pt\/?p=12923"],"name":"FINNAIR  &ndash; Taekwondourheilijat 2011 | Taekwondoa parhaassa...","alternateName":"FINNAIR  &ndash; Taekwondourheilijat 2011 | Taekwondoa parhaassa seurassa | Helsinki | Espoo | Vantaa","description":"TU11 tarjoaa innostavan ymp&auml;rist&ouml;n harjoitella taekwondoa kaikenik&auml;isille ja -tasoisille, aloittelijoista huippu-urheilijoihin. Valmennus on systemaattista ja valmentajat maamme parhaimmistoa. Aloita taekwondo nyt!","image":[{"@id":"https:\/\/tu11.fi\/taekwondo\/wp-content\/uploads\/2020\/08\/TU11_petri_aho_2-scaled-1200x1200-cropped.jpg#sso\/image-object"},{"@id":"https:\/\/tu11.fi\/taekwondo\/wp-content\/uploads\/2020\/08\/TU11_petri_aho_2-scaled-1200x900-cropped.jpg#sso\/image-object"},{"@id":"https:\/\/tu11.fi\/taekwondo\/wp-content\/uploads\/2020\/08\/TU11_petri_aho_2-scaled-1200x675-cropped.jpg#sso\/image-object"}]},{"@id":"https:\/\/tu11.fi\/taekwondo\/wp-content\/uploads\/2020\/08\/TU11_petri_aho_2-scaled-1200x1200-cropped.jpg#sso\/image-object","@context":"https:\/\/schema.org","@type":"ImageObject","url":"https:\/\/tu11.fi\/taekwondo\/wp-content\/uploads\/2020\/08\/TU11_petri_aho_2-scaled-1200x1200-cropped.jpg","identifier":"12834-wpsso-schema-1x1","name":"TU11_petri_aho_2  &ndash; Taekwondourheilijat 2011 | Taekwondoa...","alternateName":"TU11_petri_aho_2  &ndash; Taekwondourheilijat 2011 | Taekwondoa parhaassa seurassa | Helsinki | Espoo | Vantaa","alternativeHeadline":"Taekwondourheilijat 2011 - Taekwondoa parhaassa seurassa!","description":"Taekwondourheilijat 2011 - Taekwondoa parhaassa seurassa!","encodingFormat":"image\/jpeg","uploadDate":"2020-08-06T18:53:44+00:00","width":[{"@id":"#sso\/qv-width-px-1200"}],"height":[{"@id":"#sso\/qv-height-px-1200"}]},{"@id":"#sso\/qv-width-px-1200","@context":"https:\/\/schema.org","@type":"QuantitativeValue","name":"Width","unitText":"px","unitCode":"E37","value":"1200"},{"@id":"#sso\/qv-height-px-1200","@context":"https:\/\/schema.org","@type":"QuantitativeValue","name":"Height","unitText":"px","unitCode":"E37","value":"1200"},{"@id":"https:\/\/tu11.fi\/taekwondo\/wp-content\/uploads\/2020\/08\/TU11_petri_aho_2-scaled-1200x900-cropped.jpg#sso\/image-object","@context":"https:\/\/schema.org","@type":"ImageObject","url":"https:\/\/tu11.fi\/taekwondo\/wp-content\/uploads\/2020\/08\/TU11_petri_aho_2-scaled-1200x900-cropped.jpg","identifier":"12834-wpsso-schema-4x3","name":"TU11_petri_aho_2  &ndash; Taekwondourheilijat 2011 | Taekwondoa...","alternateName":"TU11_petri_aho_2  &ndash; Taekwondourheilijat 2011 | Taekwondoa parhaassa seurassa | Helsinki | Espoo | Vantaa","alternativeHeadline":"Taekwondourheilijat 2011 - Taekwondoa parhaassa seurassa!","description":"Taekwondourheilijat 2011 - Taekwondoa parhaassa seurassa!","encodingFormat":"image\/jpeg","uploadDate":"2020-08-06T18:53:44+00:00","width":[{"@id":"#sso\/qv-width-px-1200"}],"height":[{"@id":"#sso\/qv-height-px-900"}]},{"@id":"#sso\/qv-height-px-900","@context":"https:\/\/schema.org","@type":"QuantitativeValue","name":"Height","unitText":"px","unitCode":"E37","value":"900"},{"@id":"https:\/\/tu11.fi\/taekwondo\/wp-content\/uploads\/2020\/08\/TU11_petri_aho_2-scaled-1200x675-cropped.jpg#sso\/image-object","@context":"https:\/\/schema.org","@type":"ImageObject","url":"https:\/\/tu11.fi\/taekwondo\/wp-content\/uploads\/2020\/08\/TU11_petri_aho_2-scaled-1200x675-cropped.jpg","identifier":"12834-wpsso-schema-16x9","name":"TU11_petri_aho_2  &ndash; Taekwondourheilijat 2011 | Taekwondoa...","alternateName":"TU11_petri_aho_2  &ndash; Taekwondourheilijat 2011 | Taekwondoa parhaassa seurassa | Helsinki | Espoo | Vantaa","alternativeHeadline":"Taekwondourheilijat 2011 - Taekwondoa parhaassa seurassa!","description":"Taekwondourheilijat 2011 - Taekwondoa parhaassa seurassa!","encodingFormat":"image\/jpeg","uploadDate":"2020-08-06T18:53:44+00:00","width":[{"@id":"#sso\/qv-width-px-1200"}],"height":[{"@id":"#sso\/qv-height-px-675"}]},{"@id":"#sso\/qv-height-px-675","@context":"https:\/\/schema.org","@type":"QuantitativeValue","name":"Height","unitText":"px","unitCode":"E37","value":"675"},{"@id":"\/finnair\/#sso\/breadcrumb-list\/12923","@context":"https:\/\/schema.org","@type":"BreadcrumbList","url":"https:\/\/tu11.fi\/taekwondo\/pt\/finnair\/","itemListElement":[{"@context":"https:\/\/schema.org","@type":"ListItem","position":1,"name":"Home","item":"https:\/\/tu11.fi\/taekwondo\/pt\/"},{"@context":"https:\/\/schema.org","@type":"ListItem","position":2,"name":"Blog","item":"https:\/\/tu11.fi\/taekwondo\/"},{"@context":"https:\/\/schema.org","@type":"ListItem","position":3,"name":"FINNAIR   Taekwondourheilijat 2011 | Taekwondoa parhaassa seurassa...","item":"https:\/\/tu11.fi\/taekwondo\/pt\/finnair\/"}]}]}],"parts":[["meta","name","generator","content","WPSSO Core 21.12.0\/L*","generator:1"],["meta","name","generator","content","WPSSO RAR 3.3.0\/S","generator:2"],["meta","name","generator","content","WPSSO REST 3.3.0\/S","generator:3"],["meta","name","generator","content","WPSSO BC 5.5.0\/S","generator:4"],["meta","name","generator","content","WPSSO FAQ 7.1.0\/S","generator:5"],["meta","name","generator","content","WPSSO OPM 5.1.0\/S","generator:6"],["meta","name","generator","content","WPSSO SSM 3.4.0\/S","generator:7"],["meta","name","generator","content","WPSSO TIE 4.1.0\/S","generator:8"],["meta","name","generator","content","WPSSO UM 7.3.0\/S","generator:9"],["meta","name","generator","content","WPSSO UL 4.3.0\/S","generator:10"],["link","rel","shortlink","href","https:\/\/tu11.fi\/taekwondo\/pt\/?p=12923",""],["meta","property","fb:app_id","content","966242223397117",""],["meta","property","og:time","content","2026-04-11T19:12:05+00:00",""],["meta","property","og:type","content","website",""],["meta","property","og:url","content","https:\/\/tu11.fi\/taekwondo\/pt\/finnair\/",""],["meta","property","og:locale","content","pt_PT",""],["meta","property","og:site_name","content","Taekwondourheilijat 2011 | Taekwondoa parhaassa seurassa | Helsinki | Espoo | Vantaa",""],["meta","property","og:title","content","FINNAIR  &ndash; Taekwondourheilijat 2011 | Taekwondoa parhaassa...",""],["meta","property","og:description","content","TU11 tarjoaa innostavan ymp&auml;rist&ouml;n harjoitella taekwondoa kaikenik&auml;isille ja -tasoisille, aloittelijoista huippu-urheilijoihin. Valmennus on systemaattista ja valmentajat maamme parhaimmistoa. Aloita taekwondo nyt!",""],["meta","property","og:updated_time","content","2025-12-12T14:22:59+00:00",""],["meta","property","og:image:secure_url","content","https:\/\/tu11.fi\/taekwondo\/wp-content\/uploads\/2020\/08\/TU11_petri_aho_2-scaled-1200x630-cropped.jpg","og:image:1"],["meta","property","og:image:url","content","https:\/\/tu11.fi\/taekwondo\/wp-content\/uploads\/2020\/08\/TU11_petri_aho_2-scaled-1200x630-cropped.jpg","og:image:1"],["meta","property","og:image","content","https:\/\/tu11.fi\/taekwondo\/wp-content\/uploads\/2020\/08\/TU11_petri_aho_2-scaled-1200x630-cropped.jpg","og:image:1"],["meta","property","og:image:width","content","1200","og:image:1"],["meta","property","og:image:height","content","630","og:image:1"],["meta","property","og:image:cropped","content","true","og:image:1"],["meta","property","og:image:id","content","12834","og:image:1"],["meta","property","og:image:alt","content","Taekwondourheilijat 2011 - Taekwondoa parhaassa seurassa!","og:image:1"],["meta","property","og:image:size_name","content","wpsso-opengraph","og:image:1"],["meta","name","schema:language","content","pt_PT",""],["meta","name","schema:type:id","content","sports.team",""],["meta","name","schema:type:url","content","https:\/\/schema.org\/SportsTeam",""],["meta","name","schema:type:context","content","https:\/\/schema.org",""],["meta","name","schema:type:name","content","SportsTeam",""],["meta","name","schema:type:path","content","schema.org\/SportsTeam",""],["meta","property","article:author:name","content","Taekwondourheilijat 2011",""],["meta","property","article:reading_mins","content","1",""],["meta","name","twitter:domain","content","tu11.fi",""],["meta","name","twitter:site","content","@taekwondourh",""],["meta","name","twitter:title","content","FINNAIR  &ndash; Taekwondourheilijat 2011 | Taekwondoa parhaassa...",""],["meta","name","twitter:description","content","TU11 tarjoaa innostavan ymp&auml;rist&ouml;n harjoitella taekwondoa kaikenik&auml;isille ja -tasoisille, aloittelijoista huippu-urheilijoihin. Valmennus on systemaattista ja valmentajat maamme parhaimmistoa...",""],["meta","name","twitter:card","content","summary_large_image",""],["meta","name","twitter:image","content","https:\/\/tu11.fi\/taekwondo\/wp-content\/uploads\/2020\/08\/TU11_petri_aho_2-scaled-1200x630-cropped.jpg?p=12923",""],["meta","name","twitter:image:alt","content","Taekwondourheilijat 2011 - Taekwondoa parhaassa seurassa!",""],["meta","name","thumbnail","content","https:\/\/tu11.fi\/taekwondo\/wp-content\/uploads\/2020\/08\/TU11_petri_aho_2-scaled-1200x630-cropped.jpg",""]]},"_links":{"self":[{"href":"https:\/\/tu11.fi\/taekwondo\/pt\/wp-json\/wp\/v2\/pages\/12923","targetHints":{"allow":["GET"]}}],"collection":[{"href":"https:\/\/tu11.fi\/taekwondo\/pt\/wp-json\/wp\/v2\/pages"}],"about":[{"href":"https:\/\/tu11.fi\/taekwondo\/pt\/wp-json\/wp\/v2\/types\/page"}],"author":[{"embeddable":true,"href":"https:\/\/tu11.fi\/taekwondo\/pt\/wp-json\/wp\/v2\/users\/15"}],"replies":[{"embeddable":true,"href":"https:\/\/tu11.fi\/taekwondo\/pt\/wp-json\/wp\/v2\/comments?post=12923"}],"version-history":[{"count":4,"href":"https:\/\/tu11.fi\/taekwondo\/pt\/wp-json\/wp\/v2\/pages\/12923\/revisions"}],"predecessor-version":[{"id":50725,"href":"https:\/\/tu11.fi\/taekwondo\/pt\/wp-json\/wp\/v2\/pages\/12923\/revisions\/50725"}],"wp:featuredmedia":[{"embeddable":true,"href":"https:\/\/tu11.fi\/taekwondo\/pt\/wp-json\/wp\/v2\/media\/12834"}],"wp:attachment":[{"href":"https:\/\/tu11.fi\/taekwondo\/pt\/wp-json\/wp\/v2\/media?parent=12923"}],"curies":[{"name":"wp","href":"https:\/\/api.w.org\/{rel}","templated":true}]}}