{"id":12923,"date":"2020-08-24T11:24:34","date_gmt":"2020-08-24T11:24:34","guid":{"rendered":"https:\/\/tu11.fi\/taekwondo\/?page_id=12923"},"modified":"2025-12-12T14:22:59","modified_gmt":"2025-12-12T14:22:59","slug":"finnair","status":"publish","type":"page","link":"https:\/\/tu11.fi\/taekwondo\/sv\/finnair\/","title":{"rendered":"FINNAIR"},"content":{"rendered":"<p>Harjoitukset maanantaisin 17.00-18.00. Tsekkaa uutisista mahdolliset poikkeukset tai tilaa <a href=\"https:\/\/chat.whatsapp.com\/K1xQE5S1VJeBanfdRDPk8V\">WhatsApp-ilmoitukset t\u00e4st\u00e4 &gt;&gt;<\/a><br \/><br \/>Harjoitus on ilmainen. Jos haluat tukea seuraamme, maksa valitsemasi summa Mobile Paylla numeroon 49230 ja merkitse viestiin Finnair. K\u00e4yt\u00e4mme rahat tukirahastomme kautta v\u00e4h\u00e4varaisten perheiden harrastuksen tukemiseen.\u00a0<\/p>\n<p>Jos haluat tukea <a href=\"https:\/\/tu11.fi\/taekwondo\/sv\/ekonomiskt-stod\/\">Hannin pukurahastoa<\/a>, maksa Mobile Paylla numeroon 49230 30 euroa per lahjoitettava puku ja merkitse viestiin Finnair \/ Hanni. Pro Dobok Finland antaa ilmaisen puvun jokaista lahjoitettua pukua kohti.\u00a0<\/p>\n<p><strong>Om Finnair \u00e4r din arbetsgivare erbjuder vi dig och dina familjemedlemmar en rabatt p\u00e5 20% f\u00f6r Taekwondo-idrottare och <a href=\"https:\/\/www.punttisali.com\/\">Punttisali.com<\/a> tj\u00e4nster.<\/strong><\/p>\n<h4>Vi st\u00f6djer s\u00f6kande p\u00e5 lika villkor<\/h4>\n<p>Beslut om st\u00f6d fattas av Executive Director och besluten granskas av styrelsen p\u00e5 grundval av klubbens etiska principer. L\u00e4s mer om v\u00e5r uppf\u00f6randekod: <a href=\"https:\/\/tu11.fi\/taekwondo\/sv\/eettinen-ohje\/\">https:\/\/tu11.fi\/taekwondo\/eettinen-ohje\/<\/a><\/p>\n<p>Om det finns n\u00e5got som kr\u00e4ver s\u00e4rskild h\u00e4nsyn ska styrelsen besluta om det. Styrelsen kan besluta att betala hela fakturabeloppet eller att bevilja st\u00f6d till andra grupper \u00e4n de som n\u00e4mns i villkoren f\u00f6r st\u00f6det om det inte finns n\u00e5gra andra s\u00f6kande eller om det finns s\u00e4rskilt allvarliga sk\u00e4l f\u00f6r det.<\/p>\n<p>Bidraget dras av fr\u00e5n det belopp som faktureras och kunden f\u00e5r en ny faktura med information om hur bidraget ska betalas. F\u00f6r Hannis dr\u00e4ktfond f\u00e5r entusiasten en ny dr\u00e4kt genom att visa upp beslutet p\u00e5 Pro Dobok Finlands servicest\u00e4lle.<\/p>\n<p>Vi ber inte om detaljerad information.<\/p>\n<p>Alla uppgifter kommer att f\u00f6rst\u00f6ras efter att ans\u00f6kan har godk\u00e4nts. Utdelat st\u00f6d registreras i databasen. Uppgifter om givare sparas i v\u00e5ra r\u00e4kenskaper och register. L\u00e4s mer om databehandling:\u00a0 <a href=\"http:\/\/www.tu11.fi.fi\/taekwondo\/gdpr\/\">http:\/\/www.tu11.fi.fi\/taekwondo\/gdpr\/<\/a> och redovisningsinformation: <a href=\"https:\/\/www.op.fi\/tietosuoja\">Dataskydd hos OP<\/a>\u00a0<\/p>\n<p>Om st\u00f6det betalas av MobilePay kommer donatorernas uppgifter att lagras i MobilePays system i enlighet med MobilePays villkor. L\u00e4s mer om hur du g\u00f6r: <a href=\"https:\/\/vippsmobilepay.com\/en-FI\/data-processing-agreement\">Avtal om databehandling av MobilePay<\/a><\/p>\n<p>Separata, helt anonymiserade r\u00e4kenskaper f\u00f6rs \u00f6ver donerade medel och deras anv\u00e4ndning, vilka \u00e4r tillg\u00e4ngliga f\u00f6r f\u00f6reningens medlemmar p\u00e5 beg\u00e4ran.<\/p>","protected":false},"excerpt":{"rendered":"<p>Om Finnair \u00e4r din arbetsgivare erbjuder vi fortfarande dig och dina familjemedlemmar en rabatt p\u00e5 20% p\u00e5 tj\u00e4nsterna fr\u00e5n Taekwondo-atleter och Punttisali.com. <\/p>","protected":false},"author":15,"featured_media":12834,"parent":0,"menu_order":0,"comment_status":"closed","ping_status":"closed","template":"templates\/template-cover.php","meta":{"footnotes":""},"class_list":["post-12923","page","type-page","status-publish","has-post-thumbnail","hentry"],"yoast_head":"<!-- This site is optimized with the Yoast SEO plugin v27.2 - https:\/\/yoast.com\/product\/yoast-seo-wordpress\/ -->\n<title>FINNAIR - Taekwondourheilijat 2011 | Taekwondoa parhaassa seurassa | Helsinki | Espoo | Vantaa<\/title>\n<meta name=\"description\" content=\"TU11 tarjoaa innostavan ymp\u00e4rist\u00f6n harjoitella taekwondoa kaikenik\u00e4isille ja -tasoisille, aloittelijoista huippu-urheilijoihin. Valmennus on systemaattista ja valmentajat maamme parhaimmistoa. Aloita taekwondo nyt!\" \/>\n<meta name=\"robots\" content=\"index, follow, max-snippet:-1, max-image-preview:large, max-video-preview:-1\" \/>\n<link rel=\"canonical\" href=\"https:\/\/tu11.fi\/taekwondo\/sv\/finnair\/\" \/>\n<script type=\"application\/ld+json\" class=\"yoast-schema-graph\">{\"@context\":\"https:\/\/schema.org\",\"@graph\":[]}<\/script>\n<!-- \/ Yoast SEO plugin. -->","yoast_head_json":{"title":"FINNAIR - Taekwondourheilijat 2011 | Taekwondoa parhaassa seurassa | Helsinki | Espoo | Vantaa","description":"TU11 erbjuder en inspirerande milj\u00f6 f\u00f6r att ut\u00f6va taekwondo f\u00f6r alla \u00e5ldrar och niv\u00e5er, fr\u00e5n nyb\u00f6rjare till elitidrottare. Utbildningen \u00e4r systematisk och tr\u00e4narna \u00e4r de b\u00e4sta i v\u00e5rt land. B\u00f6rja taekwondo nu!","robots":{"index":"index","follow":"follow","max-snippet":"max-snippet:-1","max-image-preview":"max-image-preview:large","max-video-preview":"max-video-preview:-1"},"canonical":"https:\/\/tu11.fi\/taekwondo\/sv\/finnair\/","schema":{"@context":"https:\/\/schema.org","@graph":[]}},"amp_enabled":true,"head":{"html":["<meta name=\"wpsso-begin\" content=\"wpsso structured data begin\"\/>\n","<!-- generator:1 --><meta name=\"generator\" content=\"WPSSO Core 21.12.0\/L*\"\/>\n","<!-- generator:2 --><meta name=\"generator\" content=\"WPSSO RAR 3.3.0\/S\"\/>\n","<!-- generator:3 --><meta name=\"generator\" content=\"WPSSO REST 3.3.0\/S\"\/>\n","<!-- generator:4 --><meta name=\"generator\" content=\"WPSSO BC 5.5.0\/S\"\/>\n","<!-- generator:5 --><meta name=\"generator\" content=\"WPSSO FAQ 7.1.0\/S\"\/>\n","<!-- generator:6 --><meta name=\"generator\" content=\"WPSSO OPM 5.1.0\/S\"\/>\n","<!-- generator:7 --><meta name=\"generator\" content=\"WPSSO SSM 3.4.0\/S\"\/>\n","<!-- generator:8 --><meta name=\"generator\" content=\"WPSSO TIE 4.1.0\/S\"\/>\n","<!-- generator:9 --><meta name=\"generator\" content=\"WPSSO UM 7.3.0\/S\"\/>\n","<!-- generator:10 --><meta name=\"generator\" content=\"WPSSO UL 4.3.0\/S\"\/>\n","<link rel=\"shortlink\" href=\"https:\/\/tu11.fi\/taekwondo\/sv\/?p=12923\"\/>\n","<meta property=\"fb:app_id\" content=\"966242223397117\"\/>\n","<meta property=\"og:type\" content=\"website\"\/>\n","<meta property=\"og:url\" content=\"https:\/\/tu11.fi\/taekwondo\/sv\/finnair\/\"\/>\n","<meta property=\"og:locale\" content=\"sv_SE\"\/>\n","<meta property=\"og:site_name\" content=\"Taekwondourheilijat 2011 | Taekwondoa parhaassa seurassa | Helsinki | Espoo | Vantaa\"\/>\n","<meta property=\"og:title\" content=\"FINNAIR  &ndash; Taekwondourheilijat 2011 | Taekwondoa parhaassa...\"\/>\n","<meta property=\"og:description\" content=\"TU11 tarjoaa innostavan ymp&auml;rist&ouml;n harjoitella taekwondoa kaikenik&auml;isille ja -tasoisille, aloittelijoista huippu-urheilijoihin. Valmennus on systemaattista ja valmentajat maamme parhaimmistoa. Aloita taekwondo nyt!\"\/>\n","<meta property=\"og:updated_time\" content=\"2025-12-12T14:22:59+00:00\"\/>\n","<!-- og:image:1 --><meta property=\"og:image\" content=\"https:\/\/tu11.fi\/taekwondo\/wp-content\/uploads\/2020\/08\/TU11_petri_aho_2-scaled-1200x630-cropped.jpg\"\/>\n","<!-- og:image:1 --><meta property=\"og:image:width\" content=\"1200\"\/>\n","<!-- og:image:1 --><meta property=\"og:image:height\" content=\"630\"\/>\n","<!-- og:image:1 --><meta property=\"og:image:alt\" content=\"Taekwondourheilijat 2011 - Taekwondoa parhaassa seurassa!\"\/>\n","<meta name=\"twitter:domain\" content=\"tu11.fi\"\/>\n","<meta name=\"twitter:site\" content=\"@taekwondourh\"\/>\n","<meta name=\"twitter:title\" content=\"FINNAIR  &ndash; Taekwondourheilijat 2011 | Taekwondoa parhaassa...\"\/>\n","<meta name=\"twitter:description\" content=\"TU11 tarjoaa innostavan ymp&auml;rist&ouml;n harjoitella taekwondoa kaikenik&auml;isille ja -tasoisille, aloittelijoista huippu-urheilijoihin. Valmennus on systemaattista ja valmentajat maamme parhaimmistoa...\"\/>\n","<meta name=\"twitter:card\" content=\"summary_large_image\"\/>\n","<meta name=\"twitter:image\" content=\"https:\/\/tu11.fi\/taekwondo\/wp-content\/uploads\/2020\/08\/TU11_petri_aho_2-scaled-1200x630-cropped.jpg?p=12923\"\/>\n","<meta name=\"twitter:image:alt\" content=\"Taekwondourheilijat 2011 - Taekwondoa parhaassa seurassa!\"\/>\n","<meta name=\"thumbnail\" content=\"https:\/\/tu11.fi\/taekwondo\/wp-content\/uploads\/2020\/08\/TU11_petri_aho_2-scaled-1200x630-cropped.jpg\"\/>\n","<script type=\"application\/ld+json\" id=\"wpsso-schema-graph\">{\n    \"@context\": \"https:\/\/schema.org\",\n    \"@graph\": [\n        {\n            \"@id\": \"#sso\/knowledge-graph\/sports-team\/12923\",\n            \"@context\": \"https:\/\/schema.org\",\n            \"@type\": \"SportsTeam\",\n            \"mainEntityOfPage\": \"https:\/\/tu11.fi\/taekwondo\/sv\/finnair\/\",\n            \"url\": \"https:\/\/tu11.fi\/taekwondo\/sv\/finnair\/\",\n            \"sameAs\": [\n                \"https:\/\/tu11.fi\/taekwondo\/sv\/?p=12923\"\n            ],\n            \"name\": \"FINNAIR  &ndash; Taekwondourheilijat 2011 | Taekwondoa parhaassa...\",\n            \"alternateName\": \"FINNAIR  &ndash; Taekwondourheilijat 2011 | Taekwondoa parhaassa seurassa | Helsinki | Espoo | Vantaa\",\n            \"description\": \"TU11 tarjoaa innostavan ymp&auml;rist&ouml;n harjoitella taekwondoa kaikenik&auml;isille ja -tasoisille, aloittelijoista huippu-urheilijoihin. Valmennus on systemaattista ja valmentajat maamme parhaimmistoa. Aloita taekwondo nyt!\",\n            \"image\": [\n                {\n                    \"@id\": \"https:\/\/tu11.fi\/taekwondo\/wp-content\/uploads\/2020\/08\/TU11_petri_aho_2-scaled-1200x1200-cropped.jpg#sso\/image-object\"\n                },\n                {\n                    \"@id\": \"https:\/\/tu11.fi\/taekwondo\/wp-content\/uploads\/2020\/08\/TU11_petri_aho_2-scaled-1200x900-cropped.jpg#sso\/image-object\"\n                },\n                {\n                    \"@id\": \"https:\/\/tu11.fi\/taekwondo\/wp-content\/uploads\/2020\/08\/TU11_petri_aho_2-scaled-1200x675-cropped.jpg#sso\/image-object\"\n                }\n            ]\n        },\n        {\n            \"@id\": \"https:\/\/tu11.fi\/taekwondo\/wp-content\/uploads\/2020\/08\/TU11_petri_aho_2-scaled-1200x1200-cropped.jpg#sso\/image-object\",\n            \"@context\": \"https:\/\/schema.org\",\n            \"@type\": \"ImageObject\",\n            \"url\": \"https:\/\/tu11.fi\/taekwondo\/wp-content\/uploads\/2020\/08\/TU11_petri_aho_2-scaled-1200x1200-cropped.jpg\",\n            \"identifier\": \"12834-wpsso-schema-1x1\",\n            \"name\": \"TU11_petri_aho_2  &ndash; Taekwondourheilijat 2011 | Taekwondoa...\",\n            \"alternateName\": \"TU11_petri_aho_2  &ndash; Taekwondourheilijat 2011 | Taekwondoa parhaassa seurassa | Helsinki | Espoo | Vantaa\",\n            \"alternativeHeadline\": \"Taekwondourheilijat 2011 - Taekwondoa parhaassa seurassa!\",\n            \"description\": \"Taekwondourheilijat 2011 - Taekwondoa parhaassa seurassa!\",\n            \"encodingFormat\": \"image\/jpeg\",\n            \"uploadDate\": \"2020-08-06T18:53:44+00:00\",\n            \"width\": [\n                {\n                    \"@id\": \"#sso\/qv-width-px-1200\"\n                }\n            ],\n            \"height\": [\n                {\n                    \"@id\": \"#sso\/qv-height-px-1200\"\n                }\n            ]\n        },\n        {\n            \"@id\": \"#sso\/qv-width-px-1200\",\n            \"@context\": \"https:\/\/schema.org\",\n            \"@type\": \"QuantitativeValue\",\n            \"name\": \"Width\",\n            \"unitText\": \"px\",\n            \"unitCode\": \"E37\",\n            \"value\": \"1200\"\n        },\n        {\n            \"@id\": \"#sso\/qv-height-px-1200\",\n            \"@context\": \"https:\/\/schema.org\",\n            \"@type\": \"QuantitativeValue\",\n            \"name\": \"Height\",\n            \"unitText\": \"px\",\n            \"unitCode\": \"E37\",\n            \"value\": \"1200\"\n        },\n        {\n            \"@id\": \"https:\/\/tu11.fi\/taekwondo\/wp-content\/uploads\/2020\/08\/TU11_petri_aho_2-scaled-1200x900-cropped.jpg#sso\/image-object\",\n            \"@context\": \"https:\/\/schema.org\",\n            \"@type\": \"ImageObject\",\n            \"url\": \"https:\/\/tu11.fi\/taekwondo\/wp-content\/uploads\/2020\/08\/TU11_petri_aho_2-scaled-1200x900-cropped.jpg\",\n            \"identifier\": \"12834-wpsso-schema-4x3\",\n            \"name\": \"TU11_petri_aho_2  &ndash; Taekwondourheilijat 2011 | Taekwondoa...\",\n            \"alternateName\": \"TU11_petri_aho_2  &ndash; Taekwondourheilijat 2011 | Taekwondoa parhaassa seurassa | Helsinki | Espoo | Vantaa\",\n            \"alternativeHeadline\": \"Taekwondourheilijat 2011 - Taekwondoa parhaassa seurassa!\",\n            \"description\": \"Taekwondourheilijat 2011 - Taekwondoa parhaassa seurassa!\",\n            \"encodingFormat\": \"image\/jpeg\",\n            \"uploadDate\": \"2020-08-06T18:53:44+00:00\",\n            \"width\": [\n                {\n                    \"@id\": \"#sso\/qv-width-px-1200\"\n                }\n            ],\n            \"height\": [\n                {\n                    \"@id\": \"#sso\/qv-height-px-900\"\n                }\n            ]\n        },\n        {\n            \"@id\": \"#sso\/qv-height-px-900\",\n            \"@context\": \"https:\/\/schema.org\",\n            \"@type\": \"QuantitativeValue\",\n            \"name\": \"Height\",\n            \"unitText\": \"px\",\n            \"unitCode\": \"E37\",\n            \"value\": \"900\"\n        },\n        {\n            \"@id\": \"https:\/\/tu11.fi\/taekwondo\/wp-content\/uploads\/2020\/08\/TU11_petri_aho_2-scaled-1200x675-cropped.jpg#sso\/image-object\",\n            \"@context\": \"https:\/\/schema.org\",\n            \"@type\": \"ImageObject\",\n            \"url\": \"https:\/\/tu11.fi\/taekwondo\/wp-content\/uploads\/2020\/08\/TU11_petri_aho_2-scaled-1200x675-cropped.jpg\",\n            \"identifier\": \"12834-wpsso-schema-16x9\",\n            \"name\": \"TU11_petri_aho_2  &ndash; Taekwondourheilijat 2011 | Taekwondoa...\",\n            \"alternateName\": \"TU11_petri_aho_2  &ndash; Taekwondourheilijat 2011 | Taekwondoa parhaassa seurassa | Helsinki | Espoo | Vantaa\",\n            \"alternativeHeadline\": \"Taekwondourheilijat 2011 - Taekwondoa parhaassa seurassa!\",\n            \"description\": \"Taekwondourheilijat 2011 - Taekwondoa parhaassa seurassa!\",\n            \"encodingFormat\": \"image\/jpeg\",\n            \"uploadDate\": \"2020-08-06T18:53:44+00:00\",\n            \"width\": [\n                {\n                    \"@id\": \"#sso\/qv-width-px-1200\"\n                }\n            ],\n            \"height\": [\n                {\n                    \"@id\": \"#sso\/qv-height-px-675\"\n                }\n            ]\n        },\n        {\n            \"@id\": \"#sso\/qv-height-px-675\",\n            \"@context\": \"https:\/\/schema.org\",\n            \"@type\": \"QuantitativeValue\",\n            \"name\": \"Height\",\n            \"unitText\": \"px\",\n            \"unitCode\": \"E37\",\n            \"value\": \"675\"\n        },\n        {\n            \"@id\": \"\/finnair\/#sso\/breadcrumb-list\/12923\",\n            \"@context\": \"https:\/\/schema.org\",\n            \"@type\": \"BreadcrumbList\",\n            \"url\": \"https:\/\/tu11.fi\/taekwondo\/sv\/finnair\/\",\n            \"itemListElement\": [\n                {\n                    \"@context\": \"https:\/\/schema.org\",\n                    \"@type\": \"ListItem\",\n                    \"position\": 1,\n                    \"name\": \"Home\",\n                    \"item\": \"https:\/\/tu11.fi\/taekwondo\/sv\/\"\n                },\n                {\n                    \"@context\": \"https:\/\/schema.org\",\n                    \"@type\": \"ListItem\",\n                    \"position\": 2,\n                    \"name\": \"Blog\",\n                    \"item\": \"https:\/\/tu11.fi\/taekwondo\/\"\n                },\n                {\n                    \"@context\": \"https:\/\/schema.org\",\n                    \"@type\": \"ListItem\",\n                    \"position\": 3,\n                    \"name\": \"FINNAIR   Taekwondourheilijat 2011 | Taekwondoa parhaassa seurassa...\",\n                    \"item\": \"https:\/\/tu11.fi\/taekwondo\/sv\/finnair\/\"\n                }\n            ]\n        }\n    ]\n}<\/script>\n","<meta name=\"wpsso-end\" content=\"wpsso structured data end\"\/>\n","<meta name=\"wpsso-cached\" content=\"no cache for tu11.fi\/taekwondo\"\/>\n"],"json":[{"@context":"https:\/\/schema.org","@graph":[{"@id":"#sso\/knowledge-graph\/sports-team\/12923","@context":"https:\/\/schema.org","@type":"SportsTeam","mainEntityOfPage":"https:\/\/tu11.fi\/taekwondo\/sv\/finnair\/","url":"https:\/\/tu11.fi\/taekwondo\/sv\/finnair\/","sameAs":["https:\/\/tu11.fi\/taekwondo\/sv\/?p=12923"],"name":"FINNAIR  &ndash; Taekwondourheilijat 2011 | Taekwondoa parhaassa...","alternateName":"FINNAIR  &ndash; Taekwondourheilijat 2011 | Taekwondoa parhaassa seurassa | Helsinki | Espoo | Vantaa","description":"TU11 tarjoaa innostavan ymp&auml;rist&ouml;n harjoitella taekwondoa kaikenik&auml;isille ja -tasoisille, aloittelijoista huippu-urheilijoihin. Valmennus on systemaattista ja valmentajat maamme parhaimmistoa. Aloita taekwondo nyt!","image":[{"@id":"https:\/\/tu11.fi\/taekwondo\/wp-content\/uploads\/2020\/08\/TU11_petri_aho_2-scaled-1200x1200-cropped.jpg#sso\/image-object"},{"@id":"https:\/\/tu11.fi\/taekwondo\/wp-content\/uploads\/2020\/08\/TU11_petri_aho_2-scaled-1200x900-cropped.jpg#sso\/image-object"},{"@id":"https:\/\/tu11.fi\/taekwondo\/wp-content\/uploads\/2020\/08\/TU11_petri_aho_2-scaled-1200x675-cropped.jpg#sso\/image-object"}]},{"@id":"https:\/\/tu11.fi\/taekwondo\/wp-content\/uploads\/2020\/08\/TU11_petri_aho_2-scaled-1200x1200-cropped.jpg#sso\/image-object","@context":"https:\/\/schema.org","@type":"ImageObject","url":"https:\/\/tu11.fi\/taekwondo\/wp-content\/uploads\/2020\/08\/TU11_petri_aho_2-scaled-1200x1200-cropped.jpg","identifier":"12834-wpsso-schema-1x1","name":"TU11_petri_aho_2  &ndash; Taekwondourheilijat 2011 | Taekwondoa...","alternateName":"TU11_petri_aho_2  &ndash; Taekwondourheilijat 2011 | Taekwondoa parhaassa seurassa | Helsinki | Espoo | Vantaa","alternativeHeadline":"Taekwondourheilijat 2011 - Taekwondoa parhaassa seurassa!","description":"Taekwondourheilijat 2011 - Taekwondoa parhaassa seurassa!","encodingFormat":"image\/jpeg","uploadDate":"2020-08-06T18:53:44+00:00","width":[{"@id":"#sso\/qv-width-px-1200"}],"height":[{"@id":"#sso\/qv-height-px-1200"}]},{"@id":"#sso\/qv-width-px-1200","@context":"https:\/\/schema.org","@type":"QuantitativeValue","name":"Width","unitText":"px","unitCode":"E37","value":"1200"},{"@id":"#sso\/qv-height-px-1200","@context":"https:\/\/schema.org","@type":"QuantitativeValue","name":"Height","unitText":"px","unitCode":"E37","value":"1200"},{"@id":"https:\/\/tu11.fi\/taekwondo\/wp-content\/uploads\/2020\/08\/TU11_petri_aho_2-scaled-1200x900-cropped.jpg#sso\/image-object","@context":"https:\/\/schema.org","@type":"ImageObject","url":"https:\/\/tu11.fi\/taekwondo\/wp-content\/uploads\/2020\/08\/TU11_petri_aho_2-scaled-1200x900-cropped.jpg","identifier":"12834-wpsso-schema-4x3","name":"TU11_petri_aho_2  &ndash; Taekwondourheilijat 2011 | Taekwondoa...","alternateName":"TU11_petri_aho_2  &ndash; Taekwondourheilijat 2011 | Taekwondoa parhaassa seurassa | Helsinki | Espoo | Vantaa","alternativeHeadline":"Taekwondourheilijat 2011 - Taekwondoa parhaassa seurassa!","description":"Taekwondourheilijat 2011 - Taekwondoa parhaassa seurassa!","encodingFormat":"image\/jpeg","uploadDate":"2020-08-06T18:53:44+00:00","width":[{"@id":"#sso\/qv-width-px-1200"}],"height":[{"@id":"#sso\/qv-height-px-900"}]},{"@id":"#sso\/qv-height-px-900","@context":"https:\/\/schema.org","@type":"QuantitativeValue","name":"Height","unitText":"px","unitCode":"E37","value":"900"},{"@id":"https:\/\/tu11.fi\/taekwondo\/wp-content\/uploads\/2020\/08\/TU11_petri_aho_2-scaled-1200x675-cropped.jpg#sso\/image-object","@context":"https:\/\/schema.org","@type":"ImageObject","url":"https:\/\/tu11.fi\/taekwondo\/wp-content\/uploads\/2020\/08\/TU11_petri_aho_2-scaled-1200x675-cropped.jpg","identifier":"12834-wpsso-schema-16x9","name":"TU11_petri_aho_2  &ndash; Taekwondourheilijat 2011 | Taekwondoa...","alternateName":"TU11_petri_aho_2  &ndash; Taekwondourheilijat 2011 | Taekwondoa parhaassa seurassa | Helsinki | Espoo | Vantaa","alternativeHeadline":"Taekwondourheilijat 2011 - Taekwondoa parhaassa seurassa!","description":"Taekwondourheilijat 2011 - Taekwondoa parhaassa seurassa!","encodingFormat":"image\/jpeg","uploadDate":"2020-08-06T18:53:44+00:00","width":[{"@id":"#sso\/qv-width-px-1200"}],"height":[{"@id":"#sso\/qv-height-px-675"}]},{"@id":"#sso\/qv-height-px-675","@context":"https:\/\/schema.org","@type":"QuantitativeValue","name":"Height","unitText":"px","unitCode":"E37","value":"675"},{"@id":"\/finnair\/#sso\/breadcrumb-list\/12923","@context":"https:\/\/schema.org","@type":"BreadcrumbList","url":"https:\/\/tu11.fi\/taekwondo\/sv\/finnair\/","itemListElement":[{"@context":"https:\/\/schema.org","@type":"ListItem","position":1,"name":"Home","item":"https:\/\/tu11.fi\/taekwondo\/sv\/"},{"@context":"https:\/\/schema.org","@type":"ListItem","position":2,"name":"Blog","item":"https:\/\/tu11.fi\/taekwondo\/"},{"@context":"https:\/\/schema.org","@type":"ListItem","position":3,"name":"FINNAIR   Taekwondourheilijat 2011 | Taekwondoa parhaassa seurassa...","item":"https:\/\/tu11.fi\/taekwondo\/sv\/finnair\/"}]}]}],"parts":[["meta","name","generator","content","WPSSO Core 21.12.0\/L*","generator:1"],["meta","name","generator","content","WPSSO RAR 3.3.0\/S","generator:2"],["meta","name","generator","content","WPSSO REST 3.3.0\/S","generator:3"],["meta","name","generator","content","WPSSO BC 5.5.0\/S","generator:4"],["meta","name","generator","content","WPSSO FAQ 7.1.0\/S","generator:5"],["meta","name","generator","content","WPSSO OPM 5.1.0\/S","generator:6"],["meta","name","generator","content","WPSSO SSM 3.4.0\/S","generator:7"],["meta","name","generator","content","WPSSO TIE 4.1.0\/S","generator:8"],["meta","name","generator","content","WPSSO UM 7.3.0\/S","generator:9"],["meta","name","generator","content","WPSSO UL 4.3.0\/S","generator:10"],["link","rel","shortlink","href","https:\/\/tu11.fi\/taekwondo\/sv\/?p=12923",""],["meta","property","fb:app_id","content","966242223397117",""],["meta","property","og:time","content","2026-04-22T09:09:13+00:00",""],["meta","property","og:type","content","website",""],["meta","property","og:url","content","https:\/\/tu11.fi\/taekwondo\/sv\/finnair\/",""],["meta","property","og:locale","content","sv_SE",""],["meta","property","og:site_name","content","Taekwondourheilijat 2011 | Taekwondoa parhaassa seurassa | Helsinki | Espoo | Vantaa",""],["meta","property","og:title","content","FINNAIR  &ndash; Taekwondourheilijat 2011 | Taekwondoa parhaassa...",""],["meta","property","og:description","content","TU11 tarjoaa innostavan ymp&auml;rist&ouml;n harjoitella taekwondoa kaikenik&auml;isille ja -tasoisille, aloittelijoista huippu-urheilijoihin. Valmennus on systemaattista ja valmentajat maamme parhaimmistoa. Aloita taekwondo nyt!",""],["meta","property","og:updated_time","content","2025-12-12T14:22:59+00:00",""],["meta","property","og:image:secure_url","content","https:\/\/tu11.fi\/taekwondo\/wp-content\/uploads\/2020\/08\/TU11_petri_aho_2-scaled-1200x630-cropped.jpg","og:image:1"],["meta","property","og:image:url","content","https:\/\/tu11.fi\/taekwondo\/wp-content\/uploads\/2020\/08\/TU11_petri_aho_2-scaled-1200x630-cropped.jpg","og:image:1"],["meta","property","og:image","content","https:\/\/tu11.fi\/taekwondo\/wp-content\/uploads\/2020\/08\/TU11_petri_aho_2-scaled-1200x630-cropped.jpg","og:image:1"],["meta","property","og:image:width","content","1200","og:image:1"],["meta","property","og:image:height","content","630","og:image:1"],["meta","property","og:image:cropped","content","true","og:image:1"],["meta","property","og:image:id","content","12834","og:image:1"],["meta","property","og:image:alt","content","Taekwondourheilijat 2011 - Taekwondoa parhaassa seurassa!","og:image:1"],["meta","property","og:image:size_name","content","wpsso-opengraph","og:image:1"],["meta","name","schema:language","content","sv_SE",""],["meta","name","schema:type:id","content","sports.team",""],["meta","name","schema:type:url","content","https:\/\/schema.org\/SportsTeam",""],["meta","name","schema:type:context","content","https:\/\/schema.org",""],["meta","name","schema:type:name","content","SportsTeam",""],["meta","name","schema:type:path","content","schema.org\/SportsTeam",""],["meta","property","article:author:name","content","Taekwondourheilijat 2011",""],["meta","property","article:reading_mins","content","1",""],["meta","name","twitter:domain","content","tu11.fi",""],["meta","name","twitter:site","content","@taekwondourh",""],["meta","name","twitter:title","content","FINNAIR  &ndash; Taekwondourheilijat 2011 | Taekwondoa parhaassa...",""],["meta","name","twitter:description","content","TU11 tarjoaa innostavan ymp&auml;rist&ouml;n harjoitella taekwondoa kaikenik&auml;isille ja -tasoisille, aloittelijoista huippu-urheilijoihin. Valmennus on systemaattista ja valmentajat maamme parhaimmistoa...",""],["meta","name","twitter:card","content","summary_large_image",""],["meta","name","twitter:image","content","https:\/\/tu11.fi\/taekwondo\/wp-content\/uploads\/2020\/08\/TU11_petri_aho_2-scaled-1200x630-cropped.jpg?p=12923",""],["meta","name","twitter:image:alt","content","Taekwondourheilijat 2011 - Taekwondoa parhaassa seurassa!",""],["meta","name","thumbnail","content","https:\/\/tu11.fi\/taekwondo\/wp-content\/uploads\/2020\/08\/TU11_petri_aho_2-scaled-1200x630-cropped.jpg",""]]},"_links":{"self":[{"href":"https:\/\/tu11.fi\/taekwondo\/sv\/wp-json\/wp\/v2\/pages\/12923","targetHints":{"allow":["GET"]}}],"collection":[{"href":"https:\/\/tu11.fi\/taekwondo\/sv\/wp-json\/wp\/v2\/pages"}],"about":[{"href":"https:\/\/tu11.fi\/taekwondo\/sv\/wp-json\/wp\/v2\/types\/page"}],"author":[{"embeddable":true,"href":"https:\/\/tu11.fi\/taekwondo\/sv\/wp-json\/wp\/v2\/users\/15"}],"replies":[{"embeddable":true,"href":"https:\/\/tu11.fi\/taekwondo\/sv\/wp-json\/wp\/v2\/comments?post=12923"}],"version-history":[{"count":4,"href":"https:\/\/tu11.fi\/taekwondo\/sv\/wp-json\/wp\/v2\/pages\/12923\/revisions"}],"predecessor-version":[{"id":50725,"href":"https:\/\/tu11.fi\/taekwondo\/sv\/wp-json\/wp\/v2\/pages\/12923\/revisions\/50725"}],"wp:featuredmedia":[{"embeddable":true,"href":"https:\/\/tu11.fi\/taekwondo\/sv\/wp-json\/wp\/v2\/media\/12834"}],"wp:attachment":[{"href":"https:\/\/tu11.fi\/taekwondo\/sv\/wp-json\/wp\/v2\/media?parent=12923"}],"curies":[{"name":"wp","href":"https:\/\/api.w.org\/{rel}","templated":true}]}}