{"id":15568,"date":"2022-02-20T06:23:41","date_gmt":"2022-02-20T06:23:41","guid":{"rendered":"https:\/\/tu11.fi\/taekwondo\/?page_id=15568"},"modified":"2022-02-20T07:43:53","modified_gmt":"2022-02-20T07:43:53","slug":"ytterligare-tjanster","status":"publish","type":"page","link":"https:\/\/tu11.fi\/taekwondo\/sv\/lisapalvelut\/","title":{"rendered":"Ytterligare tj\u00e4nster"},"content":{"rendered":"<h4><a href=\"https:\/\/tu11.fi\/taekwondo\/sv\/privat-lektioner\/\" target=\"_blank\" rel=\"noopener\">Privat lektioner<\/a><\/h4>\n<p>F\u00f6rutom grundl\u00e4ggande och extra \u00f6vningar erbjuder Taekwondourheilaijat privatlektioner f\u00f6r entusiaster som vill f\u00f6rdjupa sina f\u00e4rdigheter inom ett visst omr\u00e5de av sporten.<\/p>\n<h4><a href=\"https:\/\/tu11.fi\/taekwondo\/sv\/2022\/02\/mastarklass\/\" target=\"_blank\" rel=\"noopener\">M\u00e4starklass<\/a><\/h4>\n<p>Nu kan du f\u00e5 Teemu Heino (6:e dan), Petteri Kauppinen (5:e dan), Juho Kostiainen (3:e dan) eller Pauli Raivio (5:e dan) f\u00f6r att hj\u00e4lpa dig n\u00e4r du str\u00e4var mot dina m\u00e5l. Oavsett om det \u00e4r ett b\u00e4ltestest, t\u00e4vlingar, att utveckla fysiska egenskaper eller l\u00e4ra dig n\u00e5got nytt, f\u00e5r du b\u00e4sta m\u00f6jliga st\u00f6d f\u00f6r dina anstr\u00e4ngningar. Du kan ocks\u00e5 s\u00e4tta ihop en liten grupp med ett gemensamt m\u00e5l.<\/p>\n<h4 style=\"text-align: left;\"><span class=\"s1\"><a href=\"https:\/\/tu11.fi\/taekwondo\/sv\/tvattservice\/\">Tv\u00e4ttservice<\/a><strong><a href=\"https:\/\/tu11.fi\/taekwondo\/sv\/tvattservice\/\"> 15 \u20ac\/m\u00e5nad<\/a> <\/strong><\/span><\/h4>\n<p style=\"text-align: left;\"><span class=\"s1\">6-m\u00e5naders kontrakt totalt \u20ac90, 1-m\u00e5naders kontinuerligt kontrakt \u20ac20\/m\u00e5nad, \u00f6ppningsavgift \u20ac20,\u00a0<\/span><\/p>\n<h4 style=\"text-align: left;\"><span class=\"s1\"><a href=\"https:\/\/tu11.fi\/taekwondo\/sv\/egen-garderob\/\" target=\"_blank\" rel=\"noopener\">Sk\u00e5puthyrning f\u00f6r eget bruk<\/a><strong><a href=\"https:\/\/tu11.fi\/taekwondo\/sv\/egen-garderob\/\" target=\"_blank\" rel=\"noopener\"> 7 \u20ac\/m\u00e5nad<\/a> <\/strong><\/span><\/h4>\n<p style=\"text-align: left;\"><span class=\"s1\">Ett 6-m\u00e5naderskontrakt \u00e4r totalt \u20ac42<\/span><\/p>\n<h4 style=\"text-align: left;\"><a href=\"https:\/\/tu11.fi\/taekwondo\/sv\/hall\/\" target=\"_blank\" rel=\"noopener\"><span class=\"s1\">Halluthyrning f\u00f6r eget bruk <strong>25\u20ac<\/strong><\/span><\/a><\/h4>\n<p style=\"text-align: left;\"><span class=\"s1\">Utan giltigt l\u00f6pande kontrakt <strong>+35\u20ac<\/strong><\/span><\/p>\n<h4 class=\"p1\" style=\"text-align: left;\"><a href=\"https:\/\/tu11.fi\/taekwondo\/sv\/synttarit\/\"><span class=\"s1\">Taekwondo f\u00f6delsedagar <\/span><strong><span class=\"s1\">150\u20ac<\/span><\/strong><\/a><\/h4>\n<p class=\"p1\" style=\"text-align: left;\"><span class=\"s1\">Utan giltigt l\u00f6pande kontrakt <strong>+50\u20ac<\/strong><\/span><\/p>\n<h4 class=\"p1\" style=\"text-align: left;\"><a href=\"https:\/\/tu11.fi\/taekwondo\/sv\/ta-kontakt\/\" target=\"_blank\" rel=\"noopener\"><span class=\"s1\">Taekwondo-v\u00e4gledning f\u00f6r en grupp <\/span><strong><span class=\"s1\">Fr\u00e5ga priset!<\/span><\/strong><\/a><\/h4>\n<h4 class=\"p1\" style=\"text-align: left;\"><a href=\"https:\/\/tu11.fi\/taekwondo\/sv\/ta-kontakt\/\"><span class=\"s1\">Taekwondo demonstration <\/span><\/a><strong><span class=\"s1\"><a href=\"https:\/\/tu11.fi\/taekwondo\/sv\/ta-kontakt\/\">Fr\u00e5ga priset!<\/a> <\/span><\/strong><\/h4>\n<p class=\"p1\" style=\"text-align: left;\"><span class=\"s1\">Vi planerar f\u00f6rest\u00e4llningen efter dina behov!<\/span><\/p>\n<h4><a href=\"https:\/\/tu11.fi\/taekwondo\/sv\/prislista\/prislista-for-utrustning\/\" target=\"_blank\" rel=\"noopener\">Utrustning fr\u00e5n gymmet<\/a><\/h4>\n<p>Utrustningen f\u00f6r taekwondo-atleterna tillhandah\u00e5lls av Prodobok Finland Oy, som verkar i gemensamma lokaler med taekwondo-atleterna. I gymmet hittar du all utrustning och redskap du beh\u00f6ver f\u00f6r tr\u00e4ningen.<\/p>","protected":false},"excerpt":{"rendered":"<p>I v\u00e5rt gym hittar du m\u00e5nga till\u00e4ggstj\u00e4nster som underl\u00e4ttar ditt liv och g\u00f6r tr\u00e4ningen bekv\u00e4mare.<\/p>","protected":false},"author":2,"featured_media":15552,"parent":0,"menu_order":0,"comment_status":"closed","ping_status":"closed","template":"templates\/template-cover.php","meta":{"footnotes":""},"class_list":["post-15568","page","type-page","status-publish","has-post-thumbnail","hentry"],"yoast_head":"<!-- This site is optimized with the Yoast SEO plugin v27.2 - https:\/\/yoast.com\/product\/yoast-seo-wordpress\/ -->\n<title>Lis\u00e4palvelut - Taekwondourheilijat 2011 | Taekwondoa parhaassa seurassa | Helsinki | Espoo | Vantaa<\/title>\n<meta name=\"description\" content=\"TU11 tarjoaa innostavan ymp\u00e4rist\u00f6n harjoitella taekwondoa kaikenik\u00e4isille ja -tasoisille, aloittelijoista huippu-urheilijoihin. Valmennus on systemaattista ja valmentajat maamme parhaimmistoa. Aloita taekwondo nyt!\" \/>\n<meta name=\"robots\" content=\"index, follow, max-snippet:-1, max-image-preview:large, max-video-preview:-1\" \/>\n<link rel=\"canonical\" href=\"https:\/\/tu11.fi\/taekwondo\/sv\/ytterligare-tjanster\/\" \/>\n<script type=\"application\/ld+json\" class=\"yoast-schema-graph\">{\"@context\":\"https:\/\/schema.org\",\"@graph\":[]}<\/script>\n<!-- \/ Yoast SEO plugin. -->","yoast_head_json":{"title":"Lis\u00e4palvelut - Taekwondourheilijat 2011 | Taekwondoa parhaassa seurassa | Helsinki | Espoo | Vantaa","description":"TU11 erbjuder en inspirerande milj\u00f6 f\u00f6r att ut\u00f6va taekwondo f\u00f6r alla \u00e5ldrar och niv\u00e5er, fr\u00e5n nyb\u00f6rjare till elitidrottare. Utbildningen \u00e4r systematisk och tr\u00e4narna \u00e4r de b\u00e4sta i v\u00e5rt land. B\u00f6rja taekwondo nu!","robots":{"index":"index","follow":"follow","max-snippet":"max-snippet:-1","max-image-preview":"max-image-preview:large","max-video-preview":"max-video-preview:-1"},"canonical":"https:\/\/tu11.fi\/taekwondo\/sv\/ytterligare-tjanster\/","schema":{"@context":"https:\/\/schema.org","@graph":[]}},"amp_enabled":true,"head":{"html":["<meta name=\"wpsso-begin\" content=\"wpsso structured data begin\"\/>\n","<!-- generator:1 --><meta name=\"generator\" content=\"WPSSO Core 21.12.0\/L*\"\/>\n","<!-- generator:2 --><meta name=\"generator\" content=\"WPSSO RAR 3.3.0\/S\"\/>\n","<!-- generator:3 --><meta name=\"generator\" content=\"WPSSO REST 3.3.0\/S\"\/>\n","<!-- generator:4 --><meta name=\"generator\" content=\"WPSSO BC 5.5.0\/S\"\/>\n","<!-- generator:5 --><meta name=\"generator\" content=\"WPSSO FAQ 7.1.0\/S\"\/>\n","<!-- generator:6 --><meta name=\"generator\" content=\"WPSSO OPM 5.1.0\/S\"\/>\n","<!-- generator:7 --><meta name=\"generator\" content=\"WPSSO SSM 3.4.0\/S\"\/>\n","<!-- generator:8 --><meta name=\"generator\" content=\"WPSSO TIE 4.1.0\/S\"\/>\n","<!-- generator:9 --><meta name=\"generator\" content=\"WPSSO UM 7.3.0\/S\"\/>\n","<!-- generator:10 --><meta name=\"generator\" content=\"WPSSO UL 4.3.0\/S\"\/>\n","<link rel=\"shortlink\" href=\"https:\/\/tu11.fi\/taekwondo\/sv\/?p=15568\"\/>\n","<meta property=\"fb:app_id\" content=\"966242223397117\"\/>\n","<meta property=\"og:type\" content=\"website\"\/>\n","<meta property=\"og:url\" content=\"https:\/\/tu11.fi\/taekwondo\/sv\/lisapalvelut\/\"\/>\n","<meta property=\"og:locale\" content=\"sv_SE\"\/>\n","<meta property=\"og:site_name\" content=\"Taekwondourheilijat 2011 | Taekwondoa parhaassa seurassa | Helsinki | Espoo | Vantaa\"\/>\n","<meta property=\"og:title\" content=\"Lis&auml;palvelut  &ndash; Taekwondourheilijat 2011 | Taekwondoa parhaassa...\"\/>\n","<meta property=\"og:description\" content=\"TU11 tarjoaa innostavan ymp&auml;rist&ouml;n harjoitella taekwondoa kaikenik&auml;isille ja -tasoisille, aloittelijoista huippu-urheilijoihin. Valmennus on systemaattista ja valmentajat maamme parhaimmistoa. Aloita taekwondo nyt!\"\/>\n","<meta property=\"og:updated_time\" content=\"2022-02-20T07:43:53+00:00\"\/>\n","<!-- og:image:1 --><meta property=\"og:image\" content=\"https:\/\/tu11.fi\/taekwondo\/wp-content\/uploads\/2022\/02\/20220219_125558-scaled-1200x630-cropped.jpg\"\/>\n","<!-- og:image:1 --><meta property=\"og:image:width\" content=\"1200\"\/>\n","<!-- og:image:1 --><meta property=\"og:image:height\" content=\"630\"\/>\n","<meta name=\"twitter:domain\" content=\"tu11.fi\"\/>\n","<meta name=\"twitter:site\" content=\"@taekwondourh\"\/>\n","<meta name=\"twitter:title\" content=\"Lis&auml;palvelut  &ndash; Taekwondourheilijat 2011 | Taekwondoa parhaassa...\"\/>\n","<meta name=\"twitter:description\" content=\"TU11 tarjoaa innostavan ymp&auml;rist&ouml;n harjoitella taekwondoa kaikenik&auml;isille ja -tasoisille, aloittelijoista huippu-urheilijoihin. Valmennus on systemaattista ja valmentajat maamme parhaimmistoa...\"\/>\n","<meta name=\"twitter:card\" content=\"summary_large_image\"\/>\n","<meta name=\"twitter:image\" content=\"https:\/\/tu11.fi\/taekwondo\/wp-content\/uploads\/2022\/02\/20220219_125558-scaled-1200x630-cropped.jpg?p=15568\"\/>\n","<meta name=\"thumbnail\" content=\"https:\/\/tu11.fi\/taekwondo\/wp-content\/uploads\/2022\/02\/20220219_125558-scaled-1200x630-cropped.jpg\"\/>\n","<script type=\"application\/ld+json\" id=\"wpsso-schema-graph\">{\n    \"@context\": \"https:\/\/schema.org\",\n    \"@graph\": [\n        {\n            \"@id\": \"#sso\/knowledge-graph\/sports-team\/15568\",\n            \"@context\": \"https:\/\/schema.org\",\n            \"@type\": \"SportsTeam\",\n            \"mainEntityOfPage\": \"https:\/\/tu11.fi\/taekwondo\/sv\/lisapalvelut\/\",\n            \"url\": \"https:\/\/tu11.fi\/taekwondo\/sv\/lisapalvelut\/\",\n            \"sameAs\": [\n                \"https:\/\/tu11.fi\/taekwondo\/sv\/?p=15568\"\n            ],\n            \"name\": \"Lis&auml;palvelut  &ndash; Taekwondourheilijat 2011 | Taekwondoa parhaassa...\",\n            \"alternateName\": \"Lis&auml;palvelut  &ndash; Taekwondourheilijat 2011 | Taekwondoa parhaassa seurassa | Helsinki | Espoo | Vantaa\",\n            \"description\": \"TU11 tarjoaa innostavan ymp&auml;rist&ouml;n harjoitella taekwondoa kaikenik&auml;isille ja -tasoisille, aloittelijoista huippu-urheilijoihin. Valmennus on systemaattista ja valmentajat maamme parhaimmistoa. Aloita taekwondo nyt!\",\n            \"image\": [\n                {\n                    \"@id\": \"https:\/\/tu11.fi\/taekwondo\/wp-content\/uploads\/2022\/02\/20220219_125558-scaled-1200x1200-cropped.jpg#sso\/image-object\"\n                },\n                {\n                    \"@id\": \"https:\/\/tu11.fi\/taekwondo\/wp-content\/uploads\/2022\/02\/20220219_125558-scaled-1200x900-cropped.jpg#sso\/image-object\"\n                },\n                {\n                    \"@id\": \"https:\/\/tu11.fi\/taekwondo\/wp-content\/uploads\/2022\/02\/20220219_125558-scaled-1200x675-cropped.jpg#sso\/image-object\"\n                }\n            ]\n        },\n        {\n            \"@id\": \"https:\/\/tu11.fi\/taekwondo\/wp-content\/uploads\/2022\/02\/20220219_125558-scaled-1200x1200-cropped.jpg#sso\/image-object\",\n            \"@context\": \"https:\/\/schema.org\",\n            \"@type\": \"ImageObject\",\n            \"url\": \"https:\/\/tu11.fi\/taekwondo\/wp-content\/uploads\/2022\/02\/20220219_125558-scaled-1200x1200-cropped.jpg\",\n            \"identifier\": \"15552-wpsso-schema-1x1\",\n            \"name\": \"20220219_125558  &ndash; Taekwondourheilijat 2011 | Taekwondoa parhaassa...\",\n            \"alternateName\": \"20220219_125558  &ndash; Taekwondourheilijat 2011 | Taekwondoa parhaassa seurassa | Helsinki | Espoo | Vantaa\",\n            \"description\": \"No Description.\",\n            \"encodingFormat\": \"image\/jpeg\",\n            \"uploadDate\": \"2022-02-19T13:49:07+00:00\",\n            \"width\": [\n                {\n                    \"@id\": \"#sso\/qv-width-px-1200\"\n                }\n            ],\n            \"height\": [\n                {\n                    \"@id\": \"#sso\/qv-height-px-1200\"\n                }\n            ]\n        },\n        {\n            \"@id\": \"#sso\/qv-width-px-1200\",\n            \"@context\": \"https:\/\/schema.org\",\n            \"@type\": \"QuantitativeValue\",\n            \"name\": \"Width\",\n            \"unitText\": \"px\",\n            \"unitCode\": \"E37\",\n            \"value\": \"1200\"\n        },\n        {\n            \"@id\": \"#sso\/qv-height-px-1200\",\n            \"@context\": \"https:\/\/schema.org\",\n            \"@type\": \"QuantitativeValue\",\n            \"name\": \"Height\",\n            \"unitText\": \"px\",\n            \"unitCode\": \"E37\",\n            \"value\": \"1200\"\n        },\n        {\n            \"@id\": \"https:\/\/tu11.fi\/taekwondo\/wp-content\/uploads\/2022\/02\/20220219_125558-scaled-1200x900-cropped.jpg#sso\/image-object\",\n            \"@context\": \"https:\/\/schema.org\",\n            \"@type\": \"ImageObject\",\n            \"url\": \"https:\/\/tu11.fi\/taekwondo\/wp-content\/uploads\/2022\/02\/20220219_125558-scaled-1200x900-cropped.jpg\",\n            \"identifier\": \"15552-wpsso-schema-4x3\",\n            \"name\": \"20220219_125558  &ndash; Taekwondourheilijat 2011 | Taekwondoa parhaassa...\",\n            \"alternateName\": \"20220219_125558  &ndash; Taekwondourheilijat 2011 | Taekwondoa parhaassa seurassa | Helsinki | Espoo | Vantaa\",\n            \"description\": \"No Description.\",\n            \"encodingFormat\": \"image\/jpeg\",\n            \"uploadDate\": \"2022-02-19T13:49:07+00:00\",\n            \"width\": [\n                {\n                    \"@id\": \"#sso\/qv-width-px-1200\"\n                }\n            ],\n            \"height\": [\n                {\n                    \"@id\": \"#sso\/qv-height-px-900\"\n                }\n            ]\n        },\n        {\n            \"@id\": \"#sso\/qv-height-px-900\",\n            \"@context\": \"https:\/\/schema.org\",\n            \"@type\": \"QuantitativeValue\",\n            \"name\": \"Height\",\n            \"unitText\": \"px\",\n            \"unitCode\": \"E37\",\n            \"value\": \"900\"\n        },\n        {\n            \"@id\": \"https:\/\/tu11.fi\/taekwondo\/wp-content\/uploads\/2022\/02\/20220219_125558-scaled-1200x675-cropped.jpg#sso\/image-object\",\n            \"@context\": \"https:\/\/schema.org\",\n            \"@type\": \"ImageObject\",\n            \"url\": \"https:\/\/tu11.fi\/taekwondo\/wp-content\/uploads\/2022\/02\/20220219_125558-scaled-1200x675-cropped.jpg\",\n            \"identifier\": \"15552-wpsso-schema-16x9\",\n            \"name\": \"20220219_125558  &ndash; Taekwondourheilijat 2011 | Taekwondoa parhaassa...\",\n            \"alternateName\": \"20220219_125558  &ndash; Taekwondourheilijat 2011 | Taekwondoa parhaassa seurassa | Helsinki | Espoo | Vantaa\",\n            \"description\": \"No Description.\",\n            \"encodingFormat\": \"image\/jpeg\",\n            \"uploadDate\": \"2022-02-19T13:49:07+00:00\",\n            \"width\": [\n                {\n                    \"@id\": \"#sso\/qv-width-px-1200\"\n                }\n            ],\n            \"height\": [\n                {\n                    \"@id\": \"#sso\/qv-height-px-675\"\n                }\n            ]\n        },\n        {\n            \"@id\": \"#sso\/qv-height-px-675\",\n            \"@context\": \"https:\/\/schema.org\",\n            \"@type\": \"QuantitativeValue\",\n            \"name\": \"Height\",\n            \"unitText\": \"px\",\n            \"unitCode\": \"E37\",\n            \"value\": \"675\"\n        },\n        {\n            \"@id\": \"\/lisapalvelut\/#sso\/breadcrumb-list\/15568\",\n            \"@context\": \"https:\/\/schema.org\",\n            \"@type\": \"BreadcrumbList\",\n            \"url\": \"https:\/\/tu11.fi\/taekwondo\/sv\/lisapalvelut\/\",\n            \"itemListElement\": [\n                {\n                    \"@context\": \"https:\/\/schema.org\",\n                    \"@type\": \"ListItem\",\n                    \"position\": 1,\n                    \"name\": \"Home\",\n                    \"item\": \"https:\/\/tu11.fi\/taekwondo\/sv\/\"\n                },\n                {\n                    \"@context\": \"https:\/\/schema.org\",\n                    \"@type\": \"ListItem\",\n                    \"position\": 2,\n                    \"name\": \"Blog\",\n                    \"item\": \"https:\/\/tu11.fi\/taekwondo\/\"\n                },\n                {\n                    \"@context\": \"https:\/\/schema.org\",\n                    \"@type\": \"ListItem\",\n                    \"position\": 3,\n                    \"name\": \"Lis&auml;palvelut   Taekwondourheilijat 2011 | Taekwondoa parhaassa...\",\n                    \"item\": \"https:\/\/tu11.fi\/taekwondo\/sv\/lisapalvelut\/\"\n                }\n            ]\n        }\n    ]\n}<\/script>\n","<meta name=\"wpsso-end\" content=\"wpsso structured data end\"\/>\n","<meta name=\"wpsso-cached\" content=\"no cache for tu11.fi\/taekwondo\"\/>\n"],"json":[{"@context":"https:\/\/schema.org","@graph":[{"@id":"#sso\/knowledge-graph\/sports-team\/15568","@context":"https:\/\/schema.org","@type":"SportsTeam","mainEntityOfPage":"https:\/\/tu11.fi\/taekwondo\/sv\/lisapalvelut\/","url":"https:\/\/tu11.fi\/taekwondo\/sv\/lisapalvelut\/","sameAs":["https:\/\/tu11.fi\/taekwondo\/sv\/?p=15568"],"name":"Lis&auml;palvelut  &ndash; Taekwondourheilijat 2011 | Taekwondoa parhaassa...","alternateName":"Lis&auml;palvelut  &ndash; Taekwondourheilijat 2011 | Taekwondoa parhaassa seurassa | Helsinki | Espoo | Vantaa","description":"TU11 tarjoaa innostavan ymp&auml;rist&ouml;n harjoitella taekwondoa kaikenik&auml;isille ja -tasoisille, aloittelijoista huippu-urheilijoihin. Valmennus on systemaattista ja valmentajat maamme parhaimmistoa. Aloita taekwondo nyt!","image":[{"@id":"https:\/\/tu11.fi\/taekwondo\/wp-content\/uploads\/2022\/02\/20220219_125558-scaled-1200x1200-cropped.jpg#sso\/image-object"},{"@id":"https:\/\/tu11.fi\/taekwondo\/wp-content\/uploads\/2022\/02\/20220219_125558-scaled-1200x900-cropped.jpg#sso\/image-object"},{"@id":"https:\/\/tu11.fi\/taekwondo\/wp-content\/uploads\/2022\/02\/20220219_125558-scaled-1200x675-cropped.jpg#sso\/image-object"}]},{"@id":"https:\/\/tu11.fi\/taekwondo\/wp-content\/uploads\/2022\/02\/20220219_125558-scaled-1200x1200-cropped.jpg#sso\/image-object","@context":"https:\/\/schema.org","@type":"ImageObject","url":"https:\/\/tu11.fi\/taekwondo\/wp-content\/uploads\/2022\/02\/20220219_125558-scaled-1200x1200-cropped.jpg","identifier":"15552-wpsso-schema-1x1","name":"20220219_125558  &ndash; Taekwondourheilijat 2011 | Taekwondoa parhaassa...","alternateName":"20220219_125558  &ndash; Taekwondourheilijat 2011 | Taekwondoa parhaassa seurassa | Helsinki | Espoo | Vantaa","description":"No Description.","encodingFormat":"image\/jpeg","uploadDate":"2022-02-19T13:49:07+00:00","width":[{"@id":"#sso\/qv-width-px-1200"}],"height":[{"@id":"#sso\/qv-height-px-1200"}]},{"@id":"#sso\/qv-width-px-1200","@context":"https:\/\/schema.org","@type":"QuantitativeValue","name":"Width","unitText":"px","unitCode":"E37","value":"1200"},{"@id":"#sso\/qv-height-px-1200","@context":"https:\/\/schema.org","@type":"QuantitativeValue","name":"Height","unitText":"px","unitCode":"E37","value":"1200"},{"@id":"https:\/\/tu11.fi\/taekwondo\/wp-content\/uploads\/2022\/02\/20220219_125558-scaled-1200x900-cropped.jpg#sso\/image-object","@context":"https:\/\/schema.org","@type":"ImageObject","url":"https:\/\/tu11.fi\/taekwondo\/wp-content\/uploads\/2022\/02\/20220219_125558-scaled-1200x900-cropped.jpg","identifier":"15552-wpsso-schema-4x3","name":"20220219_125558  &ndash; Taekwondourheilijat 2011 | Taekwondoa parhaassa...","alternateName":"20220219_125558  &ndash; Taekwondourheilijat 2011 | Taekwondoa parhaassa seurassa | Helsinki | Espoo | Vantaa","description":"No Description.","encodingFormat":"image\/jpeg","uploadDate":"2022-02-19T13:49:07+00:00","width":[{"@id":"#sso\/qv-width-px-1200"}],"height":[{"@id":"#sso\/qv-height-px-900"}]},{"@id":"#sso\/qv-height-px-900","@context":"https:\/\/schema.org","@type":"QuantitativeValue","name":"Height","unitText":"px","unitCode":"E37","value":"900"},{"@id":"https:\/\/tu11.fi\/taekwondo\/wp-content\/uploads\/2022\/02\/20220219_125558-scaled-1200x675-cropped.jpg#sso\/image-object","@context":"https:\/\/schema.org","@type":"ImageObject","url":"https:\/\/tu11.fi\/taekwondo\/wp-content\/uploads\/2022\/02\/20220219_125558-scaled-1200x675-cropped.jpg","identifier":"15552-wpsso-schema-16x9","name":"20220219_125558  &ndash; Taekwondourheilijat 2011 | Taekwondoa parhaassa...","alternateName":"20220219_125558  &ndash; Taekwondourheilijat 2011 | Taekwondoa parhaassa seurassa | Helsinki | Espoo | Vantaa","description":"No Description.","encodingFormat":"image\/jpeg","uploadDate":"2022-02-19T13:49:07+00:00","width":[{"@id":"#sso\/qv-width-px-1200"}],"height":[{"@id":"#sso\/qv-height-px-675"}]},{"@id":"#sso\/qv-height-px-675","@context":"https:\/\/schema.org","@type":"QuantitativeValue","name":"Height","unitText":"px","unitCode":"E37","value":"675"},{"@id":"\/lisapalvelut\/#sso\/breadcrumb-list\/15568","@context":"https:\/\/schema.org","@type":"BreadcrumbList","url":"https:\/\/tu11.fi\/taekwondo\/sv\/lisapalvelut\/","itemListElement":[{"@context":"https:\/\/schema.org","@type":"ListItem","position":1,"name":"Home","item":"https:\/\/tu11.fi\/taekwondo\/sv\/"},{"@context":"https:\/\/schema.org","@type":"ListItem","position":2,"name":"Blog","item":"https:\/\/tu11.fi\/taekwondo\/"},{"@context":"https:\/\/schema.org","@type":"ListItem","position":3,"name":"Lis&auml;palvelut   Taekwondourheilijat 2011 | Taekwondoa parhaassa...","item":"https:\/\/tu11.fi\/taekwondo\/sv\/lisapalvelut\/"}]}]}],"parts":[["meta","name","generator","content","WPSSO Core 21.12.0\/L*","generator:1"],["meta","name","generator","content","WPSSO RAR 3.3.0\/S","generator:2"],["meta","name","generator","content","WPSSO REST 3.3.0\/S","generator:3"],["meta","name","generator","content","WPSSO BC 5.5.0\/S","generator:4"],["meta","name","generator","content","WPSSO FAQ 7.1.0\/S","generator:5"],["meta","name","generator","content","WPSSO OPM 5.1.0\/S","generator:6"],["meta","name","generator","content","WPSSO SSM 3.4.0\/S","generator:7"],["meta","name","generator","content","WPSSO TIE 4.1.0\/S","generator:8"],["meta","name","generator","content","WPSSO UM 7.3.0\/S","generator:9"],["meta","name","generator","content","WPSSO UL 4.3.0\/S","generator:10"],["link","rel","shortlink","href","https:\/\/tu11.fi\/taekwondo\/sv\/?p=15568",""],["meta","property","fb:app_id","content","966242223397117",""],["meta","property","og:time","content","2026-04-19T18:18:48+00:00",""],["meta","property","og:type","content","website",""],["meta","property","og:url","content","https:\/\/tu11.fi\/taekwondo\/sv\/lisapalvelut\/",""],["meta","property","og:locale","content","sv_SE",""],["meta","property","og:site_name","content","Taekwondourheilijat 2011 | Taekwondoa parhaassa seurassa | Helsinki | Espoo | Vantaa",""],["meta","property","og:title","content","Lis&auml;palvelut  &ndash; Taekwondourheilijat 2011 | Taekwondoa parhaassa...",""],["meta","property","og:description","content","TU11 tarjoaa innostavan ymp&auml;rist&ouml;n harjoitella taekwondoa kaikenik&auml;isille ja -tasoisille, aloittelijoista huippu-urheilijoihin. Valmennus on systemaattista ja valmentajat maamme parhaimmistoa. Aloita taekwondo nyt!",""],["meta","property","og:updated_time","content","2022-02-20T07:43:53+00:00",""],["meta","property","og:image:secure_url","content","https:\/\/tu11.fi\/taekwondo\/wp-content\/uploads\/2022\/02\/20220219_125558-scaled-1200x630-cropped.jpg","og:image:1"],["meta","property","og:image:url","content","https:\/\/tu11.fi\/taekwondo\/wp-content\/uploads\/2022\/02\/20220219_125558-scaled-1200x630-cropped.jpg","og:image:1"],["meta","property","og:image","content","https:\/\/tu11.fi\/taekwondo\/wp-content\/uploads\/2022\/02\/20220219_125558-scaled-1200x630-cropped.jpg","og:image:1"],["meta","property","og:image:width","content","1200","og:image:1"],["meta","property","og:image:height","content","630","og:image:1"],["meta","property","og:image:cropped","content","true","og:image:1"],["meta","property","og:image:id","content","15552","og:image:1"],["meta","property","og:image:size_name","content","wpsso-opengraph","og:image:1"],["meta","name","schema:language","content","sv_SE",""],["meta","name","schema:type:id","content","sports.team",""],["meta","name","schema:type:url","content","https:\/\/schema.org\/SportsTeam",""],["meta","name","schema:type:context","content","https:\/\/schema.org",""],["meta","name","schema:type:name","content","SportsTeam",""],["meta","name","schema:type:path","content","schema.org\/SportsTeam",""],["meta","property","article:author:name","content","Sampo Pajulampi",""],["meta","property","article:reading_mins","content","1",""],["meta","name","twitter:domain","content","tu11.fi",""],["meta","name","twitter:site","content","@taekwondourh",""],["meta","name","twitter:title","content","Lis&auml;palvelut  &ndash; Taekwondourheilijat 2011 | Taekwondoa parhaassa...",""],["meta","name","twitter:description","content","TU11 tarjoaa innostavan ymp&auml;rist&ouml;n harjoitella taekwondoa kaikenik&auml;isille ja -tasoisille, aloittelijoista huippu-urheilijoihin. Valmennus on systemaattista ja valmentajat maamme parhaimmistoa...",""],["meta","name","twitter:card","content","summary_large_image",""],["meta","name","twitter:image","content","https:\/\/tu11.fi\/taekwondo\/wp-content\/uploads\/2022\/02\/20220219_125558-scaled-1200x630-cropped.jpg?p=15568",""],["meta","name","thumbnail","content","https:\/\/tu11.fi\/taekwondo\/wp-content\/uploads\/2022\/02\/20220219_125558-scaled-1200x630-cropped.jpg",""]]},"_links":{"self":[{"href":"https:\/\/tu11.fi\/taekwondo\/sv\/wp-json\/wp\/v2\/pages\/15568","targetHints":{"allow":["GET"]}}],"collection":[{"href":"https:\/\/tu11.fi\/taekwondo\/sv\/wp-json\/wp\/v2\/pages"}],"about":[{"href":"https:\/\/tu11.fi\/taekwondo\/sv\/wp-json\/wp\/v2\/types\/page"}],"author":[{"embeddable":true,"href":"https:\/\/tu11.fi\/taekwondo\/sv\/wp-json\/wp\/v2\/users\/2"}],"replies":[{"embeddable":true,"href":"https:\/\/tu11.fi\/taekwondo\/sv\/wp-json\/wp\/v2\/comments?post=15568"}],"version-history":[{"count":0,"href":"https:\/\/tu11.fi\/taekwondo\/sv\/wp-json\/wp\/v2\/pages\/15568\/revisions"}],"wp:featuredmedia":[{"embeddable":true,"href":"https:\/\/tu11.fi\/taekwondo\/sv\/wp-json\/wp\/v2\/media\/15552"}],"wp:attachment":[{"href":"https:\/\/tu11.fi\/taekwondo\/sv\/wp-json\/wp\/v2\/media?parent=15568"}],"curies":[{"name":"wp","href":"https:\/\/api.w.org\/{rel}","templated":true}]}}