{"id":14517,"date":"2021-09-07T11:30:07","date_gmt":"2021-09-07T11:30:07","guid":{"rendered":"https:\/\/tu11.fi\/taekwondo\/?page_id=14517"},"modified":"2025-02-24T07:01:19","modified_gmt":"2025-02-24T07:01:19","slug":"koruma-paketleri","status":"publish","type":"page","link":"https:\/\/tu11.fi\/taekwondo\/tr\/suojapaketit\/","title":{"rendered":"Koruma paketleri"},"content":{"rendered":"<h3><span style=\"color: #000000;\"><a id=\"paketit\"><\/a>KORUMA PAKETLER\u0130<\/span><\/h3>\n<p>Taekwondourheljat ve Pro Dobok Finlandiya, merakl\u0131lar i\u00e7in indirimli fiyata koruyucu paketler sunuyor. Bu formu doldurun ve ekipman\u0131n\u0131z\u0131 do\u011frudan tezgahtan haz\u0131r paket olarak alacaks\u0131n\u0131z! Elbette boyut uygun de\u011filse korumalar\u0131 de\u011fi\u015ftirebilirsiniz.<\/p>\n<h4>Temel hobi koruma paketi \u2013 45 \u20ac<\/h4>\n<ul>\n<li>Takip gruplar\u0131na kat\u0131lan merakl\u0131lar i\u00e7in uygundur<\/li>\n<li>Paket i\u00e7eri\u011fi <strong>kol muhaf\u0131zlar\u0131<\/strong> Ve <strong>dizlik<\/strong><\/li>\n<li>Paket sipari\u015f ederek <strong>11 \u20ac tasarruf edersiniz!<\/strong><\/li>\n<\/ul>\n<h4>Aktif bir merakl\u0131 i\u00e7in koruma paketi \u2013 109 \u20ac<\/h4>\n<ul>\n<li>\u0130leri d\u00fczey gruplardaki amat\u00f6rler, amat\u00f6r ma\u00e7lar ve salon m\u00fcsabakalar\u0131 i\u00e7in uygundur<\/li>\n<li>Paket i\u00e7eri\u011fi <strong>kol korumalar\u0131, tekmelikler, di\u015f korumalar\u0131, alt korumalar<\/strong> Ve<strong> ma\u00e7 kask\u0131<\/strong><\/li>\n<li>Hemen paket sipari\u015fi vererek <strong>26 \u20ac tasarruf edersiniz!<\/strong><\/li>\n<\/ul>\n<h4>Yar\u0131\u015fmac\u0131 sporcu koruma paketi \u2013 180 \u20ac<\/h4>\n<ul>\n<li>Rekabet\u00e7i e\u011fitim ve yar\u0131\u015fmalara kat\u0131lanlar veya bunlar\u0131 hedefleyenler i\u00e7in uygundur<\/li>\n<li>Paket i\u00e7eri\u011fi <strong>kol korumalar\u0131, tekmelikler, di\u015f korumalar\u0131, alt korumalar<\/strong>, <strong>ma\u00e7 kask\u0131, ma\u00e7 eldivenleri <\/strong>Ve <strong>z\u0131rh<\/strong><\/li>\n<li>Hemen paket sipari\u015fi vererek <strong>39 \u20ac tasarruf edersiniz!<\/strong><\/li>\n<\/ul>\n<h4>Ekipman boyutu<\/h4>\n<p>Korumalar\u0131n g\u00f6sterge boyutlar\u0131n\u0131 a\u015fa\u011f\u0131daki tabloda bulabilirsiniz. \u00d6l\u00e7\u00fc yanl\u0131\u015fsa, koruyucu kullanmad\u0131ysan\u0131z koruyucular\u0131 de\u011fi\u015ftirece\u011fiz. Tabloda koruyucular\u0131n boyutlar\u0131 XS-XL ve merakl\u0131lar\u0131n boyu g\u00f6sterilmektedir. Uzunlu\u011fu yukar\u0131 yuvarlay\u0131n.<\/p>\n<table class=\"aligncenter\" style=\"width: 100%; border-style: solid; border-color: #000000;\" border=\"3 px\" cellpadding=\"1 px\">\n<tbody>\n<tr>\n<td style=\"width: 20%;\"><strong>XS<\/strong><\/td>\n<td style=\"width: 20%;\"><strong>S<\/strong><\/td>\n<td style=\"width: 20%;\"><strong>M<\/strong><\/td>\n<td style=\"width: 20%;\"><strong>L<\/strong><\/td>\n<td style=\"width: 20%;\"><strong>XL<\/strong><\/td>\n<\/tr>\n<tr>\n<td style=\"width: 20%;\">140 cm&#039;nin alt\u0131nda<\/td>\n<td style=\"width: 20%;\">140-160cm<\/td>\n<td style=\"width: 20%;\">160-180cm<\/td>\n<td style=\"width: 20%;\">180-190cm<\/td>\n<td style=\"width: 20%;\">190 cm&#039;nin \u00fczerinde<\/td>\n<\/tr>\n<\/tbody>\n<\/table>\n<h3><a id=\"tilaus\"><\/a>Tilaa Pro Dobokin sivuilta<\/h3>\n<p><a href=\"http:\/\/www.prodobok.fi\">www.prodobok.fi<\/a><\/p>\n<p>Kun saat suojapaketin noutop\u00f6yd\u00e4lt\u00e4, tarkista, ett\u00e4 suojat ovat sopivan kokoiset! Jos koko on v\u00e4\u00e4r\u00e4 vaihdamme suojat, mik\u00e4li et ole k\u00e4ytt\u00e4nyt suojia.<\/p>\n<p>Faturay\u0131 girdi\u011finiz e-posta adresine alaca\u011f\u0131n\u0131z i\u00e7in do\u011fru e-posta adresini girin.<\/p>","protected":false},"excerpt":{"rendered":"<p>KORUMA PAKETLER\u0130 Taekwondourheljat ve Pro Dobok Finlandiya, merakl\u0131lar\u0131na indirimli fiyata koruma paketleri sunuyor. Bu formu doldurun ve ekipman\u0131n\u0131z\u0131 do\u011frudan tezgahtan haz\u0131r paket olarak alacaks\u0131n\u0131z! Elbette boyut uygun de\u011filse korumalar\u0131 de\u011fi\u015ftirebilirsiniz. Temel merakl\u0131 koruma paketi - 45 \u20ac \u0130leri d\u00fczey gruplara kat\u0131lan merakl\u0131lar i\u00e7in uygundur Paket, kol koruyucular\u0131 ve kaval kemi\u011fi koruyucular\u0131n\u0131 i\u00e7erir Paketi sipari\u015f ederek 11 \u20ac tasarruf edersiniz! Aktif bir merakl\u0131 i\u00e7in koruma paketi \u2013 109 \u20ac \u0130leri d\u00fczey gruplar, amat\u00f6r ma\u00e7lar i\u00e7in uygundur...<\/p>","protected":false},"author":2,"featured_media":13033,"parent":0,"menu_order":0,"comment_status":"closed","ping_status":"closed","template":"templates\/template-cover.php","meta":{"footnotes":""},"class_list":["post-14517","page","type-page","status-publish","has-post-thumbnail","hentry"],"yoast_head":"<!-- This site is optimized with the Yoast SEO plugin v27.2 - https:\/\/yoast.com\/product\/yoast-seo-wordpress\/ -->\n<title>Suojapaketit - Taekwondourheilijat 2011 | Taekwondoa parhaassa seurassa | Helsinki | Espoo | Vantaa<\/title>\n<meta name=\"description\" content=\"TU11 tarjoaa innostavan ymp\u00e4rist\u00f6n harjoitella taekwondoa kaikenik\u00e4isille ja -tasoisille, aloittelijoista huippu-urheilijoihin. Valmennus on systemaattista ja valmentajat maamme parhaimmistoa. Aloita taekwondo nyt!\" \/>\n<meta name=\"robots\" content=\"index, follow, max-snippet:-1, max-image-preview:large, max-video-preview:-1\" \/>\n<link rel=\"canonical\" href=\"https:\/\/tu11.fi\/taekwondo\/tr\/koruma-paketleri\/\" \/>\n<script type=\"application\/ld+json\" class=\"yoast-schema-graph\">{\"@context\":\"https:\/\/schema.org\",\"@graph\":[]}<\/script>\n<!-- \/ Yoast SEO plugin. -->","yoast_head_json":{"title":"Suojapaketit - Taekwondourheilijat 2011 | Taekwondoa parhaassa seurassa | Helsinki | Espoo | Vantaa","description":"TU11, yeni ba\u015flayanlardan elit sporculara kadar her ya\u015ftan ve seviyeden taekwondo prati\u011fi yapmak i\u00e7in ilham verici bir ortam sunuyor. E\u011fitimler sistemli ve antren\u00f6rler \u00fclkemizin en iyileri. \u015eimdi tekvandoya ba\u015flay\u0131n!","robots":{"index":"index","follow":"follow","max-snippet":"max-snippet:-1","max-image-preview":"max-image-preview:large","max-video-preview":"max-video-preview:-1"},"canonical":"https:\/\/tu11.fi\/taekwondo\/tr\/koruma-paketleri\/","schema":{"@context":"https:\/\/schema.org","@graph":[]}},"amp_enabled":true,"head":{"html":["<meta name=\"wpsso-begin\" content=\"wpsso structured data begin\"\/>\n","<!-- generator:1 --><meta name=\"generator\" content=\"WPSSO Core 21.12.0\/L*\"\/>\n","<!-- generator:2 --><meta name=\"generator\" content=\"WPSSO RAR 3.3.0\/S\"\/>\n","<!-- generator:3 --><meta name=\"generator\" content=\"WPSSO REST 3.3.0\/S\"\/>\n","<!-- generator:4 --><meta name=\"generator\" content=\"WPSSO BC 5.5.0\/S\"\/>\n","<!-- generator:5 --><meta name=\"generator\" content=\"WPSSO FAQ 7.1.0\/S\"\/>\n","<!-- generator:6 --><meta name=\"generator\" content=\"WPSSO OPM 5.1.0\/S\"\/>\n","<!-- generator:7 --><meta name=\"generator\" content=\"WPSSO SSM 3.4.0\/S\"\/>\n","<!-- generator:8 --><meta name=\"generator\" content=\"WPSSO TIE 4.1.0\/S\"\/>\n","<!-- generator:9 --><meta name=\"generator\" content=\"WPSSO UM 7.3.0\/S\"\/>\n","<!-- generator:10 --><meta name=\"generator\" content=\"WPSSO UL 4.3.0\/S\"\/>\n","<link rel=\"shortlink\" href=\"https:\/\/tu11.fi\/taekwondo\/tr\/?p=14517\"\/>\n","<meta property=\"fb:app_id\" content=\"966242223397117\"\/>\n","<meta property=\"og:type\" content=\"website\"\/>\n","<meta property=\"og:url\" content=\"https:\/\/tu11.fi\/taekwondo\/tr\/suojapaketit\/\"\/>\n","<meta property=\"og:locale\" content=\"tr_TR\"\/>\n","<meta property=\"og:site_name\" content=\"Taekwondourheilijat 2011 | Taekwondoa parhaassa seurassa | Helsinki | Espoo | Vantaa\"\/>\n","<meta property=\"og:title\" content=\"Suojapaketit  &ndash; Taekwondourheilijat 2011 | Taekwondoa parhaassa...\"\/>\n","<meta property=\"og:description\" content=\"TU11 tarjoaa innostavan ymp&auml;rist&ouml;n harjoitella taekwondoa kaikenik&auml;isille ja -tasoisille, aloittelijoista huippu-urheilijoihin. Valmennus on systemaattista ja valmentajat maamme parhaimmistoa. Aloita taekwondo nyt!\"\/>\n","<meta property=\"og:updated_time\" content=\"2025-02-24T07:01:19+00:00\"\/>\n","<!-- og:image:1 --><meta property=\"og:image\" content=\"https:\/\/tu11.fi\/taekwondo\/wp-content\/uploads\/2020\/08\/Taekwondourheilijat_2011_001_TU11-scaled-1200x630-cropped.jpg\"\/>\n","<!-- og:image:1 --><meta property=\"og:image:width\" content=\"1200\"\/>\n","<!-- og:image:1 --><meta property=\"og:image:height\" content=\"630\"\/>\n","<meta name=\"twitter:domain\" content=\"tu11.fi\"\/>\n","<meta name=\"twitter:site\" content=\"@taekwondourh\"\/>\n","<meta name=\"twitter:title\" content=\"Suojapaketit  &ndash; Taekwondourheilijat 2011 | Taekwondoa parhaassa...\"\/>\n","<meta name=\"twitter:description\" content=\"TU11 tarjoaa innostavan ymp&auml;rist&ouml;n harjoitella taekwondoa kaikenik&auml;isille ja -tasoisille, aloittelijoista huippu-urheilijoihin. Valmennus on systemaattista ja valmentajat maamme parhaimmistoa...\"\/>\n","<meta name=\"twitter:card\" content=\"summary_large_image\"\/>\n","<meta name=\"twitter:image\" content=\"https:\/\/tu11.fi\/taekwondo\/wp-content\/uploads\/2020\/08\/Taekwondourheilijat_2011_001_TU11-scaled-1200x630-cropped.jpg?p=14517\"\/>\n","<meta name=\"thumbnail\" content=\"https:\/\/tu11.fi\/taekwondo\/wp-content\/uploads\/2020\/08\/Taekwondourheilijat_2011_001_TU11-scaled-1200x630-cropped.jpg\"\/>\n","<script type=\"application\/ld+json\" id=\"wpsso-schema-graph\">{\n    \"@context\": \"https:\/\/schema.org\",\n    \"@graph\": [\n        {\n            \"@id\": \"#sso\/knowledge-graph\/sports-team\/14517\",\n            \"@context\": \"https:\/\/schema.org\",\n            \"@type\": \"SportsTeam\",\n            \"mainEntityOfPage\": \"https:\/\/tu11.fi\/taekwondo\/tr\/suojapaketit\/\",\n            \"url\": \"https:\/\/tu11.fi\/taekwondo\/tr\/suojapaketit\/\",\n            \"sameAs\": [\n                \"https:\/\/tu11.fi\/taekwondo\/tr\/?p=14517\"\n            ],\n            \"name\": \"Suojapaketit  &ndash; Taekwondourheilijat 2011 | Taekwondoa parhaassa...\",\n            \"alternateName\": \"Suojapaketit  &ndash; Taekwondourheilijat 2011 | Taekwondoa parhaassa seurassa | Helsinki | Espoo | Vantaa\",\n            \"description\": \"TU11 tarjoaa innostavan ymp&auml;rist&ouml;n harjoitella taekwondoa kaikenik&auml;isille ja -tasoisille, aloittelijoista huippu-urheilijoihin. Valmennus on systemaattista ja valmentajat maamme parhaimmistoa. Aloita taekwondo nyt!\",\n            \"image\": [\n                {\n                    \"@id\": \"https:\/\/tu11.fi\/taekwondo\/wp-content\/uploads\/2020\/08\/Taekwondourheilijat_2011_001_TU11-scaled-1200x1200-cropped.jpg#sso\/image-object\"\n                },\n                {\n                    \"@id\": \"https:\/\/tu11.fi\/taekwondo\/wp-content\/uploads\/2020\/08\/Taekwondourheilijat_2011_001_TU11-scaled-1200x900-cropped.jpg#sso\/image-object\"\n                },\n                {\n                    \"@id\": \"https:\/\/tu11.fi\/taekwondo\/wp-content\/uploads\/2020\/08\/Taekwondourheilijat_2011_001_TU11-scaled-1200x675-cropped.jpg#sso\/image-object\"\n                }\n            ]\n        },\n        {\n            \"@id\": \"https:\/\/tu11.fi\/taekwondo\/wp-content\/uploads\/2020\/08\/Taekwondourheilijat_2011_001_TU11-scaled-1200x1200-cropped.jpg#sso\/image-object\",\n            \"@context\": \"https:\/\/schema.org\",\n            \"@type\": \"ImageObject\",\n            \"url\": \"https:\/\/tu11.fi\/taekwondo\/wp-content\/uploads\/2020\/08\/Taekwondourheilijat_2011_001_TU11-scaled-1200x1200-cropped.jpg\",\n            \"identifier\": \"13033-wpsso-schema-1x1\",\n            \"name\": \"Taekwondourheilijat_2011_001_TU11  &ndash; Taekwondourheilijat 2011 |...\",\n            \"alternateName\": \"Taekwondourheilijat_2011_001_TU11  &ndash; Taekwondourheilijat 2011 | Taekwondoa parhaassa seurassa | Helsinki |...\",\n            \"description\": \"No Description.\",\n            \"encodingFormat\": \"image\/jpeg\",\n            \"uploadDate\": \"2020-08-25T09:53:32+00:00\",\n            \"width\": [\n                {\n                    \"@id\": \"#sso\/qv-width-px-1200\"\n                }\n            ],\n            \"height\": [\n                {\n                    \"@id\": \"#sso\/qv-height-px-1200\"\n                }\n            ]\n        },\n        {\n            \"@id\": \"#sso\/qv-width-px-1200\",\n            \"@context\": \"https:\/\/schema.org\",\n            \"@type\": \"QuantitativeValue\",\n            \"name\": \"Width\",\n            \"unitText\": \"px\",\n            \"unitCode\": \"E37\",\n            \"value\": \"1200\"\n        },\n        {\n            \"@id\": \"#sso\/qv-height-px-1200\",\n            \"@context\": \"https:\/\/schema.org\",\n            \"@type\": \"QuantitativeValue\",\n            \"name\": \"Height\",\n            \"unitText\": \"px\",\n            \"unitCode\": \"E37\",\n            \"value\": \"1200\"\n        },\n        {\n            \"@id\": \"https:\/\/tu11.fi\/taekwondo\/wp-content\/uploads\/2020\/08\/Taekwondourheilijat_2011_001_TU11-scaled-1200x900-cropped.jpg#sso\/image-object\",\n            \"@context\": \"https:\/\/schema.org\",\n            \"@type\": \"ImageObject\",\n            \"url\": \"https:\/\/tu11.fi\/taekwondo\/wp-content\/uploads\/2020\/08\/Taekwondourheilijat_2011_001_TU11-scaled-1200x900-cropped.jpg\",\n            \"identifier\": \"13033-wpsso-schema-4x3\",\n            \"name\": \"Taekwondourheilijat_2011_001_TU11  &ndash; Taekwondourheilijat 2011 |...\",\n            \"alternateName\": \"Taekwondourheilijat_2011_001_TU11  &ndash; Taekwondourheilijat 2011 | Taekwondoa parhaassa seurassa | Helsinki |...\",\n            \"description\": \"No Description.\",\n            \"encodingFormat\": \"image\/jpeg\",\n            \"uploadDate\": \"2020-08-25T09:53:32+00:00\",\n            \"width\": [\n                {\n                    \"@id\": \"#sso\/qv-width-px-1200\"\n                }\n            ],\n            \"height\": [\n                {\n                    \"@id\": \"#sso\/qv-height-px-900\"\n                }\n            ]\n        },\n        {\n            \"@id\": \"#sso\/qv-height-px-900\",\n            \"@context\": \"https:\/\/schema.org\",\n            \"@type\": \"QuantitativeValue\",\n            \"name\": \"Height\",\n            \"unitText\": \"px\",\n            \"unitCode\": \"E37\",\n            \"value\": \"900\"\n        },\n        {\n            \"@id\": \"https:\/\/tu11.fi\/taekwondo\/wp-content\/uploads\/2020\/08\/Taekwondourheilijat_2011_001_TU11-scaled-1200x675-cropped.jpg#sso\/image-object\",\n            \"@context\": \"https:\/\/schema.org\",\n            \"@type\": \"ImageObject\",\n            \"url\": \"https:\/\/tu11.fi\/taekwondo\/wp-content\/uploads\/2020\/08\/Taekwondourheilijat_2011_001_TU11-scaled-1200x675-cropped.jpg\",\n            \"identifier\": \"13033-wpsso-schema-16x9\",\n            \"name\": \"Taekwondourheilijat_2011_001_TU11  &ndash; Taekwondourheilijat 2011 |...\",\n            \"alternateName\": \"Taekwondourheilijat_2011_001_TU11  &ndash; Taekwondourheilijat 2011 | Taekwondoa parhaassa seurassa | Helsinki |...\",\n            \"description\": \"No Description.\",\n            \"encodingFormat\": \"image\/jpeg\",\n            \"uploadDate\": \"2020-08-25T09:53:32+00:00\",\n            \"width\": [\n                {\n                    \"@id\": \"#sso\/qv-width-px-1200\"\n                }\n            ],\n            \"height\": [\n                {\n                    \"@id\": \"#sso\/qv-height-px-675\"\n                }\n            ]\n        },\n        {\n            \"@id\": \"#sso\/qv-height-px-675\",\n            \"@context\": \"https:\/\/schema.org\",\n            \"@type\": \"QuantitativeValue\",\n            \"name\": \"Height\",\n            \"unitText\": \"px\",\n            \"unitCode\": \"E37\",\n            \"value\": \"675\"\n        },\n        {\n            \"@id\": \"\/suojapaketit\/#sso\/breadcrumb-list\/14517\",\n            \"@context\": \"https:\/\/schema.org\",\n            \"@type\": \"BreadcrumbList\",\n            \"url\": \"https:\/\/tu11.fi\/taekwondo\/tr\/suojapaketit\/\",\n            \"itemListElement\": [\n                {\n                    \"@context\": \"https:\/\/schema.org\",\n                    \"@type\": \"ListItem\",\n                    \"position\": 1,\n                    \"name\": \"Home\",\n                    \"item\": \"https:\/\/tu11.fi\/taekwondo\/tr\/\"\n                },\n                {\n                    \"@context\": \"https:\/\/schema.org\",\n                    \"@type\": \"ListItem\",\n                    \"position\": 2,\n                    \"name\": \"Blog\",\n                    \"item\": \"https:\/\/tu11.fi\/taekwondo\/\"\n                },\n                {\n                    \"@context\": \"https:\/\/schema.org\",\n                    \"@type\": \"ListItem\",\n                    \"position\": 3,\n                    \"name\": \"Suojapaketit   Taekwondourheilijat 2011 | Taekwondoa parhaassa...\",\n                    \"item\": \"https:\/\/tu11.fi\/taekwondo\/tr\/suojapaketit\/\"\n                }\n            ]\n        }\n    ]\n}<\/script>\n","<meta name=\"wpsso-end\" content=\"wpsso structured data end\"\/>\n","<meta name=\"wpsso-cached\" content=\"no cache for tu11.fi\/taekwondo\"\/>\n"],"json":[{"@context":"https:\/\/schema.org","@graph":[{"@id":"#sso\/knowledge-graph\/sports-team\/14517","@context":"https:\/\/schema.org","@type":"SportsTeam","mainEntityOfPage":"https:\/\/tu11.fi\/taekwondo\/tr\/suojapaketit\/","url":"https:\/\/tu11.fi\/taekwondo\/tr\/suojapaketit\/","sameAs":["https:\/\/tu11.fi\/taekwondo\/tr\/?p=14517"],"name":"Suojapaketit  &ndash; Taekwondourheilijat 2011 | Taekwondoa parhaassa...","alternateName":"Suojapaketit  &ndash; Taekwondourheilijat 2011 | Taekwondoa parhaassa seurassa | Helsinki | Espoo | Vantaa","description":"TU11 tarjoaa innostavan ymp&auml;rist&ouml;n harjoitella taekwondoa kaikenik&auml;isille ja -tasoisille, aloittelijoista huippu-urheilijoihin. Valmennus on systemaattista ja valmentajat maamme parhaimmistoa. Aloita taekwondo nyt!","image":[{"@id":"https:\/\/tu11.fi\/taekwondo\/wp-content\/uploads\/2020\/08\/Taekwondourheilijat_2011_001_TU11-scaled-1200x1200-cropped.jpg#sso\/image-object"},{"@id":"https:\/\/tu11.fi\/taekwondo\/wp-content\/uploads\/2020\/08\/Taekwondourheilijat_2011_001_TU11-scaled-1200x900-cropped.jpg#sso\/image-object"},{"@id":"https:\/\/tu11.fi\/taekwondo\/wp-content\/uploads\/2020\/08\/Taekwondourheilijat_2011_001_TU11-scaled-1200x675-cropped.jpg#sso\/image-object"}]},{"@id":"https:\/\/tu11.fi\/taekwondo\/wp-content\/uploads\/2020\/08\/Taekwondourheilijat_2011_001_TU11-scaled-1200x1200-cropped.jpg#sso\/image-object","@context":"https:\/\/schema.org","@type":"ImageObject","url":"https:\/\/tu11.fi\/taekwondo\/wp-content\/uploads\/2020\/08\/Taekwondourheilijat_2011_001_TU11-scaled-1200x1200-cropped.jpg","identifier":"13033-wpsso-schema-1x1","name":"Taekwondourheilijat_2011_001_TU11  &ndash; Taekwondourheilijat 2011 |...","alternateName":"Taekwondourheilijat_2011_001_TU11  &ndash; Taekwondourheilijat 2011 | Taekwondoa parhaassa seurassa | Helsinki |...","description":"No Description.","encodingFormat":"image\/jpeg","uploadDate":"2020-08-25T09:53:32+00:00","width":[{"@id":"#sso\/qv-width-px-1200"}],"height":[{"@id":"#sso\/qv-height-px-1200"}]},{"@id":"#sso\/qv-width-px-1200","@context":"https:\/\/schema.org","@type":"QuantitativeValue","name":"Width","unitText":"px","unitCode":"E37","value":"1200"},{"@id":"#sso\/qv-height-px-1200","@context":"https:\/\/schema.org","@type":"QuantitativeValue","name":"Height","unitText":"px","unitCode":"E37","value":"1200"},{"@id":"https:\/\/tu11.fi\/taekwondo\/wp-content\/uploads\/2020\/08\/Taekwondourheilijat_2011_001_TU11-scaled-1200x900-cropped.jpg#sso\/image-object","@context":"https:\/\/schema.org","@type":"ImageObject","url":"https:\/\/tu11.fi\/taekwondo\/wp-content\/uploads\/2020\/08\/Taekwondourheilijat_2011_001_TU11-scaled-1200x900-cropped.jpg","identifier":"13033-wpsso-schema-4x3","name":"Taekwondourheilijat_2011_001_TU11  &ndash; Taekwondourheilijat 2011 |...","alternateName":"Taekwondourheilijat_2011_001_TU11  &ndash; Taekwondourheilijat 2011 | Taekwondoa parhaassa seurassa | Helsinki |...","description":"No Description.","encodingFormat":"image\/jpeg","uploadDate":"2020-08-25T09:53:32+00:00","width":[{"@id":"#sso\/qv-width-px-1200"}],"height":[{"@id":"#sso\/qv-height-px-900"}]},{"@id":"#sso\/qv-height-px-900","@context":"https:\/\/schema.org","@type":"QuantitativeValue","name":"Height","unitText":"px","unitCode":"E37","value":"900"},{"@id":"https:\/\/tu11.fi\/taekwondo\/wp-content\/uploads\/2020\/08\/Taekwondourheilijat_2011_001_TU11-scaled-1200x675-cropped.jpg#sso\/image-object","@context":"https:\/\/schema.org","@type":"ImageObject","url":"https:\/\/tu11.fi\/taekwondo\/wp-content\/uploads\/2020\/08\/Taekwondourheilijat_2011_001_TU11-scaled-1200x675-cropped.jpg","identifier":"13033-wpsso-schema-16x9","name":"Taekwondourheilijat_2011_001_TU11  &ndash; Taekwondourheilijat 2011 |...","alternateName":"Taekwondourheilijat_2011_001_TU11  &ndash; Taekwondourheilijat 2011 | Taekwondoa parhaassa seurassa | Helsinki |...","description":"No Description.","encodingFormat":"image\/jpeg","uploadDate":"2020-08-25T09:53:32+00:00","width":[{"@id":"#sso\/qv-width-px-1200"}],"height":[{"@id":"#sso\/qv-height-px-675"}]},{"@id":"#sso\/qv-height-px-675","@context":"https:\/\/schema.org","@type":"QuantitativeValue","name":"Height","unitText":"px","unitCode":"E37","value":"675"},{"@id":"\/suojapaketit\/#sso\/breadcrumb-list\/14517","@context":"https:\/\/schema.org","@type":"BreadcrumbList","url":"https:\/\/tu11.fi\/taekwondo\/tr\/suojapaketit\/","itemListElement":[{"@context":"https:\/\/schema.org","@type":"ListItem","position":1,"name":"Home","item":"https:\/\/tu11.fi\/taekwondo\/tr\/"},{"@context":"https:\/\/schema.org","@type":"ListItem","position":2,"name":"Blog","item":"https:\/\/tu11.fi\/taekwondo\/"},{"@context":"https:\/\/schema.org","@type":"ListItem","position":3,"name":"Suojapaketit   Taekwondourheilijat 2011 | Taekwondoa parhaassa...","item":"https:\/\/tu11.fi\/taekwondo\/tr\/suojapaketit\/"}]}]}],"parts":[["meta","name","generator","content","WPSSO Core 21.12.0\/L*","generator:1"],["meta","name","generator","content","WPSSO RAR 3.3.0\/S","generator:2"],["meta","name","generator","content","WPSSO REST 3.3.0\/S","generator:3"],["meta","name","generator","content","WPSSO BC 5.5.0\/S","generator:4"],["meta","name","generator","content","WPSSO FAQ 7.1.0\/S","generator:5"],["meta","name","generator","content","WPSSO OPM 5.1.0\/S","generator:6"],["meta","name","generator","content","WPSSO SSM 3.4.0\/S","generator:7"],["meta","name","generator","content","WPSSO TIE 4.1.0\/S","generator:8"],["meta","name","generator","content","WPSSO UM 7.3.0\/S","generator:9"],["meta","name","generator","content","WPSSO UL 4.3.0\/S","generator:10"],["link","rel","shortlink","href","https:\/\/tu11.fi\/taekwondo\/tr\/?p=14517",""],["meta","property","fb:app_id","content","966242223397117",""],["meta","property","og:time","content","2026-04-05T13:54:16+00:00",""],["meta","property","og:type","content","website",""],["meta","property","og:url","content","https:\/\/tu11.fi\/taekwondo\/tr\/suojapaketit\/",""],["meta","property","og:locale","content","tr_TR",""],["meta","property","og:site_name","content","Taekwondourheilijat 2011 | Taekwondoa parhaassa seurassa | Helsinki | Espoo | Vantaa",""],["meta","property","og:title","content","Suojapaketit  &ndash; Taekwondourheilijat 2011 | Taekwondoa parhaassa...",""],["meta","property","og:description","content","TU11 tarjoaa innostavan ymp&auml;rist&ouml;n harjoitella taekwondoa kaikenik&auml;isille ja -tasoisille, aloittelijoista huippu-urheilijoihin. Valmennus on systemaattista ja valmentajat maamme parhaimmistoa. Aloita taekwondo nyt!",""],["meta","property","og:updated_time","content","2025-02-24T07:01:19+00:00",""],["meta","property","og:image:secure_url","content","https:\/\/tu11.fi\/taekwondo\/wp-content\/uploads\/2020\/08\/Taekwondourheilijat_2011_001_TU11-scaled-1200x630-cropped.jpg","og:image:1"],["meta","property","og:image:url","content","https:\/\/tu11.fi\/taekwondo\/wp-content\/uploads\/2020\/08\/Taekwondourheilijat_2011_001_TU11-scaled-1200x630-cropped.jpg","og:image:1"],["meta","property","og:image","content","https:\/\/tu11.fi\/taekwondo\/wp-content\/uploads\/2020\/08\/Taekwondourheilijat_2011_001_TU11-scaled-1200x630-cropped.jpg","og:image:1"],["meta","property","og:image:width","content","1200","og:image:1"],["meta","property","og:image:height","content","630","og:image:1"],["meta","property","og:image:cropped","content","true","og:image:1"],["meta","property","og:image:id","content","13033","og:image:1"],["meta","property","og:image:size_name","content","wpsso-opengraph","og:image:1"],["meta","name","schema:language","content","tr_TR",""],["meta","name","schema:type:id","content","sports.team",""],["meta","name","schema:type:url","content","https:\/\/schema.org\/SportsTeam",""],["meta","name","schema:type:context","content","https:\/\/schema.org",""],["meta","name","schema:type:name","content","SportsTeam",""],["meta","name","schema:type:path","content","schema.org\/SportsTeam",""],["meta","property","article:author:name","content","Sampo Pajulampi",""],["meta","property","article:reading_mins","content","1",""],["meta","name","twitter:domain","content","tu11.fi",""],["meta","name","twitter:site","content","@taekwondourh",""],["meta","name","twitter:title","content","Suojapaketit  &ndash; Taekwondourheilijat 2011 | Taekwondoa parhaassa...",""],["meta","name","twitter:description","content","TU11 tarjoaa innostavan ymp&auml;rist&ouml;n harjoitella taekwondoa kaikenik&auml;isille ja -tasoisille, aloittelijoista huippu-urheilijoihin. Valmennus on systemaattista ja valmentajat maamme parhaimmistoa...",""],["meta","name","twitter:card","content","summary_large_image",""],["meta","name","twitter:image","content","https:\/\/tu11.fi\/taekwondo\/wp-content\/uploads\/2020\/08\/Taekwondourheilijat_2011_001_TU11-scaled-1200x630-cropped.jpg?p=14517",""],["meta","name","thumbnail","content","https:\/\/tu11.fi\/taekwondo\/wp-content\/uploads\/2020\/08\/Taekwondourheilijat_2011_001_TU11-scaled-1200x630-cropped.jpg",""]]},"_links":{"self":[{"href":"https:\/\/tu11.fi\/taekwondo\/tr\/wp-json\/wp\/v2\/pages\/14517","targetHints":{"allow":["GET"]}}],"collection":[{"href":"https:\/\/tu11.fi\/taekwondo\/tr\/wp-json\/wp\/v2\/pages"}],"about":[{"href":"https:\/\/tu11.fi\/taekwondo\/tr\/wp-json\/wp\/v2\/types\/page"}],"author":[{"embeddable":true,"href":"https:\/\/tu11.fi\/taekwondo\/tr\/wp-json\/wp\/v2\/users\/2"}],"replies":[{"embeddable":true,"href":"https:\/\/tu11.fi\/taekwondo\/tr\/wp-json\/wp\/v2\/comments?post=14517"}],"version-history":[{"count":2,"href":"https:\/\/tu11.fi\/taekwondo\/tr\/wp-json\/wp\/v2\/pages\/14517\/revisions"}],"predecessor-version":[{"id":49543,"href":"https:\/\/tu11.fi\/taekwondo\/tr\/wp-json\/wp\/v2\/pages\/14517\/revisions\/49543"}],"wp:featuredmedia":[{"embeddable":true,"href":"https:\/\/tu11.fi\/taekwondo\/tr\/wp-json\/wp\/v2\/media\/13033"}],"wp:attachment":[{"href":"https:\/\/tu11.fi\/taekwondo\/tr\/wp-json\/wp\/v2\/media?parent=14517"}],"curies":[{"name":"wp","href":"https:\/\/api.w.org\/{rel}","templated":true}]}}