{"id":13147,"date":"2020-09-10T06:38:41","date_gmt":"2020-09-10T06:38:41","guid":{"rendered":"https:\/\/tu11.fi\/taekwondo\/?page_id=13147"},"modified":"2024-04-16T11:34:41","modified_gmt":"2024-04-16T11:34:41","slug":"aloita-taekwondo-nyt_koululaiset","status":"publish","type":"page","link":"https:\/\/tu11.fi\/taekwondo\/aloita-taekwondo-nyt_koululaiset\/","title":{"rendered":"ALOITA TAEKWONDO NYT!"},"content":{"rendered":"\n<h3><a id=\"aloita\"><\/a>N\u00c4IN ALOITAT\u00a0<\/h3>\n<h5>1. Tarkista alkeisryhm\u00e4si harjoitusajat ja p\u00e4\u00e4t\u00e4 aloitatko suoraan alkeiryhm\u00e4ss\u00e4 vai osallistutko ilmaiselle alkeiskursille.<\/h5>\n<h5><strong>Taekwondourheilijoissa voit kokeilla taekwondoa 2 viikkoa sitoumuksetta!<br \/><br \/><\/strong><\/h5>\n<p><a href=\"https:\/\/tu11.fi\/taekwondo\/ilmaiset-alkeiskurssit\/\">ILMAISET ALKEISKURSSIT &gt;&gt;<\/a><\/p>\n<p><a href=\"https:\/\/tu11.fi\/taekwondo\/harjoitusryhmat\/\">RYHM\u00c4T\u00bb<\/a><\/p>\n<p><a href=\"https:\/\/tu11.fi\/taekwondo\/harjoitusajat\/\">KATSO HARJOITUSAIKATAULU\u00bb<\/a><\/p>\n<p><a href=\"https:\/\/tu11.fi\/taekwondo\/ota-yhteytta\/\">OTA YHTEYTT\u00c4\u00bb<\/a><\/p>\n<h5>2. Pakkaa treenikassi ja suuntaa salille<\/h5>\n<p>Taekwondon aloittaminen on helppoa, riitt\u00e4\u00e4 kun saavut paikalle ensimm\u00e4isiin treeneihisi. Pakkaa mukaan sis\u00e4liikuntaan soveltuvat vaatteet ja juomapullo. Harjoittelu tapahtuu avojaloin. Salimme on hyvien kulkuyhteyksien p\u00e4\u00e4ss\u00e4 osoitteessa Ristipellontie 14, 000390 Helsinki.<\/p>\n<p><a href=\"https:\/\/tu11.fi\/taekwondo\/sali\/\">MITEN L\u00d6YD\u00c4N PERILLE&gt;&gt;<\/a><\/p>\n<h5>3. Osallistu ensimm\u00e4isiin harjoituksiisi<\/h5>\n<p>Saavuttuasi salille l\u00f6yd\u00e4t yleens\u00e4 jonkun ohjaajistamme p\u00e4ivyst\u00e4m\u00e4st\u00e4 palvelutiskin takaa. Jos ohjaajat ovat juuri vet\u00e4m\u00e4ss\u00e4 harjoituksia, k\u00e4y rohkeasti peremm\u00e4lle, ohjaajat auttavat heti sopivan tilaisuuden tullessa. Kun oman ryhm\u00e4si tunti alkaa, hypp\u00e4\u00e4 mukaan ensimm\u00e4isiin taekwondoharjoituksiisi. Saat ensimm\u00e4isen k\u00e4yntisi yhteydess\u00e4 my\u00f6s harjoitussopimuksesi t\u00e4ytett\u00e4v\u00e4ksi sek\u00e4 aloittavan harrastaja oppaan, jossa kerrataan perustiedot ja k\u00e4yt\u00e4nn\u00f6n asiat harjoittelun aloittamiseen liittyen.\u00a0<\/p>\n<h5>4. Tutustu lajiin ja treeneihin rauhassa 2 viikkoa sitoumuksetta!<\/h5>\n<p>Ensimm\u00e4isten harjoitusten j\u00e4lkeen et ole viel\u00e4 sitoutunut mihink\u00e4\u00e4n. Saat vapaasti tutustua lajiin seuraavan kahden viikon aikana ja mietti\u00e4 rauhassa, haluatko jatkaa harrastusta.<\/p>\n<p>Saat harjoitusmaksun s\u00e4hk\u00f6postiisi heti kokeilujakson alussa, mutta maksa se vasta kun tied\u00e4t jatkavasi harrastusta. Laskun er\u00e4p\u00e4iv\u00e4 on samalla kokeilujakson viimeinen p\u00e4iv\u00e4.<\/p>\n<p>J\u00e4ik\u00f6 kysytt\u00e4v\u00e4\u00e4? Katso lis\u00e4\u00e4 alla olevista linkeist\u00e4 tai <a href=\"https:\/\/tu11.fi\/taekwondo\/ota-yhteytta\/\">ota yhteytt\u00e4,<\/a> kerromme mielell\u00e4mme lis\u00e4\u00e4. Aloita taekwondo nyt!<\/p>\n<p><em><a id=\"voimassa\"><\/a>*Koodi on voimassa vuoden 2020 loppuun asti.<\/em><\/p>\n<p><a href=\"https:\/\/tu11.fi\/taekwondo\/ilmaiset-alkeiskurssit\/\" target=\"_blank\" rel=\"noreferrer noopener\"><strong>ILMAINEN ALKEISKURSSI LAPSILLE, AIKUISILLE JA NUORILLE! \u00bb<\/strong><\/a><\/p>\n<p><a href=\"https:\/\/tu11.fi\/taekwondo\/ukk-faq\/\">KATSO USEIN KYSYTYT KYSYMYKSET\u00bb<\/a><\/p>\n<p><a href=\"#taekwondo\">TUTUSTU TAEKWONDOON LAJINA \u00bb<\/a><\/p>\n<p><a href=\"https:\/\/tu11.fi\/taekwondo\/ota-yhteytta\/\">OTA YHTEYTT\u00c4\u00bb<\/a><\/p>\n<p><a href=\"https:\/\/tu11.fi\/taekwondo\/taekwondo\/#harrastus2\"><strong>TAEKWONDO HARRASTUKSENA<\/strong><\/a><\/p>\n<p><a href=\"https:\/\/tu11.fi\/taekwondo\/taekwondo\/#urheilu2\"><strong>TAEKWONDO KILPAURHEILUNA<\/strong><\/a><\/p>\n<p><a href=\"https:\/\/tu11.fi\/taekwondo\/taekwondo\/#seura2\"><strong>TU11 SEURANA<\/strong><\/a><\/p>\n<p><a href=\"#lapset\"><strong>TAEKWONDOA LAPSILLE<\/strong><\/a><\/p>\n","protected":false},"excerpt":{"rendered":"<p><b>KUN T\u00c4YT\u00c4T ALLA OLEVAN LOMAKKEEN SAAT 10% ALENNUKSEN ENSIMMISEST\u00c4 HARJOITTELUJAKSOSTASI! JOS SINULLA ON JO KOODI, KATSO OHJEET ALOITTAMISEEN.<br \/>\n<a href=\"#koodi\">LUE LIS\u00c4\u00c4 ALTA.<\/a><\/b><\/p>\n<p>Potki itsesi liikkeelle ja aloita Taekwondo nyt!<br \/>\nVoit kokeilla 2 viikkoa sitoumuksetta.<\/p>\n","protected":false},"author":2,"featured_media":12333,"parent":0,"menu_order":0,"comment_status":"closed","ping_status":"closed","template":"templates\/template-cover.php","meta":{"footnotes":""},"class_list":["post-13147","page","type-page","status-publish","has-post-thumbnail","hentry"],"yoast_head":"<!-- This site is optimized with the Yoast SEO plugin v27.2 - https:\/\/yoast.com\/product\/yoast-seo-wordpress\/ -->\n<title>ALOITA TAEKWONDO NYT! - Taekwondourheilijat 2011 | Taekwondoa parhaassa seurassa | Helsinki | Espoo | Vantaa<\/title>\n<meta name=\"description\" content=\"TU11 tarjoaa innostavan ymp\u00e4rist\u00f6n harjoitella taekwondoa kaikenik\u00e4isille ja -tasoisille, aloittelijoista huippu-urheilijoihin. Valmennus on systemaattista ja valmentajat maamme parhaimmistoa. Aloita taekwondo nyt!\" \/>\n<meta name=\"robots\" content=\"index, follow, max-snippet:-1, max-image-preview:large, max-video-preview:-1\" \/>\n<link rel=\"canonical\" href=\"https:\/\/tu11.fi\/taekwondo\/aloita-taekwondo-nyt_koululaiset\/\" \/>\n<script type=\"application\/ld+json\" class=\"yoast-schema-graph\">{\"@context\":\"https:\/\/schema.org\",\"@graph\":[]}<\/script>\n<!-- \/ Yoast SEO plugin. -->","yoast_head_json":{"title":"ALOITA TAEKWONDO NYT! - Taekwondourheilijat 2011 | Taekwondoa parhaassa seurassa | Helsinki | Espoo | Vantaa","description":"TU11 tarjoaa innostavan ymp\u00e4rist\u00f6n harjoitella taekwondoa kaikenik\u00e4isille ja -tasoisille, aloittelijoista huippu-urheilijoihin. Valmennus on systemaattista ja valmentajat maamme parhaimmistoa. Aloita taekwondo nyt!","robots":{"index":"index","follow":"follow","max-snippet":"max-snippet:-1","max-image-preview":"max-image-preview:large","max-video-preview":"max-video-preview:-1"},"canonical":"https:\/\/tu11.fi\/taekwondo\/aloita-taekwondo-nyt_koululaiset\/","schema":{"@context":"https:\/\/schema.org","@graph":[]}},"amp_enabled":true,"head":{"html":["<meta name=\"wpsso-begin\" content=\"wpsso structured data begin\"\/>\n","<!-- generator:1 --><meta name=\"generator\" content=\"WPSSO Core 21.12.0\/L*\"\/>\n","<!-- generator:2 --><meta name=\"generator\" content=\"WPSSO RAR 3.3.0\/S\"\/>\n","<!-- generator:3 --><meta name=\"generator\" content=\"WPSSO REST 3.3.0\/S\"\/>\n","<!-- generator:4 --><meta name=\"generator\" content=\"WPSSO BC 5.5.0\/S\"\/>\n","<!-- generator:5 --><meta name=\"generator\" content=\"WPSSO FAQ 7.1.0\/S\"\/>\n","<!-- generator:6 --><meta name=\"generator\" content=\"WPSSO OPM 5.1.0\/S\"\/>\n","<!-- generator:7 --><meta name=\"generator\" content=\"WPSSO SSM 3.4.0\/S\"\/>\n","<!-- generator:8 --><meta name=\"generator\" content=\"WPSSO TIE 4.1.0\/S\"\/>\n","<!-- generator:9 --><meta name=\"generator\" content=\"WPSSO UM 7.3.0\/S\"\/>\n","<!-- generator:10 --><meta name=\"generator\" content=\"WPSSO UL 4.3.0\/S\"\/>\n","<link rel=\"shortlink\" href=\"https:\/\/tu11.fi\/taekwondo\/?p=13147\"\/>\n","<meta property=\"fb:app_id\" content=\"966242223397117\"\/>\n","<meta property=\"og:type\" content=\"website\"\/>\n","<meta property=\"og:url\" content=\"https:\/\/tu11.fi\/taekwondo\/aloita-taekwondo-nyt_koululaiset\/\"\/>\n","<meta property=\"og:locale\" content=\"fi_FI\"\/>\n","<meta property=\"og:site_name\" content=\"Taekwondourheilijat 2011 | Taekwondoa parhaassa seurassa | Helsinki | Espoo | Vantaa\"\/>\n","<meta property=\"og:title\" content=\"ALOITA TAEKWONDO NYT!  &ndash; Taekwondourheilijat 2011 | Taekwondoa...\"\/>\n","<meta property=\"og:description\" content=\"TU11 tarjoaa innostavan ymp&auml;rist&ouml;n harjoitella taekwondoa kaikenik&auml;isille ja -tasoisille, aloittelijoista huippu-urheilijoihin. Valmennus on systemaattista ja valmentajat maamme parhaimmistoa. Aloita taekwondo nyt!\"\/>\n","<meta property=\"og:updated_time\" content=\"2024-04-16T11:34:41+00:00\"\/>\n","<!-- og:image:1 --><meta property=\"og:image\" content=\"https:\/\/tu11.fi\/taekwondo\/wp-content\/uploads\/2020\/05\/Taekwondourheilijat_2011_022_TU11-scaled-1200x630-cropped.jpg\"\/>\n","<!-- og:image:1 --><meta property=\"og:image:width\" content=\"1200\"\/>\n","<!-- og:image:1 --><meta property=\"og:image:height\" content=\"630\"\/>\n","<meta name=\"twitter:domain\" content=\"tu11.fi\"\/>\n","<meta name=\"twitter:site\" content=\"@taekwondourh\"\/>\n","<meta name=\"twitter:title\" content=\"ALOITA TAEKWONDO NYT!  &ndash; Taekwondourheilijat 2011 | Taekwondoa...\"\/>\n","<meta name=\"twitter:description\" content=\"TU11 tarjoaa innostavan ymp&auml;rist&ouml;n harjoitella taekwondoa kaikenik&auml;isille ja -tasoisille, aloittelijoista huippu-urheilijoihin. Valmennus on systemaattista ja valmentajat maamme parhaimmistoa...\"\/>\n","<meta name=\"twitter:card\" content=\"summary_large_image\"\/>\n","<meta name=\"twitter:image\" content=\"https:\/\/tu11.fi\/taekwondo\/wp-content\/uploads\/2020\/05\/Taekwondourheilijat_2011_022_TU11-scaled-1200x630-cropped.jpg?p=13147\"\/>\n","<meta name=\"thumbnail\" content=\"https:\/\/tu11.fi\/taekwondo\/wp-content\/uploads\/2020\/05\/Taekwondourheilijat_2011_022_TU11-scaled-1200x630-cropped.jpg\"\/>\n","<script type=\"application\/ld+json\" id=\"wpsso-schema-graph\">{\n    \"@context\": \"https:\/\/schema.org\",\n    \"@graph\": [\n        {\n            \"@id\": \"#sso\/knowledge-graph\/sports-team\/13147\",\n            \"@context\": \"https:\/\/schema.org\",\n            \"@type\": \"SportsTeam\",\n            \"mainEntityOfPage\": \"https:\/\/tu11.fi\/taekwondo\/aloita-taekwondo-nyt_koululaiset\/\",\n            \"url\": \"https:\/\/tu11.fi\/taekwondo\/aloita-taekwondo-nyt_koululaiset\/\",\n            \"sameAs\": [\n                \"https:\/\/tu11.fi\/taekwondo\/?p=13147\"\n            ],\n            \"name\": \"ALOITA TAEKWONDO NYT!  &ndash; Taekwondourheilijat 2011 | Taekwondoa...\",\n            \"alternateName\": \"ALOITA TAEKWONDO NYT!  &ndash; Taekwondourheilijat 2011 | Taekwondoa parhaassa seurassa | Helsinki | Espoo | Vantaa\",\n            \"description\": \"TU11 tarjoaa innostavan ymp&auml;rist&ouml;n harjoitella taekwondoa kaikenik&auml;isille ja -tasoisille, aloittelijoista huippu-urheilijoihin. Valmennus on systemaattista ja valmentajat maamme parhaimmistoa. Aloita taekwondo nyt!\",\n            \"image\": [\n                {\n                    \"@id\": \"\/wp-content\/uploads\/2020\/05\/Taekwondourheilijat_2011_022_TU11-scaled-1200x1200-cropped.jpg#sso\/image-object\"\n                },\n                {\n                    \"@id\": \"\/wp-content\/uploads\/2020\/05\/Taekwondourheilijat_2011_022_TU11-scaled-1200x900-cropped.jpg#sso\/image-object\"\n                },\n                {\n                    \"@id\": \"\/wp-content\/uploads\/2020\/05\/Taekwondourheilijat_2011_022_TU11-scaled-1200x675-cropped.jpg#sso\/image-object\"\n                }\n            ]\n        },\n        {\n            \"@id\": \"\/wp-content\/uploads\/2020\/05\/Taekwondourheilijat_2011_022_TU11-scaled-1200x1200-cropped.jpg#sso\/image-object\",\n            \"@context\": \"https:\/\/schema.org\",\n            \"@type\": \"ImageObject\",\n            \"url\": \"https:\/\/tu11.fi\/taekwondo\/wp-content\/uploads\/2020\/05\/Taekwondourheilijat_2011_022_TU11-scaled-1200x1200-cropped.jpg\",\n            \"identifier\": \"12333-wpsso-schema-1x1\",\n            \"name\": \"Taekwondourheilijat_2011_022_TU11  &ndash; Taekwondourheilijat 2011 |...\",\n            \"alternateName\": \"Taekwondourheilijat_2011_022_TU11  &ndash; Taekwondourheilijat 2011 | Taekwondoa parhaassa seurassa | Helsinki |...\",\n            \"description\": \"No Description.\",\n            \"encodingFormat\": \"image\/jpeg\",\n            \"uploadDate\": \"2020-05-16T10:18:26+00:00\",\n            \"width\": [\n                {\n                    \"@id\": \"#sso\/qv-width-px-1200\"\n                }\n            ],\n            \"height\": [\n                {\n                    \"@id\": \"#sso\/qv-height-px-1200\"\n                }\n            ]\n        },\n        {\n            \"@id\": \"#sso\/qv-width-px-1200\",\n            \"@context\": \"https:\/\/schema.org\",\n            \"@type\": \"QuantitativeValue\",\n            \"name\": \"Width\",\n            \"unitText\": \"px\",\n            \"unitCode\": \"E37\",\n            \"value\": \"1200\"\n        },\n        {\n            \"@id\": \"#sso\/qv-height-px-1200\",\n            \"@context\": \"https:\/\/schema.org\",\n            \"@type\": \"QuantitativeValue\",\n            \"name\": \"Height\",\n            \"unitText\": \"px\",\n            \"unitCode\": \"E37\",\n            \"value\": \"1200\"\n        },\n        {\n            \"@id\": \"\/wp-content\/uploads\/2020\/05\/Taekwondourheilijat_2011_022_TU11-scaled-1200x900-cropped.jpg#sso\/image-object\",\n            \"@context\": \"https:\/\/schema.org\",\n            \"@type\": \"ImageObject\",\n            \"url\": \"https:\/\/tu11.fi\/taekwondo\/wp-content\/uploads\/2020\/05\/Taekwondourheilijat_2011_022_TU11-scaled-1200x900-cropped.jpg\",\n            \"identifier\": \"12333-wpsso-schema-4x3\",\n            \"name\": \"Taekwondourheilijat_2011_022_TU11  &ndash; Taekwondourheilijat 2011 |...\",\n            \"alternateName\": \"Taekwondourheilijat_2011_022_TU11  &ndash; Taekwondourheilijat 2011 | Taekwondoa parhaassa seurassa | Helsinki |...\",\n            \"description\": \"No Description.\",\n            \"encodingFormat\": \"image\/jpeg\",\n            \"uploadDate\": \"2020-05-16T10:18:26+00:00\",\n            \"width\": [\n                {\n                    \"@id\": \"#sso\/qv-width-px-1200\"\n                }\n            ],\n            \"height\": [\n                {\n                    \"@id\": \"#sso\/qv-height-px-900\"\n                }\n            ]\n        },\n        {\n            \"@id\": \"#sso\/qv-height-px-900\",\n            \"@context\": \"https:\/\/schema.org\",\n            \"@type\": \"QuantitativeValue\",\n            \"name\": \"Height\",\n            \"unitText\": \"px\",\n            \"unitCode\": \"E37\",\n            \"value\": \"900\"\n        },\n        {\n            \"@id\": \"\/wp-content\/uploads\/2020\/05\/Taekwondourheilijat_2011_022_TU11-scaled-1200x675-cropped.jpg#sso\/image-object\",\n            \"@context\": \"https:\/\/schema.org\",\n            \"@type\": \"ImageObject\",\n            \"url\": \"https:\/\/tu11.fi\/taekwondo\/wp-content\/uploads\/2020\/05\/Taekwondourheilijat_2011_022_TU11-scaled-1200x675-cropped.jpg\",\n            \"identifier\": \"12333-wpsso-schema-16x9\",\n            \"name\": \"Taekwondourheilijat_2011_022_TU11  &ndash; Taekwondourheilijat 2011 |...\",\n            \"alternateName\": \"Taekwondourheilijat_2011_022_TU11  &ndash; Taekwondourheilijat 2011 | Taekwondoa parhaassa seurassa | Helsinki |...\",\n            \"description\": \"No Description.\",\n            \"encodingFormat\": \"image\/jpeg\",\n            \"uploadDate\": \"2020-05-16T10:18:26+00:00\",\n            \"width\": [\n                {\n                    \"@id\": \"#sso\/qv-width-px-1200\"\n                }\n            ],\n            \"height\": [\n                {\n                    \"@id\": \"#sso\/qv-height-px-675\"\n                }\n            ]\n        },\n        {\n            \"@id\": \"#sso\/qv-height-px-675\",\n            \"@context\": \"https:\/\/schema.org\",\n            \"@type\": \"QuantitativeValue\",\n            \"name\": \"Height\",\n            \"unitText\": \"px\",\n            \"unitCode\": \"E37\",\n            \"value\": \"675\"\n        },\n        {\n            \"@id\": \"\/aloita-taekwondo-nyt_koululaiset\/#sso\/breadcrumb-list\/13147\",\n            \"@context\": \"https:\/\/schema.org\",\n            \"@type\": \"BreadcrumbList\",\n            \"url\": \"https:\/\/tu11.fi\/taekwondo\/aloita-taekwondo-nyt_koululaiset\/\",\n            \"itemListElement\": [\n                {\n                    \"@context\": \"https:\/\/schema.org\",\n                    \"@type\": \"ListItem\",\n                    \"position\": 1,\n                    \"name\": \"Home\",\n                    \"item\": \"https:\/\/tu11.fi\/taekwondo\/\"\n                },\n                {\n                    \"@context\": \"https:\/\/schema.org\",\n                    \"@type\": \"ListItem\",\n                    \"position\": 2,\n                    \"name\": \"ALOITA TAEKWONDO NYT!   Taekwondourheilijat 2011 | Taekwondoa...\",\n                    \"item\": \"https:\/\/tu11.fi\/taekwondo\/aloita-taekwondo-nyt_koululaiset\/\"\n                }\n            ]\n        }\n    ]\n}<\/script>\n","<meta name=\"wpsso-end\" content=\"wpsso structured data end\"\/>\n","<meta name=\"wpsso-cached\" content=\"no cache for tu11.fi\/taekwondo\"\/>\n"],"json":[{"@context":"https:\/\/schema.org","@graph":[{"@id":"#sso\/knowledge-graph\/sports-team\/13147","@context":"https:\/\/schema.org","@type":"SportsTeam","mainEntityOfPage":"https:\/\/tu11.fi\/taekwondo\/aloita-taekwondo-nyt_koululaiset\/","url":"https:\/\/tu11.fi\/taekwondo\/aloita-taekwondo-nyt_koululaiset\/","sameAs":["https:\/\/tu11.fi\/taekwondo\/?p=13147"],"name":"ALOITA TAEKWONDO NYT!  &ndash; Taekwondourheilijat 2011 | Taekwondoa...","alternateName":"ALOITA TAEKWONDO NYT!  &ndash; Taekwondourheilijat 2011 | Taekwondoa parhaassa seurassa | Helsinki | Espoo | Vantaa","description":"TU11 tarjoaa innostavan ymp&auml;rist&ouml;n harjoitella taekwondoa kaikenik&auml;isille ja -tasoisille, aloittelijoista huippu-urheilijoihin. Valmennus on systemaattista ja valmentajat maamme parhaimmistoa. Aloita taekwondo nyt!","image":[{"@id":"\/wp-content\/uploads\/2020\/05\/Taekwondourheilijat_2011_022_TU11-scaled-1200x1200-cropped.jpg#sso\/image-object"},{"@id":"\/wp-content\/uploads\/2020\/05\/Taekwondourheilijat_2011_022_TU11-scaled-1200x900-cropped.jpg#sso\/image-object"},{"@id":"\/wp-content\/uploads\/2020\/05\/Taekwondourheilijat_2011_022_TU11-scaled-1200x675-cropped.jpg#sso\/image-object"}]},{"@id":"\/wp-content\/uploads\/2020\/05\/Taekwondourheilijat_2011_022_TU11-scaled-1200x1200-cropped.jpg#sso\/image-object","@context":"https:\/\/schema.org","@type":"ImageObject","url":"https:\/\/tu11.fi\/taekwondo\/wp-content\/uploads\/2020\/05\/Taekwondourheilijat_2011_022_TU11-scaled-1200x1200-cropped.jpg","identifier":"12333-wpsso-schema-1x1","name":"Taekwondourheilijat_2011_022_TU11  &ndash; Taekwondourheilijat 2011 |...","alternateName":"Taekwondourheilijat_2011_022_TU11  &ndash; Taekwondourheilijat 2011 | Taekwondoa parhaassa seurassa | Helsinki |...","description":"No Description.","encodingFormat":"image\/jpeg","uploadDate":"2020-05-16T10:18:26+00:00","width":[{"@id":"#sso\/qv-width-px-1200"}],"height":[{"@id":"#sso\/qv-height-px-1200"}]},{"@id":"#sso\/qv-width-px-1200","@context":"https:\/\/schema.org","@type":"QuantitativeValue","name":"Width","unitText":"px","unitCode":"E37","value":"1200"},{"@id":"#sso\/qv-height-px-1200","@context":"https:\/\/schema.org","@type":"QuantitativeValue","name":"Height","unitText":"px","unitCode":"E37","value":"1200"},{"@id":"\/wp-content\/uploads\/2020\/05\/Taekwondourheilijat_2011_022_TU11-scaled-1200x900-cropped.jpg#sso\/image-object","@context":"https:\/\/schema.org","@type":"ImageObject","url":"https:\/\/tu11.fi\/taekwondo\/wp-content\/uploads\/2020\/05\/Taekwondourheilijat_2011_022_TU11-scaled-1200x900-cropped.jpg","identifier":"12333-wpsso-schema-4x3","name":"Taekwondourheilijat_2011_022_TU11  &ndash; Taekwondourheilijat 2011 |...","alternateName":"Taekwondourheilijat_2011_022_TU11  &ndash; Taekwondourheilijat 2011 | Taekwondoa parhaassa seurassa | Helsinki |...","description":"No Description.","encodingFormat":"image\/jpeg","uploadDate":"2020-05-16T10:18:26+00:00","width":[{"@id":"#sso\/qv-width-px-1200"}],"height":[{"@id":"#sso\/qv-height-px-900"}]},{"@id":"#sso\/qv-height-px-900","@context":"https:\/\/schema.org","@type":"QuantitativeValue","name":"Height","unitText":"px","unitCode":"E37","value":"900"},{"@id":"\/wp-content\/uploads\/2020\/05\/Taekwondourheilijat_2011_022_TU11-scaled-1200x675-cropped.jpg#sso\/image-object","@context":"https:\/\/schema.org","@type":"ImageObject","url":"https:\/\/tu11.fi\/taekwondo\/wp-content\/uploads\/2020\/05\/Taekwondourheilijat_2011_022_TU11-scaled-1200x675-cropped.jpg","identifier":"12333-wpsso-schema-16x9","name":"Taekwondourheilijat_2011_022_TU11  &ndash; Taekwondourheilijat 2011 |...","alternateName":"Taekwondourheilijat_2011_022_TU11  &ndash; Taekwondourheilijat 2011 | Taekwondoa parhaassa seurassa | Helsinki |...","description":"No Description.","encodingFormat":"image\/jpeg","uploadDate":"2020-05-16T10:18:26+00:00","width":[{"@id":"#sso\/qv-width-px-1200"}],"height":[{"@id":"#sso\/qv-height-px-675"}]},{"@id":"#sso\/qv-height-px-675","@context":"https:\/\/schema.org","@type":"QuantitativeValue","name":"Height","unitText":"px","unitCode":"E37","value":"675"},{"@id":"\/aloita-taekwondo-nyt_koululaiset\/#sso\/breadcrumb-list\/13147","@context":"https:\/\/schema.org","@type":"BreadcrumbList","url":"https:\/\/tu11.fi\/taekwondo\/aloita-taekwondo-nyt_koululaiset\/","itemListElement":[{"@context":"https:\/\/schema.org","@type":"ListItem","position":1,"name":"Home","item":"https:\/\/tu11.fi\/taekwondo\/"},{"@context":"https:\/\/schema.org","@type":"ListItem","position":2,"name":"ALOITA TAEKWONDO NYT!   Taekwondourheilijat 2011 | Taekwondoa...","item":"https:\/\/tu11.fi\/taekwondo\/aloita-taekwondo-nyt_koululaiset\/"}]}]}],"parts":[["meta","name","generator","content","WPSSO Core 21.12.0\/L*","generator:1"],["meta","name","generator","content","WPSSO RAR 3.3.0\/S","generator:2"],["meta","name","generator","content","WPSSO REST 3.3.0\/S","generator:3"],["meta","name","generator","content","WPSSO BC 5.5.0\/S","generator:4"],["meta","name","generator","content","WPSSO FAQ 7.1.0\/S","generator:5"],["meta","name","generator","content","WPSSO OPM 5.1.0\/S","generator:6"],["meta","name","generator","content","WPSSO SSM 3.4.0\/S","generator:7"],["meta","name","generator","content","WPSSO TIE 4.1.0\/S","generator:8"],["meta","name","generator","content","WPSSO UM 7.3.0\/S","generator:9"],["meta","name","generator","content","WPSSO UL 4.3.0\/S","generator:10"],["link","rel","shortlink","href","https:\/\/tu11.fi\/taekwondo\/?p=13147",""],["meta","property","fb:app_id","content","966242223397117",""],["meta","property","og:time","content","2026-04-14T22:47:43+00:00",""],["meta","property","og:type","content","website",""],["meta","property","og:url","content","https:\/\/tu11.fi\/taekwondo\/aloita-taekwondo-nyt_koululaiset\/",""],["meta","property","og:locale","content","fi_FI",""],["meta","property","og:site_name","content","Taekwondourheilijat 2011 | Taekwondoa parhaassa seurassa | Helsinki | Espoo | Vantaa",""],["meta","property","og:title","content","ALOITA TAEKWONDO NYT!  &ndash; Taekwondourheilijat 2011 | Taekwondoa...",""],["meta","property","og:description","content","TU11 tarjoaa innostavan ymp&auml;rist&ouml;n harjoitella taekwondoa kaikenik&auml;isille ja -tasoisille, aloittelijoista huippu-urheilijoihin. Valmennus on systemaattista ja valmentajat maamme parhaimmistoa. Aloita taekwondo nyt!",""],["meta","property","og:updated_time","content","2024-04-16T11:34:41+00:00",""],["meta","property","og:image:secure_url","content","https:\/\/tu11.fi\/taekwondo\/wp-content\/uploads\/2020\/05\/Taekwondourheilijat_2011_022_TU11-scaled-1200x630-cropped.jpg","og:image:1"],["meta","property","og:image:url","content","https:\/\/tu11.fi\/taekwondo\/wp-content\/uploads\/2020\/05\/Taekwondourheilijat_2011_022_TU11-scaled-1200x630-cropped.jpg","og:image:1"],["meta","property","og:image","content","https:\/\/tu11.fi\/taekwondo\/wp-content\/uploads\/2020\/05\/Taekwondourheilijat_2011_022_TU11-scaled-1200x630-cropped.jpg","og:image:1"],["meta","property","og:image:width","content","1200","og:image:1"],["meta","property","og:image:height","content","630","og:image:1"],["meta","property","og:image:cropped","content","true","og:image:1"],["meta","property","og:image:id","content","12333","og:image:1"],["meta","property","og:image:size_name","content","wpsso-opengraph","og:image:1"],["meta","name","schema:language","content","fi",""],["meta","name","schema:type:id","content","sports.team",""],["meta","name","schema:type:url","content","https:\/\/schema.org\/SportsTeam",""],["meta","name","schema:type:context","content","https:\/\/schema.org",""],["meta","name","schema:type:name","content","SportsTeam",""],["meta","name","schema:type:path","content","schema.org\/SportsTeam",""],["meta","property","article:author:name","content","Sampo Pajulampi",""],["meta","property","article:reading_mins","content","1",""],["meta","name","twitter:domain","content","tu11.fi",""],["meta","name","twitter:site","content","@taekwondourh",""],["meta","name","twitter:title","content","ALOITA TAEKWONDO NYT!  &ndash; Taekwondourheilijat 2011 | Taekwondoa...",""],["meta","name","twitter:description","content","TU11 tarjoaa innostavan ymp&auml;rist&ouml;n harjoitella taekwondoa kaikenik&auml;isille ja -tasoisille, aloittelijoista huippu-urheilijoihin. Valmennus on systemaattista ja valmentajat maamme parhaimmistoa...",""],["meta","name","twitter:card","content","summary_large_image",""],["meta","name","twitter:image","content","https:\/\/tu11.fi\/taekwondo\/wp-content\/uploads\/2020\/05\/Taekwondourheilijat_2011_022_TU11-scaled-1200x630-cropped.jpg?p=13147",""],["meta","name","thumbnail","content","https:\/\/tu11.fi\/taekwondo\/wp-content\/uploads\/2020\/05\/Taekwondourheilijat_2011_022_TU11-scaled-1200x630-cropped.jpg",""]]},"_links":{"self":[{"href":"https:\/\/tu11.fi\/taekwondo\/wp-json\/wp\/v2\/pages\/13147","targetHints":{"allow":["GET"]}}],"collection":[{"href":"https:\/\/tu11.fi\/taekwondo\/wp-json\/wp\/v2\/pages"}],"about":[{"href":"https:\/\/tu11.fi\/taekwondo\/wp-json\/wp\/v2\/types\/page"}],"author":[{"embeddable":true,"href":"https:\/\/tu11.fi\/taekwondo\/wp-json\/wp\/v2\/users\/2"}],"replies":[{"embeddable":true,"href":"https:\/\/tu11.fi\/taekwondo\/wp-json\/wp\/v2\/comments?post=13147"}],"version-history":[{"count":4,"href":"https:\/\/tu11.fi\/taekwondo\/wp-json\/wp\/v2\/pages\/13147\/revisions"}],"predecessor-version":[{"id":50122,"href":"https:\/\/tu11.fi\/taekwondo\/wp-json\/wp\/v2\/pages\/13147\/revisions\/50122"}],"wp:featuredmedia":[{"embeddable":true,"href":"https:\/\/tu11.fi\/taekwondo\/wp-json\/wp\/v2\/media\/12333"}],"wp:attachment":[{"href":"https:\/\/tu11.fi\/taekwondo\/wp-json\/wp\/v2\/media?parent=13147"}],"curies":[{"name":"wp","href":"https:\/\/api.w.org\/{rel}","templated":true}]}}