{"id":51064,"date":"2026-02-06T13:15:19","date_gmt":"2026-02-06T13:15:19","guid":{"rendered":"https:\/\/tu11.fi\/taekwondo\/?page_id=51064"},"modified":"2026-02-09T12:03:47","modified_gmt":"2026-02-09T12:03:47","slug":"taekwondo-defense-tkdd","status":"publish","type":"page","link":"https:\/\/tu11.fi\/taekwondo\/taekwondo-defense-tkdd\/","title":{"rendered":"Taekwondo Defense (TKDD)"},"content":{"rendered":"\n<p>Taekwondo Defense (TKDD) on moderni, itsen\u00e4inen itsepuolustusj\u00e4rjestelm\u00e4, joka perustuu taekwondon tekniikoihin ja niiden realistiseen soveltamiseen. J\u00e4rjestelm\u00e4 pohjautuu Kukkiwon Taekwondon Hosinsuliin ja j\u00e4sent\u00e4\u00e4 itsepuolustusharjoittelun selke\u00e4ksi ja systemaattiseksi kokonaisuudeksi, jossa tekniikat, liikkuminen ja et\u00e4isyys muodostavat toimivan kamppailullisen rakenteen.<\/p>\n<p style=\"text-align: center;\"><img decoding=\"async\" src=\"http:\/\/tu11.fi\/taekwondo\/wp-content\/uploads\/2026\/02\/20260208_205224000_iOS.jpg\" alt=\"\" \/><\/p>\n<p style=\"text-align: left;\"><br \/>TKDD:n on perustanut korealainen taekwondomestari <b>Grandmaster Kim Eunseob<\/b>, joka aloitti j\u00e4rjestelm\u00e4n kehitt\u00e4misen Koreassa vuonna 2013. Taekwondo Defense levisi nopeasti kansainv\u00e4lisesti erityisesti digitaalisten opetusmateriaalien ja videon v\u00e4lityksell\u00e4.<\/p>\n<p style=\"text-align: center;\"><img decoding=\"async\" src=\"http:\/\/tu11.fi\/taekwondo\/wp-content\/uploads\/2026\/02\/20260208_204729000_iOS.jpg\" alt=\"\" \/><\/p>\n<p style=\"text-align: left;\"><br \/>J\u00e4rjestelm\u00e4n kasvun my\u00f6t\u00e4 Kim Eunseob perusti <b>World Taekwondo Defense Federationin<\/b>, jonka puheenjohtajana h\u00e4n toimii edelleen. Lis\u00e4ksi h\u00e4n toimii <b>World Taekwondo Headquarters Kukkiwonin itsepuolustuksen teknisen\u00e4 neuvonantajana<\/b>.<br \/>TKDD:n periaatteet ja harjoitussis\u00e4ll\u00f6t ovat linjassa Kukkiwon-taekwondon nykyaikaistetun Hosinsulin kanssa. Kukkiwonin uudistetun virallisen Taekwondo Textbookin itsepuolustusosio pohjautuu n\u00e4ihin periaatteisiin, vaikka TKDD on oma itsen\u00e4inen j\u00e4rjestelm\u00e4ns\u00e4. T\u00e4m\u00e4 on osaltaan vaikuttanut siihen, miten Hosinsulia nykyisin j\u00e4sennet\u00e4\u00e4n ja opetetaan osana modernia Kukkiwon-taekwondoa.<\/p>\n<p>\u00a0<\/p>\n<p style=\"text-align: center;\"><img decoding=\"async\" src=\"http:\/\/tu11.fi\/taekwondo\/wp-content\/uploads\/2026\/02\/20260208_204522000_iOS.jpg\" alt=\"\" \/><\/p>\n<p style=\"text-align: left;\"><br \/>TKDD on itsen\u00e4inen j\u00e4rjestelm\u00e4, vaikka se pohjautuu Kukkiwon Taekwondon Hosinsuliin. Se ei ole kilpailulaji, vaan keskittyy kamppailutilanteisiin ilman kilpailus\u00e4\u00e4nt\u00f6j\u00e4, painottaen et\u00e4isyytt\u00e4, ajoitusta, rakenteellista liikkumista ja kontrollia.<br \/>Suomessa Taekwondo Defense -toimintaa edustaa <b>Taekwondo Defense Finland ry<\/b>. Lajin Suomeen toi <b>Marko Hyyti\u00e4inen<\/b>, 3. dan Taekwondo Defense, joka toimii my\u00f6s lajin p\u00e4\u00e4opettajana Suomessa.<\/p>\n<p style=\"text-align: center;\"><img decoding=\"async\" src=\"http:\/\/tu11.fi\/taekwondo\/wp-content\/uploads\/2026\/02\/20260208_204438000_iOS.jpg\" alt=\"\" \/><\/p>\n<p style=\"text-align: left;\"><br \/>Taekwondo Defense Finland ry:n tavoitteena on levitt\u00e4\u00e4 TKDD-j\u00e4rjestelm\u00e4n oppeja Suomessa sek\u00e4 edist\u00e4\u00e4 Hosinsuliin pohjautuvaa, rakenteellista ja kamppailullista itsepuolustusharjoittelua.<\/p>\n<hr \/>\n<p>\u00a0<\/p>\n\n\n\n<figure class=\"wp-block-embed is-type-wp-embed is-provider-taekwondourheilijat-2011-taekwondo-helsinki-espoo-vantaa wp-block-embed-taekwondourheilijat-2011-taekwondo-helsinki-espoo-vantaa\"><div class=\"wp-block-embed__wrapper\">\n<blockquote class=\"wp-embedded-content\" data-secret=\"RzIdDZ0g5Z\"><a href=\"https:\/\/tu11.fi\/taekwondo\/2026\/02\/taekwondo-hosinsul-tekniikan-peruskurssi\/\">Taekwondo Hosinsul-tekniikan peruskurssi<\/a><\/blockquote><iframe loading=\"lazy\" class=\"wp-embedded-content\" sandbox=\"allow-scripts\" security=\"restricted\" style=\"position: absolute; visibility: hidden;\" title=\"&#8221;Taekwondo Hosinsul-tekniikan peruskurssi&#8221; &#8212; Taekwondourheilijat 2011 | Taekwondo | Helsinki | Espoo | Vantaa\" src=\"https:\/\/tu11.fi\/taekwondo\/2026\/02\/taekwondo-hosinsul-tekniikan-peruskurssi\/embed\/#?secret=JYhRqO0mYP#?secret=RzIdDZ0g5Z\" data-secret=\"RzIdDZ0g5Z\" width=\"580\" height=\"327\" frameborder=\"0\" marginwidth=\"0\" marginheight=\"0\" scrolling=\"no\"><\/iframe>\n<\/div><\/figure>\n\n\n","protected":false},"excerpt":{"rendered":"<p>Taekwondo Defense (TKDD) on moderni, itsen\u00e4inen itsepuolustusj\u00e4rjestelm\u00e4, joka perustuu taekwondon tekniikoihin ja niiden realistiseen soveltamiseen. J\u00e4rjestelm\u00e4 pohjautuu Kukkiwon Taekwondon Hosinsuliin ja j\u00e4sent\u00e4\u00e4 itsepuolustusharjoittelun selke\u00e4ksi ja systemaattiseksi kokonaisuudeksi, jossa tekniikat, liikkuminen ja et\u00e4isyys muodostavat toimivan kamppailullisen rakenteen. TKDD:n on perustanut korealainen taekwondomestari Grandmaster Kim Eunseob, joka aloitti j\u00e4rjestelm\u00e4n kehitt\u00e4misen Koreassa vuonna 2013. Taekwondo Defense levisi nopeasti&hellip;<\/p>\n","protected":false},"author":2,"featured_media":51113,"parent":0,"menu_order":0,"comment_status":"closed","ping_status":"closed","template":"templates\/template-cover.php","meta":{"footnotes":""},"class_list":["post-51064","page","type-page","status-publish","has-post-thumbnail","hentry"],"yoast_head":"<!-- This site is optimized with the Yoast SEO plugin v27.2 - https:\/\/yoast.com\/product\/yoast-seo-wordpress\/ -->\n<title>Taekwondo Defense (TKDD) - Taekwondourheilijat 2011 | Taekwondoa parhaassa seurassa | Helsinki | Espoo | Vantaa<\/title>\n<meta name=\"description\" content=\"TU11 tarjoaa innostavan ymp\u00e4rist\u00f6n harjoitella taekwondoa kaikenik\u00e4isille ja -tasoisille, aloittelijoista huippu-urheilijoihin. Valmennus on systemaattista ja valmentajat maamme parhaimmistoa. Aloita taekwondo nyt!\" \/>\n<meta name=\"robots\" content=\"index, follow, max-snippet:-1, max-image-preview:large, max-video-preview:-1\" \/>\n<link rel=\"canonical\" href=\"https:\/\/tu11.fi\/taekwondo\/taekwondo-defense-tkdd\/\" \/>\n<script type=\"application\/ld+json\" class=\"yoast-schema-graph\">{\"@context\":\"https:\/\/schema.org\",\"@graph\":[]}<\/script>\n<!-- \/ Yoast SEO plugin. -->","yoast_head_json":{"title":"Taekwondo Defense (TKDD) - Taekwondourheilijat 2011 | Taekwondoa parhaassa seurassa | Helsinki | Espoo | Vantaa","description":"TU11 tarjoaa innostavan ymp\u00e4rist\u00f6n harjoitella taekwondoa kaikenik\u00e4isille ja -tasoisille, aloittelijoista huippu-urheilijoihin. Valmennus on systemaattista ja valmentajat maamme parhaimmistoa. Aloita taekwondo nyt!","robots":{"index":"index","follow":"follow","max-snippet":"max-snippet:-1","max-image-preview":"max-image-preview:large","max-video-preview":"max-video-preview:-1"},"canonical":"https:\/\/tu11.fi\/taekwondo\/taekwondo-defense-tkdd\/","schema":{"@context":"https:\/\/schema.org","@graph":[]}},"amp_enabled":true,"head":{"html":["<meta name=\"wpsso-begin\" content=\"wpsso structured data begin\"\/>\n","<!-- generator:1 --><meta name=\"generator\" content=\"WPSSO Core 21.12.0\/L*\"\/>\n","<!-- generator:2 --><meta name=\"generator\" content=\"WPSSO RAR 3.3.0\/S\"\/>\n","<!-- generator:3 --><meta name=\"generator\" content=\"WPSSO REST 3.3.0\/S\"\/>\n","<!-- generator:4 --><meta name=\"generator\" content=\"WPSSO BC 5.5.0\/S\"\/>\n","<!-- generator:5 --><meta name=\"generator\" content=\"WPSSO FAQ 7.1.0\/S\"\/>\n","<!-- generator:6 --><meta name=\"generator\" content=\"WPSSO OPM 5.1.0\/S\"\/>\n","<!-- generator:7 --><meta name=\"generator\" content=\"WPSSO SSM 3.4.0\/S\"\/>\n","<!-- generator:8 --><meta name=\"generator\" content=\"WPSSO TIE 4.1.0\/S\"\/>\n","<!-- generator:9 --><meta name=\"generator\" content=\"WPSSO UM 7.3.0\/S\"\/>\n","<!-- generator:10 --><meta name=\"generator\" content=\"WPSSO UL 4.3.0\/S\"\/>\n","<link rel=\"shortlink\" href=\"https:\/\/tu11.fi\/taekwondo\/?p=51064\"\/>\n","<meta property=\"fb:app_id\" content=\"966242223397117\"\/>\n","<meta property=\"og:type\" content=\"website\"\/>\n","<meta property=\"og:url\" content=\"https:\/\/tu11.fi\/taekwondo\/taekwondo-defense-tkdd\/\"\/>\n","<meta property=\"og:locale\" content=\"fi_FI\"\/>\n","<meta property=\"og:site_name\" content=\"Taekwondourheilijat 2011 | Taekwondoa parhaassa seurassa | Helsinki | Espoo | Vantaa\"\/>\n","<meta property=\"og:title\" content=\"Taekwondo Defense (TKDD)  &ndash; Taekwondourheilijat 2011 | Taekwondoa...\"\/>\n","<meta property=\"og:description\" content=\"TU11 tarjoaa innostavan ymp&auml;rist&ouml;n harjoitella taekwondoa kaikenik&auml;isille ja -tasoisille, aloittelijoista huippu-urheilijoihin. Valmennus on systemaattista ja valmentajat maamme parhaimmistoa. Aloita taekwondo nyt!\"\/>\n","<meta property=\"og:updated_time\" content=\"2026-02-09T12:03:47+00:00\"\/>\n","<!-- og:image:1 --><meta property=\"og:image\" content=\"https:\/\/tu11.fi\/taekwondo\/wp-content\/uploads\/2026\/02\/20260208_161012370_iOS-1200x630-cropped.jpg\"\/>\n","<!-- og:image:1 --><meta property=\"og:image:width\" content=\"1200\"\/>\n","<!-- og:image:1 --><meta property=\"og:image:height\" content=\"630\"\/>\n","<meta name=\"twitter:domain\" content=\"tu11.fi\"\/>\n","<meta name=\"twitter:site\" content=\"@taekwondourh\"\/>\n","<meta name=\"twitter:title\" content=\"Taekwondo Defense (TKDD)  &ndash; Taekwondourheilijat 2011 | Taekwondoa...\"\/>\n","<meta name=\"twitter:description\" content=\"TU11 tarjoaa innostavan ymp&auml;rist&ouml;n harjoitella taekwondoa kaikenik&auml;isille ja -tasoisille, aloittelijoista huippu-urheilijoihin. Valmennus on systemaattista ja valmentajat maamme parhaimmistoa...\"\/>\n","<meta name=\"twitter:card\" content=\"summary_large_image\"\/>\n","<meta name=\"twitter:image\" content=\"https:\/\/tu11.fi\/taekwondo\/wp-content\/uploads\/2026\/02\/20260208_161012370_iOS-1200x630-cropped.jpg?p=51064\"\/>\n","<meta name=\"thumbnail\" content=\"https:\/\/tu11.fi\/taekwondo\/wp-content\/uploads\/2026\/02\/20260208_161012370_iOS-1200x630-cropped.jpg\"\/>\n","<script type=\"application\/ld+json\" id=\"wpsso-schema-graph\">{\n    \"@context\": \"https:\/\/schema.org\",\n    \"@graph\": [\n        {\n            \"@id\": \"#sso\/knowledge-graph\/sports-team\/51064\",\n            \"@context\": \"https:\/\/schema.org\",\n            \"@type\": \"SportsTeam\",\n            \"mainEntityOfPage\": \"https:\/\/tu11.fi\/taekwondo\/taekwondo-defense-tkdd\/\",\n            \"url\": \"https:\/\/tu11.fi\/taekwondo\/taekwondo-defense-tkdd\/\",\n            \"sameAs\": [\n                \"https:\/\/tu11.fi\/taekwondo\/?p=51064\"\n            ],\n            \"name\": \"Taekwondo Defense (TKDD)  &ndash; Taekwondourheilijat 2011 | Taekwondoa...\",\n            \"alternateName\": \"Taekwondo Defense (TKDD)  &ndash; Taekwondourheilijat 2011 | Taekwondoa parhaassa seurassa | Helsinki | Espoo |...\",\n            \"description\": \"TU11 tarjoaa innostavan ymp&auml;rist&ouml;n harjoitella taekwondoa kaikenik&auml;isille ja -tasoisille, aloittelijoista huippu-urheilijoihin. Valmennus on systemaattista ja valmentajat maamme parhaimmistoa. Aloita taekwondo nyt!\",\n            \"image\": [\n                {\n                    \"@id\": \"\/wp-content\/uploads\/2026\/02\/20260208_161012370_iOS-1200x1200-cropped.jpg#sso\/image-object\"\n                },\n                {\n                    \"@id\": \"\/wp-content\/uploads\/2026\/02\/20260208_161012370_iOS-1200x900-cropped.jpg#sso\/image-object\"\n                },\n                {\n                    \"@id\": \"\/wp-content\/uploads\/2026\/02\/20260208_161012370_iOS-1200x675-cropped.jpg#sso\/image-object\"\n                }\n            ]\n        },\n        {\n            \"@id\": \"\/wp-content\/uploads\/2026\/02\/20260208_161012370_iOS-1200x1200-cropped.jpg#sso\/image-object\",\n            \"@context\": \"https:\/\/schema.org\",\n            \"@type\": \"ImageObject\",\n            \"url\": \"https:\/\/tu11.fi\/taekwondo\/wp-content\/uploads\/2026\/02\/20260208_161012370_iOS-1200x1200-cropped.jpg\",\n            \"identifier\": \"51113-wpsso-schema-1x1\",\n            \"name\": \"20260208_161012370_iOS  &ndash; Taekwondourheilijat 2011 | Taekwondoa...\",\n            \"alternateName\": \"20260208_161012370_iOS  &ndash; Taekwondourheilijat 2011 | Taekwondoa parhaassa seurassa | Helsinki | Espoo | Vantaa\",\n            \"description\": \"No Description.\",\n            \"encodingFormat\": \"image\/jpeg\",\n            \"uploadDate\": \"2026-02-09T11:45:51+00:00\",\n            \"width\": [\n                {\n                    \"@id\": \"#sso\/qv-width-px-1200\"\n                }\n            ],\n            \"height\": [\n                {\n                    \"@id\": \"#sso\/qv-height-px-1200\"\n                }\n            ]\n        },\n        {\n            \"@id\": \"#sso\/qv-width-px-1200\",\n            \"@context\": \"https:\/\/schema.org\",\n            \"@type\": \"QuantitativeValue\",\n            \"name\": \"Width\",\n            \"unitText\": \"px\",\n            \"unitCode\": \"E37\",\n            \"value\": \"1200\"\n        },\n        {\n            \"@id\": \"#sso\/qv-height-px-1200\",\n            \"@context\": \"https:\/\/schema.org\",\n            \"@type\": \"QuantitativeValue\",\n            \"name\": \"Height\",\n            \"unitText\": \"px\",\n            \"unitCode\": \"E37\",\n            \"value\": \"1200\"\n        },\n        {\n            \"@id\": \"\/wp-content\/uploads\/2026\/02\/20260208_161012370_iOS-1200x900-cropped.jpg#sso\/image-object\",\n            \"@context\": \"https:\/\/schema.org\",\n            \"@type\": \"ImageObject\",\n            \"url\": \"https:\/\/tu11.fi\/taekwondo\/wp-content\/uploads\/2026\/02\/20260208_161012370_iOS-1200x900-cropped.jpg\",\n            \"identifier\": \"51113-wpsso-schema-4x3\",\n            \"name\": \"20260208_161012370_iOS  &ndash; Taekwondourheilijat 2011 | Taekwondoa...\",\n            \"alternateName\": \"20260208_161012370_iOS  &ndash; Taekwondourheilijat 2011 | Taekwondoa parhaassa seurassa | Helsinki | Espoo | Vantaa\",\n            \"description\": \"No Description.\",\n            \"encodingFormat\": \"image\/jpeg\",\n            \"uploadDate\": \"2026-02-09T11:45:51+00:00\",\n            \"width\": [\n                {\n                    \"@id\": \"#sso\/qv-width-px-1200\"\n                }\n            ],\n            \"height\": [\n                {\n                    \"@id\": \"#sso\/qv-height-px-900\"\n                }\n            ]\n        },\n        {\n            \"@id\": \"#sso\/qv-height-px-900\",\n            \"@context\": \"https:\/\/schema.org\",\n            \"@type\": \"QuantitativeValue\",\n            \"name\": \"Height\",\n            \"unitText\": \"px\",\n            \"unitCode\": \"E37\",\n            \"value\": \"900\"\n        },\n        {\n            \"@id\": \"\/wp-content\/uploads\/2026\/02\/20260208_161012370_iOS-1200x675-cropped.jpg#sso\/image-object\",\n            \"@context\": \"https:\/\/schema.org\",\n            \"@type\": \"ImageObject\",\n            \"url\": \"https:\/\/tu11.fi\/taekwondo\/wp-content\/uploads\/2026\/02\/20260208_161012370_iOS-1200x675-cropped.jpg\",\n            \"identifier\": \"51113-wpsso-schema-16x9\",\n            \"name\": \"20260208_161012370_iOS  &ndash; Taekwondourheilijat 2011 | Taekwondoa...\",\n            \"alternateName\": \"20260208_161012370_iOS  &ndash; Taekwondourheilijat 2011 | Taekwondoa parhaassa seurassa | Helsinki | Espoo | Vantaa\",\n            \"description\": \"No Description.\",\n            \"encodingFormat\": \"image\/jpeg\",\n            \"uploadDate\": \"2026-02-09T11:45:51+00:00\",\n            \"width\": [\n                {\n                    \"@id\": \"#sso\/qv-width-px-1200\"\n                }\n            ],\n            \"height\": [\n                {\n                    \"@id\": \"#sso\/qv-height-px-675\"\n                }\n            ]\n        },\n        {\n            \"@id\": \"#sso\/qv-height-px-675\",\n            \"@context\": \"https:\/\/schema.org\",\n            \"@type\": \"QuantitativeValue\",\n            \"name\": \"Height\",\n            \"unitText\": \"px\",\n            \"unitCode\": \"E37\",\n            \"value\": \"675\"\n        },\n        {\n            \"@id\": \"\/taekwondo-defense-tkdd\/#sso\/breadcrumb-list\/51064\",\n            \"@context\": \"https:\/\/schema.org\",\n            \"@type\": \"BreadcrumbList\",\n            \"url\": \"https:\/\/tu11.fi\/taekwondo\/taekwondo-defense-tkdd\/\",\n            \"itemListElement\": [\n                {\n                    \"@context\": \"https:\/\/schema.org\",\n                    \"@type\": \"ListItem\",\n                    \"position\": 1,\n                    \"name\": \"Home\",\n                    \"item\": \"https:\/\/tu11.fi\/taekwondo\/\"\n                },\n                {\n                    \"@context\": \"https:\/\/schema.org\",\n                    \"@type\": \"ListItem\",\n                    \"position\": 2,\n                    \"name\": \"Taekwondo Defense (TKDD)   Taekwondourheilijat 2011 | Taekwondoa...\",\n                    \"item\": \"https:\/\/tu11.fi\/taekwondo\/taekwondo-defense-tkdd\/\"\n                }\n            ]\n        }\n    ]\n}<\/script>\n","<meta name=\"wpsso-end\" content=\"wpsso structured data end\"\/>\n","<meta name=\"wpsso-cached\" content=\"no cache for tu11.fi\/taekwondo\"\/>\n"],"json":[{"@context":"https:\/\/schema.org","@graph":[{"@id":"#sso\/knowledge-graph\/sports-team\/51064","@context":"https:\/\/schema.org","@type":"SportsTeam","mainEntityOfPage":"https:\/\/tu11.fi\/taekwondo\/taekwondo-defense-tkdd\/","url":"https:\/\/tu11.fi\/taekwondo\/taekwondo-defense-tkdd\/","sameAs":["https:\/\/tu11.fi\/taekwondo\/?p=51064"],"name":"Taekwondo Defense (TKDD)  &ndash; Taekwondourheilijat 2011 | Taekwondoa...","alternateName":"Taekwondo Defense (TKDD)  &ndash; Taekwondourheilijat 2011 | Taekwondoa parhaassa seurassa | Helsinki | Espoo |...","description":"TU11 tarjoaa innostavan ymp&auml;rist&ouml;n harjoitella taekwondoa kaikenik&auml;isille ja -tasoisille, aloittelijoista huippu-urheilijoihin. Valmennus on systemaattista ja valmentajat maamme parhaimmistoa. Aloita taekwondo nyt!","image":[{"@id":"\/wp-content\/uploads\/2026\/02\/20260208_161012370_iOS-1200x1200-cropped.jpg#sso\/image-object"},{"@id":"\/wp-content\/uploads\/2026\/02\/20260208_161012370_iOS-1200x900-cropped.jpg#sso\/image-object"},{"@id":"\/wp-content\/uploads\/2026\/02\/20260208_161012370_iOS-1200x675-cropped.jpg#sso\/image-object"}]},{"@id":"\/wp-content\/uploads\/2026\/02\/20260208_161012370_iOS-1200x1200-cropped.jpg#sso\/image-object","@context":"https:\/\/schema.org","@type":"ImageObject","url":"https:\/\/tu11.fi\/taekwondo\/wp-content\/uploads\/2026\/02\/20260208_161012370_iOS-1200x1200-cropped.jpg","identifier":"51113-wpsso-schema-1x1","name":"20260208_161012370_iOS  &ndash; Taekwondourheilijat 2011 | Taekwondoa...","alternateName":"20260208_161012370_iOS  &ndash; Taekwondourheilijat 2011 | Taekwondoa parhaassa seurassa | Helsinki | Espoo | Vantaa","description":"No Description.","encodingFormat":"image\/jpeg","uploadDate":"2026-02-09T11:45:51+00:00","width":[{"@id":"#sso\/qv-width-px-1200"}],"height":[{"@id":"#sso\/qv-height-px-1200"}]},{"@id":"#sso\/qv-width-px-1200","@context":"https:\/\/schema.org","@type":"QuantitativeValue","name":"Width","unitText":"px","unitCode":"E37","value":"1200"},{"@id":"#sso\/qv-height-px-1200","@context":"https:\/\/schema.org","@type":"QuantitativeValue","name":"Height","unitText":"px","unitCode":"E37","value":"1200"},{"@id":"\/wp-content\/uploads\/2026\/02\/20260208_161012370_iOS-1200x900-cropped.jpg#sso\/image-object","@context":"https:\/\/schema.org","@type":"ImageObject","url":"https:\/\/tu11.fi\/taekwondo\/wp-content\/uploads\/2026\/02\/20260208_161012370_iOS-1200x900-cropped.jpg","identifier":"51113-wpsso-schema-4x3","name":"20260208_161012370_iOS  &ndash; Taekwondourheilijat 2011 | Taekwondoa...","alternateName":"20260208_161012370_iOS  &ndash; Taekwondourheilijat 2011 | Taekwondoa parhaassa seurassa | Helsinki | Espoo | Vantaa","description":"No Description.","encodingFormat":"image\/jpeg","uploadDate":"2026-02-09T11:45:51+00:00","width":[{"@id":"#sso\/qv-width-px-1200"}],"height":[{"@id":"#sso\/qv-height-px-900"}]},{"@id":"#sso\/qv-height-px-900","@context":"https:\/\/schema.org","@type":"QuantitativeValue","name":"Height","unitText":"px","unitCode":"E37","value":"900"},{"@id":"\/wp-content\/uploads\/2026\/02\/20260208_161012370_iOS-1200x675-cropped.jpg#sso\/image-object","@context":"https:\/\/schema.org","@type":"ImageObject","url":"https:\/\/tu11.fi\/taekwondo\/wp-content\/uploads\/2026\/02\/20260208_161012370_iOS-1200x675-cropped.jpg","identifier":"51113-wpsso-schema-16x9","name":"20260208_161012370_iOS  &ndash; Taekwondourheilijat 2011 | Taekwondoa...","alternateName":"20260208_161012370_iOS  &ndash; Taekwondourheilijat 2011 | Taekwondoa parhaassa seurassa | Helsinki | Espoo | Vantaa","description":"No Description.","encodingFormat":"image\/jpeg","uploadDate":"2026-02-09T11:45:51+00:00","width":[{"@id":"#sso\/qv-width-px-1200"}],"height":[{"@id":"#sso\/qv-height-px-675"}]},{"@id":"#sso\/qv-height-px-675","@context":"https:\/\/schema.org","@type":"QuantitativeValue","name":"Height","unitText":"px","unitCode":"E37","value":"675"},{"@id":"\/taekwondo-defense-tkdd\/#sso\/breadcrumb-list\/51064","@context":"https:\/\/schema.org","@type":"BreadcrumbList","url":"https:\/\/tu11.fi\/taekwondo\/taekwondo-defense-tkdd\/","itemListElement":[{"@context":"https:\/\/schema.org","@type":"ListItem","position":1,"name":"Home","item":"https:\/\/tu11.fi\/taekwondo\/"},{"@context":"https:\/\/schema.org","@type":"ListItem","position":2,"name":"Taekwondo Defense (TKDD)   Taekwondourheilijat 2011 | Taekwondoa...","item":"https:\/\/tu11.fi\/taekwondo\/taekwondo-defense-tkdd\/"}]}]}],"parts":[["meta","name","generator","content","WPSSO Core 21.12.0\/L*","generator:1"],["meta","name","generator","content","WPSSO RAR 3.3.0\/S","generator:2"],["meta","name","generator","content","WPSSO REST 3.3.0\/S","generator:3"],["meta","name","generator","content","WPSSO BC 5.5.0\/S","generator:4"],["meta","name","generator","content","WPSSO FAQ 7.1.0\/S","generator:5"],["meta","name","generator","content","WPSSO OPM 5.1.0\/S","generator:6"],["meta","name","generator","content","WPSSO SSM 3.4.0\/S","generator:7"],["meta","name","generator","content","WPSSO TIE 4.1.0\/S","generator:8"],["meta","name","generator","content","WPSSO UM 7.3.0\/S","generator:9"],["meta","name","generator","content","WPSSO UL 4.3.0\/S","generator:10"],["link","rel","shortlink","href","https:\/\/tu11.fi\/taekwondo\/?p=51064",""],["meta","property","fb:app_id","content","966242223397117",""],["meta","property","og:time","content","2026-04-08T11:22:49+00:00",""],["meta","property","og:type","content","website",""],["meta","property","og:url","content","https:\/\/tu11.fi\/taekwondo\/taekwondo-defense-tkdd\/",""],["meta","property","og:locale","content","fi_FI",""],["meta","property","og:site_name","content","Taekwondourheilijat 2011 | Taekwondoa parhaassa seurassa | Helsinki | Espoo | Vantaa",""],["meta","property","og:title","content","Taekwondo Defense (TKDD)  &ndash; Taekwondourheilijat 2011 | Taekwondoa...",""],["meta","property","og:description","content","TU11 tarjoaa innostavan ymp&auml;rist&ouml;n harjoitella taekwondoa kaikenik&auml;isille ja -tasoisille, aloittelijoista huippu-urheilijoihin. Valmennus on systemaattista ja valmentajat maamme parhaimmistoa. Aloita taekwondo nyt!",""],["meta","property","og:updated_time","content","2026-02-09T12:03:47+00:00",""],["meta","property","og:image:secure_url","content","https:\/\/tu11.fi\/taekwondo\/wp-content\/uploads\/2026\/02\/20260208_161012370_iOS-1200x630-cropped.jpg","og:image:1"],["meta","property","og:image:url","content","https:\/\/tu11.fi\/taekwondo\/wp-content\/uploads\/2026\/02\/20260208_161012370_iOS-1200x630-cropped.jpg","og:image:1"],["meta","property","og:image","content","https:\/\/tu11.fi\/taekwondo\/wp-content\/uploads\/2026\/02\/20260208_161012370_iOS-1200x630-cropped.jpg","og:image:1"],["meta","property","og:image:width","content","1200","og:image:1"],["meta","property","og:image:height","content","630","og:image:1"],["meta","property","og:image:cropped","content","true","og:image:1"],["meta","property","og:image:id","content","51113","og:image:1"],["meta","property","og:image:size_name","content","wpsso-opengraph","og:image:1"],["meta","name","schema:language","content","fi",""],["meta","name","schema:type:id","content","sports.team",""],["meta","name","schema:type:url","content","https:\/\/schema.org\/SportsTeam",""],["meta","name","schema:type:context","content","https:\/\/schema.org",""],["meta","name","schema:type:name","content","SportsTeam",""],["meta","name","schema:type:path","content","schema.org\/SportsTeam",""],["meta","property","article:author:name","content","Sampo Pajulampi",""],["meta","property","article:reading_mins","content","1",""],["meta","name","twitter:domain","content","tu11.fi",""],["meta","name","twitter:site","content","@taekwondourh",""],["meta","name","twitter:title","content","Taekwondo Defense (TKDD)  &ndash; Taekwondourheilijat 2011 | Taekwondoa...",""],["meta","name","twitter:description","content","TU11 tarjoaa innostavan ymp&auml;rist&ouml;n harjoitella taekwondoa kaikenik&auml;isille ja -tasoisille, aloittelijoista huippu-urheilijoihin. Valmennus on systemaattista ja valmentajat maamme parhaimmistoa...",""],["meta","name","twitter:card","content","summary_large_image",""],["meta","name","twitter:image","content","https:\/\/tu11.fi\/taekwondo\/wp-content\/uploads\/2026\/02\/20260208_161012370_iOS-1200x630-cropped.jpg?p=51064",""],["meta","name","thumbnail","content","https:\/\/tu11.fi\/taekwondo\/wp-content\/uploads\/2026\/02\/20260208_161012370_iOS-1200x630-cropped.jpg",""]]},"_links":{"self":[{"href":"https:\/\/tu11.fi\/taekwondo\/wp-json\/wp\/v2\/pages\/51064","targetHints":{"allow":["GET"]}}],"collection":[{"href":"https:\/\/tu11.fi\/taekwondo\/wp-json\/wp\/v2\/pages"}],"about":[{"href":"https:\/\/tu11.fi\/taekwondo\/wp-json\/wp\/v2\/types\/page"}],"author":[{"embeddable":true,"href":"https:\/\/tu11.fi\/taekwondo\/wp-json\/wp\/v2\/users\/2"}],"replies":[{"embeddable":true,"href":"https:\/\/tu11.fi\/taekwondo\/wp-json\/wp\/v2\/comments?post=51064"}],"version-history":[{"count":4,"href":"https:\/\/tu11.fi\/taekwondo\/wp-json\/wp\/v2\/pages\/51064\/revisions"}],"predecessor-version":[{"id":51122,"href":"https:\/\/tu11.fi\/taekwondo\/wp-json\/wp\/v2\/pages\/51064\/revisions\/51122"}],"wp:featuredmedia":[{"embeddable":true,"href":"https:\/\/tu11.fi\/taekwondo\/wp-json\/wp\/v2\/media\/51113"}],"wp:attachment":[{"href":"https:\/\/tu11.fi\/taekwondo\/wp-json\/wp\/v2\/media?parent=51064"}],"curies":[{"name":"wp","href":"https:\/\/api.w.org\/{rel}","templated":true}]}}